{"id":1643,"date":"2010-07-22T03:35:23","date_gmt":"2010-07-22T01:35:23","guid":{"rendered":"http:\/\/abc-latina.com\/sentier-lumineux-php\/"},"modified":"2026-04-30T18:25:18","modified_gmt":"2026-04-30T16:25:18","slug":"sentier-lumineux","status":"publish","type":"page","link":"https:\/\/abc-latina.com\/perou\/sentier-lumineux\/","title":{"rendered":"le SENTIER LUMINEUX"},"content":{"rendered":"<div><img loading=\"lazy\" decoding=\"async\" src=\"http:\/\/www.abc-latina.com\/perou\/Images\/sentier-lumineux.jpg\" title=\"LE SENTIER LUMINEUX\" alt=\"\" width=\"220\" vspace=\"9\" hspace=\"15\" height=\"220\" align=\"right\" \/>D&rsquo;inspiration mao\u00efste, le <span class=\"tourisme-chapitre\">sentier lumineux <\/span>est issue d&rsquo;une scission du Parti communiste. Le mouvement se d\u00e9veloppe sur le terreau de la sourde r\u00e9volte am\u00e9rindienne, des oubli\u00e9s de la r\u00e9forme agraire de 1969 et des \u00e9tudiants paysans qui sortent de l&rsquo;universit\u00e9 avec un dipl\u00f4me inutilisable en raison de la s\u00e9gr\u00e9gation raciale et linguistique. Cette &quot; guerre populaire &quot; pr\u00f4ne l&rsquo;encerclement des villes par les campagnes et entend passer par trois \u00e9tapes : une campagne d&rsquo;agitation et de propagande ; une offensive g\u00e9n\u00e9ralis\u00e9e contre l&rsquo;Etat et son pouvoir militaire ; une guerre totale jusqu&rsquo;\u00e0 la chute des villes assi\u00e9g\u00e9es. Dot\u00e9e d&rsquo;une organisation verticale, la gu\u00e9rilla rejette toute forme d&rsquo;unit\u00e9 d&rsquo;action avec les organisations de masse et tout lien avec les forces politiques nationales. Utilisant les m\u00eames m\u00e9thodes, intimidations, chantages, assassinats, que les membres du corps sp\u00e9cial de r\u00e9pression, les Sinchis, lanc\u00e9s contre eux, les gu\u00e9rilleros pratiquent la politique de la terre br\u00fbl\u00e9e. La population civile fait les frais de cette guerre, prise entre la violence terroriste de la gu\u00e9rilla et la violence contre-terroriste de l&rsquo;Etat. En 1992, un coup dur est port\u00e9 \u00e0 la gu\u00e9rilla &#8211; fond\u00e9e sur le culte de la personnalit\u00e9 &#8211; par l&rsquo;arrestation de son chef fondateur Abima\u00ebl Guzman et de plusieurs autres dirigeants. Une branche dissidente fait alors son apparition dans le fief des producteurs de coca &#8211; le Sentier rouge. Le retournement de Guzman appelant, de sa prison, \u00e0 l&rsquo;ouverture de &quot; conversations pour la paix &quot; a divis\u00e9 et affaibli le mouvement. Bien que durement frapp\u00e9, celui-ci n&rsquo;a pas totalement disparu.<\/p>\n<div>&nbsp;<\/div>\n<div><strong>Autre mouvement r\u00e9volutionnaire p\u00e9ruvien<\/strong><\/div>\n<div><a href=\"mrta.php\">Le MRTA<\/a>&nbsp;<\/div>\n<div>&nbsp;<\/div>\n<\/div>\n","protected":false},"excerpt":{"rendered":"<p>D&rsquo;inspiration mao\u00efste, le sentier lumineux est issue d&rsquo;une scission du Parti communiste. Le mouvement se d\u00e9veloppe sur le terreau de [&hellip;]<\/p>\n","protected":false},"author":3,"featured_media":0,"parent":2118,"menu_order":0,"comment_status":"closed","ping_status":"closed","template":"","meta":{"site-sidebar-layout":"default","site-content-layout":"","ast-site-content-layout":"default","site-content-style":"default","site-sidebar-style":"default","ast-global-header-display":"","ast-banner-title-visibility":"","ast-main-header-display":"","ast-hfb-above-header-display":"","ast-hfb-below-header-display":"","ast-hfb-mobile-header-display":"","site-post-title":"","ast-breadcrumbs-content":"","ast-featured-img":"","footer-sml-layout":"","ast-disable-related-posts":"","theme-transparent-header-meta":"","adv-header-id-meta":"","stick-header-meta":"","header-above-stick-meta":"","header-main-stick-meta":"","header-below-stick-meta":"","astra-migrate-meta-layouts":"default","ast-page-background-enabled":"default","ast-page-background-meta":{"desktop":{"background-color":"var(--ast-global-color-5)","background-image":"","background-repeat":"repeat","background-position":"center center","background-size":"auto","background-attachment":"scroll","background-type":"","background-media":"","overlay-type":"","overlay-color":"","overlay-opacity":"","overlay-gradient":""},"tablet":{"background-color":"","background-image":"","background-repeat":"repeat","background-position":"center center","background-size":"auto","background-attachment":"scroll","background-type":"","background-media":"","overlay-type":"","overlay-color":"","overlay-opacity":"","overlay-gradient":""},"mobile":{"background-color":"","background-image":"","background-repeat":"repeat","background-position":"center center","background-size":"auto","background-attachment":"scroll","background-type":"","background-media":"","overlay-type":"","overlay-color":"","overlay-opacity":"","overlay-gradient":""}},"ast-content-background-meta":{"desktop":{"background-color":"var(--ast-global-color-4)","background-image":"","background-repeat":"repeat","background-position":"center center","background-size":"auto","background-attachment":"scroll","background-type":"","background-media":"","overlay-type":"","overlay-color":"","overlay-opacity":"","overlay-gradient":""},"tablet":{"background-color":"var(--ast-global-color-4)","background-image":"","background-repeat":"repeat","background-position":"center center","background-size":"auto","background-attachment":"scroll","background-type":"","background-media":"","overlay-type":"","overlay-color":"","overlay-opacity":"","overlay-gradient":""},"mobile":{"background-color":"var(--ast-global-color-4)","background-image":"","background-repeat":"repeat","background-position":"center center","background-size":"auto","background-attachment":"scroll","background-type":"","background-media":"","overlay-type":"","overlay-color":"","overlay-opacity":"","overlay-gradient":""}},"footnotes":""},"class_list":["post-1643","page","type-page","status-publish","hentry"],"yoast_head":"<!-- This site is optimized with the Yoast SEO plugin v27.5 - https:\/\/yoast.com\/product\/yoast-seo-wordpress\/ -->\n<title>le SENTIER LUMINEUX - Abc-latina<\/title>\n<meta name=\"description\" content=\"Le Mouvement r\u00e9volutionnaire du Sentier lumineux.\" \/>\n<meta name=\"robots\" content=\"index, follow, max-snippet:-1, max-image-preview:large, max-video-preview:-1\" \/>\n<link rel=\"canonical\" href=\"https:\/\/abc-latina.com\/perou\/sentier-lumineux\/\" \/>\n<meta property=\"og:locale\" content=\"fr_FR\" \/>\n<meta property=\"og:type\" content=\"article\" \/>\n<meta property=\"og:title\" content=\"le SENTIER LUMINEUX - Abc-latina\" \/>\n<meta property=\"og:description\" content=\"Le Mouvement r\u00e9volutionnaire du Sentier lumineux.\" \/>\n<meta property=\"og:url\" content=\"https:\/\/abc-latina.com\/perou\/sentier-lumineux\/\" \/>\n<meta property=\"og:site_name\" content=\"Abc-latina\" \/>\n<meta property=\"article:modified_time\" content=\"2026-04-30T16:25:18+00:00\" \/>\n<meta property=\"og:image\" content=\"http:\/\/www.abc-latina.com\/perou\/Images\/sentier-lumineux.jpg\" \/>\n<meta name=\"twitter:card\" content=\"summary_large_image\" \/>\n<meta name=\"twitter:label1\" content=\"Dur\u00e9e de lecture estim\u00e9e\" \/>\n\t<meta name=\"twitter:data1\" content=\"1 minute\" \/>\n<script type=\"application\/ld+json\" class=\"yoast-schema-graph\">{\"@context\":\"https:\\\/\\\/schema.org\",\"@graph\":[{\"@type\":\"WebPage\",\"@id\":\"https:\\\/\\\/abc-latina.com\\\/perou\\\/sentier-lumineux\\\/\",\"url\":\"https:\\\/\\\/abc-latina.com\\\/perou\\\/sentier-lumineux\\\/\",\"name\":\"le SENTIER LUMINEUX - Abc-latina\",\"isPartOf\":{\"@id\":\"https:\\\/\\\/abc-latina.com\\\/#website\"},\"primaryImageOfPage\":{\"@id\":\"https:\\\/\\\/abc-latina.com\\\/perou\\\/sentier-lumineux\\\/#primaryimage\"},\"image\":{\"@id\":\"https:\\\/\\\/abc-latina.com\\\/perou\\\/sentier-lumineux\\\/#primaryimage\"},\"thumbnailUrl\":\"http:\\\/\\\/www.abc-latina.com\\\/perou\\\/Images\\\/sentier-lumineux.jpg\",\"datePublished\":\"2010-07-22T01:35:23+00:00\",\"dateModified\":\"2026-04-30T16:25:18+00:00\",\"description\":\"Le Mouvement r\u00e9volutionnaire du Sentier lumineux.\",\"breadcrumb\":{\"@id\":\"https:\\\/\\\/abc-latina.com\\\/perou\\\/sentier-lumineux\\\/#breadcrumb\"},\"inLanguage\":\"fr-FR\",\"potentialAction\":[{\"@type\":\"ReadAction\",\"target\":[\"https:\\\/\\\/abc-latina.com\\\/perou\\\/sentier-lumineux\\\/\"]}]},{\"@type\":\"ImageObject\",\"inLanguage\":\"fr-FR\",\"@id\":\"https:\\\/\\\/abc-latina.com\\\/perou\\\/sentier-lumineux\\\/#primaryimage\",\"url\":\"http:\\\/\\\/www.abc-latina.com\\\/perou\\\/Images\\\/sentier-lumineux.jpg\",\"contentUrl\":\"http:\\\/\\\/www.abc-latina.com\\\/perou\\\/Images\\\/sentier-lumineux.jpg\"},{\"@type\":\"BreadcrumbList\",\"@id\":\"https:\\\/\\\/abc-latina.com\\\/perou\\\/sentier-lumineux\\\/#breadcrumb\",\"itemListElement\":[{\"@type\":\"ListItem\",\"position\":1,\"name\":\"Accueil\",\"item\":\"https:\\\/\\\/abc-latina.com\\\/\"},{\"@type\":\"ListItem\",\"position\":2,\"name\":\"le SENTIER LUMINEUX\"}]},{\"@type\":\"WebSite\",\"@id\":\"https:\\\/\\\/abc-latina.com\\\/#website\",\"url\":\"https:\\\/\\\/abc-latina.com\\\/\",\"name\":\"Abc-latina\",\"description\":\"\",\"publisher\":{\"@id\":\"https:\\\/\\\/abc-latina.com\\\/#organization\"},\"potentialAction\":[{\"@type\":\"SearchAction\",\"target\":{\"@type\":\"EntryPoint\",\"urlTemplate\":\"https:\\\/\\\/abc-latina.com\\\/?s={search_term_string}\"},\"query-input\":{\"@type\":\"PropertyValueSpecification\",\"valueRequired\":true,\"valueName\":\"search_term_string\"}}],\"inLanguage\":\"fr-FR\"},{\"@type\":\"Organization\",\"@id\":\"https:\\\/\\\/abc-latina.com\\\/#organization\",\"name\":\"Abc-latina\",\"url\":\"https:\\\/\\\/abc-latina.com\\\/\",\"logo\":{\"@type\":\"ImageObject\",\"inLanguage\":\"fr-FR\",\"@id\":\"https:\\\/\\\/abc-latina.com\\\/#\\\/schema\\\/logo\\\/image\\\/\",\"url\":\"https:\\\/\\\/abc-latina.com\\\/wp-content\\\/uploads\\\/2026\\\/05\\\/cropped-logo.gif\",\"contentUrl\":\"https:\\\/\\\/abc-latina.com\\\/wp-content\\\/uploads\\\/2026\\\/05\\\/cropped-logo.gif\",\"width\":89,\"height\":84,\"caption\":\"Abc-latina\"},\"image\":{\"@id\":\"https:\\\/\\\/abc-latina.com\\\/#\\\/schema\\\/logo\\\/image\\\/\"}}]}<\/script>\n<!-- \/ Yoast SEO plugin. -->","yoast_head_json":{"title":"le SENTIER LUMINEUX - Abc-latina","description":"Le Mouvement r\u00e9volutionnaire du Sentier lumineux.","robots":{"index":"index","follow":"follow","max-snippet":"max-snippet:-1","max-image-preview":"max-image-preview:large","max-video-preview":"max-video-preview:-1"},"canonical":"https:\/\/abc-latina.com\/perou\/sentier-lumineux\/","og_locale":"fr_FR","og_type":"article","og_title":"le SENTIER LUMINEUX - Abc-latina","og_description":"Le Mouvement r\u00e9volutionnaire du Sentier lumineux.","og_url":"https:\/\/abc-latina.com\/perou\/sentier-lumineux\/","og_site_name":"Abc-latina","article_modified_time":"2026-04-30T16:25:18+00:00","og_image":[{"url":"http:\/\/www.abc-latina.com\/perou\/Images\/sentier-lumineux.jpg","type":"","width":"","height":""}],"twitter_card":"summary_large_image","twitter_misc":{"Dur\u00e9e de lecture estim\u00e9e":"1 minute"},"schema":{"@context":"https:\/\/schema.org","@graph":[{"@type":"WebPage","@id":"https:\/\/abc-latina.com\/perou\/sentier-lumineux\/","url":"https:\/\/abc-latina.com\/perou\/sentier-lumineux\/","name":"le SENTIER LUMINEUX - Abc-latina","isPartOf":{"@id":"https:\/\/abc-latina.com\/#website"},"primaryImageOfPage":{"@id":"https:\/\/abc-latina.com\/perou\/sentier-lumineux\/#primaryimage"},"image":{"@id":"https:\/\/abc-latina.com\/perou\/sentier-lumineux\/#primaryimage"},"thumbnailUrl":"http:\/\/www.abc-latina.com\/perou\/Images\/sentier-lumineux.jpg","datePublished":"2010-07-22T01:35:23+00:00","dateModified":"2026-04-30T16:25:18+00:00","description":"Le Mouvement r\u00e9volutionnaire du Sentier lumineux.","breadcrumb":{"@id":"https:\/\/abc-latina.com\/perou\/sentier-lumineux\/#breadcrumb"},"inLanguage":"fr-FR","potentialAction":[{"@type":"ReadAction","target":["https:\/\/abc-latina.com\/perou\/sentier-lumineux\/"]}]},{"@type":"ImageObject","inLanguage":"fr-FR","@id":"https:\/\/abc-latina.com\/perou\/sentier-lumineux\/#primaryimage","url":"http:\/\/www.abc-latina.com\/perou\/Images\/sentier-lumineux.jpg","contentUrl":"http:\/\/www.abc-latina.com\/perou\/Images\/sentier-lumineux.jpg"},{"@type":"BreadcrumbList","@id":"https:\/\/abc-latina.com\/perou\/sentier-lumineux\/#breadcrumb","itemListElement":[{"@type":"ListItem","position":1,"name":"Accueil","item":"https:\/\/abc-latina.com\/"},{"@type":"ListItem","position":2,"name":"le SENTIER LUMINEUX"}]},{"@type":"WebSite","@id":"https:\/\/abc-latina.com\/#website","url":"https:\/\/abc-latina.com\/","name":"Abc-latina","description":"","publisher":{"@id":"https:\/\/abc-latina.com\/#organization"},"potentialAction":[{"@type":"SearchAction","target":{"@type":"EntryPoint","urlTemplate":"https:\/\/abc-latina.com\/?s={search_term_string}"},"query-input":{"@type":"PropertyValueSpecification","valueRequired":true,"valueName":"search_term_string"}}],"inLanguage":"fr-FR"},{"@type":"Organization","@id":"https:\/\/abc-latina.com\/#organization","name":"Abc-latina","url":"https:\/\/abc-latina.com\/","logo":{"@type":"ImageObject","inLanguage":"fr-FR","@id":"https:\/\/abc-latina.com\/#\/schema\/logo\/image\/","url":"https:\/\/abc-latina.com\/wp-content\/uploads\/2026\/05\/cropped-logo.gif","contentUrl":"https:\/\/abc-latina.com\/wp-content\/uploads\/2026\/05\/cropped-logo.gif","width":89,"height":84,"caption":"Abc-latina"},"image":{"@id":"https:\/\/abc-latina.com\/#\/schema\/logo\/image\/"}}]}},"_links":{"self":[{"href":"https:\/\/abc-latina.com\/wp-json\/wp\/v2\/pages\/1643","targetHints":{"allow":["GET"]}}],"collection":[{"href":"https:\/\/abc-latina.com\/wp-json\/wp\/v2\/pages"}],"about":[{"href":"https:\/\/abc-latina.com\/wp-json\/wp\/v2\/types\/page"}],"author":[{"embeddable":true,"href":"https:\/\/abc-latina.com\/wp-json\/wp\/v2\/users\/3"}],"replies":[{"embeddable":true,"href":"https:\/\/abc-latina.com\/wp-json\/wp\/v2\/comments?post=1643"}],"version-history":[{"count":1,"href":"https:\/\/abc-latina.com\/wp-json\/wp\/v2\/pages\/1643\/revisions"}],"predecessor-version":[{"id":3750,"href":"https:\/\/abc-latina.com\/wp-json\/wp\/v2\/pages\/1643\/revisions\/3750"}],"up":[{"embeddable":true,"href":"https:\/\/abc-latina.com\/wp-json\/wp\/v2\/pages\/2118"}],"wp:attachment":[{"href":"https:\/\/abc-latina.com\/wp-json\/wp\/v2\/media?parent=1643"}],"curies":[{"name":"wp","href":"https:\/\/api.w.org\/{rel}","templated":true}]}}