{"id":1645,"date":"2010-07-22T03:39:04","date_gmt":"2010-07-22T01:39:04","guid":{"rendered":"http:\/\/abc-latina.com\/tour_operateur-htm-3\/"},"modified":"2026-04-30T18:25:18","modified_gmt":"2026-04-30T16:25:18","slug":"tour_operateur","status":"publish","type":"page","link":"https:\/\/abc-latina.com\/perou\/tour_operateur\/","title":{"rendered":"TOUR OPERATEURS PEROU"},"content":{"rendered":"<p><span style=\"font-family: Arial; \"><span style=\"font-size: smaller; \">&nbsp;<\/span><\/span><\/p>\n<table width=\"498\" cellspacing=\"1\" bgcolor=\"#666666\" align=\"center\">\n<tbody>\n<tr>\n<td valign=\"middle\" height=\"17\" bgcolor=\"#FFFFFF\" align=\"center\">\n<table width=\"496\" cellspacing=\"0\" border=\"0\">\n<tbody>\n<tr>\n<td width=\"149\"><span style=\"font-family: Arial; \"><span style=\"font-size: smaller; \">&nbsp;<\/span><\/span><a href=\"https:\/\/www.papayatours.fr\/perou\/voyages\/\" target=\"_blank\"><span style=\"font-family: Arial; \"><span style=\"font-size: smaller; \"><img loading=\"lazy\" decoding=\"async\" class=\" size-full wp-image-139\" src=\"http:\/\/abc-latina.com\/wp-content\/uploads\/2010\/06\/papaya-tour.jpg\" alt=\"PAPAYA TOURS\" width=\"120\" height=\"30\" \/><\/span><\/span><\/a><\/td>\n<td width=\"337\">\n<p align=\"justify\"><span style=\"font-family: Arial; \"><span style=\"font-size: smaller; \"><font color=\"#666666\"><font color=\"#666666\"><font color=\"#0033CC\"><b><font color=\"#000000\"><font color=\"#666666\"><font color=\"#0033CC\"><b><font color=\"#000000\"><font color=\"#0000FF\"><font color=\"#666666\">PAPAYA TOURS<\/font><\/font><\/font><\/b><\/font><\/font><\/font><\/b><br \/><\/font><\/font><font color=\"#666666\"><font color=\"#666666\"><font color=\"#0033CC\"><font color=\"#000000\">Sp\u00e9cialiste de l&rsquo;Am\u00e9rique Latine, Papaya Tours propose des voyages \u00e9coresponsables sur mesure et en petit groupe au c\u0153ur de la nature et culture du P\u00e9rou. Une exp\u00e9rience authentique qui vous am\u00e8nera du lac Titicaca au Machu Picchu.&nbsp;<\/font><\/font><\/font><\/font><\/font><\/span><\/span><\/p>\n<\/td>\n<\/tr>\n<\/tbody>\n<\/table>\n<\/td>\n<\/tr>\n<\/tbody>\n<\/table>\n<p><span style=\"font-family: Arial; \"><span style=\"font-size: smaller; \">&nbsp;<\/span><\/span><\/p>\n<table width=\"498\" cellspacing=\"1\" bgcolor=\"#666666\" align=\"center\">\n<tbody>\n<tr>\n<td valign=\"middle\" height=\"17\" bgcolor=\"#FFFFFF\" align=\"center\">\n<table width=\"496\" cellspacing=\"0\" border=\"0\">\n<tbody>\n<tr>\n<td width=\"149\"><span style=\"font-family: Arial; \"><span style=\"font-size: smaller; \">&nbsp;<\/span><\/span><a target=\"_blank\" href=\"https:\/\/www.viventura.fr\/circuit\/perou\"><span style=\"font-family: Arial; \"><span style=\"font-size: smaller; \"><img loading=\"lazy\" decoding=\"async\" class=\" size-full wp-image-1644\" src=\"http:\/\/abc-latina.com\/wp-content\/uploads\/2010\/07\/logo-viventura.jpg\" alt=\"\" width=\"120\" height=\"57\" \/><\/span><\/span><\/a><\/td>\n<td width=\"337\">\n<p align=\"justify\"><span style=\"font-family: Arial; \"><span style=\"font-size: smaller; \"><font color=\"#666666\"><font color=\"#666666\"><font color=\"#0033CC\"><b><font color=\"#000000\"><font color=\"#666666\"><font color=\"#0033CC\"><b><font color=\"#000000\"><font color=\"#0000FF\"><font color=\"#666666\">VIVENTURA<\/font><\/font><\/font><\/b><\/font><\/font><\/font><\/b><br \/><\/font><\/font>Viventura, sp\u00e9cialiste de voyages authentiques et responsables en Am\u00e9rique du Sud, vous propose de d\u00e9couvrir le P\u00e9rou en petit groupe. Les circuits allient la d\u00e9couverte d&rsquo;incontournables et d&rsquo;activit\u00e9s hors des sentiers battus, le tout au meilleur prix.<font color=\"#666666\"><font color=\"#666666\"><font color=\"#0033CC\"><font color=\"#000000\">.&nbsp;<\/font><\/font><\/font><\/font><\/font><\/span><\/span><\/p>\n<\/td>\n<\/tr>\n<\/tbody>\n<\/table>\n<\/td>\n<\/tr>\n<\/tbody>\n<\/table>\n<p><span style=\"font-family: Arial; \"><span style=\"font-size: smaller; \"><\/p>\n<table width=\"498\" height=\"100\" cellspacing=\"1\" bgcolor=\"#666666\" align=\"center\">\n<tbody>\n<tr>\n<td valign=\"middle\" height=\"17\" bgcolor=\"#FFFFFF\" align=\"center\">\n<table width=\"496\" cellspacing=\"0\" cellpadding=\"0\">\n<tbody>\n<tr>\n<td width=\"158\"><a target=\"_blank\" href=\"https:\/\/www.altiplano-voyage.com\/amerique-latine\/perou?utm_source=Abc-latina&amp;utm_medium=liens&amp;utm_term=touroperateur-perou\"><img loading=\"lazy\" decoding=\"async\" class=\" size-full wp-image-138\" src=\"http:\/\/abc-latina.com\/wp-content\/uploads\/2010\/06\/logoAltiplano2017.gif\" alt=\"\" width=\"120\" height=\"110\" \/><\/a><\/td>\n<td><span style=\"font-family: Arial;\"><span style=\"color: rgb(128, 128, 128);\"><span style=\"font-size: larger;\"><strong>ALTIPLANO<\/strong><\/span><\/span><\/span><span style=\"font-family: Arial, Helvetica, sans-serif; font-size: x-small;\"><br \/> <\/span><span style=\"font-size: smaller;\"><span style=\"font-family: Arial,Helvetica,sans-serif;\">Altiplano est expert des voyages sur-mesure en Am\u00e9rique du Sud et Centrale. Notre sp\u00e9cialiste organise votre circuit au P\u00e9rou. Amoureuse du P\u00e9rou, elle saura vous faire d\u00e9couvrir avec passion la terre des Incas.<\/span><\/span><\/td>\n<\/tr>\n<\/tbody>\n<\/table>\n<\/td>\n<\/tr>\n<\/tbody>\n<\/table>\n<p><\/span><\/span><\/p>\n<p>&nbsp;<\/p>\n<p style=\"text-align: center;\">&nbsp;<\/p>\n","protected":false},"excerpt":{"rendered":"<p>&nbsp; &nbsp; PAPAYA TOURSSp\u00e9cialiste de l&rsquo;Am\u00e9rique Latine, Papaya Tours propose des voyages \u00e9coresponsables sur mesure et en petit groupe au [&hellip;]<\/p>\n","protected":false},"author":3,"featured_media":139,"parent":2118,"menu_order":0,"comment_status":"closed","ping_status":"closed","template":"","meta":{"site-sidebar-layout":"default","site-content-layout":"","ast-site-content-layout":"default","site-content-style":"default","site-sidebar-style":"default","ast-global-header-display":"","ast-banner-title-visibility":"","ast-main-header-display":"","ast-hfb-above-header-display":"","ast-hfb-below-header-display":"","ast-hfb-mobile-header-display":"","site-post-title":"","ast-breadcrumbs-content":"","ast-featured-img":"","footer-sml-layout":"","ast-disable-related-posts":"","theme-transparent-header-meta":"","adv-header-id-meta":"","stick-header-meta":"","header-above-stick-meta":"","header-main-stick-meta":"","header-below-stick-meta":"","astra-migrate-meta-layouts":"default","ast-page-background-enabled":"default","ast-page-background-meta":{"desktop":{"background-color":"var(--ast-global-color-5)","background-image":"","background-repeat":"repeat","background-position":"center center","background-size":"auto","background-attachment":"scroll","background-type":"","background-media":"","overlay-type":"","overlay-color":"","overlay-opacity":"","overlay-gradient":""},"tablet":{"background-color":"","background-image":"","background-repeat":"repeat","background-position":"center center","background-size":"auto","background-attachment":"scroll","background-type":"","background-media":"","overlay-type":"","overlay-color":"","overlay-opacity":"","overlay-gradient":""},"mobile":{"background-color":"","background-image":"","background-repeat":"repeat","background-position":"center center","background-size":"auto","background-attachment":"scroll","background-type":"","background-media":"","overlay-type":"","overlay-color":"","overlay-opacity":"","overlay-gradient":""}},"ast-content-background-meta":{"desktop":{"background-color":"var(--ast-global-color-4)","background-image":"","background-repeat":"repeat","background-position":"center center","background-size":"auto","background-attachment":"scroll","background-type":"","background-media":"","overlay-type":"","overlay-color":"","overlay-opacity":"","overlay-gradient":""},"tablet":{"background-color":"var(--ast-global-color-4)","background-image":"","background-repeat":"repeat","background-position":"center center","background-size":"auto","background-attachment":"scroll","background-type":"","background-media":"","overlay-type":"","overlay-color":"","overlay-opacity":"","overlay-gradient":""},"mobile":{"background-color":"var(--ast-global-color-4)","background-image":"","background-repeat":"repeat","background-position":"center center","background-size":"auto","background-attachment":"scroll","background-type":"","background-media":"","overlay-type":"","overlay-color":"","overlay-opacity":"","overlay-gradient":""}},"footnotes":""},"class_list":["post-1645","page","type-page","status-publish","has-post-thumbnail","hentry"],"yoast_head":"<!-- This site is optimized with the Yoast SEO plugin v27.5 - https:\/\/yoast.com\/product\/yoast-seo-wordpress\/ -->\n<title>TOUR OPERATEURS PEROU - Abc-latina<\/title>\n<meta name=\"description\" content=\"Les tour op\u00e9rateurs sp\u00e9cialistes du P\u00e9rou.\" \/>\n<meta name=\"robots\" content=\"index, follow, max-snippet:-1, max-image-preview:large, max-video-preview:-1\" \/>\n<link rel=\"canonical\" href=\"https:\/\/abc-latina.com\/perou\/tour_operateur\/\" \/>\n<meta property=\"og:locale\" content=\"fr_FR\" \/>\n<meta property=\"og:type\" content=\"article\" \/>\n<meta property=\"og:title\" content=\"TOUR OPERATEURS PEROU - Abc-latina\" \/>\n<meta property=\"og:description\" content=\"Les tour op\u00e9rateurs sp\u00e9cialistes du P\u00e9rou.\" \/>\n<meta property=\"og:url\" content=\"https:\/\/abc-latina.com\/perou\/tour_operateur\/\" \/>\n<meta property=\"og:site_name\" content=\"Abc-latina\" \/>\n<meta property=\"article:modified_time\" content=\"2026-04-30T16:25:18+00:00\" \/>\n<meta property=\"og:image\" content=\"https:\/\/abc-latina.com\/wp-content\/uploads\/2010\/06\/papaya-tour.jpg\" \/>\n\t<meta property=\"og:image:width\" content=\"120\" \/>\n\t<meta property=\"og:image:height\" content=\"30\" \/>\n\t<meta property=\"og:image:type\" content=\"image\/jpeg\" \/>\n<meta name=\"twitter:card\" content=\"summary_large_image\" \/>\n<meta name=\"twitter:label1\" content=\"Dur\u00e9e de lecture estim\u00e9e\" \/>\n\t<meta name=\"twitter:data1\" content=\"1 minute\" \/>\n<script type=\"application\/ld+json\" class=\"yoast-schema-graph\">{\"@context\":\"https:\\\/\\\/schema.org\",\"@graph\":[{\"@type\":\"WebPage\",\"@id\":\"https:\\\/\\\/abc-latina.com\\\/perou\\\/tour_operateur\\\/\",\"url\":\"https:\\\/\\\/abc-latina.com\\\/perou\\\/tour_operateur\\\/\",\"name\":\"TOUR OPERATEURS PEROU - Abc-latina\",\"isPartOf\":{\"@id\":\"https:\\\/\\\/abc-latina.com\\\/#website\"},\"primaryImageOfPage\":{\"@id\":\"https:\\\/\\\/abc-latina.com\\\/perou\\\/tour_operateur\\\/#primaryimage\"},\"image\":{\"@id\":\"https:\\\/\\\/abc-latina.com\\\/perou\\\/tour_operateur\\\/#primaryimage\"},\"thumbnailUrl\":\"https:\\\/\\\/abc-latina.com\\\/wp-content\\\/uploads\\\/2010\\\/06\\\/papaya-tour.jpg\",\"datePublished\":\"2010-07-22T01:39:04+00:00\",\"dateModified\":\"2026-04-30T16:25:18+00:00\",\"description\":\"Les tour op\u00e9rateurs sp\u00e9cialistes du P\u00e9rou.\",\"breadcrumb\":{\"@id\":\"https:\\\/\\\/abc-latina.com\\\/perou\\\/tour_operateur\\\/#breadcrumb\"},\"inLanguage\":\"fr-FR\",\"potentialAction\":[{\"@type\":\"ReadAction\",\"target\":[\"https:\\\/\\\/abc-latina.com\\\/perou\\\/tour_operateur\\\/\"]}]},{\"@type\":\"ImageObject\",\"inLanguage\":\"fr-FR\",\"@id\":\"https:\\\/\\\/abc-latina.com\\\/perou\\\/tour_operateur\\\/#primaryimage\",\"url\":\"https:\\\/\\\/abc-latina.com\\\/wp-content\\\/uploads\\\/2010\\\/06\\\/papaya-tour.jpg\",\"contentUrl\":\"https:\\\/\\\/abc-latina.com\\\/wp-content\\\/uploads\\\/2010\\\/06\\\/papaya-tour.jpg\",\"width\":120,\"height\":30,\"caption\":\"PAPAYA TOURS\"},{\"@type\":\"BreadcrumbList\",\"@id\":\"https:\\\/\\\/abc-latina.com\\\/perou\\\/tour_operateur\\\/#breadcrumb\",\"itemListElement\":[{\"@type\":\"ListItem\",\"position\":1,\"name\":\"Accueil\",\"item\":\"https:\\\/\\\/abc-latina.com\\\/\"},{\"@type\":\"ListItem\",\"position\":2,\"name\":\"TOUR OPERATEURS PEROU\"}]},{\"@type\":\"WebSite\",\"@id\":\"https:\\\/\\\/abc-latina.com\\\/#website\",\"url\":\"https:\\\/\\\/abc-latina.com\\\/\",\"name\":\"Abc-latina\",\"description\":\"\",\"publisher\":{\"@id\":\"https:\\\/\\\/abc-latina.com\\\/#organization\"},\"potentialAction\":[{\"@type\":\"SearchAction\",\"target\":{\"@type\":\"EntryPoint\",\"urlTemplate\":\"https:\\\/\\\/abc-latina.com\\\/?s={search_term_string}\"},\"query-input\":{\"@type\":\"PropertyValueSpecification\",\"valueRequired\":true,\"valueName\":\"search_term_string\"}}],\"inLanguage\":\"fr-FR\"},{\"@type\":\"Organization\",\"@id\":\"https:\\\/\\\/abc-latina.com\\\/#organization\",\"name\":\"Abc-latina\",\"url\":\"https:\\\/\\\/abc-latina.com\\\/\",\"logo\":{\"@type\":\"ImageObject\",\"inLanguage\":\"fr-FR\",\"@id\":\"https:\\\/\\\/abc-latina.com\\\/#\\\/schema\\\/logo\\\/image\\\/\",\"url\":\"https:\\\/\\\/abc-latina.com\\\/wp-content\\\/uploads\\\/2026\\\/05\\\/cropped-logo.gif\",\"contentUrl\":\"https:\\\/\\\/abc-latina.com\\\/wp-content\\\/uploads\\\/2026\\\/05\\\/cropped-logo.gif\",\"width\":89,\"height\":84,\"caption\":\"Abc-latina\"},\"image\":{\"@id\":\"https:\\\/\\\/abc-latina.com\\\/#\\\/schema\\\/logo\\\/image\\\/\"}}]}<\/script>\n<!-- \/ Yoast SEO plugin. -->","yoast_head_json":{"title":"TOUR OPERATEURS PEROU - Abc-latina","description":"Les tour op\u00e9rateurs sp\u00e9cialistes du P\u00e9rou.","robots":{"index":"index","follow":"follow","max-snippet":"max-snippet:-1","max-image-preview":"max-image-preview:large","max-video-preview":"max-video-preview:-1"},"canonical":"https:\/\/abc-latina.com\/perou\/tour_operateur\/","og_locale":"fr_FR","og_type":"article","og_title":"TOUR OPERATEURS PEROU - Abc-latina","og_description":"Les tour op\u00e9rateurs sp\u00e9cialistes du P\u00e9rou.","og_url":"https:\/\/abc-latina.com\/perou\/tour_operateur\/","og_site_name":"Abc-latina","article_modified_time":"2026-04-30T16:25:18+00:00","og_image":[{"width":120,"height":30,"url":"https:\/\/abc-latina.com\/wp-content\/uploads\/2010\/06\/papaya-tour.jpg","type":"image\/jpeg"}],"twitter_card":"summary_large_image","twitter_misc":{"Dur\u00e9e de lecture estim\u00e9e":"1 minute"},"schema":{"@context":"https:\/\/schema.org","@graph":[{"@type":"WebPage","@id":"https:\/\/abc-latina.com\/perou\/tour_operateur\/","url":"https:\/\/abc-latina.com\/perou\/tour_operateur\/","name":"TOUR OPERATEURS PEROU - Abc-latina","isPartOf":{"@id":"https:\/\/abc-latina.com\/#website"},"primaryImageOfPage":{"@id":"https:\/\/abc-latina.com\/perou\/tour_operateur\/#primaryimage"},"image":{"@id":"https:\/\/abc-latina.com\/perou\/tour_operateur\/#primaryimage"},"thumbnailUrl":"https:\/\/abc-latina.com\/wp-content\/uploads\/2010\/06\/papaya-tour.jpg","datePublished":"2010-07-22T01:39:04+00:00","dateModified":"2026-04-30T16:25:18+00:00","description":"Les tour op\u00e9rateurs sp\u00e9cialistes du P\u00e9rou.","breadcrumb":{"@id":"https:\/\/abc-latina.com\/perou\/tour_operateur\/#breadcrumb"},"inLanguage":"fr-FR","potentialAction":[{"@type":"ReadAction","target":["https:\/\/abc-latina.com\/perou\/tour_operateur\/"]}]},{"@type":"ImageObject","inLanguage":"fr-FR","@id":"https:\/\/abc-latina.com\/perou\/tour_operateur\/#primaryimage","url":"https:\/\/abc-latina.com\/wp-content\/uploads\/2010\/06\/papaya-tour.jpg","contentUrl":"https:\/\/abc-latina.com\/wp-content\/uploads\/2010\/06\/papaya-tour.jpg","width":120,"height":30,"caption":"PAPAYA TOURS"},{"@type":"BreadcrumbList","@id":"https:\/\/abc-latina.com\/perou\/tour_operateur\/#breadcrumb","itemListElement":[{"@type":"ListItem","position":1,"name":"Accueil","item":"https:\/\/abc-latina.com\/"},{"@type":"ListItem","position":2,"name":"TOUR OPERATEURS PEROU"}]},{"@type":"WebSite","@id":"https:\/\/abc-latina.com\/#website","url":"https:\/\/abc-latina.com\/","name":"Abc-latina","description":"","publisher":{"@id":"https:\/\/abc-latina.com\/#organization"},"potentialAction":[{"@type":"SearchAction","target":{"@type":"EntryPoint","urlTemplate":"https:\/\/abc-latina.com\/?s={search_term_string}"},"query-input":{"@type":"PropertyValueSpecification","valueRequired":true,"valueName":"search_term_string"}}],"inLanguage":"fr-FR"},{"@type":"Organization","@id":"https:\/\/abc-latina.com\/#organization","name":"Abc-latina","url":"https:\/\/abc-latina.com\/","logo":{"@type":"ImageObject","inLanguage":"fr-FR","@id":"https:\/\/abc-latina.com\/#\/schema\/logo\/image\/","url":"https:\/\/abc-latina.com\/wp-content\/uploads\/2026\/05\/cropped-logo.gif","contentUrl":"https:\/\/abc-latina.com\/wp-content\/uploads\/2026\/05\/cropped-logo.gif","width":89,"height":84,"caption":"Abc-latina"},"image":{"@id":"https:\/\/abc-latina.com\/#\/schema\/logo\/image\/"}}]}},"_links":{"self":[{"href":"https:\/\/abc-latina.com\/wp-json\/wp\/v2\/pages\/1645","targetHints":{"allow":["GET"]}}],"collection":[{"href":"https:\/\/abc-latina.com\/wp-json\/wp\/v2\/pages"}],"about":[{"href":"https:\/\/abc-latina.com\/wp-json\/wp\/v2\/types\/page"}],"author":[{"embeddable":true,"href":"https:\/\/abc-latina.com\/wp-json\/wp\/v2\/users\/3"}],"replies":[{"embeddable":true,"href":"https:\/\/abc-latina.com\/wp-json\/wp\/v2\/comments?post=1645"}],"version-history":[{"count":1,"href":"https:\/\/abc-latina.com\/wp-json\/wp\/v2\/pages\/1645\/revisions"}],"predecessor-version":[{"id":3753,"href":"https:\/\/abc-latina.com\/wp-json\/wp\/v2\/pages\/1645\/revisions\/3753"}],"up":[{"embeddable":true,"href":"https:\/\/abc-latina.com\/wp-json\/wp\/v2\/pages\/2118"}],"wp:featuredmedia":[{"embeddable":true,"href":"https:\/\/abc-latina.com\/wp-json\/wp\/v2\/media\/139"}],"wp:attachment":[{"href":"https:\/\/abc-latina.com\/wp-json\/wp\/v2\/media?parent=1645"}],"curies":[{"name":"wp","href":"https:\/\/api.w.org\/{rel}","templated":true}]}}