{"id":1649,"date":"2010-07-22T03:49:54","date_gmt":"2010-07-22T01:49:54","guid":{"rendered":"http:\/\/abc-latina.com\/hymne-htm-8\/"},"modified":"2018-06-09T23:48:10","modified_gmt":"2018-06-09T21:48:10","slug":"hymne","status":"publish","type":"page","link":"https:\/\/abc-latina.com\/perou\/hymne\/","title":{"rendered":"HYMNE NATIONAL PERUVIEN"},"content":{"rendered":"<div><a href=\"http:\/\/www.abc-latina.com\/amerique_latine\/photos\/photo_drapeau_perou.php\" target=\"_blank\"><img loading=\"lazy\" decoding=\"async\" class=\" alignright size-full wp-image-1648\" src=\"http:\/\/abc-latina.com\/wp-content\/uploads\/2010\/07\/perou.gif\" style=\"margin: 9px; float: right;\" alt=\"\" width=\"110\" height=\"74\" \/><\/a>CORO&nbsp;<\/div>\n<div>Somos libres,<\/div>\n<div>se\u00e1moslo siempre, se\u00e1moslo siempre,<\/div>\n<div>Y antes niegue sus luces el sol,<\/div>\n<div>Que faltemos al voto solemne<\/div>\n<div>Que la Patria al Eterno elev\u00f3.<\/div>\n<div>Que faltemos al voto solemne<\/div>\n<div>Que la Patria al Eterno elev\u00f3.<\/div>\n<div>&nbsp;<\/div>\n<div>(I)<\/div>\n<div><img loading=\"lazy\" decoding=\"async\" class=\" alignright size-full wp-image-1105\" src=\"http:\/\/abc-latina.com\/wp-content\/uploads\/2010\/06\/america_perou.png\" alt=\"\" align=\"right\" width=\"118\" height=\"122\" \/>Largo tiempo el peruano oprimido<\/div>\n<div>la ominosa cadena arrastr\u00f3,&nbsp;<\/div>\n<div>Condenado a cruel servidumbre<\/div>\n<div>largo tiempo en silencio gimi\u00f3.<\/div>\n<div>Mas apenas el grito sagrado<\/div>\n<div>&iexcl;Libertad en sus costas se oy\u00f3,!<\/div>\n<div>La indolencia de esclavo sacude,<\/div>\n<div>la humillada cerviz levant\u00f3.<\/div>\n<div>&nbsp;<\/div>\n<div>CORO<\/div>\n<div>&nbsp;<\/div>\n<div>(II)<\/div>\n<div>Ya el estruendo de broncas cadenas<\/div>\n<div>que escuchamos tres siglos de horror,<\/div>\n<div>Que los libres al grito sagrado<\/div>\n<div>que oy\u00f3 at\u00f3nito el mundo, ces\u00f3.<\/div>\n<div>Por doquier San Mart\u00edn inflamado,<\/div>\n<div>libertad, libertad, pronunci\u00f3,<\/div>\n<div>Y meciendo su base<\/div>\n<div>los Andes la anunciaron,<\/div>\n<div>tambi\u00e9n, a una voz.<\/div>\n<div>&nbsp;<\/div>\n<div>CORO<\/div>\n<div>&nbsp;<\/div>\n<div>(III)<\/div>\n<div>Con su influjo los pueblos despiertan<\/div>\n<div>y cual rayo corri\u00f3 la opini\u00f3n;<\/div>\n<div>Desde el istmo a las tierras del fuego<\/div>\n<div>desde el fuego a la helada regi\u00f3n.<\/div>\n<div>Todos juran romper el enlace<\/div>\n<div>que natura a ambos mundos neg\u00f3,<\/div>\n<div>Y quebrar ese cetro<\/div>\n<div>que Espa\u00f1a reclinaba orgullosa en los dos.<\/div>\n<div>&nbsp;<\/div>\n<div>CORO<\/div>\n<div>&nbsp;<\/div>\n<div>(IV)<\/div>\n<div>Lima cumple ese voto solemne,<\/div>\n<div>y, severa, su enojo mostr\u00f3,<\/div>\n<div>Al tirano impotente lanzando,<\/div>\n<div>que intentaba alargar su opresi\u00f3n.<\/div>\n<div>A su esfuerzo saltaron los grillos<\/div>\n<div>y los surcos que en si repar\u00f3,<\/div>\n<div>Le atizaron el odio y venganza<\/div>\n<div>que heredera de su Inca y Se\u00f1or.<\/div>\n<div>&nbsp;<\/div>\n<div>CORO<\/div>\n<div>&nbsp;<\/div>\n<div>(V)<\/div>\n<div>&iexcl; Compatriotas, no m\u00e1s verla esclava<\/div>\n<div>si humillada tres siglos gimi\u00f3, !<\/div>\n<div>Para siempre jur\u00e9mosla libre<\/div>\n<div>manteniendo su propio esplendor.<\/div>\n<div>Nuestros brazos, hasta hoy desarmados<\/div>\n<div>est\u00e9n siempre cebando el ca\u00f1\u00f3n,<\/div>\n<div>Que alg\u00fan d\u00eda las playas de Iberia,<\/div>\n<div>sentir\u00e1n de su estruendo el terror.<\/div>\n<div>&nbsp;<\/div>\n<div>CORO<\/div>\n<div>&nbsp;<\/div>\n<div>(VI)<\/div>\n<div>En su cima los Andes sostengan<\/div>\n<div>la bandera o pend\u00f3n bicolor,<\/div>\n<div>Que a los siglos anuncie el esfuerzo<\/div>\n<div>que ser libre, por siempre nos di\u00f3.<\/div>\n<div>A su sombra vivamos tranquilos,<\/div>\n<div>y al nacer por sus cumbres el sol,<\/div>\n<div>Renovemos el gran juramento<\/div>\n<div>que rendimos al Dios de Jacob.<\/div>\n<div>&nbsp;<\/div>\n<div>CORO<\/div>\n<div>&nbsp;<\/div>\n<div>\n<div>Cr\u00e9\u00e9 en 1822 par :<\/div>\n<div>Texte: Jos\u00e9 de la Torre Ugarte<\/div>\n<div>Musique: Jos\u00e9 Bernardo Alcedo&nbsp;<\/div>\n<div>&nbsp;<\/div>\n<div>&nbsp;<\/div>\n<\/div>\n<p><iframe loading=\"lazy\" src=\"\/\/www.youtube.com\/embed\/2wrSO2fPx7Q\" allowfullscreen=\"\" width=\"340\" height=\"191\" frameborder=\"0\"><\/iframe><\/p>\n<p>&nbsp;<\/p>\n","protected":false},"excerpt":{"rendered":"<p>CORO&nbsp; Somos libres, se\u00e1moslo siempre, se\u00e1moslo siempre, Y antes niegue sus luces el sol, Que faltemos al voto solemne Que [&hellip;]<\/p>\n","protected":false},"author":3,"featured_media":1648,"parent":2118,"menu_order":0,"comment_status":"closed","ping_status":"closed","template":"","meta":{"site-sidebar-layout":"default","site-content-layout":"","ast-site-content-layout":"default","site-content-style":"default","site-sidebar-style":"default","ast-global-header-display":"","ast-banner-title-visibility":"","ast-main-header-display":"","ast-hfb-above-header-display":"","ast-hfb-below-header-display":"","ast-hfb-mobile-header-display":"","site-post-title":"","ast-breadcrumbs-content":"","ast-featured-img":"","footer-sml-layout":"","ast-disable-related-posts":"","theme-transparent-header-meta":"","adv-header-id-meta":"","stick-header-meta":"","header-above-stick-meta":"","header-main-stick-meta":"","header-below-stick-meta":"","astra-migrate-meta-layouts":"default","ast-page-background-enabled":"default","ast-page-background-meta":{"desktop":{"background-color":"var(--ast-global-color-5)","background-image":"","background-repeat":"repeat","background-position":"center center","background-size":"auto","background-attachment":"scroll","background-type":"","background-media":"","overlay-type":"","overlay-color":"","overlay-opacity":"","overlay-gradient":""},"tablet":{"background-color":"","background-image":"","background-repeat":"repeat","background-position":"center center","background-size":"auto","background-attachment":"scroll","background-type":"","background-media":"","overlay-type":"","overlay-color":"","overlay-opacity":"","overlay-gradient":""},"mobile":{"background-color":"","background-image":"","background-repeat":"repeat","background-position":"center center","background-size":"auto","background-attachment":"scroll","background-type":"","background-media":"","overlay-type":"","overlay-color":"","overlay-opacity":"","overlay-gradient":""}},"ast-content-background-meta":{"desktop":{"background-color":"var(--ast-global-color-4)","background-image":"","background-repeat":"repeat","background-position":"center center","background-size":"auto","background-attachment":"scroll","background-type":"","background-media":"","overlay-type":"","overlay-color":"","overlay-opacity":"","overlay-gradient":""},"tablet":{"background-color":"var(--ast-global-color-4)","background-image":"","background-repeat":"repeat","background-position":"center center","background-size":"auto","background-attachment":"scroll","background-type":"","background-media":"","overlay-type":"","overlay-color":"","overlay-opacity":"","overlay-gradient":""},"mobile":{"background-color":"var(--ast-global-color-4)","background-image":"","background-repeat":"repeat","background-position":"center center","background-size":"auto","background-attachment":"scroll","background-type":"","background-media":"","overlay-type":"","overlay-color":"","overlay-opacity":"","overlay-gradient":""}},"footnotes":""},"class_list":["post-1649","page","type-page","status-publish","has-post-thumbnail","hentry"],"yoast_head":"<!-- This site is optimized with the Yoast SEO plugin v27.5 - https:\/\/yoast.com\/product\/yoast-seo-wordpress\/ -->\n<title>HYMNE NATIONAL PERUVIEN - Abc-latina<\/title>\n<meta name=\"description\" content=\"Paroles et musique de l hymne national peruvien.\" \/>\n<meta name=\"robots\" content=\"index, follow, max-snippet:-1, max-image-preview:large, max-video-preview:-1\" \/>\n<link rel=\"canonical\" href=\"https:\/\/abc-latina.com\/perou\/hymne\/\" \/>\n<meta property=\"og:locale\" content=\"fr_FR\" \/>\n<meta property=\"og:type\" content=\"article\" \/>\n<meta property=\"og:title\" content=\"HYMNE NATIONAL PERUVIEN - Abc-latina\" \/>\n<meta property=\"og:description\" content=\"Paroles et musique de l hymne national peruvien.\" \/>\n<meta property=\"og:url\" content=\"https:\/\/abc-latina.com\/perou\/hymne\/\" \/>\n<meta property=\"og:site_name\" content=\"Abc-latina\" \/>\n<meta property=\"article:modified_time\" content=\"2018-06-09T21:48:10+00:00\" \/>\n<meta property=\"og:image\" content=\"https:\/\/abc-latina.com\/wp-content\/uploads\/2010\/07\/perou.gif\" \/>\n\t<meta property=\"og:image:width\" content=\"110\" \/>\n\t<meta property=\"og:image:height\" content=\"74\" \/>\n\t<meta property=\"og:image:type\" content=\"image\/gif\" \/>\n<meta name=\"twitter:card\" content=\"summary_large_image\" \/>\n<meta name=\"twitter:label1\" content=\"Dur\u00e9e de lecture estim\u00e9e\" \/>\n\t<meta name=\"twitter:data1\" content=\"2 minutes\" \/>\n<script type=\"application\/ld+json\" class=\"yoast-schema-graph\">{\"@context\":\"https:\\\/\\\/schema.org\",\"@graph\":[{\"@type\":\"WebPage\",\"@id\":\"https:\\\/\\\/abc-latina.com\\\/perou\\\/hymne\\\/\",\"url\":\"https:\\\/\\\/abc-latina.com\\\/perou\\\/hymne\\\/\",\"name\":\"HYMNE NATIONAL PERUVIEN - Abc-latina\",\"isPartOf\":{\"@id\":\"https:\\\/\\\/abc-latina.com\\\/#website\"},\"primaryImageOfPage\":{\"@id\":\"https:\\\/\\\/abc-latina.com\\\/perou\\\/hymne\\\/#primaryimage\"},\"image\":{\"@id\":\"https:\\\/\\\/abc-latina.com\\\/perou\\\/hymne\\\/#primaryimage\"},\"thumbnailUrl\":\"https:\\\/\\\/abc-latina.com\\\/wp-content\\\/uploads\\\/2010\\\/07\\\/perou.gif\",\"datePublished\":\"2010-07-22T01:49:54+00:00\",\"dateModified\":\"2018-06-09T21:48:10+00:00\",\"description\":\"Paroles et musique de l hymne national peruvien.\",\"breadcrumb\":{\"@id\":\"https:\\\/\\\/abc-latina.com\\\/perou\\\/hymne\\\/#breadcrumb\"},\"inLanguage\":\"fr-FR\",\"potentialAction\":[{\"@type\":\"ReadAction\",\"target\":[\"https:\\\/\\\/abc-latina.com\\\/perou\\\/hymne\\\/\"]}]},{\"@type\":\"ImageObject\",\"inLanguage\":\"fr-FR\",\"@id\":\"https:\\\/\\\/abc-latina.com\\\/perou\\\/hymne\\\/#primaryimage\",\"url\":\"https:\\\/\\\/abc-latina.com\\\/wp-content\\\/uploads\\\/2010\\\/07\\\/perou.gif\",\"contentUrl\":\"https:\\\/\\\/abc-latina.com\\\/wp-content\\\/uploads\\\/2010\\\/07\\\/perou.gif\",\"width\":110,\"height\":74},{\"@type\":\"BreadcrumbList\",\"@id\":\"https:\\\/\\\/abc-latina.com\\\/perou\\\/hymne\\\/#breadcrumb\",\"itemListElement\":[{\"@type\":\"ListItem\",\"position\":1,\"name\":\"Accueil\",\"item\":\"https:\\\/\\\/abc-latina.com\\\/\"},{\"@type\":\"ListItem\",\"position\":2,\"name\":\"HYMNE NATIONAL PERUVIEN\"}]},{\"@type\":\"WebSite\",\"@id\":\"https:\\\/\\\/abc-latina.com\\\/#website\",\"url\":\"https:\\\/\\\/abc-latina.com\\\/\",\"name\":\"Abc-latina\",\"description\":\"\",\"publisher\":{\"@id\":\"https:\\\/\\\/abc-latina.com\\\/#organization\"},\"potentialAction\":[{\"@type\":\"SearchAction\",\"target\":{\"@type\":\"EntryPoint\",\"urlTemplate\":\"https:\\\/\\\/abc-latina.com\\\/?s={search_term_string}\"},\"query-input\":{\"@type\":\"PropertyValueSpecification\",\"valueRequired\":true,\"valueName\":\"search_term_string\"}}],\"inLanguage\":\"fr-FR\"},{\"@type\":\"Organization\",\"@id\":\"https:\\\/\\\/abc-latina.com\\\/#organization\",\"name\":\"Abc-latina\",\"url\":\"https:\\\/\\\/abc-latina.com\\\/\",\"logo\":{\"@type\":\"ImageObject\",\"inLanguage\":\"fr-FR\",\"@id\":\"https:\\\/\\\/abc-latina.com\\\/#\\\/schema\\\/logo\\\/image\\\/\",\"url\":\"https:\\\/\\\/abc-latina.com\\\/wp-content\\\/uploads\\\/2026\\\/05\\\/cropped-logo.gif\",\"contentUrl\":\"https:\\\/\\\/abc-latina.com\\\/wp-content\\\/uploads\\\/2026\\\/05\\\/cropped-logo.gif\",\"width\":89,\"height\":84,\"caption\":\"Abc-latina\"},\"image\":{\"@id\":\"https:\\\/\\\/abc-latina.com\\\/#\\\/schema\\\/logo\\\/image\\\/\"}}]}<\/script>\n<!-- \/ Yoast SEO plugin. -->","yoast_head_json":{"title":"HYMNE NATIONAL PERUVIEN - Abc-latina","description":"Paroles et musique de l hymne national peruvien.","robots":{"index":"index","follow":"follow","max-snippet":"max-snippet:-1","max-image-preview":"max-image-preview:large","max-video-preview":"max-video-preview:-1"},"canonical":"https:\/\/abc-latina.com\/perou\/hymne\/","og_locale":"fr_FR","og_type":"article","og_title":"HYMNE NATIONAL PERUVIEN - Abc-latina","og_description":"Paroles et musique de l hymne national peruvien.","og_url":"https:\/\/abc-latina.com\/perou\/hymne\/","og_site_name":"Abc-latina","article_modified_time":"2018-06-09T21:48:10+00:00","og_image":[{"width":110,"height":74,"url":"https:\/\/abc-latina.com\/wp-content\/uploads\/2010\/07\/perou.gif","type":"image\/gif"}],"twitter_card":"summary_large_image","twitter_misc":{"Dur\u00e9e de lecture estim\u00e9e":"2 minutes"},"schema":{"@context":"https:\/\/schema.org","@graph":[{"@type":"WebPage","@id":"https:\/\/abc-latina.com\/perou\/hymne\/","url":"https:\/\/abc-latina.com\/perou\/hymne\/","name":"HYMNE NATIONAL PERUVIEN - Abc-latina","isPartOf":{"@id":"https:\/\/abc-latina.com\/#website"},"primaryImageOfPage":{"@id":"https:\/\/abc-latina.com\/perou\/hymne\/#primaryimage"},"image":{"@id":"https:\/\/abc-latina.com\/perou\/hymne\/#primaryimage"},"thumbnailUrl":"https:\/\/abc-latina.com\/wp-content\/uploads\/2010\/07\/perou.gif","datePublished":"2010-07-22T01:49:54+00:00","dateModified":"2018-06-09T21:48:10+00:00","description":"Paroles et musique de l hymne national peruvien.","breadcrumb":{"@id":"https:\/\/abc-latina.com\/perou\/hymne\/#breadcrumb"},"inLanguage":"fr-FR","potentialAction":[{"@type":"ReadAction","target":["https:\/\/abc-latina.com\/perou\/hymne\/"]}]},{"@type":"ImageObject","inLanguage":"fr-FR","@id":"https:\/\/abc-latina.com\/perou\/hymne\/#primaryimage","url":"https:\/\/abc-latina.com\/wp-content\/uploads\/2010\/07\/perou.gif","contentUrl":"https:\/\/abc-latina.com\/wp-content\/uploads\/2010\/07\/perou.gif","width":110,"height":74},{"@type":"BreadcrumbList","@id":"https:\/\/abc-latina.com\/perou\/hymne\/#breadcrumb","itemListElement":[{"@type":"ListItem","position":1,"name":"Accueil","item":"https:\/\/abc-latina.com\/"},{"@type":"ListItem","position":2,"name":"HYMNE NATIONAL PERUVIEN"}]},{"@type":"WebSite","@id":"https:\/\/abc-latina.com\/#website","url":"https:\/\/abc-latina.com\/","name":"Abc-latina","description":"","publisher":{"@id":"https:\/\/abc-latina.com\/#organization"},"potentialAction":[{"@type":"SearchAction","target":{"@type":"EntryPoint","urlTemplate":"https:\/\/abc-latina.com\/?s={search_term_string}"},"query-input":{"@type":"PropertyValueSpecification","valueRequired":true,"valueName":"search_term_string"}}],"inLanguage":"fr-FR"},{"@type":"Organization","@id":"https:\/\/abc-latina.com\/#organization","name":"Abc-latina","url":"https:\/\/abc-latina.com\/","logo":{"@type":"ImageObject","inLanguage":"fr-FR","@id":"https:\/\/abc-latina.com\/#\/schema\/logo\/image\/","url":"https:\/\/abc-latina.com\/wp-content\/uploads\/2026\/05\/cropped-logo.gif","contentUrl":"https:\/\/abc-latina.com\/wp-content\/uploads\/2026\/05\/cropped-logo.gif","width":89,"height":84,"caption":"Abc-latina"},"image":{"@id":"https:\/\/abc-latina.com\/#\/schema\/logo\/image\/"}}]}},"_links":{"self":[{"href":"https:\/\/abc-latina.com\/wp-json\/wp\/v2\/pages\/1649","targetHints":{"allow":["GET"]}}],"collection":[{"href":"https:\/\/abc-latina.com\/wp-json\/wp\/v2\/pages"}],"about":[{"href":"https:\/\/abc-latina.com\/wp-json\/wp\/v2\/types\/page"}],"author":[{"embeddable":true,"href":"https:\/\/abc-latina.com\/wp-json\/wp\/v2\/users\/3"}],"replies":[{"embeddable":true,"href":"https:\/\/abc-latina.com\/wp-json\/wp\/v2\/comments?post=1649"}],"version-history":[{"count":0,"href":"https:\/\/abc-latina.com\/wp-json\/wp\/v2\/pages\/1649\/revisions"}],"up":[{"embeddable":true,"href":"https:\/\/abc-latina.com\/wp-json\/wp\/v2\/pages\/2118"}],"wp:featuredmedia":[{"embeddable":true,"href":"https:\/\/abc-latina.com\/wp-json\/wp\/v2\/media\/1648"}],"wp:attachment":[{"href":"https:\/\/abc-latina.com\/wp-json\/wp\/v2\/media?parent=1649"}],"curies":[{"name":"wp","href":"https:\/\/api.w.org\/{rel}","templated":true}]}}