{"id":1650,"date":"2010-07-22T03:52:35","date_gmt":"2010-07-22T01:52:35","guid":{"rendered":"http:\/\/abc-latina.com\/apra-php\/"},"modified":"2018-06-10T10:38:20","modified_gmt":"2018-06-10T08:38:20","slug":"apra","status":"publish","type":"page","link":"https:\/\/abc-latina.com\/perou\/apra\/","title":{"rendered":"APRA"},"content":{"rendered":"<div style=\"text-align: center; \"><span style=\"color: rgb(255, 153, 0); \"><strong>ALLIANCE POPULAIRE REVOLUTIONNAIRE AMERICAINE&nbsp;<\/strong><\/span><\/div>\n<div>&nbsp;<\/div>\n<div><span class=\"tourisme-chapitre\">Origines du Mouvement<\/span>&nbsp;<\/div>\n<div>\n<div>En 1924, le leader populaire Victor Raul Haya de la Torre cr\u00e9a l&rsquo;Alliance populaire r\u00e9volutionnaire am\u00e9ricaine (APRA), dont le programme politique, fond\u00e9 sur les nationalisations et la f\u00e9d\u00e9ration des nations andines, se d\u00e9clarait contre les oligarchies nationales et les Etats-Unis. Ce nouveau parti attira rapidement les classes moyennes, principalement constitu\u00e9es de m\u00e9tis et jusqu&rsquo;alors exclues du pouvoir. Par contre, il attira la haine des militaires et celle de l&rsquo;oligarchie.<\/div>\n<\/div>\n<div>&nbsp;<\/div>\n<div><span class=\"tourisme-chapitre\">L&rsquo;APRA dans le jeu politique p\u00e9ruvien<\/span><\/div>\n<div>Haya de la Torre retourne au P\u00e9rou en 1931 pour se pr\u00e9senter \u00e0 l&rsquo;\u00e9lection pr\u00e9sidentielle. Mais il est emprisonn\u00e9 durant 15 mois et l&rsquo;APRA est interdit jusqu&rsquo;en 1934 puis entre 1935 et 1945. En 1945, Jos\u00e9 Luis Bustamante y Rivero devient pr\u00e9sident avec l&rsquo;appui de l&rsquo;APRA. En 1948, des dissidents du parti se r\u00e9voltent \u00e0 Callao et l&rsquo;APRA est de nouveau d\u00e9clar\u00e9 ill\u00e9gal. En novembre, Manuel A. Odr\u00eda s&rsquo;empare du pouvoir et Haya de la Torre doit se r\u00e9fugier \u00e0 l&rsquo;ambassade de Colombie \u00e0 Lima.<\/div>\n<div>Le parti est autoris\u00e9 de nouveau en 1956. En 1962, Haya de la Torre se repr\u00e9sente \u00e0 l&rsquo;\u00e9lection pr\u00e9sidentielle, qu&rsquo;il remporte mais sans la marge n\u00e9cessaire pour \u00eatre \u00e9lu conform\u00e9ment \u00e0 la constitution. Une junte militaire annule alors les \u00e9lections. De nouvelles \u00e9lections ont lieu en 1963, mais Haya de la Torre est battu. Le parti reste un parti d&rsquo;opposition jusqu&rsquo;en 1979. De nouveau autoris\u00e9, il obtient la majorit\u00e9 des si\u00e8ges dans l&rsquo;assembl\u00e9e constitutionnelle. Mais les luttes de succession qui font suite \u00e0 la disparition du fondateur le 2 ao\u00fbt 1979 emp\u00eachent le parti de concourir efficacement \u00e0 l&rsquo;\u00e9lection pr\u00e9sidentielle.<\/div>\n<div>L&rsquo;\u00e9lection pr\u00e9sidentielle de 1985 voit la victoire de son candidat <a href=\"https:\/\/www.abc-latina.com\/personnalites\/alan_garcia_perez\" target=\"_blank\">Alan Garc\u00eda P\u00e9rez<\/a>. Le parti acc\u00e8de donc au pouvoir au P\u00e9rou jusqu&rsquo;en 1990 apr\u00e8s plus de 50 ans de lutte politique.<\/div>\n<div>&nbsp;<\/div>\n<div><span class=\"tourisme-chapitre\">L&rsquo;APRA aujourd&rsquo;hui<\/span><\/div>\n<div>Actuellement (2006), le Partido Aprista Peruano est dirig\u00e9 par le pr\u00e9sident du P\u00e9rou Alan Garc\u00eda P\u00e9rez. Candidat malheureux en 2001 celui-ci s&rsquo;est de nouveau port\u00e9 candidat \u00e0 l&rsquo;\u00e9lection pr\u00e9sidentielle du 9 avril 2006 et a \u00e9t\u00e9 \u00e9lu avec 55% des voix. Le parti est tr\u00e8s pr\u00e9sent dans le Nord du pays notamment dans la r\u00e9gion de R\u00e9gion de La Libertad, fid\u00e8le au souvenir du fondateur n\u00e9 \u00e0 <a href=\"https:\/\/www.abc-latina.com\/perou\/tourisme\/trujillo\" target=\"_blank\">Trujillo<\/a>. Il est membre de l&rsquo;Internationale socialiste et de la COPPPAL , et se positionne aujourd&rsquo;hui dans une tendance politique social-d\u00e9mocrate. L&rsquo;hymne du parti est la Marseillaise avec des paroles en espagnol : la &laquo; Marsellesa Aprista &raquo;.<\/div>\n<div>Les sp\u00e9cialistes s&rsquo;accordent pour la plupart \u00e0 dire que l&rsquo;APRA est le seul parti politique p\u00e9ruvien dans le sens qu&rsquo;il est le plus ancien existant dans le pays, le Partido Comunista P\u00e9ruano ayant succomb\u00e9 \u00e0 la m\u00e9fiance de la population \u00e0 l&rsquo;\u00e9gard de la gauche cr\u00e9\u00e9e par le terrorisme du <a href=\"https:\/\/www.abc-latina.com\/perou\/sentier-lumineux.php\" target=\"_blank\">Sentier Lumineux<\/a>.<\/div>\n<div>Il est donc dou\u00e9 d&rsquo;une meilleure organisation (g\u00e9ographique, id\u00e9ologique&#8230;) que la plupart des autres partis qui se forment sporadiquement. Il faut n\u00e9anmoins remarquer que suite au premier gouvernement Apriste du pr\u00e9sident Alan Garc\u00eda ayant plong\u00e9 le pays dans une crise profonde, les p\u00e9ruviens se sont m\u00e9fi\u00e9s de l&rsquo;APRA jusqu&rsquo;en 2006 o\u00f9 ils ont r\u00e9\u00e9lu Garc\u00eda.<\/div>\n<div>&nbsp;<\/div>\n","protected":false},"excerpt":{"rendered":"<p>ALLIANCE POPULAIRE REVOLUTIONNAIRE AMERICAINE&nbsp; &nbsp; Origines du Mouvement&nbsp; En 1924, le leader populaire Victor Raul Haya de la Torre cr\u00e9a [&hellip;]<\/p>\n","protected":false},"author":3,"featured_media":0,"parent":2118,"menu_order":0,"comment_status":"closed","ping_status":"closed","template":"","meta":{"site-sidebar-layout":"default","site-content-layout":"","ast-site-content-layout":"default","site-content-style":"default","site-sidebar-style":"default","ast-global-header-display":"","ast-banner-title-visibility":"","ast-main-header-display":"","ast-hfb-above-header-display":"","ast-hfb-below-header-display":"","ast-hfb-mobile-header-display":"","site-post-title":"","ast-breadcrumbs-content":"","ast-featured-img":"","footer-sml-layout":"","ast-disable-related-posts":"","theme-transparent-header-meta":"","adv-header-id-meta":"","stick-header-meta":"","header-above-stick-meta":"","header-main-stick-meta":"","header-below-stick-meta":"","astra-migrate-meta-layouts":"default","ast-page-background-enabled":"default","ast-page-background-meta":{"desktop":{"background-color":"var(--ast-global-color-5)","background-image":"","background-repeat":"repeat","background-position":"center center","background-size":"auto","background-attachment":"scroll","background-type":"","background-media":"","overlay-type":"","overlay-color":"","overlay-opacity":"","overlay-gradient":""},"tablet":{"background-color":"","background-image":"","background-repeat":"repeat","background-position":"center center","background-size":"auto","background-attachment":"scroll","background-type":"","background-media":"","overlay-type":"","overlay-color":"","overlay-opacity":"","overlay-gradient":""},"mobile":{"background-color":"","background-image":"","background-repeat":"repeat","background-position":"center center","background-size":"auto","background-attachment":"scroll","background-type":"","background-media":"","overlay-type":"","overlay-color":"","overlay-opacity":"","overlay-gradient":""}},"ast-content-background-meta":{"desktop":{"background-color":"var(--ast-global-color-4)","background-image":"","background-repeat":"repeat","background-position":"center center","background-size":"auto","background-attachment":"scroll","background-type":"","background-media":"","overlay-type":"","overlay-color":"","overlay-opacity":"","overlay-gradient":""},"tablet":{"background-color":"var(--ast-global-color-4)","background-image":"","background-repeat":"repeat","background-position":"center center","background-size":"auto","background-attachment":"scroll","background-type":"","background-media":"","overlay-type":"","overlay-color":"","overlay-opacity":"","overlay-gradient":""},"mobile":{"background-color":"var(--ast-global-color-4)","background-image":"","background-repeat":"repeat","background-position":"center center","background-size":"auto","background-attachment":"scroll","background-type":"","background-media":"","overlay-type":"","overlay-color":"","overlay-opacity":"","overlay-gradient":""}},"footnotes":""},"class_list":["post-1650","page","type-page","status-publish","hentry"],"yoast_head":"<!-- This site is optimized with the Yoast SEO plugin v27.5 - https:\/\/yoast.com\/product\/yoast-seo-wordpress\/ -->\n<title>APRA - Abc-latina<\/title>\n<meta name=\"description\" content=\"P\u00e9rou: APRA - Alliance populaire r\u00e9volutionnaire am\u00e9ricaine.\" \/>\n<meta name=\"robots\" content=\"index, follow, max-snippet:-1, max-image-preview:large, max-video-preview:-1\" \/>\n<link rel=\"canonical\" href=\"https:\/\/abc-latina.com\/perou\/apra\/\" \/>\n<meta property=\"og:locale\" content=\"fr_FR\" \/>\n<meta property=\"og:type\" content=\"article\" \/>\n<meta property=\"og:title\" content=\"APRA - Abc-latina\" \/>\n<meta property=\"og:description\" content=\"P\u00e9rou: APRA - Alliance populaire r\u00e9volutionnaire am\u00e9ricaine.\" \/>\n<meta property=\"og:url\" content=\"https:\/\/abc-latina.com\/perou\/apra\/\" \/>\n<meta property=\"og:site_name\" content=\"Abc-latina\" \/>\n<meta property=\"article:modified_time\" content=\"2018-06-10T08:38:20+00:00\" \/>\n<meta name=\"twitter:card\" content=\"summary_large_image\" \/>\n<meta name=\"twitter:label1\" content=\"Dur\u00e9e de lecture estim\u00e9e\" \/>\n\t<meta name=\"twitter:data1\" content=\"3 minutes\" \/>\n<script type=\"application\/ld+json\" class=\"yoast-schema-graph\">{\"@context\":\"https:\\\/\\\/schema.org\",\"@graph\":[{\"@type\":\"WebPage\",\"@id\":\"https:\\\/\\\/abc-latina.com\\\/perou\\\/apra\\\/\",\"url\":\"https:\\\/\\\/abc-latina.com\\\/perou\\\/apra\\\/\",\"name\":\"APRA - Abc-latina\",\"isPartOf\":{\"@id\":\"https:\\\/\\\/abc-latina.com\\\/#website\"},\"datePublished\":\"2010-07-22T01:52:35+00:00\",\"dateModified\":\"2018-06-10T08:38:20+00:00\",\"description\":\"P\u00e9rou: APRA - Alliance populaire r\u00e9volutionnaire am\u00e9ricaine.\",\"breadcrumb\":{\"@id\":\"https:\\\/\\\/abc-latina.com\\\/perou\\\/apra\\\/#breadcrumb\"},\"inLanguage\":\"fr-FR\",\"potentialAction\":[{\"@type\":\"ReadAction\",\"target\":[\"https:\\\/\\\/abc-latina.com\\\/perou\\\/apra\\\/\"]}]},{\"@type\":\"BreadcrumbList\",\"@id\":\"https:\\\/\\\/abc-latina.com\\\/perou\\\/apra\\\/#breadcrumb\",\"itemListElement\":[{\"@type\":\"ListItem\",\"position\":1,\"name\":\"Accueil\",\"item\":\"https:\\\/\\\/abc-latina.com\\\/\"},{\"@type\":\"ListItem\",\"position\":2,\"name\":\"APRA\"}]},{\"@type\":\"WebSite\",\"@id\":\"https:\\\/\\\/abc-latina.com\\\/#website\",\"url\":\"https:\\\/\\\/abc-latina.com\\\/\",\"name\":\"Abc-latina\",\"description\":\"\",\"publisher\":{\"@id\":\"https:\\\/\\\/abc-latina.com\\\/#organization\"},\"potentialAction\":[{\"@type\":\"SearchAction\",\"target\":{\"@type\":\"EntryPoint\",\"urlTemplate\":\"https:\\\/\\\/abc-latina.com\\\/?s={search_term_string}\"},\"query-input\":{\"@type\":\"PropertyValueSpecification\",\"valueRequired\":true,\"valueName\":\"search_term_string\"}}],\"inLanguage\":\"fr-FR\"},{\"@type\":\"Organization\",\"@id\":\"https:\\\/\\\/abc-latina.com\\\/#organization\",\"name\":\"Abc-latina\",\"url\":\"https:\\\/\\\/abc-latina.com\\\/\",\"logo\":{\"@type\":\"ImageObject\",\"inLanguage\":\"fr-FR\",\"@id\":\"https:\\\/\\\/abc-latina.com\\\/#\\\/schema\\\/logo\\\/image\\\/\",\"url\":\"https:\\\/\\\/abc-latina.com\\\/wp-content\\\/uploads\\\/2026\\\/05\\\/cropped-logo.gif\",\"contentUrl\":\"https:\\\/\\\/abc-latina.com\\\/wp-content\\\/uploads\\\/2026\\\/05\\\/cropped-logo.gif\",\"width\":89,\"height\":84,\"caption\":\"Abc-latina\"},\"image\":{\"@id\":\"https:\\\/\\\/abc-latina.com\\\/#\\\/schema\\\/logo\\\/image\\\/\"}}]}<\/script>\n<!-- \/ Yoast SEO plugin. -->","yoast_head_json":{"title":"APRA - Abc-latina","description":"P\u00e9rou: APRA - Alliance populaire r\u00e9volutionnaire am\u00e9ricaine.","robots":{"index":"index","follow":"follow","max-snippet":"max-snippet:-1","max-image-preview":"max-image-preview:large","max-video-preview":"max-video-preview:-1"},"canonical":"https:\/\/abc-latina.com\/perou\/apra\/","og_locale":"fr_FR","og_type":"article","og_title":"APRA - Abc-latina","og_description":"P\u00e9rou: APRA - Alliance populaire r\u00e9volutionnaire am\u00e9ricaine.","og_url":"https:\/\/abc-latina.com\/perou\/apra\/","og_site_name":"Abc-latina","article_modified_time":"2018-06-10T08:38:20+00:00","twitter_card":"summary_large_image","twitter_misc":{"Dur\u00e9e de lecture estim\u00e9e":"3 minutes"},"schema":{"@context":"https:\/\/schema.org","@graph":[{"@type":"WebPage","@id":"https:\/\/abc-latina.com\/perou\/apra\/","url":"https:\/\/abc-latina.com\/perou\/apra\/","name":"APRA - Abc-latina","isPartOf":{"@id":"https:\/\/abc-latina.com\/#website"},"datePublished":"2010-07-22T01:52:35+00:00","dateModified":"2018-06-10T08:38:20+00:00","description":"P\u00e9rou: APRA - Alliance populaire r\u00e9volutionnaire am\u00e9ricaine.","breadcrumb":{"@id":"https:\/\/abc-latina.com\/perou\/apra\/#breadcrumb"},"inLanguage":"fr-FR","potentialAction":[{"@type":"ReadAction","target":["https:\/\/abc-latina.com\/perou\/apra\/"]}]},{"@type":"BreadcrumbList","@id":"https:\/\/abc-latina.com\/perou\/apra\/#breadcrumb","itemListElement":[{"@type":"ListItem","position":1,"name":"Accueil","item":"https:\/\/abc-latina.com\/"},{"@type":"ListItem","position":2,"name":"APRA"}]},{"@type":"WebSite","@id":"https:\/\/abc-latina.com\/#website","url":"https:\/\/abc-latina.com\/","name":"Abc-latina","description":"","publisher":{"@id":"https:\/\/abc-latina.com\/#organization"},"potentialAction":[{"@type":"SearchAction","target":{"@type":"EntryPoint","urlTemplate":"https:\/\/abc-latina.com\/?s={search_term_string}"},"query-input":{"@type":"PropertyValueSpecification","valueRequired":true,"valueName":"search_term_string"}}],"inLanguage":"fr-FR"},{"@type":"Organization","@id":"https:\/\/abc-latina.com\/#organization","name":"Abc-latina","url":"https:\/\/abc-latina.com\/","logo":{"@type":"ImageObject","inLanguage":"fr-FR","@id":"https:\/\/abc-latina.com\/#\/schema\/logo\/image\/","url":"https:\/\/abc-latina.com\/wp-content\/uploads\/2026\/05\/cropped-logo.gif","contentUrl":"https:\/\/abc-latina.com\/wp-content\/uploads\/2026\/05\/cropped-logo.gif","width":89,"height":84,"caption":"Abc-latina"},"image":{"@id":"https:\/\/abc-latina.com\/#\/schema\/logo\/image\/"}}]}},"_links":{"self":[{"href":"https:\/\/abc-latina.com\/wp-json\/wp\/v2\/pages\/1650","targetHints":{"allow":["GET"]}}],"collection":[{"href":"https:\/\/abc-latina.com\/wp-json\/wp\/v2\/pages"}],"about":[{"href":"https:\/\/abc-latina.com\/wp-json\/wp\/v2\/types\/page"}],"author":[{"embeddable":true,"href":"https:\/\/abc-latina.com\/wp-json\/wp\/v2\/users\/3"}],"replies":[{"embeddable":true,"href":"https:\/\/abc-latina.com\/wp-json\/wp\/v2\/comments?post=1650"}],"version-history":[{"count":0,"href":"https:\/\/abc-latina.com\/wp-json\/wp\/v2\/pages\/1650\/revisions"}],"up":[{"embeddable":true,"href":"https:\/\/abc-latina.com\/wp-json\/wp\/v2\/pages\/2118"}],"wp:attachment":[{"href":"https:\/\/abc-latina.com\/wp-json\/wp\/v2\/media?parent=1650"}],"curies":[{"name":"wp","href":"https:\/\/api.w.org\/{rel}","templated":true}]}}