{"id":1657,"date":"2010-07-24T22:14:02","date_gmt":"2010-07-24T20:14:02","guid":{"rendered":"http:\/\/abc-latina.com\/president_peruvien-htm\/"},"modified":"2018-06-10T10:42:32","modified_gmt":"2018-06-10T08:42:32","slug":"president_peruvien","status":"publish","type":"page","link":"https:\/\/abc-latina.com\/perou\/president_peruvien\/","title":{"rendered":"Les PRESIDENTS PERUVIENS"},"content":{"rendered":"<div>1821-1822 San Mart\u00edn<\/div>\n<div>1822-1823<\/div>\n<div>1822-1823 Salazar y Baquijano&nbsp;<\/div>\n<div>1823-1823 De la Riva Ag\u00fcero&nbsp;<\/div>\n<div>1823-1824 Bernardo de Tagle&nbsp;<\/div>\n<div>1824-1826 Bol\u00edvar&nbsp;<\/div>\n<div>1826-1827&nbsp;<\/div>\n<div>1827-1829 De La Mar<\/div>\n<div>1829-1833&nbsp;<\/div>\n<div>1833-1835 De Orbegoso&nbsp;<\/div>\n<div>1834-1834 Berm\u00fadez&nbsp;<\/div>\n<div>1835-1836 Salaverry&nbsp;<\/div>\n<div>1837-1837 De Santa Cruz<\/div>\n<div>1838-1841 Gamarra<\/div>\n<div>1842-1842 Torrico&nbsp;<\/div>\n<div>1842-1843 Vidal<\/div>\n<div>1843-1843 Elias<\/div>\n<div>1843-1844 Nieto<\/div>\n<div>1844-1844 Figuerola<\/div>\n<div>1844-1844 De Vivanco<\/div>\n<div>1845-1851&nbsp;<\/div>\n<div>1851-1855 Rufino Echenique&nbsp;<\/div>\n<div>1855-1862 Castilla&nbsp;<\/div>\n<div>1862-1863 De San Rom\u00e1n<\/div>\n<div>1863-1865 Pezet<\/div>\n<div>1865-1868&nbsp;<\/div>\n<div>1868-1868 Diez Canseco<\/div>\n<div>1868-1872 Balta<\/div>\n<div>1872-1872 Herencia Zevallos<\/div>\n<div>1872-1876 Pardo&nbsp;<\/div>\n<div>1876-1879 Prado&nbsp;<\/div>\n<div>1879-1879 La Puerta<\/div>\n<div>1879-1881&nbsp;<\/div>\n<div>1881-1881 Garc\u00eda Calder\u00f3n<\/div>\n<div>1881-1883 Montero<\/div>\n<div>1883-1886 Iglesias<\/div>\n<div>1886-1886 Arenas<\/div>\n<div>1886-1890&nbsp;<\/div>\n<div>1890-1894 Morales Berm\u00fadez<\/div>\n<div>1894-1894 Borgo\u00f1o&nbsp;<\/div>\n<div>1894-1895 C\u00e1ceres&nbsp;<\/div>\n<div>1895-1899 De Pi\u00e9rola<\/div>\n<div>1899-1903 L\u00f3pez de Roma\u00f1a<\/div>\n<div>1903-1904 Candamo<\/div>\n<div>1904-1904 Calder\u00f3n<\/div>\n<div>1904-1908&nbsp;<\/div>\n<div>1908-1912&nbsp;<\/div>\n<div>1912-1914 Billinghurst<\/div>\n<div>1914-1915&nbsp;<\/div>\n<div>1915-1919 Pardo y Barreda<\/div>\n<div>1919-1930 Legu\u00eda&nbsp;<\/div>\n<div>1930-1933 S\u00e1nchez Cerro<\/div>\n<div>1931-1931 Samanez Ocampo&nbsp;<\/div>\n<div>1933-1939 Benavides&nbsp;<\/div>\n<div>1935-1945&nbsp;<\/div>\n<div>1945-1948 Bustamante y Rivero<\/div>\n<div>1948-1956 Odria&nbsp;<\/div>\n<div>1956-1962 Prado Ugarteche&nbsp;<\/div>\n<div>1962-1963 P\u00e9rez Godoy<\/div>\n<div>1962-1963 Lindley<\/div>\n<div>1963-1968&nbsp;<\/div>\n<div>1968-1975 Velasco Alvarado<\/div>\n<div>1975-1980 Morales Berm\u00fadez&nbsp;<\/div>\n<div>1980-1985 Belaunde<\/div>\n<div>1985-1990 <a href=\"https:\/\/www.abc-latina.com\/personnalites\/alan_garcia_perez\" target=\"_blank\">Alan Garc\u00eda<\/a><\/div>\n<div>1990-2000 <a href=\"https:\/\/www.abc-latina.com\/personnalites\/alberto_fujimori\" target=\"_blank\">Alberto Fujimori<\/a><\/div>\n<div>2000-2001 <a href=\"https:\/\/www.abc-latina.com\/personnalites\/valentin_paniagua\" target=\"_blank\">Valentin Paniagua<\/a><\/div>\n<div>2001-2006 <a href=\"https:\/\/www.abc-latina.com\/personnalites\/alejandro_toledo_manrique\" target=\"_blank\">Alejandro Toledo<\/a><\/div>\n<div>2006-2011 Alan Garcia<\/div>\n<div>2011-2016 Ollanta Humala<\/div>\n<div>2016-2018 Pedro Pablo Kuczynski<\/div>\n<div>Depuis 2018 Mart\u00edn Vizcarra<\/div>\n","protected":false},"excerpt":{"rendered":"<p>1821-1822 San Mart\u00edn 1822-1823 1822-1823 Salazar y Baquijano&nbsp; 1823-1823 De la Riva Ag\u00fcero&nbsp; 1823-1824 Bernardo de Tagle&nbsp; 1824-1826 Bol\u00edvar&nbsp; 1826-1827&nbsp; [&hellip;]<\/p>\n","protected":false},"author":3,"featured_media":0,"parent":2118,"menu_order":0,"comment_status":"closed","ping_status":"closed","template":"","meta":{"site-sidebar-layout":"default","site-content-layout":"","ast-site-content-layout":"default","site-content-style":"default","site-sidebar-style":"default","ast-global-header-display":"","ast-banner-title-visibility":"","ast-main-header-display":"","ast-hfb-above-header-display":"","ast-hfb-below-header-display":"","ast-hfb-mobile-header-display":"","site-post-title":"","ast-breadcrumbs-content":"","ast-featured-img":"","footer-sml-layout":"","ast-disable-related-posts":"","theme-transparent-header-meta":"","adv-header-id-meta":"","stick-header-meta":"","header-above-stick-meta":"","header-main-stick-meta":"","header-below-stick-meta":"","astra-migrate-meta-layouts":"default","ast-page-background-enabled":"default","ast-page-background-meta":{"desktop":{"background-color":"var(--ast-global-color-5)","background-image":"","background-repeat":"repeat","background-position":"center center","background-size":"auto","background-attachment":"scroll","background-type":"","background-media":"","overlay-type":"","overlay-color":"","overlay-opacity":"","overlay-gradient":""},"tablet":{"background-color":"","background-image":"","background-repeat":"repeat","background-position":"center center","background-size":"auto","background-attachment":"scroll","background-type":"","background-media":"","overlay-type":"","overlay-color":"","overlay-opacity":"","overlay-gradient":""},"mobile":{"background-color":"","background-image":"","background-repeat":"repeat","background-position":"center center","background-size":"auto","background-attachment":"scroll","background-type":"","background-media":"","overlay-type":"","overlay-color":"","overlay-opacity":"","overlay-gradient":""}},"ast-content-background-meta":{"desktop":{"background-color":"var(--ast-global-color-4)","background-image":"","background-repeat":"repeat","background-position":"center center","background-size":"auto","background-attachment":"scroll","background-type":"","background-media":"","overlay-type":"","overlay-color":"","overlay-opacity":"","overlay-gradient":""},"tablet":{"background-color":"var(--ast-global-color-4)","background-image":"","background-repeat":"repeat","background-position":"center center","background-size":"auto","background-attachment":"scroll","background-type":"","background-media":"","overlay-type":"","overlay-color":"","overlay-opacity":"","overlay-gradient":""},"mobile":{"background-color":"var(--ast-global-color-4)","background-image":"","background-repeat":"repeat","background-position":"center center","background-size":"auto","background-attachment":"scroll","background-type":"","background-media":"","overlay-type":"","overlay-color":"","overlay-opacity":"","overlay-gradient":""}},"footnotes":""},"class_list":["post-1657","page","type-page","status-publish","hentry"],"yoast_head":"<!-- This site is optimized with the Yoast SEO plugin v27.5 - https:\/\/yoast.com\/product\/yoast-seo-wordpress\/ -->\n<title>Les PRESIDENTS PERUVIENS - Abc-latina<\/title>\n<meta name=\"description\" content=\"Les pr\u00e9sidents p\u00e9ruviens.\" \/>\n<meta name=\"robots\" content=\"index, follow, max-snippet:-1, max-image-preview:large, max-video-preview:-1\" \/>\n<link rel=\"canonical\" href=\"https:\/\/abc-latina.com\/perou\/president_peruvien\/\" \/>\n<meta property=\"og:locale\" content=\"fr_FR\" \/>\n<meta property=\"og:type\" content=\"article\" \/>\n<meta property=\"og:title\" content=\"Les PRESIDENTS PERUVIENS - Abc-latina\" \/>\n<meta property=\"og:description\" content=\"Les pr\u00e9sidents p\u00e9ruviens.\" \/>\n<meta property=\"og:url\" content=\"https:\/\/abc-latina.com\/perou\/president_peruvien\/\" \/>\n<meta property=\"og:site_name\" content=\"Abc-latina\" \/>\n<meta property=\"article:modified_time\" content=\"2018-06-10T08:42:32+00:00\" \/>\n<meta name=\"twitter:card\" content=\"summary_large_image\" \/>\n<meta name=\"twitter:label1\" content=\"Dur\u00e9e de lecture estim\u00e9e\" \/>\n\t<meta name=\"twitter:data1\" content=\"1 minute\" \/>\n<script type=\"application\/ld+json\" class=\"yoast-schema-graph\">{\"@context\":\"https:\\\/\\\/schema.org\",\"@graph\":[{\"@type\":\"WebPage\",\"@id\":\"https:\\\/\\\/abc-latina.com\\\/perou\\\/president_peruvien\\\/\",\"url\":\"https:\\\/\\\/abc-latina.com\\\/perou\\\/president_peruvien\\\/\",\"name\":\"Les PRESIDENTS PERUVIENS - Abc-latina\",\"isPartOf\":{\"@id\":\"https:\\\/\\\/abc-latina.com\\\/#website\"},\"datePublished\":\"2010-07-24T20:14:02+00:00\",\"dateModified\":\"2018-06-10T08:42:32+00:00\",\"description\":\"Les pr\u00e9sidents p\u00e9ruviens.\",\"breadcrumb\":{\"@id\":\"https:\\\/\\\/abc-latina.com\\\/perou\\\/president_peruvien\\\/#breadcrumb\"},\"inLanguage\":\"fr-FR\",\"potentialAction\":[{\"@type\":\"ReadAction\",\"target\":[\"https:\\\/\\\/abc-latina.com\\\/perou\\\/president_peruvien\\\/\"]}]},{\"@type\":\"BreadcrumbList\",\"@id\":\"https:\\\/\\\/abc-latina.com\\\/perou\\\/president_peruvien\\\/#breadcrumb\",\"itemListElement\":[{\"@type\":\"ListItem\",\"position\":1,\"name\":\"Accueil\",\"item\":\"https:\\\/\\\/abc-latina.com\\\/\"},{\"@type\":\"ListItem\",\"position\":2,\"name\":\"Les PRESIDENTS PERUVIENS\"}]},{\"@type\":\"WebSite\",\"@id\":\"https:\\\/\\\/abc-latina.com\\\/#website\",\"url\":\"https:\\\/\\\/abc-latina.com\\\/\",\"name\":\"Abc-latina\",\"description\":\"\",\"publisher\":{\"@id\":\"https:\\\/\\\/abc-latina.com\\\/#organization\"},\"potentialAction\":[{\"@type\":\"SearchAction\",\"target\":{\"@type\":\"EntryPoint\",\"urlTemplate\":\"https:\\\/\\\/abc-latina.com\\\/?s={search_term_string}\"},\"query-input\":{\"@type\":\"PropertyValueSpecification\",\"valueRequired\":true,\"valueName\":\"search_term_string\"}}],\"inLanguage\":\"fr-FR\"},{\"@type\":\"Organization\",\"@id\":\"https:\\\/\\\/abc-latina.com\\\/#organization\",\"name\":\"Abc-latina\",\"url\":\"https:\\\/\\\/abc-latina.com\\\/\",\"logo\":{\"@type\":\"ImageObject\",\"inLanguage\":\"fr-FR\",\"@id\":\"https:\\\/\\\/abc-latina.com\\\/#\\\/schema\\\/logo\\\/image\\\/\",\"url\":\"https:\\\/\\\/abc-latina.com\\\/wp-content\\\/uploads\\\/2026\\\/05\\\/cropped-logo.gif\",\"contentUrl\":\"https:\\\/\\\/abc-latina.com\\\/wp-content\\\/uploads\\\/2026\\\/05\\\/cropped-logo.gif\",\"width\":89,\"height\":84,\"caption\":\"Abc-latina\"},\"image\":{\"@id\":\"https:\\\/\\\/abc-latina.com\\\/#\\\/schema\\\/logo\\\/image\\\/\"}}]}<\/script>\n<!-- \/ Yoast SEO plugin. -->","yoast_head_json":{"title":"Les PRESIDENTS PERUVIENS - Abc-latina","description":"Les pr\u00e9sidents p\u00e9ruviens.","robots":{"index":"index","follow":"follow","max-snippet":"max-snippet:-1","max-image-preview":"max-image-preview:large","max-video-preview":"max-video-preview:-1"},"canonical":"https:\/\/abc-latina.com\/perou\/president_peruvien\/","og_locale":"fr_FR","og_type":"article","og_title":"Les PRESIDENTS PERUVIENS - Abc-latina","og_description":"Les pr\u00e9sidents p\u00e9ruviens.","og_url":"https:\/\/abc-latina.com\/perou\/president_peruvien\/","og_site_name":"Abc-latina","article_modified_time":"2018-06-10T08:42:32+00:00","twitter_card":"summary_large_image","twitter_misc":{"Dur\u00e9e de lecture estim\u00e9e":"1 minute"},"schema":{"@context":"https:\/\/schema.org","@graph":[{"@type":"WebPage","@id":"https:\/\/abc-latina.com\/perou\/president_peruvien\/","url":"https:\/\/abc-latina.com\/perou\/president_peruvien\/","name":"Les PRESIDENTS PERUVIENS - Abc-latina","isPartOf":{"@id":"https:\/\/abc-latina.com\/#website"},"datePublished":"2010-07-24T20:14:02+00:00","dateModified":"2018-06-10T08:42:32+00:00","description":"Les pr\u00e9sidents p\u00e9ruviens.","breadcrumb":{"@id":"https:\/\/abc-latina.com\/perou\/president_peruvien\/#breadcrumb"},"inLanguage":"fr-FR","potentialAction":[{"@type":"ReadAction","target":["https:\/\/abc-latina.com\/perou\/president_peruvien\/"]}]},{"@type":"BreadcrumbList","@id":"https:\/\/abc-latina.com\/perou\/president_peruvien\/#breadcrumb","itemListElement":[{"@type":"ListItem","position":1,"name":"Accueil","item":"https:\/\/abc-latina.com\/"},{"@type":"ListItem","position":2,"name":"Les PRESIDENTS PERUVIENS"}]},{"@type":"WebSite","@id":"https:\/\/abc-latina.com\/#website","url":"https:\/\/abc-latina.com\/","name":"Abc-latina","description":"","publisher":{"@id":"https:\/\/abc-latina.com\/#organization"},"potentialAction":[{"@type":"SearchAction","target":{"@type":"EntryPoint","urlTemplate":"https:\/\/abc-latina.com\/?s={search_term_string}"},"query-input":{"@type":"PropertyValueSpecification","valueRequired":true,"valueName":"search_term_string"}}],"inLanguage":"fr-FR"},{"@type":"Organization","@id":"https:\/\/abc-latina.com\/#organization","name":"Abc-latina","url":"https:\/\/abc-latina.com\/","logo":{"@type":"ImageObject","inLanguage":"fr-FR","@id":"https:\/\/abc-latina.com\/#\/schema\/logo\/image\/","url":"https:\/\/abc-latina.com\/wp-content\/uploads\/2026\/05\/cropped-logo.gif","contentUrl":"https:\/\/abc-latina.com\/wp-content\/uploads\/2026\/05\/cropped-logo.gif","width":89,"height":84,"caption":"Abc-latina"},"image":{"@id":"https:\/\/abc-latina.com\/#\/schema\/logo\/image\/"}}]}},"_links":{"self":[{"href":"https:\/\/abc-latina.com\/wp-json\/wp\/v2\/pages\/1657","targetHints":{"allow":["GET"]}}],"collection":[{"href":"https:\/\/abc-latina.com\/wp-json\/wp\/v2\/pages"}],"about":[{"href":"https:\/\/abc-latina.com\/wp-json\/wp\/v2\/types\/page"}],"author":[{"embeddable":true,"href":"https:\/\/abc-latina.com\/wp-json\/wp\/v2\/users\/3"}],"replies":[{"embeddable":true,"href":"https:\/\/abc-latina.com\/wp-json\/wp\/v2\/comments?post=1657"}],"version-history":[{"count":0,"href":"https:\/\/abc-latina.com\/wp-json\/wp\/v2\/pages\/1657\/revisions"}],"up":[{"embeddable":true,"href":"https:\/\/abc-latina.com\/wp-json\/wp\/v2\/pages\/2118"}],"wp:attachment":[{"href":"https:\/\/abc-latina.com\/wp-json\/wp\/v2\/media?parent=1657"}],"curies":[{"name":"wp","href":"https:\/\/api.w.org\/{rel}","templated":true}]}}