{"id":166,"date":"2010-06-02T17:21:10","date_gmt":"2010-06-02T15:21:10","guid":{"rendered":"http:\/\/abc-latina.com\/sports-hiver-php\/"},"modified":"2026-04-30T18:24:46","modified_gmt":"2026-04-30T16:24:46","slug":"sports-hiver","status":"publish","type":"page","link":"https:\/\/abc-latina.com\/index\/sports-hiver\/","title":{"rendered":"SPORTS D&rsquo;HIVER en ARGENTINE"},"content":{"rendered":"<p>La pratique des <span class=\"tourisme-chapitre\">sports d&rsquo;hiver<\/span> a connu un fort d\u00e9veloppement ces derni\u00e8res ann\u00e9es en Argentine. De nouvelles pistes ont \u00e9t\u00e9 ouvertes, et les anciennes ont \u00e9t\u00e9 am\u00e9lior\u00e9es. La haute saison s&rsquo;\u00e9tend de juin \u00e0 septembre. Alors que l&rsquo;\u00e9t\u00e9 bat son plein dans l&rsquo;h\u00e9misph\u00e8re Nord, il suffit de se rendre en Argentine pour sillonner les pistes blanches.<\/p>\n<p><span class=\"tourisme-unesco\">Le ski de fond<\/span>, les randonn\u00e9es en raquettes et les raids avec chiens de tra\u00eeneau trouvent un terrain privil\u00e9gi\u00e9 en Terre de feu.<\/p>\n<p><span class=\"tourisme-unesco\">Le ski alpin<\/span>, le snow-board, etc., se pratiquent de pr\u00e9f\u00e9rence dans la r\u00e9gion andine de Mendoza (Vallecotos, Los Penitentes et la vall\u00e9e de Las Lenas), de Bariloche (cerros Catedral), \u00e0 La Hoya, dans la province de Chubut, et aux cerros Bayo et Caviahue, dans la province de Neuqu\u00e9n. Les petites stations sont meilleur march\u00e9es, mais elles n&rsquo;offrent en g\u00e9n\u00e9ral pas autant de possibilit\u00e9s que les plus prestigieuses.<\/p>\n<p><a href=\"https:\/\/www.abc-latina.com\/argentine\/tourisme\">Tourisme en Argentine<\/a><\/p>\n<p><a href=\"..\/tour_operateur\" target=\"_blank\" style=\"text-decoration: none;\"><img loading=\"lazy\" decoding=\"async\" class=\" size-full wp-image-41\" alt=\"\" class=\"touroperateur\" src=\"http:\/\/abc-latina.com\/wp-content\/uploads\/2010\/04\/timbre_to.gif\" width=\"125\" height=\"90\" \/><\/a><\/p>\n<h3>Pr\u00e9parez votre voyage en Argentine :<\/h3>\n<div><a href=\"https:\/\/www.abc-latina.com\/argentine\/agence_de_voyages\">Agences de voyage g\u00e9n\u00e9ralistes et discounteurs<\/a><\/div>\n<div><a href=\"https:\/\/www.abc-latina.com\/argentine\/tour_operateur\">Tours Op\u00e9rateurs sp\u00e9cialistes de l&rsquo;Argentine<\/a><\/div>\n<div><a href=\"https:\/\/www.abc-latina.com\/to\/reservation_billet_avion\" target=\"_blank\">R\u00e9servez votre billet d&rsquo;avion<\/a><\/div>\n<div><a href=\"https:\/\/www.abc-latina.com\/argentine\/hotels\">R\u00e9servez votre h\u00f4tel<\/a>&nbsp;<\/div>\n<div><a href=\"https:\/\/www.abc-latina.com\/to\/location_de_voiture_argentine\" target=\"_blank\">Location de voiture<\/a><\/div>\n<p>&nbsp;<\/p>\n","protected":false},"excerpt":{"rendered":"<p>La pratique des sports d&rsquo;hiver a connu un fort d\u00e9veloppement ces derni\u00e8res ann\u00e9es en Argentine. De nouvelles pistes ont \u00e9t\u00e9 [&hellip;]<\/p>\n","protected":false},"author":3,"featured_media":41,"parent":2426,"menu_order":0,"comment_status":"closed","ping_status":"closed","template":"","meta":{"site-sidebar-layout":"default","site-content-layout":"","ast-site-content-layout":"default","site-content-style":"default","site-sidebar-style":"default","ast-global-header-display":"","ast-banner-title-visibility":"","ast-main-header-display":"","ast-hfb-above-header-display":"","ast-hfb-below-header-display":"","ast-hfb-mobile-header-display":"","site-post-title":"","ast-breadcrumbs-content":"","ast-featured-img":"","footer-sml-layout":"","ast-disable-related-posts":"","theme-transparent-header-meta":"","adv-header-id-meta":"","stick-header-meta":"","header-above-stick-meta":"","header-main-stick-meta":"","header-below-stick-meta":"","astra-migrate-meta-layouts":"default","ast-page-background-enabled":"default","ast-page-background-meta":{"desktop":{"background-color":"var(--ast-global-color-5)","background-image":"","background-repeat":"repeat","background-position":"center center","background-size":"auto","background-attachment":"scroll","background-type":"","background-media":"","overlay-type":"","overlay-color":"","overlay-opacity":"","overlay-gradient":""},"tablet":{"background-color":"","background-image":"","background-repeat":"repeat","background-position":"center center","background-size":"auto","background-attachment":"scroll","background-type":"","background-media":"","overlay-type":"","overlay-color":"","overlay-opacity":"","overlay-gradient":""},"mobile":{"background-color":"","background-image":"","background-repeat":"repeat","background-position":"center center","background-size":"auto","background-attachment":"scroll","background-type":"","background-media":"","overlay-type":"","overlay-color":"","overlay-opacity":"","overlay-gradient":""}},"ast-content-background-meta":{"desktop":{"background-color":"var(--ast-global-color-4)","background-image":"","background-repeat":"repeat","background-position":"center center","background-size":"auto","background-attachment":"scroll","background-type":"","background-media":"","overlay-type":"","overlay-color":"","overlay-opacity":"","overlay-gradient":""},"tablet":{"background-color":"var(--ast-global-color-4)","background-image":"","background-repeat":"repeat","background-position":"center center","background-size":"auto","background-attachment":"scroll","background-type":"","background-media":"","overlay-type":"","overlay-color":"","overlay-opacity":"","overlay-gradient":""},"mobile":{"background-color":"var(--ast-global-color-4)","background-image":"","background-repeat":"repeat","background-position":"center center","background-size":"auto","background-attachment":"scroll","background-type":"","background-media":"","overlay-type":"","overlay-color":"","overlay-opacity":"","overlay-gradient":""}},"footnotes":""},"class_list":["post-166","page","type-page","status-publish","has-post-thumbnail","hentry"],"yoast_head":"<!-- This site is optimized with the Yoast SEO plugin v27.5 - https:\/\/yoast.com\/product\/yoast-seo-wordpress\/ -->\n<title>SPORTS D&#039;HIVER en ARGENTINE - Abc-latina<\/title>\n<meta name=\"description\" content=\"La pratique des sports d&#039;hiver a connu un fort d\u00e9veloppement ces derni\u00e8res ann\u00e9es en Argentine. De nouvelles pistes ont \u00e9t\u00e9 ouvertes, et les anciennes ont \u00e9t\u00e9 am\u00e9lior\u00e9es.\" \/>\n<meta name=\"robots\" content=\"index, follow, max-snippet:-1, max-image-preview:large, max-video-preview:-1\" \/>\n<link rel=\"canonical\" href=\"https:\/\/abc-latina.com\/index\/sports-hiver\/\" \/>\n<meta property=\"og:locale\" content=\"fr_FR\" \/>\n<meta property=\"og:type\" content=\"article\" \/>\n<meta property=\"og:title\" content=\"SPORTS D&#039;HIVER en ARGENTINE - Abc-latina\" \/>\n<meta property=\"og:description\" content=\"La pratique des sports d&#039;hiver a connu un fort d\u00e9veloppement ces derni\u00e8res ann\u00e9es en Argentine. De nouvelles pistes ont \u00e9t\u00e9 ouvertes, et les anciennes ont \u00e9t\u00e9 am\u00e9lior\u00e9es.\" \/>\n<meta property=\"og:url\" content=\"https:\/\/abc-latina.com\/index\/sports-hiver\/\" \/>\n<meta property=\"og:site_name\" content=\"Abc-latina\" \/>\n<meta property=\"article:modified_time\" content=\"2026-04-30T16:24:46+00:00\" \/>\n<meta property=\"og:image\" content=\"https:\/\/abc-latina.com\/wp-content\/uploads\/2010\/04\/timbre_to.gif\" \/>\n\t<meta property=\"og:image:width\" content=\"125\" \/>\n\t<meta property=\"og:image:height\" content=\"90\" \/>\n\t<meta property=\"og:image:type\" content=\"image\/gif\" \/>\n<meta name=\"twitter:card\" content=\"summary_large_image\" \/>\n<meta name=\"twitter:label1\" content=\"Dur\u00e9e de lecture estim\u00e9e\" \/>\n\t<meta name=\"twitter:data1\" content=\"1 minute\" \/>\n<script type=\"application\/ld+json\" class=\"yoast-schema-graph\">{\"@context\":\"https:\\\/\\\/schema.org\",\"@graph\":[{\"@type\":\"WebPage\",\"@id\":\"https:\\\/\\\/abc-latina.com\\\/index\\\/sports-hiver\\\/\",\"url\":\"https:\\\/\\\/abc-latina.com\\\/index\\\/sports-hiver\\\/\",\"name\":\"SPORTS D'HIVER en ARGENTINE - Abc-latina\",\"isPartOf\":{\"@id\":\"https:\\\/\\\/abc-latina.com\\\/#website\"},\"primaryImageOfPage\":{\"@id\":\"https:\\\/\\\/abc-latina.com\\\/index\\\/sports-hiver\\\/#primaryimage\"},\"image\":{\"@id\":\"https:\\\/\\\/abc-latina.com\\\/index\\\/sports-hiver\\\/#primaryimage\"},\"thumbnailUrl\":\"https:\\\/\\\/abc-latina.com\\\/wp-content\\\/uploads\\\/2010\\\/04\\\/timbre_to.gif\",\"datePublished\":\"2010-06-02T15:21:10+00:00\",\"dateModified\":\"2026-04-30T16:24:46+00:00\",\"description\":\"La pratique des sports d'hiver a connu un fort d\u00e9veloppement ces derni\u00e8res ann\u00e9es en Argentine. De nouvelles pistes ont \u00e9t\u00e9 ouvertes, et les anciennes ont \u00e9t\u00e9 am\u00e9lior\u00e9es.\",\"breadcrumb\":{\"@id\":\"https:\\\/\\\/abc-latina.com\\\/index\\\/sports-hiver\\\/#breadcrumb\"},\"inLanguage\":\"fr-FR\",\"potentialAction\":[{\"@type\":\"ReadAction\",\"target\":[\"https:\\\/\\\/abc-latina.com\\\/index\\\/sports-hiver\\\/\"]}]},{\"@type\":\"ImageObject\",\"inLanguage\":\"fr-FR\",\"@id\":\"https:\\\/\\\/abc-latina.com\\\/index\\\/sports-hiver\\\/#primaryimage\",\"url\":\"https:\\\/\\\/abc-latina.com\\\/wp-content\\\/uploads\\\/2010\\\/04\\\/timbre_to.gif\",\"contentUrl\":\"https:\\\/\\\/abc-latina.com\\\/wp-content\\\/uploads\\\/2010\\\/04\\\/timbre_to.gif\",\"width\":125,\"height\":90},{\"@type\":\"BreadcrumbList\",\"@id\":\"https:\\\/\\\/abc-latina.com\\\/index\\\/sports-hiver\\\/#breadcrumb\",\"itemListElement\":[{\"@type\":\"ListItem\",\"position\":1,\"name\":\"Accueil\",\"item\":\"https:\\\/\\\/abc-latina.com\\\/\"},{\"@type\":\"ListItem\",\"position\":2,\"name\":\"SPORTS D&rsquo;HIVER en ARGENTINE\"}]},{\"@type\":\"WebSite\",\"@id\":\"https:\\\/\\\/abc-latina.com\\\/#website\",\"url\":\"https:\\\/\\\/abc-latina.com\\\/\",\"name\":\"Abc-latina\",\"description\":\"\",\"publisher\":{\"@id\":\"https:\\\/\\\/abc-latina.com\\\/#organization\"},\"potentialAction\":[{\"@type\":\"SearchAction\",\"target\":{\"@type\":\"EntryPoint\",\"urlTemplate\":\"https:\\\/\\\/abc-latina.com\\\/?s={search_term_string}\"},\"query-input\":{\"@type\":\"PropertyValueSpecification\",\"valueRequired\":true,\"valueName\":\"search_term_string\"}}],\"inLanguage\":\"fr-FR\"},{\"@type\":\"Organization\",\"@id\":\"https:\\\/\\\/abc-latina.com\\\/#organization\",\"name\":\"Abc-latina\",\"url\":\"https:\\\/\\\/abc-latina.com\\\/\",\"logo\":{\"@type\":\"ImageObject\",\"inLanguage\":\"fr-FR\",\"@id\":\"https:\\\/\\\/abc-latina.com\\\/#\\\/schema\\\/logo\\\/image\\\/\",\"url\":\"https:\\\/\\\/abc-latina.com\\\/wp-content\\\/uploads\\\/2026\\\/05\\\/cropped-logo.gif\",\"contentUrl\":\"https:\\\/\\\/abc-latina.com\\\/wp-content\\\/uploads\\\/2026\\\/05\\\/cropped-logo.gif\",\"width\":89,\"height\":84,\"caption\":\"Abc-latina\"},\"image\":{\"@id\":\"https:\\\/\\\/abc-latina.com\\\/#\\\/schema\\\/logo\\\/image\\\/\"}}]}<\/script>\n<!-- \/ Yoast SEO plugin. -->","yoast_head_json":{"title":"SPORTS D'HIVER en ARGENTINE - Abc-latina","description":"La pratique des sports d'hiver a connu un fort d\u00e9veloppement ces derni\u00e8res ann\u00e9es en Argentine. De nouvelles pistes ont \u00e9t\u00e9 ouvertes, et les anciennes ont \u00e9t\u00e9 am\u00e9lior\u00e9es.","robots":{"index":"index","follow":"follow","max-snippet":"max-snippet:-1","max-image-preview":"max-image-preview:large","max-video-preview":"max-video-preview:-1"},"canonical":"https:\/\/abc-latina.com\/index\/sports-hiver\/","og_locale":"fr_FR","og_type":"article","og_title":"SPORTS D'HIVER en ARGENTINE - Abc-latina","og_description":"La pratique des sports d'hiver a connu un fort d\u00e9veloppement ces derni\u00e8res ann\u00e9es en Argentine. De nouvelles pistes ont \u00e9t\u00e9 ouvertes, et les anciennes ont \u00e9t\u00e9 am\u00e9lior\u00e9es.","og_url":"https:\/\/abc-latina.com\/index\/sports-hiver\/","og_site_name":"Abc-latina","article_modified_time":"2026-04-30T16:24:46+00:00","og_image":[{"width":125,"height":90,"url":"https:\/\/abc-latina.com\/wp-content\/uploads\/2010\/04\/timbre_to.gif","type":"image\/gif"}],"twitter_card":"summary_large_image","twitter_misc":{"Dur\u00e9e de lecture estim\u00e9e":"1 minute"},"schema":{"@context":"https:\/\/schema.org","@graph":[{"@type":"WebPage","@id":"https:\/\/abc-latina.com\/index\/sports-hiver\/","url":"https:\/\/abc-latina.com\/index\/sports-hiver\/","name":"SPORTS D'HIVER en ARGENTINE - Abc-latina","isPartOf":{"@id":"https:\/\/abc-latina.com\/#website"},"primaryImageOfPage":{"@id":"https:\/\/abc-latina.com\/index\/sports-hiver\/#primaryimage"},"image":{"@id":"https:\/\/abc-latina.com\/index\/sports-hiver\/#primaryimage"},"thumbnailUrl":"https:\/\/abc-latina.com\/wp-content\/uploads\/2010\/04\/timbre_to.gif","datePublished":"2010-06-02T15:21:10+00:00","dateModified":"2026-04-30T16:24:46+00:00","description":"La pratique des sports d'hiver a connu un fort d\u00e9veloppement ces derni\u00e8res ann\u00e9es en Argentine. De nouvelles pistes ont \u00e9t\u00e9 ouvertes, et les anciennes ont \u00e9t\u00e9 am\u00e9lior\u00e9es.","breadcrumb":{"@id":"https:\/\/abc-latina.com\/index\/sports-hiver\/#breadcrumb"},"inLanguage":"fr-FR","potentialAction":[{"@type":"ReadAction","target":["https:\/\/abc-latina.com\/index\/sports-hiver\/"]}]},{"@type":"ImageObject","inLanguage":"fr-FR","@id":"https:\/\/abc-latina.com\/index\/sports-hiver\/#primaryimage","url":"https:\/\/abc-latina.com\/wp-content\/uploads\/2010\/04\/timbre_to.gif","contentUrl":"https:\/\/abc-latina.com\/wp-content\/uploads\/2010\/04\/timbre_to.gif","width":125,"height":90},{"@type":"BreadcrumbList","@id":"https:\/\/abc-latina.com\/index\/sports-hiver\/#breadcrumb","itemListElement":[{"@type":"ListItem","position":1,"name":"Accueil","item":"https:\/\/abc-latina.com\/"},{"@type":"ListItem","position":2,"name":"SPORTS D&rsquo;HIVER en ARGENTINE"}]},{"@type":"WebSite","@id":"https:\/\/abc-latina.com\/#website","url":"https:\/\/abc-latina.com\/","name":"Abc-latina","description":"","publisher":{"@id":"https:\/\/abc-latina.com\/#organization"},"potentialAction":[{"@type":"SearchAction","target":{"@type":"EntryPoint","urlTemplate":"https:\/\/abc-latina.com\/?s={search_term_string}"},"query-input":{"@type":"PropertyValueSpecification","valueRequired":true,"valueName":"search_term_string"}}],"inLanguage":"fr-FR"},{"@type":"Organization","@id":"https:\/\/abc-latina.com\/#organization","name":"Abc-latina","url":"https:\/\/abc-latina.com\/","logo":{"@type":"ImageObject","inLanguage":"fr-FR","@id":"https:\/\/abc-latina.com\/#\/schema\/logo\/image\/","url":"https:\/\/abc-latina.com\/wp-content\/uploads\/2026\/05\/cropped-logo.gif","contentUrl":"https:\/\/abc-latina.com\/wp-content\/uploads\/2026\/05\/cropped-logo.gif","width":89,"height":84,"caption":"Abc-latina"},"image":{"@id":"https:\/\/abc-latina.com\/#\/schema\/logo\/image\/"}}]}},"_links":{"self":[{"href":"https:\/\/abc-latina.com\/wp-json\/wp\/v2\/pages\/166","targetHints":{"allow":["GET"]}}],"collection":[{"href":"https:\/\/abc-latina.com\/wp-json\/wp\/v2\/pages"}],"about":[{"href":"https:\/\/abc-latina.com\/wp-json\/wp\/v2\/types\/page"}],"author":[{"embeddable":true,"href":"https:\/\/abc-latina.com\/wp-json\/wp\/v2\/users\/3"}],"replies":[{"embeddable":true,"href":"https:\/\/abc-latina.com\/wp-json\/wp\/v2\/comments?post=166"}],"version-history":[{"count":1,"href":"https:\/\/abc-latina.com\/wp-json\/wp\/v2\/pages\/166\/revisions"}],"predecessor-version":[{"id":3096,"href":"https:\/\/abc-latina.com\/wp-json\/wp\/v2\/pages\/166\/revisions\/3096"}],"up":[{"embeddable":true,"href":"https:\/\/abc-latina.com\/wp-json\/wp\/v2\/pages\/2426"}],"wp:featuredmedia":[{"embeddable":true,"href":"https:\/\/abc-latina.com\/wp-json\/wp\/v2\/media\/41"}],"wp:attachment":[{"href":"https:\/\/abc-latina.com\/wp-json\/wp\/v2\/media?parent=166"}],"curies":[{"name":"wp","href":"https:\/\/api.w.org\/{rel}","templated":true}]}}