{"id":1660,"date":"2010-07-24T22:47:26","date_gmt":"2010-07-24T20:47:26","guid":{"rendered":"http:\/\/abc-latina.com\/canotage-htm-2\/"},"modified":"2026-04-30T18:25:18","modified_gmt":"2026-04-30T16:25:18","slug":"canotage","status":"publish","type":"page","link":"https:\/\/abc-latina.com\/perou\/canotage\/","title":{"rendered":"CANOTAGE"},"content":{"rendered":"<div>Le P\u00e9rou pr\u00e9sente plus d&rsquo;une douzaine de fleuves qui d\u00e9passent les 600 km. Les cinq fleuves les plus importants rassemblent \u00e0 eux seul 7.000 km de parcours \u00e0 travers le pays.<\/div>\n<div>L&rsquo;aventurier polonais Yurek Majcherzyck avec ses compagnons de voyage ont introduit le canotage au P\u00e9rou. Apr\u00e8s de nombreux essais, ils ont pu vaincre le grand d\u00e9bit du fleuve Colca et ses 300 rapides dans le c\u0153ur m\u00eame d&rsquo;Arequipa. Depuis lors, un groupe de p\u00e9ruviens amateurs de ce sport d&rsquo;aventure ont pu inaugurer -avec beaucoup d&rsquo;effort et de travail- de nouvelles routes tout au long du territoire p\u00e9ruvien.<\/div>\n<div>Dans la pratique de ce sport on se sert de radeaux pneumatiques ou rafts. A rame et gouvern\u00e9e g\u00e9n\u00e9ralement \u00e0 la poupe, l&#8217;embarcation et sa tripulation sont conduites \u00e0 travers les eaux turbulentes des rivi\u00e8res.&nbsp;<\/div>\n<div>Internationalement, les rapides sont classifi\u00e9s selon une \u00e9chelle qui va de I \u00e0 VI d&rsquo;apr\u00e8s le degr\u00e9 de difficult\u00e9 qu&rsquo;ils pr\u00e9sentent (la derni\u00e8re n&rsquo;est possible qu&rsquo;en comptant avec un transport de l&#8217;embarcation).<\/div>\n<div>&nbsp;<\/div>\n<div><span class=\"tourisme-chapitre\">Canotage sur la c\u00f4te<\/span><\/div>\n<div><a href=\"..\/tour_operateur\" target=\"_blank\"><img loading=\"lazy\" decoding=\"async\" class=\" size-full wp-image-41\" alt=\"\" src=\"http:\/\/abc-latina.com\/wp-content\/uploads\/2010\/04\/timbre_to.gif\" class=\"touroperateur\" width=\"125\" height=\"90\" \/><\/a>La rivi\u00e8re Ca\u00f1ete, au sud de Lima, est le lieu pr\u00e9f\u00e9r\u00e9 des habitants de Lima. Le parcours utilis\u00e9, qui se trouve dans l&rsquo;agr\u00e9able localit\u00e9 de Lunahuan\u00e1 (zone de culture d&rsquo;arbres fruitiers \u00e0 160 km au sud-est de Lima) pr\u00e9sente des rapides class\u00e9s II \u00e0 IV. La saison commence en octobre et dure jusqu&rsquo;au mois d&rsquo;avril.&nbsp;<\/div>\n<div>La rivi\u00e8re Tumbes, dans le d\u00e9partement du m\u00eame nom, est la rivi\u00e8re avec le plus grand d\u00e9bit de la c\u00f4te p\u00e9ruvienne. Les parcours entre la localit\u00e9 de Figueroa et Rica Playa pr\u00e9sentent des rapides class\u00e9s II \u00e0 IV. Le parcours prend deux \u00e0 trois jours et traverse les merveilleuses for\u00eats s\u00e8ches de la zone r\u00e9serv\u00e9e de Tumbes o\u00f9 l&rsquo;on peut observer des crocodiles, des loutres et des colonies d&rsquo;iguanes. La saison d\u00e9bute au mois de mai et termine en octobre.<\/div>\n<div>&nbsp;<\/div>\n<div><span class=\"tourisme-chapitre\">Canotage \u00e0 la Sierra<\/span><\/div>\n<div>Le fleuve Santa, dans le Callej\u00f3n de Huaylas du d\u00e9partement d&rsquo;Ancash, s\u00e9pare la Cordill\u00e8re Blanche et la Cordill\u00e8re Noire. Le parcours de canotage -entre les villages de Caraz et Yungay- pr\u00e9sente des rapides class\u00e9s II et III. Navigables entre les mois de mai et octobre, c&rsquo;est un compl\u00e9ment id\u00e9al pour la visite de cette zone.<\/div>\n<div>La rivi\u00e8re Colca est synonime de canotage et ses rapides sont r\u00e9put\u00e9s dans le monde entier par leur difficult\u00e9. Cette rivi\u00e8re se trouve dans la vall\u00e9e du m\u00eame nom, \u00e0 300 km au nord d&rsquo;Arequipa. On peut parcourir sans grand risque quelques 40 km entre Cabanaconde et Tipay. Navigable entre les mois de mai et octobre. Compte avec des rapides class\u00e9s II \u00e0 IV. Les parcours commencent \u00e0 Chivay. La rivi\u00e8re traverse les canyons du Colca (3.091 msnm). Ce canyon est (apr\u00e8s le canyon de Cotahuasi qui se trouve aussi \u00e0 Arequipa avec 3.354 msnm) le deuxi\u00e8me plus profond du monde et a le double de la profondeur du Canyon du Colorado.<\/div>\n<div>&nbsp;<\/div>\n<div><span class=\"tourisme-chapitre\">Canotage en for\u00eat amazonienne<\/span><\/div>\n<div>Les fleuvs Mayo et Huallaga du d\u00e9partement de San Mart\u00edn sont deux fleuves de grande beaut\u00e9, r\u00e9cemment incorpor\u00e9s aux circuits commerciaux. Ils pr\u00e9sentent des rapides class\u00e9s II et III. Navigables entre les mois de mai et octobre. Les parcours commencencent dans la ville de Tarapoto.<\/div>\n<div>Le fleuve Tambopata, fleuve imp\u00e9tueux et \u00e0 grand d\u00e9bit, pr\u00e9sente -sans aucun doute- le parcours le plus spectaculaire du pays. Le parcours commence \u00e0 Puno, dans la localit\u00e9 de Putina Punku (1.900 msnm) et descend \u00e0 travers les for\u00eats tropicales les plus riches et les plus exhub\u00e9rantes du pays, jusqu&rsquo;au d\u00e9partement de Madre de Dios (\u00e0 200 msnm sur le plateau amazonien). Ce parcours qui traverse la zone la plus d\u00e9peupl\u00e9e du pays prend entre sept et douze jours et requiert d&rsquo;une complexe logistique. Pr\u00e9sente des rapides class\u00e9s III et IV.<\/div>\n<div>&nbsp;<\/div>\n<div><a href=\"https:\/\/www.abc-latina.com\/perou\/tourisme\">Tourisme au P\u00e9rou<\/a><\/div>\n<h3>Pr\u00e9parez votre voyage au P\u00e9rou :<\/h3>\n<div><a href=\"https:\/\/www.abc-latina.com\/perou\/agence_de_voyages\">Agences de voyage g\u00e9n\u00e9ralistes et discounteurs<\/a><\/div>\n<div><a href=\"https:\/\/www.abc-latina.com\/perou\/tour_operateur\">Tours Op\u00e9rateurs sp\u00e9cialistes du P\u00e9rou<\/a><\/div>\n<div><a href=\"https:\/\/www.abc-latina.com\/to\/reservation_billet_avion\" target=\"_blank\">R\u00e9servez votre billet d&rsquo;avion<\/a><\/div>\n<div><a href=\"https:\/\/www.abc-latina.com\/perou\/hotels\">R\u00e9servez votre h\u00f4tel au P\u00e9rou<\/a>&nbsp;<\/div>\n<div><a href=\"https:\/\/www.abc-latina.com\/to\/location_de_voiture_perou\" target=\"_blank\">Location de voiture<\/a><\/div>\n<p>&nbsp;<\/p>\n","protected":false},"excerpt":{"rendered":"<p>Le P\u00e9rou pr\u00e9sente plus d&rsquo;une douzaine de fleuves qui d\u00e9passent les 600 km. Les cinq fleuves les plus importants rassemblent [&hellip;]<\/p>\n","protected":false},"author":3,"featured_media":41,"parent":2118,"menu_order":0,"comment_status":"closed","ping_status":"closed","template":"","meta":{"site-sidebar-layout":"default","site-content-layout":"","ast-site-content-layout":"default","site-content-style":"default","site-sidebar-style":"default","ast-global-header-display":"","ast-banner-title-visibility":"","ast-main-header-display":"","ast-hfb-above-header-display":"","ast-hfb-below-header-display":"","ast-hfb-mobile-header-display":"","site-post-title":"","ast-breadcrumbs-content":"","ast-featured-img":"","footer-sml-layout":"","ast-disable-related-posts":"","theme-transparent-header-meta":"","adv-header-id-meta":"","stick-header-meta":"","header-above-stick-meta":"","header-main-stick-meta":"","header-below-stick-meta":"","astra-migrate-meta-layouts":"default","ast-page-background-enabled":"default","ast-page-background-meta":{"desktop":{"background-color":"var(--ast-global-color-5)","background-image":"","background-repeat":"repeat","background-position":"center center","background-size":"auto","background-attachment":"scroll","background-type":"","background-media":"","overlay-type":"","overlay-color":"","overlay-opacity":"","overlay-gradient":""},"tablet":{"background-color":"","background-image":"","background-repeat":"repeat","background-position":"center center","background-size":"auto","background-attachment":"scroll","background-type":"","background-media":"","overlay-type":"","overlay-color":"","overlay-opacity":"","overlay-gradient":""},"mobile":{"background-color":"","background-image":"","background-repeat":"repeat","background-position":"center center","background-size":"auto","background-attachment":"scroll","background-type":"","background-media":"","overlay-type":"","overlay-color":"","overlay-opacity":"","overlay-gradient":""}},"ast-content-background-meta":{"desktop":{"background-color":"var(--ast-global-color-4)","background-image":"","background-repeat":"repeat","background-position":"center center","background-size":"auto","background-attachment":"scroll","background-type":"","background-media":"","overlay-type":"","overlay-color":"","overlay-opacity":"","overlay-gradient":""},"tablet":{"background-color":"var(--ast-global-color-4)","background-image":"","background-repeat":"repeat","background-position":"center center","background-size":"auto","background-attachment":"scroll","background-type":"","background-media":"","overlay-type":"","overlay-color":"","overlay-opacity":"","overlay-gradient":""},"mobile":{"background-color":"var(--ast-global-color-4)","background-image":"","background-repeat":"repeat","background-position":"center center","background-size":"auto","background-attachment":"scroll","background-type":"","background-media":"","overlay-type":"","overlay-color":"","overlay-opacity":"","overlay-gradient":""}},"footnotes":""},"class_list":["post-1660","page","type-page","status-publish","has-post-thumbnail","hentry"],"yoast_head":"<!-- This site is optimized with the Yoast SEO plugin v27.5 - https:\/\/yoast.com\/product\/yoast-seo-wordpress\/ -->\n<title>CANOTAGE - Abc-latina<\/title>\n<meta name=\"description\" content=\"Le tourisme d&#039;aventure et la pratique du canotage au P\u00e9rou.\" \/>\n<meta name=\"robots\" content=\"index, follow, max-snippet:-1, max-image-preview:large, max-video-preview:-1\" \/>\n<link rel=\"canonical\" href=\"https:\/\/abc-latina.com\/perou\/canotage\/\" \/>\n<meta property=\"og:locale\" content=\"fr_FR\" \/>\n<meta property=\"og:type\" content=\"article\" \/>\n<meta property=\"og:title\" content=\"CANOTAGE - Abc-latina\" \/>\n<meta property=\"og:description\" content=\"Le tourisme d&#039;aventure et la pratique du canotage au P\u00e9rou.\" \/>\n<meta property=\"og:url\" content=\"https:\/\/abc-latina.com\/perou\/canotage\/\" \/>\n<meta property=\"og:site_name\" content=\"Abc-latina\" \/>\n<meta property=\"article:modified_time\" content=\"2026-04-30T16:25:18+00:00\" \/>\n<meta property=\"og:image\" content=\"https:\/\/abc-latina.com\/wp-content\/uploads\/2010\/04\/timbre_to.gif\" \/>\n\t<meta property=\"og:image:width\" content=\"125\" \/>\n\t<meta property=\"og:image:height\" content=\"90\" \/>\n\t<meta property=\"og:image:type\" content=\"image\/gif\" \/>\n<meta name=\"twitter:card\" content=\"summary_large_image\" \/>\n<meta name=\"twitter:label1\" content=\"Dur\u00e9e de lecture estim\u00e9e\" \/>\n\t<meta name=\"twitter:data1\" content=\"4 minutes\" \/>\n<script type=\"application\/ld+json\" class=\"yoast-schema-graph\">{\"@context\":\"https:\\\/\\\/schema.org\",\"@graph\":[{\"@type\":\"WebPage\",\"@id\":\"https:\\\/\\\/abc-latina.com\\\/perou\\\/canotage\\\/\",\"url\":\"https:\\\/\\\/abc-latina.com\\\/perou\\\/canotage\\\/\",\"name\":\"CANOTAGE - Abc-latina\",\"isPartOf\":{\"@id\":\"https:\\\/\\\/abc-latina.com\\\/#website\"},\"primaryImageOfPage\":{\"@id\":\"https:\\\/\\\/abc-latina.com\\\/perou\\\/canotage\\\/#primaryimage\"},\"image\":{\"@id\":\"https:\\\/\\\/abc-latina.com\\\/perou\\\/canotage\\\/#primaryimage\"},\"thumbnailUrl\":\"https:\\\/\\\/abc-latina.com\\\/wp-content\\\/uploads\\\/2010\\\/04\\\/timbre_to.gif\",\"datePublished\":\"2010-07-24T20:47:26+00:00\",\"dateModified\":\"2026-04-30T16:25:18+00:00\",\"description\":\"Le tourisme d'aventure et la pratique du canotage au P\u00e9rou.\",\"breadcrumb\":{\"@id\":\"https:\\\/\\\/abc-latina.com\\\/perou\\\/canotage\\\/#breadcrumb\"},\"inLanguage\":\"fr-FR\",\"potentialAction\":[{\"@type\":\"ReadAction\",\"target\":[\"https:\\\/\\\/abc-latina.com\\\/perou\\\/canotage\\\/\"]}]},{\"@type\":\"ImageObject\",\"inLanguage\":\"fr-FR\",\"@id\":\"https:\\\/\\\/abc-latina.com\\\/perou\\\/canotage\\\/#primaryimage\",\"url\":\"https:\\\/\\\/abc-latina.com\\\/wp-content\\\/uploads\\\/2010\\\/04\\\/timbre_to.gif\",\"contentUrl\":\"https:\\\/\\\/abc-latina.com\\\/wp-content\\\/uploads\\\/2010\\\/04\\\/timbre_to.gif\",\"width\":125,\"height\":90},{\"@type\":\"BreadcrumbList\",\"@id\":\"https:\\\/\\\/abc-latina.com\\\/perou\\\/canotage\\\/#breadcrumb\",\"itemListElement\":[{\"@type\":\"ListItem\",\"position\":1,\"name\":\"Accueil\",\"item\":\"https:\\\/\\\/abc-latina.com\\\/\"},{\"@type\":\"ListItem\",\"position\":2,\"name\":\"CANOTAGE\"}]},{\"@type\":\"WebSite\",\"@id\":\"https:\\\/\\\/abc-latina.com\\\/#website\",\"url\":\"https:\\\/\\\/abc-latina.com\\\/\",\"name\":\"Abc-latina\",\"description\":\"\",\"publisher\":{\"@id\":\"https:\\\/\\\/abc-latina.com\\\/#organization\"},\"potentialAction\":[{\"@type\":\"SearchAction\",\"target\":{\"@type\":\"EntryPoint\",\"urlTemplate\":\"https:\\\/\\\/abc-latina.com\\\/?s={search_term_string}\"},\"query-input\":{\"@type\":\"PropertyValueSpecification\",\"valueRequired\":true,\"valueName\":\"search_term_string\"}}],\"inLanguage\":\"fr-FR\"},{\"@type\":\"Organization\",\"@id\":\"https:\\\/\\\/abc-latina.com\\\/#organization\",\"name\":\"Abc-latina\",\"url\":\"https:\\\/\\\/abc-latina.com\\\/\",\"logo\":{\"@type\":\"ImageObject\",\"inLanguage\":\"fr-FR\",\"@id\":\"https:\\\/\\\/abc-latina.com\\\/#\\\/schema\\\/logo\\\/image\\\/\",\"url\":\"https:\\\/\\\/abc-latina.com\\\/wp-content\\\/uploads\\\/2026\\\/05\\\/cropped-logo.gif\",\"contentUrl\":\"https:\\\/\\\/abc-latina.com\\\/wp-content\\\/uploads\\\/2026\\\/05\\\/cropped-logo.gif\",\"width\":89,\"height\":84,\"caption\":\"Abc-latina\"},\"image\":{\"@id\":\"https:\\\/\\\/abc-latina.com\\\/#\\\/schema\\\/logo\\\/image\\\/\"}}]}<\/script>\n<!-- \/ Yoast SEO plugin. -->","yoast_head_json":{"title":"CANOTAGE - Abc-latina","description":"Le tourisme d'aventure et la pratique du canotage au P\u00e9rou.","robots":{"index":"index","follow":"follow","max-snippet":"max-snippet:-1","max-image-preview":"max-image-preview:large","max-video-preview":"max-video-preview:-1"},"canonical":"https:\/\/abc-latina.com\/perou\/canotage\/","og_locale":"fr_FR","og_type":"article","og_title":"CANOTAGE - Abc-latina","og_description":"Le tourisme d'aventure et la pratique du canotage au P\u00e9rou.","og_url":"https:\/\/abc-latina.com\/perou\/canotage\/","og_site_name":"Abc-latina","article_modified_time":"2026-04-30T16:25:18+00:00","og_image":[{"width":125,"height":90,"url":"https:\/\/abc-latina.com\/wp-content\/uploads\/2010\/04\/timbre_to.gif","type":"image\/gif"}],"twitter_card":"summary_large_image","twitter_misc":{"Dur\u00e9e de lecture estim\u00e9e":"4 minutes"},"schema":{"@context":"https:\/\/schema.org","@graph":[{"@type":"WebPage","@id":"https:\/\/abc-latina.com\/perou\/canotage\/","url":"https:\/\/abc-latina.com\/perou\/canotage\/","name":"CANOTAGE - Abc-latina","isPartOf":{"@id":"https:\/\/abc-latina.com\/#website"},"primaryImageOfPage":{"@id":"https:\/\/abc-latina.com\/perou\/canotage\/#primaryimage"},"image":{"@id":"https:\/\/abc-latina.com\/perou\/canotage\/#primaryimage"},"thumbnailUrl":"https:\/\/abc-latina.com\/wp-content\/uploads\/2010\/04\/timbre_to.gif","datePublished":"2010-07-24T20:47:26+00:00","dateModified":"2026-04-30T16:25:18+00:00","description":"Le tourisme d'aventure et la pratique du canotage au P\u00e9rou.","breadcrumb":{"@id":"https:\/\/abc-latina.com\/perou\/canotage\/#breadcrumb"},"inLanguage":"fr-FR","potentialAction":[{"@type":"ReadAction","target":["https:\/\/abc-latina.com\/perou\/canotage\/"]}]},{"@type":"ImageObject","inLanguage":"fr-FR","@id":"https:\/\/abc-latina.com\/perou\/canotage\/#primaryimage","url":"https:\/\/abc-latina.com\/wp-content\/uploads\/2010\/04\/timbre_to.gif","contentUrl":"https:\/\/abc-latina.com\/wp-content\/uploads\/2010\/04\/timbre_to.gif","width":125,"height":90},{"@type":"BreadcrumbList","@id":"https:\/\/abc-latina.com\/perou\/canotage\/#breadcrumb","itemListElement":[{"@type":"ListItem","position":1,"name":"Accueil","item":"https:\/\/abc-latina.com\/"},{"@type":"ListItem","position":2,"name":"CANOTAGE"}]},{"@type":"WebSite","@id":"https:\/\/abc-latina.com\/#website","url":"https:\/\/abc-latina.com\/","name":"Abc-latina","description":"","publisher":{"@id":"https:\/\/abc-latina.com\/#organization"},"potentialAction":[{"@type":"SearchAction","target":{"@type":"EntryPoint","urlTemplate":"https:\/\/abc-latina.com\/?s={search_term_string}"},"query-input":{"@type":"PropertyValueSpecification","valueRequired":true,"valueName":"search_term_string"}}],"inLanguage":"fr-FR"},{"@type":"Organization","@id":"https:\/\/abc-latina.com\/#organization","name":"Abc-latina","url":"https:\/\/abc-latina.com\/","logo":{"@type":"ImageObject","inLanguage":"fr-FR","@id":"https:\/\/abc-latina.com\/#\/schema\/logo\/image\/","url":"https:\/\/abc-latina.com\/wp-content\/uploads\/2026\/05\/cropped-logo.gif","contentUrl":"https:\/\/abc-latina.com\/wp-content\/uploads\/2026\/05\/cropped-logo.gif","width":89,"height":84,"caption":"Abc-latina"},"image":{"@id":"https:\/\/abc-latina.com\/#\/schema\/logo\/image\/"}}]}},"_links":{"self":[{"href":"https:\/\/abc-latina.com\/wp-json\/wp\/v2\/pages\/1660","targetHints":{"allow":["GET"]}}],"collection":[{"href":"https:\/\/abc-latina.com\/wp-json\/wp\/v2\/pages"}],"about":[{"href":"https:\/\/abc-latina.com\/wp-json\/wp\/v2\/types\/page"}],"author":[{"embeddable":true,"href":"https:\/\/abc-latina.com\/wp-json\/wp\/v2\/users\/3"}],"replies":[{"embeddable":true,"href":"https:\/\/abc-latina.com\/wp-json\/wp\/v2\/comments?post=1660"}],"version-history":[{"count":1,"href":"https:\/\/abc-latina.com\/wp-json\/wp\/v2\/pages\/1660\/revisions"}],"predecessor-version":[{"id":3762,"href":"https:\/\/abc-latina.com\/wp-json\/wp\/v2\/pages\/1660\/revisions\/3762"}],"up":[{"embeddable":true,"href":"https:\/\/abc-latina.com\/wp-json\/wp\/v2\/pages\/2118"}],"wp:featuredmedia":[{"embeddable":true,"href":"https:\/\/abc-latina.com\/wp-json\/wp\/v2\/media\/41"}],"wp:attachment":[{"href":"https:\/\/abc-latina.com\/wp-json\/wp\/v2\/media?parent=1660"}],"curies":[{"name":"wp","href":"https:\/\/api.w.org\/{rel}","templated":true}]}}