{"id":1664,"date":"2010-07-24T22:58:37","date_gmt":"2010-07-24T20:58:37","guid":{"rendered":"http:\/\/abc-latina.com\/peche_sportive-htm\/"},"modified":"2026-04-30T18:25:19","modified_gmt":"2026-04-30T16:25:19","slug":"peche_sportive","status":"publish","type":"page","link":"https:\/\/abc-latina.com\/perou\/peche_sportive\/","title":{"rendered":"PECHE SPORTIVE au PEROU"},"content":{"rendered":"<div><img loading=\"lazy\" decoding=\"async\" class=\" alignright size-full wp-image-1663\" src=\"http:\/\/abc-latina.com\/wp-content\/uploads\/2010\/07\/peche-sportive.jpg\" alt=\"LA PECHE SPORTIVE AU PEROU\" title=\"LA PECHE SPORTIVE AU PEROU\" width=\"220\" vspace=\"9\" hspace=\"15\" height=\"220\" align=\"right\" srcset=\"https:\/\/abc-latina.com\/wp-content\/uploads\/2010\/07\/peche-sportive.jpg 220w, https:\/\/abc-latina.com\/wp-content\/uploads\/2010\/07\/peche-sportive-150x150.jpg 150w\" sizes=\"auto, (max-width: 220px) 100vw, 220px\" \/>Les mers p\u00e9ruviennes offrent de nombreuses proies aux amateurs de la p\u00eache: thons, bars, soles, corbeaux de mer, chitas, m\u00e9rous et m\u00eame des merlans noirs (l&rsquo;am\u00e9ricain Alfred Glossell Jr. a p\u00each\u00e9 un exemplaire de merlan noir de 702 kg -1560 livres- avec lequel il a eu le record mondial de la p\u00eache au merlan). L&rsquo;\u00e9crivain Ernest Hemingway a \u00e9t\u00e9 un visiteur assidu du littoral p\u00e9ruvien dont ses grands poissons ont \u00e9t\u00e9 la source d&rsquo;inspiration de son fameux roman Le vieil homme et la mer.&nbsp;<\/div>\n<div>Comme lui, les p\u00eacheurs savent que le P\u00e9rou est synonime d&rsquo;aventure et de bonne p\u00eache. Ce n&rsquo;est pas par hasard que la p\u00eache au P\u00e9rou a \u00e9t\u00e9 consid\u00e9r\u00e9e comme une des activit\u00e9s de plus grande importance, par la vari\u00e9t\u00e9 des esp\u00e8ces et par la richesse que pr\u00e9sente la mer p\u00e9ruvienne. Au P\u00e9rou, les amateurs de la p\u00eache pourront toujours trouver une plage adapt\u00e9e \u00e0 leurs types de p\u00eache ainsi qu&rsquo;\u00e0 leurs types de rochers et de falaises. De grandes plages de sable, des eaux froides et riches en plancton et des courants chauds et transparents. Bonne p\u00eache!<\/div>\n<div>&nbsp;<\/div>\n<div><span class=\"tourisme-chapitre\">P\u00eache marine<\/span><\/div>\n<div><a target=\"_blank\" href=\"..\/tour_operateur\"><img loading=\"lazy\" decoding=\"async\" class=\"touroperateur size-full wp-image-41\" src=\"http:\/\/abc-latina.com\/wp-content\/uploads\/2010\/04\/timbre_to.gif\" alt=\"\" width=\"125\" height=\"90\" \/><\/a>Elle peut se pratiquer tout au long de notre grand littoral maritime et pr\u00e9sente deux formes nettemment diff\u00e9rentes: la p\u00eache au bord de la mer (en plage ou en crique) et la p\u00eache en embarcation. La p\u00eache au bord de la mer est celle qui est la plus r\u00e9pandue au P\u00e9rou. Des soles, des corbeaux de mer et des chitas sont les esp\u00e8ces dont les captures sont les plus convo\u00eet\u00e9es sur les plages du centre et du sud du littoral. Dans la zone nord on trouve surtout des bars et des pampanitos. De m\u00eame, la p\u00eache en crique se pratique indistinctement sur toute la c\u00f4te. Pour sa pratique elle ne requiert que de la pr\u00e9sence de bords de mer accident\u00e9s et des rochers en abondance. Les proies les plus fr\u00e9quentes sont la chita, la cabrilla, le cherlo, le tramboyo et la pintadilla. Comme app\u00e2t on utilise g\u00e9neralement de petits crustac\u00e9s qui peuplent le sable -connus comme muy-muy ainsi que les machas (petit crustac\u00e9) et les escargots de mer.<\/div>\n<div>La p\u00eache en embarcation a aussi deux grandes variantes: le pinteo ou p\u00eache avec l&#8217;embarcation en \u00e9tat d&rsquo;arr\u00eat et le trolling ou p\u00eache avec l&#8217;embarcation en mouvement: Les proies captur\u00e9es par la pratique du punteo -dans les zones centrale et sud de la c\u00f4te- sont en g\u00e9n\u00e9ral les m\u00eames que celles que l&rsquo;on obtient dans les criques. Dans la zone nord on peut p\u00eacher des congres, m\u00e9rous et toyos (esp\u00e8ces de requins). Le trolling, par contre, se pratique surtout dans la zone nord avec l&rsquo;aide d&rsquo;app\u00e2ts artificiels ou muestras. Parmi les esp\u00e8ces les plus fr\u00e9quentes on peut p\u00eacher des thons, cherelas, agujillas, poissons-scie, plumas, pericos et merlans.<\/div>\n<div>&nbsp;<\/div>\n<div><span class=\"tourisme-chapitre\">P\u00eache d&rsquo;eau douce&nbsp;<\/span><\/div>\n<div>La p\u00eache d&rsquo;eau douce pr\u00e9sente aussi deux variantes: celle que l&rsquo;on pratique dans les rivi\u00e8res et les lagunes de la sierra -g\u00e9n\u00e9ralement au dessus de 2.500 msnm- et celle que l&rsquo;on pratique dans la for\u00eat amazonienne. La p\u00eache \u00e0 la montagne se limite \u00e0 deux vari\u00e9t\u00e9s ichtyologiques introduites il y a un si\u00e8cle: la truite et le pejerrey. On les trouve tr\u00e8s fr\u00e9quemment dans les rivi\u00e8res d&rsquo;eaux claires et bien oxyg\u00e9n\u00e9es. Les truites (blanche, rose ou arc en ciel) pr\u00e9dominent dans des altitudes sup\u00e9rieures aux 3.000 msnm<\/div>\n<div>La p\u00eache sportive dans la for\u00eat amazonienne -moins d\u00e9velopp\u00e9e que la p\u00eache de la c\u00f4te- se concentre sur quelques rivi\u00e8res et lacs du nord de l&rsquo;Amazonie (Iquitos et ses alentours) o\u00f9 l&rsquo;on trouve le tucunare, la gamitana et l&rsquo; araguana parmi les proies pr\u00e9f\u00e9r\u00e9es. Ce type de p\u00eache peut aussi \u00eatre pratiqu\u00e9e dans quelques r\u00e9gions du sud de l&rsquo;Amazonie (Madre de Dios) o\u00f9 l&rsquo;on trouve tr\u00e8s fr\u00e9quemment des z\u00fangaros, chambiras, pacos et doncellas.<\/div>\n<div>&nbsp;<\/div>\n<div>Source PromPer\u00fa<\/div>\n<div>&nbsp;<\/div>\n<div><a href=\"https:\/\/www.abc-latina.com\/perou\/tourisme\">Tourisme au P\u00e9rou<\/a><\/div>\n<h3>Pr\u00e9parez votre voyage au P\u00e9rou :<\/h3>\n<div><a href=\"https:\/\/www.abc-latina.com\/perou\/agence_de_voyages\">Agences de voyage g\u00e9n\u00e9ralistes et discounteurs<\/a><\/div>\n<div><a href=\"https:\/\/www.abc-latina.com\/perou\/tour_operateur\">Tours Op\u00e9rateurs sp\u00e9cialistes du P\u00e9rou<\/a><\/div>\n<div><a target=\"_blank\" href=\"https:\/\/www.abc-latina.com\/to\/reservation_billet_avion\">R\u00e9servez votre billet d&rsquo;avion<\/a><\/div>\n<div><a href=\"https:\/\/www.abc-latina.com\/perou\/hotels\">R\u00e9servez votre h\u00f4tel au P\u00e9rou<\/a>&nbsp;<\/div>\n<div><a target=\"_blank\" href=\"https:\/\/www.abc-latina.com\/to\/location_de_voiture_perou\">Location de voiture<\/a><\/div>\n<p>&nbsp;<\/p>\n","protected":false},"excerpt":{"rendered":"<p>Les mers p\u00e9ruviennes offrent de nombreuses proies aux amateurs de la p\u00eache: thons, bars, soles, corbeaux de mer, chitas, m\u00e9rous [&hellip;]<\/p>\n","protected":false},"author":3,"featured_media":1663,"parent":2118,"menu_order":0,"comment_status":"closed","ping_status":"closed","template":"","meta":{"site-sidebar-layout":"default","site-content-layout":"","ast-site-content-layout":"default","site-content-style":"default","site-sidebar-style":"default","ast-global-header-display":"","ast-banner-title-visibility":"","ast-main-header-display":"","ast-hfb-above-header-display":"","ast-hfb-below-header-display":"","ast-hfb-mobile-header-display":"","site-post-title":"","ast-breadcrumbs-content":"","ast-featured-img":"","footer-sml-layout":"","ast-disable-related-posts":"","theme-transparent-header-meta":"","adv-header-id-meta":"","stick-header-meta":"","header-above-stick-meta":"","header-main-stick-meta":"","header-below-stick-meta":"","astra-migrate-meta-layouts":"default","ast-page-background-enabled":"default","ast-page-background-meta":{"desktop":{"background-color":"var(--ast-global-color-5)","background-image":"","background-repeat":"repeat","background-position":"center center","background-size":"auto","background-attachment":"scroll","background-type":"","background-media":"","overlay-type":"","overlay-color":"","overlay-opacity":"","overlay-gradient":""},"tablet":{"background-color":"","background-image":"","background-repeat":"repeat","background-position":"center center","background-size":"auto","background-attachment":"scroll","background-type":"","background-media":"","overlay-type":"","overlay-color":"","overlay-opacity":"","overlay-gradient":""},"mobile":{"background-color":"","background-image":"","background-repeat":"repeat","background-position":"center center","background-size":"auto","background-attachment":"scroll","background-type":"","background-media":"","overlay-type":"","overlay-color":"","overlay-opacity":"","overlay-gradient":""}},"ast-content-background-meta":{"desktop":{"background-color":"var(--ast-global-color-4)","background-image":"","background-repeat":"repeat","background-position":"center center","background-size":"auto","background-attachment":"scroll","background-type":"","background-media":"","overlay-type":"","overlay-color":"","overlay-opacity":"","overlay-gradient":""},"tablet":{"background-color":"var(--ast-global-color-4)","background-image":"","background-repeat":"repeat","background-position":"center center","background-size":"auto","background-attachment":"scroll","background-type":"","background-media":"","overlay-type":"","overlay-color":"","overlay-opacity":"","overlay-gradient":""},"mobile":{"background-color":"var(--ast-global-color-4)","background-image":"","background-repeat":"repeat","background-position":"center center","background-size":"auto","background-attachment":"scroll","background-type":"","background-media":"","overlay-type":"","overlay-color":"","overlay-opacity":"","overlay-gradient":""}},"footnotes":""},"class_list":["post-1664","page","type-page","status-publish","has-post-thumbnail","hentry"],"yoast_head":"<!-- This site is optimized with the Yoast SEO plugin v27.5 - https:\/\/yoast.com\/product\/yoast-seo-wordpress\/ -->\n<title>PECHE SPORTIVE au PEROU - Abc-latina<\/title>\n<meta name=\"description\" content=\"Le tourisme d&#039;aventure et la pratique de la p\u00eache sportive au P\u00e9rou.\" \/>\n<meta name=\"robots\" content=\"index, follow, max-snippet:-1, max-image-preview:large, max-video-preview:-1\" \/>\n<link rel=\"canonical\" href=\"https:\/\/abc-latina.com\/perou\/peche_sportive\/\" \/>\n<meta property=\"og:locale\" content=\"fr_FR\" \/>\n<meta property=\"og:type\" content=\"article\" \/>\n<meta property=\"og:title\" content=\"PECHE SPORTIVE au PEROU - Abc-latina\" \/>\n<meta property=\"og:description\" content=\"Le tourisme d&#039;aventure et la pratique de la p\u00eache sportive au P\u00e9rou.\" \/>\n<meta property=\"og:url\" content=\"https:\/\/abc-latina.com\/perou\/peche_sportive\/\" \/>\n<meta property=\"og:site_name\" content=\"Abc-latina\" \/>\n<meta property=\"article:modified_time\" content=\"2026-04-30T16:25:19+00:00\" \/>\n<meta property=\"og:image\" content=\"https:\/\/abc-latina.com\/wp-content\/uploads\/2010\/07\/peche-sportive.jpg\" \/>\n\t<meta property=\"og:image:width\" content=\"220\" \/>\n\t<meta property=\"og:image:height\" content=\"220\" \/>\n\t<meta property=\"og:image:type\" content=\"image\/jpeg\" \/>\n<meta name=\"twitter:card\" content=\"summary_large_image\" \/>\n<meta name=\"twitter:label1\" content=\"Dur\u00e9e de lecture estim\u00e9e\" \/>\n\t<meta name=\"twitter:data1\" content=\"4 minutes\" \/>\n<script type=\"application\/ld+json\" class=\"yoast-schema-graph\">{\"@context\":\"https:\\\/\\\/schema.org\",\"@graph\":[{\"@type\":\"WebPage\",\"@id\":\"https:\\\/\\\/abc-latina.com\\\/perou\\\/peche_sportive\\\/\",\"url\":\"https:\\\/\\\/abc-latina.com\\\/perou\\\/peche_sportive\\\/\",\"name\":\"PECHE SPORTIVE au PEROU - Abc-latina\",\"isPartOf\":{\"@id\":\"https:\\\/\\\/abc-latina.com\\\/#website\"},\"primaryImageOfPage\":{\"@id\":\"https:\\\/\\\/abc-latina.com\\\/perou\\\/peche_sportive\\\/#primaryimage\"},\"image\":{\"@id\":\"https:\\\/\\\/abc-latina.com\\\/perou\\\/peche_sportive\\\/#primaryimage\"},\"thumbnailUrl\":\"https:\\\/\\\/abc-latina.com\\\/wp-content\\\/uploads\\\/2010\\\/07\\\/peche-sportive.jpg\",\"datePublished\":\"2010-07-24T20:58:37+00:00\",\"dateModified\":\"2026-04-30T16:25:19+00:00\",\"description\":\"Le tourisme d'aventure et la pratique de la p\u00eache sportive au P\u00e9rou.\",\"breadcrumb\":{\"@id\":\"https:\\\/\\\/abc-latina.com\\\/perou\\\/peche_sportive\\\/#breadcrumb\"},\"inLanguage\":\"fr-FR\",\"potentialAction\":[{\"@type\":\"ReadAction\",\"target\":[\"https:\\\/\\\/abc-latina.com\\\/perou\\\/peche_sportive\\\/\"]}]},{\"@type\":\"ImageObject\",\"inLanguage\":\"fr-FR\",\"@id\":\"https:\\\/\\\/abc-latina.com\\\/perou\\\/peche_sportive\\\/#primaryimage\",\"url\":\"https:\\\/\\\/abc-latina.com\\\/wp-content\\\/uploads\\\/2010\\\/07\\\/peche-sportive.jpg\",\"contentUrl\":\"https:\\\/\\\/abc-latina.com\\\/wp-content\\\/uploads\\\/2010\\\/07\\\/peche-sportive.jpg\",\"width\":220,\"height\":220,\"caption\":\"LA PECHE SPORTIVE AU PEROU\"},{\"@type\":\"BreadcrumbList\",\"@id\":\"https:\\\/\\\/abc-latina.com\\\/perou\\\/peche_sportive\\\/#breadcrumb\",\"itemListElement\":[{\"@type\":\"ListItem\",\"position\":1,\"name\":\"Accueil\",\"item\":\"https:\\\/\\\/abc-latina.com\\\/\"},{\"@type\":\"ListItem\",\"position\":2,\"name\":\"PECHE SPORTIVE au PEROU\"}]},{\"@type\":\"WebSite\",\"@id\":\"https:\\\/\\\/abc-latina.com\\\/#website\",\"url\":\"https:\\\/\\\/abc-latina.com\\\/\",\"name\":\"Abc-latina\",\"description\":\"\",\"publisher\":{\"@id\":\"https:\\\/\\\/abc-latina.com\\\/#organization\"},\"potentialAction\":[{\"@type\":\"SearchAction\",\"target\":{\"@type\":\"EntryPoint\",\"urlTemplate\":\"https:\\\/\\\/abc-latina.com\\\/?s={search_term_string}\"},\"query-input\":{\"@type\":\"PropertyValueSpecification\",\"valueRequired\":true,\"valueName\":\"search_term_string\"}}],\"inLanguage\":\"fr-FR\"},{\"@type\":\"Organization\",\"@id\":\"https:\\\/\\\/abc-latina.com\\\/#organization\",\"name\":\"Abc-latina\",\"url\":\"https:\\\/\\\/abc-latina.com\\\/\",\"logo\":{\"@type\":\"ImageObject\",\"inLanguage\":\"fr-FR\",\"@id\":\"https:\\\/\\\/abc-latina.com\\\/#\\\/schema\\\/logo\\\/image\\\/\",\"url\":\"https:\\\/\\\/abc-latina.com\\\/wp-content\\\/uploads\\\/2026\\\/05\\\/cropped-logo.gif\",\"contentUrl\":\"https:\\\/\\\/abc-latina.com\\\/wp-content\\\/uploads\\\/2026\\\/05\\\/cropped-logo.gif\",\"width\":89,\"height\":84,\"caption\":\"Abc-latina\"},\"image\":{\"@id\":\"https:\\\/\\\/abc-latina.com\\\/#\\\/schema\\\/logo\\\/image\\\/\"}}]}<\/script>\n<!-- \/ Yoast SEO plugin. -->","yoast_head_json":{"title":"PECHE SPORTIVE au PEROU - Abc-latina","description":"Le tourisme d'aventure et la pratique de la p\u00eache sportive au P\u00e9rou.","robots":{"index":"index","follow":"follow","max-snippet":"max-snippet:-1","max-image-preview":"max-image-preview:large","max-video-preview":"max-video-preview:-1"},"canonical":"https:\/\/abc-latina.com\/perou\/peche_sportive\/","og_locale":"fr_FR","og_type":"article","og_title":"PECHE SPORTIVE au PEROU - Abc-latina","og_description":"Le tourisme d'aventure et la pratique de la p\u00eache sportive au P\u00e9rou.","og_url":"https:\/\/abc-latina.com\/perou\/peche_sportive\/","og_site_name":"Abc-latina","article_modified_time":"2026-04-30T16:25:19+00:00","og_image":[{"width":220,"height":220,"url":"https:\/\/abc-latina.com\/wp-content\/uploads\/2010\/07\/peche-sportive.jpg","type":"image\/jpeg"}],"twitter_card":"summary_large_image","twitter_misc":{"Dur\u00e9e de lecture estim\u00e9e":"4 minutes"},"schema":{"@context":"https:\/\/schema.org","@graph":[{"@type":"WebPage","@id":"https:\/\/abc-latina.com\/perou\/peche_sportive\/","url":"https:\/\/abc-latina.com\/perou\/peche_sportive\/","name":"PECHE SPORTIVE au PEROU - Abc-latina","isPartOf":{"@id":"https:\/\/abc-latina.com\/#website"},"primaryImageOfPage":{"@id":"https:\/\/abc-latina.com\/perou\/peche_sportive\/#primaryimage"},"image":{"@id":"https:\/\/abc-latina.com\/perou\/peche_sportive\/#primaryimage"},"thumbnailUrl":"https:\/\/abc-latina.com\/wp-content\/uploads\/2010\/07\/peche-sportive.jpg","datePublished":"2010-07-24T20:58:37+00:00","dateModified":"2026-04-30T16:25:19+00:00","description":"Le tourisme d'aventure et la pratique de la p\u00eache sportive au P\u00e9rou.","breadcrumb":{"@id":"https:\/\/abc-latina.com\/perou\/peche_sportive\/#breadcrumb"},"inLanguage":"fr-FR","potentialAction":[{"@type":"ReadAction","target":["https:\/\/abc-latina.com\/perou\/peche_sportive\/"]}]},{"@type":"ImageObject","inLanguage":"fr-FR","@id":"https:\/\/abc-latina.com\/perou\/peche_sportive\/#primaryimage","url":"https:\/\/abc-latina.com\/wp-content\/uploads\/2010\/07\/peche-sportive.jpg","contentUrl":"https:\/\/abc-latina.com\/wp-content\/uploads\/2010\/07\/peche-sportive.jpg","width":220,"height":220,"caption":"LA PECHE SPORTIVE AU PEROU"},{"@type":"BreadcrumbList","@id":"https:\/\/abc-latina.com\/perou\/peche_sportive\/#breadcrumb","itemListElement":[{"@type":"ListItem","position":1,"name":"Accueil","item":"https:\/\/abc-latina.com\/"},{"@type":"ListItem","position":2,"name":"PECHE SPORTIVE au PEROU"}]},{"@type":"WebSite","@id":"https:\/\/abc-latina.com\/#website","url":"https:\/\/abc-latina.com\/","name":"Abc-latina","description":"","publisher":{"@id":"https:\/\/abc-latina.com\/#organization"},"potentialAction":[{"@type":"SearchAction","target":{"@type":"EntryPoint","urlTemplate":"https:\/\/abc-latina.com\/?s={search_term_string}"},"query-input":{"@type":"PropertyValueSpecification","valueRequired":true,"valueName":"search_term_string"}}],"inLanguage":"fr-FR"},{"@type":"Organization","@id":"https:\/\/abc-latina.com\/#organization","name":"Abc-latina","url":"https:\/\/abc-latina.com\/","logo":{"@type":"ImageObject","inLanguage":"fr-FR","@id":"https:\/\/abc-latina.com\/#\/schema\/logo\/image\/","url":"https:\/\/abc-latina.com\/wp-content\/uploads\/2026\/05\/cropped-logo.gif","contentUrl":"https:\/\/abc-latina.com\/wp-content\/uploads\/2026\/05\/cropped-logo.gif","width":89,"height":84,"caption":"Abc-latina"},"image":{"@id":"https:\/\/abc-latina.com\/#\/schema\/logo\/image\/"}}]}},"_links":{"self":[{"href":"https:\/\/abc-latina.com\/wp-json\/wp\/v2\/pages\/1664","targetHints":{"allow":["GET"]}}],"collection":[{"href":"https:\/\/abc-latina.com\/wp-json\/wp\/v2\/pages"}],"about":[{"href":"https:\/\/abc-latina.com\/wp-json\/wp\/v2\/types\/page"}],"author":[{"embeddable":true,"href":"https:\/\/abc-latina.com\/wp-json\/wp\/v2\/users\/3"}],"replies":[{"embeddable":true,"href":"https:\/\/abc-latina.com\/wp-json\/wp\/v2\/comments?post=1664"}],"version-history":[{"count":1,"href":"https:\/\/abc-latina.com\/wp-json\/wp\/v2\/pages\/1664\/revisions"}],"predecessor-version":[{"id":3782,"href":"https:\/\/abc-latina.com\/wp-json\/wp\/v2\/pages\/1664\/revisions\/3782"}],"up":[{"embeddable":true,"href":"https:\/\/abc-latina.com\/wp-json\/wp\/v2\/pages\/2118"}],"wp:featuredmedia":[{"embeddable":true,"href":"https:\/\/abc-latina.com\/wp-json\/wp\/v2\/media\/1663"}],"wp:attachment":[{"href":"https:\/\/abc-latina.com\/wp-json\/wp\/v2\/media?parent=1664"}],"curies":[{"name":"wp","href":"https:\/\/api.w.org\/{rel}","templated":true}]}}