{"id":1669,"date":"2010-07-24T23:54:19","date_gmt":"2010-07-24T21:54:19","guid":{"rendered":"http:\/\/abc-latina.com\/chemin_inca-htm\/"},"modified":"2026-04-30T18:25:18","modified_gmt":"2026-04-30T16:25:18","slug":"chemin_inca","status":"publish","type":"page","link":"https:\/\/abc-latina.com\/perou\/chemin_inca\/","title":{"rendered":"Le CHEMIN DE L&rsquo;INCA"},"content":{"rendered":"<div><img loading=\"lazy\" decoding=\"async\" class=\" alignright size-full wp-image-1667\" src=\"http:\/\/abc-latina.com\/wp-content\/uploads\/2010\/07\/chemin-inca.jpg\" alt=\"\" width=\"250\" vspace=\"9\" hspace=\"15\" height=\"250\" align=\"right\" srcset=\"https:\/\/abc-latina.com\/wp-content\/uploads\/2010\/07\/chemin-inca.jpg 250w, https:\/\/abc-latina.com\/wp-content\/uploads\/2010\/07\/chemin-inca-150x150.jpg 150w\" sizes=\"auto, (max-width: 250px) 100vw, 250px\" \/>La forteresse de <a href=\"https:\/\/www.abc-latina.com\/perou\/machu\">Machu Picchu<\/a> \u00e9tait reli\u00e9e \u00e0 la ville de <a href=\"https:\/\/www.abc-latina.com\/perou\/cuzco\">Cuzco<\/a> par un tr\u00e8s bon chemin qui est devenu de nos jours la plus c\u00e9l\u00e8bre route de trekking en Am\u00e9rique du Sud.<\/div>\n<div>\n<div>Pour entreprendre l&rsquo;excursion du <span class=\"tourisme-chapitre\">Chemin de l&rsquo;Inca<\/span>, il faut d&rsquo;abord faire les 88 premiers kilom\u00e8tres en train de la gare de San Pedro \u00e0 Cuzco. L&rsquo;endroit o\u00f9 le train s&rsquo;arr\u00eate quelques instants s&rsquo;appelle Q&rsquo;oriwayrachina et appartient au sanctuaire historique de Machu Picchu, parc cr\u00e9\u00e9 en 1981 afin de conserver et pr\u00e9server les ressources naturelles et culturelles de la r\u00e9gion. Le chemin, signal\u00e9 gr\u00e2ce \u00e0 des fl\u00e8ches jaunes, va parcourir 39,6km par monts par vaux. L&rsquo;excursion dure de 3 \u00e0 5 jours selon les possibilit\u00e9s physiques du randonneur. Avant de vous y aventurer, assurez-vous de votre bonne condition physique car vous allez franchir des altitudes sup\u00e9rieures \u00e0 3000 m\u00e8tres ainsi que deux cols de plus de 4000 m\u00e8tres. Cette marche peut devenir dangereuse si la saison des pluies est commenc\u00e9e et si vous n&rsquo;\u00eates pas bien \u00e9quip\u00e9s.<\/div>\n<div>Entamez votre parcours calmement. Prenez d&rsquo;abord le pont nomm\u00e9 Kusichaca pour traverser le fleuve Urubamba et ensuite, prenez sur votre gauche le bois d&rsquo;eucalyptus. Vous apercevrez tout de suite les groupes arch\u00e9ologiques de Q&rsquo;ente, Pulpituyoc, Kusichaca et Patallacta. Ensuite, il faut prendre la rive gauche du rio Kusichaca et continuer jusqu&rsquo;au petit village de Wayllabamba situ\u00e9 dans un ravin. Pour arriver \u00e0 ce point il vous faudra parcourir 9km (4 heures de marche). Il est conseill\u00e9 de passer la nuit \u00e0 Llullucha, \u00e0 1,6km plus loin. La deuxi\u00e8me journ\u00e9e sera un peu plus difficile car vous devez arriver \u00e0 la crique de Warmiwanusca (le point le plus haut) \u00e0 4200 m\u00e8tres d&rsquo;altitude. Si l&rsquo;un d&rsquo;entre vous est atteint de &quot; soroche &quot; (mal d&rsquo;altitude), il vaut mieux ne pas s&rsquo;arr\u00eater et continuer le plus rapidement possible vers la vall\u00e9e du rio Pakaymayu, 7km plus loin (8 heures de marche), o\u00f9 vous devez camper.La troisi\u00e8me journ\u00e9e sera la plus longue mais aussi la plus int\u00e9ressante. Il vous sera possible de visiter des sites arch\u00e9ologiques tr\u00e8s impressionnants, tels que Runkuraqay (3800 m\u00e8tres d&rsquo;altitude), qui semble suspendu entre ciel et terre au sommet d&rsquo;un promontoire.<\/div>\n<div>Ensuite, vous descendez vers Yanacocha pour trouver un escalier qui vous conduira \u00e0 Sayaqmarka, site arch\u00e9ologique formant un v\u00e9ritable labyrinthe de ruelles, de places, de terrasses, de maisons et de fontaines, enclos par une muraille touchant le rebord d&rsquo;un pr\u00e9cipice.<\/div>\n<div><img loading=\"lazy\" decoding=\"async\" class=\" alignright size-full wp-image-1668\" src=\"http:\/\/abc-latina.com\/wp-content\/uploads\/2010\/07\/chemin-inca2.jpg\" style=\"margin: 5px 22px; float: right;\" alt=\"\" width=\"208\" height=\"163\" \/>La distance entre Runkuraqay et Sayaqmarka est de 5km (2 heures et demi de marche). Il est conseill\u00e9 de camper pr\u00e8s du groupe arch\u00e9ologique de Phuyupatamarka ou, si vous le pr\u00e9f\u00e9rez, dans le centre de visiteurs de Winaywayna, situ\u00e9 3km plus loin o\u00f9 vous trouverez de la nourriture, des boissons, ainsi que toilettes et lavabos.<\/div>\n<div>Phuyupatamarka (le village au-dessus des nuages) est un relais Incas b\u00e2ti sur une sorte de petite colline entour\u00e9e de terrasses. Il demeure le plus complet et le mieux conserv\u00e9 des sites arch\u00e9ologiques que vous allez rencontrer pendant votre circuit. On y voit des groupes de maisons et un temple, ainsi que des bains rituels \u00e9lev\u00e9s sur le trajet des canaux.La quatri\u00e8me journ\u00e9e, si vous partez \u00e0 8 heures vous arriverez \u00e0 Machu Picchu vers 11 heures, soit 8km de marche dans la for\u00eat. Il faut suivre la route signal\u00e9e par les fl\u00e8ches. M\u00eame si le chemin est clair, il vaut mieux ne pas s&rsquo;approcher au bord des pr\u00e9cipices. Il est formellement interdit de camper \u00e0 Intipunku (la porte du soleil), la v\u00e9ritable entr\u00e9e de la citadelle \u00e0 l&rsquo;\u00e9poque Inca.&nbsp;<\/div>\n<div>Vous avez jusqu&rsquo;\u00e0 17 h 30 pour visiter le Machu Picchu.<\/div>\n<div>Vous pouvez passer la nuit au village d&rsquo;Aguas Calientes, la distance et de 2km (20 minutes de marche). Il faut la parcourir par un \u00e9troit sentier qui longe la voie ferr\u00e9e. Le recommand\u00e9 de se renseigner auparavant sur les horaires des trains afin d&rsquo;\u00e9viter des accidents.Le climat<\/div>\n<div>Il est assez temp\u00e9r\u00e9 toute l&rsquo;ann\u00e9e, mais il pleut beaucoup entre novembre \u00e0 mars. Il est sec et chaud entre avril et octobre. La temp\u00e9rature minimale annuelle varie entre le 8&deg;C et 11&deg;C mais en juin, juillet et ao\u00fbt elle peut descendre au-dessous de 0&deg;C.Le paysage<\/div>\n<div>La pr\u00e9sence des sommets enneig\u00e9s de 6000 m\u00e8tres d&rsquo;altitude de la cordill\u00e8re du Vilcabamba vous offre des images fantastiques. Les levers et couchers de soleil sont d&rsquo;une grandeur spectaculaire.<\/div>\n<div>&nbsp;<\/div>\n<div><span class=\"tourisme-unesco\">Recommandations<\/span><\/div>\n<div>Il est conseill\u00e9 de r\u00e9aliser ce trekking ans au moins quatre jours. Achetez votre billet de train la veille de votre d\u00e9part de Cuzco.<\/div>\n<div>Avant de partir, v\u00e9rifier si vous avez tout l&rsquo;\u00e9quipement n\u00e9cessaire. Il est avantageux d&#8217;emporter de la nourriture de cuisson facile et non p\u00e9rissable rapidement. \u00c9vitez les conserves, en raison de leur poids. Vous trouverez facilement de l&rsquo;eau pendant tout votre parcours. N\u00e9anmoins, nous vous conseillons de vous munir de pastilles de chlore pour la rendre potable.<\/div>\n<div>Il est fortement conseill\u00e9 de voyager en groupe, avec des amis ou d&rsquo;autres promeneurs, ne pas laisser ces affaires en dehors des tentes.<\/div>\n<div>Ne vous \u00e9cartez pas du chemin. Suivez la route signal\u00e9e. Si vous avez des doutes attendez d&rsquo;autres voyageurs.<\/div>\n<div>Si vous avez des probl\u00e8mes, adressez-vous \u00e0 la commission de s\u00e9curit\u00e9 du Machu Picchu qui offre un service m\u00e9dical d&rsquo;urgence et de secours en cas d&rsquo;accident.&nbsp;<\/div>\n<div>\u00c9quipement n\u00e9cessaire :<\/div>\n<div>Une tente, Il peut pleuvoir m\u00eame pendant la saison s\u00e8che. Prot\u00e9gez-vous et emportez aussi un sac de couchage et un matelas isolant. Un fourneau et du combustible. N&rsquo;oubliez pas de ramasser tous les r\u00e9cipients de combustible. De la nourriture pour quatre ou cinq jours. Emportez un sac pour ramasser les ordures.<\/div>\n<div>Des v\u00eatements chauds pour les nuits, de bonnes chaussures de montagne et une torche \u00e9lectrique.M\u00e9dicaments<\/div>\n<div>De la Coramine, Effortil et Mate de Coca pour \u00e9viter le mal d&rsquo;altitude, ainsi qu&rsquo;un bon anti-moustiques.<\/div>\n<h3>Pr\u00e9parez votre voyage pour le chemin de l&rsquo;inca:<\/h3>\n<div><a href=\"https:\/\/www.abc-latina.com\/perou\/agence_de_voyages\">Agences de voyage g\u00e9n\u00e9ralistes et discounteurs<\/a><\/div>\n<div><a href=\"https:\/\/www.abc-latina.com\/perou\/tour_operateur\">Tours Op\u00e9rateurs sp\u00e9cialistes du P\u00e9rou<\/a><\/div>\n<div><a href=\"https:\/\/www.abc-latina.com\/to\/reservation_billet_avion\" target=\"_blank\">R\u00e9servez votre billet d&rsquo;avion<\/a><\/div>\n<div><a href=\"https:\/\/www.abc-latina.com\/perou\/hotels\">R\u00e9servez votre h\u00f4tel \u00e0 Cuzco<\/a>&nbsp;<\/div>\n<div><a href=\"https:\/\/www.abc-latina.com\/to\/location_de_voiture_perou\" target=\"_blank\">Location de voiture<\/a><\/div>\n<p>&nbsp;<\/p>\n<\/div>\n","protected":false},"excerpt":{"rendered":"<p>La forteresse de Machu Picchu \u00e9tait reli\u00e9e \u00e0 la ville de Cuzco par un tr\u00e8s bon chemin qui est devenu [&hellip;]<\/p>\n","protected":false},"author":3,"featured_media":1667,"parent":2118,"menu_order":0,"comment_status":"closed","ping_status":"closed","template":"","meta":{"site-sidebar-layout":"default","site-content-layout":"","ast-site-content-layout":"default","site-content-style":"default","site-sidebar-style":"default","ast-global-header-display":"","ast-banner-title-visibility":"","ast-main-header-display":"","ast-hfb-above-header-display":"","ast-hfb-below-header-display":"","ast-hfb-mobile-header-display":"","site-post-title":"","ast-breadcrumbs-content":"","ast-featured-img":"","footer-sml-layout":"","ast-disable-related-posts":"","theme-transparent-header-meta":"","adv-header-id-meta":"","stick-header-meta":"","header-above-stick-meta":"","header-main-stick-meta":"","header-below-stick-meta":"","astra-migrate-meta-layouts":"default","ast-page-background-enabled":"default","ast-page-background-meta":{"desktop":{"background-color":"var(--ast-global-color-5)","background-image":"","background-repeat":"repeat","background-position":"center center","background-size":"auto","background-attachment":"scroll","background-type":"","background-media":"","overlay-type":"","overlay-color":"","overlay-opacity":"","overlay-gradient":""},"tablet":{"background-color":"","background-image":"","background-repeat":"repeat","background-position":"center center","background-size":"auto","background-attachment":"scroll","background-type":"","background-media":"","overlay-type":"","overlay-color":"","overlay-opacity":"","overlay-gradient":""},"mobile":{"background-color":"","background-image":"","background-repeat":"repeat","background-position":"center center","background-size":"auto","background-attachment":"scroll","background-type":"","background-media":"","overlay-type":"","overlay-color":"","overlay-opacity":"","overlay-gradient":""}},"ast-content-background-meta":{"desktop":{"background-color":"var(--ast-global-color-4)","background-image":"","background-repeat":"repeat","background-position":"center center","background-size":"auto","background-attachment":"scroll","background-type":"","background-media":"","overlay-type":"","overlay-color":"","overlay-opacity":"","overlay-gradient":""},"tablet":{"background-color":"var(--ast-global-color-4)","background-image":"","background-repeat":"repeat","background-position":"center center","background-size":"auto","background-attachment":"scroll","background-type":"","background-media":"","overlay-type":"","overlay-color":"","overlay-opacity":"","overlay-gradient":""},"mobile":{"background-color":"var(--ast-global-color-4)","background-image":"","background-repeat":"repeat","background-position":"center center","background-size":"auto","background-attachment":"scroll","background-type":"","background-media":"","overlay-type":"","overlay-color":"","overlay-opacity":"","overlay-gradient":""}},"footnotes":""},"class_list":["post-1669","page","type-page","status-publish","has-post-thumbnail","hentry"],"yoast_head":"<!-- This site is optimized with the Yoast SEO plugin v27.5 - https:\/\/yoast.com\/product\/yoast-seo-wordpress\/ -->\n<title>Le CHEMIN DE L&#039;INCA - Abc-latina<\/title>\n<meta name=\"description\" content=\"Trek sur le chemin de l&#039;inca - Perou.\" \/>\n<meta name=\"robots\" content=\"index, follow, max-snippet:-1, max-image-preview:large, max-video-preview:-1\" \/>\n<link rel=\"canonical\" href=\"https:\/\/abc-latina.com\/perou\/chemin_inca\/\" \/>\n<meta property=\"og:locale\" content=\"fr_FR\" \/>\n<meta property=\"og:type\" content=\"article\" \/>\n<meta property=\"og:title\" content=\"Le CHEMIN DE L&#039;INCA - Abc-latina\" \/>\n<meta property=\"og:description\" content=\"Trek sur le chemin de l&#039;inca - Perou.\" \/>\n<meta property=\"og:url\" content=\"https:\/\/abc-latina.com\/perou\/chemin_inca\/\" \/>\n<meta property=\"og:site_name\" content=\"Abc-latina\" \/>\n<meta property=\"article:modified_time\" content=\"2026-04-30T16:25:18+00:00\" \/>\n<meta property=\"og:image\" content=\"https:\/\/abc-latina.com\/wp-content\/uploads\/2010\/07\/chemin-inca.jpg\" \/>\n\t<meta property=\"og:image:width\" content=\"250\" \/>\n\t<meta property=\"og:image:height\" content=\"250\" \/>\n\t<meta property=\"og:image:type\" content=\"image\/jpeg\" \/>\n<meta name=\"twitter:card\" content=\"summary_large_image\" \/>\n<meta name=\"twitter:label1\" content=\"Dur\u00e9e de lecture estim\u00e9e\" \/>\n\t<meta name=\"twitter:data1\" content=\"5 minutes\" \/>\n<script type=\"application\/ld+json\" class=\"yoast-schema-graph\">{\"@context\":\"https:\\\/\\\/schema.org\",\"@graph\":[{\"@type\":\"WebPage\",\"@id\":\"https:\\\/\\\/abc-latina.com\\\/perou\\\/chemin_inca\\\/\",\"url\":\"https:\\\/\\\/abc-latina.com\\\/perou\\\/chemin_inca\\\/\",\"name\":\"Le CHEMIN DE L'INCA - Abc-latina\",\"isPartOf\":{\"@id\":\"https:\\\/\\\/abc-latina.com\\\/#website\"},\"primaryImageOfPage\":{\"@id\":\"https:\\\/\\\/abc-latina.com\\\/perou\\\/chemin_inca\\\/#primaryimage\"},\"image\":{\"@id\":\"https:\\\/\\\/abc-latina.com\\\/perou\\\/chemin_inca\\\/#primaryimage\"},\"thumbnailUrl\":\"https:\\\/\\\/abc-latina.com\\\/wp-content\\\/uploads\\\/2010\\\/07\\\/chemin-inca.jpg\",\"datePublished\":\"2010-07-24T21:54:19+00:00\",\"dateModified\":\"2026-04-30T16:25:18+00:00\",\"description\":\"Trek sur le chemin de l'inca - Perou.\",\"breadcrumb\":{\"@id\":\"https:\\\/\\\/abc-latina.com\\\/perou\\\/chemin_inca\\\/#breadcrumb\"},\"inLanguage\":\"fr-FR\",\"potentialAction\":[{\"@type\":\"ReadAction\",\"target\":[\"https:\\\/\\\/abc-latina.com\\\/perou\\\/chemin_inca\\\/\"]}]},{\"@type\":\"ImageObject\",\"inLanguage\":\"fr-FR\",\"@id\":\"https:\\\/\\\/abc-latina.com\\\/perou\\\/chemin_inca\\\/#primaryimage\",\"url\":\"https:\\\/\\\/abc-latina.com\\\/wp-content\\\/uploads\\\/2010\\\/07\\\/chemin-inca.jpg\",\"contentUrl\":\"https:\\\/\\\/abc-latina.com\\\/wp-content\\\/uploads\\\/2010\\\/07\\\/chemin-inca.jpg\",\"width\":250,\"height\":250},{\"@type\":\"BreadcrumbList\",\"@id\":\"https:\\\/\\\/abc-latina.com\\\/perou\\\/chemin_inca\\\/#breadcrumb\",\"itemListElement\":[{\"@type\":\"ListItem\",\"position\":1,\"name\":\"Accueil\",\"item\":\"https:\\\/\\\/abc-latina.com\\\/\"},{\"@type\":\"ListItem\",\"position\":2,\"name\":\"Le CHEMIN DE L&rsquo;INCA\"}]},{\"@type\":\"WebSite\",\"@id\":\"https:\\\/\\\/abc-latina.com\\\/#website\",\"url\":\"https:\\\/\\\/abc-latina.com\\\/\",\"name\":\"Abc-latina\",\"description\":\"\",\"publisher\":{\"@id\":\"https:\\\/\\\/abc-latina.com\\\/#organization\"},\"potentialAction\":[{\"@type\":\"SearchAction\",\"target\":{\"@type\":\"EntryPoint\",\"urlTemplate\":\"https:\\\/\\\/abc-latina.com\\\/?s={search_term_string}\"},\"query-input\":{\"@type\":\"PropertyValueSpecification\",\"valueRequired\":true,\"valueName\":\"search_term_string\"}}],\"inLanguage\":\"fr-FR\"},{\"@type\":\"Organization\",\"@id\":\"https:\\\/\\\/abc-latina.com\\\/#organization\",\"name\":\"Abc-latina\",\"url\":\"https:\\\/\\\/abc-latina.com\\\/\",\"logo\":{\"@type\":\"ImageObject\",\"inLanguage\":\"fr-FR\",\"@id\":\"https:\\\/\\\/abc-latina.com\\\/#\\\/schema\\\/logo\\\/image\\\/\",\"url\":\"https:\\\/\\\/abc-latina.com\\\/wp-content\\\/uploads\\\/2026\\\/05\\\/cropped-logo.gif\",\"contentUrl\":\"https:\\\/\\\/abc-latina.com\\\/wp-content\\\/uploads\\\/2026\\\/05\\\/cropped-logo.gif\",\"width\":89,\"height\":84,\"caption\":\"Abc-latina\"},\"image\":{\"@id\":\"https:\\\/\\\/abc-latina.com\\\/#\\\/schema\\\/logo\\\/image\\\/\"}}]}<\/script>\n<!-- \/ Yoast SEO plugin. -->","yoast_head_json":{"title":"Le CHEMIN DE L'INCA - Abc-latina","description":"Trek sur le chemin de l'inca - Perou.","robots":{"index":"index","follow":"follow","max-snippet":"max-snippet:-1","max-image-preview":"max-image-preview:large","max-video-preview":"max-video-preview:-1"},"canonical":"https:\/\/abc-latina.com\/perou\/chemin_inca\/","og_locale":"fr_FR","og_type":"article","og_title":"Le CHEMIN DE L'INCA - Abc-latina","og_description":"Trek sur le chemin de l'inca - Perou.","og_url":"https:\/\/abc-latina.com\/perou\/chemin_inca\/","og_site_name":"Abc-latina","article_modified_time":"2026-04-30T16:25:18+00:00","og_image":[{"width":250,"height":250,"url":"https:\/\/abc-latina.com\/wp-content\/uploads\/2010\/07\/chemin-inca.jpg","type":"image\/jpeg"}],"twitter_card":"summary_large_image","twitter_misc":{"Dur\u00e9e de lecture estim\u00e9e":"5 minutes"},"schema":{"@context":"https:\/\/schema.org","@graph":[{"@type":"WebPage","@id":"https:\/\/abc-latina.com\/perou\/chemin_inca\/","url":"https:\/\/abc-latina.com\/perou\/chemin_inca\/","name":"Le CHEMIN DE L'INCA - Abc-latina","isPartOf":{"@id":"https:\/\/abc-latina.com\/#website"},"primaryImageOfPage":{"@id":"https:\/\/abc-latina.com\/perou\/chemin_inca\/#primaryimage"},"image":{"@id":"https:\/\/abc-latina.com\/perou\/chemin_inca\/#primaryimage"},"thumbnailUrl":"https:\/\/abc-latina.com\/wp-content\/uploads\/2010\/07\/chemin-inca.jpg","datePublished":"2010-07-24T21:54:19+00:00","dateModified":"2026-04-30T16:25:18+00:00","description":"Trek sur le chemin de l'inca - Perou.","breadcrumb":{"@id":"https:\/\/abc-latina.com\/perou\/chemin_inca\/#breadcrumb"},"inLanguage":"fr-FR","potentialAction":[{"@type":"ReadAction","target":["https:\/\/abc-latina.com\/perou\/chemin_inca\/"]}]},{"@type":"ImageObject","inLanguage":"fr-FR","@id":"https:\/\/abc-latina.com\/perou\/chemin_inca\/#primaryimage","url":"https:\/\/abc-latina.com\/wp-content\/uploads\/2010\/07\/chemin-inca.jpg","contentUrl":"https:\/\/abc-latina.com\/wp-content\/uploads\/2010\/07\/chemin-inca.jpg","width":250,"height":250},{"@type":"BreadcrumbList","@id":"https:\/\/abc-latina.com\/perou\/chemin_inca\/#breadcrumb","itemListElement":[{"@type":"ListItem","position":1,"name":"Accueil","item":"https:\/\/abc-latina.com\/"},{"@type":"ListItem","position":2,"name":"Le CHEMIN DE L&rsquo;INCA"}]},{"@type":"WebSite","@id":"https:\/\/abc-latina.com\/#website","url":"https:\/\/abc-latina.com\/","name":"Abc-latina","description":"","publisher":{"@id":"https:\/\/abc-latina.com\/#organization"},"potentialAction":[{"@type":"SearchAction","target":{"@type":"EntryPoint","urlTemplate":"https:\/\/abc-latina.com\/?s={search_term_string}"},"query-input":{"@type":"PropertyValueSpecification","valueRequired":true,"valueName":"search_term_string"}}],"inLanguage":"fr-FR"},{"@type":"Organization","@id":"https:\/\/abc-latina.com\/#organization","name":"Abc-latina","url":"https:\/\/abc-latina.com\/","logo":{"@type":"ImageObject","inLanguage":"fr-FR","@id":"https:\/\/abc-latina.com\/#\/schema\/logo\/image\/","url":"https:\/\/abc-latina.com\/wp-content\/uploads\/2026\/05\/cropped-logo.gif","contentUrl":"https:\/\/abc-latina.com\/wp-content\/uploads\/2026\/05\/cropped-logo.gif","width":89,"height":84,"caption":"Abc-latina"},"image":{"@id":"https:\/\/abc-latina.com\/#\/schema\/logo\/image\/"}}]}},"_links":{"self":[{"href":"https:\/\/abc-latina.com\/wp-json\/wp\/v2\/pages\/1669","targetHints":{"allow":["GET"]}}],"collection":[{"href":"https:\/\/abc-latina.com\/wp-json\/wp\/v2\/pages"}],"about":[{"href":"https:\/\/abc-latina.com\/wp-json\/wp\/v2\/types\/page"}],"author":[{"embeddable":true,"href":"https:\/\/abc-latina.com\/wp-json\/wp\/v2\/users\/3"}],"replies":[{"embeddable":true,"href":"https:\/\/abc-latina.com\/wp-json\/wp\/v2\/comments?post=1669"}],"version-history":[{"count":1,"href":"https:\/\/abc-latina.com\/wp-json\/wp\/v2\/pages\/1669\/revisions"}],"predecessor-version":[{"id":3765,"href":"https:\/\/abc-latina.com\/wp-json\/wp\/v2\/pages\/1669\/revisions\/3765"}],"up":[{"embeddable":true,"href":"https:\/\/abc-latina.com\/wp-json\/wp\/v2\/pages\/2118"}],"wp:featuredmedia":[{"embeddable":true,"href":"https:\/\/abc-latina.com\/wp-json\/wp\/v2\/media\/1667"}],"wp:attachment":[{"href":"https:\/\/abc-latina.com\/wp-json\/wp\/v2\/media?parent=1669"}],"curies":[{"name":"wp","href":"https:\/\/api.w.org\/{rel}","templated":true}]}}