{"id":1672,"date":"2010-07-25T00:23:22","date_gmt":"2010-07-24T22:23:22","guid":{"rendered":"http:\/\/abc-latina.com\/environs_arequipa-htm\/"},"modified":"2026-04-30T18:25:19","modified_gmt":"2026-04-30T16:25:19","slug":"environs_arequipa","status":"publish","type":"page","link":"https:\/\/abc-latina.com\/perou\/environs_arequipa\/","title":{"rendered":"Les ENVIRONS d&rsquo;AREQUIPA"},"content":{"rendered":"<p><span class=\"tourisme-chapitre\"><img loading=\"lazy\" decoding=\"async\" class=\" size-full wp-image-934\" src=\"http:\/\/abc-latina.com\/wp-content\/uploads\/2010\/06\/IMG_8813.jpg\" title=\"LES ENVIRONS D'AREQUIPA\" alt=\"\" width=\"480\" height=\"360\" srcset=\"https:\/\/abc-latina.com\/wp-content\/uploads\/2010\/06\/IMG_8813.jpg 600w, https:\/\/abc-latina.com\/wp-content\/uploads\/2010\/06\/IMG_8813-300x225.jpg 300w\" sizes=\"auto, (max-width: 480px) 100vw, 480px\" \/><\/span><\/p>\n<div>\n<div>&nbsp;<\/div>\n<div><span class=\"tourisme-chapitre\">Le Mirador de Yanahuara<\/span><\/div>\n<div>Construit au XIXe si\u00e8cle, il est form\u00e9 d&rsquo;une s\u00e9rie d&rsquo;arcs de sillar, ou pierres de taille d&rsquo;origine volcanique, sur lesquels ont \u00e9t\u00e9 grav\u00e9es les phrases des ar\u00e9quip\u00e9gniens les plus c\u00e9l\u00e8bres. Le mirador a une vue privil\u00e9gi\u00e9e sur la ville et sur le volcan Misti. A 2 km du centre de la ville d&rsquo;Arequipa (8 minutes en auto).<\/div>\n<div>&nbsp;<\/div>\n<div><span class=\"tourisme-chapitre\">Le Village de Saband\u00eda<\/span><\/div>\n<div>D&rsquo;amples terrasses et trois volcans, le Misti, le Chachani et le Pichu Pichu, donnent le ton au paysage qui entoure ce village traditionnel. Quelques-unes de ses maisons conservent encore les caract\u00e9ristiques du style du Vice-royaume ou de la R\u00e9publique du XIXe si\u00e8cle. Un complexe de loisirs y a \u00e9t\u00e9 construit, avec deux piscines aliment\u00e9es par les eaux fra\u00eeches des sources qui avoisinent le site.<\/div>\n<div>A 8 km au sur de la ville d&rsquo;Arequipa (20 minutes en auto).<\/div>\n<div>&nbsp;<\/div>\n<div><span class=\"tourisme-chapitre\">Le Moulin de Saband\u00eda<\/span><\/div>\n<div>Situ\u00e9 dans le village de Saband\u00eda.<\/div>\n<div>Construit en 1785, il repr\u00e9sente l&rsquo;architecture typique de la r\u00e9gion, domin\u00e9e par l&rsquo;emploi du sillar. Ses solides contreforts et ses balcons rustiques sont tr\u00e8s caract\u00e9ristiques. On peut y observer aussi les techniques utilis\u00e9es pour travailler le bl\u00e9 en utilisant les moulins de pierre.<\/div>\n<div>&nbsp;<\/div>\n<div><span class=\"tourisme-chapitre\">La Mansi\u00f3n del Fundador<\/span><\/div>\n<div><a href=\"..\/tour_operateur\" target=\"_blank\"><img loading=\"lazy\" decoding=\"async\" class=\" size-full wp-image-41\" alt=\"\" src=\"http:\/\/abc-latina.com\/wp-content\/uploads\/2010\/04\/timbre_to.gif\" class=\"touroperateur\" width=\"125\" height=\"90\" \/><\/a>Construite en sillar au bord d&rsquo;une falaise, elle est l&rsquo;une des demeures ou villas les plus importantes et typiques de la r\u00e9gion. D&rsquo;apr\u00e8s la rumeur, Garc\u00ed Manuel de Carbajal, fondateur d&rsquo;Arequipa, la fit construire pour son fils. Plus tard, en 1785, don Juan Cris\u00f3stomo de Goyeneche y Aguerreverre en devint le propri\u00e9taire, et il la r\u00e9nova en lui ajoutant les caract\u00e9ristiques seigneuriales que l&rsquo;on peut observer aujourd&rsquo;hui. L&rsquo;acc\u00e8s principal se compose d&rsquo;un vestibule au plafond vo\u00fbt\u00e9, suivi d&rsquo;une vaste cour int\u00e9rieure principale sur laquelle s&rsquo;ouvrent les fen\u00eatres et les portes des chambres.<\/div>\n<div>A 9 km de la ville d&rsquo;Arequipa (15 minutes en auto).&nbsp;<\/div>\n<div>&nbsp;<\/div>\n<div><span class=\"tourisme-chapitre\">Le District de Cayma<\/span><\/div>\n<div>Le village de Cayma est r\u00e9put\u00e9 pour \u00eatre le &quot;Balcon d&rsquo;Arequipa&quot; gr\u00e2ce \u00e0 sa situation privil\u00e9gi\u00e9e qui permet de contempler toute la ville. Sur sa place centrale, le temple de San Miguel Arc\u00e1ngel, construit en 1730, est consid\u00e9r\u00e9 comme un joyau architectural pour sa fa\u00e7ade m\u00e9tisse. Le presbyt\u00e8re conserve le &quot;Salon de Bol\u00edvar&quot; o\u00f9, dit-on, le Lib\u00e9rateur d\u00e9jeuna durant son s\u00e9jour dans le village.<\/div>\n<div>A 3 km au sud de la ville d&rsquo;Arequipa (8 minutes en auto).<\/div>\n<div>&nbsp;<\/div>\n<div><span class=\"tourisme-chapitre\">Le Volcan Misti<\/span><\/div>\n<div>Le Misti, avec ses 5825 m., est l&rsquo;image tut\u00e9laire de la ville. Depuis le haut de son sommet, il est possible d&rsquo;entrevoir la ville d&rsquo;Arequipa, la vall\u00e9e du R\u00edo Chili et les volcans Chachani et Pichu Pichu.<\/div>\n<div>A 20 km au nord-est de la ville d&rsquo;Arequipa, on acc\u00e8de jusqu&rsquo;aux flancs du volcan<\/div>\n<div>(1 heure en v\u00e9hicule 4&#215;4).<\/div>\n<div>&nbsp;<\/div>\n<div><span class=\"tourisme-chapitre\">Les Thermes de Yura<\/span><\/div>\n<div>Il s&rsquo;agit de bassins thermaux situ\u00e9s sur les flancs du volcan Chachani, \u00e0 2575 m. d&rsquo;altitude. Ces bassins sont r\u00e9put\u00e9s pour les propri\u00e9t\u00e9s th\u00e9rapeutiques de leurs eaux, dont la temp\u00e9rature fluctue entre 23&deg; et 28&deg;C. Ces bassins, construits entre les ann\u00e9es 1810 et 1831 par don Jos\u00e9 Nogal y Noguerol, sont aujourd&rsquo;hui encore ouverts.<\/div>\n<div>A 27 km au nord de la ville d&rsquo;Arequipa (45 minutes en bus).<\/div>\n<div>&nbsp;<\/div>\n<div><span class=\"tourisme-chapitre\">Les Grottes de Sumbay &ndash; L&rsquo;Art rupestre<\/span><\/div>\n<div>Situ\u00e9es \u00e0 l&rsquo;int\u00e9rieur de la R\u00e9serve Nationale de Salinas y Aguada Blanca, elles abritent plus de 500 figures d&rsquo;art rupestre. Ces repr\u00e9sentations, faites probablement par les premiers habitants de la r\u00e9gion, ont une anciennet\u00e9 approximative de 6000 \u00e0 8000 ans.<\/div>\n<div>A 97 km au nord de la ville d&rsquo;Arequipa par la route de Caylloma<\/div>\n<div>(1 heure et 45 minutes en bus).<\/div>\n<div>&nbsp;<\/div>\n<div><span class=\"tourisme-chapitre\">Le Nevado Chachani<\/span><\/div>\n<div>On arrive au camp de base, d&rsquo;o\u00f9 commence une marche d&rsquo;au plus 6 heures environ jusqu&rsquo;au sommet.<\/div>\n<div>Consid\u00e9r\u00e9 comme une des ascensions les plus difficiles du P\u00e9rou, ce sommet enneig\u00e9 atteint une altitude de plus de 6075 m.. C&rsquo;est aussi un volcan inactif, mais la lave est encore visible et elle pr\u00e9sente des petits ravins et des moraines. L&rsquo;ascension dure deux jours et une nuit.<\/div>\n<div>A 55 km vers le nord de la ville d&rsquo;Arequipa (2 heures en v\u00e9hicule 4 x 4).<\/div>\n<div>&nbsp;<\/div>\n<div><span class=\"tourisme-chapitre\">Le District de Yarabamba<\/span><\/div>\n<div>Le nom du district provient de deux termes quechuas: &quot;yaro&quot; ou &quot;yara&quot;, un arbuste propre \u00e0 la r\u00e9gion, et &quot;bamba&quot;, qui signifie &quot;pampa&quot;. On peut visiter dans le village la demeure des Arenas y Pinto, et la maison coloniale des Rivera y Echevarr\u00eda.<\/div>\n<div>A 21 km au sud de la ville d&rsquo;Arequipa (35 minutes en auto).<\/div>\n<div>&nbsp;<\/div>\n<div><span class=\"tourisme-chapitre\">Le District de Queque\u00f1a<\/span><\/div>\n<div>Cet endroit a \u00e9t\u00e9 habit\u00e9 par les Lupacas, par les Aymaras, par les Quechuas, par les Collaguas, par les Puquinas et, au milieu du XVe si\u00e8cle, par les Incas. Le nom de ce village viendrait du terme puquina &quot;queque\u00f1a&quot;, qui signifie &quot;endroit rocailleux et solide&quot;.<\/div>\n<div>Les principaux sites d&rsquo;int\u00e9r\u00eat sont l&rsquo;Alameda de los Sauces, la Alameda de los Muertos et la Quebrada de Guanaqueros ; il poss\u00e8de aussi une \u00e9glise r\u00e9cemment restaur\u00e9e.&nbsp;<\/div>\n<div>A 25 km au sud-est de la ville d&rsquo;Arequipa (40 minutes en auto).<\/div>\n<div>&nbsp;<\/div>\n<div><span class=\"tourisme-chapitre\">Le District de Characato<\/span><\/div>\n<div>Localit\u00e9 \u00e0 la v\u00e9g\u00e9tation dense et aux eaux abondantes, des conditions id\u00e9ales pour l&rsquo;agriculture. Tout pr\u00e8s du village se trouve une source appel\u00e9e &quot;Ojo del Milagro&quot;. Il y a une belle \u00e9glise coloniale. Autrefois, les habitants de cette localit\u00e9 partirent travailler dans les salp\u00eatreries du sud, aujourd&rsquo;hui en territoire chilien, et lorsque les gens leur demandaient d&rsquo;o\u00f9 ils venaient, ils r\u00e9pondaient: &quot;de Characato, monsieur&quot;; d&rsquo;o\u00f9 le surnom que leur donnent tous les ar\u00e9quip\u00e9gniens qui les appellent les &quot;characatos&quot;.<\/div>\n<div>A 10 km de la ville d&rsquo;Arequipa (15 minutes en auto).<\/div>\n<div>&nbsp;<\/div>\n<div><span class=\"tourisme-chapitre\">La R\u00e9serve Nationale de Salinas et Aguada Blanca<\/span><\/div>\n<div>Sa superficie est de presque 367 mille hectares, et comprend les territoires des provinces d&rsquo;Arequipa et de Caylloma (R\u00e9gion Arequipa) et General S\u00e1nchez Cerro (R\u00e9gion Moquegua). Elle fut cr\u00e9\u00e9e afin de conserver d&rsquo;importantes associations entre la faune et la flore, de prot\u00e9ger des espaces naturels qui se trouvaient dans un processus de destruction et de d\u00e9t\u00e9rioration, et aussi pour prot\u00e9ger la vigogne \u00e0 l&rsquo;aide d&rsquo;un programme de repeuplement. La r\u00e9serve se situe entre 2800 et 6050 m. d&rsquo;altitude, dans laquelle se trouvent les volcans Misti (5825 m.), Chachani (6075 m.) et Pichu Pichu (5664 m.).<\/div>\n<div>Parmi les esp\u00e8ces les plus repr\u00e9sentatives de la r\u00e9serve, il y a la viscache, le renard, le condor et le flamant andin ou parihuana. Les scientifiques ont d\u00e9termin\u00e9 l&rsquo;existence de 169 esp\u00e8ces animales, parmi lesquelles sont recens\u00e9s 24 mammif\u00e8res (y compris deux formes domestiques de cam\u00e9lid\u00e9s sud-am\u00e9ricains), 138 esp\u00e8ces d&rsquo;oiseaux (notamment des canards plongeurs, des aigles et des cr\u00e9cerelles), 3 esp\u00e8ces de reptiles, 4 esp\u00e8ces de batraciens et 3 esp\u00e8ces de poissons. La lagune de Salinas est consid\u00e9r\u00e9e comme un site privil\u00e9gi\u00e9 pour l&rsquo;observation des parihuanas \u00e0 l&rsquo;\u00e9poque de la migration.<\/div>\n<div>A 35 km environ au nord-ouest de la ville d&rsquo;Arequipa (1 heure 30 minutes en bus).<\/div>\n<\/div>\n","protected":false},"excerpt":{"rendered":"<p>&nbsp; Le Mirador de Yanahuara Construit au XIXe si\u00e8cle, il est form\u00e9 d&rsquo;une s\u00e9rie d&rsquo;arcs de sillar, ou pierres de [&hellip;]<\/p>\n","protected":false},"author":3,"featured_media":934,"parent":2118,"menu_order":0,"comment_status":"closed","ping_status":"closed","template":"","meta":{"site-sidebar-layout":"default","site-content-layout":"","ast-site-content-layout":"default","site-content-style":"default","site-sidebar-style":"default","ast-global-header-display":"","ast-banner-title-visibility":"","ast-main-header-display":"","ast-hfb-above-header-display":"","ast-hfb-below-header-display":"","ast-hfb-mobile-header-display":"","site-post-title":"","ast-breadcrumbs-content":"","ast-featured-img":"","footer-sml-layout":"","ast-disable-related-posts":"","theme-transparent-header-meta":"","adv-header-id-meta":"","stick-header-meta":"","header-above-stick-meta":"","header-main-stick-meta":"","header-below-stick-meta":"","astra-migrate-meta-layouts":"default","ast-page-background-enabled":"default","ast-page-background-meta":{"desktop":{"background-color":"var(--ast-global-color-5)","background-image":"","background-repeat":"repeat","background-position":"center center","background-size":"auto","background-attachment":"scroll","background-type":"","background-media":"","overlay-type":"","overlay-color":"","overlay-opacity":"","overlay-gradient":""},"tablet":{"background-color":"","background-image":"","background-repeat":"repeat","background-position":"center center","background-size":"auto","background-attachment":"scroll","background-type":"","background-media":"","overlay-type":"","overlay-color":"","overlay-opacity":"","overlay-gradient":""},"mobile":{"background-color":"","background-image":"","background-repeat":"repeat","background-position":"center center","background-size":"auto","background-attachment":"scroll","background-type":"","background-media":"","overlay-type":"","overlay-color":"","overlay-opacity":"","overlay-gradient":""}},"ast-content-background-meta":{"desktop":{"background-color":"var(--ast-global-color-4)","background-image":"","background-repeat":"repeat","background-position":"center center","background-size":"auto","background-attachment":"scroll","background-type":"","background-media":"","overlay-type":"","overlay-color":"","overlay-opacity":"","overlay-gradient":""},"tablet":{"background-color":"var(--ast-global-color-4)","background-image":"","background-repeat":"repeat","background-position":"center center","background-size":"auto","background-attachment":"scroll","background-type":"","background-media":"","overlay-type":"","overlay-color":"","overlay-opacity":"","overlay-gradient":""},"mobile":{"background-color":"var(--ast-global-color-4)","background-image":"","background-repeat":"repeat","background-position":"center center","background-size":"auto","background-attachment":"scroll","background-type":"","background-media":"","overlay-type":"","overlay-color":"","overlay-opacity":"","overlay-gradient":""}},"footnotes":""},"class_list":["post-1672","page","type-page","status-publish","has-post-thumbnail","hentry"],"yoast_head":"<!-- This site is optimized with the Yoast SEO plugin v27.5 - https:\/\/yoast.com\/product\/yoast-seo-wordpress\/ -->\n<title>Les ENVIRONS d&#039;AREQUIPA - Abc-latina<\/title>\n<meta name=\"description\" content=\"Autour de la ville d&#039; Arequipa.\" \/>\n<meta name=\"robots\" content=\"index, follow, max-snippet:-1, max-image-preview:large, max-video-preview:-1\" \/>\n<link rel=\"canonical\" href=\"https:\/\/abc-latina.com\/perou\/environs_arequipa\/\" \/>\n<meta property=\"og:locale\" content=\"fr_FR\" \/>\n<meta property=\"og:type\" content=\"article\" \/>\n<meta property=\"og:title\" content=\"Les ENVIRONS d&#039;AREQUIPA - Abc-latina\" \/>\n<meta property=\"og:description\" content=\"Autour de la ville d&#039; Arequipa.\" \/>\n<meta property=\"og:url\" content=\"https:\/\/abc-latina.com\/perou\/environs_arequipa\/\" \/>\n<meta property=\"og:site_name\" content=\"Abc-latina\" \/>\n<meta property=\"article:modified_time\" content=\"2026-04-30T16:25:19+00:00\" \/>\n<meta property=\"og:image\" content=\"https:\/\/abc-latina.com\/wp-content\/uploads\/2010\/06\/IMG_8813.jpg\" \/>\n\t<meta property=\"og:image:width\" content=\"600\" \/>\n\t<meta property=\"og:image:height\" content=\"450\" \/>\n\t<meta property=\"og:image:type\" content=\"image\/jpeg\" \/>\n<meta name=\"twitter:card\" content=\"summary_large_image\" \/>\n<meta name=\"twitter:label1\" content=\"Dur\u00e9e de lecture estim\u00e9e\" \/>\n\t<meta name=\"twitter:data1\" content=\"7 minutes\" \/>\n<script type=\"application\/ld+json\" class=\"yoast-schema-graph\">{\"@context\":\"https:\\\/\\\/schema.org\",\"@graph\":[{\"@type\":\"WebPage\",\"@id\":\"https:\\\/\\\/abc-latina.com\\\/perou\\\/environs_arequipa\\\/\",\"url\":\"https:\\\/\\\/abc-latina.com\\\/perou\\\/environs_arequipa\\\/\",\"name\":\"Les ENVIRONS d'AREQUIPA - Abc-latina\",\"isPartOf\":{\"@id\":\"https:\\\/\\\/abc-latina.com\\\/#website\"},\"primaryImageOfPage\":{\"@id\":\"https:\\\/\\\/abc-latina.com\\\/perou\\\/environs_arequipa\\\/#primaryimage\"},\"image\":{\"@id\":\"https:\\\/\\\/abc-latina.com\\\/perou\\\/environs_arequipa\\\/#primaryimage\"},\"thumbnailUrl\":\"https:\\\/\\\/abc-latina.com\\\/wp-content\\\/uploads\\\/2010\\\/06\\\/IMG_8813.jpg\",\"datePublished\":\"2010-07-24T22:23:22+00:00\",\"dateModified\":\"2026-04-30T16:25:19+00:00\",\"description\":\"Autour de la ville d' Arequipa.\",\"breadcrumb\":{\"@id\":\"https:\\\/\\\/abc-latina.com\\\/perou\\\/environs_arequipa\\\/#breadcrumb\"},\"inLanguage\":\"fr-FR\",\"potentialAction\":[{\"@type\":\"ReadAction\",\"target\":[\"https:\\\/\\\/abc-latina.com\\\/perou\\\/environs_arequipa\\\/\"]}]},{\"@type\":\"ImageObject\",\"inLanguage\":\"fr-FR\",\"@id\":\"https:\\\/\\\/abc-latina.com\\\/perou\\\/environs_arequipa\\\/#primaryimage\",\"url\":\"https:\\\/\\\/abc-latina.com\\\/wp-content\\\/uploads\\\/2010\\\/06\\\/IMG_8813.jpg\",\"contentUrl\":\"https:\\\/\\\/abc-latina.com\\\/wp-content\\\/uploads\\\/2010\\\/06\\\/IMG_8813.jpg\",\"width\":600,\"height\":450},{\"@type\":\"BreadcrumbList\",\"@id\":\"https:\\\/\\\/abc-latina.com\\\/perou\\\/environs_arequipa\\\/#breadcrumb\",\"itemListElement\":[{\"@type\":\"ListItem\",\"position\":1,\"name\":\"Accueil\",\"item\":\"https:\\\/\\\/abc-latina.com\\\/\"},{\"@type\":\"ListItem\",\"position\":2,\"name\":\"Les ENVIRONS d&rsquo;AREQUIPA\"}]},{\"@type\":\"WebSite\",\"@id\":\"https:\\\/\\\/abc-latina.com\\\/#website\",\"url\":\"https:\\\/\\\/abc-latina.com\\\/\",\"name\":\"Abc-latina\",\"description\":\"\",\"publisher\":{\"@id\":\"https:\\\/\\\/abc-latina.com\\\/#organization\"},\"potentialAction\":[{\"@type\":\"SearchAction\",\"target\":{\"@type\":\"EntryPoint\",\"urlTemplate\":\"https:\\\/\\\/abc-latina.com\\\/?s={search_term_string}\"},\"query-input\":{\"@type\":\"PropertyValueSpecification\",\"valueRequired\":true,\"valueName\":\"search_term_string\"}}],\"inLanguage\":\"fr-FR\"},{\"@type\":\"Organization\",\"@id\":\"https:\\\/\\\/abc-latina.com\\\/#organization\",\"name\":\"Abc-latina\",\"url\":\"https:\\\/\\\/abc-latina.com\\\/\",\"logo\":{\"@type\":\"ImageObject\",\"inLanguage\":\"fr-FR\",\"@id\":\"https:\\\/\\\/abc-latina.com\\\/#\\\/schema\\\/logo\\\/image\\\/\",\"url\":\"https:\\\/\\\/abc-latina.com\\\/wp-content\\\/uploads\\\/2026\\\/05\\\/cropped-logo.gif\",\"contentUrl\":\"https:\\\/\\\/abc-latina.com\\\/wp-content\\\/uploads\\\/2026\\\/05\\\/cropped-logo.gif\",\"width\":89,\"height\":84,\"caption\":\"Abc-latina\"},\"image\":{\"@id\":\"https:\\\/\\\/abc-latina.com\\\/#\\\/schema\\\/logo\\\/image\\\/\"}}]}<\/script>\n<!-- \/ Yoast SEO plugin. -->","yoast_head_json":{"title":"Les ENVIRONS d'AREQUIPA - Abc-latina","description":"Autour de la ville d' Arequipa.","robots":{"index":"index","follow":"follow","max-snippet":"max-snippet:-1","max-image-preview":"max-image-preview:large","max-video-preview":"max-video-preview:-1"},"canonical":"https:\/\/abc-latina.com\/perou\/environs_arequipa\/","og_locale":"fr_FR","og_type":"article","og_title":"Les ENVIRONS d'AREQUIPA - Abc-latina","og_description":"Autour de la ville d' Arequipa.","og_url":"https:\/\/abc-latina.com\/perou\/environs_arequipa\/","og_site_name":"Abc-latina","article_modified_time":"2026-04-30T16:25:19+00:00","og_image":[{"width":600,"height":450,"url":"https:\/\/abc-latina.com\/wp-content\/uploads\/2010\/06\/IMG_8813.jpg","type":"image\/jpeg"}],"twitter_card":"summary_large_image","twitter_misc":{"Dur\u00e9e de lecture estim\u00e9e":"7 minutes"},"schema":{"@context":"https:\/\/schema.org","@graph":[{"@type":"WebPage","@id":"https:\/\/abc-latina.com\/perou\/environs_arequipa\/","url":"https:\/\/abc-latina.com\/perou\/environs_arequipa\/","name":"Les ENVIRONS d'AREQUIPA - Abc-latina","isPartOf":{"@id":"https:\/\/abc-latina.com\/#website"},"primaryImageOfPage":{"@id":"https:\/\/abc-latina.com\/perou\/environs_arequipa\/#primaryimage"},"image":{"@id":"https:\/\/abc-latina.com\/perou\/environs_arequipa\/#primaryimage"},"thumbnailUrl":"https:\/\/abc-latina.com\/wp-content\/uploads\/2010\/06\/IMG_8813.jpg","datePublished":"2010-07-24T22:23:22+00:00","dateModified":"2026-04-30T16:25:19+00:00","description":"Autour de la ville d' Arequipa.","breadcrumb":{"@id":"https:\/\/abc-latina.com\/perou\/environs_arequipa\/#breadcrumb"},"inLanguage":"fr-FR","potentialAction":[{"@type":"ReadAction","target":["https:\/\/abc-latina.com\/perou\/environs_arequipa\/"]}]},{"@type":"ImageObject","inLanguage":"fr-FR","@id":"https:\/\/abc-latina.com\/perou\/environs_arequipa\/#primaryimage","url":"https:\/\/abc-latina.com\/wp-content\/uploads\/2010\/06\/IMG_8813.jpg","contentUrl":"https:\/\/abc-latina.com\/wp-content\/uploads\/2010\/06\/IMG_8813.jpg","width":600,"height":450},{"@type":"BreadcrumbList","@id":"https:\/\/abc-latina.com\/perou\/environs_arequipa\/#breadcrumb","itemListElement":[{"@type":"ListItem","position":1,"name":"Accueil","item":"https:\/\/abc-latina.com\/"},{"@type":"ListItem","position":2,"name":"Les ENVIRONS d&rsquo;AREQUIPA"}]},{"@type":"WebSite","@id":"https:\/\/abc-latina.com\/#website","url":"https:\/\/abc-latina.com\/","name":"Abc-latina","description":"","publisher":{"@id":"https:\/\/abc-latina.com\/#organization"},"potentialAction":[{"@type":"SearchAction","target":{"@type":"EntryPoint","urlTemplate":"https:\/\/abc-latina.com\/?s={search_term_string}"},"query-input":{"@type":"PropertyValueSpecification","valueRequired":true,"valueName":"search_term_string"}}],"inLanguage":"fr-FR"},{"@type":"Organization","@id":"https:\/\/abc-latina.com\/#organization","name":"Abc-latina","url":"https:\/\/abc-latina.com\/","logo":{"@type":"ImageObject","inLanguage":"fr-FR","@id":"https:\/\/abc-latina.com\/#\/schema\/logo\/image\/","url":"https:\/\/abc-latina.com\/wp-content\/uploads\/2026\/05\/cropped-logo.gif","contentUrl":"https:\/\/abc-latina.com\/wp-content\/uploads\/2026\/05\/cropped-logo.gif","width":89,"height":84,"caption":"Abc-latina"},"image":{"@id":"https:\/\/abc-latina.com\/#\/schema\/logo\/image\/"}}]}},"_links":{"self":[{"href":"https:\/\/abc-latina.com\/wp-json\/wp\/v2\/pages\/1672","targetHints":{"allow":["GET"]}}],"collection":[{"href":"https:\/\/abc-latina.com\/wp-json\/wp\/v2\/pages"}],"about":[{"href":"https:\/\/abc-latina.com\/wp-json\/wp\/v2\/types\/page"}],"author":[{"embeddable":true,"href":"https:\/\/abc-latina.com\/wp-json\/wp\/v2\/users\/3"}],"replies":[{"embeddable":true,"href":"https:\/\/abc-latina.com\/wp-json\/wp\/v2\/comments?post=1672"}],"version-history":[{"count":1,"href":"https:\/\/abc-latina.com\/wp-json\/wp\/v2\/pages\/1672\/revisions"}],"predecessor-version":[{"id":3768,"href":"https:\/\/abc-latina.com\/wp-json\/wp\/v2\/pages\/1672\/revisions\/3768"}],"up":[{"embeddable":true,"href":"https:\/\/abc-latina.com\/wp-json\/wp\/v2\/pages\/2118"}],"wp:featuredmedia":[{"embeddable":true,"href":"https:\/\/abc-latina.com\/wp-json\/wp\/v2\/media\/934"}],"wp:attachment":[{"href":"https:\/\/abc-latina.com\/wp-json\/wp\/v2\/media?parent=1672"}],"curies":[{"name":"wp","href":"https:\/\/api.w.org\/{rel}","templated":true}]}}