{"id":1673,"date":"2010-07-25T00:26:44","date_gmt":"2010-07-24T22:26:44","guid":{"rendered":"http:\/\/abc-latina.com\/avoir_cuzco-htm\/"},"modified":"2026-04-30T18:25:18","modified_gmt":"2026-04-30T16:25:18","slug":"avoir_cuzco","status":"publish","type":"page","link":"https:\/\/abc-latina.com\/perou\/avoir_cuzco\/","title":{"rendered":"INTERETS TOURISTIQUES de CUZCO"},"content":{"rendered":"<p><span class=\"tourisme-chapitre\">La Place d&rsquo;Armes de la ville de Cuzco<\/span><\/p>\n<div>\n<div>A l&rsquo;\u00e9poque des <a href=\"https:\/\/www.abc-latina.com\/civilisations\/Inca\" target=\"_blank\">Incas<\/a>, on l&rsquo;appela &quot;Huacaypata&quot; mot quechua qui signifie lieu des lamentations ou lieu de rencontre. C&rsquo;\u00e9tait un lieu c\u00e9r\u00e9monial important o\u00f9 l&rsquo;on c\u00e9l\u00e9brait chaque ann\u00e9e l&rsquo;<a href=\"https:\/\/www.abc-latina.com\/perou\/fetes\/inti_raymi\">Inti Raymi<\/a> ou F\u00eate du Soleil. C&rsquo;est l\u00e0 aussi o\u00f9 <a href=\"https:\/\/www.abc-latina.com\/personnalites\/francisco_pizarro\" target=\"_blank\">Francisco Pizarro<\/a> proclama la conqu\u00eate de Cuzco. La place se transforma avec l&rsquo;arriv\u00e9e des Espagnols; Des arcades de pierre furent \u00e9difi\u00e9es, ainsi que les constructions qui aujourd&rsquo;hui encore entourent la place.&nbsp;<\/div>\n<div>&nbsp;<\/div>\n<div><span class=\"tourisme-chapitre\">Cath\u00e9drale de la ville de Cuzco<\/span><\/div>\n<div>Sa construction s&rsquo;est faite en deux \u00e9tapes: D&rsquo;abord la Chapelle d&rsquo;El Triunfo fut construite sur ce qui fut l&rsquo;ancien temple de Suntur Wasi (La Maison de Dieu); Plus tard la Cath\u00e9drale fut b\u00e2tie sur le palais de l&rsquo;Inca Wiracocha. On remarque le style renaissance sur la fa\u00e7ade et \u00e0 l&rsquo;int\u00e9rieur, avec une d\u00e9coration int\u00e9rieure tr\u00e8s riche en sculptures de c\u00e8dre et d&rsquo;aulne. Le ch\u0153ur et la chaire se distinguent par leur beaut\u00e9. La Cath\u00e9drale conserve une collection importante de peintures de l&rsquo;\u00e9cole cuzqu\u00e9nienne et d&rsquo;objets en argent repouss\u00e9.<\/div>\n<div>Visites: L-S 10:00-18:00 y D y F 14:00-18:00.&nbsp;<\/div>\n<div>&nbsp;<\/div>\n<div><span class=\"tourisme-chapitre\">Le Temple de la Compagnie de J\u00e9sus<\/span><\/div>\n<div>Place d&rsquo;Armes.<\/div>\n<div>Le temple d&rsquo;origine fut construit en 1571 sur les terres de l&rsquo;ancien Amarucancha, palais de l&rsquo;Inca Huayna C\u00e1pac. Apr\u00e8s le tremblement de terre de 1650, il dut \u00eatre reconstruit vers 1688. Le plan original et la fa\u00e7ade sont des exemples du baroque andin. L&rsquo;entr\u00e9e principale, genre &quot;retable&quot;, est orn\u00e9e par des clochers d&rsquo;une hauteur moyenne, et ses murs de pierre ont \u00e9t\u00e9 soigneusement sculpt\u00e9s. On remarque, en entrant dans le temple, l&rsquo;autel principal constitu\u00e9 de trois corps, et des colonnes torses, la chaire toute en bois et de nombreux retables de styles baroque, plateresque et churrigueresque. Parmi les \u0153uvres d&rsquo;art, se d\u00e9marque &quot;Le mariage de Mart\u00edn Garc\u00eda de Loyola avec Beatriz Clara Coya&quot;.&nbsp;<\/div>\n<div>&nbsp;<\/div>\n<div><span class=\"tourisme-chapitre\">Le Quartier de San Blas<\/span><\/div>\n<div><a href=\"..\/tour_operateur\" target=\"_blank\"><img loading=\"lazy\" decoding=\"async\" class=\" size-full wp-image-41\" alt=\"\" class=\"touroperateur\" src=\"http:\/\/abc-latina.com\/wp-content\/uploads\/2010\/04\/timbre_to.gif\" width=\"125\" height=\"90\" \/><\/a>A 4 angles de rues de la Place d&rsquo;Armes.<\/div>\n<div>C&rsquo;est un des plus pittoresques de Cuzco. Appel\u00e9 &quot;T&rsquo;oqokachi ou la cavit\u00e9 de sel&quot;, il se caract\u00e9rise par ses rues \u00e9troites et tr\u00e8s pentues, et par ses belles maisons de style colonial. Il est connu pour \u00eatre le Quartier des Artisans. A San Blas de nombreuses familles proposent le logis aux touristes.<\/div>\n<div>&nbsp;<\/div>\n<div><span class=\"tourisme-chapitre\">Le Temple de San Blas<\/span><\/div>\n<div>Plazoleta San Blas.&nbsp;<\/div>\n<div>Fond\u00e9 en 1560 sous la Colonie, il conserve une chaire baroque qui repr\u00e9sente une \u0153uvre ma\u00eetresse de la sculpture et du travail sur bois, attribu\u00e9e \u00e0 l&rsquo;artiste indig\u00e8ne Diego Quispe Tito.<\/div>\n<div>Visites: L-Merc et V-S 10:00-11:30 et L-D 14:00-17:30.<\/div>\n<div>&nbsp;<\/div>\n<div><span class=\"tourisme-chapitre\">Le Temple et le Couvent de La Merced<\/span><\/div>\n<div>L&rsquo;\u00e9glise, de style baroque, fut construite entre les ann\u00e9es 1657 et 1680. La sacristie garde son tr\u00e9sor le plus pr\u00e9cieux, un remarquable ostensoir en or et en pierres pr\u00e9cieuses de 1,3 m de hauteur et pesant 22 kg, couronn\u00e9 par une grande perle en forme de sir\u00e8ne, consid\u00e9r\u00e9 le deuxi\u00e8me plus grand du monde.<\/div>\n<div>Calle Mantas s\/n. Visites: L-S 8:00-12:00 et 14:00-17:00.<\/div>\n<div>&nbsp;<\/div>\n<div><span class=\"tourisme-chapitre\">Le Temple et le Couvent de Santo Domingo \/ Koricancha<\/span><\/div>\n<div>El Koricancha, selon les chroniqueurs, \u00e9tait une des constructions les plus remarquables du Cuzco inca; il arbore, \u00e0 l&rsquo;int\u00e9rieur, des murs enti\u00e8rement recouverts de feuilles d&rsquo;or, car il s&rsquo;agissait du temple principal du dieu Soleil. Les Espagnols construisirent, sur la construction d&rsquo;origine, vers 1534, l&rsquo;\u00e9glise et le couvent dominicain, lesquels furent d\u00e9truits par le tremblement de terre de 1650 et furent reconstruits aux alentours de 1681. Le couvent poss\u00e8de une pr\u00e9cieuse pinacoth\u00e8que avec des toiles des XVIIe et XVIIIe si\u00e8cles.&nbsp;<\/div>\n<div>Plazoleta Intipampa, \u00e0 l&rsquo;angle de l&rsquo;Av. El Sol et la calle Santo Domingo. Visites: L-S 8:30-18:30 et D 14.00-17.00.<\/div>\n<div>&nbsp;<\/div>\n<div><span class=\"tourisme-chapitre\">Le Temple et le Couvent de Santa Catalina<\/span><\/div>\n<div>Ils furent construits en 1605 sur l&rsquo;ancien Acllahuasi ou &quot;Maison des \u00c9lues&quot; (les acllas \u00e9taient les femmes vou\u00e9es aux labeurs sp\u00e9ciaux de l&rsquo;Inca). Leur architecture correspond aux derni\u00e8res \u00e9tapes de la renaissanceet elle se caract\u00e9rise par leurs arcs de style roman. \u00c0 l&rsquo;int\u00e9rieur, on peut encore observer les traces de la construction d&rsquo;origine. Il y a aussi une salle d&rsquo;exposition de peintures murales, des \u0153uvres d&rsquo;orf\u00e8vrerie, des tissus, des sculptures et des retables.<\/div>\n<div>Calle Santa Catalina Angosta s\/n. Visites: Horaires des offices.<\/div>\n<div>&nbsp;<\/div>\n<div><span class=\"tourisme-chapitre\">Le Mus\u00e9e de Santa Catalina<\/span><\/div>\n<div>Expositions de peinture, de textiles, de sculptures de bois et de retables coloniaux. Les pi\u00e8ces les plus remarquables sont les peintures de Diego Quispe Tito et le tapis de la galerie des Arcadas, sans oublier les ornements religieux faits de fils d&rsquo;or et d&rsquo;argent.<\/div>\n<div>Calle Santa Catalina Angosta s\/n. Visites: L-S 9:00-16:30; V 09:00-15:00.<\/div>\n<div>&nbsp;<\/div>\n<div><span class=\"tourisme-chapitre\">Le Temple et le Couvent de San Francisco<\/span><\/div>\n<div>Fond\u00e9 en 1645, il poss\u00e8de deux fa\u00e7ades et un seul clocher en pierres de taille de style espagnol ancien. \u00c0 l&rsquo;int\u00e9rieur du Couvent, on remarque une toile monumentale, oeuvre de Juan Espinoza de los Monteros. Elle mesure 12 x 9 m et elle d\u00e9peint la g\u00e9n\u00e9alogie de la famille franciscaine.<\/div>\n<div>Plaza San Francisco s\/n. Visites: L-S 9:00-17:30.<\/div>\n<div>&nbsp;<\/div>\n<div><span class=\"tourisme-chapitre\">Le Palais Archi\u00e9piscopal et la Pierre aux Douze Angles<\/span><\/div>\n<div>Le b\u00e2timent est une construction du vice-royaume d&rsquo;influence arabe, qui fut dress\u00e9 sur les bases du palais de l&rsquo;Inca Roca. Actuellement, il est le si\u00e8ge du Mus\u00e9e d&rsquo;Art Religieux. Dans la rue Hatunrumiyoc, on peut admirer un ancien mur inca, qui faisait partie du palais de l&rsquo;Inca Roca, et qui t\u00e9moigne de fa\u00e7on remarquable du talent des Incas dans le polissage et la pose de chaque pierre. On remarque dans cette structure ce que l&rsquo;on appelle la &quot;Pierre aux Douze Angles&quot;, rendue c\u00e9l\u00e8bre gr\u00e2ce \u00e0 sa parfaite taille et \u00e0 l&rsquo;assemblage de ses angles.<\/div>\n<div>Intersection de la calle Hatunrumiyoc et du Jr. Herrajes. Visites: L-S 8:00-11:30 et 15:00-17:30<\/div>\n<div>&nbsp;<\/div>\n<div><span class=\"tourisme-chapitre\">Le Palais del Almirante<\/span><\/div>\n<div>Ancienne demeure, aujourd&rsquo;hui le si\u00e8ge du Mus\u00e9e Inca. Il abrite une importante collection arch\u00e9ologique qui comprend des pi\u00e8ces de c\u00e9ramique, d&rsquo;orf\u00e8vrerie, de tissus et de momies.<\/div>\n<div>Calle Cuesta del Almirante 153. Visites: L-V 8:00-18:00 et samedi et jours f\u00e9ri\u00e9s 09.00-16.00.<\/div>\n<div>&nbsp;<\/div>\n<div><span class=\"tourisme-chapitre\">La Maison de l&rsquo;Inca Garcilaso de la Vega<\/span><\/div>\n<div>N\u00e9 le 12 avril 1539, l&rsquo;Inca Garcilaso de la Vega \u00e9tait le fils du capitaine espagnol Garcilaso de la Vega y Vargas et de la princesse cuzqu\u00e9nienne Chimpu Ocllo. Il fut l&rsquo;auteur de deux \u0153uvres : &quot;Comentarios Reales&quot; et &quot;La Florida del Inca&quot;, celles-ci motiv\u00e9es par le besoin de sauvegarder l&rsquo;histoire de l&rsquo;empire inca. La maison abrite aujourd&rsquo;hui le Mus\u00e9e Historique R\u00e9gional, qui rassemble une collection de toiles de l&rsquo;\u00e9cole cuzqu\u00e9nienne.&nbsp;<\/div>\n<div>Calle Heladeros s\/n. Visites: L-S 9:00-17:30.<\/div>\n<div>&nbsp;<\/div>\n<div><span class=\"tourisme-chapitre\">Le Mus\u00e9e d&rsquo;Art Pr\u00e9colombien Larco<\/span><\/div>\n<div>La demeure qui abrite le Mus\u00e9e fut la &quot;Kancha Inca&quot; en 1450, puis la maison du conquistador Alonso D\u00edaz en 1580, du comte de la Cabrera en 1850, et elle fut totalement restaur\u00e9e pour devenir le Mus\u00e9e d&rsquo;Art Pr\u00e9colombien depuis juin 2003. Le mus\u00e9e r\u00e9unit, dans ses 11 salles, 450 \u0153uvres datant de 1250 av.J.C. jusqu&rsquo;\u00e0 1532 ap.J.C. Elles ont \u00e9t\u00e9 s\u00e9lectionn\u00e9es parmi un ensemble de 45 mille objets appartenant \u00e0 la collection du Mus\u00e9e arch\u00e9ologique Larco de Lima.&nbsp;<\/div>\n<div>Plazoleta Nazarenas 231. T\u00e9l: (084) 23-3210. Visites: L-D et jours f\u00e9ri\u00e9s 9:00-23:00.&nbsp;<\/div>\n<div>&nbsp;<\/div>\n<div><span class=\"tourisme-chapitre\">Le Complexe arch\u00e9ologique de Sacsayhuam\u00e1n<\/span><\/div>\n<div>Le complexe regroupe 33 sites arch\u00e9ologiques, dont le plus connu est la Forteresse de Sacsayhuam\u00e1n. Il s&rsquo;agirait, en r\u00e9alit\u00e9, d&rsquo;une construction de caract\u00e8re religieux, mais \u00e0 cause de sa situation et de son style, elle fut consid\u00e9r\u00e9e comme construction militaire par les Espagnols et par les chroniqueurs. On pense qu&rsquo;au m\u00eame endroit se trouvait le Temple le plus important du Hanan Qosqo ou du Haut Cuzco, d\u00e9di\u00e9 \u00e0 la cosmologie andine, \u00e0 la v\u00e9n\u00e9ration de l&rsquo;Inti (le Soleil), Quilla (la Lune), Chaska (les \u00c9toiles), Illapa (l&rsquo;\u00c9clair) et les autres divinit\u00e9s. La taille de ses pierres, certaines pesant entre 90 et 128 tonnes, le qualifie de cyclop\u00e9en. Tous les 24 juin, il accueille l&rsquo;Inti Raymi ou la F\u00eate du Soleil.<\/div>\n<div>A 2 km au nord-est de la ville de Cuzco (10 minutes en auto).Visites: L-D et jours f\u00e9ri\u00e9s7:00 &#8211; 18:00.<\/div>\n<div>&nbsp;<\/div>\n<div><span class=\"tourisme-chapitre\">Le Complexe arch\u00e9ologique de Qenko<\/span><\/div>\n<div>Il daterait de 1500ap. J.C. Qenko ou &quot;labyrinthe&rdquo;. On pense qu&rsquo;il s&rsquo;agit d&rsquo;un lieu sacr\u00e9 o\u00f9 l&rsquo;on officiait des c\u00e9r\u00e9monies \u00e0 l&rsquo;honneur du Soleil, de la Lune et des \u00e9toiles.&nbsp;<\/div>\n<div>A 3 km au nord-ouest de la ville de Cuzco (15 minutes en voiture). Visites: L-D et jours f\u00e9ri\u00e9s7:00 &#8211; 18:00.<\/div>\n<div>&nbsp;<\/div>\n<div><span class=\"tourisme-chapitre\">Le Complexe arch\u00e9ologique de Pukapukara<\/span><\/div>\n<div>Le Complexe comprend de nombreuses enceintes, places int\u00e9rieures, aqueducs, de tours et sentiers; il aurait servi de tambo ou lieu de repos et d&rsquo;h\u00e9bergement. D&rsquo;apr\u00e8s ce que l&rsquo;on dit, chaque fois o\u00f9 l&rsquo;Inca d\u00e9cidait de rendre une visite \u00e0 Tambomachay, il se faisait accompagner par un grand cort\u00e8ge qui se logeait \u00e0 Pukapukara. Il doit son nom de forteresse \u00e0 son apparence fortifi\u00e9e.<\/div>\n<div>A 7 km au nord-est de la ville de Cuzco (30 minutes en voiture et 2 heures \u00e0 pied).<\/div>\n<div>&nbsp;<\/div>\n<div><span class=\"tourisme-chapitre\">Le Complexe arch\u00e9ologique de Tambomachay<\/span><\/div>\n<div>Tambomachay aurait eu une fonction religieuse importante, li\u00e9e \u00e0 l&rsquo;eau et \u00e0 lar\u00e9g\u00e9n\u00e9ration de la terre. On estime qu&rsquo;il fut construit aux alentours de 1500 ap. J.C., avec un lien \u00e9troit avec Pukapukara. Le site s&rsquo;\u00e9tend sur une superficie approximative d&rsquo;un demi-hectare, et le mat\u00e9riau utilis\u00e9 pour sa construction fut la pierre calcaire avec une disposition de style polygonal.&nbsp;<\/div>\n<div>A 7.5 km au nord-ouest de la ville de Cuzco (35 minutes en voiture).<\/div>\n<h3>Les autres infos sur la ville de Cuzco:<\/h3>\n<p><a href=\"https:\/\/www.abc-latina.com\/perou\/cuzco\">Cuzco<\/a><br \/><a href=\"https:\/\/www.abc-latina.com\/perou\/tourisme\/environs_cuzco\">Les environs de Cuzco<\/a><br \/><a href=\"https:\/\/www.abc-latina.com\/perou\/tourisme\/musee_cuzco\">Les Mus\u00e9es de Cuzco<\/a><br \/><a href=\"https:\/\/www.abc-latina.com\/perou\/photos\/photos_cuzco\">Photos de Cuzco<\/a><br \/><a href=\"https:\/\/www.abc-latina.com\/perou\/video\/videos-cusco.php\">Vid\u00e9os de Cuzco<\/a><\/p>\n<\/div>\n","protected":false},"excerpt":{"rendered":"<p>La Place d&rsquo;Armes de la ville de Cuzco A l&rsquo;\u00e9poque des Incas, on l&rsquo;appela &quot;Huacaypata&quot; mot quechua qui signifie lieu [&hellip;]<\/p>\n","protected":false},"author":3,"featured_media":41,"parent":2118,"menu_order":0,"comment_status":"closed","ping_status":"closed","template":"","meta":{"site-sidebar-layout":"default","site-content-layout":"","ast-site-content-layout":"default","site-content-style":"default","site-sidebar-style":"default","ast-global-header-display":"","ast-banner-title-visibility":"","ast-main-header-display":"","ast-hfb-above-header-display":"","ast-hfb-below-header-display":"","ast-hfb-mobile-header-display":"","site-post-title":"","ast-breadcrumbs-content":"","ast-featured-img":"","footer-sml-layout":"","ast-disable-related-posts":"","theme-transparent-header-meta":"","adv-header-id-meta":"","stick-header-meta":"","header-above-stick-meta":"","header-main-stick-meta":"","header-below-stick-meta":"","astra-migrate-meta-layouts":"default","ast-page-background-enabled":"default","ast-page-background-meta":{"desktop":{"background-color":"var(--ast-global-color-5)","background-image":"","background-repeat":"repeat","background-position":"center center","background-size":"auto","background-attachment":"scroll","background-type":"","background-media":"","overlay-type":"","overlay-color":"","overlay-opacity":"","overlay-gradient":""},"tablet":{"background-color":"","background-image":"","background-repeat":"repeat","background-position":"center center","background-size":"auto","background-attachment":"scroll","background-type":"","background-media":"","overlay-type":"","overlay-color":"","overlay-opacity":"","overlay-gradient":""},"mobile":{"background-color":"","background-image":"","background-repeat":"repeat","background-position":"center center","background-size":"auto","background-attachment":"scroll","background-type":"","background-media":"","overlay-type":"","overlay-color":"","overlay-opacity":"","overlay-gradient":""}},"ast-content-background-meta":{"desktop":{"background-color":"var(--ast-global-color-4)","background-image":"","background-repeat":"repeat","background-position":"center center","background-size":"auto","background-attachment":"scroll","background-type":"","background-media":"","overlay-type":"","overlay-color":"","overlay-opacity":"","overlay-gradient":""},"tablet":{"background-color":"var(--ast-global-color-4)","background-image":"","background-repeat":"repeat","background-position":"center center","background-size":"auto","background-attachment":"scroll","background-type":"","background-media":"","overlay-type":"","overlay-color":"","overlay-opacity":"","overlay-gradient":""},"mobile":{"background-color":"var(--ast-global-color-4)","background-image":"","background-repeat":"repeat","background-position":"center center","background-size":"auto","background-attachment":"scroll","background-type":"","background-media":"","overlay-type":"","overlay-color":"","overlay-opacity":"","overlay-gradient":""}},"footnotes":""},"class_list":["post-1673","page","type-page","status-publish","has-post-thumbnail","hentry"],"yoast_head":"<!-- This site is optimized with the Yoast SEO plugin v27.5 - https:\/\/yoast.com\/product\/yoast-seo-wordpress\/ -->\n<title>INTERETS TOURISTIQUES de CUZCO - Abc-latina<\/title>\n<meta name=\"description\" content=\"Les int\u00e9r\u00eats touristique de la ville de Cuzco.\" \/>\n<meta name=\"robots\" content=\"index, follow, max-snippet:-1, max-image-preview:large, max-video-preview:-1\" \/>\n<link rel=\"canonical\" href=\"https:\/\/abc-latina.com\/perou\/avoir_cuzco\/\" \/>\n<meta property=\"og:locale\" content=\"fr_FR\" \/>\n<meta property=\"og:type\" content=\"article\" \/>\n<meta property=\"og:title\" content=\"INTERETS TOURISTIQUES de CUZCO - Abc-latina\" \/>\n<meta property=\"og:description\" content=\"Les int\u00e9r\u00eats touristique de la ville de Cuzco.\" \/>\n<meta property=\"og:url\" content=\"https:\/\/abc-latina.com\/perou\/avoir_cuzco\/\" \/>\n<meta property=\"og:site_name\" content=\"Abc-latina\" \/>\n<meta property=\"article:modified_time\" content=\"2026-04-30T16:25:18+00:00\" \/>\n<meta property=\"og:image\" content=\"https:\/\/abc-latina.com\/wp-content\/uploads\/2010\/04\/timbre_to.gif\" \/>\n\t<meta property=\"og:image:width\" content=\"125\" \/>\n\t<meta property=\"og:image:height\" content=\"90\" \/>\n\t<meta property=\"og:image:type\" content=\"image\/gif\" \/>\n<meta name=\"twitter:card\" content=\"summary_large_image\" \/>\n<meta name=\"twitter:label1\" content=\"Dur\u00e9e de lecture estim\u00e9e\" \/>\n\t<meta name=\"twitter:data1\" content=\"9 minutes\" \/>\n<script type=\"application\/ld+json\" class=\"yoast-schema-graph\">{\"@context\":\"https:\\\/\\\/schema.org\",\"@graph\":[{\"@type\":\"WebPage\",\"@id\":\"https:\\\/\\\/abc-latina.com\\\/perou\\\/avoir_cuzco\\\/\",\"url\":\"https:\\\/\\\/abc-latina.com\\\/perou\\\/avoir_cuzco\\\/\",\"name\":\"INTERETS TOURISTIQUES de CUZCO - Abc-latina\",\"isPartOf\":{\"@id\":\"https:\\\/\\\/abc-latina.com\\\/#website\"},\"primaryImageOfPage\":{\"@id\":\"https:\\\/\\\/abc-latina.com\\\/perou\\\/avoir_cuzco\\\/#primaryimage\"},\"image\":{\"@id\":\"https:\\\/\\\/abc-latina.com\\\/perou\\\/avoir_cuzco\\\/#primaryimage\"},\"thumbnailUrl\":\"https:\\\/\\\/abc-latina.com\\\/wp-content\\\/uploads\\\/2010\\\/04\\\/timbre_to.gif\",\"datePublished\":\"2010-07-24T22:26:44+00:00\",\"dateModified\":\"2026-04-30T16:25:18+00:00\",\"description\":\"Les int\u00e9r\u00eats touristique de la ville de Cuzco.\",\"breadcrumb\":{\"@id\":\"https:\\\/\\\/abc-latina.com\\\/perou\\\/avoir_cuzco\\\/#breadcrumb\"},\"inLanguage\":\"fr-FR\",\"potentialAction\":[{\"@type\":\"ReadAction\",\"target\":[\"https:\\\/\\\/abc-latina.com\\\/perou\\\/avoir_cuzco\\\/\"]}]},{\"@type\":\"ImageObject\",\"inLanguage\":\"fr-FR\",\"@id\":\"https:\\\/\\\/abc-latina.com\\\/perou\\\/avoir_cuzco\\\/#primaryimage\",\"url\":\"https:\\\/\\\/abc-latina.com\\\/wp-content\\\/uploads\\\/2010\\\/04\\\/timbre_to.gif\",\"contentUrl\":\"https:\\\/\\\/abc-latina.com\\\/wp-content\\\/uploads\\\/2010\\\/04\\\/timbre_to.gif\",\"width\":125,\"height\":90},{\"@type\":\"BreadcrumbList\",\"@id\":\"https:\\\/\\\/abc-latina.com\\\/perou\\\/avoir_cuzco\\\/#breadcrumb\",\"itemListElement\":[{\"@type\":\"ListItem\",\"position\":1,\"name\":\"Accueil\",\"item\":\"https:\\\/\\\/abc-latina.com\\\/\"},{\"@type\":\"ListItem\",\"position\":2,\"name\":\"INTERETS TOURISTIQUES de CUZCO\"}]},{\"@type\":\"WebSite\",\"@id\":\"https:\\\/\\\/abc-latina.com\\\/#website\",\"url\":\"https:\\\/\\\/abc-latina.com\\\/\",\"name\":\"Abc-latina\",\"description\":\"\",\"publisher\":{\"@id\":\"https:\\\/\\\/abc-latina.com\\\/#organization\"},\"potentialAction\":[{\"@type\":\"SearchAction\",\"target\":{\"@type\":\"EntryPoint\",\"urlTemplate\":\"https:\\\/\\\/abc-latina.com\\\/?s={search_term_string}\"},\"query-input\":{\"@type\":\"PropertyValueSpecification\",\"valueRequired\":true,\"valueName\":\"search_term_string\"}}],\"inLanguage\":\"fr-FR\"},{\"@type\":\"Organization\",\"@id\":\"https:\\\/\\\/abc-latina.com\\\/#organization\",\"name\":\"Abc-latina\",\"url\":\"https:\\\/\\\/abc-latina.com\\\/\",\"logo\":{\"@type\":\"ImageObject\",\"inLanguage\":\"fr-FR\",\"@id\":\"https:\\\/\\\/abc-latina.com\\\/#\\\/schema\\\/logo\\\/image\\\/\",\"url\":\"https:\\\/\\\/abc-latina.com\\\/wp-content\\\/uploads\\\/2026\\\/05\\\/cropped-logo.gif\",\"contentUrl\":\"https:\\\/\\\/abc-latina.com\\\/wp-content\\\/uploads\\\/2026\\\/05\\\/cropped-logo.gif\",\"width\":89,\"height\":84,\"caption\":\"Abc-latina\"},\"image\":{\"@id\":\"https:\\\/\\\/abc-latina.com\\\/#\\\/schema\\\/logo\\\/image\\\/\"}}]}<\/script>\n<!-- \/ Yoast SEO plugin. -->","yoast_head_json":{"title":"INTERETS TOURISTIQUES de CUZCO - Abc-latina","description":"Les int\u00e9r\u00eats touristique de la ville de Cuzco.","robots":{"index":"index","follow":"follow","max-snippet":"max-snippet:-1","max-image-preview":"max-image-preview:large","max-video-preview":"max-video-preview:-1"},"canonical":"https:\/\/abc-latina.com\/perou\/avoir_cuzco\/","og_locale":"fr_FR","og_type":"article","og_title":"INTERETS TOURISTIQUES de CUZCO - Abc-latina","og_description":"Les int\u00e9r\u00eats touristique de la ville de Cuzco.","og_url":"https:\/\/abc-latina.com\/perou\/avoir_cuzco\/","og_site_name":"Abc-latina","article_modified_time":"2026-04-30T16:25:18+00:00","og_image":[{"width":125,"height":90,"url":"https:\/\/abc-latina.com\/wp-content\/uploads\/2010\/04\/timbre_to.gif","type":"image\/gif"}],"twitter_card":"summary_large_image","twitter_misc":{"Dur\u00e9e de lecture estim\u00e9e":"9 minutes"},"schema":{"@context":"https:\/\/schema.org","@graph":[{"@type":"WebPage","@id":"https:\/\/abc-latina.com\/perou\/avoir_cuzco\/","url":"https:\/\/abc-latina.com\/perou\/avoir_cuzco\/","name":"INTERETS TOURISTIQUES de CUZCO - Abc-latina","isPartOf":{"@id":"https:\/\/abc-latina.com\/#website"},"primaryImageOfPage":{"@id":"https:\/\/abc-latina.com\/perou\/avoir_cuzco\/#primaryimage"},"image":{"@id":"https:\/\/abc-latina.com\/perou\/avoir_cuzco\/#primaryimage"},"thumbnailUrl":"https:\/\/abc-latina.com\/wp-content\/uploads\/2010\/04\/timbre_to.gif","datePublished":"2010-07-24T22:26:44+00:00","dateModified":"2026-04-30T16:25:18+00:00","description":"Les int\u00e9r\u00eats touristique de la ville de Cuzco.","breadcrumb":{"@id":"https:\/\/abc-latina.com\/perou\/avoir_cuzco\/#breadcrumb"},"inLanguage":"fr-FR","potentialAction":[{"@type":"ReadAction","target":["https:\/\/abc-latina.com\/perou\/avoir_cuzco\/"]}]},{"@type":"ImageObject","inLanguage":"fr-FR","@id":"https:\/\/abc-latina.com\/perou\/avoir_cuzco\/#primaryimage","url":"https:\/\/abc-latina.com\/wp-content\/uploads\/2010\/04\/timbre_to.gif","contentUrl":"https:\/\/abc-latina.com\/wp-content\/uploads\/2010\/04\/timbre_to.gif","width":125,"height":90},{"@type":"BreadcrumbList","@id":"https:\/\/abc-latina.com\/perou\/avoir_cuzco\/#breadcrumb","itemListElement":[{"@type":"ListItem","position":1,"name":"Accueil","item":"https:\/\/abc-latina.com\/"},{"@type":"ListItem","position":2,"name":"INTERETS TOURISTIQUES de CUZCO"}]},{"@type":"WebSite","@id":"https:\/\/abc-latina.com\/#website","url":"https:\/\/abc-latina.com\/","name":"Abc-latina","description":"","publisher":{"@id":"https:\/\/abc-latina.com\/#organization"},"potentialAction":[{"@type":"SearchAction","target":{"@type":"EntryPoint","urlTemplate":"https:\/\/abc-latina.com\/?s={search_term_string}"},"query-input":{"@type":"PropertyValueSpecification","valueRequired":true,"valueName":"search_term_string"}}],"inLanguage":"fr-FR"},{"@type":"Organization","@id":"https:\/\/abc-latina.com\/#organization","name":"Abc-latina","url":"https:\/\/abc-latina.com\/","logo":{"@type":"ImageObject","inLanguage":"fr-FR","@id":"https:\/\/abc-latina.com\/#\/schema\/logo\/image\/","url":"https:\/\/abc-latina.com\/wp-content\/uploads\/2026\/05\/cropped-logo.gif","contentUrl":"https:\/\/abc-latina.com\/wp-content\/uploads\/2026\/05\/cropped-logo.gif","width":89,"height":84,"caption":"Abc-latina"},"image":{"@id":"https:\/\/abc-latina.com\/#\/schema\/logo\/image\/"}}]}},"_links":{"self":[{"href":"https:\/\/abc-latina.com\/wp-json\/wp\/v2\/pages\/1673","targetHints":{"allow":["GET"]}}],"collection":[{"href":"https:\/\/abc-latina.com\/wp-json\/wp\/v2\/pages"}],"about":[{"href":"https:\/\/abc-latina.com\/wp-json\/wp\/v2\/types\/page"}],"author":[{"embeddable":true,"href":"https:\/\/abc-latina.com\/wp-json\/wp\/v2\/users\/3"}],"replies":[{"embeddable":true,"href":"https:\/\/abc-latina.com\/wp-json\/wp\/v2\/comments?post=1673"}],"version-history":[{"count":1,"href":"https:\/\/abc-latina.com\/wp-json\/wp\/v2\/pages\/1673\/revisions"}],"predecessor-version":[{"id":3758,"href":"https:\/\/abc-latina.com\/wp-json\/wp\/v2\/pages\/1673\/revisions\/3758"}],"up":[{"embeddable":true,"href":"https:\/\/abc-latina.com\/wp-json\/wp\/v2\/pages\/2118"}],"wp:featuredmedia":[{"embeddable":true,"href":"https:\/\/abc-latina.com\/wp-json\/wp\/v2\/media\/41"}],"wp:attachment":[{"href":"https:\/\/abc-latina.com\/wp-json\/wp\/v2\/media?parent=1673"}],"curies":[{"name":"wp","href":"https:\/\/api.w.org\/{rel}","templated":true}]}}