{"id":1677,"date":"2010-07-25T00:55:00","date_gmt":"2010-07-24T22:55:00","guid":{"rendered":"http:\/\/abc-latina.com\/environs_lima-htm\/"},"modified":"2026-04-30T18:25:19","modified_gmt":"2026-04-30T16:25:19","slug":"environs_lima","status":"publish","type":"page","link":"https:\/\/abc-latina.com\/?page_id=1677","title":{"rendered":"Les ENVIRONS de LIMA"},"content":{"rendered":"<div><span class=\"tourisme-chapitre\">District de Lur\u00edn<\/span><\/div>\n<div>Sous un ciel toujours clair, il r\u00e9unit collines, plages, parcelles agrobiologiques, \u00e9levages de chevaux, centres arch\u00e9ologiques et des endroits id\u00e9als pour les sports et les excursions de plein air. On s&rsquo;y rend aussi pour ses caves vitivinicoles, ses ateliers artisanaux et ses restaurants de campagne.<\/div>\n<div>&nbsp;<\/div>\n<div><span class=\"tourisme-chapitre\">Le Complexe Arch\u00e9ologique de Pachac\u00e1mac<\/span><\/div>\n<div>\u00c0 31 km au sud de la ville de Lima, par la Carretera Panamericana sud (45 minutes en voiture). t\u00e9l.: (511) 430-0168. Mus\u00e9e du Site. Visites: L-D 9:00-17:00.<\/div>\n<div>Ce fut le centre c\u00e9r\u00e9moniel le plus important de la c\u00f4te p\u00e9ruvienne depuis l&rsquo;\u00e9poque ant\u00e9rieure aux <a href=\"https:\/\/www.abc-latina.com\/civilisations\/Inca.htm\" target=\"_blank\">Incas<\/a>. Le mat\u00e9riau utilis\u00e9 dans les constructions fut essentiellement la terre. On peut y distinguer des palais, des places et des temples (certains restaur\u00e9s), parmi lesquels le Temple du Soleil et l&rsquo;Acllahuasi, tous deux \u00e9rig\u00e9s pendant la domination inca (1440-1533) et qui fait partie du secteur le mieux conserv\u00e9. Il poss\u00e8de un mus\u00e9e du site qui abrite les pi\u00e8ces trouv\u00e9es dans les fouilles.<\/div>\n<div>&nbsp;<\/div>\n<div><span class=\"tourisme-chapitre\">District de Cieneguilla<\/span><\/div>\n<div>\u00c0 20 km \u00e0 l&rsquo;est de la ville de Lima par la route goudronn\u00e9e vers Huarochir\u00ed (30 minutes en auto).<\/div>\n<div>District situ\u00e9 dans la vall\u00e9e du r\u00edo Lur\u00edn o\u00f9 l&rsquo;on peut profiter de la nature. On y trouve des aires libres pour camper et des restaurants de campagne pour profiter d&rsquo;un jour en famille.<\/div>\n<div>&nbsp;<\/div>\n<div><strong>Vers l&rsquo;est (Par la Carretera Central)<\/strong><\/div>\n<div>&nbsp;<\/div>\n<div><span class=\"tourisme-chapitre\">Le Site Arch\u00e9ologique Puruchuco<\/span><\/div>\n<div><a href=\"..\/tour_operateur.htm\" target=\"_blank\"><img loading=\"lazy\" decoding=\"async\" class=\" size-full wp-image-41\" alt=\"\" class=\"touroperateur\" src=\"http:\/\/abc-latina.com\/wp-content\/uploads\/2010\/04\/timbre_to.gif\" width=\"125\" height=\"90\" \/><\/a>Km 4.5. T\u00e9l\u00e9fax: (511) 494-2641. Visites: L-D et f\u00e9ri\u00e9s 8:30 16:30. Page Web: http:\/\/museopuruchuco.peruculturel.org.pe<\/div>\n<div>Construction de terre et d&rsquo;adobe appartenant \u00e0 la p\u00e9riode Inca (XV\u00e8me-XVI\u00e8me si\u00e8cle ap.J.C..). On pense qu&rsquo;il s&rsquo;agissait d&rsquo;un palais ou d&rsquo;un centre administratif de tr\u00e8s grande importance dans la r\u00e9gion. La distribution de l&rsquo;espace suit des lignes g\u00e9om\u00e9triques et se divise en trois secteurs, parmi lesquels on peut admirer un ensemble de cours et de miradors. Lors du processus de fouilles, plusieurss\u00e9pultures humaines ont \u00e9t\u00e9 r\u00e9cup\u00e9r\u00e9es, avec la particularit\u00e9 de se trouver en position f\u0153tale et d&rsquo;\u00eatre accompagn\u00e9es de divers objets d&rsquo;usage quotidien. Il poss\u00e8de un int\u00e9ressant Mus\u00e9e du Site.<\/div>\n<div>&nbsp;<\/div>\n<div><span class=\"tourisme-chapitre\">Le Site Arch\u00e9ologique Cajamarquilla<\/span><\/div>\n<div>Km 10, d\u00e9viation de 5 km sur la rive droite du r\u00edo R\u00edmac (partie inf\u00e9rieure du ravin Jicamarca).<\/div>\n<div>Construit entre 500 et 600 ap.J.C.., \u00e0 la p\u00e9riode de domination sur la vall\u00e9e de la culture Lima. Avec sa superficie de 167 hectares, il est consid\u00e9r\u00e9 comme le deuxi\u00e8me plus grand complexe urbain fait de terre, des Andes pr\u00e9hispaniques (apr\u00e8s Chan Chan, dans le d\u00e9partement de La Libertad).&nbsp;<\/div>\n<div>&nbsp;<\/div>\n<div><span class=\"tourisme-chapitre\">Le Parc Zoologique Huachipa<\/span><\/div>\n<div>Av. Las Torres s\/n, Ate-Vitarte (km 11, pr\u00e8s du pont Huachipa). t\u00e9l.: (511) 356-3666, 356-1208, 356-3141. Visites: L-D 9:00-17:30. Y compris les jours f\u00e9ri\u00e9s, sauf 24 d\u00e9cembre. Page Web: www.zoohuachipa.com<\/div>\n<div>Il abrite plus de deux mille animaux appartenant \u00e0 pr\u00e8s de 300 esp\u00e8ces, dont des oiseaux, des mammif\u00e8res, des reptiles et des poissons. Il abrite aussi le Bosque de las Aves, une r\u00e9plique des bois tropicaux p\u00e9ruviens, et la Grange Interactive d\u00e9di\u00e9e aux enfants.<\/div>\n<div>&nbsp;<\/div>\n<div><span class=\"tourisme-chapitre\">Les villes de Chosica et Santa Eulalia<\/span><\/div>\n<div>Km 36 &#8211; 39 (50 minutes en voiture), dans la sierra lim\u00e9nienne.<\/div>\n<div>On trouve autour de ces de nombreuses aires de loisirs, des clubs priv\u00e9s et des restaurants de campagne. C&rsquo;est un endroit id\u00e9al pour le repos gr\u00e2ce \u00e0 son climat sec et \u00e0 son soleil toujours au rendez-vous. Il sert aussi de point de d\u00e9part pour se rendre \u00e0 la sierra centrale p\u00e9ruvienne.<\/div>\n<div>&nbsp;<\/div>\n<div><strong>Les Stations Balneaires<\/strong><\/div>\n<div>&nbsp;<\/div>\n<div><span class=\"tourisme-chapitre\">Vers le nord<\/span><\/div>\n<div>Les stations baln\u00e9aires de Santa Rosa (km 43) et d&rsquo;Anc\u00f3n (km 44). Cette derni\u00e8re, o\u00f9 la mer est tr\u00e8s calme, est fr\u00e9quent\u00e9e par les estivants lim\u00e9niens depuis le. XIX\u00e8me si\u00e8cle. Actuellement c&rsquo;est une petite ville, presque int\u00e9gr\u00e9e \u00e0 la grande Lima. Son apog\u00e9e en tant que station baln\u00e9aire remonte aux ann\u00e9es 50 et 60. Elle conserve encore des \u00e9difices \u00e9l\u00e9gants et un centre de motonautisme imposant, le Yacht Club.<\/div>\n<div>&nbsp;<\/div>\n<div><span class=\"tourisme-chapitre\">Vers le sud<\/span><\/div>\n<div>\u00c0 partir du km 35 de la Carretera Panamericana sud se succ\u00e8dent de belles plages tout le long de la c\u00f4te jusqu&rsquo;\u00e0 la ville de Ca\u00f1ete, \u00e0 135 km de la ville de Lima. Ces plages, de sable ou de galets, ont des vagues id\u00e9ales pour le surf: El Silencio (km 41,5), Se\u00f1oritas (km 42), Pe\u00f1ascal (km 51 &#8211; San Bartolo), Pico Alto (km 43) et Punta Rocas (km 45). Beaucoup sont devenues des stations baln\u00e9aires r\u00e9sidentielles : Pulpos (km 41), Santa Mar\u00eda et Embajadores (km 51), Naplo (km 51). D&rsquo;autres plages disposent de nombreux services tels que restaurants, h\u00f4tels, et centres de loisirs: Punta Hermosa et Punta Negra (km 45), San Bartolo (km 51), Pucusana (km 57).<\/div>\n<h3>Les autres infos sur la ville de Lima:<\/h3>\n<div><a href=\"https:\/\/www.abc-latina.com\/perou\/lima.htm\">Lima<\/a><br \/><a href=\"https:\/\/www.abc-latina.com\/perou\/tourisme\/centre_historique_lima.htm\">Le centre historique de Lima<\/a><br \/><a href=\"https:\/\/www.abc-latina.com\/perou\/circuits_touristiques\/lima.htm\">Circuits touristiques \u00e0 Lima<\/a><br \/><a href=\"https:\/\/www.abc-latina.com\/perou\/tourisme\/musee_lima.htm\">Les Mus\u00e9es de Lima<\/a><br \/><a href=\"https:\/\/www.abc-latina.com\/perou\/tourisme\/districts_lima.htm\">Les districts de Lima<\/a><br \/><a href=\"https:\/\/www.abc-latina.com\/perou\/photos\/photos_lima.htm\">Photos de Lima<\/a><br \/><a href=\"https:\/\/www.abc-latina.com\/perou\/video\/videos-lima.php\">Vid\u00e9os de Lima<\/a>&nbsp;<\/div>\n<p>&nbsp;<\/p>\n","protected":false},"excerpt":{"rendered":"<p>District de Lur\u00edn Sous un ciel toujours clair, il r\u00e9unit collines, plages, parcelles agrobiologiques, \u00e9levages de chevaux, centres arch\u00e9ologiques et [&hellip;]<\/p>\n","protected":false},"author":3,"featured_media":41,"parent":2118,"menu_order":0,"comment_status":"closed","ping_status":"closed","template":"","meta":{"site-sidebar-layout":"default","site-content-layout":"","ast-site-content-layout":"default","site-content-style":"default","site-sidebar-style":"default","ast-global-header-display":"","ast-banner-title-visibility":"","ast-main-header-display":"","ast-hfb-above-header-display":"","ast-hfb-below-header-display":"","ast-hfb-mobile-header-display":"","site-post-title":"","ast-breadcrumbs-content":"","ast-featured-img":"","footer-sml-layout":"","ast-disable-related-posts":"","theme-transparent-header-meta":"","adv-header-id-meta":"","stick-header-meta":"","header-above-stick-meta":"","header-main-stick-meta":"","header-below-stick-meta":"","astra-migrate-meta-layouts":"default","ast-page-background-enabled":"default","ast-page-background-meta":{"desktop":{"background-color":"var(--ast-global-color-5)","background-image":"","background-repeat":"repeat","background-position":"center center","background-size":"auto","background-attachment":"scroll","background-type":"","background-media":"","overlay-type":"","overlay-color":"","overlay-opacity":"","overlay-gradient":""},"tablet":{"background-color":"","background-image":"","background-repeat":"repeat","background-position":"center center","background-size":"auto","background-attachment":"scroll","background-type":"","background-media":"","overlay-type":"","overlay-color":"","overlay-opacity":"","overlay-gradient":""},"mobile":{"background-color":"","background-image":"","background-repeat":"repeat","background-position":"center center","background-size":"auto","background-attachment":"scroll","background-type":"","background-media":"","overlay-type":"","overlay-color":"","overlay-opacity":"","overlay-gradient":""}},"ast-content-background-meta":{"desktop":{"background-color":"var(--ast-global-color-4)","background-image":"","background-repeat":"repeat","background-position":"center center","background-size":"auto","background-attachment":"scroll","background-type":"","background-media":"","overlay-type":"","overlay-color":"","overlay-opacity":"","overlay-gradient":""},"tablet":{"background-color":"var(--ast-global-color-4)","background-image":"","background-repeat":"repeat","background-position":"center center","background-size":"auto","background-attachment":"scroll","background-type":"","background-media":"","overlay-type":"","overlay-color":"","overlay-opacity":"","overlay-gradient":""},"mobile":{"background-color":"var(--ast-global-color-4)","background-image":"","background-repeat":"repeat","background-position":"center center","background-size":"auto","background-attachment":"scroll","background-type":"","background-media":"","overlay-type":"","overlay-color":"","overlay-opacity":"","overlay-gradient":""}},"footnotes":""},"class_list":["post-1677","page","type-page","status-publish","has-post-thumbnail","hentry"],"yoast_head":"<!-- This site is optimized with the Yoast SEO plugin v27.5 - https:\/\/yoast.com\/product\/yoast-seo-wordpress\/ -->\n<title>Les ENVIRONS de LIMA - Abc-latina<\/title>\n<meta name=\"description\" content=\"Autour de la ville de Lima.\" \/>\n<meta name=\"robots\" content=\"noindex, follow\" \/>\n<meta property=\"og:locale\" content=\"fr_FR\" \/>\n<meta property=\"og:type\" content=\"article\" \/>\n<meta property=\"og:title\" content=\"Les ENVIRONS de LIMA - Abc-latina\" \/>\n<meta property=\"og:description\" content=\"Autour de la ville de Lima.\" \/>\n<meta property=\"og:url\" content=\"https:\/\/abc-latina.com\/?page_id=1677\" \/>\n<meta property=\"og:site_name\" content=\"Abc-latina\" \/>\n<meta property=\"article:modified_time\" content=\"2026-04-30T16:25:19+00:00\" \/>\n<meta property=\"og:image\" content=\"https:\/\/abc-latina.com\/wp-content\/uploads\/2010\/04\/timbre_to.gif\" \/>\n\t<meta property=\"og:image:width\" content=\"125\" \/>\n\t<meta property=\"og:image:height\" content=\"90\" \/>\n\t<meta property=\"og:image:type\" content=\"image\/gif\" \/>\n<meta name=\"twitter:card\" content=\"summary_large_image\" \/>\n<meta name=\"twitter:label1\" content=\"Dur\u00e9e de lecture estim\u00e9e\" \/>\n\t<meta name=\"twitter:data1\" content=\"4 minutes\" \/>\n<script type=\"application\/ld+json\" class=\"yoast-schema-graph\">{\"@context\":\"https:\\\/\\\/schema.org\",\"@graph\":[{\"@type\":\"WebPage\",\"@id\":\"https:\\\/\\\/abc-latina.com\\\/?page_id=1677\",\"url\":\"https:\\\/\\\/abc-latina.com\\\/?page_id=1677\",\"name\":\"Les ENVIRONS de LIMA - Abc-latina\",\"isPartOf\":{\"@id\":\"https:\\\/\\\/abc-latina.com\\\/#website\"},\"primaryImageOfPage\":{\"@id\":\"https:\\\/\\\/abc-latina.com\\\/?page_id=1677#primaryimage\"},\"image\":{\"@id\":\"https:\\\/\\\/abc-latina.com\\\/?page_id=1677#primaryimage\"},\"thumbnailUrl\":\"https:\\\/\\\/abc-latina.com\\\/wp-content\\\/uploads\\\/2010\\\/04\\\/timbre_to.gif\",\"datePublished\":\"2010-07-24T22:55:00+00:00\",\"dateModified\":\"2026-04-30T16:25:19+00:00\",\"description\":\"Autour de la ville de Lima.\",\"breadcrumb\":{\"@id\":\"https:\\\/\\\/abc-latina.com\\\/?page_id=1677#breadcrumb\"},\"inLanguage\":\"fr-FR\",\"potentialAction\":[{\"@type\":\"ReadAction\",\"target\":[\"https:\\\/\\\/abc-latina.com\\\/?page_id=1677\"]}]},{\"@type\":\"ImageObject\",\"inLanguage\":\"fr-FR\",\"@id\":\"https:\\\/\\\/abc-latina.com\\\/?page_id=1677#primaryimage\",\"url\":\"https:\\\/\\\/abc-latina.com\\\/wp-content\\\/uploads\\\/2010\\\/04\\\/timbre_to.gif\",\"contentUrl\":\"https:\\\/\\\/abc-latina.com\\\/wp-content\\\/uploads\\\/2010\\\/04\\\/timbre_to.gif\",\"width\":125,\"height\":90},{\"@type\":\"BreadcrumbList\",\"@id\":\"https:\\\/\\\/abc-latina.com\\\/?page_id=1677#breadcrumb\",\"itemListElement\":[{\"@type\":\"ListItem\",\"position\":1,\"name\":\"Accueil\",\"item\":\"https:\\\/\\\/abc-latina.com\\\/\"},{\"@type\":\"ListItem\",\"position\":2,\"name\":\"Les ENVIRONS de LIMA\"}]},{\"@type\":\"WebSite\",\"@id\":\"https:\\\/\\\/abc-latina.com\\\/#website\",\"url\":\"https:\\\/\\\/abc-latina.com\\\/\",\"name\":\"Abc-latina\",\"description\":\"\",\"publisher\":{\"@id\":\"https:\\\/\\\/abc-latina.com\\\/#organization\"},\"potentialAction\":[{\"@type\":\"SearchAction\",\"target\":{\"@type\":\"EntryPoint\",\"urlTemplate\":\"https:\\\/\\\/abc-latina.com\\\/?s={search_term_string}\"},\"query-input\":{\"@type\":\"PropertyValueSpecification\",\"valueRequired\":true,\"valueName\":\"search_term_string\"}}],\"inLanguage\":\"fr-FR\"},{\"@type\":\"Organization\",\"@id\":\"https:\\\/\\\/abc-latina.com\\\/#organization\",\"name\":\"Abc-latina\",\"url\":\"https:\\\/\\\/abc-latina.com\\\/\",\"logo\":{\"@type\":\"ImageObject\",\"inLanguage\":\"fr-FR\",\"@id\":\"https:\\\/\\\/abc-latina.com\\\/#\\\/schema\\\/logo\\\/image\\\/\",\"url\":\"https:\\\/\\\/abc-latina.com\\\/wp-content\\\/uploads\\\/2026\\\/05\\\/cropped-logo.gif\",\"contentUrl\":\"https:\\\/\\\/abc-latina.com\\\/wp-content\\\/uploads\\\/2026\\\/05\\\/cropped-logo.gif\",\"width\":89,\"height\":84,\"caption\":\"Abc-latina\"},\"image\":{\"@id\":\"https:\\\/\\\/abc-latina.com\\\/#\\\/schema\\\/logo\\\/image\\\/\"}}]}<\/script>\n<!-- \/ Yoast SEO plugin. -->","yoast_head_json":{"title":"Les ENVIRONS de LIMA - Abc-latina","description":"Autour de la ville de Lima.","robots":{"index":"noindex","follow":"follow"},"og_locale":"fr_FR","og_type":"article","og_title":"Les ENVIRONS de LIMA - Abc-latina","og_description":"Autour de la ville de Lima.","og_url":"https:\/\/abc-latina.com\/?page_id=1677","og_site_name":"Abc-latina","article_modified_time":"2026-04-30T16:25:19+00:00","og_image":[{"width":125,"height":90,"url":"https:\/\/abc-latina.com\/wp-content\/uploads\/2010\/04\/timbre_to.gif","type":"image\/gif"}],"twitter_card":"summary_large_image","twitter_misc":{"Dur\u00e9e de lecture estim\u00e9e":"4 minutes"},"schema":{"@context":"https:\/\/schema.org","@graph":[{"@type":"WebPage","@id":"https:\/\/abc-latina.com\/?page_id=1677","url":"https:\/\/abc-latina.com\/?page_id=1677","name":"Les ENVIRONS de LIMA - Abc-latina","isPartOf":{"@id":"https:\/\/abc-latina.com\/#website"},"primaryImageOfPage":{"@id":"https:\/\/abc-latina.com\/?page_id=1677#primaryimage"},"image":{"@id":"https:\/\/abc-latina.com\/?page_id=1677#primaryimage"},"thumbnailUrl":"https:\/\/abc-latina.com\/wp-content\/uploads\/2010\/04\/timbre_to.gif","datePublished":"2010-07-24T22:55:00+00:00","dateModified":"2026-04-30T16:25:19+00:00","description":"Autour de la ville de Lima.","breadcrumb":{"@id":"https:\/\/abc-latina.com\/?page_id=1677#breadcrumb"},"inLanguage":"fr-FR","potentialAction":[{"@type":"ReadAction","target":["https:\/\/abc-latina.com\/?page_id=1677"]}]},{"@type":"ImageObject","inLanguage":"fr-FR","@id":"https:\/\/abc-latina.com\/?page_id=1677#primaryimage","url":"https:\/\/abc-latina.com\/wp-content\/uploads\/2010\/04\/timbre_to.gif","contentUrl":"https:\/\/abc-latina.com\/wp-content\/uploads\/2010\/04\/timbre_to.gif","width":125,"height":90},{"@type":"BreadcrumbList","@id":"https:\/\/abc-latina.com\/?page_id=1677#breadcrumb","itemListElement":[{"@type":"ListItem","position":1,"name":"Accueil","item":"https:\/\/abc-latina.com\/"},{"@type":"ListItem","position":2,"name":"Les ENVIRONS de LIMA"}]},{"@type":"WebSite","@id":"https:\/\/abc-latina.com\/#website","url":"https:\/\/abc-latina.com\/","name":"Abc-latina","description":"","publisher":{"@id":"https:\/\/abc-latina.com\/#organization"},"potentialAction":[{"@type":"SearchAction","target":{"@type":"EntryPoint","urlTemplate":"https:\/\/abc-latina.com\/?s={search_term_string}"},"query-input":{"@type":"PropertyValueSpecification","valueRequired":true,"valueName":"search_term_string"}}],"inLanguage":"fr-FR"},{"@type":"Organization","@id":"https:\/\/abc-latina.com\/#organization","name":"Abc-latina","url":"https:\/\/abc-latina.com\/","logo":{"@type":"ImageObject","inLanguage":"fr-FR","@id":"https:\/\/abc-latina.com\/#\/schema\/logo\/image\/","url":"https:\/\/abc-latina.com\/wp-content\/uploads\/2026\/05\/cropped-logo.gif","contentUrl":"https:\/\/abc-latina.com\/wp-content\/uploads\/2026\/05\/cropped-logo.gif","width":89,"height":84,"caption":"Abc-latina"},"image":{"@id":"https:\/\/abc-latina.com\/#\/schema\/logo\/image\/"}}]}},"_links":{"self":[{"href":"https:\/\/abc-latina.com\/index.php?rest_route=\/wp\/v2\/pages\/1677","targetHints":{"allow":["GET"]}}],"collection":[{"href":"https:\/\/abc-latina.com\/index.php?rest_route=\/wp\/v2\/pages"}],"about":[{"href":"https:\/\/abc-latina.com\/index.php?rest_route=\/wp\/v2\/types\/page"}],"author":[{"embeddable":true,"href":"https:\/\/abc-latina.com\/index.php?rest_route=\/wp\/v2\/users\/3"}],"replies":[{"embeddable":true,"href":"https:\/\/abc-latina.com\/index.php?rest_route=%2Fwp%2Fv2%2Fcomments&post=1677"}],"version-history":[{"count":1,"href":"https:\/\/abc-latina.com\/index.php?rest_route=\/wp\/v2\/pages\/1677\/revisions"}],"predecessor-version":[{"id":3770,"href":"https:\/\/abc-latina.com\/index.php?rest_route=\/wp\/v2\/pages\/1677\/revisions\/3770"}],"up":[{"embeddable":true,"href":"https:\/\/abc-latina.com\/index.php?rest_route=\/wp\/v2\/pages\/2118"}],"wp:featuredmedia":[{"embeddable":true,"href":"https:\/\/abc-latina.com\/index.php?rest_route=\/wp\/v2\/media\/41"}],"wp:attachment":[{"href":"https:\/\/abc-latina.com\/index.php?rest_route=%2Fwp%2Fv2%2Fmedia&parent=1677"}],"curies":[{"name":"wp","href":"https:\/\/api.w.org\/{rel}","templated":true}]}}