{"id":1678,"date":"2010-07-25T00:57:48","date_gmt":"2010-07-24T22:57:48","guid":{"rendered":"http:\/\/abc-latina.com\/districts_lima-htm\/"},"modified":"2026-04-30T18:25:19","modified_gmt":"2026-04-30T16:25:19","slug":"districts_lima","status":"publish","type":"page","link":"https:\/\/abc-latina.com\/perou\/districts_lima\/","title":{"rendered":"Les DISTRICTS de LIMA"},"content":{"rendered":"<div><span class=\"tourisme-chapitre\">Centre historique :<\/span><\/div>\n<div>Belle d\u00e9monstration de l&rsquo;architecture coloniale, le centre historique est aussi connu sous le nom de &ldquo;Damero de Pizarro&rdquo;, (ndt : le damier de Pizarro) gr\u00e2ce \u00e0 la distribution de ses rues comme un jeu d&rsquo;\u00e9chec. En savoir plus &#8230;<\/div>\n<div>&nbsp;<\/div>\n<div><span class=\"tourisme-chapitre\">San Isidro:<\/span><\/div>\n<div>Caract\u00e9ris\u00e9 par ses espaces verts et ses quartiers r\u00e9sidentiels chics, on y admire surtout la promenade traditionnelle d&rsquo;El Olivar, appel\u00e9e ainsi gr\u00e2ce aux nombreux oliviers centenaires encore aujourd&rsquo;hui dans le parc.<\/div>\n<div>&nbsp;<\/div>\n<div><span class=\"tourisme-chapitre\">Miraflores:&nbsp;<\/span><\/div>\n<div>District touristique et h\u00f4telier. On y trouve de grands et de modernes centres commerciaux, des th\u00e9\u00e2tres, des cin\u00e9mas et des galeries d&rsquo;art. Il se caract\u00e9rise par ses vastes et tr\u00e8s beaux espaces verts, tel que le Parque Kennedy.<\/div>\n<div>&nbsp;<\/div>\n<div><span class=\"tourisme-chapitre\">Barranco and Chorrillos:&nbsp;<\/span><\/div>\n<div>Ancienne station baln\u00e9aire qui, au d\u00e9but du XX\u00e8me si\u00e8cle r\u00e9unissait l&rsquo;aristocratie lim\u00e9nienne. Il est aujourd&rsquo;hui le principal quartier boh\u00e8me de la ville, avec des demeures et des endroits accueillants qui offrent des spectacles musicaux et culturels.<\/div>\n<div>&nbsp;<\/div>\n<div><span class=\"tourisme-chapitre\">Santiago de Surco:&nbsp;<\/span><\/div>\n<div>Il conserve encore des \u00e9l\u00e9ments de son patrimoine historique et culturel. Il se caract\u00e9rise par son centre historique, ainsi que sa tradition gastronomique et vitivinicole.<\/div>\n<div>&nbsp;<\/div>\n<div><span class=\"tourisme-chapitre\">Pueblo Libre:<\/span><\/div>\n<div>Il poss\u00e8de un Centre Historique dans lequel on peut admirer divers \u00e9difices et am\u00e9nagements urbains d&rsquo;un grand int\u00e9r\u00eat, parmi lesquelsl&rsquo;\u00e9glise Santa Mar\u00eda Magdalena, dont l&rsquo;int\u00e9rieur est d&rsquo;une beaut\u00e9 \u00e9blouissante.<\/div>\n<h3>Les autres infos sur la ville de Lima:<\/h3>\n<div><a href=\"https:\/\/www.abc-latina.com\/perou\/lima\">Lima<\/a><br \/><a href=\"https:\/\/www.abc-latina.com\/perou\/tourisme\/centre_historique_lima\">Le centre historique de Lima<\/a><br \/><a href=\"https:\/\/www.abc-latina.com\/perou\/tourisme\/environs_lima\">Les environs de Lima<\/a><br \/><a href=\"https:\/\/www.abc-latina.com\/perou\/circuits_touristiques\/lima\">Circuits touristiques \u00e0 Lima<\/a><br \/><a href=\"https:\/\/www.abc-latina.com\/perou\/tourisme\/musee_lima\">Les Mus\u00e9es de Lima<\/a><br \/><a href=\"https:\/\/www.abc-latina.com\/perou\/photos\/photos_lima\">Photos de Lima<\/a><br \/><a href=\"https:\/\/www.abc-latina.com\/perou\/video\/videos-lima.php\">Vid\u00e9os de Lima<\/a><\/div>\n<p>&nbsp;<\/p>\n","protected":false},"excerpt":{"rendered":"<p>Centre historique : Belle d\u00e9monstration de l&rsquo;architecture coloniale, le centre historique est aussi connu sous le nom de &ldquo;Damero de [&hellip;]<\/p>\n","protected":false},"author":3,"featured_media":0,"parent":2118,"menu_order":0,"comment_status":"closed","ping_status":"closed","template":"","meta":{"site-sidebar-layout":"default","site-content-layout":"","ast-site-content-layout":"default","site-content-style":"default","site-sidebar-style":"default","ast-global-header-display":"","ast-banner-title-visibility":"","ast-main-header-display":"","ast-hfb-above-header-display":"","ast-hfb-below-header-display":"","ast-hfb-mobile-header-display":"","site-post-title":"","ast-breadcrumbs-content":"","ast-featured-img":"","footer-sml-layout":"","ast-disable-related-posts":"","theme-transparent-header-meta":"","adv-header-id-meta":"","stick-header-meta":"","header-above-stick-meta":"","header-main-stick-meta":"","header-below-stick-meta":"","astra-migrate-meta-layouts":"default","ast-page-background-enabled":"default","ast-page-background-meta":{"desktop":{"background-color":"var(--ast-global-color-5)","background-image":"","background-repeat":"repeat","background-position":"center center","background-size":"auto","background-attachment":"scroll","background-type":"","background-media":"","overlay-type":"","overlay-color":"","overlay-opacity":"","overlay-gradient":""},"tablet":{"background-color":"","background-image":"","background-repeat":"repeat","background-position":"center center","background-size":"auto","background-attachment":"scroll","background-type":"","background-media":"","overlay-type":"","overlay-color":"","overlay-opacity":"","overlay-gradient":""},"mobile":{"background-color":"","background-image":"","background-repeat":"repeat","background-position":"center center","background-size":"auto","background-attachment":"scroll","background-type":"","background-media":"","overlay-type":"","overlay-color":"","overlay-opacity":"","overlay-gradient":""}},"ast-content-background-meta":{"desktop":{"background-color":"var(--ast-global-color-4)","background-image":"","background-repeat":"repeat","background-position":"center center","background-size":"auto","background-attachment":"scroll","background-type":"","background-media":"","overlay-type":"","overlay-color":"","overlay-opacity":"","overlay-gradient":""},"tablet":{"background-color":"var(--ast-global-color-4)","background-image":"","background-repeat":"repeat","background-position":"center center","background-size":"auto","background-attachment":"scroll","background-type":"","background-media":"","overlay-type":"","overlay-color":"","overlay-opacity":"","overlay-gradient":""},"mobile":{"background-color":"var(--ast-global-color-4)","background-image":"","background-repeat":"repeat","background-position":"center center","background-size":"auto","background-attachment":"scroll","background-type":"","background-media":"","overlay-type":"","overlay-color":"","overlay-opacity":"","overlay-gradient":""}},"footnotes":""},"class_list":["post-1678","page","type-page","status-publish","hentry"],"yoast_head":"<!-- This site is optimized with the Yoast SEO plugin v27.5 - https:\/\/yoast.com\/product\/yoast-seo-wordpress\/ -->\n<title>Les DISTRICTS de LIMA - Abc-latina<\/title>\n<meta name=\"description\" content=\"Les districts de Lima.\" \/>\n<meta name=\"robots\" content=\"index, follow, max-snippet:-1, max-image-preview:large, max-video-preview:-1\" \/>\n<link rel=\"canonical\" href=\"https:\/\/abc-latina.com\/perou\/districts_lima\/\" \/>\n<meta property=\"og:locale\" content=\"fr_FR\" \/>\n<meta property=\"og:type\" content=\"article\" \/>\n<meta property=\"og:title\" content=\"Les DISTRICTS de LIMA - Abc-latina\" \/>\n<meta property=\"og:description\" content=\"Les districts de Lima.\" \/>\n<meta property=\"og:url\" content=\"https:\/\/abc-latina.com\/perou\/districts_lima\/\" \/>\n<meta property=\"og:site_name\" content=\"Abc-latina\" \/>\n<meta property=\"article:modified_time\" content=\"2026-04-30T16:25:19+00:00\" \/>\n<meta name=\"twitter:card\" content=\"summary_large_image\" \/>\n<meta name=\"twitter:label1\" content=\"Dur\u00e9e de lecture estim\u00e9e\" \/>\n\t<meta name=\"twitter:data1\" content=\"1 minute\" \/>\n<script type=\"application\/ld+json\" class=\"yoast-schema-graph\">{\"@context\":\"https:\\\/\\\/schema.org\",\"@graph\":[{\"@type\":\"WebPage\",\"@id\":\"https:\\\/\\\/abc-latina.com\\\/perou\\\/districts_lima\\\/\",\"url\":\"https:\\\/\\\/abc-latina.com\\\/perou\\\/districts_lima\\\/\",\"name\":\"Les DISTRICTS de LIMA - Abc-latina\",\"isPartOf\":{\"@id\":\"https:\\\/\\\/abc-latina.com\\\/#website\"},\"datePublished\":\"2010-07-24T22:57:48+00:00\",\"dateModified\":\"2026-04-30T16:25:19+00:00\",\"description\":\"Les districts de Lima.\",\"breadcrumb\":{\"@id\":\"https:\\\/\\\/abc-latina.com\\\/perou\\\/districts_lima\\\/#breadcrumb\"},\"inLanguage\":\"fr-FR\",\"potentialAction\":[{\"@type\":\"ReadAction\",\"target\":[\"https:\\\/\\\/abc-latina.com\\\/perou\\\/districts_lima\\\/\"]}]},{\"@type\":\"BreadcrumbList\",\"@id\":\"https:\\\/\\\/abc-latina.com\\\/perou\\\/districts_lima\\\/#breadcrumb\",\"itemListElement\":[{\"@type\":\"ListItem\",\"position\":1,\"name\":\"Accueil\",\"item\":\"https:\\\/\\\/abc-latina.com\\\/\"},{\"@type\":\"ListItem\",\"position\":2,\"name\":\"Les DISTRICTS de LIMA\"}]},{\"@type\":\"WebSite\",\"@id\":\"https:\\\/\\\/abc-latina.com\\\/#website\",\"url\":\"https:\\\/\\\/abc-latina.com\\\/\",\"name\":\"Abc-latina\",\"description\":\"\",\"publisher\":{\"@id\":\"https:\\\/\\\/abc-latina.com\\\/#organization\"},\"potentialAction\":[{\"@type\":\"SearchAction\",\"target\":{\"@type\":\"EntryPoint\",\"urlTemplate\":\"https:\\\/\\\/abc-latina.com\\\/?s={search_term_string}\"},\"query-input\":{\"@type\":\"PropertyValueSpecification\",\"valueRequired\":true,\"valueName\":\"search_term_string\"}}],\"inLanguage\":\"fr-FR\"},{\"@type\":\"Organization\",\"@id\":\"https:\\\/\\\/abc-latina.com\\\/#organization\",\"name\":\"Abc-latina\",\"url\":\"https:\\\/\\\/abc-latina.com\\\/\",\"logo\":{\"@type\":\"ImageObject\",\"inLanguage\":\"fr-FR\",\"@id\":\"https:\\\/\\\/abc-latina.com\\\/#\\\/schema\\\/logo\\\/image\\\/\",\"url\":\"https:\\\/\\\/abc-latina.com\\\/wp-content\\\/uploads\\\/2026\\\/05\\\/cropped-logo.gif\",\"contentUrl\":\"https:\\\/\\\/abc-latina.com\\\/wp-content\\\/uploads\\\/2026\\\/05\\\/cropped-logo.gif\",\"width\":89,\"height\":84,\"caption\":\"Abc-latina\"},\"image\":{\"@id\":\"https:\\\/\\\/abc-latina.com\\\/#\\\/schema\\\/logo\\\/image\\\/\"}}]}<\/script>\n<!-- \/ Yoast SEO plugin. -->","yoast_head_json":{"title":"Les DISTRICTS de LIMA - Abc-latina","description":"Les districts de Lima.","robots":{"index":"index","follow":"follow","max-snippet":"max-snippet:-1","max-image-preview":"max-image-preview:large","max-video-preview":"max-video-preview:-1"},"canonical":"https:\/\/abc-latina.com\/perou\/districts_lima\/","og_locale":"fr_FR","og_type":"article","og_title":"Les DISTRICTS de LIMA - Abc-latina","og_description":"Les districts de Lima.","og_url":"https:\/\/abc-latina.com\/perou\/districts_lima\/","og_site_name":"Abc-latina","article_modified_time":"2026-04-30T16:25:19+00:00","twitter_card":"summary_large_image","twitter_misc":{"Dur\u00e9e de lecture estim\u00e9e":"1 minute"},"schema":{"@context":"https:\/\/schema.org","@graph":[{"@type":"WebPage","@id":"https:\/\/abc-latina.com\/perou\/districts_lima\/","url":"https:\/\/abc-latina.com\/perou\/districts_lima\/","name":"Les DISTRICTS de LIMA - Abc-latina","isPartOf":{"@id":"https:\/\/abc-latina.com\/#website"},"datePublished":"2010-07-24T22:57:48+00:00","dateModified":"2026-04-30T16:25:19+00:00","description":"Les districts de Lima.","breadcrumb":{"@id":"https:\/\/abc-latina.com\/perou\/districts_lima\/#breadcrumb"},"inLanguage":"fr-FR","potentialAction":[{"@type":"ReadAction","target":["https:\/\/abc-latina.com\/perou\/districts_lima\/"]}]},{"@type":"BreadcrumbList","@id":"https:\/\/abc-latina.com\/perou\/districts_lima\/#breadcrumb","itemListElement":[{"@type":"ListItem","position":1,"name":"Accueil","item":"https:\/\/abc-latina.com\/"},{"@type":"ListItem","position":2,"name":"Les DISTRICTS de LIMA"}]},{"@type":"WebSite","@id":"https:\/\/abc-latina.com\/#website","url":"https:\/\/abc-latina.com\/","name":"Abc-latina","description":"","publisher":{"@id":"https:\/\/abc-latina.com\/#organization"},"potentialAction":[{"@type":"SearchAction","target":{"@type":"EntryPoint","urlTemplate":"https:\/\/abc-latina.com\/?s={search_term_string}"},"query-input":{"@type":"PropertyValueSpecification","valueRequired":true,"valueName":"search_term_string"}}],"inLanguage":"fr-FR"},{"@type":"Organization","@id":"https:\/\/abc-latina.com\/#organization","name":"Abc-latina","url":"https:\/\/abc-latina.com\/","logo":{"@type":"ImageObject","inLanguage":"fr-FR","@id":"https:\/\/abc-latina.com\/#\/schema\/logo\/image\/","url":"https:\/\/abc-latina.com\/wp-content\/uploads\/2026\/05\/cropped-logo.gif","contentUrl":"https:\/\/abc-latina.com\/wp-content\/uploads\/2026\/05\/cropped-logo.gif","width":89,"height":84,"caption":"Abc-latina"},"image":{"@id":"https:\/\/abc-latina.com\/#\/schema\/logo\/image\/"}}]}},"_links":{"self":[{"href":"https:\/\/abc-latina.com\/wp-json\/wp\/v2\/pages\/1678","targetHints":{"allow":["GET"]}}],"collection":[{"href":"https:\/\/abc-latina.com\/wp-json\/wp\/v2\/pages"}],"about":[{"href":"https:\/\/abc-latina.com\/wp-json\/wp\/v2\/types\/page"}],"author":[{"embeddable":true,"href":"https:\/\/abc-latina.com\/wp-json\/wp\/v2\/users\/3"}],"replies":[{"embeddable":true,"href":"https:\/\/abc-latina.com\/wp-json\/wp\/v2\/comments?post=1678"}],"version-history":[{"count":1,"href":"https:\/\/abc-latina.com\/wp-json\/wp\/v2\/pages\/1678\/revisions"}],"predecessor-version":[{"id":3767,"href":"https:\/\/abc-latina.com\/wp-json\/wp\/v2\/pages\/1678\/revisions\/3767"}],"up":[{"embeddable":true,"href":"https:\/\/abc-latina.com\/wp-json\/wp\/v2\/pages\/2118"}],"wp:attachment":[{"href":"https:\/\/abc-latina.com\/wp-json\/wp\/v2\/media?parent=1678"}],"curies":[{"name":"wp","href":"https:\/\/api.w.org\/{rel}","templated":true}]}}