{"id":1679,"date":"2010-07-25T01:01:29","date_gmt":"2010-07-24T23:01:29","guid":{"rendered":"http:\/\/abc-latina.com\/musee_lima-htm\/"},"modified":"2026-04-30T18:25:19","modified_gmt":"2026-04-30T16:25:19","slug":"musee_lima","status":"publish","type":"page","link":"https:\/\/abc-latina.com\/perou\/musee_lima\/","title":{"rendered":"Les MUSEES DE LIMA"},"content":{"rendered":"<div><span class=\"tourisme-unesco\">MUSEO DE ARTE<\/span><\/div>\n<div>Fue el Palacio de la Exposici\u00f3n Internacional de Lima en 1869. Su exposici\u00f3n &quot; Tres mil a\u00f1os de arte en el Per\u00fa &quot;, muestra el desarrollo del arte desde la \u00e9poca pre &#8211; hisp\u00e1nica hasta la etapa republicana; con objetos de cer\u00e1mica, textiles, metales, muebles y pinturas de renombrados artistas peruanos.<\/div>\n<div>Paseo Col\u00f3n 125, Lima<\/div>\n<div>423 &#8211; 4732<\/div>\n<div>Mar. a D, 10:00 a 13:30 y de 14:00 a 17:00 horas<\/div>\n<div>Ingreso: con ticket&nbsp;<\/div>\n<div>&nbsp;<\/div>\n<div><span class=\"tourisme-unesco\">MUSEO DEL BANCO CENTRAL DE RESERVA<\/span><\/div>\n<div>Ocupa el antiguo edificio del Banco Central de Reserva construido en 1929.<\/div>\n<div>En el museo se pueden apreciar 3 colecciones : numism\u00e1tica, arqueol\u00f3gica y una exposici\u00f3n de pinturas del siglo XIX y XX.<\/div>\n<div>Jr. Lampa Esq. Jr. Ucayali, Lima<\/div>\n<div>427 &#8211; 6250<\/div>\n<div>M a V, de 10:00 a 16:30 horas<\/div>\n<div>S a D, 10:00 a 13:00 horas<\/div>\n<div>Ingreso: libre<\/div>\n<div>&nbsp;<\/div>\n<div><span class=\"tourisme-unesco\">MUSEO JOSEFINA RAMOS DE COX<\/span><\/div>\n<div>Museo de Arqueolog\u00eda, que desde 1971, exhibe piezas de la Cultura Maranga, importante poblaci\u00f3n pre &#8211; inca del valle del R\u00edmac.<\/div>\n<div>Jr. de La Uni\u00f3n 554, Lima<\/div>\n<div>427 &#8211; 7678 \/ 427 &#8211; 4961<\/div>\n<div>L a V, de 9:00 a 13:00 y de 14:00 a 20:00 horas<\/div>\n<div>Ingreso: con ticket<\/div>\n<div>&nbsp;<\/div>\n<div><span class=\"tourisme-unesco\">MUSEO POSTAL Y FILAT\u00c9LICO<\/span><\/div>\n<div>Inaugurado en 1897. Se puede apreciar una importante colecci\u00f3n filat\u00e9lica con estampillas nacionales y extranjeras de una variada tem\u00e1tica.<\/div>\n<div>Jr. Conde de Superunda 170<\/div>\n<div>428 &#8211; 7931<\/div>\n<div>L a S, de 9:00 a 8:00 horas<\/div>\n<div>D , de 9:00 a 13:00 horas<\/div>\n<div>Ingreso: libre<\/div>\n<div>&nbsp;<\/div>\n<div><span class=\"tourisme-unesco\">MUSEO DE LOS COMBATIENTES DEL MORRO DE ARICA<\/span><\/div>\n<div>Ubicado en la casa del h\u00e9roe Francisco Bolognesi. Exhibe pinturas, documentos, objetos de la \u00e9poca y esculturas todos relacionados con la Batalla de Arica.<\/div>\n<div>Jr. Cailloma 125, Lima<\/div>\n<div>427 &#8211; 0958&nbsp;<\/div>\n<div>Mar a V, de 9:30 a 15:30 horas S y D, de 10:00 a 16:00 horas<\/div>\n<div>Ingreso: con ticket<\/div>\n<div>&nbsp;<\/div>\n<div><span class=\"tourisme-unesco\">MUSEO DE ARTE Y TRADICIONES POPULARES<\/span><\/div>\n<div>Creado en 1979. El museo posee m\u00e1s de tres mil piezas, que expresan distintas manifestaciones art\u00edsticas y culturales de nuestro pa\u00eds.<\/div>\n<div>Jr. Caman\u00e1 459, Lima<\/div>\n<div>427 &#8211; 9275<\/div>\n<div>Mar. a S, de 10:00 a 12:30 y de 14:00 a 19:30 horas<\/div>\n<div>D , de 10:00 a 13:00 y de 14:00 a 17:00 horas<\/div>\n<div>Ingreso: libre<\/div>\n<div>&nbsp;<\/div>\n<div><span class=\"tourisme-unesco\">CASA &#8211; MUSEO MIGUEL GRAU<\/span><\/div>\n<div>Casa donde vivi\u00f3 don Miguel Grau Seminario, h\u00e9roe del Combate de Angamos, en ella se exponen diversos objetos dom\u00e9sticos y personales que demuestran la sencillez y austeridad del &quot;Caballero de los Mares&quot;.<\/div>\n<div>Jr. Huancavelica 172, Lima<\/div>\n<div>428 &#8211; 5012<\/div>\n<div>L a S, de 9:00 a 17:00 horas<\/div>\n<div>D, de 9:00 a 14:00 horas<\/div>\n<div>Ingreso: con ticket<\/div>\n<div>&nbsp;<\/div>\n<div><span class=\"tourisme-unesco\">MUSEO DE LA INQUISICI\u00d3N Y DEL CONGRESO<\/span><\/div>\n<div>Antiguo local del Santo Oficio, tribunal religioso establecido para sancionar herej\u00edas y delitos comunes durante la \u00e9poca colonial. Se pueden apreciar l\u00fagubres calabozos y salas de tormentos donde se ven representados diversos castigos y torturas que se aplicaban a los sentenciados.<\/div>\n<div>Jr. Jun\u00edn 548, Lima<\/div>\n<div>428 &#8211; 7980 Anx. 2605 \/ 426 0769<\/div>\n<div>L a V, de 9:00 a 17:00 horas<\/div>\n<div>S , de 9:00 a 12:00 horas<\/div>\n<div>Ingreso: libre<\/div>\n<div>&nbsp;<\/div>\n<div><span class=\"tourisme-unesco\">MUSEO DE ARTE ITALIANO<\/span><\/div>\n<div>Edificio donado por la colonia italiana residente en el Per\u00fa , con motivo del Centenario de nuestra Independencia. Exhibe esculturas, \u00f3leos y grabados de artistas acad\u00e9micos italianos.<\/div>\n<div>Av. Paseo de la Rep\u00fablica, Cdra. 2, Lima<\/div>\n<div>423 &#8211; 9932<\/div>\n<div>L a V, de 9:00 a 16:30 horas<\/div>\n<div>Ingreso: con ticket&nbsp;<\/div>\n<div>&nbsp;<\/div>\n<div><span class=\"tourisme-unesco\">MUSEO DE LA CULTURA PERUANA<\/span><\/div>\n<div>Alberga una muestra de textiler\u00eda y alfarer\u00eda de las culturas que se desarrollaron en la Costa y Sierra del Per\u00fa, tambi\u00e9n una selecci\u00f3n de objetos de arte popular colonial y republicano (retablos ayacuchanos, mates burilados, etc.).<\/div>\n<div>Av. Alfonso Ugarte 650, Lima<\/div>\n<div>423 &#8211; 5892<\/div>\n<div>Mar. a V, de 10:00 a 16:30 horas<\/div>\n<div>S, de 10:00 a 14:00 horas<\/div>\n<div>Ingreso: con ticket<\/div>\n<div>&nbsp;<\/div>\n<div><span class=\"tourisme-unesco\">MUSEO TAURINO<\/span><\/div>\n<div>Ubicado en la Plaza de Acho, fue inaugurado en 1962. Exhibe trajes de luces, capas, capotes, banderillas y otros hist\u00f3ricos objetos pertenecientes a los m\u00e1s destacados matadores.<\/div>\n<div>Jr. Hualgayoc 332, R\u00edmac<\/div>\n<div>482 &#8211; 3360<\/div>\n<div>L a S, de 9:00 a 16:00 horas<\/div>\n<div>Ingreso: Con ticket<\/div>\n<div>&nbsp;<\/div>\n<div><span class=\"tourisme-unesco\">MUSEO NACIONAL DE ANTROPOLOG\u00cdA, ARQUEOLOG\u00cdA E HISTORIA&nbsp;<\/span><\/div>\n<div>Exhibe importantes dioramas (especie de maquetas) y objetos diversos que muestran los inicios del hombre, as\u00ed como colecciones de cer\u00e1mica, textiler\u00eda, metalurgia, etc. de la \u00e9poca prehisp\u00e1nica, que explican el desarrollo del hombre hasta antes de la conquista espa\u00f1ola, reuniendo valiosos objetos pertenecientes a culturas como Chav\u00edn, Tiahuanaco, Paracas, Lima Moche, Inca, etc.<\/div>\n<div>Esta exposici\u00f3n contin\u00faa en el inmueble anexo que data del siglo XIX, donde encontramos pinturas coloniales y retratos de importantes personajes de la historia republicana del Per\u00fa. Asimismo conserva objetos hist\u00f3ricos y muebles de la \u00e9poca de la Independencia y de la Guerra con Chile.<\/div>\n<div>Plaza Bol\u00edvar s\/n, Pueblo Libre<\/div>\n<div>463 &#8211; 5070<\/div>\n<div>Mar.- D, 9:00-18:00 horas<\/div>\n<div>Ingreso: con ticket<\/div>\n<div>&nbsp;<\/div>\n<div><span class=\"tourisme-unesco\">MUSEO DE ORO DEL PER\u00da Y ARMAS DEL PER\u00da<\/span><\/div>\n<div>Presenta dos importantes \u00e1reas de exhibici\u00f3n, la primera, de armas del mundo, donde tambi\u00e9n se exponen monturas, espuelas, uniformes de guerra, armaduras, etc., y la segunda, donde destacan dos colecciones: de oro y la otra de textiles. Estas colecciones pertenecen en su mayor\u00eda a las culturas Moche, Paracas y Nazca. Adem\u00e1s en esta segunda \u00e1rea se exhibe cer\u00e1mica, joyer\u00eda prehisp\u00e1nica entre otros objetos.<\/div>\n<div>Calle Alonso de Molina 1100, Monterrico<\/div>\n<div>435 &#8211; 0791<\/div>\n<div>L-D, 11:30 &#8211; 19:00 horas<\/div>\n<div>Ingreso: Con ticket&nbsp;<\/div>\n<div>&nbsp;<\/div>\n<div><span class=\"tourisme-unesco\">MUSEO DE LA NACI\u00d3N<\/span><\/div>\n<div>Posee una gran exposici\u00f3n sobre el desarrollo de las diferentes culturas en el Per\u00fa, en orden cronol\u00f3gico desde sus inicios hasta la \u00e9poca Inca; exponiendo objetos de cer\u00e1mica, textiles, metales y maquetas, entre otros testimonios de nuestra historia.<\/div>\n<div>Av. Javier Prado Este Cdra.22, San Borja<\/div>\n<div>476 &#8211; 9879<\/div>\n<div>Mar. &#8211; D, 9:00- 20:00 horas<\/div>\n<div>&nbsp;<\/div>\n<div><span class=\"tourisme-unesco\">MUSEO ARQUEOL\u00d3GICO RAFAEL LARCO HERRERA<\/span><\/div>\n<div>Colecci\u00f3n particular de la familia Larco que pertenece en su mayor\u00eda a la cultura Moche. Presenta salas de momias, y dos salas explicando el proceso de la metalurgia y la cer\u00e1mica.<\/div>\n<div>As\u00ed como una sala de textiles y una b\u00f3veda con objetos valiosos de oro. Asimismo es el \u00fanico museo del Per\u00fa que posee una sala de huacos er\u00f3ticos y que permite visitar su dep\u00f3sito de ceramios.<\/div>\n<div>Av. Bol\u00edvar 1515, Pueblo Libre,&nbsp;<\/div>\n<div>461 &#8211; 1835 \/ 461 &#8211; 1312<\/div>\n<div>L &#8211; S 9:00 &#8211; 18:00 horas<\/div>\n<div>Ingreso: con ticket<\/div>\n<div>&nbsp;<\/div>\n<div><span class=\"tourisme-unesco\">MUSEO PEDRO DE OSMA<\/span><\/div>\n<div>Colecci\u00f3n privada que conserva esculturas, pinturas y plater\u00eda de la \u00e9poca colonial. La casa donde \u00e9ste se ubica por s\u00ed misma posee gran valor hist\u00f3rico y arquitect\u00f3nico. Durante la visita se muestran los muebles originales de la familia De Osma.<\/div>\n<div>Av. Pedro de Osma 423, Barranco<\/div>\n<div>467 &#8211; 0937<\/div>\n<div>L-D, 10:00 &#8211; 18:00 \/ D 9:00 &#8211; 13:00 horas<\/div>\n<div>Ingreso: con ticket<\/div>\n<h3>Les autres infos sur la ville de Lima:<\/h3>\n<div><a href=\"https:\/\/www.abc-latina.com\/perou\/lima\">Lima<\/a><br \/><a href=\"https:\/\/www.abc-latina.com\/perou\/tourisme\/centre_historique_lima\">Le centre historique de Lima<\/a><br \/><a href=\"https:\/\/www.abc-latina.com\/perou\/tourisme\/environs_lima\">Les environs de Lima<\/a><br \/><a href=\"https:\/\/www.abc-latina.com\/perou\/circuits_touristiques\/lima\">Circuits touristiques \u00e0 Lima<\/a><br \/><a href=\"https:\/\/www.abc-latina.com\/perou\/tourisme\/districts_lima\">Les districts de Lima<\/a><br \/><a href=\"https:\/\/www.abc-latina.com\/perou\/photos\/photos_lima\">Photos de Lima<\/a><br \/><a href=\"https:\/\/www.abc-latina.com\/perou\/video\/videos-lima.php\">Vid\u00e9os de Lima<\/a><\/div>\n<p>&nbsp;<\/p>\n","protected":false},"excerpt":{"rendered":"<p>MUSEO DE ARTE Fue el Palacio de la Exposici\u00f3n Internacional de Lima en 1869. Su exposici\u00f3n &quot; Tres mil a\u00f1os [&hellip;]<\/p>\n","protected":false},"author":3,"featured_media":0,"parent":2118,"menu_order":0,"comment_status":"closed","ping_status":"closed","template":"","meta":{"site-sidebar-layout":"default","site-content-layout":"","ast-site-content-layout":"default","site-content-style":"default","site-sidebar-style":"default","ast-global-header-display":"","ast-banner-title-visibility":"","ast-main-header-display":"","ast-hfb-above-header-display":"","ast-hfb-below-header-display":"","ast-hfb-mobile-header-display":"","site-post-title":"","ast-breadcrumbs-content":"","ast-featured-img":"","footer-sml-layout":"","ast-disable-related-posts":"","theme-transparent-header-meta":"","adv-header-id-meta":"","stick-header-meta":"","header-above-stick-meta":"","header-main-stick-meta":"","header-below-stick-meta":"","astra-migrate-meta-layouts":"default","ast-page-background-enabled":"default","ast-page-background-meta":{"desktop":{"background-color":"var(--ast-global-color-5)","background-image":"","background-repeat":"repeat","background-position":"center center","background-size":"auto","background-attachment":"scroll","background-type":"","background-media":"","overlay-type":"","overlay-color":"","overlay-opacity":"","overlay-gradient":""},"tablet":{"background-color":"","background-image":"","background-repeat":"repeat","background-position":"center center","background-size":"auto","background-attachment":"scroll","background-type":"","background-media":"","overlay-type":"","overlay-color":"","overlay-opacity":"","overlay-gradient":""},"mobile":{"background-color":"","background-image":"","background-repeat":"repeat","background-position":"center center","background-size":"auto","background-attachment":"scroll","background-type":"","background-media":"","overlay-type":"","overlay-color":"","overlay-opacity":"","overlay-gradient":""}},"ast-content-background-meta":{"desktop":{"background-color":"var(--ast-global-color-4)","background-image":"","background-repeat":"repeat","background-position":"center center","background-size":"auto","background-attachment":"scroll","background-type":"","background-media":"","overlay-type":"","overlay-color":"","overlay-opacity":"","overlay-gradient":""},"tablet":{"background-color":"var(--ast-global-color-4)","background-image":"","background-repeat":"repeat","background-position":"center center","background-size":"auto","background-attachment":"scroll","background-type":"","background-media":"","overlay-type":"","overlay-color":"","overlay-opacity":"","overlay-gradient":""},"mobile":{"background-color":"var(--ast-global-color-4)","background-image":"","background-repeat":"repeat","background-position":"center center","background-size":"auto","background-attachment":"scroll","background-type":"","background-media":"","overlay-type":"","overlay-color":"","overlay-opacity":"","overlay-gradient":""}},"footnotes":""},"class_list":["post-1679","page","type-page","status-publish","hentry"],"yoast_head":"<!-- This site is optimized with the Yoast SEO plugin v27.5 - https:\/\/yoast.com\/product\/yoast-seo-wordpress\/ -->\n<title>Les MUSEES DE LIMA - Abc-latina<\/title>\n<meta name=\"description\" content=\"Tourisme au P\u00e9rou: Les mus\u00e9es de Lima.\" \/>\n<meta name=\"robots\" content=\"index, follow, max-snippet:-1, max-image-preview:large, max-video-preview:-1\" \/>\n<link rel=\"canonical\" href=\"https:\/\/abc-latina.com\/perou\/musee_lima\/\" \/>\n<meta property=\"og:locale\" content=\"fr_FR\" \/>\n<meta property=\"og:type\" content=\"article\" \/>\n<meta property=\"og:title\" content=\"Les MUSEES DE LIMA - Abc-latina\" \/>\n<meta property=\"og:description\" content=\"Tourisme au P\u00e9rou: Les mus\u00e9es de Lima.\" \/>\n<meta property=\"og:url\" content=\"https:\/\/abc-latina.com\/perou\/musee_lima\/\" \/>\n<meta property=\"og:site_name\" content=\"Abc-latina\" \/>\n<meta property=\"article:modified_time\" content=\"2026-04-30T16:25:19+00:00\" \/>\n<meta name=\"twitter:card\" content=\"summary_large_image\" \/>\n<meta name=\"twitter:label1\" content=\"Dur\u00e9e de lecture estim\u00e9e\" \/>\n\t<meta name=\"twitter:data1\" content=\"5 minutes\" \/>\n<script type=\"application\/ld+json\" class=\"yoast-schema-graph\">{\"@context\":\"https:\\\/\\\/schema.org\",\"@graph\":[{\"@type\":\"WebPage\",\"@id\":\"https:\\\/\\\/abc-latina.com\\\/perou\\\/musee_lima\\\/\",\"url\":\"https:\\\/\\\/abc-latina.com\\\/perou\\\/musee_lima\\\/\",\"name\":\"Les MUSEES DE LIMA - Abc-latina\",\"isPartOf\":{\"@id\":\"https:\\\/\\\/abc-latina.com\\\/#website\"},\"datePublished\":\"2010-07-24T23:01:29+00:00\",\"dateModified\":\"2026-04-30T16:25:19+00:00\",\"description\":\"Tourisme au P\u00e9rou: Les mus\u00e9es de Lima.\",\"breadcrumb\":{\"@id\":\"https:\\\/\\\/abc-latina.com\\\/perou\\\/musee_lima\\\/#breadcrumb\"},\"inLanguage\":\"fr-FR\",\"potentialAction\":[{\"@type\":\"ReadAction\",\"target\":[\"https:\\\/\\\/abc-latina.com\\\/perou\\\/musee_lima\\\/\"]}]},{\"@type\":\"BreadcrumbList\",\"@id\":\"https:\\\/\\\/abc-latina.com\\\/perou\\\/musee_lima\\\/#breadcrumb\",\"itemListElement\":[{\"@type\":\"ListItem\",\"position\":1,\"name\":\"Accueil\",\"item\":\"https:\\\/\\\/abc-latina.com\\\/\"},{\"@type\":\"ListItem\",\"position\":2,\"name\":\"Les MUSEES DE LIMA\"}]},{\"@type\":\"WebSite\",\"@id\":\"https:\\\/\\\/abc-latina.com\\\/#website\",\"url\":\"https:\\\/\\\/abc-latina.com\\\/\",\"name\":\"Abc-latina\",\"description\":\"\",\"publisher\":{\"@id\":\"https:\\\/\\\/abc-latina.com\\\/#organization\"},\"potentialAction\":[{\"@type\":\"SearchAction\",\"target\":{\"@type\":\"EntryPoint\",\"urlTemplate\":\"https:\\\/\\\/abc-latina.com\\\/?s={search_term_string}\"},\"query-input\":{\"@type\":\"PropertyValueSpecification\",\"valueRequired\":true,\"valueName\":\"search_term_string\"}}],\"inLanguage\":\"fr-FR\"},{\"@type\":\"Organization\",\"@id\":\"https:\\\/\\\/abc-latina.com\\\/#organization\",\"name\":\"Abc-latina\",\"url\":\"https:\\\/\\\/abc-latina.com\\\/\",\"logo\":{\"@type\":\"ImageObject\",\"inLanguage\":\"fr-FR\",\"@id\":\"https:\\\/\\\/abc-latina.com\\\/#\\\/schema\\\/logo\\\/image\\\/\",\"url\":\"https:\\\/\\\/abc-latina.com\\\/wp-content\\\/uploads\\\/2026\\\/05\\\/cropped-logo.gif\",\"contentUrl\":\"https:\\\/\\\/abc-latina.com\\\/wp-content\\\/uploads\\\/2026\\\/05\\\/cropped-logo.gif\",\"width\":89,\"height\":84,\"caption\":\"Abc-latina\"},\"image\":{\"@id\":\"https:\\\/\\\/abc-latina.com\\\/#\\\/schema\\\/logo\\\/image\\\/\"}}]}<\/script>\n<!-- \/ Yoast SEO plugin. -->","yoast_head_json":{"title":"Les MUSEES DE LIMA - Abc-latina","description":"Tourisme au P\u00e9rou: Les mus\u00e9es de Lima.","robots":{"index":"index","follow":"follow","max-snippet":"max-snippet:-1","max-image-preview":"max-image-preview:large","max-video-preview":"max-video-preview:-1"},"canonical":"https:\/\/abc-latina.com\/perou\/musee_lima\/","og_locale":"fr_FR","og_type":"article","og_title":"Les MUSEES DE LIMA - Abc-latina","og_description":"Tourisme au P\u00e9rou: Les mus\u00e9es de Lima.","og_url":"https:\/\/abc-latina.com\/perou\/musee_lima\/","og_site_name":"Abc-latina","article_modified_time":"2026-04-30T16:25:19+00:00","twitter_card":"summary_large_image","twitter_misc":{"Dur\u00e9e de lecture estim\u00e9e":"5 minutes"},"schema":{"@context":"https:\/\/schema.org","@graph":[{"@type":"WebPage","@id":"https:\/\/abc-latina.com\/perou\/musee_lima\/","url":"https:\/\/abc-latina.com\/perou\/musee_lima\/","name":"Les MUSEES DE LIMA - Abc-latina","isPartOf":{"@id":"https:\/\/abc-latina.com\/#website"},"datePublished":"2010-07-24T23:01:29+00:00","dateModified":"2026-04-30T16:25:19+00:00","description":"Tourisme au P\u00e9rou: Les mus\u00e9es de Lima.","breadcrumb":{"@id":"https:\/\/abc-latina.com\/perou\/musee_lima\/#breadcrumb"},"inLanguage":"fr-FR","potentialAction":[{"@type":"ReadAction","target":["https:\/\/abc-latina.com\/perou\/musee_lima\/"]}]},{"@type":"BreadcrumbList","@id":"https:\/\/abc-latina.com\/perou\/musee_lima\/#breadcrumb","itemListElement":[{"@type":"ListItem","position":1,"name":"Accueil","item":"https:\/\/abc-latina.com\/"},{"@type":"ListItem","position":2,"name":"Les MUSEES DE LIMA"}]},{"@type":"WebSite","@id":"https:\/\/abc-latina.com\/#website","url":"https:\/\/abc-latina.com\/","name":"Abc-latina","description":"","publisher":{"@id":"https:\/\/abc-latina.com\/#organization"},"potentialAction":[{"@type":"SearchAction","target":{"@type":"EntryPoint","urlTemplate":"https:\/\/abc-latina.com\/?s={search_term_string}"},"query-input":{"@type":"PropertyValueSpecification","valueRequired":true,"valueName":"search_term_string"}}],"inLanguage":"fr-FR"},{"@type":"Organization","@id":"https:\/\/abc-latina.com\/#organization","name":"Abc-latina","url":"https:\/\/abc-latina.com\/","logo":{"@type":"ImageObject","inLanguage":"fr-FR","@id":"https:\/\/abc-latina.com\/#\/schema\/logo\/image\/","url":"https:\/\/abc-latina.com\/wp-content\/uploads\/2026\/05\/cropped-logo.gif","contentUrl":"https:\/\/abc-latina.com\/wp-content\/uploads\/2026\/05\/cropped-logo.gif","width":89,"height":84,"caption":"Abc-latina"},"image":{"@id":"https:\/\/abc-latina.com\/#\/schema\/logo\/image\/"}}]}},"_links":{"self":[{"href":"https:\/\/abc-latina.com\/wp-json\/wp\/v2\/pages\/1679","targetHints":{"allow":["GET"]}}],"collection":[{"href":"https:\/\/abc-latina.com\/wp-json\/wp\/v2\/pages"}],"about":[{"href":"https:\/\/abc-latina.com\/wp-json\/wp\/v2\/types\/page"}],"author":[{"embeddable":true,"href":"https:\/\/abc-latina.com\/wp-json\/wp\/v2\/users\/3"}],"replies":[{"embeddable":true,"href":"https:\/\/abc-latina.com\/wp-json\/wp\/v2\/comments?post=1679"}],"version-history":[{"count":1,"href":"https:\/\/abc-latina.com\/wp-json\/wp\/v2\/pages\/1679\/revisions"}],"predecessor-version":[{"id":3780,"href":"https:\/\/abc-latina.com\/wp-json\/wp\/v2\/pages\/1679\/revisions\/3780"}],"up":[{"embeddable":true,"href":"https:\/\/abc-latina.com\/wp-json\/wp\/v2\/pages\/2118"}],"wp:attachment":[{"href":"https:\/\/abc-latina.com\/wp-json\/wp\/v2\/media?parent=1679"}],"curies":[{"name":"wp","href":"https:\/\/api.w.org\/{rel}","templated":true}]}}