{"id":1682,"date":"2010-07-25T02:43:33","date_gmt":"2010-07-25T00:43:33","guid":{"rendered":"http:\/\/abc-latina.com\/cuisine-htm-9\/"},"modified":"2026-04-30T18:25:34","modified_gmt":"2026-04-30T16:25:34","slug":"cuisine","status":"publish","type":"page","link":"https:\/\/abc-latina.com\/venezuela\/cuisine\/","title":{"rendered":"La CUISINE du VENEZUELA"},"content":{"rendered":"<div><img loading=\"lazy\" decoding=\"async\" class=\" alignright size-full wp-image-1681\" src=\"http:\/\/abc-latina.com\/wp-content\/uploads\/2010\/07\/cuisine-venezuela.jpg\" title=\"La CUISINE du VENEZUELA\" alt=\"\" width=\"220\" vspace=\"9\" hspace=\"15\" height=\"220\" align=\"right\" srcset=\"https:\/\/abc-latina.com\/wp-content\/uploads\/2010\/07\/cuisine-venezuela.jpg 220w, https:\/\/abc-latina.com\/wp-content\/uploads\/2010\/07\/cuisine-venezuela-150x150.jpg 150w\" sizes=\"auto, (max-width: 220px) 100vw, 220px\" \/>On utilise beaucoup de cumin et de safran pour assaisonner les plats mais le go\u00fbt d\u00e9licat de la cuisine traditionnelle vient de l&rsquo;usage des racines et des l\u00e9gumes locaux.<\/div>\n<div>&nbsp;<\/div>\n<div><span class=\"geo-info\">Les quelques sp\u00e9cialit\u00e9s v\u00e9n\u00e9zu\u00e9liennes sont:&nbsp;<\/span><\/div>\n<div>Les tequenos (p\u00e2te fine enroul\u00e9e autour d&rsquo;un doigt de fromage blanc local et frit), arepas (le pain v\u00e9n\u00e9zu\u00e9lien, une petite galette de ma\u00efs, grill\u00e9e ou frite qui est servie comme accompagnement de certains plats et qui peut \u00eatre garnie de viande, de fromage ou de poisson), et les tostadas qui sont utilis\u00e9es comme des sandwichs (le centre farineux se retire et la coquille croustillante est garnie avec du jambon et du fromage, ou de la viande assaisonn\u00e9e avec des \u00e9pices, de la salade de poulet ou du fromage frais).<\/div>\n<div>Le Guasacaca est un condiment chaud utilis\u00e9 principalement avec les viandes pr\u00e9par\u00e9es sur le grill.&nbsp;<\/div>\n<div>Le pabell\u00f3n criollo est de la viande hach\u00e9e servie avec des plantins frites (une vari\u00e9t\u00e9 de banane verte), les haricots noirs servis avec du riz.<\/div>\n<div>Hallaca sont un plat local servi au moment de No\u00ebl et du Nouvel An et qui est pr\u00e9par\u00e9 avec de la viande de porc, ou de boeuf, de poulet, du jambon avec des l\u00e9gumes et des olives, le tout m\u00e9lang\u00e9 \u00e0 de la farine de ma\u00efs puis envelopp\u00e9 dans des feuilles de banane et bouilli.<\/div>\n<div>La parrilla criolla est un barbecue avec diff\u00e9rentes viandes.<\/div>\n<div>Le sancocho est un pot-au-feu de l\u00e9gumes avec du poisson, de la viande ou du poulet. La pur\u00e9e de c\u00e9leri est une des recettes locales les plus exotiques. Les Empanadas, lapa asada et la soupe de chipi chipi (\u00e0 base de clovisses) sont excellents.<\/div>\n<div>&nbsp;<\/div>\n<div><span class=\"geo-info\">Les boissons: <\/span><\/div>\n<div>Le vin local est bon. Il y a plusieurs bi\u00e8res locales, de l&rsquo;eau min\u00e9rale, du gin et du bon rhum. Le caf\u00e9 est excellent et assez fort. Les jus de fruit sont tr\u00e8s populaires et tr\u00e8s vari\u00e9s avec la grande vari\u00e9t\u00e9 de fruits qu&rsquo;il y a dans le pays. Les jus peuvent se boire purs ou coup\u00e9s. La &lsquo;merengada&rsquo; (pulpe de fruit avec des gla\u00e7ons, du lait et du sucre) est recommand\u00e9e. Le &lsquo;pousse-caf\u00e9&rsquo; est un digestif. La bi\u00e8re est la boisson alcoolis\u00e9e la plus populaire: servie dans un verre, c&rsquo;est une &lsquo;lisa&rsquo; et en bouteille c&rsquo;est un &lsquo;tercio&rsquo; .<\/div>\n<div>&nbsp;<\/div>\n<div><a target=\"_blank\" href=\"http:\/\/www.restos-latinos.com\/venezuela\/canada\">Les restaurants venezueliens au Canada<\/a><\/div>\n","protected":false},"excerpt":{"rendered":"<p>On utilise beaucoup de cumin et de safran pour assaisonner les plats mais le go\u00fbt d\u00e9licat de la cuisine traditionnelle [&hellip;]<\/p>\n","protected":false},"author":3,"featured_media":1681,"parent":2320,"menu_order":0,"comment_status":"closed","ping_status":"closed","template":"","meta":{"site-sidebar-layout":"default","site-content-layout":"","ast-site-content-layout":"default","site-content-style":"default","site-sidebar-style":"default","ast-global-header-display":"","ast-banner-title-visibility":"","ast-main-header-display":"","ast-hfb-above-header-display":"","ast-hfb-below-header-display":"","ast-hfb-mobile-header-display":"","site-post-title":"","ast-breadcrumbs-content":"","ast-featured-img":"","footer-sml-layout":"","ast-disable-related-posts":"","theme-transparent-header-meta":"","adv-header-id-meta":"","stick-header-meta":"","header-above-stick-meta":"","header-main-stick-meta":"","header-below-stick-meta":"","astra-migrate-meta-layouts":"default","ast-page-background-enabled":"default","ast-page-background-meta":{"desktop":{"background-color":"var(--ast-global-color-5)","background-image":"","background-repeat":"repeat","background-position":"center center","background-size":"auto","background-attachment":"scroll","background-type":"","background-media":"","overlay-type":"","overlay-color":"","overlay-opacity":"","overlay-gradient":""},"tablet":{"background-color":"","background-image":"","background-repeat":"repeat","background-position":"center center","background-size":"auto","background-attachment":"scroll","background-type":"","background-media":"","overlay-type":"","overlay-color":"","overlay-opacity":"","overlay-gradient":""},"mobile":{"background-color":"","background-image":"","background-repeat":"repeat","background-position":"center center","background-size":"auto","background-attachment":"scroll","background-type":"","background-media":"","overlay-type":"","overlay-color":"","overlay-opacity":"","overlay-gradient":""}},"ast-content-background-meta":{"desktop":{"background-color":"var(--ast-global-color-4)","background-image":"","background-repeat":"repeat","background-position":"center center","background-size":"auto","background-attachment":"scroll","background-type":"","background-media":"","overlay-type":"","overlay-color":"","overlay-opacity":"","overlay-gradient":""},"tablet":{"background-color":"var(--ast-global-color-4)","background-image":"","background-repeat":"repeat","background-position":"center center","background-size":"auto","background-attachment":"scroll","background-type":"","background-media":"","overlay-type":"","overlay-color":"","overlay-opacity":"","overlay-gradient":""},"mobile":{"background-color":"var(--ast-global-color-4)","background-image":"","background-repeat":"repeat","background-position":"center center","background-size":"auto","background-attachment":"scroll","background-type":"","background-media":"","overlay-type":"","overlay-color":"","overlay-opacity":"","overlay-gradient":""}},"footnotes":""},"class_list":["post-1682","page","type-page","status-publish","has-post-thumbnail","hentry"],"yoast_head":"<!-- This site is optimized with the Yoast SEO plugin v27.5 - https:\/\/yoast.com\/product\/yoast-seo-wordpress\/ -->\n<title>La CUISINE du VENEZUELA - Abc-latina<\/title>\n<meta name=\"description\" content=\"La cuisine venezuelienne, ses sp\u00e9cialit\u00e9s et la nourriture traditionnelle.\" \/>\n<meta name=\"robots\" content=\"index, follow, max-snippet:-1, max-image-preview:large, max-video-preview:-1\" \/>\n<link rel=\"canonical\" href=\"https:\/\/abc-latina.com\/venezuela\/cuisine\/\" \/>\n<meta property=\"og:locale\" content=\"fr_FR\" \/>\n<meta property=\"og:type\" content=\"article\" \/>\n<meta property=\"og:title\" content=\"La CUISINE du VENEZUELA - Abc-latina\" \/>\n<meta property=\"og:description\" content=\"La cuisine venezuelienne, ses sp\u00e9cialit\u00e9s et la nourriture traditionnelle.\" \/>\n<meta property=\"og:url\" content=\"https:\/\/abc-latina.com\/venezuela\/cuisine\/\" \/>\n<meta property=\"og:site_name\" content=\"Abc-latina\" \/>\n<meta property=\"article:modified_time\" content=\"2026-04-30T16:25:34+00:00\" \/>\n<meta property=\"og:image\" content=\"https:\/\/abc-latina.com\/wp-content\/uploads\/2010\/07\/cuisine-venezuela.jpg\" \/>\n\t<meta property=\"og:image:width\" content=\"220\" \/>\n\t<meta property=\"og:image:height\" content=\"220\" \/>\n\t<meta property=\"og:image:type\" content=\"image\/jpeg\" \/>\n<meta name=\"twitter:card\" content=\"summary_large_image\" \/>\n<meta name=\"twitter:label1\" content=\"Dur\u00e9e de lecture estim\u00e9e\" \/>\n\t<meta name=\"twitter:data1\" content=\"2 minutes\" \/>\n<script type=\"application\/ld+json\" class=\"yoast-schema-graph\">{\"@context\":\"https:\\\/\\\/schema.org\",\"@graph\":[{\"@type\":\"WebPage\",\"@id\":\"https:\\\/\\\/abc-latina.com\\\/venezuela\\\/cuisine\\\/\",\"url\":\"https:\\\/\\\/abc-latina.com\\\/venezuela\\\/cuisine\\\/\",\"name\":\"La CUISINE du VENEZUELA - Abc-latina\",\"isPartOf\":{\"@id\":\"https:\\\/\\\/abc-latina.com\\\/#website\"},\"primaryImageOfPage\":{\"@id\":\"https:\\\/\\\/abc-latina.com\\\/venezuela\\\/cuisine\\\/#primaryimage\"},\"image\":{\"@id\":\"https:\\\/\\\/abc-latina.com\\\/venezuela\\\/cuisine\\\/#primaryimage\"},\"thumbnailUrl\":\"https:\\\/\\\/abc-latina.com\\\/wp-content\\\/uploads\\\/2010\\\/07\\\/cuisine-venezuela.jpg\",\"datePublished\":\"2010-07-25T00:43:33+00:00\",\"dateModified\":\"2026-04-30T16:25:34+00:00\",\"description\":\"La cuisine venezuelienne, ses sp\u00e9cialit\u00e9s et la nourriture traditionnelle.\",\"breadcrumb\":{\"@id\":\"https:\\\/\\\/abc-latina.com\\\/venezuela\\\/cuisine\\\/#breadcrumb\"},\"inLanguage\":\"fr-FR\",\"potentialAction\":[{\"@type\":\"ReadAction\",\"target\":[\"https:\\\/\\\/abc-latina.com\\\/venezuela\\\/cuisine\\\/\"]}]},{\"@type\":\"ImageObject\",\"inLanguage\":\"fr-FR\",\"@id\":\"https:\\\/\\\/abc-latina.com\\\/venezuela\\\/cuisine\\\/#primaryimage\",\"url\":\"https:\\\/\\\/abc-latina.com\\\/wp-content\\\/uploads\\\/2010\\\/07\\\/cuisine-venezuela.jpg\",\"contentUrl\":\"https:\\\/\\\/abc-latina.com\\\/wp-content\\\/uploads\\\/2010\\\/07\\\/cuisine-venezuela.jpg\",\"width\":220,\"height\":220,\"caption\":\"La CUISINE du VENEZUELA\"},{\"@type\":\"BreadcrumbList\",\"@id\":\"https:\\\/\\\/abc-latina.com\\\/venezuela\\\/cuisine\\\/#breadcrumb\",\"itemListElement\":[{\"@type\":\"ListItem\",\"position\":1,\"name\":\"Accueil\",\"item\":\"https:\\\/\\\/abc-latina.com\\\/\"},{\"@type\":\"ListItem\",\"position\":2,\"name\":\"La CUISINE du VENEZUELA\"}]},{\"@type\":\"WebSite\",\"@id\":\"https:\\\/\\\/abc-latina.com\\\/#website\",\"url\":\"https:\\\/\\\/abc-latina.com\\\/\",\"name\":\"Abc-latina\",\"description\":\"\",\"publisher\":{\"@id\":\"https:\\\/\\\/abc-latina.com\\\/#organization\"},\"potentialAction\":[{\"@type\":\"SearchAction\",\"target\":{\"@type\":\"EntryPoint\",\"urlTemplate\":\"https:\\\/\\\/abc-latina.com\\\/?s={search_term_string}\"},\"query-input\":{\"@type\":\"PropertyValueSpecification\",\"valueRequired\":true,\"valueName\":\"search_term_string\"}}],\"inLanguage\":\"fr-FR\"},{\"@type\":\"Organization\",\"@id\":\"https:\\\/\\\/abc-latina.com\\\/#organization\",\"name\":\"Abc-latina\",\"url\":\"https:\\\/\\\/abc-latina.com\\\/\",\"logo\":{\"@type\":\"ImageObject\",\"inLanguage\":\"fr-FR\",\"@id\":\"https:\\\/\\\/abc-latina.com\\\/#\\\/schema\\\/logo\\\/image\\\/\",\"url\":\"https:\\\/\\\/abc-latina.com\\\/wp-content\\\/uploads\\\/2026\\\/05\\\/cropped-logo.gif\",\"contentUrl\":\"https:\\\/\\\/abc-latina.com\\\/wp-content\\\/uploads\\\/2026\\\/05\\\/cropped-logo.gif\",\"width\":89,\"height\":84,\"caption\":\"Abc-latina\"},\"image\":{\"@id\":\"https:\\\/\\\/abc-latina.com\\\/#\\\/schema\\\/logo\\\/image\\\/\"}}]}<\/script>\n<!-- \/ Yoast SEO plugin. -->","yoast_head_json":{"title":"La CUISINE du VENEZUELA - Abc-latina","description":"La cuisine venezuelienne, ses sp\u00e9cialit\u00e9s et la nourriture traditionnelle.","robots":{"index":"index","follow":"follow","max-snippet":"max-snippet:-1","max-image-preview":"max-image-preview:large","max-video-preview":"max-video-preview:-1"},"canonical":"https:\/\/abc-latina.com\/venezuela\/cuisine\/","og_locale":"fr_FR","og_type":"article","og_title":"La CUISINE du VENEZUELA - Abc-latina","og_description":"La cuisine venezuelienne, ses sp\u00e9cialit\u00e9s et la nourriture traditionnelle.","og_url":"https:\/\/abc-latina.com\/venezuela\/cuisine\/","og_site_name":"Abc-latina","article_modified_time":"2026-04-30T16:25:34+00:00","og_image":[{"width":220,"height":220,"url":"https:\/\/abc-latina.com\/wp-content\/uploads\/2010\/07\/cuisine-venezuela.jpg","type":"image\/jpeg"}],"twitter_card":"summary_large_image","twitter_misc":{"Dur\u00e9e de lecture estim\u00e9e":"2 minutes"},"schema":{"@context":"https:\/\/schema.org","@graph":[{"@type":"WebPage","@id":"https:\/\/abc-latina.com\/venezuela\/cuisine\/","url":"https:\/\/abc-latina.com\/venezuela\/cuisine\/","name":"La CUISINE du VENEZUELA - Abc-latina","isPartOf":{"@id":"https:\/\/abc-latina.com\/#website"},"primaryImageOfPage":{"@id":"https:\/\/abc-latina.com\/venezuela\/cuisine\/#primaryimage"},"image":{"@id":"https:\/\/abc-latina.com\/venezuela\/cuisine\/#primaryimage"},"thumbnailUrl":"https:\/\/abc-latina.com\/wp-content\/uploads\/2010\/07\/cuisine-venezuela.jpg","datePublished":"2010-07-25T00:43:33+00:00","dateModified":"2026-04-30T16:25:34+00:00","description":"La cuisine venezuelienne, ses sp\u00e9cialit\u00e9s et la nourriture traditionnelle.","breadcrumb":{"@id":"https:\/\/abc-latina.com\/venezuela\/cuisine\/#breadcrumb"},"inLanguage":"fr-FR","potentialAction":[{"@type":"ReadAction","target":["https:\/\/abc-latina.com\/venezuela\/cuisine\/"]}]},{"@type":"ImageObject","inLanguage":"fr-FR","@id":"https:\/\/abc-latina.com\/venezuela\/cuisine\/#primaryimage","url":"https:\/\/abc-latina.com\/wp-content\/uploads\/2010\/07\/cuisine-venezuela.jpg","contentUrl":"https:\/\/abc-latina.com\/wp-content\/uploads\/2010\/07\/cuisine-venezuela.jpg","width":220,"height":220,"caption":"La CUISINE du VENEZUELA"},{"@type":"BreadcrumbList","@id":"https:\/\/abc-latina.com\/venezuela\/cuisine\/#breadcrumb","itemListElement":[{"@type":"ListItem","position":1,"name":"Accueil","item":"https:\/\/abc-latina.com\/"},{"@type":"ListItem","position":2,"name":"La CUISINE du VENEZUELA"}]},{"@type":"WebSite","@id":"https:\/\/abc-latina.com\/#website","url":"https:\/\/abc-latina.com\/","name":"Abc-latina","description":"","publisher":{"@id":"https:\/\/abc-latina.com\/#organization"},"potentialAction":[{"@type":"SearchAction","target":{"@type":"EntryPoint","urlTemplate":"https:\/\/abc-latina.com\/?s={search_term_string}"},"query-input":{"@type":"PropertyValueSpecification","valueRequired":true,"valueName":"search_term_string"}}],"inLanguage":"fr-FR"},{"@type":"Organization","@id":"https:\/\/abc-latina.com\/#organization","name":"Abc-latina","url":"https:\/\/abc-latina.com\/","logo":{"@type":"ImageObject","inLanguage":"fr-FR","@id":"https:\/\/abc-latina.com\/#\/schema\/logo\/image\/","url":"https:\/\/abc-latina.com\/wp-content\/uploads\/2026\/05\/cropped-logo.gif","contentUrl":"https:\/\/abc-latina.com\/wp-content\/uploads\/2026\/05\/cropped-logo.gif","width":89,"height":84,"caption":"Abc-latina"},"image":{"@id":"https:\/\/abc-latina.com\/#\/schema\/logo\/image\/"}}]}},"_links":{"self":[{"href":"https:\/\/abc-latina.com\/wp-json\/wp\/v2\/pages\/1682","targetHints":{"allow":["GET"]}}],"collection":[{"href":"https:\/\/abc-latina.com\/wp-json\/wp\/v2\/pages"}],"about":[{"href":"https:\/\/abc-latina.com\/wp-json\/wp\/v2\/types\/page"}],"author":[{"embeddable":true,"href":"https:\/\/abc-latina.com\/wp-json\/wp\/v2\/users\/3"}],"replies":[{"embeddable":true,"href":"https:\/\/abc-latina.com\/wp-json\/wp\/v2\/comments?post=1682"}],"version-history":[{"count":1,"href":"https:\/\/abc-latina.com\/wp-json\/wp\/v2\/pages\/1682\/revisions"}],"predecessor-version":[{"id":4118,"href":"https:\/\/abc-latina.com\/wp-json\/wp\/v2\/pages\/1682\/revisions\/4118"}],"up":[{"embeddable":true,"href":"https:\/\/abc-latina.com\/wp-json\/wp\/v2\/pages\/2320"}],"wp:featuredmedia":[{"embeddable":true,"href":"https:\/\/abc-latina.com\/wp-json\/wp\/v2\/media\/1681"}],"wp:attachment":[{"href":"https:\/\/abc-latina.com\/wp-json\/wp\/v2\/media?parent=1682"}],"curies":[{"name":"wp","href":"https:\/\/api.w.org\/{rel}","templated":true}]}}