{"id":1703,"date":"2010-07-26T04:02:27","date_gmt":"2010-07-26T02:02:27","guid":{"rendered":"http:\/\/abc-latina.com\/carte-regions-chili-php\/"},"modified":"2026-04-30T18:24:53","modified_gmt":"2026-04-30T16:24:53","slug":"carte-regions-chili","status":"publish","type":"page","link":"https:\/\/abc-latina.com\/chili\/carte-regions-chili\/","title":{"rendered":"CARTE REGIONS &#8211; CHILI"},"content":{"rendered":"<table class=\"table_cartes\">\n<tbody>\n<tr>\n<td class=\"tc_gauche\" valign=\"top\">\n<div><span style=\"font-size: smaller; \"><span class=\"autre-carte\">AUTRES CARTES&nbsp;<\/span><\/span><\/div>\n<div><a href=\"cartechi\"><span style=\"font-size: smaller; \">Carte politique<\/span><\/a><\/div>\n<div><a href=\"carte-relief-chili.php\"><span style=\"font-size: smaller; \">Carte du relief<\/span><\/a><\/div>\n<div><a href=\"carte-parcs-chili.php\"><span style=\"font-size: smaller; \">Carte des Parcs<\/span><\/a><\/div>\n<div><a href=\"carte-villes-chili.php\"><span style=\"font-size: smaller; \">Carte des villes<\/span><\/a><\/div>\n<\/td>\n<td class=\"tc_droite\"><a target=\"_blank\" href=\"https:\/\/www.abc-latina.com\/carteam_latine\"><img loading=\"lazy\" decoding=\"async\" class=\" alignright size-full wp-image-1100\" style=\"float: right;\" src=\"http:\/\/abc-latina.com\/wp-content\/uploads\/2010\/06\/america_chili.png\" alt=\"\" width=\"118\" height=\"122\" \/><\/a><\/td>\n<\/tr>\n<\/tbody>\n<\/table>\n<p style=\"text-align: center; \"><img loading=\"lazy\" decoding=\"async\" class=\" size-full wp-image-1702\" src=\"http:\/\/abc-latina.com\/wp-content\/uploads\/2010\/07\/carte-regions-chili.jpg\" alt=\"CARTE REGIONS - CHILI\" title=\"CARTE REGIONS - CHILI\" width=\"586\" height=\"1136\" srcset=\"https:\/\/abc-latina.com\/wp-content\/uploads\/2010\/07\/carte-regions-chili.jpg 586w, https:\/\/abc-latina.com\/wp-content\/uploads\/2010\/07\/carte-regions-chili-155x300.jpg 155w, https:\/\/abc-latina.com\/wp-content\/uploads\/2010\/07\/carte-regions-chili-528x1024.jpg 528w\" sizes=\"auto, (max-width: 586px) 100vw, 586px\" \/><\/p>\n<p>&nbsp;<b style=\"font-family: Arial, Helvetica, sans-serif; font-size: small; background-color: rgb(255, 255, 255); text-align: justify;\"><font size=\"4\">L<\/font><\/b><span style=\"font-family: Arial, Helvetica, sans-serif; font-size: small; background-color: rgb(255, 255, 255); text-align: justify;\">e  Chili est divis\u00e9 en treize r\u00e9gions qui sont elles-m\u00eames subdivis\u00e9es en  provinces. \u00c0 la t\u00eate de chaque r\u00e9gion, se trouve un intendant tandis que  les provinces sont dirig\u00e9es par un gouverneur provincial. Chaque  province est divis\u00e9e en communes g\u00e9r\u00e9es par un maire. Les intendants et  gouverneurs provinciaux sont nomm\u00e9s par le pr\u00e9sident, les maires sont  \u00e9lus par les citoyens.<\/span><\/p>\n<p style=\"text-align: justify; background-color: rgb(255, 255, 255);\"><font size=\"2\" face=\"Arial, Helvetica, sans-serif\">Les  r\u00e9gions sont d\u00e9sign\u00e9s par un nombre romain et un nom. Les nombres sont  attribu\u00e9s du nord au sud. Les Chiliens utilisent g\u00e9n\u00e9ralement davantage  le nombre que le nom complet. La r\u00e9gion de Santiago fait exception et  n&rsquo;a pas de nombre correspondant, elle est d\u00e9sign\u00e9e par les initiales RM  (Regi\u00f3n Metropolitana).<\/font><\/p>\n<table style=\"background-color: rgb(255, 255, 255);\" width=\"92%\" border=\"0\">\n<tbody>\n<tr>\n<td><b><font size=\"1\" face=\"Verdana, Arial, Helvetica, sans-serif\" color=\"#FF8000\">I<\/font><\/b><\/td>\n<td><font size=\"2\" face=\"Arial, Helvetica, sans-serif\"><font color=\"#333333\">Tarapac\u00e1 (Iquique)<\/font><\/font><\/td>\n<\/tr>\n<tr>\n<td><b><font size=\"1\" face=\"Verdana, Arial, Helvetica, sans-serif\" color=\"#FF8000\">II<\/font><\/b><\/td>\n<td><font size=\"2\" face=\"Arial, Helvetica, sans-serif\"><font color=\"#333333\">Antofagasta (Antofagasta)<\/font><\/font><\/td>\n<\/tr>\n<tr>\n<td><b><font size=\"1\" face=\"Verdana, Arial, Helvetica, sans-serif\" color=\"#FF8000\">III<\/font><\/b><\/td>\n<td><font size=\"2\" face=\"Arial, Helvetica, sans-serif\"><font color=\"#333333\">Atacama (Copiap\u00f3)<\/font><\/font><\/td>\n<\/tr>\n<tr>\n<td><b><font size=\"1\" face=\"Verdana, Arial, Helvetica, sans-serif\" color=\"#FF8000\">IV<\/font><\/b><\/td>\n<td><font size=\"2\" face=\"Arial, Helvetica, sans-serif\"><font color=\"#333333\">Coquimbo (La Serena)<\/font><\/font><\/td>\n<\/tr>\n<tr>\n<td><b><font size=\"1\" face=\"Verdana, Arial, Helvetica, sans-serif\" color=\"#FF8000\">V<\/font><\/b><\/td>\n<td><font size=\"2\" face=\"Arial, Helvetica, sans-serif\"><font color=\"#333333\">Valpara\u00edso (Valpara\u00edso)<\/font><\/font><\/td>\n<\/tr>\n<tr>\n<td><b><font size=\"1\" face=\"Verdana, Arial, Helvetica, sans-serif\" color=\"#FF8000\">RM<\/font><\/b><\/td>\n<td><font size=\"2\" face=\"Arial, Helvetica, sans-serif\"><font color=\"#333333\">Metropolitana &#8211; Santiago du Chili<\/font><\/font><\/td>\n<\/tr>\n<tr>\n<td><b><font size=\"1\" face=\"Verdana, Arial, Helvetica, sans-serif\" color=\"#FF8000\">VI<\/font><\/b><\/td>\n<td><font size=\"2\" face=\"Arial, Helvetica, sans-serif\"><font color=\"#333333\">Libertador General Bernardo O&rsquo;Higgins (Rancagua)<\/font><\/font><\/td>\n<\/tr>\n<tr>\n<td><b><font size=\"1\" face=\"Verdana, Arial, Helvetica, sans-serif\" color=\"#FF8000\">VII<\/font><\/b><\/td>\n<td><font size=\"2\" face=\"Arial, Helvetica, sans-serif\"><font color=\"#333333\">Maule (Talca)<\/font><\/font><\/td>\n<\/tr>\n<tr>\n<td><b><font size=\"1\" face=\"Verdana, Arial, Helvetica, sans-serif\" color=\"#FF8000\">VIII<\/font><\/b><\/td>\n<td><font size=\"2\" face=\"Arial, Helvetica, sans-serif\"><font color=\"#333333\">Biob\u00edo (Concepci\u00f3n)<\/font><\/font><\/td>\n<\/tr>\n<tr>\n<td><b><font size=\"1\" face=\"Verdana, Arial, Helvetica, sans-serif\" color=\"#FF8000\">IX<\/font><\/b><\/td>\n<td><font size=\"2\" face=\"Arial, Helvetica, sans-serif\"><font color=\"#333333\">Araucan\u00eda (Temuco)<\/font><\/font><\/td>\n<\/tr>\n<tr>\n<td><b><font size=\"1\" face=\"Verdana, Arial, Helvetica, sans-serif\" color=\"#FF8000\">X<\/font><\/b><\/td>\n<td><font size=\"2\" face=\"Arial, Helvetica, sans-serif\"><font color=\"#333333\">Lagos (Puerto Montt)<\/font><\/font><\/td>\n<\/tr>\n<tr>\n<td><b><font size=\"1\" face=\"Verdana, Arial, Helvetica, sans-serif\" color=\"#FF8000\">XI<\/font><\/b><\/td>\n<td><font size=\"2\" face=\"Arial, Helvetica, sans-serif\"><font color=\"#333333\">Ais\u00e9n del General Carlos Ib\u00e1\u00f1ez del Campo (Coihaique)<\/font><\/font><\/td>\n<\/tr>\n<tr>\n<td><b><font size=\"1\" face=\"Verdana, Arial, Helvetica, sans-serif\" color=\"#FF8000\">XII<\/font><\/b><\/td>\n<td><font size=\"2\" face=\"Arial, Helvetica, sans-serif\"><font color=\"#333333\">Magallanes y de la Ant\u00e1rtica Chilena (Punta Arenas) <\/font><\/font><\/td>\n<\/tr>\n<\/tbody>\n<\/table>\n","protected":false},"excerpt":{"rendered":"<p>AUTRES CARTES&nbsp; Carte politique Carte du relief Carte des Parcs Carte des villes &nbsp;Le Chili est divis\u00e9 en treize r\u00e9gions [&hellip;]<\/p>\n","protected":false},"author":3,"featured_media":1100,"parent":2293,"menu_order":0,"comment_status":"closed","ping_status":"closed","template":"","meta":{"site-sidebar-layout":"default","site-content-layout":"","ast-site-content-layout":"default","site-content-style":"default","site-sidebar-style":"default","ast-global-header-display":"","ast-banner-title-visibility":"","ast-main-header-display":"","ast-hfb-above-header-display":"","ast-hfb-below-header-display":"","ast-hfb-mobile-header-display":"","site-post-title":"","ast-breadcrumbs-content":"","ast-featured-img":"","footer-sml-layout":"","ast-disable-related-posts":"","theme-transparent-header-meta":"","adv-header-id-meta":"","stick-header-meta":"","header-above-stick-meta":"","header-main-stick-meta":"","header-below-stick-meta":"","astra-migrate-meta-layouts":"default","ast-page-background-enabled":"default","ast-page-background-meta":{"desktop":{"background-color":"var(--ast-global-color-5)","background-image":"","background-repeat":"repeat","background-position":"center center","background-size":"auto","background-attachment":"scroll","background-type":"","background-media":"","overlay-type":"","overlay-color":"","overlay-opacity":"","overlay-gradient":""},"tablet":{"background-color":"","background-image":"","background-repeat":"repeat","background-position":"center center","background-size":"auto","background-attachment":"scroll","background-type":"","background-media":"","overlay-type":"","overlay-color":"","overlay-opacity":"","overlay-gradient":""},"mobile":{"background-color":"","background-image":"","background-repeat":"repeat","background-position":"center center","background-size":"auto","background-attachment":"scroll","background-type":"","background-media":"","overlay-type":"","overlay-color":"","overlay-opacity":"","overlay-gradient":""}},"ast-content-background-meta":{"desktop":{"background-color":"var(--ast-global-color-4)","background-image":"","background-repeat":"repeat","background-position":"center center","background-size":"auto","background-attachment":"scroll","background-type":"","background-media":"","overlay-type":"","overlay-color":"","overlay-opacity":"","overlay-gradient":""},"tablet":{"background-color":"var(--ast-global-color-4)","background-image":"","background-repeat":"repeat","background-position":"center center","background-size":"auto","background-attachment":"scroll","background-type":"","background-media":"","overlay-type":"","overlay-color":"","overlay-opacity":"","overlay-gradient":""},"mobile":{"background-color":"var(--ast-global-color-4)","background-image":"","background-repeat":"repeat","background-position":"center center","background-size":"auto","background-attachment":"scroll","background-type":"","background-media":"","overlay-type":"","overlay-color":"","overlay-opacity":"","overlay-gradient":""}},"footnotes":""},"class_list":["post-1703","page","type-page","status-publish","has-post-thumbnail","hentry"],"yoast_head":"<!-- This site is optimized with the Yoast SEO plugin v27.5 - https:\/\/yoast.com\/product\/yoast-seo-wordpress\/ -->\n<title>CARTE REGIONS - CHILI - Abc-latina<\/title>\n<meta name=\"description\" content=\"Carte des regions du Chili.\" \/>\n<meta name=\"robots\" content=\"index, follow, max-snippet:-1, max-image-preview:large, max-video-preview:-1\" \/>\n<link rel=\"canonical\" href=\"https:\/\/abc-latina.com\/chili\/carte-regions-chili\/\" \/>\n<meta property=\"og:locale\" content=\"fr_FR\" \/>\n<meta property=\"og:type\" content=\"article\" \/>\n<meta property=\"og:title\" content=\"CARTE REGIONS - CHILI - Abc-latina\" \/>\n<meta property=\"og:description\" content=\"Carte des regions du Chili.\" \/>\n<meta property=\"og:url\" content=\"https:\/\/abc-latina.com\/chili\/carte-regions-chili\/\" \/>\n<meta property=\"og:site_name\" content=\"Abc-latina\" \/>\n<meta property=\"article:modified_time\" content=\"2026-04-30T16:24:53+00:00\" \/>\n<meta property=\"og:image\" content=\"https:\/\/abc-latina.com\/wp-content\/uploads\/2010\/06\/america_chili.png\" \/>\n\t<meta property=\"og:image:width\" content=\"118\" \/>\n\t<meta property=\"og:image:height\" content=\"122\" \/>\n\t<meta property=\"og:image:type\" content=\"image\/png\" \/>\n<meta name=\"twitter:card\" content=\"summary_large_image\" \/>\n<meta name=\"twitter:label1\" content=\"Dur\u00e9e de lecture estim\u00e9e\" \/>\n\t<meta name=\"twitter:data1\" content=\"1 minute\" \/>\n<script type=\"application\/ld+json\" class=\"yoast-schema-graph\">{\"@context\":\"https:\\\/\\\/schema.org\",\"@graph\":[{\"@type\":\"WebPage\",\"@id\":\"https:\\\/\\\/abc-latina.com\\\/chili\\\/carte-regions-chili\\\/\",\"url\":\"https:\\\/\\\/abc-latina.com\\\/chili\\\/carte-regions-chili\\\/\",\"name\":\"CARTE REGIONS - CHILI - Abc-latina\",\"isPartOf\":{\"@id\":\"https:\\\/\\\/abc-latina.com\\\/#website\"},\"primaryImageOfPage\":{\"@id\":\"https:\\\/\\\/abc-latina.com\\\/chili\\\/carte-regions-chili\\\/#primaryimage\"},\"image\":{\"@id\":\"https:\\\/\\\/abc-latina.com\\\/chili\\\/carte-regions-chili\\\/#primaryimage\"},\"thumbnailUrl\":\"https:\\\/\\\/abc-latina.com\\\/wp-content\\\/uploads\\\/2010\\\/06\\\/america_chili.png\",\"datePublished\":\"2010-07-26T02:02:27+00:00\",\"dateModified\":\"2026-04-30T16:24:53+00:00\",\"description\":\"Carte des regions du Chili.\",\"breadcrumb\":{\"@id\":\"https:\\\/\\\/abc-latina.com\\\/chili\\\/carte-regions-chili\\\/#breadcrumb\"},\"inLanguage\":\"fr-FR\",\"potentialAction\":[{\"@type\":\"ReadAction\",\"target\":[\"https:\\\/\\\/abc-latina.com\\\/chili\\\/carte-regions-chili\\\/\"]}]},{\"@type\":\"ImageObject\",\"inLanguage\":\"fr-FR\",\"@id\":\"https:\\\/\\\/abc-latina.com\\\/chili\\\/carte-regions-chili\\\/#primaryimage\",\"url\":\"https:\\\/\\\/abc-latina.com\\\/wp-content\\\/uploads\\\/2010\\\/06\\\/america_chili.png\",\"contentUrl\":\"https:\\\/\\\/abc-latina.com\\\/wp-content\\\/uploads\\\/2010\\\/06\\\/america_chili.png\",\"width\":118,\"height\":122},{\"@type\":\"BreadcrumbList\",\"@id\":\"https:\\\/\\\/abc-latina.com\\\/chili\\\/carte-regions-chili\\\/#breadcrumb\",\"itemListElement\":[{\"@type\":\"ListItem\",\"position\":1,\"name\":\"Accueil\",\"item\":\"https:\\\/\\\/abc-latina.com\\\/\"},{\"@type\":\"ListItem\",\"position\":2,\"name\":\"CARTE REGIONS &#8211; CHILI\"}]},{\"@type\":\"WebSite\",\"@id\":\"https:\\\/\\\/abc-latina.com\\\/#website\",\"url\":\"https:\\\/\\\/abc-latina.com\\\/\",\"name\":\"Abc-latina\",\"description\":\"\",\"publisher\":{\"@id\":\"https:\\\/\\\/abc-latina.com\\\/#organization\"},\"potentialAction\":[{\"@type\":\"SearchAction\",\"target\":{\"@type\":\"EntryPoint\",\"urlTemplate\":\"https:\\\/\\\/abc-latina.com\\\/?s={search_term_string}\"},\"query-input\":{\"@type\":\"PropertyValueSpecification\",\"valueRequired\":true,\"valueName\":\"search_term_string\"}}],\"inLanguage\":\"fr-FR\"},{\"@type\":\"Organization\",\"@id\":\"https:\\\/\\\/abc-latina.com\\\/#organization\",\"name\":\"Abc-latina\",\"url\":\"https:\\\/\\\/abc-latina.com\\\/\",\"logo\":{\"@type\":\"ImageObject\",\"inLanguage\":\"fr-FR\",\"@id\":\"https:\\\/\\\/abc-latina.com\\\/#\\\/schema\\\/logo\\\/image\\\/\",\"url\":\"https:\\\/\\\/abc-latina.com\\\/wp-content\\\/uploads\\\/2026\\\/05\\\/cropped-logo.gif\",\"contentUrl\":\"https:\\\/\\\/abc-latina.com\\\/wp-content\\\/uploads\\\/2026\\\/05\\\/cropped-logo.gif\",\"width\":89,\"height\":84,\"caption\":\"Abc-latina\"},\"image\":{\"@id\":\"https:\\\/\\\/abc-latina.com\\\/#\\\/schema\\\/logo\\\/image\\\/\"}}]}<\/script>\n<!-- \/ Yoast SEO plugin. -->","yoast_head_json":{"title":"CARTE REGIONS - CHILI - Abc-latina","description":"Carte des regions du Chili.","robots":{"index":"index","follow":"follow","max-snippet":"max-snippet:-1","max-image-preview":"max-image-preview:large","max-video-preview":"max-video-preview:-1"},"canonical":"https:\/\/abc-latina.com\/chili\/carte-regions-chili\/","og_locale":"fr_FR","og_type":"article","og_title":"CARTE REGIONS - CHILI - Abc-latina","og_description":"Carte des regions du Chili.","og_url":"https:\/\/abc-latina.com\/chili\/carte-regions-chili\/","og_site_name":"Abc-latina","article_modified_time":"2026-04-30T16:24:53+00:00","og_image":[{"width":118,"height":122,"url":"https:\/\/abc-latina.com\/wp-content\/uploads\/2010\/06\/america_chili.png","type":"image\/png"}],"twitter_card":"summary_large_image","twitter_misc":{"Dur\u00e9e de lecture estim\u00e9e":"1 minute"},"schema":{"@context":"https:\/\/schema.org","@graph":[{"@type":"WebPage","@id":"https:\/\/abc-latina.com\/chili\/carte-regions-chili\/","url":"https:\/\/abc-latina.com\/chili\/carte-regions-chili\/","name":"CARTE REGIONS - CHILI - Abc-latina","isPartOf":{"@id":"https:\/\/abc-latina.com\/#website"},"primaryImageOfPage":{"@id":"https:\/\/abc-latina.com\/chili\/carte-regions-chili\/#primaryimage"},"image":{"@id":"https:\/\/abc-latina.com\/chili\/carte-regions-chili\/#primaryimage"},"thumbnailUrl":"https:\/\/abc-latina.com\/wp-content\/uploads\/2010\/06\/america_chili.png","datePublished":"2010-07-26T02:02:27+00:00","dateModified":"2026-04-30T16:24:53+00:00","description":"Carte des regions du Chili.","breadcrumb":{"@id":"https:\/\/abc-latina.com\/chili\/carte-regions-chili\/#breadcrumb"},"inLanguage":"fr-FR","potentialAction":[{"@type":"ReadAction","target":["https:\/\/abc-latina.com\/chili\/carte-regions-chili\/"]}]},{"@type":"ImageObject","inLanguage":"fr-FR","@id":"https:\/\/abc-latina.com\/chili\/carte-regions-chili\/#primaryimage","url":"https:\/\/abc-latina.com\/wp-content\/uploads\/2010\/06\/america_chili.png","contentUrl":"https:\/\/abc-latina.com\/wp-content\/uploads\/2010\/06\/america_chili.png","width":118,"height":122},{"@type":"BreadcrumbList","@id":"https:\/\/abc-latina.com\/chili\/carte-regions-chili\/#breadcrumb","itemListElement":[{"@type":"ListItem","position":1,"name":"Accueil","item":"https:\/\/abc-latina.com\/"},{"@type":"ListItem","position":2,"name":"CARTE REGIONS &#8211; CHILI"}]},{"@type":"WebSite","@id":"https:\/\/abc-latina.com\/#website","url":"https:\/\/abc-latina.com\/","name":"Abc-latina","description":"","publisher":{"@id":"https:\/\/abc-latina.com\/#organization"},"potentialAction":[{"@type":"SearchAction","target":{"@type":"EntryPoint","urlTemplate":"https:\/\/abc-latina.com\/?s={search_term_string}"},"query-input":{"@type":"PropertyValueSpecification","valueRequired":true,"valueName":"search_term_string"}}],"inLanguage":"fr-FR"},{"@type":"Organization","@id":"https:\/\/abc-latina.com\/#organization","name":"Abc-latina","url":"https:\/\/abc-latina.com\/","logo":{"@type":"ImageObject","inLanguage":"fr-FR","@id":"https:\/\/abc-latina.com\/#\/schema\/logo\/image\/","url":"https:\/\/abc-latina.com\/wp-content\/uploads\/2026\/05\/cropped-logo.gif","contentUrl":"https:\/\/abc-latina.com\/wp-content\/uploads\/2026\/05\/cropped-logo.gif","width":89,"height":84,"caption":"Abc-latina"},"image":{"@id":"https:\/\/abc-latina.com\/#\/schema\/logo\/image\/"}}]}},"_links":{"self":[{"href":"https:\/\/abc-latina.com\/wp-json\/wp\/v2\/pages\/1703","targetHints":{"allow":["GET"]}}],"collection":[{"href":"https:\/\/abc-latina.com\/wp-json\/wp\/v2\/pages"}],"about":[{"href":"https:\/\/abc-latina.com\/wp-json\/wp\/v2\/types\/page"}],"author":[{"embeddable":true,"href":"https:\/\/abc-latina.com\/wp-json\/wp\/v2\/users\/3"}],"replies":[{"embeddable":true,"href":"https:\/\/abc-latina.com\/wp-json\/wp\/v2\/comments?post=1703"}],"version-history":[{"count":1,"href":"https:\/\/abc-latina.com\/wp-json\/wp\/v2\/pages\/1703\/revisions"}],"predecessor-version":[{"id":3228,"href":"https:\/\/abc-latina.com\/wp-json\/wp\/v2\/pages\/1703\/revisions\/3228"}],"up":[{"embeddable":true,"href":"https:\/\/abc-latina.com\/wp-json\/wp\/v2\/pages\/2293"}],"wp:featuredmedia":[{"embeddable":true,"href":"https:\/\/abc-latina.com\/wp-json\/wp\/v2\/media\/1100"}],"wp:attachment":[{"href":"https:\/\/abc-latina.com\/wp-json\/wp\/v2\/media?parent=1703"}],"curies":[{"name":"wp","href":"https:\/\/api.w.org\/{rel}","templated":true}]}}