{"id":172,"date":"2010-06-03T23:08:41","date_gmt":"2010-06-03T21:08:41","guid":{"rendered":"http:\/\/abc-latina.com\/association-htm\/"},"modified":"2026-04-30T18:24:40","modified_gmt":"2026-04-30T16:24:40","slug":"association","status":"publish","type":"page","link":"https:\/\/abc-latina.com\/amerique_latine\/association\/","title":{"rendered":"Les ASSOCIATIONS"},"content":{"rendered":"<p>Les associations culturelles\/humanitaires en faveurs de l&rsquo;Am\u00e9rique latine<\/p>\n<h3>Type&nbsp;HUMANITAIRE&nbsp;<\/h3>\n<div><strong>Ayudanos international &nbsp;<\/strong><\/div>\n<div>Objectifs: &nbsp;Mettre en oeuvre des projets humanitaire en Am\u00e9rique latine.<\/div>\n<div>Contact: Mr Jean-Didier Rosi- pr\u00e9sident<\/div>\n<div>Adresse: 174 rue des Viaducs &#8211; 7020 MONS (Belgique)<\/div>\n<div>Tel : 32 (0) 65 84 13 93&nbsp;<\/div>\n<div>&nbsp;<\/div>\n<div>\n<div><strong>Pujili Asbl &nbsp;<\/strong><\/div>\n<div>Objectifs: &nbsp;Aide morale et mat\u00e9rielle aux enfants d&rsquo;Amerique latine. Bourses d&rsquo;\u00e9tudes pour jeunes sud-am\u00e9ricains.&nbsp;<\/div>\n<div>Tel : &#8211;&nbsp;<a href=\"http:\/\/www.pujili.org\/\" target=\"_blank\">SITE INTERNET&nbsp;<\/a><\/div>\n<div>&nbsp;<\/div>\n<\/div>\n<h3>Type&nbsp;CULTURELLE&nbsp;&amp;&nbsp;ENTRE-AIDE&nbsp;<\/h3>\n<div><strong>ANLA &#8211; Amiti\u00e9s nantaises latino-am\u00e9ricaines &nbsp;<\/strong><\/div>\n<div>Objectifs: &nbsp;Aide aux nouveaux arrivants de l&rsquo;Am\u00e9rique Latine \u00e0 Nantes et agglom\u00e9ration.&nbsp;<\/div>\n<div>&nbsp;<\/div>\n<h3>Autres Type&nbsp;<\/h3>\n<div><strong>La Aldea&nbsp;<\/strong><\/div>\n<div>Adresse: 5 boulevard de l&rsquo;H\u00f4tel de Ville &#8211; 93600 Aulnay-sous-Bois<\/div>\n<div>Tel : 06 63 79 40 74 &#8211; &nbsp;&#8211; <a href=\"http:\/\/laaldea.pagesperso-orange.fr\/\" target=\"_blank\">SITE INTERNET<\/a><\/div>\n<div>&nbsp;<\/div>\n<div><strong>Centre Latino d&rsquo;\u00e9changes et de coop\u00e9ration&nbsp;<\/strong><\/div>\n<div>Adresse: 89, boulevard Beaumarchais &#8211; 75003 &#8211; Paris<\/div>\n<div>Tel : 01 44 78 02 42&nbsp;<\/div>\n<div>&nbsp;<\/div>\n<div><strong>CEDAL &#8211; Centre d&rsquo;\u00e9tude du d\u00e9veloppement en Am\u00e9rique latine&nbsp;<\/strong><\/div>\n<div>Adresse: 43 ter, rue Glaci\u00e8re &#8211; 75013 &#8211; Paris<\/div>\n<div>Tel : 01 43 37 87 14&nbsp;<\/div>\n<div>&nbsp;<\/div>\n<div><strong>D\u00e9veloppements des relations avec l&rsquo;Am\u00e9rique latine &nbsp;<\/strong><\/div>\n<div>Adresse: 48, bd des Batignols &#8211; 75017 &#8211; Paris<\/div>\n<div>Tel : 01 43 87 49 32&nbsp;<\/div>\n<div>&nbsp;<\/div>\n<div><strong>Union latina cultura latina&nbsp;<\/strong><\/div>\n<div>Adresse: 131, rue du Bac &#8211; 75007 &#8211; Paris<\/div>\n<div>Tel : 01 49 49 60 60&nbsp;<\/div>\n<div>\n<div>&nbsp;<\/div>\n<div><strong>Devenir parrain d&rsquo;un enfant<\/strong><\/div>\n<div><a href=\"http:\/\/www.planfrance.org\/\" target=\"_blank\">Plan-international<\/a><\/div>\n<div>&nbsp;<\/div>\n<div><strong>D\u00e9fense des peuples indigenes<\/strong><\/div>\n<div><a href=\"http:\/\/www.survivalinternational.org\/\" target=\"_blank\">SURVIVAL<\/a><\/div>\n<div>&nbsp;<\/div>\n<div><strong>Forum:<\/strong><\/div>\n<div><a href=\"https:\/\/www.abc-latina.com\/forum\/viewforum.php?id=12\" target=\"_blank\">Recherche et offre de b\u00e9n\u00e9volat&nbsp;<\/a><\/div>\n<\/div>\n<div>&nbsp;<\/div>\n<div>nota: abc-latina n&rsquo;est aucunement responsable du contenu des sites externes<\/div>\n","protected":false},"excerpt":{"rendered":"<p>Les associations culturelles\/humanitaires en faveurs de l&rsquo;Am\u00e9rique latine Type&nbsp;HUMANITAIRE&nbsp; Ayudanos international &nbsp; Objectifs: &nbsp;Mettre en oeuvre des projets humanitaire en [&hellip;]<\/p>\n","protected":false},"author":3,"featured_media":0,"parent":2506,"menu_order":0,"comment_status":"closed","ping_status":"closed","template":"","meta":{"site-sidebar-layout":"default","site-content-layout":"","ast-site-content-layout":"default","site-content-style":"default","site-sidebar-style":"default","ast-global-header-display":"","ast-banner-title-visibility":"","ast-main-header-display":"","ast-hfb-above-header-display":"","ast-hfb-below-header-display":"","ast-hfb-mobile-header-display":"","site-post-title":"","ast-breadcrumbs-content":"","ast-featured-img":"","footer-sml-layout":"","ast-disable-related-posts":"","theme-transparent-header-meta":"","adv-header-id-meta":"","stick-header-meta":"","header-above-stick-meta":"","header-main-stick-meta":"","header-below-stick-meta":"","astra-migrate-meta-layouts":"default","ast-page-background-enabled":"default","ast-page-background-meta":{"desktop":{"background-color":"var(--ast-global-color-5)","background-image":"","background-repeat":"repeat","background-position":"center center","background-size":"auto","background-attachment":"scroll","background-type":"","background-media":"","overlay-type":"","overlay-color":"","overlay-opacity":"","overlay-gradient":""},"tablet":{"background-color":"","background-image":"","background-repeat":"repeat","background-position":"center center","background-size":"auto","background-attachment":"scroll","background-type":"","background-media":"","overlay-type":"","overlay-color":"","overlay-opacity":"","overlay-gradient":""},"mobile":{"background-color":"","background-image":"","background-repeat":"repeat","background-position":"center center","background-size":"auto","background-attachment":"scroll","background-type":"","background-media":"","overlay-type":"","overlay-color":"","overlay-opacity":"","overlay-gradient":""}},"ast-content-background-meta":{"desktop":{"background-color":"var(--ast-global-color-4)","background-image":"","background-repeat":"repeat","background-position":"center center","background-size":"auto","background-attachment":"scroll","background-type":"","background-media":"","overlay-type":"","overlay-color":"","overlay-opacity":"","overlay-gradient":""},"tablet":{"background-color":"var(--ast-global-color-4)","background-image":"","background-repeat":"repeat","background-position":"center center","background-size":"auto","background-attachment":"scroll","background-type":"","background-media":"","overlay-type":"","overlay-color":"","overlay-opacity":"","overlay-gradient":""},"mobile":{"background-color":"var(--ast-global-color-4)","background-image":"","background-repeat":"repeat","background-position":"center center","background-size":"auto","background-attachment":"scroll","background-type":"","background-media":"","overlay-type":"","overlay-color":"","overlay-opacity":"","overlay-gradient":""}},"footnotes":""},"class_list":["post-172","page","type-page","status-publish","hentry"],"yoast_head":"<!-- This site is optimized with the Yoast SEO plugin v27.5 - https:\/\/yoast.com\/product\/yoast-seo-wordpress\/ -->\n<title>Les ASSOCIATIONS - Abc-latina<\/title>\n<meta name=\"description\" content=\"Associations culturelles\/humanitaires en faveur de l&#039;Am\u00e9rique latine.\" \/>\n<meta name=\"robots\" content=\"index, follow, max-snippet:-1, max-image-preview:large, max-video-preview:-1\" \/>\n<link rel=\"canonical\" href=\"https:\/\/abc-latina.com\/amerique_latine\/association\/\" \/>\n<meta property=\"og:locale\" content=\"fr_FR\" \/>\n<meta property=\"og:type\" content=\"article\" \/>\n<meta property=\"og:title\" content=\"Les ASSOCIATIONS - Abc-latina\" \/>\n<meta property=\"og:description\" content=\"Associations culturelles\/humanitaires en faveur de l&#039;Am\u00e9rique latine.\" \/>\n<meta property=\"og:url\" content=\"https:\/\/abc-latina.com\/amerique_latine\/association\/\" \/>\n<meta property=\"og:site_name\" content=\"Abc-latina\" \/>\n<meta property=\"article:modified_time\" content=\"2026-04-30T16:24:40+00:00\" \/>\n<meta name=\"twitter:card\" content=\"summary_large_image\" \/>\n<meta name=\"twitter:label1\" content=\"Dur\u00e9e de lecture estim\u00e9e\" \/>\n\t<meta name=\"twitter:data1\" content=\"1 minute\" \/>\n<script type=\"application\/ld+json\" class=\"yoast-schema-graph\">{\"@context\":\"https:\\\/\\\/schema.org\",\"@graph\":[{\"@type\":\"WebPage\",\"@id\":\"https:\\\/\\\/abc-latina.com\\\/amerique_latine\\\/association\\\/\",\"url\":\"https:\\\/\\\/abc-latina.com\\\/amerique_latine\\\/association\\\/\",\"name\":\"Les ASSOCIATIONS - Abc-latina\",\"isPartOf\":{\"@id\":\"https:\\\/\\\/abc-latina.com\\\/#website\"},\"datePublished\":\"2010-06-03T21:08:41+00:00\",\"dateModified\":\"2026-04-30T16:24:40+00:00\",\"description\":\"Associations culturelles\\\/humanitaires en faveur de l'Am\u00e9rique latine.\",\"breadcrumb\":{\"@id\":\"https:\\\/\\\/abc-latina.com\\\/amerique_latine\\\/association\\\/#breadcrumb\"},\"inLanguage\":\"fr-FR\",\"potentialAction\":[{\"@type\":\"ReadAction\",\"target\":[\"https:\\\/\\\/abc-latina.com\\\/amerique_latine\\\/association\\\/\"]}]},{\"@type\":\"BreadcrumbList\",\"@id\":\"https:\\\/\\\/abc-latina.com\\\/amerique_latine\\\/association\\\/#breadcrumb\",\"itemListElement\":[{\"@type\":\"ListItem\",\"position\":1,\"name\":\"Accueil\",\"item\":\"https:\\\/\\\/abc-latina.com\\\/\"},{\"@type\":\"ListItem\",\"position\":2,\"name\":\"Les ASSOCIATIONS\"}]},{\"@type\":\"WebSite\",\"@id\":\"https:\\\/\\\/abc-latina.com\\\/#website\",\"url\":\"https:\\\/\\\/abc-latina.com\\\/\",\"name\":\"Abc-latina\",\"description\":\"\",\"publisher\":{\"@id\":\"https:\\\/\\\/abc-latina.com\\\/#organization\"},\"potentialAction\":[{\"@type\":\"SearchAction\",\"target\":{\"@type\":\"EntryPoint\",\"urlTemplate\":\"https:\\\/\\\/abc-latina.com\\\/?s={search_term_string}\"},\"query-input\":{\"@type\":\"PropertyValueSpecification\",\"valueRequired\":true,\"valueName\":\"search_term_string\"}}],\"inLanguage\":\"fr-FR\"},{\"@type\":\"Organization\",\"@id\":\"https:\\\/\\\/abc-latina.com\\\/#organization\",\"name\":\"Abc-latina\",\"url\":\"https:\\\/\\\/abc-latina.com\\\/\",\"logo\":{\"@type\":\"ImageObject\",\"inLanguage\":\"fr-FR\",\"@id\":\"https:\\\/\\\/abc-latina.com\\\/#\\\/schema\\\/logo\\\/image\\\/\",\"url\":\"https:\\\/\\\/abc-latina.com\\\/wp-content\\\/uploads\\\/2026\\\/05\\\/cropped-logo.gif\",\"contentUrl\":\"https:\\\/\\\/abc-latina.com\\\/wp-content\\\/uploads\\\/2026\\\/05\\\/cropped-logo.gif\",\"width\":89,\"height\":84,\"caption\":\"Abc-latina\"},\"image\":{\"@id\":\"https:\\\/\\\/abc-latina.com\\\/#\\\/schema\\\/logo\\\/image\\\/\"}}]}<\/script>\n<!-- \/ Yoast SEO plugin. -->","yoast_head_json":{"title":"Les ASSOCIATIONS - Abc-latina","description":"Associations culturelles\/humanitaires en faveur de l'Am\u00e9rique latine.","robots":{"index":"index","follow":"follow","max-snippet":"max-snippet:-1","max-image-preview":"max-image-preview:large","max-video-preview":"max-video-preview:-1"},"canonical":"https:\/\/abc-latina.com\/amerique_latine\/association\/","og_locale":"fr_FR","og_type":"article","og_title":"Les ASSOCIATIONS - Abc-latina","og_description":"Associations culturelles\/humanitaires en faveur de l'Am\u00e9rique latine.","og_url":"https:\/\/abc-latina.com\/amerique_latine\/association\/","og_site_name":"Abc-latina","article_modified_time":"2026-04-30T16:24:40+00:00","twitter_card":"summary_large_image","twitter_misc":{"Dur\u00e9e de lecture estim\u00e9e":"1 minute"},"schema":{"@context":"https:\/\/schema.org","@graph":[{"@type":"WebPage","@id":"https:\/\/abc-latina.com\/amerique_latine\/association\/","url":"https:\/\/abc-latina.com\/amerique_latine\/association\/","name":"Les ASSOCIATIONS - Abc-latina","isPartOf":{"@id":"https:\/\/abc-latina.com\/#website"},"datePublished":"2010-06-03T21:08:41+00:00","dateModified":"2026-04-30T16:24:40+00:00","description":"Associations culturelles\/humanitaires en faveur de l'Am\u00e9rique latine.","breadcrumb":{"@id":"https:\/\/abc-latina.com\/amerique_latine\/association\/#breadcrumb"},"inLanguage":"fr-FR","potentialAction":[{"@type":"ReadAction","target":["https:\/\/abc-latina.com\/amerique_latine\/association\/"]}]},{"@type":"BreadcrumbList","@id":"https:\/\/abc-latina.com\/amerique_latine\/association\/#breadcrumb","itemListElement":[{"@type":"ListItem","position":1,"name":"Accueil","item":"https:\/\/abc-latina.com\/"},{"@type":"ListItem","position":2,"name":"Les ASSOCIATIONS"}]},{"@type":"WebSite","@id":"https:\/\/abc-latina.com\/#website","url":"https:\/\/abc-latina.com\/","name":"Abc-latina","description":"","publisher":{"@id":"https:\/\/abc-latina.com\/#organization"},"potentialAction":[{"@type":"SearchAction","target":{"@type":"EntryPoint","urlTemplate":"https:\/\/abc-latina.com\/?s={search_term_string}"},"query-input":{"@type":"PropertyValueSpecification","valueRequired":true,"valueName":"search_term_string"}}],"inLanguage":"fr-FR"},{"@type":"Organization","@id":"https:\/\/abc-latina.com\/#organization","name":"Abc-latina","url":"https:\/\/abc-latina.com\/","logo":{"@type":"ImageObject","inLanguage":"fr-FR","@id":"https:\/\/abc-latina.com\/#\/schema\/logo\/image\/","url":"https:\/\/abc-latina.com\/wp-content\/uploads\/2026\/05\/cropped-logo.gif","contentUrl":"https:\/\/abc-latina.com\/wp-content\/uploads\/2026\/05\/cropped-logo.gif","width":89,"height":84,"caption":"Abc-latina"},"image":{"@id":"https:\/\/abc-latina.com\/#\/schema\/logo\/image\/"}}]}},"_links":{"self":[{"href":"https:\/\/abc-latina.com\/wp-json\/wp\/v2\/pages\/172","targetHints":{"allow":["GET"]}}],"collection":[{"href":"https:\/\/abc-latina.com\/wp-json\/wp\/v2\/pages"}],"about":[{"href":"https:\/\/abc-latina.com\/wp-json\/wp\/v2\/types\/page"}],"author":[{"embeddable":true,"href":"https:\/\/abc-latina.com\/wp-json\/wp\/v2\/users\/3"}],"replies":[{"embeddable":true,"href":"https:\/\/abc-latina.com\/wp-json\/wp\/v2\/comments?post=172"}],"version-history":[{"count":1,"href":"https:\/\/abc-latina.com\/wp-json\/wp\/v2\/pages\/172\/revisions"}],"predecessor-version":[{"id":2973,"href":"https:\/\/abc-latina.com\/wp-json\/wp\/v2\/pages\/172\/revisions\/2973"}],"up":[{"embeddable":true,"href":"https:\/\/abc-latina.com\/wp-json\/wp\/v2\/pages\/2506"}],"wp:attachment":[{"href":"https:\/\/abc-latina.com\/wp-json\/wp\/v2\/media?parent=172"}],"curies":[{"name":"wp","href":"https:\/\/api.w.org\/{rel}","templated":true}]}}