{"id":1743,"date":"2010-07-27T22:02:26","date_gmt":"2010-07-27T20:02:26","guid":{"rendered":"http:\/\/abc-latina.com\/carte-departements-nicaragua-php\/"},"modified":"2026-04-30T18:25:10","modified_gmt":"2026-04-30T16:25:10","slug":"carte-departements-nicaragua","status":"publish","type":"page","link":"https:\/\/abc-latina.com\/nicaragua\/carte-departements-nicaragua\/","title":{"rendered":"CARTE DEPARTEMENTS &#8211; NICARAGUA"},"content":{"rendered":"<table class=\"table_cartes\">\n<tbody><\/tbody>\n<tbody>\n<tr>\n<td class=\"tc_gauche\" valign=\"top\">\n<div><span style=\"font-size: smaller; \"><span class=\"autre-carte\">AUTRES CARTES<\/span><\/span><\/div>\n<div><a href=\"https:\/\/www.abc-latina.com\/nicaragua\/cartenic\"><span style=\"font-size: smaller; \">Carte politique<\/span><\/a><\/div>\n<div><a href=\"https:\/\/www.abc-latina.com\/nicaragua\/carte_relief_nicaragua\"><span style=\"font-size: smaller; \">Carte du relief<\/span><\/a><\/div>\n<\/td>\n<td class=\"tc_droite\"><a target=\"_blank\" href=\"https:\/\/www.abc-latina.com\/cartecen\"><img loading=\"lazy\" decoding=\"async\" class=\" alignright size-full wp-image-179\" style=\"float: right;\" src=\"http:\/\/abc-latina.com\/wp-content\/uploads\/2010\/06\/america_central.png\" alt=\"\" width=\"118\" height=\"122\" \/><\/a><\/td>\n<\/tr>\n<\/tbody>\n<\/table>\n<table style=\"width: 520px; \" cellspacing=\"1\" cellpadding=\"1\" border=\"0\">\n<tbody>\n<tr>\n<td style=\"text-align: right; \"><img loading=\"lazy\" decoding=\"async\" class=\" size-full wp-image-1742\" alt=\"CARTE des DEPARTEMENTS du NICARAGUA\" src=\"http:\/\/abc-latina.com\/wp-content\/uploads\/2010\/07\/carte-departements-nicaragu.gif\" title=\"CARTE des DEPARTEMENTS du NICARAGUA\" width=\"400\" height=\"374\" \/><\/td>\n<td>\n<div>1<span class=\"Apple-tab-span\" style=\"white-space:pre\"> <\/span>Boaco&nbsp;&nbsp;&nbsp;&nbsp;&nbsp;&nbsp;&nbsp;&nbsp;&nbsp;&nbsp;&nbsp;&nbsp;&nbsp;&nbsp;&nbsp;&nbsp;&nbsp;&nbsp;&nbsp;&nbsp;&nbsp;&nbsp;&nbsp;&nbsp;&nbsp;&nbsp;&nbsp;&nbsp;&nbsp;&nbsp;&nbsp;&nbsp;&nbsp;&nbsp;&nbsp;&nbsp;&nbsp;&nbsp;&nbsp;&nbsp;&nbsp;&nbsp;&nbsp;&nbsp;&nbsp;&nbsp;&nbsp;&nbsp;&nbsp;&nbsp;<\/div>\n<div>2<span class=\"Apple-tab-span\" style=\"white-space:pre\"> <\/span>Carazo<\/div>\n<div>3<span class=\"Apple-tab-span\" style=\"white-space:pre\"> <\/span>Chinandega<\/div>\n<div>4<span class=\"Apple-tab-span\" style=\"white-space:pre\"> <\/span>Chontales<\/div>\n<div>5<span class=\"Apple-tab-span\" style=\"white-space:pre\"> <\/span>Estel\u00ed E<\/div>\n<div>6<span class=\"Apple-tab-span\" style=\"white-space:pre\"> <\/span>Granada<\/div>\n<div>7<span class=\"Apple-tab-span\" style=\"white-space:pre\"> <\/span>Jinotega<\/div>\n<div>8<span class=\"Apple-tab-span\" style=\"white-space:pre\"> <\/span>Le\u00f3n<\/div>\n<div>9<span class=\"Apple-tab-span\" style=\"white-space:pre\"> <\/span>Madriz<\/div>\n<div>10<span class=\"Apple-tab-span\" style=\"white-space:pre\"> <\/span>Managua<\/div>\n<div>11<span class=\"Apple-tab-span\" style=\"white-space:pre\"> <\/span>Masaya<\/div>\n<div>12<span class=\"Apple-tab-span\" style=\"white-space:pre\"> <\/span>Matagalpa<\/div>\n<div>13<span class=\"Apple-tab-span\" style=\"white-space:pre\"> <\/span>Nueva Segovia<\/div>\n<div>14<span class=\"Apple-tab-span\" style=\"white-space:pre\"> <\/span>Rivas<\/div>\n<div>15<span class=\"Apple-tab-span\" style=\"white-space:pre\"> <\/span>R\u00edo San Juan<\/div>\n<div>16<span class=\"Apple-tab-span\" style=\"white-space:pre\"> <\/span>Atl\u00e1ntico Norte&nbsp;&nbsp;&nbsp;&nbsp;&nbsp;&nbsp;<\/div>\n<div>17<span class=\"Apple-tab-span\" style=\"white-space:pre\"> <\/span>Atlantico Sur&nbsp;&nbsp;&nbsp;&nbsp;&nbsp;&nbsp;&nbsp;&nbsp;&nbsp;&nbsp;&nbsp;&nbsp;<\/div>\n<\/td>\n<\/tr>\n<\/tbody>\n<\/table>\n<p style=\"margin: 0px; padding: 0px 0px 12px; line-height: 18.792px; color: rgb(0, 0, 0); font-family: Arial, Helvetica, sans-serif; font-size: 12.96px; font-style: normal; font-variant: normal; font-weight: normal; letter-spacing: normal; orphans: auto; text-align: justify; text-indent: 0px; text-transform: none; white-space: normal; widows: 1; word-spacing: 0px; -webkit-text-stroke-width: 0px; background-color: rgb(255, 255, 255);\">Le pays est divis\u00e9 en 15 d\u00e9partements et 2 r\u00e9gions autonomes :<\/p>\n<p style=\"margin: 0px; padding: 0px 0px 12px; line-height: 18.792px; color: rgb(0, 0, 0); font-family: Arial, Helvetica, sans-serif; font-size: 12.96px; font-style: normal; font-variant: normal; font-weight: normal; letter-spacing: normal; orphans: auto; text-align: justify; text-indent: 0px; text-transform: none; white-space: normal; widows: 1; word-spacing: 0px; -webkit-text-stroke-width: 0px; background-color: rgb(255, 255, 255);\">&nbsp; &nbsp; &nbsp; &nbsp;<strong>D\u00e9partements<\/strong><span class=\"Apple-converted-space\">&nbsp;<\/span>&nbsp; &nbsp; &nbsp; &nbsp; &nbsp; &nbsp;<span class=\"Apple-converted-space\">&nbsp;<\/span><strong>Chefs-lieux<\/strong><br \/>1 &nbsp; &nbsp; Boaco &nbsp; &nbsp; &nbsp; &nbsp; &nbsp; &nbsp; &nbsp; &nbsp; &nbsp; &nbsp; &nbsp; &nbsp; &nbsp; Boaco&nbsp;<br \/>2 &nbsp; &nbsp; Carazo &nbsp; &nbsp; &nbsp; &nbsp; &nbsp; &nbsp; &nbsp; &nbsp; &nbsp; &nbsp; &nbsp; &nbsp; &nbsp;Jinotepe&nbsp;<br \/>3 &nbsp; &nbsp; Chinandega &nbsp; &nbsp; &nbsp; &nbsp; &nbsp; &nbsp; &nbsp; &nbsp; &nbsp; Chinandega&nbsp;<br \/>4 &nbsp; &nbsp; Chontales &nbsp; &nbsp; &nbsp; &nbsp; &nbsp; &nbsp; &nbsp; &nbsp; &nbsp; &nbsp; &nbsp;Juigalpa&nbsp;<br \/>5 &nbsp; &nbsp; Estel\u00ed &nbsp; &nbsp; &nbsp; &nbsp; &nbsp; &nbsp; &nbsp; &nbsp; &nbsp; &nbsp; &nbsp; &nbsp; &nbsp; &nbsp; Estel\u00ed&nbsp;<br \/>6 &nbsp; &nbsp; Granada &nbsp; &nbsp; &nbsp; &nbsp; &nbsp; &nbsp; &nbsp; &nbsp; &nbsp; &nbsp; &nbsp; &nbsp;Granada&nbsp;<br \/>7 &nbsp; &nbsp; Jinotega &nbsp; &nbsp; &nbsp; &nbsp; &nbsp; &nbsp; &nbsp; &nbsp; &nbsp; &nbsp; &nbsp; &nbsp; Jinotega&nbsp;<br \/>8 &nbsp; &nbsp; Le\u00f3n &nbsp; &nbsp; &nbsp; &nbsp; &nbsp; &nbsp; &nbsp; &nbsp; &nbsp; &nbsp; &nbsp; &nbsp; &nbsp; &nbsp; &nbsp;Le\u00f3n<br \/>9 &nbsp; &nbsp; Madriz &nbsp; &nbsp; &nbsp; &nbsp; &nbsp; &nbsp; &nbsp; &nbsp; &nbsp; &nbsp; &nbsp; &nbsp; &nbsp; Somoto&nbsp;<\/p>\n<p style=\"margin: 0px; padding: 0px 0px 12px; line-height: 18.792px; color: rgb(0, 0, 0); font-family: Arial, Helvetica, sans-serif; font-size: 12.96px; font-style: normal; font-variant: normal; font-weight: normal; letter-spacing: normal; orphans: auto; text-align: justify; text-indent: 0px; text-transform: none; white-space: normal; widows: 1; word-spacing: 0px; -webkit-text-stroke-width: 0px; background-color: rgb(255, 255, 255);\">10 &nbsp; Managua &nbsp; &nbsp; &nbsp; &nbsp; &nbsp; &nbsp; &nbsp; &nbsp; &nbsp; &nbsp; &nbsp; &nbsp;Managua&nbsp;<br \/>11 &nbsp; Masaya &nbsp; &nbsp; &nbsp; &nbsp; &nbsp; &nbsp; &nbsp; &nbsp; &nbsp; &nbsp; &nbsp; &nbsp; &nbsp;Masaya&nbsp;<br \/>12 &nbsp; Matagalpa &nbsp; &nbsp; &nbsp; &nbsp; &nbsp; &nbsp; &nbsp; &nbsp; &nbsp; &nbsp; &nbsp;Matagalpa&nbsp;<br \/>13 &nbsp; Nueva Segovia &nbsp; &nbsp; &nbsp; &nbsp; &nbsp; &nbsp; &nbsp; Ocotal&nbsp;<br \/>14 &nbsp; Rivas &nbsp; &nbsp; &nbsp; &nbsp; &nbsp; &nbsp; &nbsp; &nbsp; &nbsp; &nbsp; &nbsp; &nbsp; &nbsp; &nbsp; &nbsp;Rivas&nbsp;<br \/>15 &nbsp; R\u00edo San Juan &nbsp; &nbsp; &nbsp; &nbsp; &nbsp; &nbsp; &nbsp; &nbsp; &nbsp;San Carlos<br \/>&nbsp;&nbsp; &nbsp; &nbsp;<span class=\"Apple-converted-space\">&nbsp;<\/span><strong>R\u00e9gions autonomes &nbsp; &nbsp; Chefs-lieux<\/strong><br \/>16 &nbsp; Atl\u00e1ntico Norte &nbsp; &nbsp; &nbsp; &nbsp; &nbsp; &nbsp; &nbsp;Bilwi<br \/>17 &nbsp; Atlantico Sur &nbsp; &nbsp; &nbsp; &nbsp; &nbsp; &nbsp; &nbsp; &nbsp; &nbsp;Bluefields<\/p>\n","protected":false},"excerpt":{"rendered":"<p>AUTRES CARTES Carte politique Carte du relief 1 Boaco&nbsp;&nbsp;&nbsp;&nbsp;&nbsp;&nbsp;&nbsp;&nbsp;&nbsp;&nbsp;&nbsp;&nbsp;&nbsp;&nbsp;&nbsp;&nbsp;&nbsp;&nbsp;&nbsp;&nbsp;&nbsp;&nbsp;&nbsp;&nbsp;&nbsp;&nbsp;&nbsp;&nbsp;&nbsp;&nbsp;&nbsp;&nbsp;&nbsp;&nbsp;&nbsp;&nbsp;&nbsp;&nbsp;&nbsp;&nbsp;&nbsp;&nbsp;&nbsp;&nbsp;&nbsp;&nbsp;&nbsp;&nbsp;&nbsp;&nbsp; 2 Carazo 3 Chinandega 4 Chontales 5 Estel\u00ed E 6 Granada [&hellip;]<\/p>\n","protected":false},"author":3,"featured_media":179,"parent":2310,"menu_order":0,"comment_status":"closed","ping_status":"closed","template":"","meta":{"site-sidebar-layout":"default","site-content-layout":"","ast-site-content-layout":"default","site-content-style":"default","site-sidebar-style":"default","ast-global-header-display":"","ast-banner-title-visibility":"","ast-main-header-display":"","ast-hfb-above-header-display":"","ast-hfb-below-header-display":"","ast-hfb-mobile-header-display":"","site-post-title":"","ast-breadcrumbs-content":"","ast-featured-img":"","footer-sml-layout":"","ast-disable-related-posts":"","theme-transparent-header-meta":"","adv-header-id-meta":"","stick-header-meta":"","header-above-stick-meta":"","header-main-stick-meta":"","header-below-stick-meta":"","astra-migrate-meta-layouts":"default","ast-page-background-enabled":"default","ast-page-background-meta":{"desktop":{"background-color":"var(--ast-global-color-5)","background-image":"","background-repeat":"repeat","background-position":"center center","background-size":"auto","background-attachment":"scroll","background-type":"","background-media":"","overlay-type":"","overlay-color":"","overlay-opacity":"","overlay-gradient":""},"tablet":{"background-color":"","background-image":"","background-repeat":"repeat","background-position":"center center","background-size":"auto","background-attachment":"scroll","background-type":"","background-media":"","overlay-type":"","overlay-color":"","overlay-opacity":"","overlay-gradient":""},"mobile":{"background-color":"","background-image":"","background-repeat":"repeat","background-position":"center center","background-size":"auto","background-attachment":"scroll","background-type":"","background-media":"","overlay-type":"","overlay-color":"","overlay-opacity":"","overlay-gradient":""}},"ast-content-background-meta":{"desktop":{"background-color":"var(--ast-global-color-4)","background-image":"","background-repeat":"repeat","background-position":"center center","background-size":"auto","background-attachment":"scroll","background-type":"","background-media":"","overlay-type":"","overlay-color":"","overlay-opacity":"","overlay-gradient":""},"tablet":{"background-color":"var(--ast-global-color-4)","background-image":"","background-repeat":"repeat","background-position":"center center","background-size":"auto","background-attachment":"scroll","background-type":"","background-media":"","overlay-type":"","overlay-color":"","overlay-opacity":"","overlay-gradient":""},"mobile":{"background-color":"var(--ast-global-color-4)","background-image":"","background-repeat":"repeat","background-position":"center center","background-size":"auto","background-attachment":"scroll","background-type":"","background-media":"","overlay-type":"","overlay-color":"","overlay-opacity":"","overlay-gradient":""}},"footnotes":""},"class_list":["post-1743","page","type-page","status-publish","has-post-thumbnail","hentry"],"yoast_head":"<!-- This site is optimized with the Yoast SEO plugin v27.5 - https:\/\/yoast.com\/product\/yoast-seo-wordpress\/ -->\n<title>CARTE DEPARTEMENTS - NICARAGUA - Abc-latina<\/title>\n<meta name=\"description\" content=\"Carte des d\u00e9partements du Nicaragua.\" \/>\n<meta name=\"robots\" content=\"index, follow, max-snippet:-1, max-image-preview:large, max-video-preview:-1\" \/>\n<link rel=\"canonical\" href=\"https:\/\/abc-latina.com\/nicaragua\/carte-departements-nicaragua\/\" \/>\n<meta property=\"og:locale\" content=\"fr_FR\" \/>\n<meta property=\"og:type\" content=\"article\" \/>\n<meta property=\"og:title\" content=\"CARTE DEPARTEMENTS - NICARAGUA - Abc-latina\" \/>\n<meta property=\"og:description\" content=\"Carte des d\u00e9partements du Nicaragua.\" \/>\n<meta property=\"og:url\" content=\"https:\/\/abc-latina.com\/nicaragua\/carte-departements-nicaragua\/\" \/>\n<meta property=\"og:site_name\" content=\"Abc-latina\" \/>\n<meta property=\"article:modified_time\" content=\"2026-04-30T16:25:10+00:00\" \/>\n<meta property=\"og:image\" content=\"https:\/\/abc-latina.com\/wp-content\/uploads\/2010\/06\/america_central.png\" \/>\n\t<meta property=\"og:image:width\" content=\"118\" \/>\n\t<meta property=\"og:image:height\" content=\"122\" \/>\n\t<meta property=\"og:image:type\" content=\"image\/png\" \/>\n<meta name=\"twitter:card\" content=\"summary_large_image\" \/>\n<meta name=\"twitter:label1\" content=\"Dur\u00e9e de lecture estim\u00e9e\" \/>\n\t<meta name=\"twitter:data1\" content=\"2 minutes\" \/>\n<script type=\"application\/ld+json\" class=\"yoast-schema-graph\">{\"@context\":\"https:\\\/\\\/schema.org\",\"@graph\":[{\"@type\":\"WebPage\",\"@id\":\"https:\\\/\\\/abc-latina.com\\\/nicaragua\\\/carte-departements-nicaragua\\\/\",\"url\":\"https:\\\/\\\/abc-latina.com\\\/nicaragua\\\/carte-departements-nicaragua\\\/\",\"name\":\"CARTE DEPARTEMENTS - NICARAGUA - Abc-latina\",\"isPartOf\":{\"@id\":\"https:\\\/\\\/abc-latina.com\\\/#website\"},\"primaryImageOfPage\":{\"@id\":\"https:\\\/\\\/abc-latina.com\\\/nicaragua\\\/carte-departements-nicaragua\\\/#primaryimage\"},\"image\":{\"@id\":\"https:\\\/\\\/abc-latina.com\\\/nicaragua\\\/carte-departements-nicaragua\\\/#primaryimage\"},\"thumbnailUrl\":\"https:\\\/\\\/abc-latina.com\\\/wp-content\\\/uploads\\\/2010\\\/06\\\/america_central.png\",\"datePublished\":\"2010-07-27T20:02:26+00:00\",\"dateModified\":\"2026-04-30T16:25:10+00:00\",\"description\":\"Carte des d\u00e9partements du Nicaragua.\",\"breadcrumb\":{\"@id\":\"https:\\\/\\\/abc-latina.com\\\/nicaragua\\\/carte-departements-nicaragua\\\/#breadcrumb\"},\"inLanguage\":\"fr-FR\",\"potentialAction\":[{\"@type\":\"ReadAction\",\"target\":[\"https:\\\/\\\/abc-latina.com\\\/nicaragua\\\/carte-departements-nicaragua\\\/\"]}]},{\"@type\":\"ImageObject\",\"inLanguage\":\"fr-FR\",\"@id\":\"https:\\\/\\\/abc-latina.com\\\/nicaragua\\\/carte-departements-nicaragua\\\/#primaryimage\",\"url\":\"https:\\\/\\\/abc-latina.com\\\/wp-content\\\/uploads\\\/2010\\\/06\\\/america_central.png\",\"contentUrl\":\"https:\\\/\\\/abc-latina.com\\\/wp-content\\\/uploads\\\/2010\\\/06\\\/america_central.png\",\"width\":118,\"height\":122},{\"@type\":\"BreadcrumbList\",\"@id\":\"https:\\\/\\\/abc-latina.com\\\/nicaragua\\\/carte-departements-nicaragua\\\/#breadcrumb\",\"itemListElement\":[{\"@type\":\"ListItem\",\"position\":1,\"name\":\"Accueil\",\"item\":\"https:\\\/\\\/abc-latina.com\\\/\"},{\"@type\":\"ListItem\",\"position\":2,\"name\":\"CARTE DEPARTEMENTS &#8211; NICARAGUA\"}]},{\"@type\":\"WebSite\",\"@id\":\"https:\\\/\\\/abc-latina.com\\\/#website\",\"url\":\"https:\\\/\\\/abc-latina.com\\\/\",\"name\":\"Abc-latina\",\"description\":\"\",\"publisher\":{\"@id\":\"https:\\\/\\\/abc-latina.com\\\/#organization\"},\"potentialAction\":[{\"@type\":\"SearchAction\",\"target\":{\"@type\":\"EntryPoint\",\"urlTemplate\":\"https:\\\/\\\/abc-latina.com\\\/?s={search_term_string}\"},\"query-input\":{\"@type\":\"PropertyValueSpecification\",\"valueRequired\":true,\"valueName\":\"search_term_string\"}}],\"inLanguage\":\"fr-FR\"},{\"@type\":\"Organization\",\"@id\":\"https:\\\/\\\/abc-latina.com\\\/#organization\",\"name\":\"Abc-latina\",\"url\":\"https:\\\/\\\/abc-latina.com\\\/\",\"logo\":{\"@type\":\"ImageObject\",\"inLanguage\":\"fr-FR\",\"@id\":\"https:\\\/\\\/abc-latina.com\\\/#\\\/schema\\\/logo\\\/image\\\/\",\"url\":\"https:\\\/\\\/abc-latina.com\\\/wp-content\\\/uploads\\\/2026\\\/05\\\/cropped-logo.gif\",\"contentUrl\":\"https:\\\/\\\/abc-latina.com\\\/wp-content\\\/uploads\\\/2026\\\/05\\\/cropped-logo.gif\",\"width\":89,\"height\":84,\"caption\":\"Abc-latina\"},\"image\":{\"@id\":\"https:\\\/\\\/abc-latina.com\\\/#\\\/schema\\\/logo\\\/image\\\/\"}}]}<\/script>\n<!-- \/ Yoast SEO plugin. -->","yoast_head_json":{"title":"CARTE DEPARTEMENTS - NICARAGUA - Abc-latina","description":"Carte des d\u00e9partements du Nicaragua.","robots":{"index":"index","follow":"follow","max-snippet":"max-snippet:-1","max-image-preview":"max-image-preview:large","max-video-preview":"max-video-preview:-1"},"canonical":"https:\/\/abc-latina.com\/nicaragua\/carte-departements-nicaragua\/","og_locale":"fr_FR","og_type":"article","og_title":"CARTE DEPARTEMENTS - NICARAGUA - Abc-latina","og_description":"Carte des d\u00e9partements du Nicaragua.","og_url":"https:\/\/abc-latina.com\/nicaragua\/carte-departements-nicaragua\/","og_site_name":"Abc-latina","article_modified_time":"2026-04-30T16:25:10+00:00","og_image":[{"width":118,"height":122,"url":"https:\/\/abc-latina.com\/wp-content\/uploads\/2010\/06\/america_central.png","type":"image\/png"}],"twitter_card":"summary_large_image","twitter_misc":{"Dur\u00e9e de lecture estim\u00e9e":"2 minutes"},"schema":{"@context":"https:\/\/schema.org","@graph":[{"@type":"WebPage","@id":"https:\/\/abc-latina.com\/nicaragua\/carte-departements-nicaragua\/","url":"https:\/\/abc-latina.com\/nicaragua\/carte-departements-nicaragua\/","name":"CARTE DEPARTEMENTS - NICARAGUA - Abc-latina","isPartOf":{"@id":"https:\/\/abc-latina.com\/#website"},"primaryImageOfPage":{"@id":"https:\/\/abc-latina.com\/nicaragua\/carte-departements-nicaragua\/#primaryimage"},"image":{"@id":"https:\/\/abc-latina.com\/nicaragua\/carte-departements-nicaragua\/#primaryimage"},"thumbnailUrl":"https:\/\/abc-latina.com\/wp-content\/uploads\/2010\/06\/america_central.png","datePublished":"2010-07-27T20:02:26+00:00","dateModified":"2026-04-30T16:25:10+00:00","description":"Carte des d\u00e9partements du Nicaragua.","breadcrumb":{"@id":"https:\/\/abc-latina.com\/nicaragua\/carte-departements-nicaragua\/#breadcrumb"},"inLanguage":"fr-FR","potentialAction":[{"@type":"ReadAction","target":["https:\/\/abc-latina.com\/nicaragua\/carte-departements-nicaragua\/"]}]},{"@type":"ImageObject","inLanguage":"fr-FR","@id":"https:\/\/abc-latina.com\/nicaragua\/carte-departements-nicaragua\/#primaryimage","url":"https:\/\/abc-latina.com\/wp-content\/uploads\/2010\/06\/america_central.png","contentUrl":"https:\/\/abc-latina.com\/wp-content\/uploads\/2010\/06\/america_central.png","width":118,"height":122},{"@type":"BreadcrumbList","@id":"https:\/\/abc-latina.com\/nicaragua\/carte-departements-nicaragua\/#breadcrumb","itemListElement":[{"@type":"ListItem","position":1,"name":"Accueil","item":"https:\/\/abc-latina.com\/"},{"@type":"ListItem","position":2,"name":"CARTE DEPARTEMENTS &#8211; NICARAGUA"}]},{"@type":"WebSite","@id":"https:\/\/abc-latina.com\/#website","url":"https:\/\/abc-latina.com\/","name":"Abc-latina","description":"","publisher":{"@id":"https:\/\/abc-latina.com\/#organization"},"potentialAction":[{"@type":"SearchAction","target":{"@type":"EntryPoint","urlTemplate":"https:\/\/abc-latina.com\/?s={search_term_string}"},"query-input":{"@type":"PropertyValueSpecification","valueRequired":true,"valueName":"search_term_string"}}],"inLanguage":"fr-FR"},{"@type":"Organization","@id":"https:\/\/abc-latina.com\/#organization","name":"Abc-latina","url":"https:\/\/abc-latina.com\/","logo":{"@type":"ImageObject","inLanguage":"fr-FR","@id":"https:\/\/abc-latina.com\/#\/schema\/logo\/image\/","url":"https:\/\/abc-latina.com\/wp-content\/uploads\/2026\/05\/cropped-logo.gif","contentUrl":"https:\/\/abc-latina.com\/wp-content\/uploads\/2026\/05\/cropped-logo.gif","width":89,"height":84,"caption":"Abc-latina"},"image":{"@id":"https:\/\/abc-latina.com\/#\/schema\/logo\/image\/"}}]}},"_links":{"self":[{"href":"https:\/\/abc-latina.com\/wp-json\/wp\/v2\/pages\/1743","targetHints":{"allow":["GET"]}}],"collection":[{"href":"https:\/\/abc-latina.com\/wp-json\/wp\/v2\/pages"}],"about":[{"href":"https:\/\/abc-latina.com\/wp-json\/wp\/v2\/types\/page"}],"author":[{"embeddable":true,"href":"https:\/\/abc-latina.com\/wp-json\/wp\/v2\/users\/3"}],"replies":[{"embeddable":true,"href":"https:\/\/abc-latina.com\/wp-json\/wp\/v2\/comments?post=1743"}],"version-history":[{"count":1,"href":"https:\/\/abc-latina.com\/wp-json\/wp\/v2\/pages\/1743\/revisions"}],"predecessor-version":[{"id":3586,"href":"https:\/\/abc-latina.com\/wp-json\/wp\/v2\/pages\/1743\/revisions\/3586"}],"up":[{"embeddable":true,"href":"https:\/\/abc-latina.com\/wp-json\/wp\/v2\/pages\/2310"}],"wp:featuredmedia":[{"embeddable":true,"href":"https:\/\/abc-latina.com\/wp-json\/wp\/v2\/media\/179"}],"wp:attachment":[{"href":"https:\/\/abc-latina.com\/wp-json\/wp\/v2\/media?parent=1743"}],"curies":[{"name":"wp","href":"https:\/\/api.w.org\/{rel}","templated":true}]}}