{"id":176,"date":"2010-06-03T23:20:05","date_gmt":"2010-06-03T21:20:05","guid":{"rendered":"http:\/\/abc-latina.com\/carteam-htm\/"},"modified":"2018-06-11T12:12:44","modified_gmt":"2018-06-11T10:12:44","slug":"carteam","status":"publish","type":"page","link":"https:\/\/abc-latina.com\/carteam\/","title":{"rendered":"CARTE de l&rsquo; AMERIQUE du SUD"},"content":{"rendered":"<table class=\"table_cartes\">\n<tbody>\n<tr>\n<td class=\"tc_gauche\">&nbsp;<\/td>\n<td class=\"tc_droite\">&nbsp;<\/td>\n<\/tr>\n<\/tbody>\n<\/table>\n<p style=\"text-align: center\"><img loading=\"lazy\" decoding=\"async\" class=\" size-full wp-image-175\" src=\"http:\/\/abc-latina.com\/wp-content\/uploads\/2010\/06\/carteam.gif\" style=\"border-color: currentcolor; border-style: solid; border-width: 1px;\" alt=\"CARTE de l' AMERIQUE du SUD\" title=\"CARTE de l' AMERIQUE du SUD\" width=\"396\" height=\"445\" \/><\/p>\n<p style=\"text-align: left;\">&nbsp;<\/p>\n<div><span class=\"tourisme-chapitre\">Donn\u00e9es g\u00e9ographiques<\/span><\/div>\n<div>&nbsp;<\/div>\n<div>Superficie de l&rsquo;Am\u00e9rique du Sud: 17 840 000 km2<\/div>\n<div>Population: 380 millions d&rsquo;hab.<\/div>\n<div>Densit\u00e9 (habitants par km&sup2;): 21<\/div>\n<div>Grandes villes: <a href=\"bresil\/sao-paulo\">S\u00e3o Paulo<\/a>, <a href=\"argentine\/buenosaires\">Buenos Aires<\/a>, <a href=\"bresil\/rio_de_janeiro\">Rio de Janeiro<\/a>, <a href=\"colombie\/bogota\">Bogot\u00e1<\/a>, <a href=\"perou\/lima\">Lima<\/a>, <a href=\"chili\/santiago\">Santiago<\/a>, <a href=\"venezuela\/caracas\">Caracas<\/a><\/div>\n<div>&nbsp;<\/div>\n<div>Chiffres extr\u00eames<\/div>\n<div>Point le plus bas: Laguna del Carbon \u00e0 -105 m &#8211; Argentine.<\/div>\n<div>Point le plus haut: l&rsquo;Aconcagua \u00e0 6.960 m\u00e8tres &#8211; Argentine.<\/div>\n<div>Plus long cours d&rsquo;eau: Amazone 6.500 km km<\/div>\n<p>&nbsp;<\/p>\n","protected":false},"excerpt":{"rendered":"<p>&nbsp; &nbsp; &nbsp; Donn\u00e9es g\u00e9ographiques &nbsp; Superficie de l&rsquo;Am\u00e9rique du Sud: 17 840 000 km2 Population: 380 millions d&rsquo;hab. Densit\u00e9 [&hellip;]<\/p>\n","protected":false},"author":3,"featured_media":175,"parent":0,"menu_order":0,"comment_status":"closed","ping_status":"closed","template":"","meta":{"site-sidebar-layout":"default","site-content-layout":"","ast-site-content-layout":"default","site-content-style":"default","site-sidebar-style":"default","ast-global-header-display":"","ast-banner-title-visibility":"","ast-main-header-display":"","ast-hfb-above-header-display":"","ast-hfb-below-header-display":"","ast-hfb-mobile-header-display":"","site-post-title":"","ast-breadcrumbs-content":"","ast-featured-img":"","footer-sml-layout":"","ast-disable-related-posts":"","theme-transparent-header-meta":"","adv-header-id-meta":"","stick-header-meta":"","header-above-stick-meta":"","header-main-stick-meta":"","header-below-stick-meta":"","astra-migrate-meta-layouts":"default","ast-page-background-enabled":"default","ast-page-background-meta":{"desktop":{"background-color":"var(--ast-global-color-5)","background-image":"","background-repeat":"repeat","background-position":"center center","background-size":"auto","background-attachment":"scroll","background-type":"","background-media":"","overlay-type":"","overlay-color":"","overlay-opacity":"","overlay-gradient":""},"tablet":{"background-color":"","background-image":"","background-repeat":"repeat","background-position":"center center","background-size":"auto","background-attachment":"scroll","background-type":"","background-media":"","overlay-type":"","overlay-color":"","overlay-opacity":"","overlay-gradient":""},"mobile":{"background-color":"","background-image":"","background-repeat":"repeat","background-position":"center center","background-size":"auto","background-attachment":"scroll","background-type":"","background-media":"","overlay-type":"","overlay-color":"","overlay-opacity":"","overlay-gradient":""}},"ast-content-background-meta":{"desktop":{"background-color":"var(--ast-global-color-4)","background-image":"","background-repeat":"repeat","background-position":"center center","background-size":"auto","background-attachment":"scroll","background-type":"","background-media":"","overlay-type":"","overlay-color":"","overlay-opacity":"","overlay-gradient":""},"tablet":{"background-color":"var(--ast-global-color-4)","background-image":"","background-repeat":"repeat","background-position":"center center","background-size":"auto","background-attachment":"scroll","background-type":"","background-media":"","overlay-type":"","overlay-color":"","overlay-opacity":"","overlay-gradient":""},"mobile":{"background-color":"var(--ast-global-color-4)","background-image":"","background-repeat":"repeat","background-position":"center center","background-size":"auto","background-attachment":"scroll","background-type":"","background-media":"","overlay-type":"","overlay-color":"","overlay-opacity":"","overlay-gradient":""}},"footnotes":""},"class_list":["post-176","page","type-page","status-publish","has-post-thumbnail","hentry"],"yoast_head":"<!-- This site is optimized with the Yoast SEO plugin v27.5 - https:\/\/yoast.com\/product\/yoast-seo-wordpress\/ -->\n<title>CARTE de l&#039; AMERIQUE du SUD - Abc-latina<\/title>\n<meta name=\"description\" content=\"Carte g\u00e9ographique de l&#039;Am\u00e9rique du Sud.\" \/>\n<meta name=\"robots\" content=\"index, follow, max-snippet:-1, max-image-preview:large, max-video-preview:-1\" \/>\n<link rel=\"canonical\" href=\"https:\/\/abc-latina.com\/carteam\/\" \/>\n<meta property=\"og:locale\" content=\"fr_FR\" \/>\n<meta property=\"og:type\" content=\"article\" \/>\n<meta property=\"og:title\" content=\"CARTE de l&#039; AMERIQUE du SUD - Abc-latina\" \/>\n<meta property=\"og:description\" content=\"Carte g\u00e9ographique de l&#039;Am\u00e9rique du Sud.\" \/>\n<meta property=\"og:url\" content=\"https:\/\/abc-latina.com\/carteam\/\" \/>\n<meta property=\"og:site_name\" content=\"Abc-latina\" \/>\n<meta property=\"article:modified_time\" content=\"2018-06-11T10:12:44+00:00\" \/>\n<meta property=\"og:image\" content=\"https:\/\/abc-latina.com\/wp-content\/uploads\/2010\/06\/carteam.gif\" \/>\n\t<meta property=\"og:image:width\" content=\"396\" \/>\n\t<meta property=\"og:image:height\" content=\"445\" \/>\n\t<meta property=\"og:image:type\" content=\"image\/gif\" \/>\n<meta name=\"twitter:card\" content=\"summary_large_image\" \/>\n<script type=\"application\/ld+json\" class=\"yoast-schema-graph\">{\"@context\":\"https:\\\/\\\/schema.org\",\"@graph\":[{\"@type\":\"WebPage\",\"@id\":\"https:\\\/\\\/abc-latina.com\\\/carteam\\\/\",\"url\":\"https:\\\/\\\/abc-latina.com\\\/carteam\\\/\",\"name\":\"CARTE de l' AMERIQUE du SUD - Abc-latina\",\"isPartOf\":{\"@id\":\"https:\\\/\\\/abc-latina.com\\\/#website\"},\"primaryImageOfPage\":{\"@id\":\"https:\\\/\\\/abc-latina.com\\\/carteam\\\/#primaryimage\"},\"image\":{\"@id\":\"https:\\\/\\\/abc-latina.com\\\/carteam\\\/#primaryimage\"},\"thumbnailUrl\":\"https:\\\/\\\/abc-latina.com\\\/wp-content\\\/uploads\\\/2010\\\/06\\\/carteam.gif\",\"datePublished\":\"2010-06-03T21:20:05+00:00\",\"dateModified\":\"2018-06-11T10:12:44+00:00\",\"description\":\"Carte g\u00e9ographique de l'Am\u00e9rique du Sud.\",\"breadcrumb\":{\"@id\":\"https:\\\/\\\/abc-latina.com\\\/carteam\\\/#breadcrumb\"},\"inLanguage\":\"fr-FR\",\"potentialAction\":[{\"@type\":\"ReadAction\",\"target\":[\"https:\\\/\\\/abc-latina.com\\\/carteam\\\/\"]}]},{\"@type\":\"ImageObject\",\"inLanguage\":\"fr-FR\",\"@id\":\"https:\\\/\\\/abc-latina.com\\\/carteam\\\/#primaryimage\",\"url\":\"https:\\\/\\\/abc-latina.com\\\/wp-content\\\/uploads\\\/2010\\\/06\\\/carteam.gif\",\"contentUrl\":\"https:\\\/\\\/abc-latina.com\\\/wp-content\\\/uploads\\\/2010\\\/06\\\/carteam.gif\",\"width\":396,\"height\":445,\"caption\":\"CARTE de l' AMERIQUE du SUD\"},{\"@type\":\"BreadcrumbList\",\"@id\":\"https:\\\/\\\/abc-latina.com\\\/carteam\\\/#breadcrumb\",\"itemListElement\":[{\"@type\":\"ListItem\",\"position\":1,\"name\":\"Accueil\",\"item\":\"https:\\\/\\\/abc-latina.com\\\/\"},{\"@type\":\"ListItem\",\"position\":2,\"name\":\"CARTE de l&rsquo; AMERIQUE du SUD\"}]},{\"@type\":\"WebSite\",\"@id\":\"https:\\\/\\\/abc-latina.com\\\/#website\",\"url\":\"https:\\\/\\\/abc-latina.com\\\/\",\"name\":\"Abc-latina\",\"description\":\"\",\"publisher\":{\"@id\":\"https:\\\/\\\/abc-latina.com\\\/#organization\"},\"potentialAction\":[{\"@type\":\"SearchAction\",\"target\":{\"@type\":\"EntryPoint\",\"urlTemplate\":\"https:\\\/\\\/abc-latina.com\\\/?s={search_term_string}\"},\"query-input\":{\"@type\":\"PropertyValueSpecification\",\"valueRequired\":true,\"valueName\":\"search_term_string\"}}],\"inLanguage\":\"fr-FR\"},{\"@type\":\"Organization\",\"@id\":\"https:\\\/\\\/abc-latina.com\\\/#organization\",\"name\":\"Abc-latina\",\"url\":\"https:\\\/\\\/abc-latina.com\\\/\",\"logo\":{\"@type\":\"ImageObject\",\"inLanguage\":\"fr-FR\",\"@id\":\"https:\\\/\\\/abc-latina.com\\\/#\\\/schema\\\/logo\\\/image\\\/\",\"url\":\"https:\\\/\\\/abc-latina.com\\\/wp-content\\\/uploads\\\/2026\\\/05\\\/cropped-logo.gif\",\"contentUrl\":\"https:\\\/\\\/abc-latina.com\\\/wp-content\\\/uploads\\\/2026\\\/05\\\/cropped-logo.gif\",\"width\":89,\"height\":84,\"caption\":\"Abc-latina\"},\"image\":{\"@id\":\"https:\\\/\\\/abc-latina.com\\\/#\\\/schema\\\/logo\\\/image\\\/\"}}]}<\/script>\n<!-- \/ Yoast SEO plugin. -->","yoast_head_json":{"title":"CARTE de l' AMERIQUE du SUD - Abc-latina","description":"Carte g\u00e9ographique de l'Am\u00e9rique du Sud.","robots":{"index":"index","follow":"follow","max-snippet":"max-snippet:-1","max-image-preview":"max-image-preview:large","max-video-preview":"max-video-preview:-1"},"canonical":"https:\/\/abc-latina.com\/carteam\/","og_locale":"fr_FR","og_type":"article","og_title":"CARTE de l' AMERIQUE du SUD - Abc-latina","og_description":"Carte g\u00e9ographique de l'Am\u00e9rique du Sud.","og_url":"https:\/\/abc-latina.com\/carteam\/","og_site_name":"Abc-latina","article_modified_time":"2018-06-11T10:12:44+00:00","og_image":[{"width":396,"height":445,"url":"https:\/\/abc-latina.com\/wp-content\/uploads\/2010\/06\/carteam.gif","type":"image\/gif"}],"twitter_card":"summary_large_image","schema":{"@context":"https:\/\/schema.org","@graph":[{"@type":"WebPage","@id":"https:\/\/abc-latina.com\/carteam\/","url":"https:\/\/abc-latina.com\/carteam\/","name":"CARTE de l' AMERIQUE du SUD - Abc-latina","isPartOf":{"@id":"https:\/\/abc-latina.com\/#website"},"primaryImageOfPage":{"@id":"https:\/\/abc-latina.com\/carteam\/#primaryimage"},"image":{"@id":"https:\/\/abc-latina.com\/carteam\/#primaryimage"},"thumbnailUrl":"https:\/\/abc-latina.com\/wp-content\/uploads\/2010\/06\/carteam.gif","datePublished":"2010-06-03T21:20:05+00:00","dateModified":"2018-06-11T10:12:44+00:00","description":"Carte g\u00e9ographique de l'Am\u00e9rique du Sud.","breadcrumb":{"@id":"https:\/\/abc-latina.com\/carteam\/#breadcrumb"},"inLanguage":"fr-FR","potentialAction":[{"@type":"ReadAction","target":["https:\/\/abc-latina.com\/carteam\/"]}]},{"@type":"ImageObject","inLanguage":"fr-FR","@id":"https:\/\/abc-latina.com\/carteam\/#primaryimage","url":"https:\/\/abc-latina.com\/wp-content\/uploads\/2010\/06\/carteam.gif","contentUrl":"https:\/\/abc-latina.com\/wp-content\/uploads\/2010\/06\/carteam.gif","width":396,"height":445,"caption":"CARTE de l' AMERIQUE du SUD"},{"@type":"BreadcrumbList","@id":"https:\/\/abc-latina.com\/carteam\/#breadcrumb","itemListElement":[{"@type":"ListItem","position":1,"name":"Accueil","item":"https:\/\/abc-latina.com\/"},{"@type":"ListItem","position":2,"name":"CARTE de l&rsquo; AMERIQUE du SUD"}]},{"@type":"WebSite","@id":"https:\/\/abc-latina.com\/#website","url":"https:\/\/abc-latina.com\/","name":"Abc-latina","description":"","publisher":{"@id":"https:\/\/abc-latina.com\/#organization"},"potentialAction":[{"@type":"SearchAction","target":{"@type":"EntryPoint","urlTemplate":"https:\/\/abc-latina.com\/?s={search_term_string}"},"query-input":{"@type":"PropertyValueSpecification","valueRequired":true,"valueName":"search_term_string"}}],"inLanguage":"fr-FR"},{"@type":"Organization","@id":"https:\/\/abc-latina.com\/#organization","name":"Abc-latina","url":"https:\/\/abc-latina.com\/","logo":{"@type":"ImageObject","inLanguage":"fr-FR","@id":"https:\/\/abc-latina.com\/#\/schema\/logo\/image\/","url":"https:\/\/abc-latina.com\/wp-content\/uploads\/2026\/05\/cropped-logo.gif","contentUrl":"https:\/\/abc-latina.com\/wp-content\/uploads\/2026\/05\/cropped-logo.gif","width":89,"height":84,"caption":"Abc-latina"},"image":{"@id":"https:\/\/abc-latina.com\/#\/schema\/logo\/image\/"}}]}},"_links":{"self":[{"href":"https:\/\/abc-latina.com\/wp-json\/wp\/v2\/pages\/176","targetHints":{"allow":["GET"]}}],"collection":[{"href":"https:\/\/abc-latina.com\/wp-json\/wp\/v2\/pages"}],"about":[{"href":"https:\/\/abc-latina.com\/wp-json\/wp\/v2\/types\/page"}],"author":[{"embeddable":true,"href":"https:\/\/abc-latina.com\/wp-json\/wp\/v2\/users\/3"}],"replies":[{"embeddable":true,"href":"https:\/\/abc-latina.com\/wp-json\/wp\/v2\/comments?post=176"}],"version-history":[{"count":0,"href":"https:\/\/abc-latina.com\/wp-json\/wp\/v2\/pages\/176\/revisions"}],"wp:featuredmedia":[{"embeddable":true,"href":"https:\/\/abc-latina.com\/wp-json\/wp\/v2\/media\/175"}],"wp:attachment":[{"href":"https:\/\/abc-latina.com\/wp-json\/wp\/v2\/media?parent=176"}],"curies":[{"name":"wp","href":"https:\/\/api.w.org\/{rel}","templated":true}]}}