{"id":1780,"date":"2010-07-28T01:46:12","date_gmt":"2010-07-27T23:46:12","guid":{"rendered":"http:\/\/abc-latina.com\/lama-php\/"},"modified":"2026-04-30T18:24:41","modified_gmt":"2026-04-30T16:24:41","slug":"lama","status":"publish","type":"page","link":"https:\/\/abc-latina.com\/index\/lama\/","title":{"rendered":"Le LAMA"},"content":{"rendered":"<div><img loading=\"lazy\" decoding=\"async\" class=\" alignright size-full wp-image-1779\" src=\"http:\/\/abc-latina.com\/wp-content\/uploads\/2010\/07\/lama.jpg\" title=\"Le LAMA\" alt=\"\" width=\"220\" vspace=\"9\" hspace=\"15\" height=\"220\" align=\"right\" srcset=\"https:\/\/abc-latina.com\/wp-content\/uploads\/2010\/07\/lama.jpg 220w, https:\/\/abc-latina.com\/wp-content\/uploads\/2010\/07\/lama-150x150.jpg 150w\" sizes=\"auto, (max-width: 220px) 100vw, 220px\" \/>Le<span class=\"tourisme-chapitre\"> lama<\/span> (Lama glama) est un cam\u00e9lid\u00e9 domestique d&rsquo;Am\u00e9rique du Sud. Le terme &laquo; lama &raquo; est souvent utilis\u00e9 de mani\u00e8re plus large pour s&rsquo;appliquer aux quatre esp\u00e8ces animales proches qui constituent la branche sud-am\u00e9ricaine des cam\u00e9lid\u00e9s : le lama lui-m\u00eame, l&rsquo;<a href=\"alpaga.php\">alpaga<\/a>, le <a href=\"guanaco.php\">guanaco<\/a> et la <a href=\"vigogne.php\">vigogne<\/a>.<\/div>\n<div>Avant le d\u00e9barquement des Espagnols sur le continent sud-am\u00e9ricain, le lama y \u00e9tait le seul animal domestique. Utilis\u00e9 comme b\u00eate de somme, il \u00e9tait aussi tr\u00e8s pris\u00e9 pour sa fourrure et sa viande.&nbsp;<\/div>\n<div>&nbsp;<\/div>\n<div>Les premiers \u00e9crits concernant le lama le comparent g\u00e9n\u00e9ralement au mouton. Pourtant, on s&rsquo;aper\u00e7ut tr\u00e8s vite de sa parent\u00e9 avec le chameau, et donc avec les &quot;cam\u00e9lid\u00e9s.<\/div>\n<div>Les pal\u00e9ontologistes Joseph Leidy, Edward Drinker Cope et Othniel Charles Marsh ont interpr\u00e9t\u00e9 la d\u00e9couverte d&rsquo;esp\u00e8ces disparues de l&rsquo;\u00e8re tertiaire sur le continent am\u00e9ricain, qui apporte des lumi\u00e8res sur l&rsquo;apparition de cette famille et leurs relations avec les autres mammif\u00e8res. \u00c0 l&rsquo;origine les lamas n&rsquo;\u00e9taient pas cantonn\u00e9s \u00e0 la partie du continent am\u00e9ricain situ\u00e9e au sud du Canal de Panama comme ils le sont de nos jours. On en a d\u00e9couvert de nombreuses traces dat\u00e9es du Pl\u00e9istoc\u00e8ne dans la r\u00e9gion des Montagnes Rocheuses ainsi qu&rsquo;en Am\u00e9rique centrale, dont certains beaucoup plus grands que les sp\u00e9cimens actuels. De nombreux animaux apparent\u00e9s aux chameaux, montrant des mutations g\u00e9n\u00e9tiques et une s\u00e9rie progressive de changements, y ont \u00e9t\u00e9 d\u00e9couverts dans des strates allant du Plioc\u00e8ne au d\u00e9but du Mioc\u00e8ne. Comme aucune trace de cam\u00e9lid\u00e9 n&rsquo;a &#8211; \u00e0 ce jour &#8211; \u00e9t\u00e9 d\u00e9couvert dans des fouilles du vieux continent, il est actuellement admis que les Am\u00e9riques sont leur terre d&rsquo;origine et que certains sont pass\u00e9s en Asie, descendant vers le sud en fonction des modifications climatiques pour devenir les chameaux. Il y a peu de mammif\u00e8res dont le pass\u00e9 pal\u00e9ontologique a \u00e9t\u00e9 retrac\u00e9 avec autant de succ\u00e8s.<\/div>\n<div>&nbsp;<\/div>\n<p><img loading=\"lazy\" decoding=\"async\" class=\" size-full wp-image-46\" src=\"http:\/\/abc-latina.com\/wp-content\/uploads\/2010\/04\/pages-associes.gif\" alt=\"\" width=\"120\" height=\"10\" \/><br \/><a href=\"https:\/\/www.abc-latina.com\/amerique_latine\/flore-faune\/\">Faune et flore en Am\u00e9rique latine<\/a>&nbsp;<br \/><a href=\"https:\/\/www.abc-latina.com\/amerique_latine\/flore-faune\/guanaco.php\">Guanaco<\/a>&nbsp;<br \/><a href=\"https:\/\/www.abc-latina.com\/amerique_latine\/flore-faune\/vigogne.php\">Vigogne<\/a>&nbsp;<\/p>\n","protected":false},"excerpt":{"rendered":"<p>Le lama (Lama glama) est un cam\u00e9lid\u00e9 domestique d&rsquo;Am\u00e9rique du Sud. Le terme &laquo; lama &raquo; est souvent utilis\u00e9 de [&hellip;]<\/p>\n","protected":false},"author":3,"featured_media":1779,"parent":2446,"menu_order":0,"comment_status":"closed","ping_status":"closed","template":"","meta":{"site-sidebar-layout":"default","site-content-layout":"","ast-site-content-layout":"default","site-content-style":"default","site-sidebar-style":"default","ast-global-header-display":"","ast-banner-title-visibility":"","ast-main-header-display":"","ast-hfb-above-header-display":"","ast-hfb-below-header-display":"","ast-hfb-mobile-header-display":"","site-post-title":"","ast-breadcrumbs-content":"","ast-featured-img":"","footer-sml-layout":"","ast-disable-related-posts":"","theme-transparent-header-meta":"","adv-header-id-meta":"","stick-header-meta":"","header-above-stick-meta":"","header-main-stick-meta":"","header-below-stick-meta":"","astra-migrate-meta-layouts":"default","ast-page-background-enabled":"default","ast-page-background-meta":{"desktop":{"background-color":"var(--ast-global-color-5)","background-image":"","background-repeat":"repeat","background-position":"center center","background-size":"auto","background-attachment":"scroll","background-type":"","background-media":"","overlay-type":"","overlay-color":"","overlay-opacity":"","overlay-gradient":""},"tablet":{"background-color":"","background-image":"","background-repeat":"repeat","background-position":"center center","background-size":"auto","background-attachment":"scroll","background-type":"","background-media":"","overlay-type":"","overlay-color":"","overlay-opacity":"","overlay-gradient":""},"mobile":{"background-color":"","background-image":"","background-repeat":"repeat","background-position":"center center","background-size":"auto","background-attachment":"scroll","background-type":"","background-media":"","overlay-type":"","overlay-color":"","overlay-opacity":"","overlay-gradient":""}},"ast-content-background-meta":{"desktop":{"background-color":"var(--ast-global-color-4)","background-image":"","background-repeat":"repeat","background-position":"center center","background-size":"auto","background-attachment":"scroll","background-type":"","background-media":"","overlay-type":"","overlay-color":"","overlay-opacity":"","overlay-gradient":""},"tablet":{"background-color":"var(--ast-global-color-4)","background-image":"","background-repeat":"repeat","background-position":"center center","background-size":"auto","background-attachment":"scroll","background-type":"","background-media":"","overlay-type":"","overlay-color":"","overlay-opacity":"","overlay-gradient":""},"mobile":{"background-color":"var(--ast-global-color-4)","background-image":"","background-repeat":"repeat","background-position":"center center","background-size":"auto","background-attachment":"scroll","background-type":"","background-media":"","overlay-type":"","overlay-color":"","overlay-opacity":"","overlay-gradient":""}},"footnotes":""},"class_list":["post-1780","page","type-page","status-publish","has-post-thumbnail","hentry"],"yoast_head":"<!-- This site is optimized with the Yoast SEO plugin v27.5 - https:\/\/yoast.com\/product\/yoast-seo-wordpress\/ -->\n<title>Le LAMA - Abc-latina<\/title>\n<meta name=\"description\" content=\"Faune et Flore d&#039;Am\u00e9rique latine: Le LAMA.\" \/>\n<meta name=\"robots\" content=\"index, follow, max-snippet:-1, max-image-preview:large, max-video-preview:-1\" \/>\n<link rel=\"canonical\" href=\"https:\/\/abc-latina.com\/index\/lama\/\" \/>\n<meta property=\"og:locale\" content=\"fr_FR\" \/>\n<meta property=\"og:type\" content=\"article\" \/>\n<meta property=\"og:title\" content=\"Le LAMA - Abc-latina\" \/>\n<meta property=\"og:description\" content=\"Faune et Flore d&#039;Am\u00e9rique latine: Le LAMA.\" \/>\n<meta property=\"og:url\" content=\"https:\/\/abc-latina.com\/index\/lama\/\" \/>\n<meta property=\"og:site_name\" content=\"Abc-latina\" \/>\n<meta property=\"article:modified_time\" content=\"2026-04-30T16:24:41+00:00\" \/>\n<meta property=\"og:image\" content=\"https:\/\/abc-latina.com\/wp-content\/uploads\/2010\/07\/lama.jpg\" \/>\n\t<meta property=\"og:image:width\" content=\"220\" \/>\n\t<meta property=\"og:image:height\" content=\"220\" \/>\n\t<meta property=\"og:image:type\" content=\"image\/jpeg\" \/>\n<meta name=\"twitter:card\" content=\"summary_large_image\" \/>\n<meta name=\"twitter:label1\" content=\"Dur\u00e9e de lecture estim\u00e9e\" \/>\n\t<meta name=\"twitter:data1\" content=\"2 minutes\" \/>\n<script type=\"application\/ld+json\" class=\"yoast-schema-graph\">{\"@context\":\"https:\\\/\\\/schema.org\",\"@graph\":[{\"@type\":\"WebPage\",\"@id\":\"https:\\\/\\\/abc-latina.com\\\/index\\\/lama\\\/\",\"url\":\"https:\\\/\\\/abc-latina.com\\\/index\\\/lama\\\/\",\"name\":\"Le LAMA - Abc-latina\",\"isPartOf\":{\"@id\":\"https:\\\/\\\/abc-latina.com\\\/#website\"},\"primaryImageOfPage\":{\"@id\":\"https:\\\/\\\/abc-latina.com\\\/index\\\/lama\\\/#primaryimage\"},\"image\":{\"@id\":\"https:\\\/\\\/abc-latina.com\\\/index\\\/lama\\\/#primaryimage\"},\"thumbnailUrl\":\"https:\\\/\\\/abc-latina.com\\\/wp-content\\\/uploads\\\/2010\\\/07\\\/lama.jpg\",\"datePublished\":\"2010-07-27T23:46:12+00:00\",\"dateModified\":\"2026-04-30T16:24:41+00:00\",\"description\":\"Faune et Flore d'Am\u00e9rique latine: Le LAMA.\",\"breadcrumb\":{\"@id\":\"https:\\\/\\\/abc-latina.com\\\/index\\\/lama\\\/#breadcrumb\"},\"inLanguage\":\"fr-FR\",\"potentialAction\":[{\"@type\":\"ReadAction\",\"target\":[\"https:\\\/\\\/abc-latina.com\\\/index\\\/lama\\\/\"]}]},{\"@type\":\"ImageObject\",\"inLanguage\":\"fr-FR\",\"@id\":\"https:\\\/\\\/abc-latina.com\\\/index\\\/lama\\\/#primaryimage\",\"url\":\"https:\\\/\\\/abc-latina.com\\\/wp-content\\\/uploads\\\/2010\\\/07\\\/lama.jpg\",\"contentUrl\":\"https:\\\/\\\/abc-latina.com\\\/wp-content\\\/uploads\\\/2010\\\/07\\\/lama.jpg\",\"width\":220,\"height\":220,\"caption\":\"Le LAMA\"},{\"@type\":\"BreadcrumbList\",\"@id\":\"https:\\\/\\\/abc-latina.com\\\/index\\\/lama\\\/#breadcrumb\",\"itemListElement\":[{\"@type\":\"ListItem\",\"position\":1,\"name\":\"Accueil\",\"item\":\"https:\\\/\\\/abc-latina.com\\\/\"},{\"@type\":\"ListItem\",\"position\":2,\"name\":\"Le LAMA\"}]},{\"@type\":\"WebSite\",\"@id\":\"https:\\\/\\\/abc-latina.com\\\/#website\",\"url\":\"https:\\\/\\\/abc-latina.com\\\/\",\"name\":\"Abc-latina\",\"description\":\"\",\"publisher\":{\"@id\":\"https:\\\/\\\/abc-latina.com\\\/#organization\"},\"potentialAction\":[{\"@type\":\"SearchAction\",\"target\":{\"@type\":\"EntryPoint\",\"urlTemplate\":\"https:\\\/\\\/abc-latina.com\\\/?s={search_term_string}\"},\"query-input\":{\"@type\":\"PropertyValueSpecification\",\"valueRequired\":true,\"valueName\":\"search_term_string\"}}],\"inLanguage\":\"fr-FR\"},{\"@type\":\"Organization\",\"@id\":\"https:\\\/\\\/abc-latina.com\\\/#organization\",\"name\":\"Abc-latina\",\"url\":\"https:\\\/\\\/abc-latina.com\\\/\",\"logo\":{\"@type\":\"ImageObject\",\"inLanguage\":\"fr-FR\",\"@id\":\"https:\\\/\\\/abc-latina.com\\\/#\\\/schema\\\/logo\\\/image\\\/\",\"url\":\"https:\\\/\\\/abc-latina.com\\\/wp-content\\\/uploads\\\/2026\\\/05\\\/cropped-logo.gif\",\"contentUrl\":\"https:\\\/\\\/abc-latina.com\\\/wp-content\\\/uploads\\\/2026\\\/05\\\/cropped-logo.gif\",\"width\":89,\"height\":84,\"caption\":\"Abc-latina\"},\"image\":{\"@id\":\"https:\\\/\\\/abc-latina.com\\\/#\\\/schema\\\/logo\\\/image\\\/\"}}]}<\/script>\n<!-- \/ Yoast SEO plugin. -->","yoast_head_json":{"title":"Le LAMA - Abc-latina","description":"Faune et Flore d'Am\u00e9rique latine: Le LAMA.","robots":{"index":"index","follow":"follow","max-snippet":"max-snippet:-1","max-image-preview":"max-image-preview:large","max-video-preview":"max-video-preview:-1"},"canonical":"https:\/\/abc-latina.com\/index\/lama\/","og_locale":"fr_FR","og_type":"article","og_title":"Le LAMA - Abc-latina","og_description":"Faune et Flore d'Am\u00e9rique latine: Le LAMA.","og_url":"https:\/\/abc-latina.com\/index\/lama\/","og_site_name":"Abc-latina","article_modified_time":"2026-04-30T16:24:41+00:00","og_image":[{"width":220,"height":220,"url":"https:\/\/abc-latina.com\/wp-content\/uploads\/2010\/07\/lama.jpg","type":"image\/jpeg"}],"twitter_card":"summary_large_image","twitter_misc":{"Dur\u00e9e de lecture estim\u00e9e":"2 minutes"},"schema":{"@context":"https:\/\/schema.org","@graph":[{"@type":"WebPage","@id":"https:\/\/abc-latina.com\/index\/lama\/","url":"https:\/\/abc-latina.com\/index\/lama\/","name":"Le LAMA - Abc-latina","isPartOf":{"@id":"https:\/\/abc-latina.com\/#website"},"primaryImageOfPage":{"@id":"https:\/\/abc-latina.com\/index\/lama\/#primaryimage"},"image":{"@id":"https:\/\/abc-latina.com\/index\/lama\/#primaryimage"},"thumbnailUrl":"https:\/\/abc-latina.com\/wp-content\/uploads\/2010\/07\/lama.jpg","datePublished":"2010-07-27T23:46:12+00:00","dateModified":"2026-04-30T16:24:41+00:00","description":"Faune et Flore d'Am\u00e9rique latine: Le LAMA.","breadcrumb":{"@id":"https:\/\/abc-latina.com\/index\/lama\/#breadcrumb"},"inLanguage":"fr-FR","potentialAction":[{"@type":"ReadAction","target":["https:\/\/abc-latina.com\/index\/lama\/"]}]},{"@type":"ImageObject","inLanguage":"fr-FR","@id":"https:\/\/abc-latina.com\/index\/lama\/#primaryimage","url":"https:\/\/abc-latina.com\/wp-content\/uploads\/2010\/07\/lama.jpg","contentUrl":"https:\/\/abc-latina.com\/wp-content\/uploads\/2010\/07\/lama.jpg","width":220,"height":220,"caption":"Le LAMA"},{"@type":"BreadcrumbList","@id":"https:\/\/abc-latina.com\/index\/lama\/#breadcrumb","itemListElement":[{"@type":"ListItem","position":1,"name":"Accueil","item":"https:\/\/abc-latina.com\/"},{"@type":"ListItem","position":2,"name":"Le LAMA"}]},{"@type":"WebSite","@id":"https:\/\/abc-latina.com\/#website","url":"https:\/\/abc-latina.com\/","name":"Abc-latina","description":"","publisher":{"@id":"https:\/\/abc-latina.com\/#organization"},"potentialAction":[{"@type":"SearchAction","target":{"@type":"EntryPoint","urlTemplate":"https:\/\/abc-latina.com\/?s={search_term_string}"},"query-input":{"@type":"PropertyValueSpecification","valueRequired":true,"valueName":"search_term_string"}}],"inLanguage":"fr-FR"},{"@type":"Organization","@id":"https:\/\/abc-latina.com\/#organization","name":"Abc-latina","url":"https:\/\/abc-latina.com\/","logo":{"@type":"ImageObject","inLanguage":"fr-FR","@id":"https:\/\/abc-latina.com\/#\/schema\/logo\/image\/","url":"https:\/\/abc-latina.com\/wp-content\/uploads\/2026\/05\/cropped-logo.gif","contentUrl":"https:\/\/abc-latina.com\/wp-content\/uploads\/2026\/05\/cropped-logo.gif","width":89,"height":84,"caption":"Abc-latina"},"image":{"@id":"https:\/\/abc-latina.com\/#\/schema\/logo\/image\/"}}]}},"_links":{"self":[{"href":"https:\/\/abc-latina.com\/wp-json\/wp\/v2\/pages\/1780","targetHints":{"allow":["GET"]}}],"collection":[{"href":"https:\/\/abc-latina.com\/wp-json\/wp\/v2\/pages"}],"about":[{"href":"https:\/\/abc-latina.com\/wp-json\/wp\/v2\/types\/page"}],"author":[{"embeddable":true,"href":"https:\/\/abc-latina.com\/wp-json\/wp\/v2\/users\/3"}],"replies":[{"embeddable":true,"href":"https:\/\/abc-latina.com\/wp-json\/wp\/v2\/comments?post=1780"}],"version-history":[{"count":1,"href":"https:\/\/abc-latina.com\/wp-json\/wp\/v2\/pages\/1780\/revisions"}],"predecessor-version":[{"id":2989,"href":"https:\/\/abc-latina.com\/wp-json\/wp\/v2\/pages\/1780\/revisions\/2989"}],"up":[{"embeddable":true,"href":"https:\/\/abc-latina.com\/wp-json\/wp\/v2\/pages\/2446"}],"wp:featuredmedia":[{"embeddable":true,"href":"https:\/\/abc-latina.com\/wp-json\/wp\/v2\/media\/1779"}],"wp:attachment":[{"href":"https:\/\/abc-latina.com\/wp-json\/wp\/v2\/media?parent=1780"}],"curies":[{"name":"wp","href":"https:\/\/api.w.org\/{rel}","templated":true}]}}