{"id":1782,"date":"2010-07-28T01:56:10","date_gmt":"2010-07-27T23:56:10","guid":{"rendered":"http:\/\/abc-latina.com\/maca-php\/"},"modified":"2026-04-30T18:24:41","modified_gmt":"2026-04-30T16:24:41","slug":"maca","status":"publish","type":"page","link":"https:\/\/abc-latina.com\/index\/maca\/","title":{"rendered":"La MACA"},"content":{"rendered":"<div>Les scientifiques ont donn\u00e9 de la <span class=\"tourisme-chapitre\">maca<\/span> \u00e0 des rats de laboratoire&#8230; qui se sont soudainement transform\u00e9s en &quot;chauds lapins&quot;. Les exp\u00e9riences se sont multipli\u00e9es: \u00e9tudiants et scientifiques se sont propos\u00e9s comme &quot;cobayes humains&quot;. Et les constatations furent identiques la mata augmente les capacit\u00e9s sexuelles et reproductives, au point qu&rsquo;elle a \u00e9t\u00e9 surnomm\u00e9e le ginseng andin. Mais il ne s&rsquo;agit pas de comparer la racine du ginseng avec celle de la maca, car les deux plantes ont des principes actifs diff\u00e9rents. Le ginseng est adaptog\u00e8ne, c&rsquo;est-\u00e0-dire qu&rsquo;il permet \u00e0 l&rsquo;organisme de s&rsquo;adapter \u00e0 une situation en puisant dans ses ressources. La maca, tr\u00e8s riche en prot\u00e9ines, contient des glucosinolates, des acides amin\u00e9s (lysine, m\u00e9thionine, tryptophane), des oligo-\u00e9l\u00e9ments (fer, cuivre, zinc, sodium, potassium, calcium et iode), des alcalo\u00efdes mais aussi des substances qui agissent directement sur les syst\u00e8mes hormonaux de l&rsquo;homme et de la femme.&nbsp;<\/div>\n<div>&nbsp;<\/div>\n<div><span class=\"tourisme-unesco\">A la rescousse de la virilit\u00e9 des hidalgos&nbsp;<\/span><\/div>\n<div>Quand les Espagnols arriv\u00e8rent dans la Cordill\u00e8re des Andes, ils s&rsquo;aper\u00e7urent assez rapidement que leurs capacit\u00e9s reproductrices s&rsquo;amenuisaient. M\u00eame constatation en ce qui concernait leur b\u00e9tail. Ils comprirent que c&rsquo;\u00e9tait certainement d\u00fb au froid et \u00e0 l&rsquo;altitude. Les indiens leur conseill\u00e8rent de manger de la mata et d&rsquo;en donner en fourrage au b\u00e9tail. Les r\u00e9sultats furent tels que le modeste tubercule devint rapidement l&rsquo;objet d&rsquo;un commerce intensif !<\/div>\n<div>&nbsp;<\/div>\n<div><span class=\"tourisme-unesco\">Un l\u00e9gume rare&nbsp;<\/span><\/div>\n<div>La maca (Lepidium meyenii) est cultiv\u00e9e depuis des si\u00e8cles sur les hauts plateaux de la Puna, au sud du <a href=\"https:\/\/www.abc-latina.com\/perou\/\" target=\"_blank\">P\u00e9rou<\/a>, \u00e0 partir de 4000 m\u00e8tres d&rsquo;altitude, l\u00e0 o\u00f9 ne pousse aucune autre plante alimentaire. De la famille des crucif\u00e8res (corme le navet, le chou, la moutarde ou le radis), elle ne pousse qu&rsquo;aux alentours des neiges \u00e9ternelles, l\u00e0 o\u00f9 le froid est permanent et les gel\u00e9es fr\u00e9quentes. Dans ces terres inhospitali\u00e8res, la racine se faufile entre les cailloux pour rechercher les nutriments dont elle a besoin. Mais elle profite de l&rsquo;extraordinaire luminosit\u00e9 de ces r\u00e9gions. Semblable \u00e0 une sorte de navet de 6 \u00e0 8 cm, la maca est un tubercule qui, selon les vari\u00e9t\u00e9s, peut \u00eatre jaune clair, beige, marron, rouge\u00e2tre. Il n&rsquo;y a aucune diff\u00e9rence de go\u00fbt ou de composition chimique majeure li\u00e9e \u00e0 la couleur. Sa pulpe est blanche ou jaune. Les parties a\u00e9riennes ressemblent \u00e0 des feuilles de pissenlit, dispos\u00e9es en rosette. Le cycle de croissance de la maca est tr\u00e8s particulier puisqu&rsquo;elle ne forme des fleurs et ne se reproduit qu&rsquo;\u00e0 partir de la deuxi\u00e8me ann\u00e9e. Difficile \u00e0 cultiver en raison du froid, de la pression atmosph\u00e9rique et du manque d&rsquo;oxyg\u00e8ne, cette plante qui a d\u00fb s&rsquo;adapter \u00e0 des conditions climatiques tr\u00e8s particuli\u00e8res a failli dispara\u00eetre. Pourtant, elle faisait partie de l&rsquo;alimentation des populations locales.<\/div>\n<div>&nbsp;<\/div>\n<div><span class=\"tourisme-unesco\">D&rsquo;innombrables \u00e9tudes scientifiques&nbsp;<\/span><\/div>\n<div>D\u00e8s 1653, le P\u00e8re Barnab\u00e9 Cobo, historien, d\u00e9crit la mata et ses curieuses propri\u00e9t\u00e9s. C&rsquo;est en 1961 que le Dr Gloria Chacon de Popovici d\u00e9couvre 4 alcalo\u00efdes et leur action sur le syst\u00e8me reproducteur de l&rsquo;homme et de la femme. Ensuite, les travaux se sont multipli\u00e9s, notamment dans les pays anglo-saxons (University of British Columbia, City University of New York, University of California&#8230;) pour d\u00e9couvrir les autres modes d&rsquo;action de ce surprenant tubercule. C&rsquo;est certainement au Professeur Fernando Cabieses, Neurologue de notori\u00e9t\u00e9 internationale, Professeur de neurochirurgie \u00e0 l&rsquo;Universit\u00e9 de Miami, Professeur Honoraire d&rsquo;une dizaine d&rsquo;Universit\u00e9s et Historien de la m\u00e9decine, que la mata doit sa renomm\u00e9e internationale.<\/div>\n<div>&nbsp;<\/div>\n<div><span class=\"tourisme-unesco\">Une culture sacr\u00e9e&nbsp;<\/span><\/div>\n<div>Pour les <a href=\"https:\/\/www.abc-latina.com\/civilisations\/Inca\">Incas<\/a>, la maca, parce qu&rsquo;elle prosp\u00e9rait dans les terrains les plus pauvres et qu&rsquo;elle se gorgeait de soleil, ne pouvait \u00eatre qu&rsquo;une plante sacr\u00e9e. Le fait qu&rsquo;elle ait des propri\u00e9t\u00e9s nutritives et aphrodisiaques exceptionnelles ne pouvait que justifier sa cons\u00e9cration. La maca \u00e9tait, semble-t-il, la nourriture des messagers qui, jour et nuit, se relayaient dans tout le pays pour transmettre les ordres du Grand Inca. Aliment complet, la maca permet toujours aux populations andines de r\u00e9sister plus facilement au froid et aux agressions climatiques.<\/div>\n<div>&nbsp;<\/div>\n<div><span class=\"tourisme-unesco\">Les indications de la maca&nbsp;<\/span><\/div>\n<div>La maca, en compl\u00e9ment alimentaire, est utilis\u00e9e essentiellement pour renforcer les d\u00e9fenses naturelles, mieux r\u00e9sister au froid, donner un coup de fouet en cas de fatigue physique r\u00e9soudre certaines d\u00e9ficiences sexuelles masculines, am\u00e9liorer la f\u00e9condit\u00e9 de l&rsquo;homme et de la femme, lutter contre les effets de la m\u00e9nopause (bouff\u00e9es de chaleur, fatigue, probl\u00e8mes de libido ou de m\u00e9moire, c\u00e9phal\u00e9es&#8230;).<\/div>\n<div>&nbsp;<\/div>\n<div><span class=\"tourisme-unesco\">Comment trouver la maca ?&nbsp;<\/span><\/div>\n<div>Actuellement, la maca est encore peu connue en France.&nbsp;Elle est diffus\u00e9e essentiellement par correspondance(ou sur Internet).&nbsp;On n&rsquo;en trouve ni en pharmacies ni en boutiques di\u00e9t\u00e9tiques. Certainement, d&rsquo;ici quelques mois, comme pour beaucoup de plantes qui ont prouv\u00e9 leur efficacit\u00e9, la maca sera vendue partout ! On trouve aussi la maca en association avec d&rsquo;autres plantes, ce qui renforce son efficacit\u00e9 : probl\u00e8mes de la m\u00e9nopause : maca + soja + yam; fatigue physique, sexuelle ou intellectuelle, probl\u00e8mes immunitaires : maca + \u00e9leuth\u00e9rocoque<\/div>\n<div>&nbsp;<\/div>\n<div><span class=\"tourisme-unesco\">Impossible de la trouver fra\u00eeche&nbsp;<\/span><\/div>\n<div>A l&rsquo;export, la commercialisation de la maca fra\u00eeche est interdite par le gouvernement p\u00e9ruvien. Elle est donc vendue uniquement sous forme de &quot;farine&quot;, de &quot;granul\u00e9s&quot; ou de &quot;g\u00e9lules&quot;. La farine est obtenue par s\u00e9chage au four puis passage dans un moulin. Cette plante fait partie officiellement du patrimoine p\u00e9ruvien. La culture, la r\u00e9colte, la transformation et l&rsquo;exportation sont tr\u00e8s contr\u00f4l\u00e9es par l&rsquo;administration p\u00e9ruvienne pour \u00e9viter un trafic qui entra\u00eenerait la disparition de l&rsquo;esp\u00e8ce ou appauvrirait les Indiens. La maca fait partie (avec le tribulus dont nous avons parl\u00e9 dans un pr\u00e9c\u00e9dent num\u00e9ro) des plantes red\u00e9couvertes r\u00e9cemment, connaissant un succ\u00e8s foudroyant outre-Atlantique et disponibles en France depuis quelques mois.<\/div>\n<div>&nbsp;<\/div>\n<div><span class=\"tsource\">Source: Magazine Belle Sant\u00e9 n&deg; 32, f\u00e9vrier 2001 &#8211; Sophie Lacoste<\/span><\/div>\n","protected":false},"excerpt":{"rendered":"<p>Les scientifiques ont donn\u00e9 de la maca \u00e0 des rats de laboratoire&#8230; qui se sont soudainement transform\u00e9s en &quot;chauds lapins&quot;. [&hellip;]<\/p>\n","protected":false},"author":3,"featured_media":0,"parent":2446,"menu_order":0,"comment_status":"closed","ping_status":"closed","template":"","meta":{"site-sidebar-layout":"default","site-content-layout":"","ast-site-content-layout":"default","site-content-style":"default","site-sidebar-style":"default","ast-global-header-display":"","ast-banner-title-visibility":"","ast-main-header-display":"","ast-hfb-above-header-display":"","ast-hfb-below-header-display":"","ast-hfb-mobile-header-display":"","site-post-title":"","ast-breadcrumbs-content":"","ast-featured-img":"","footer-sml-layout":"","ast-disable-related-posts":"","theme-transparent-header-meta":"","adv-header-id-meta":"","stick-header-meta":"","header-above-stick-meta":"","header-main-stick-meta":"","header-below-stick-meta":"","astra-migrate-meta-layouts":"default","ast-page-background-enabled":"default","ast-page-background-meta":{"desktop":{"background-color":"var(--ast-global-color-5)","background-image":"","background-repeat":"repeat","background-position":"center center","background-size":"auto","background-attachment":"scroll","background-type":"","background-media":"","overlay-type":"","overlay-color":"","overlay-opacity":"","overlay-gradient":""},"tablet":{"background-color":"","background-image":"","background-repeat":"repeat","background-position":"center center","background-size":"auto","background-attachment":"scroll","background-type":"","background-media":"","overlay-type":"","overlay-color":"","overlay-opacity":"","overlay-gradient":""},"mobile":{"background-color":"","background-image":"","background-repeat":"repeat","background-position":"center center","background-size":"auto","background-attachment":"scroll","background-type":"","background-media":"","overlay-type":"","overlay-color":"","overlay-opacity":"","overlay-gradient":""}},"ast-content-background-meta":{"desktop":{"background-color":"var(--ast-global-color-4)","background-image":"","background-repeat":"repeat","background-position":"center center","background-size":"auto","background-attachment":"scroll","background-type":"","background-media":"","overlay-type":"","overlay-color":"","overlay-opacity":"","overlay-gradient":""},"tablet":{"background-color":"var(--ast-global-color-4)","background-image":"","background-repeat":"repeat","background-position":"center center","background-size":"auto","background-attachment":"scroll","background-type":"","background-media":"","overlay-type":"","overlay-color":"","overlay-opacity":"","overlay-gradient":""},"mobile":{"background-color":"var(--ast-global-color-4)","background-image":"","background-repeat":"repeat","background-position":"center center","background-size":"auto","background-attachment":"scroll","background-type":"","background-media":"","overlay-type":"","overlay-color":"","overlay-opacity":"","overlay-gradient":""}},"footnotes":""},"class_list":["post-1782","page","type-page","status-publish","hentry"],"yoast_head":"<!-- This site is optimized with the Yoast SEO plugin v27.5 - https:\/\/yoast.com\/product\/yoast-seo-wordpress\/ -->\n<title>La MACA - Abc-latina<\/title>\n<meta name=\"description\" content=\"La Maca.\" \/>\n<meta name=\"robots\" content=\"index, follow, max-snippet:-1, max-image-preview:large, max-video-preview:-1\" \/>\n<link rel=\"canonical\" href=\"https:\/\/abc-latina.com\/index\/maca\/\" \/>\n<meta property=\"og:locale\" content=\"fr_FR\" \/>\n<meta property=\"og:type\" content=\"article\" \/>\n<meta property=\"og:title\" content=\"La MACA - Abc-latina\" \/>\n<meta property=\"og:description\" content=\"La Maca.\" \/>\n<meta property=\"og:url\" content=\"https:\/\/abc-latina.com\/index\/maca\/\" \/>\n<meta property=\"og:site_name\" content=\"Abc-latina\" \/>\n<meta property=\"article:modified_time\" content=\"2026-04-30T16:24:41+00:00\" \/>\n<meta name=\"twitter:card\" content=\"summary_large_image\" \/>\n<meta name=\"twitter:label1\" content=\"Dur\u00e9e de lecture estim\u00e9e\" \/>\n\t<meta name=\"twitter:data1\" content=\"5 minutes\" \/>\n<script type=\"application\/ld+json\" class=\"yoast-schema-graph\">{\"@context\":\"https:\\\/\\\/schema.org\",\"@graph\":[{\"@type\":\"WebPage\",\"@id\":\"https:\\\/\\\/abc-latina.com\\\/index\\\/maca\\\/\",\"url\":\"https:\\\/\\\/abc-latina.com\\\/index\\\/maca\\\/\",\"name\":\"La MACA - Abc-latina\",\"isPartOf\":{\"@id\":\"https:\\\/\\\/abc-latina.com\\\/#website\"},\"datePublished\":\"2010-07-27T23:56:10+00:00\",\"dateModified\":\"2026-04-30T16:24:41+00:00\",\"description\":\"La Maca.\",\"breadcrumb\":{\"@id\":\"https:\\\/\\\/abc-latina.com\\\/index\\\/maca\\\/#breadcrumb\"},\"inLanguage\":\"fr-FR\",\"potentialAction\":[{\"@type\":\"ReadAction\",\"target\":[\"https:\\\/\\\/abc-latina.com\\\/index\\\/maca\\\/\"]}]},{\"@type\":\"BreadcrumbList\",\"@id\":\"https:\\\/\\\/abc-latina.com\\\/index\\\/maca\\\/#breadcrumb\",\"itemListElement\":[{\"@type\":\"ListItem\",\"position\":1,\"name\":\"Accueil\",\"item\":\"https:\\\/\\\/abc-latina.com\\\/\"},{\"@type\":\"ListItem\",\"position\":2,\"name\":\"La MACA\"}]},{\"@type\":\"WebSite\",\"@id\":\"https:\\\/\\\/abc-latina.com\\\/#website\",\"url\":\"https:\\\/\\\/abc-latina.com\\\/\",\"name\":\"Abc-latina\",\"description\":\"\",\"publisher\":{\"@id\":\"https:\\\/\\\/abc-latina.com\\\/#organization\"},\"potentialAction\":[{\"@type\":\"SearchAction\",\"target\":{\"@type\":\"EntryPoint\",\"urlTemplate\":\"https:\\\/\\\/abc-latina.com\\\/?s={search_term_string}\"},\"query-input\":{\"@type\":\"PropertyValueSpecification\",\"valueRequired\":true,\"valueName\":\"search_term_string\"}}],\"inLanguage\":\"fr-FR\"},{\"@type\":\"Organization\",\"@id\":\"https:\\\/\\\/abc-latina.com\\\/#organization\",\"name\":\"Abc-latina\",\"url\":\"https:\\\/\\\/abc-latina.com\\\/\",\"logo\":{\"@type\":\"ImageObject\",\"inLanguage\":\"fr-FR\",\"@id\":\"https:\\\/\\\/abc-latina.com\\\/#\\\/schema\\\/logo\\\/image\\\/\",\"url\":\"https:\\\/\\\/abc-latina.com\\\/wp-content\\\/uploads\\\/2026\\\/05\\\/cropped-logo.gif\",\"contentUrl\":\"https:\\\/\\\/abc-latina.com\\\/wp-content\\\/uploads\\\/2026\\\/05\\\/cropped-logo.gif\",\"width\":89,\"height\":84,\"caption\":\"Abc-latina\"},\"image\":{\"@id\":\"https:\\\/\\\/abc-latina.com\\\/#\\\/schema\\\/logo\\\/image\\\/\"}}]}<\/script>\n<!-- \/ Yoast SEO plugin. -->","yoast_head_json":{"title":"La MACA - Abc-latina","description":"La Maca.","robots":{"index":"index","follow":"follow","max-snippet":"max-snippet:-1","max-image-preview":"max-image-preview:large","max-video-preview":"max-video-preview:-1"},"canonical":"https:\/\/abc-latina.com\/index\/maca\/","og_locale":"fr_FR","og_type":"article","og_title":"La MACA - Abc-latina","og_description":"La Maca.","og_url":"https:\/\/abc-latina.com\/index\/maca\/","og_site_name":"Abc-latina","article_modified_time":"2026-04-30T16:24:41+00:00","twitter_card":"summary_large_image","twitter_misc":{"Dur\u00e9e de lecture estim\u00e9e":"5 minutes"},"schema":{"@context":"https:\/\/schema.org","@graph":[{"@type":"WebPage","@id":"https:\/\/abc-latina.com\/index\/maca\/","url":"https:\/\/abc-latina.com\/index\/maca\/","name":"La MACA - Abc-latina","isPartOf":{"@id":"https:\/\/abc-latina.com\/#website"},"datePublished":"2010-07-27T23:56:10+00:00","dateModified":"2026-04-30T16:24:41+00:00","description":"La Maca.","breadcrumb":{"@id":"https:\/\/abc-latina.com\/index\/maca\/#breadcrumb"},"inLanguage":"fr-FR","potentialAction":[{"@type":"ReadAction","target":["https:\/\/abc-latina.com\/index\/maca\/"]}]},{"@type":"BreadcrumbList","@id":"https:\/\/abc-latina.com\/index\/maca\/#breadcrumb","itemListElement":[{"@type":"ListItem","position":1,"name":"Accueil","item":"https:\/\/abc-latina.com\/"},{"@type":"ListItem","position":2,"name":"La MACA"}]},{"@type":"WebSite","@id":"https:\/\/abc-latina.com\/#website","url":"https:\/\/abc-latina.com\/","name":"Abc-latina","description":"","publisher":{"@id":"https:\/\/abc-latina.com\/#organization"},"potentialAction":[{"@type":"SearchAction","target":{"@type":"EntryPoint","urlTemplate":"https:\/\/abc-latina.com\/?s={search_term_string}"},"query-input":{"@type":"PropertyValueSpecification","valueRequired":true,"valueName":"search_term_string"}}],"inLanguage":"fr-FR"},{"@type":"Organization","@id":"https:\/\/abc-latina.com\/#organization","name":"Abc-latina","url":"https:\/\/abc-latina.com\/","logo":{"@type":"ImageObject","inLanguage":"fr-FR","@id":"https:\/\/abc-latina.com\/#\/schema\/logo\/image\/","url":"https:\/\/abc-latina.com\/wp-content\/uploads\/2026\/05\/cropped-logo.gif","contentUrl":"https:\/\/abc-latina.com\/wp-content\/uploads\/2026\/05\/cropped-logo.gif","width":89,"height":84,"caption":"Abc-latina"},"image":{"@id":"https:\/\/abc-latina.com\/#\/schema\/logo\/image\/"}}]}},"_links":{"self":[{"href":"https:\/\/abc-latina.com\/wp-json\/wp\/v2\/pages\/1782","targetHints":{"allow":["GET"]}}],"collection":[{"href":"https:\/\/abc-latina.com\/wp-json\/wp\/v2\/pages"}],"about":[{"href":"https:\/\/abc-latina.com\/wp-json\/wp\/v2\/types\/page"}],"author":[{"embeddable":true,"href":"https:\/\/abc-latina.com\/wp-json\/wp\/v2\/users\/3"}],"replies":[{"embeddable":true,"href":"https:\/\/abc-latina.com\/wp-json\/wp\/v2\/comments?post=1782"}],"version-history":[{"count":1,"href":"https:\/\/abc-latina.com\/wp-json\/wp\/v2\/pages\/1782\/revisions"}],"predecessor-version":[{"id":2991,"href":"https:\/\/abc-latina.com\/wp-json\/wp\/v2\/pages\/1782\/revisions\/2991"}],"up":[{"embeddable":true,"href":"https:\/\/abc-latina.com\/wp-json\/wp\/v2\/pages\/2446"}],"wp:attachment":[{"href":"https:\/\/abc-latina.com\/wp-json\/wp\/v2\/media?parent=1782"}],"curies":[{"name":"wp","href":"https:\/\/api.w.org\/{rel}","templated":true}]}}