{"id":1787,"date":"2010-07-28T02:05:13","date_gmt":"2010-07-28T00:05:13","guid":{"rendered":"http:\/\/abc-latina.com\/puma-php\/"},"modified":"2026-04-30T18:24:41","modified_gmt":"2026-04-30T16:24:41","slug":"puma","status":"publish","type":"page","link":"https:\/\/abc-latina.com\/index\/puma\/","title":{"rendered":"Le PUMA"},"content":{"rendered":"<div><img loading=\"lazy\" decoding=\"async\" class=\" alignright size-full wp-image-1786\" src=\"http:\/\/abc-latina.com\/wp-content\/uploads\/2010\/07\/puma.jpg\" title=\"Le PUMA\" alt=\"\" width=\"220\" vspace=\"9\" hspace=\"15\" height=\"220\" align=\"right\" srcset=\"https:\/\/abc-latina.com\/wp-content\/uploads\/2010\/07\/puma.jpg 220w, https:\/\/abc-latina.com\/wp-content\/uploads\/2010\/07\/puma-150x150.jpg 150w\" sizes=\"auto, (max-width: 220px) 100vw, 220px\" \/>Le <span class=\"tourisme-chapitre\">Puma<\/span> vit en Am\u00e9rique du Nord et vit dans les montagnes, dans les for\u00eats du Canada et d&rsquo;Am\u00e9rique du Sud. Ils vivent aussi dans les for\u00eats tropicales du Br\u00e9sil. Les pumas n&rsquo;occupent pas de tani\u00e8re permanente, sauf pendant la reproduction, et pr\u00e9f\u00e8rent dormir et s&rsquo;abriter dans les grottes, ou la v\u00e9g\u00e9tation \u00e9paisse. Ces f\u00e9lins ne semblent pas g\u00ean\u00e9s par les temp\u00e9ratures extr\u00eames, mais ils quittent les montagnes en hiver pour suivre la migration des cerfs et de leurs autres proies.&nbsp;<\/div>\n<div>Le puma mange et chasse des petits mammif\u00e8res comme : le li\u00e8vre, le raton-laveur ,l&rsquo;\u00e9cureuil. Il peut aussi manger des petits animaux domestiques comme des ch\u00e8vres .<\/div>\n<div>Il a des dent coupantes et des crocs pointus . Pour chasser il se cache dans un arbre ou derri\u00e8re un rocher et quand l&rsquo;animal approche il saute sur sa victime et la d\u00e9vore. Apr\u00e8s l&rsquo;avoir mang\u00e9e, il l&rsquo;enterre et deux ou trois mois plus tard il le d\u00e9terre et finit les restes.<\/div>\n<div>Les jeunes pumas naissent au printemps. Les femelles donneront naissance \u00e0 trois ou quatre jeunes dans une tani\u00e8re tapiss\u00e9e de mousse et de feuilles, bien cach\u00e9e sous un rocher ou dans une grotte. Les port\u00e9es peuvent aller jusqu&rsquo; \u00e0 six jeunes. Les petits pumas naissent aveugles, avec un pelage tachet\u00e9 qui ne dispara\u00eet pas avant six mois. Ils savent chasser vers neuf mois environ ensuite les jeunes pumas peuvent vivre quelque mois ensemble avant de se s\u00e9parer pour \u00e9tablir chacun leur propre territoire .<\/div>\n<div>Les m\u00e2les sont adulte \u00e0 3ans. Les femelles peuvent avoir des petits quand elles ont 2 ans et demi.<\/div>\n<div>L&rsquo;accouplement a lieu toute l&rsquo;ann\u00e9e. Les femelles mettent bas g\u00e9n\u00e9ralement tous les 2 ans.&nbsp;<\/div>\n<div>La gestation dure entre 90- 96 jours et la port\u00e9e contient en g\u00e9n\u00e9ral 3 \u00e0 4 jeunes. Elle peut aller jusqu&rsquo;\u00e0 6.&nbsp;<\/div>\n<div>&nbsp;<\/div>\n<div><span class=\"tsource\">Source: cyberechos.creteil.iufm.fr<\/span><\/div>\n","protected":false},"excerpt":{"rendered":"<p>Le Puma vit en Am\u00e9rique du Nord et vit dans les montagnes, dans les for\u00eats du Canada et d&rsquo;Am\u00e9rique du [&hellip;]<\/p>\n","protected":false},"author":3,"featured_media":1786,"parent":2446,"menu_order":0,"comment_status":"closed","ping_status":"closed","template":"","meta":{"site-sidebar-layout":"default","site-content-layout":"","ast-site-content-layout":"default","site-content-style":"default","site-sidebar-style":"default","ast-global-header-display":"","ast-banner-title-visibility":"","ast-main-header-display":"","ast-hfb-above-header-display":"","ast-hfb-below-header-display":"","ast-hfb-mobile-header-display":"","site-post-title":"","ast-breadcrumbs-content":"","ast-featured-img":"","footer-sml-layout":"","ast-disable-related-posts":"","theme-transparent-header-meta":"","adv-header-id-meta":"","stick-header-meta":"","header-above-stick-meta":"","header-main-stick-meta":"","header-below-stick-meta":"","astra-migrate-meta-layouts":"default","ast-page-background-enabled":"default","ast-page-background-meta":{"desktop":{"background-color":"var(--ast-global-color-5)","background-image":"","background-repeat":"repeat","background-position":"center center","background-size":"auto","background-attachment":"scroll","background-type":"","background-media":"","overlay-type":"","overlay-color":"","overlay-opacity":"","overlay-gradient":""},"tablet":{"background-color":"","background-image":"","background-repeat":"repeat","background-position":"center center","background-size":"auto","background-attachment":"scroll","background-type":"","background-media":"","overlay-type":"","overlay-color":"","overlay-opacity":"","overlay-gradient":""},"mobile":{"background-color":"","background-image":"","background-repeat":"repeat","background-position":"center center","background-size":"auto","background-attachment":"scroll","background-type":"","background-media":"","overlay-type":"","overlay-color":"","overlay-opacity":"","overlay-gradient":""}},"ast-content-background-meta":{"desktop":{"background-color":"var(--ast-global-color-4)","background-image":"","background-repeat":"repeat","background-position":"center center","background-size":"auto","background-attachment":"scroll","background-type":"","background-media":"","overlay-type":"","overlay-color":"","overlay-opacity":"","overlay-gradient":""},"tablet":{"background-color":"var(--ast-global-color-4)","background-image":"","background-repeat":"repeat","background-position":"center center","background-size":"auto","background-attachment":"scroll","background-type":"","background-media":"","overlay-type":"","overlay-color":"","overlay-opacity":"","overlay-gradient":""},"mobile":{"background-color":"var(--ast-global-color-4)","background-image":"","background-repeat":"repeat","background-position":"center center","background-size":"auto","background-attachment":"scroll","background-type":"","background-media":"","overlay-type":"","overlay-color":"","overlay-opacity":"","overlay-gradient":""}},"footnotes":""},"class_list":["post-1787","page","type-page","status-publish","has-post-thumbnail","hentry"],"yoast_head":"<!-- This site is optimized with the Yoast SEO plugin v27.5 - https:\/\/yoast.com\/product\/yoast-seo-wordpress\/ -->\n<title>Le PUMA - Abc-latina<\/title>\n<meta name=\"description\" content=\"Le puma.\" \/>\n<meta name=\"robots\" content=\"index, follow, max-snippet:-1, max-image-preview:large, max-video-preview:-1\" \/>\n<link rel=\"canonical\" href=\"https:\/\/abc-latina.com\/index\/puma\/\" \/>\n<meta property=\"og:locale\" content=\"fr_FR\" \/>\n<meta property=\"og:type\" content=\"article\" \/>\n<meta property=\"og:title\" content=\"Le PUMA - Abc-latina\" \/>\n<meta property=\"og:description\" content=\"Le puma.\" \/>\n<meta property=\"og:url\" content=\"https:\/\/abc-latina.com\/index\/puma\/\" \/>\n<meta property=\"og:site_name\" content=\"Abc-latina\" \/>\n<meta property=\"article:modified_time\" content=\"2026-04-30T16:24:41+00:00\" \/>\n<meta property=\"og:image\" content=\"https:\/\/abc-latina.com\/wp-content\/uploads\/2010\/07\/puma.jpg\" \/>\n\t<meta property=\"og:image:width\" content=\"220\" \/>\n\t<meta property=\"og:image:height\" content=\"220\" \/>\n\t<meta property=\"og:image:type\" content=\"image\/jpeg\" \/>\n<meta name=\"twitter:card\" content=\"summary_large_image\" \/>\n<meta name=\"twitter:label1\" content=\"Dur\u00e9e de lecture estim\u00e9e\" \/>\n\t<meta name=\"twitter:data1\" content=\"2 minutes\" \/>\n<script type=\"application\/ld+json\" class=\"yoast-schema-graph\">{\"@context\":\"https:\\\/\\\/schema.org\",\"@graph\":[{\"@type\":\"WebPage\",\"@id\":\"https:\\\/\\\/abc-latina.com\\\/index\\\/puma\\\/\",\"url\":\"https:\\\/\\\/abc-latina.com\\\/index\\\/puma\\\/\",\"name\":\"Le PUMA - Abc-latina\",\"isPartOf\":{\"@id\":\"https:\\\/\\\/abc-latina.com\\\/#website\"},\"primaryImageOfPage\":{\"@id\":\"https:\\\/\\\/abc-latina.com\\\/index\\\/puma\\\/#primaryimage\"},\"image\":{\"@id\":\"https:\\\/\\\/abc-latina.com\\\/index\\\/puma\\\/#primaryimage\"},\"thumbnailUrl\":\"https:\\\/\\\/abc-latina.com\\\/wp-content\\\/uploads\\\/2010\\\/07\\\/puma.jpg\",\"datePublished\":\"2010-07-28T00:05:13+00:00\",\"dateModified\":\"2026-04-30T16:24:41+00:00\",\"description\":\"Le puma.\",\"breadcrumb\":{\"@id\":\"https:\\\/\\\/abc-latina.com\\\/index\\\/puma\\\/#breadcrumb\"},\"inLanguage\":\"fr-FR\",\"potentialAction\":[{\"@type\":\"ReadAction\",\"target\":[\"https:\\\/\\\/abc-latina.com\\\/index\\\/puma\\\/\"]}]},{\"@type\":\"ImageObject\",\"inLanguage\":\"fr-FR\",\"@id\":\"https:\\\/\\\/abc-latina.com\\\/index\\\/puma\\\/#primaryimage\",\"url\":\"https:\\\/\\\/abc-latina.com\\\/wp-content\\\/uploads\\\/2010\\\/07\\\/puma.jpg\",\"contentUrl\":\"https:\\\/\\\/abc-latina.com\\\/wp-content\\\/uploads\\\/2010\\\/07\\\/puma.jpg\",\"width\":220,\"height\":220,\"caption\":\"Le PUMA\"},{\"@type\":\"BreadcrumbList\",\"@id\":\"https:\\\/\\\/abc-latina.com\\\/index\\\/puma\\\/#breadcrumb\",\"itemListElement\":[{\"@type\":\"ListItem\",\"position\":1,\"name\":\"Accueil\",\"item\":\"https:\\\/\\\/abc-latina.com\\\/\"},{\"@type\":\"ListItem\",\"position\":2,\"name\":\"Le PUMA\"}]},{\"@type\":\"WebSite\",\"@id\":\"https:\\\/\\\/abc-latina.com\\\/#website\",\"url\":\"https:\\\/\\\/abc-latina.com\\\/\",\"name\":\"Abc-latina\",\"description\":\"\",\"publisher\":{\"@id\":\"https:\\\/\\\/abc-latina.com\\\/#organization\"},\"potentialAction\":[{\"@type\":\"SearchAction\",\"target\":{\"@type\":\"EntryPoint\",\"urlTemplate\":\"https:\\\/\\\/abc-latina.com\\\/?s={search_term_string}\"},\"query-input\":{\"@type\":\"PropertyValueSpecification\",\"valueRequired\":true,\"valueName\":\"search_term_string\"}}],\"inLanguage\":\"fr-FR\"},{\"@type\":\"Organization\",\"@id\":\"https:\\\/\\\/abc-latina.com\\\/#organization\",\"name\":\"Abc-latina\",\"url\":\"https:\\\/\\\/abc-latina.com\\\/\",\"logo\":{\"@type\":\"ImageObject\",\"inLanguage\":\"fr-FR\",\"@id\":\"https:\\\/\\\/abc-latina.com\\\/#\\\/schema\\\/logo\\\/image\\\/\",\"url\":\"https:\\\/\\\/abc-latina.com\\\/wp-content\\\/uploads\\\/2026\\\/05\\\/cropped-logo.gif\",\"contentUrl\":\"https:\\\/\\\/abc-latina.com\\\/wp-content\\\/uploads\\\/2026\\\/05\\\/cropped-logo.gif\",\"width\":89,\"height\":84,\"caption\":\"Abc-latina\"},\"image\":{\"@id\":\"https:\\\/\\\/abc-latina.com\\\/#\\\/schema\\\/logo\\\/image\\\/\"}}]}<\/script>\n<!-- \/ Yoast SEO plugin. -->","yoast_head_json":{"title":"Le PUMA - Abc-latina","description":"Le puma.","robots":{"index":"index","follow":"follow","max-snippet":"max-snippet:-1","max-image-preview":"max-image-preview:large","max-video-preview":"max-video-preview:-1"},"canonical":"https:\/\/abc-latina.com\/index\/puma\/","og_locale":"fr_FR","og_type":"article","og_title":"Le PUMA - Abc-latina","og_description":"Le puma.","og_url":"https:\/\/abc-latina.com\/index\/puma\/","og_site_name":"Abc-latina","article_modified_time":"2026-04-30T16:24:41+00:00","og_image":[{"width":220,"height":220,"url":"https:\/\/abc-latina.com\/wp-content\/uploads\/2010\/07\/puma.jpg","type":"image\/jpeg"}],"twitter_card":"summary_large_image","twitter_misc":{"Dur\u00e9e de lecture estim\u00e9e":"2 minutes"},"schema":{"@context":"https:\/\/schema.org","@graph":[{"@type":"WebPage","@id":"https:\/\/abc-latina.com\/index\/puma\/","url":"https:\/\/abc-latina.com\/index\/puma\/","name":"Le PUMA - Abc-latina","isPartOf":{"@id":"https:\/\/abc-latina.com\/#website"},"primaryImageOfPage":{"@id":"https:\/\/abc-latina.com\/index\/puma\/#primaryimage"},"image":{"@id":"https:\/\/abc-latina.com\/index\/puma\/#primaryimage"},"thumbnailUrl":"https:\/\/abc-latina.com\/wp-content\/uploads\/2010\/07\/puma.jpg","datePublished":"2010-07-28T00:05:13+00:00","dateModified":"2026-04-30T16:24:41+00:00","description":"Le puma.","breadcrumb":{"@id":"https:\/\/abc-latina.com\/index\/puma\/#breadcrumb"},"inLanguage":"fr-FR","potentialAction":[{"@type":"ReadAction","target":["https:\/\/abc-latina.com\/index\/puma\/"]}]},{"@type":"ImageObject","inLanguage":"fr-FR","@id":"https:\/\/abc-latina.com\/index\/puma\/#primaryimage","url":"https:\/\/abc-latina.com\/wp-content\/uploads\/2010\/07\/puma.jpg","contentUrl":"https:\/\/abc-latina.com\/wp-content\/uploads\/2010\/07\/puma.jpg","width":220,"height":220,"caption":"Le PUMA"},{"@type":"BreadcrumbList","@id":"https:\/\/abc-latina.com\/index\/puma\/#breadcrumb","itemListElement":[{"@type":"ListItem","position":1,"name":"Accueil","item":"https:\/\/abc-latina.com\/"},{"@type":"ListItem","position":2,"name":"Le PUMA"}]},{"@type":"WebSite","@id":"https:\/\/abc-latina.com\/#website","url":"https:\/\/abc-latina.com\/","name":"Abc-latina","description":"","publisher":{"@id":"https:\/\/abc-latina.com\/#organization"},"potentialAction":[{"@type":"SearchAction","target":{"@type":"EntryPoint","urlTemplate":"https:\/\/abc-latina.com\/?s={search_term_string}"},"query-input":{"@type":"PropertyValueSpecification","valueRequired":true,"valueName":"search_term_string"}}],"inLanguage":"fr-FR"},{"@type":"Organization","@id":"https:\/\/abc-latina.com\/#organization","name":"Abc-latina","url":"https:\/\/abc-latina.com\/","logo":{"@type":"ImageObject","inLanguage":"fr-FR","@id":"https:\/\/abc-latina.com\/#\/schema\/logo\/image\/","url":"https:\/\/abc-latina.com\/wp-content\/uploads\/2026\/05\/cropped-logo.gif","contentUrl":"https:\/\/abc-latina.com\/wp-content\/uploads\/2026\/05\/cropped-logo.gif","width":89,"height":84,"caption":"Abc-latina"},"image":{"@id":"https:\/\/abc-latina.com\/#\/schema\/logo\/image\/"}}]}},"_links":{"self":[{"href":"https:\/\/abc-latina.com\/wp-json\/wp\/v2\/pages\/1787","targetHints":{"allow":["GET"]}}],"collection":[{"href":"https:\/\/abc-latina.com\/wp-json\/wp\/v2\/pages"}],"about":[{"href":"https:\/\/abc-latina.com\/wp-json\/wp\/v2\/types\/page"}],"author":[{"embeddable":true,"href":"https:\/\/abc-latina.com\/wp-json\/wp\/v2\/users\/3"}],"replies":[{"embeddable":true,"href":"https:\/\/abc-latina.com\/wp-json\/wp\/v2\/comments?post=1787"}],"version-history":[{"count":1,"href":"https:\/\/abc-latina.com\/wp-json\/wp\/v2\/pages\/1787\/revisions"}],"predecessor-version":[{"id":2995,"href":"https:\/\/abc-latina.com\/wp-json\/wp\/v2\/pages\/1787\/revisions\/2995"}],"up":[{"embeddable":true,"href":"https:\/\/abc-latina.com\/wp-json\/wp\/v2\/pages\/2446"}],"wp:featuredmedia":[{"embeddable":true,"href":"https:\/\/abc-latina.com\/wp-json\/wp\/v2\/media\/1786"}],"wp:attachment":[{"href":"https:\/\/abc-latina.com\/wp-json\/wp\/v2\/media?parent=1787"}],"curies":[{"name":"wp","href":"https:\/\/api.w.org\/{rel}","templated":true}]}}