{"id":1790,"date":"2010-07-28T02:21:56","date_gmt":"2010-07-28T00:21:56","guid":{"rendered":"http:\/\/abc-latina.com\/peche_sportive-htm-2\/"},"modified":"2026-04-30T18:24:43","modified_gmt":"2026-04-30T16:24:43","slug":"peche_sportive","status":"publish","type":"page","link":"https:\/\/abc-latina.com\/index\/peche_sportive\/","title":{"rendered":"La PECHE SPORTIVE"},"content":{"rendered":"<div><img loading=\"lazy\" decoding=\"async\" class=\" alignright size-full wp-image-1663\" src=\"http:\/\/abc-latina.com\/wp-content\/uploads\/2010\/07\/peche-sportive.jpg\" title=\"PECHE SPORTIVE en AMERIQUE LATINE\" alt=\"PECHE SPORTIVE en AMERIQUE LATINE\" width=\"220\" vspace=\"9\" hspace=\"15\" height=\"220\" align=\"right\" srcset=\"https:\/\/abc-latina.com\/wp-content\/uploads\/2010\/07\/peche-sportive.jpg 220w, https:\/\/abc-latina.com\/wp-content\/uploads\/2010\/07\/peche-sportive-150x150.jpg 150w\" sizes=\"auto, (max-width: 220px) 100vw, 220px\" \/><\/div>\n<div>&nbsp;La <span class=\"tourisme-chapitre\">p\u00eache sportive<\/span> gagne de plus en plus d&rsquo;adeptes dans le monde entier. Ecologiquement correcte et de grand plaisir, elle procure une grande \u00e9motion au p\u00eacheur quand il doit lutter contre le poisson, qui doit \u00eatre rejet\u00e9 \u00e0 l&rsquo;eau une fois pris.<\/div>\n<div>\n<div>L&rsquo;Am\u00e9rique du Sud dispose de quelques parcours de p\u00eache de niveau international, ses c\u00f4tes, ses rivi\u00e8res et ses lacs regorgent d&rsquo;une vie aquatique abondante et vari\u00e9e. Pour la truite, en particulier, le Chili et l&rsquo;Argentine ont peu d&rsquo;\u00e9quivalents dans le monde.<\/div>\n<\/div>\n<div>&nbsp;<\/div>\n<div><span class=\"tourisme-chapitre\">BRESIL<\/span><\/div>\n<div>Pour les amateurs de p\u00eache sportive dans les grands fleuves br\u00e9siliens (Amazonie &hellip;), il est possible de trouver des poissons qui luttent tels que le tucunar\u00e9-a\u00e7u, le dourado et la jatuarana. Pour qui pr\u00e9f\u00e8re la p\u00eache oc\u00e9anique, le Br\u00e9sil offre plus de 8 mille kilom\u00e8tres de littoral. C&rsquo;est un espace suffisant pour rencontrer les puissants espadons, xar\u00e9us, marlins et wahoos.<\/div>\n<div>[<a href=\"https:\/\/www.abc-latina.com\/bresil\/tourisme\/peche_sportive\">en savoir plus<\/a>]<\/div>\n<div>&nbsp;<\/div>\n<div><span class=\"tourisme-chapitre\">PEROU<\/span><\/div>\n<div>Les mers p\u00e9ruviennes offrent de nombreuses proies aux amateurs de la p\u00eache: thons, bars, soles, corbeaux de mer, chitas, m\u00e9rous et m\u00eame des merlans noirs. L&rsquo;\u00e9crivain Ernest Hemingway a \u00e9t\u00e9 un visiteur assidu du littoral p\u00e9ruvien dont ses grands poissons ont \u00e9t\u00e9 la source d&rsquo;inspiration de son fameux roman Le vieil homme et la mer.<\/div>\n<div>[<a href=\"https:\/\/www.abc-latina.com\/perou\/tourisme\/peche_sportive\">en savoir plus<\/a>]<\/div>\n<div>&nbsp;<\/div>\n<div><span class=\"tourisme-chapitre\">MEXIQUE<\/span><\/div>\n<div>L&rsquo;infrastructure touristique rend possible aujourd&rsquo;hui la p\u00eache sur de nombreux sites au Mexique, connus dans le monde entier pour ses tournois internationaux de p\u00eache du poisson espadon-voilier. Les eaux du Golfe du Mexique, du Pacifique, de la Mer de Cort\u00e9s et de la Cara\u00efbe sont ad\u00e9quats tant pour les p\u00eacheurs amateurs que pour les experts.<\/div>\n<div>[<a href=\"https:\/\/www.abc-latina.com\/mexique\/tourisme\/peche_sportive\">en savoir plus<\/a>]<\/div>\n<div>&nbsp;<\/div>\n<div><span class=\"tourisme-chapitre\">ARGENTINE<\/span><\/div>\n<div>L&rsquo; Argentine offre d&rsquo;excellentes opportunit\u00e9s en ce qui concerne la p\u00eache, que ce soit sur ses 3.600 km de c\u00f4te atlantique, dans les rivi\u00e8res ou dans les lacs.<\/div>\n<div>[<a href=\"https:\/\/www.abc-latina.com\/argentine\/tourisme\/peche_sportive.php\">en savoir plus<\/a>]<\/div>\n<p>&nbsp;<\/p>\n","protected":false},"excerpt":{"rendered":"<p>&nbsp;La p\u00eache sportive gagne de plus en plus d&rsquo;adeptes dans le monde entier. Ecologiquement correcte et de grand plaisir, elle [&hellip;]<\/p>\n","protected":false},"author":3,"featured_media":1663,"parent":2464,"menu_order":0,"comment_status":"closed","ping_status":"closed","template":"","meta":{"site-sidebar-layout":"default","site-content-layout":"","ast-site-content-layout":"default","site-content-style":"default","site-sidebar-style":"default","ast-global-header-display":"","ast-banner-title-visibility":"","ast-main-header-display":"","ast-hfb-above-header-display":"","ast-hfb-below-header-display":"","ast-hfb-mobile-header-display":"","site-post-title":"","ast-breadcrumbs-content":"","ast-featured-img":"","footer-sml-layout":"","ast-disable-related-posts":"","theme-transparent-header-meta":"","adv-header-id-meta":"","stick-header-meta":"","header-above-stick-meta":"","header-main-stick-meta":"","header-below-stick-meta":"","astra-migrate-meta-layouts":"default","ast-page-background-enabled":"default","ast-page-background-meta":{"desktop":{"background-color":"var(--ast-global-color-5)","background-image":"","background-repeat":"repeat","background-position":"center center","background-size":"auto","background-attachment":"scroll","background-type":"","background-media":"","overlay-type":"","overlay-color":"","overlay-opacity":"","overlay-gradient":""},"tablet":{"background-color":"","background-image":"","background-repeat":"repeat","background-position":"center center","background-size":"auto","background-attachment":"scroll","background-type":"","background-media":"","overlay-type":"","overlay-color":"","overlay-opacity":"","overlay-gradient":""},"mobile":{"background-color":"","background-image":"","background-repeat":"repeat","background-position":"center center","background-size":"auto","background-attachment":"scroll","background-type":"","background-media":"","overlay-type":"","overlay-color":"","overlay-opacity":"","overlay-gradient":""}},"ast-content-background-meta":{"desktop":{"background-color":"var(--ast-global-color-4)","background-image":"","background-repeat":"repeat","background-position":"center center","background-size":"auto","background-attachment":"scroll","background-type":"","background-media":"","overlay-type":"","overlay-color":"","overlay-opacity":"","overlay-gradient":""},"tablet":{"background-color":"var(--ast-global-color-4)","background-image":"","background-repeat":"repeat","background-position":"center center","background-size":"auto","background-attachment":"scroll","background-type":"","background-media":"","overlay-type":"","overlay-color":"","overlay-opacity":"","overlay-gradient":""},"mobile":{"background-color":"var(--ast-global-color-4)","background-image":"","background-repeat":"repeat","background-position":"center center","background-size":"auto","background-attachment":"scroll","background-type":"","background-media":"","overlay-type":"","overlay-color":"","overlay-opacity":"","overlay-gradient":""}},"footnotes":""},"class_list":["post-1790","page","type-page","status-publish","has-post-thumbnail","hentry"],"yoast_head":"<!-- This site is optimized with the Yoast SEO plugin v27.5 - https:\/\/yoast.com\/product\/yoast-seo-wordpress\/ -->\n<title>La PECHE SPORTIVE - Abc-latina<\/title>\n<meta name=\"description\" content=\"La p\u00eache sportive en Am\u00e9rique latine.\" \/>\n<meta name=\"robots\" content=\"index, follow, max-snippet:-1, max-image-preview:large, max-video-preview:-1\" \/>\n<link rel=\"canonical\" href=\"https:\/\/abc-latina.com\/index\/peche_sportive\/\" \/>\n<meta property=\"og:locale\" content=\"fr_FR\" \/>\n<meta property=\"og:type\" content=\"article\" \/>\n<meta property=\"og:title\" content=\"La PECHE SPORTIVE - Abc-latina\" \/>\n<meta property=\"og:description\" content=\"La p\u00eache sportive en Am\u00e9rique latine.\" \/>\n<meta property=\"og:url\" content=\"https:\/\/abc-latina.com\/index\/peche_sportive\/\" \/>\n<meta property=\"og:site_name\" content=\"Abc-latina\" \/>\n<meta property=\"article:modified_time\" content=\"2026-04-30T16:24:43+00:00\" \/>\n<meta property=\"og:image\" content=\"https:\/\/abc-latina.com\/wp-content\/uploads\/2010\/07\/peche-sportive.jpg\" \/>\n\t<meta property=\"og:image:width\" content=\"220\" \/>\n\t<meta property=\"og:image:height\" content=\"220\" \/>\n\t<meta property=\"og:image:type\" content=\"image\/jpeg\" \/>\n<meta name=\"twitter:card\" content=\"summary_large_image\" \/>\n<meta name=\"twitter:label1\" content=\"Dur\u00e9e de lecture estim\u00e9e\" \/>\n\t<meta name=\"twitter:data1\" content=\"2 minutes\" \/>\n<script type=\"application\/ld+json\" class=\"yoast-schema-graph\">{\"@context\":\"https:\\\/\\\/schema.org\",\"@graph\":[{\"@type\":\"WebPage\",\"@id\":\"https:\\\/\\\/abc-latina.com\\\/index\\\/peche_sportive\\\/\",\"url\":\"https:\\\/\\\/abc-latina.com\\\/index\\\/peche_sportive\\\/\",\"name\":\"La PECHE SPORTIVE - Abc-latina\",\"isPartOf\":{\"@id\":\"https:\\\/\\\/abc-latina.com\\\/#website\"},\"primaryImageOfPage\":{\"@id\":\"https:\\\/\\\/abc-latina.com\\\/index\\\/peche_sportive\\\/#primaryimage\"},\"image\":{\"@id\":\"https:\\\/\\\/abc-latina.com\\\/index\\\/peche_sportive\\\/#primaryimage\"},\"thumbnailUrl\":\"https:\\\/\\\/abc-latina.com\\\/wp-content\\\/uploads\\\/2010\\\/07\\\/peche-sportive.jpg\",\"datePublished\":\"2010-07-28T00:21:56+00:00\",\"dateModified\":\"2026-04-30T16:24:43+00:00\",\"description\":\"La p\u00eache sportive en Am\u00e9rique latine.\",\"breadcrumb\":{\"@id\":\"https:\\\/\\\/abc-latina.com\\\/index\\\/peche_sportive\\\/#breadcrumb\"},\"inLanguage\":\"fr-FR\",\"potentialAction\":[{\"@type\":\"ReadAction\",\"target\":[\"https:\\\/\\\/abc-latina.com\\\/index\\\/peche_sportive\\\/\"]}]},{\"@type\":\"ImageObject\",\"inLanguage\":\"fr-FR\",\"@id\":\"https:\\\/\\\/abc-latina.com\\\/index\\\/peche_sportive\\\/#primaryimage\",\"url\":\"https:\\\/\\\/abc-latina.com\\\/wp-content\\\/uploads\\\/2010\\\/07\\\/peche-sportive.jpg\",\"contentUrl\":\"https:\\\/\\\/abc-latina.com\\\/wp-content\\\/uploads\\\/2010\\\/07\\\/peche-sportive.jpg\",\"width\":220,\"height\":220,\"caption\":\"LA PECHE SPORTIVE AU PEROU\"},{\"@type\":\"BreadcrumbList\",\"@id\":\"https:\\\/\\\/abc-latina.com\\\/index\\\/peche_sportive\\\/#breadcrumb\",\"itemListElement\":[{\"@type\":\"ListItem\",\"position\":1,\"name\":\"Accueil\",\"item\":\"https:\\\/\\\/abc-latina.com\\\/\"},{\"@type\":\"ListItem\",\"position\":2,\"name\":\"La PECHE SPORTIVE\"}]},{\"@type\":\"WebSite\",\"@id\":\"https:\\\/\\\/abc-latina.com\\\/#website\",\"url\":\"https:\\\/\\\/abc-latina.com\\\/\",\"name\":\"Abc-latina\",\"description\":\"\",\"publisher\":{\"@id\":\"https:\\\/\\\/abc-latina.com\\\/#organization\"},\"potentialAction\":[{\"@type\":\"SearchAction\",\"target\":{\"@type\":\"EntryPoint\",\"urlTemplate\":\"https:\\\/\\\/abc-latina.com\\\/?s={search_term_string}\"},\"query-input\":{\"@type\":\"PropertyValueSpecification\",\"valueRequired\":true,\"valueName\":\"search_term_string\"}}],\"inLanguage\":\"fr-FR\"},{\"@type\":\"Organization\",\"@id\":\"https:\\\/\\\/abc-latina.com\\\/#organization\",\"name\":\"Abc-latina\",\"url\":\"https:\\\/\\\/abc-latina.com\\\/\",\"logo\":{\"@type\":\"ImageObject\",\"inLanguage\":\"fr-FR\",\"@id\":\"https:\\\/\\\/abc-latina.com\\\/#\\\/schema\\\/logo\\\/image\\\/\",\"url\":\"https:\\\/\\\/abc-latina.com\\\/wp-content\\\/uploads\\\/2026\\\/05\\\/cropped-logo.gif\",\"contentUrl\":\"https:\\\/\\\/abc-latina.com\\\/wp-content\\\/uploads\\\/2026\\\/05\\\/cropped-logo.gif\",\"width\":89,\"height\":84,\"caption\":\"Abc-latina\"},\"image\":{\"@id\":\"https:\\\/\\\/abc-latina.com\\\/#\\\/schema\\\/logo\\\/image\\\/\"}}]}<\/script>\n<!-- \/ Yoast SEO plugin. -->","yoast_head_json":{"title":"La PECHE SPORTIVE - Abc-latina","description":"La p\u00eache sportive en Am\u00e9rique latine.","robots":{"index":"index","follow":"follow","max-snippet":"max-snippet:-1","max-image-preview":"max-image-preview:large","max-video-preview":"max-video-preview:-1"},"canonical":"https:\/\/abc-latina.com\/index\/peche_sportive\/","og_locale":"fr_FR","og_type":"article","og_title":"La PECHE SPORTIVE - Abc-latina","og_description":"La p\u00eache sportive en Am\u00e9rique latine.","og_url":"https:\/\/abc-latina.com\/index\/peche_sportive\/","og_site_name":"Abc-latina","article_modified_time":"2026-04-30T16:24:43+00:00","og_image":[{"width":220,"height":220,"url":"https:\/\/abc-latina.com\/wp-content\/uploads\/2010\/07\/peche-sportive.jpg","type":"image\/jpeg"}],"twitter_card":"summary_large_image","twitter_misc":{"Dur\u00e9e de lecture estim\u00e9e":"2 minutes"},"schema":{"@context":"https:\/\/schema.org","@graph":[{"@type":"WebPage","@id":"https:\/\/abc-latina.com\/index\/peche_sportive\/","url":"https:\/\/abc-latina.com\/index\/peche_sportive\/","name":"La PECHE SPORTIVE - Abc-latina","isPartOf":{"@id":"https:\/\/abc-latina.com\/#website"},"primaryImageOfPage":{"@id":"https:\/\/abc-latina.com\/index\/peche_sportive\/#primaryimage"},"image":{"@id":"https:\/\/abc-latina.com\/index\/peche_sportive\/#primaryimage"},"thumbnailUrl":"https:\/\/abc-latina.com\/wp-content\/uploads\/2010\/07\/peche-sportive.jpg","datePublished":"2010-07-28T00:21:56+00:00","dateModified":"2026-04-30T16:24:43+00:00","description":"La p\u00eache sportive en Am\u00e9rique latine.","breadcrumb":{"@id":"https:\/\/abc-latina.com\/index\/peche_sportive\/#breadcrumb"},"inLanguage":"fr-FR","potentialAction":[{"@type":"ReadAction","target":["https:\/\/abc-latina.com\/index\/peche_sportive\/"]}]},{"@type":"ImageObject","inLanguage":"fr-FR","@id":"https:\/\/abc-latina.com\/index\/peche_sportive\/#primaryimage","url":"https:\/\/abc-latina.com\/wp-content\/uploads\/2010\/07\/peche-sportive.jpg","contentUrl":"https:\/\/abc-latina.com\/wp-content\/uploads\/2010\/07\/peche-sportive.jpg","width":220,"height":220,"caption":"LA PECHE SPORTIVE AU PEROU"},{"@type":"BreadcrumbList","@id":"https:\/\/abc-latina.com\/index\/peche_sportive\/#breadcrumb","itemListElement":[{"@type":"ListItem","position":1,"name":"Accueil","item":"https:\/\/abc-latina.com\/"},{"@type":"ListItem","position":2,"name":"La PECHE SPORTIVE"}]},{"@type":"WebSite","@id":"https:\/\/abc-latina.com\/#website","url":"https:\/\/abc-latina.com\/","name":"Abc-latina","description":"","publisher":{"@id":"https:\/\/abc-latina.com\/#organization"},"potentialAction":[{"@type":"SearchAction","target":{"@type":"EntryPoint","urlTemplate":"https:\/\/abc-latina.com\/?s={search_term_string}"},"query-input":{"@type":"PropertyValueSpecification","valueRequired":true,"valueName":"search_term_string"}}],"inLanguage":"fr-FR"},{"@type":"Organization","@id":"https:\/\/abc-latina.com\/#organization","name":"Abc-latina","url":"https:\/\/abc-latina.com\/","logo":{"@type":"ImageObject","inLanguage":"fr-FR","@id":"https:\/\/abc-latina.com\/#\/schema\/logo\/image\/","url":"https:\/\/abc-latina.com\/wp-content\/uploads\/2026\/05\/cropped-logo.gif","contentUrl":"https:\/\/abc-latina.com\/wp-content\/uploads\/2026\/05\/cropped-logo.gif","width":89,"height":84,"caption":"Abc-latina"},"image":{"@id":"https:\/\/abc-latina.com\/#\/schema\/logo\/image\/"}}]}},"_links":{"self":[{"href":"https:\/\/abc-latina.com\/wp-json\/wp\/v2\/pages\/1790","targetHints":{"allow":["GET"]}}],"collection":[{"href":"https:\/\/abc-latina.com\/wp-json\/wp\/v2\/pages"}],"about":[{"href":"https:\/\/abc-latina.com\/wp-json\/wp\/v2\/types\/page"}],"author":[{"embeddable":true,"href":"https:\/\/abc-latina.com\/wp-json\/wp\/v2\/users\/3"}],"replies":[{"embeddable":true,"href":"https:\/\/abc-latina.com\/wp-json\/wp\/v2\/comments?post=1790"}],"version-history":[{"count":1,"href":"https:\/\/abc-latina.com\/wp-json\/wp\/v2\/pages\/1790\/revisions"}],"predecessor-version":[{"id":3025,"href":"https:\/\/abc-latina.com\/wp-json\/wp\/v2\/pages\/1790\/revisions\/3025"}],"up":[{"embeddable":true,"href":"https:\/\/abc-latina.com\/wp-json\/wp\/v2\/pages\/2464"}],"wp:featuredmedia":[{"embeddable":true,"href":"https:\/\/abc-latina.com\/wp-json\/wp\/v2\/media\/1663"}],"wp:attachment":[{"href":"https:\/\/abc-latina.com\/wp-json\/wp\/v2\/media?parent=1790"}],"curies":[{"name":"wp","href":"https:\/\/api.w.org\/{rel}","templated":true}]}}