{"id":1794,"date":"2010-07-28T02:39:51","date_gmt":"2010-07-28T00:39:51","guid":{"rendered":"http:\/\/abc-latina.com\/plongee-htm\/"},"modified":"2026-04-30T18:24:43","modified_gmt":"2026-04-30T16:24:43","slug":"plongee","status":"publish","type":"page","link":"https:\/\/abc-latina.com\/index\/plongee\/","title":{"rendered":"La PLONGEE"},"content":{"rendered":"<p><img loading=\"lazy\" decoding=\"async\" class=\" alignright size-full wp-image-1793\" src=\"http:\/\/abc-latina.com\/wp-content\/uploads\/2010\/07\/plongee-sous-marine.jpg\" title=\"LA PLONGEE SOUS MARINE EN AMERIQUE LATINE\" alt=\"LA PLONGEE SOUS MARINE EN AMERIQUE LATINE\" width=\"220\" vspace=\"9\" hspace=\"15\" height=\"220\" align=\"right\" srcset=\"https:\/\/abc-latina.com\/wp-content\/uploads\/2010\/07\/plongee-sous-marine.jpg 220w, https:\/\/abc-latina.com\/wp-content\/uploads\/2010\/07\/plongee-sous-marine-150x150.jpg 150w\" sizes=\"auto, (max-width: 220px) 100vw, 220px\" \/><\/p>\n<div>&nbsp;<\/div>\n<div>Le continent latino-am\u00e9ricain est riche en lieux propices \u00e0 la pratique de la <span class=\"tourisme-chapitre\">plong\u00e9e sous-marine<\/span>. Qu&rsquo;elle soit &nbsp;sportive et de comp\u00e9tition, \u00e0 des fins historiques ou arch\u00e9ologiques, ou encore professionnelle, chaque ann\u00e9e, la plong\u00e9e sous-marine &nbsp;agite six millions de personnes sur tous les spots de la plan\u00e8te.&nbsp;<\/div>\n<div>&nbsp;<\/div>\n<div>&nbsp;<\/div>\n<div>&nbsp;<\/div>\n<div>&nbsp;<\/div>\n<div><span class=\"tourisme-chapitre\">CUBA<\/span><\/div>\n<div>La pratique de la Plong\u00e9e, avec bouteilles ou en apn\u00e9e, peut se pratiquer presque partout &#8230;&nbsp;<\/div>\n<div>[<a href=\"https:\/\/www.abc-latina.com\/cuba\/tourisme\/plongee\">en savoir plus<\/a>]<\/div>\n<div>&nbsp;<\/div>\n<div><span class=\"tourisme-chapitre\">MEXIQUE<\/span><\/div>\n<div>Le Mexique et plus particuli\u00e8rement, certains sites de la Cara\u00efbe mexicaine et le Pacifique sont le paradis pour ceux qui aiment le monde sous-marin &#8230;&nbsp;<\/div>\n<div>[<a href=\"https:\/\/www.abc-latina.com\/mexique\/tourisme\/plongee\">en savoir plus<\/a>]<\/div>\n<div>&nbsp;<\/div>\n<div><span class=\"tourisme-chapitre\">COSTA RICA&nbsp;<\/span><\/div>\n<div>Le rivage qui se d\u00e9roule sur les c\u00f4tes Cara\u00efbe et Pacifique, associ\u00e9 au climat tropical du pays, donne l&rsquo;opportunit\u00e9 de d\u00e9couvrir de fantastiques fonds sous-marin<\/div>\n<div>[<a href=\"https:\/\/www.abc-latina.com\/costarica\/tourisme\/plongee-sous-marine.php\">en savoir plus<\/a>]<\/div>\n<div>&nbsp;<\/div>\n<div><span class=\"tourisme-chapitre\">BRESIL<\/span><\/div>\n<div>Les sites de plong\u00e9e &#8230;<\/div>\n<div>[<a href=\"https:\/\/www.abc-latina.com\/bresil\/tourisme\/plongee\">en savoir plus<\/a>]<\/div>\n<div>&nbsp;<\/div>\n<div><span class=\"tourisme-chapitre\">ARGENTINE<\/span><\/div>\n<div>Elle est moins &quot;exotique&quot; que dans d&rsquo;autres pays latino-am\u00e9ricains, c&rsquo;est dans la r\u00e9gion de Puerto Madryn et la p\u00e9ninsule Vald\u00e9s qu&rsquo;elle est pratiqu\u00e9e et reconnue pour sa faune marine.<\/div>\n<div>[<a href=\"https:\/\/www.abc-latina.com\/argentine\/tourisme\/plongee-sous-marine.php\">en savoir plus<\/a>]<\/div>\n<div>&nbsp;<\/div>\n<div><span class=\"tourisme-chapitre\">COLOMBIE&nbsp;<\/span><\/div>\n<div>En Colombie, La c\u00f4te cara\u00efbe et ses iles sont l&rsquo;endroit r\u00eav\u00e9 pour s&rsquo;adonner aux plaisirs de la pong\u00e9e sous marine.&nbsp;<br \/>[<a href=\"https:\/\/www.abc-latina.com\/colombie\/plongee-sous-marine-en-colombie\">en savoir plus<\/a>]<\/div>\n","protected":false},"excerpt":{"rendered":"<p>&nbsp; Le continent latino-am\u00e9ricain est riche en lieux propices \u00e0 la pratique de la plong\u00e9e sous-marine. Qu&rsquo;elle soit &nbsp;sportive et [&hellip;]<\/p>\n","protected":false},"author":3,"featured_media":1793,"parent":2464,"menu_order":0,"comment_status":"closed","ping_status":"closed","template":"","meta":{"site-sidebar-layout":"default","site-content-layout":"","ast-site-content-layout":"default","site-content-style":"default","site-sidebar-style":"default","ast-global-header-display":"","ast-banner-title-visibility":"","ast-main-header-display":"","ast-hfb-above-header-display":"","ast-hfb-below-header-display":"","ast-hfb-mobile-header-display":"","site-post-title":"","ast-breadcrumbs-content":"","ast-featured-img":"","footer-sml-layout":"","ast-disable-related-posts":"","theme-transparent-header-meta":"","adv-header-id-meta":"","stick-header-meta":"","header-above-stick-meta":"","header-main-stick-meta":"","header-below-stick-meta":"","astra-migrate-meta-layouts":"default","ast-page-background-enabled":"default","ast-page-background-meta":{"desktop":{"background-color":"var(--ast-global-color-5)","background-image":"","background-repeat":"repeat","background-position":"center center","background-size":"auto","background-attachment":"scroll","background-type":"","background-media":"","overlay-type":"","overlay-color":"","overlay-opacity":"","overlay-gradient":""},"tablet":{"background-color":"","background-image":"","background-repeat":"repeat","background-position":"center center","background-size":"auto","background-attachment":"scroll","background-type":"","background-media":"","overlay-type":"","overlay-color":"","overlay-opacity":"","overlay-gradient":""},"mobile":{"background-color":"","background-image":"","background-repeat":"repeat","background-position":"center center","background-size":"auto","background-attachment":"scroll","background-type":"","background-media":"","overlay-type":"","overlay-color":"","overlay-opacity":"","overlay-gradient":""}},"ast-content-background-meta":{"desktop":{"background-color":"var(--ast-global-color-4)","background-image":"","background-repeat":"repeat","background-position":"center center","background-size":"auto","background-attachment":"scroll","background-type":"","background-media":"","overlay-type":"","overlay-color":"","overlay-opacity":"","overlay-gradient":""},"tablet":{"background-color":"var(--ast-global-color-4)","background-image":"","background-repeat":"repeat","background-position":"center center","background-size":"auto","background-attachment":"scroll","background-type":"","background-media":"","overlay-type":"","overlay-color":"","overlay-opacity":"","overlay-gradient":""},"mobile":{"background-color":"var(--ast-global-color-4)","background-image":"","background-repeat":"repeat","background-position":"center center","background-size":"auto","background-attachment":"scroll","background-type":"","background-media":"","overlay-type":"","overlay-color":"","overlay-opacity":"","overlay-gradient":""}},"footnotes":""},"class_list":["post-1794","page","type-page","status-publish","has-post-thumbnail","hentry"],"yoast_head":"<!-- This site is optimized with the Yoast SEO plugin v27.5 - https:\/\/yoast.com\/product\/yoast-seo-wordpress\/ -->\n<title>La PLONGEE - Abc-latina<\/title>\n<meta name=\"description\" content=\"Pratiquer la plong\u00e9e sous-marine en Am\u00e9rique latine. Les sites de plong\u00e9e.\" \/>\n<meta name=\"robots\" content=\"index, follow, max-snippet:-1, max-image-preview:large, max-video-preview:-1\" \/>\n<link rel=\"canonical\" href=\"https:\/\/abc-latina.com\/index\/plongee\/\" \/>\n<meta property=\"og:locale\" content=\"fr_FR\" \/>\n<meta property=\"og:type\" content=\"article\" \/>\n<meta property=\"og:title\" content=\"La PLONGEE - Abc-latina\" \/>\n<meta property=\"og:description\" content=\"Pratiquer la plong\u00e9e sous-marine en Am\u00e9rique latine. Les sites de plong\u00e9e.\" \/>\n<meta property=\"og:url\" content=\"https:\/\/abc-latina.com\/index\/plongee\/\" \/>\n<meta property=\"og:site_name\" content=\"Abc-latina\" \/>\n<meta property=\"article:modified_time\" content=\"2026-04-30T16:24:43+00:00\" \/>\n<meta property=\"og:image\" content=\"https:\/\/abc-latina.com\/wp-content\/uploads\/2010\/07\/plongee-sous-marine.jpg\" \/>\n\t<meta property=\"og:image:width\" content=\"220\" \/>\n\t<meta property=\"og:image:height\" content=\"220\" \/>\n\t<meta property=\"og:image:type\" content=\"image\/jpeg\" \/>\n<meta name=\"twitter:card\" content=\"summary_large_image\" \/>\n<meta name=\"twitter:label1\" content=\"Dur\u00e9e de lecture estim\u00e9e\" \/>\n\t<meta name=\"twitter:data1\" content=\"1 minute\" \/>\n<script type=\"application\/ld+json\" class=\"yoast-schema-graph\">{\"@context\":\"https:\\\/\\\/schema.org\",\"@graph\":[{\"@type\":\"WebPage\",\"@id\":\"https:\\\/\\\/abc-latina.com\\\/index\\\/plongee\\\/\",\"url\":\"https:\\\/\\\/abc-latina.com\\\/index\\\/plongee\\\/\",\"name\":\"La PLONGEE - Abc-latina\",\"isPartOf\":{\"@id\":\"https:\\\/\\\/abc-latina.com\\\/#website\"},\"primaryImageOfPage\":{\"@id\":\"https:\\\/\\\/abc-latina.com\\\/index\\\/plongee\\\/#primaryimage\"},\"image\":{\"@id\":\"https:\\\/\\\/abc-latina.com\\\/index\\\/plongee\\\/#primaryimage\"},\"thumbnailUrl\":\"https:\\\/\\\/abc-latina.com\\\/wp-content\\\/uploads\\\/2010\\\/07\\\/plongee-sous-marine.jpg\",\"datePublished\":\"2010-07-28T00:39:51+00:00\",\"dateModified\":\"2026-04-30T16:24:43+00:00\",\"description\":\"Pratiquer la plong\u00e9e sous-marine en Am\u00e9rique latine. Les sites de plong\u00e9e.\",\"breadcrumb\":{\"@id\":\"https:\\\/\\\/abc-latina.com\\\/index\\\/plongee\\\/#breadcrumb\"},\"inLanguage\":\"fr-FR\",\"potentialAction\":[{\"@type\":\"ReadAction\",\"target\":[\"https:\\\/\\\/abc-latina.com\\\/index\\\/plongee\\\/\"]}]},{\"@type\":\"ImageObject\",\"inLanguage\":\"fr-FR\",\"@id\":\"https:\\\/\\\/abc-latina.com\\\/index\\\/plongee\\\/#primaryimage\",\"url\":\"https:\\\/\\\/abc-latina.com\\\/wp-content\\\/uploads\\\/2010\\\/07\\\/plongee-sous-marine.jpg\",\"contentUrl\":\"https:\\\/\\\/abc-latina.com\\\/wp-content\\\/uploads\\\/2010\\\/07\\\/plongee-sous-marine.jpg\",\"width\":220,\"height\":220,\"caption\":\"LA PLONGEE SOUS MARINE EN AMERIQUE LATINE\"},{\"@type\":\"BreadcrumbList\",\"@id\":\"https:\\\/\\\/abc-latina.com\\\/index\\\/plongee\\\/#breadcrumb\",\"itemListElement\":[{\"@type\":\"ListItem\",\"position\":1,\"name\":\"Accueil\",\"item\":\"https:\\\/\\\/abc-latina.com\\\/\"},{\"@type\":\"ListItem\",\"position\":2,\"name\":\"La PLONGEE\"}]},{\"@type\":\"WebSite\",\"@id\":\"https:\\\/\\\/abc-latina.com\\\/#website\",\"url\":\"https:\\\/\\\/abc-latina.com\\\/\",\"name\":\"Abc-latina\",\"description\":\"\",\"publisher\":{\"@id\":\"https:\\\/\\\/abc-latina.com\\\/#organization\"},\"potentialAction\":[{\"@type\":\"SearchAction\",\"target\":{\"@type\":\"EntryPoint\",\"urlTemplate\":\"https:\\\/\\\/abc-latina.com\\\/?s={search_term_string}\"},\"query-input\":{\"@type\":\"PropertyValueSpecification\",\"valueRequired\":true,\"valueName\":\"search_term_string\"}}],\"inLanguage\":\"fr-FR\"},{\"@type\":\"Organization\",\"@id\":\"https:\\\/\\\/abc-latina.com\\\/#organization\",\"name\":\"Abc-latina\",\"url\":\"https:\\\/\\\/abc-latina.com\\\/\",\"logo\":{\"@type\":\"ImageObject\",\"inLanguage\":\"fr-FR\",\"@id\":\"https:\\\/\\\/abc-latina.com\\\/#\\\/schema\\\/logo\\\/image\\\/\",\"url\":\"https:\\\/\\\/abc-latina.com\\\/wp-content\\\/uploads\\\/2026\\\/05\\\/cropped-logo.gif\",\"contentUrl\":\"https:\\\/\\\/abc-latina.com\\\/wp-content\\\/uploads\\\/2026\\\/05\\\/cropped-logo.gif\",\"width\":89,\"height\":84,\"caption\":\"Abc-latina\"},\"image\":{\"@id\":\"https:\\\/\\\/abc-latina.com\\\/#\\\/schema\\\/logo\\\/image\\\/\"}}]}<\/script>\n<!-- \/ Yoast SEO plugin. -->","yoast_head_json":{"title":"La PLONGEE - Abc-latina","description":"Pratiquer la plong\u00e9e sous-marine en Am\u00e9rique latine. Les sites de plong\u00e9e.","robots":{"index":"index","follow":"follow","max-snippet":"max-snippet:-1","max-image-preview":"max-image-preview:large","max-video-preview":"max-video-preview:-1"},"canonical":"https:\/\/abc-latina.com\/index\/plongee\/","og_locale":"fr_FR","og_type":"article","og_title":"La PLONGEE - Abc-latina","og_description":"Pratiquer la plong\u00e9e sous-marine en Am\u00e9rique latine. Les sites de plong\u00e9e.","og_url":"https:\/\/abc-latina.com\/index\/plongee\/","og_site_name":"Abc-latina","article_modified_time":"2026-04-30T16:24:43+00:00","og_image":[{"width":220,"height":220,"url":"https:\/\/abc-latina.com\/wp-content\/uploads\/2010\/07\/plongee-sous-marine.jpg","type":"image\/jpeg"}],"twitter_card":"summary_large_image","twitter_misc":{"Dur\u00e9e de lecture estim\u00e9e":"1 minute"},"schema":{"@context":"https:\/\/schema.org","@graph":[{"@type":"WebPage","@id":"https:\/\/abc-latina.com\/index\/plongee\/","url":"https:\/\/abc-latina.com\/index\/plongee\/","name":"La PLONGEE - Abc-latina","isPartOf":{"@id":"https:\/\/abc-latina.com\/#website"},"primaryImageOfPage":{"@id":"https:\/\/abc-latina.com\/index\/plongee\/#primaryimage"},"image":{"@id":"https:\/\/abc-latina.com\/index\/plongee\/#primaryimage"},"thumbnailUrl":"https:\/\/abc-latina.com\/wp-content\/uploads\/2010\/07\/plongee-sous-marine.jpg","datePublished":"2010-07-28T00:39:51+00:00","dateModified":"2026-04-30T16:24:43+00:00","description":"Pratiquer la plong\u00e9e sous-marine en Am\u00e9rique latine. Les sites de plong\u00e9e.","breadcrumb":{"@id":"https:\/\/abc-latina.com\/index\/plongee\/#breadcrumb"},"inLanguage":"fr-FR","potentialAction":[{"@type":"ReadAction","target":["https:\/\/abc-latina.com\/index\/plongee\/"]}]},{"@type":"ImageObject","inLanguage":"fr-FR","@id":"https:\/\/abc-latina.com\/index\/plongee\/#primaryimage","url":"https:\/\/abc-latina.com\/wp-content\/uploads\/2010\/07\/plongee-sous-marine.jpg","contentUrl":"https:\/\/abc-latina.com\/wp-content\/uploads\/2010\/07\/plongee-sous-marine.jpg","width":220,"height":220,"caption":"LA PLONGEE SOUS MARINE EN AMERIQUE LATINE"},{"@type":"BreadcrumbList","@id":"https:\/\/abc-latina.com\/index\/plongee\/#breadcrumb","itemListElement":[{"@type":"ListItem","position":1,"name":"Accueil","item":"https:\/\/abc-latina.com\/"},{"@type":"ListItem","position":2,"name":"La PLONGEE"}]},{"@type":"WebSite","@id":"https:\/\/abc-latina.com\/#website","url":"https:\/\/abc-latina.com\/","name":"Abc-latina","description":"","publisher":{"@id":"https:\/\/abc-latina.com\/#organization"},"potentialAction":[{"@type":"SearchAction","target":{"@type":"EntryPoint","urlTemplate":"https:\/\/abc-latina.com\/?s={search_term_string}"},"query-input":{"@type":"PropertyValueSpecification","valueRequired":true,"valueName":"search_term_string"}}],"inLanguage":"fr-FR"},{"@type":"Organization","@id":"https:\/\/abc-latina.com\/#organization","name":"Abc-latina","url":"https:\/\/abc-latina.com\/","logo":{"@type":"ImageObject","inLanguage":"fr-FR","@id":"https:\/\/abc-latina.com\/#\/schema\/logo\/image\/","url":"https:\/\/abc-latina.com\/wp-content\/uploads\/2026\/05\/cropped-logo.gif","contentUrl":"https:\/\/abc-latina.com\/wp-content\/uploads\/2026\/05\/cropped-logo.gif","width":89,"height":84,"caption":"Abc-latina"},"image":{"@id":"https:\/\/abc-latina.com\/#\/schema\/logo\/image\/"}}]}},"_links":{"self":[{"href":"https:\/\/abc-latina.com\/wp-json\/wp\/v2\/pages\/1794","targetHints":{"allow":["GET"]}}],"collection":[{"href":"https:\/\/abc-latina.com\/wp-json\/wp\/v2\/pages"}],"about":[{"href":"https:\/\/abc-latina.com\/wp-json\/wp\/v2\/types\/page"}],"author":[{"embeddable":true,"href":"https:\/\/abc-latina.com\/wp-json\/wp\/v2\/users\/3"}],"replies":[{"embeddable":true,"href":"https:\/\/abc-latina.com\/wp-json\/wp\/v2\/comments?post=1794"}],"version-history":[{"count":1,"href":"https:\/\/abc-latina.com\/wp-json\/wp\/v2\/pages\/1794\/revisions"}],"predecessor-version":[{"id":3027,"href":"https:\/\/abc-latina.com\/wp-json\/wp\/v2\/pages\/1794\/revisions\/3027"}],"up":[{"embeddable":true,"href":"https:\/\/abc-latina.com\/wp-json\/wp\/v2\/pages\/2464"}],"wp:featuredmedia":[{"embeddable":true,"href":"https:\/\/abc-latina.com\/wp-json\/wp\/v2\/media\/1793"}],"wp:attachment":[{"href":"https:\/\/abc-latina.com\/wp-json\/wp\/v2\/media?parent=1794"}],"curies":[{"name":"wp","href":"https:\/\/api.w.org\/{rel}","templated":true}]}}