{"id":1802,"date":"2010-07-29T05:56:08","date_gmt":"2010-07-29T03:56:08","guid":{"rendered":"http:\/\/abc-latina.com\/presidents_guatemala-htm\/"},"modified":"2018-06-10T17:42:24","modified_gmt":"2018-06-10T15:42:24","slug":"presidents_guatemala","status":"publish","type":"page","link":"https:\/\/abc-latina.com\/guatemala\/presidents_guatemala\/","title":{"rendered":"PRESIDENTS du GUATEMALA"},"content":{"rendered":"<div>1844 &#8211; 1865 : &nbsp; &nbsp;Rafael Carrera&nbsp;<\/div>\n<div>1898 &#8211; 1920 : &nbsp; &nbsp;Manuel Estrada Cabrera&nbsp;<\/div>\n<div>1931 &#8211; 1945 : &nbsp; &nbsp;Jorge Ubico&nbsp;<\/div>\n<div>1945 &#8211; 1951 : &nbsp; &nbsp;Juan Jos\u00e9 Arevalo&nbsp;<\/div>\n<div>1951 &#8211; 1954 : &nbsp; &nbsp;Jacobo Arbenz (renvers\u00e9 par un coup d&rsquo;Etat).&nbsp;<\/div>\n<div>1954 &#8211; 1958 : &nbsp; &nbsp;Carlos Castillo Armas&nbsp;<\/div>\n<div>1958 &#8211; 1963 : &nbsp; &nbsp;Jos\u00e9 Miguel Ralon Ydigoras Fuentes&nbsp;<\/div>\n<div>1966 &#8211; 1970 : &nbsp; &nbsp;Julio Cesar Mendez Montenegro&nbsp;<\/div>\n<div>1978 &#8211; 1982 : &nbsp; &nbsp;Fernando Romeo Lucas Garcia<\/div>\n<div>1982 &#8211; 1986 : &nbsp; &nbsp;Jos\u00e9 Efra\u00edn R\u00edos Montt &#8211; Coup d&rsquo;Etat<\/div>\n<div>1986 &#8211; 1991 : &nbsp; &nbsp;Vinicio Cerezo&nbsp;<\/div>\n<div>1991 &#8211; ? : &nbsp; &nbsp; &nbsp; &nbsp; &nbsp;Jorge Serra&nbsp;<\/div>\n<div>1994 &#8211; 1995 : &nbsp; &nbsp;Ramiro de Le\u00f3n Carpio&nbsp;<\/div>\n<div>1996 &#8211; 2000 : &nbsp; &nbsp;<a target=\"_blank\" href=\"https:\/\/www.abc-latina.com\/personnalites\/alvaro_arzu\">Alvaro Arzu<\/a><\/div>\n<div>2000 &#8211; 2004 : &nbsp; &nbsp;<a target=\"_blank\" href=\"https:\/\/www.abc-latina.com\/personnalites\/alfonso_portillo\">Alfonso Portillo<\/a><\/div>\n<div>2004 &#8211; 2008 : &nbsp; \u00d3scar Berger Perdomo<\/div>\n<div>2008 &#8211; 2012 : &nbsp; Alvaro Colom Caballeros<\/div>\n<div>2012 &#8211; 2015 : &nbsp; Otto P\u00e9rez Molina<\/div>\n<div>2015 &#8211; 2016 :&nbsp;&nbsp; Alejandro Maldonado Aguirre<\/div>\n<div>Depuis 2016 :&nbsp;&nbsp; Jimmy Morales<\/div>\n","protected":false},"excerpt":{"rendered":"<p>1844 &#8211; 1865 : &nbsp; &nbsp;Rafael Carrera&nbsp; 1898 &#8211; 1920 : &nbsp; &nbsp;Manuel Estrada Cabrera&nbsp; 1931 &#8211; 1945 : &nbsp; [&hellip;]<\/p>\n","protected":false},"author":3,"featured_media":0,"parent":2305,"menu_order":0,"comment_status":"closed","ping_status":"closed","template":"","meta":{"site-sidebar-layout":"default","site-content-layout":"","ast-site-content-layout":"default","site-content-style":"default","site-sidebar-style":"default","ast-global-header-display":"","ast-banner-title-visibility":"","ast-main-header-display":"","ast-hfb-above-header-display":"","ast-hfb-below-header-display":"","ast-hfb-mobile-header-display":"","site-post-title":"","ast-breadcrumbs-content":"","ast-featured-img":"","footer-sml-layout":"","ast-disable-related-posts":"","theme-transparent-header-meta":"","adv-header-id-meta":"","stick-header-meta":"","header-above-stick-meta":"","header-main-stick-meta":"","header-below-stick-meta":"","astra-migrate-meta-layouts":"default","ast-page-background-enabled":"default","ast-page-background-meta":{"desktop":{"background-color":"var(--ast-global-color-5)","background-image":"","background-repeat":"repeat","background-position":"center center","background-size":"auto","background-attachment":"scroll","background-type":"","background-media":"","overlay-type":"","overlay-color":"","overlay-opacity":"","overlay-gradient":""},"tablet":{"background-color":"","background-image":"","background-repeat":"repeat","background-position":"center center","background-size":"auto","background-attachment":"scroll","background-type":"","background-media":"","overlay-type":"","overlay-color":"","overlay-opacity":"","overlay-gradient":""},"mobile":{"background-color":"","background-image":"","background-repeat":"repeat","background-position":"center center","background-size":"auto","background-attachment":"scroll","background-type":"","background-media":"","overlay-type":"","overlay-color":"","overlay-opacity":"","overlay-gradient":""}},"ast-content-background-meta":{"desktop":{"background-color":"var(--ast-global-color-4)","background-image":"","background-repeat":"repeat","background-position":"center center","background-size":"auto","background-attachment":"scroll","background-type":"","background-media":"","overlay-type":"","overlay-color":"","overlay-opacity":"","overlay-gradient":""},"tablet":{"background-color":"var(--ast-global-color-4)","background-image":"","background-repeat":"repeat","background-position":"center center","background-size":"auto","background-attachment":"scroll","background-type":"","background-media":"","overlay-type":"","overlay-color":"","overlay-opacity":"","overlay-gradient":""},"mobile":{"background-color":"var(--ast-global-color-4)","background-image":"","background-repeat":"repeat","background-position":"center center","background-size":"auto","background-attachment":"scroll","background-type":"","background-media":"","overlay-type":"","overlay-color":"","overlay-opacity":"","overlay-gradient":""}},"footnotes":""},"class_list":["post-1802","page","type-page","status-publish","hentry"],"yoast_head":"<!-- This site is optimized with the Yoast SEO plugin v27.5 - https:\/\/yoast.com\/product\/yoast-seo-wordpress\/ -->\n<title>PRESIDENTS du GUATEMALA - Abc-latina<\/title>\n<meta name=\"description\" content=\"Liste des pr\u00e9sidents guatemalteques.\" \/>\n<meta name=\"robots\" content=\"index, follow, max-snippet:-1, max-image-preview:large, max-video-preview:-1\" \/>\n<link rel=\"canonical\" href=\"https:\/\/abc-latina.com\/guatemala\/presidents_guatemala\/\" \/>\n<meta property=\"og:locale\" content=\"fr_FR\" \/>\n<meta property=\"og:type\" content=\"article\" \/>\n<meta property=\"og:title\" content=\"PRESIDENTS du GUATEMALA - Abc-latina\" \/>\n<meta property=\"og:description\" content=\"Liste des pr\u00e9sidents guatemalteques.\" \/>\n<meta property=\"og:url\" content=\"https:\/\/abc-latina.com\/guatemala\/presidents_guatemala\/\" \/>\n<meta property=\"og:site_name\" content=\"Abc-latina\" \/>\n<meta property=\"article:modified_time\" content=\"2018-06-10T15:42:24+00:00\" \/>\n<meta name=\"twitter:card\" content=\"summary_large_image\" \/>\n<meta name=\"twitter:label1\" content=\"Dur\u00e9e de lecture estim\u00e9e\" \/>\n\t<meta name=\"twitter:data1\" content=\"1 minute\" \/>\n<script type=\"application\/ld+json\" class=\"yoast-schema-graph\">{\"@context\":\"https:\\\/\\\/schema.org\",\"@graph\":[{\"@type\":\"WebPage\",\"@id\":\"https:\\\/\\\/abc-latina.com\\\/guatemala\\\/presidents_guatemala\\\/\",\"url\":\"https:\\\/\\\/abc-latina.com\\\/guatemala\\\/presidents_guatemala\\\/\",\"name\":\"PRESIDENTS du GUATEMALA - Abc-latina\",\"isPartOf\":{\"@id\":\"https:\\\/\\\/abc-latina.com\\\/#website\"},\"datePublished\":\"2010-07-29T03:56:08+00:00\",\"dateModified\":\"2018-06-10T15:42:24+00:00\",\"description\":\"Liste des pr\u00e9sidents guatemalteques.\",\"breadcrumb\":{\"@id\":\"https:\\\/\\\/abc-latina.com\\\/guatemala\\\/presidents_guatemala\\\/#breadcrumb\"},\"inLanguage\":\"fr-FR\",\"potentialAction\":[{\"@type\":\"ReadAction\",\"target\":[\"https:\\\/\\\/abc-latina.com\\\/guatemala\\\/presidents_guatemala\\\/\"]}]},{\"@type\":\"BreadcrumbList\",\"@id\":\"https:\\\/\\\/abc-latina.com\\\/guatemala\\\/presidents_guatemala\\\/#breadcrumb\",\"itemListElement\":[{\"@type\":\"ListItem\",\"position\":1,\"name\":\"Accueil\",\"item\":\"https:\\\/\\\/abc-latina.com\\\/\"},{\"@type\":\"ListItem\",\"position\":2,\"name\":\"PRESIDENTS du GUATEMALA\"}]},{\"@type\":\"WebSite\",\"@id\":\"https:\\\/\\\/abc-latina.com\\\/#website\",\"url\":\"https:\\\/\\\/abc-latina.com\\\/\",\"name\":\"Abc-latina\",\"description\":\"\",\"publisher\":{\"@id\":\"https:\\\/\\\/abc-latina.com\\\/#organization\"},\"potentialAction\":[{\"@type\":\"SearchAction\",\"target\":{\"@type\":\"EntryPoint\",\"urlTemplate\":\"https:\\\/\\\/abc-latina.com\\\/?s={search_term_string}\"},\"query-input\":{\"@type\":\"PropertyValueSpecification\",\"valueRequired\":true,\"valueName\":\"search_term_string\"}}],\"inLanguage\":\"fr-FR\"},{\"@type\":\"Organization\",\"@id\":\"https:\\\/\\\/abc-latina.com\\\/#organization\",\"name\":\"Abc-latina\",\"url\":\"https:\\\/\\\/abc-latina.com\\\/\",\"logo\":{\"@type\":\"ImageObject\",\"inLanguage\":\"fr-FR\",\"@id\":\"https:\\\/\\\/abc-latina.com\\\/#\\\/schema\\\/logo\\\/image\\\/\",\"url\":\"https:\\\/\\\/abc-latina.com\\\/wp-content\\\/uploads\\\/2026\\\/05\\\/cropped-logo.gif\",\"contentUrl\":\"https:\\\/\\\/abc-latina.com\\\/wp-content\\\/uploads\\\/2026\\\/05\\\/cropped-logo.gif\",\"width\":89,\"height\":84,\"caption\":\"Abc-latina\"},\"image\":{\"@id\":\"https:\\\/\\\/abc-latina.com\\\/#\\\/schema\\\/logo\\\/image\\\/\"}}]}<\/script>\n<!-- \/ Yoast SEO plugin. -->","yoast_head_json":{"title":"PRESIDENTS du GUATEMALA - Abc-latina","description":"Liste des pr\u00e9sidents guatemalteques.","robots":{"index":"index","follow":"follow","max-snippet":"max-snippet:-1","max-image-preview":"max-image-preview:large","max-video-preview":"max-video-preview:-1"},"canonical":"https:\/\/abc-latina.com\/guatemala\/presidents_guatemala\/","og_locale":"fr_FR","og_type":"article","og_title":"PRESIDENTS du GUATEMALA - Abc-latina","og_description":"Liste des pr\u00e9sidents guatemalteques.","og_url":"https:\/\/abc-latina.com\/guatemala\/presidents_guatemala\/","og_site_name":"Abc-latina","article_modified_time":"2018-06-10T15:42:24+00:00","twitter_card":"summary_large_image","twitter_misc":{"Dur\u00e9e de lecture estim\u00e9e":"1 minute"},"schema":{"@context":"https:\/\/schema.org","@graph":[{"@type":"WebPage","@id":"https:\/\/abc-latina.com\/guatemala\/presidents_guatemala\/","url":"https:\/\/abc-latina.com\/guatemala\/presidents_guatemala\/","name":"PRESIDENTS du GUATEMALA - Abc-latina","isPartOf":{"@id":"https:\/\/abc-latina.com\/#website"},"datePublished":"2010-07-29T03:56:08+00:00","dateModified":"2018-06-10T15:42:24+00:00","description":"Liste des pr\u00e9sidents guatemalteques.","breadcrumb":{"@id":"https:\/\/abc-latina.com\/guatemala\/presidents_guatemala\/#breadcrumb"},"inLanguage":"fr-FR","potentialAction":[{"@type":"ReadAction","target":["https:\/\/abc-latina.com\/guatemala\/presidents_guatemala\/"]}]},{"@type":"BreadcrumbList","@id":"https:\/\/abc-latina.com\/guatemala\/presidents_guatemala\/#breadcrumb","itemListElement":[{"@type":"ListItem","position":1,"name":"Accueil","item":"https:\/\/abc-latina.com\/"},{"@type":"ListItem","position":2,"name":"PRESIDENTS du GUATEMALA"}]},{"@type":"WebSite","@id":"https:\/\/abc-latina.com\/#website","url":"https:\/\/abc-latina.com\/","name":"Abc-latina","description":"","publisher":{"@id":"https:\/\/abc-latina.com\/#organization"},"potentialAction":[{"@type":"SearchAction","target":{"@type":"EntryPoint","urlTemplate":"https:\/\/abc-latina.com\/?s={search_term_string}"},"query-input":{"@type":"PropertyValueSpecification","valueRequired":true,"valueName":"search_term_string"}}],"inLanguage":"fr-FR"},{"@type":"Organization","@id":"https:\/\/abc-latina.com\/#organization","name":"Abc-latina","url":"https:\/\/abc-latina.com\/","logo":{"@type":"ImageObject","inLanguage":"fr-FR","@id":"https:\/\/abc-latina.com\/#\/schema\/logo\/image\/","url":"https:\/\/abc-latina.com\/wp-content\/uploads\/2026\/05\/cropped-logo.gif","contentUrl":"https:\/\/abc-latina.com\/wp-content\/uploads\/2026\/05\/cropped-logo.gif","width":89,"height":84,"caption":"Abc-latina"},"image":{"@id":"https:\/\/abc-latina.com\/#\/schema\/logo\/image\/"}}]}},"_links":{"self":[{"href":"https:\/\/abc-latina.com\/wp-json\/wp\/v2\/pages\/1802","targetHints":{"allow":["GET"]}}],"collection":[{"href":"https:\/\/abc-latina.com\/wp-json\/wp\/v2\/pages"}],"about":[{"href":"https:\/\/abc-latina.com\/wp-json\/wp\/v2\/types\/page"}],"author":[{"embeddable":true,"href":"https:\/\/abc-latina.com\/wp-json\/wp\/v2\/users\/3"}],"replies":[{"embeddable":true,"href":"https:\/\/abc-latina.com\/wp-json\/wp\/v2\/comments?post=1802"}],"version-history":[{"count":0,"href":"https:\/\/abc-latina.com\/wp-json\/wp\/v2\/pages\/1802\/revisions"}],"up":[{"embeddable":true,"href":"https:\/\/abc-latina.com\/wp-json\/wp\/v2\/pages\/2305"}],"wp:attachment":[{"href":"https:\/\/abc-latina.com\/wp-json\/wp\/v2\/media?parent=1802"}],"curies":[{"name":"wp","href":"https:\/\/api.w.org\/{rel}","templated":true}]}}