{"id":1810,"date":"2010-07-29T06:31:30","date_gmt":"2010-07-29T04:31:30","guid":{"rendered":"http:\/\/abc-latina.com\/santiago_atitlan-htm\/"},"modified":"2018-06-12T12:26:33","modified_gmt":"2018-06-12T10:26:33","slug":"santiago_atitlan","status":"publish","type":"page","link":"https:\/\/abc-latina.com\/guatemala\/santiago_atitlan\/","title":{"rendered":"SANTIAGO ATITLAN"},"content":{"rendered":"<div>\n<div><span class=\"tourisme-chapitre\"><img loading=\"lazy\" decoding=\"async\" class=\" alignright size-full wp-image-1809\" src=\"http:\/\/abc-latina.com\/wp-content\/uploads\/2010\/07\/santiago-atitlan.jpg\" title=\"SANTIAGO ATITLAN\" alt=\"\" width=\"220\" vspace=\"9\" hspace=\"15\" height=\"220\" align=\"right\" srcset=\"https:\/\/abc-latina.com\/wp-content\/uploads\/2010\/07\/santiago-atitlan.jpg 220w, https:\/\/abc-latina.com\/wp-content\/uploads\/2010\/07\/santiago-atitlan-150x150.jpg 150w\" sizes=\"auto, (max-width: 220px) 100vw, 220px\" \/>Santiago Atitlan<\/span> est lov\u00e9 dans une baie profonde entre les volcans Toliman et San Pedro, ce village tzutuhil, est le plus int\u00e9ressant, mais aussi le plus touristique des villages du lac, derri\u00e8re <a href=\"panajachel\">Panajachel<\/a>. Vous serez accueilli par une haie de marchands de souvenirs, et des dizaines d&rsquo;enfants qui proposeront de vous escorter jusqu&rsquo;\u00e0 la maison de la divinit\u00e9 locale : Maximon (saint Simon), afin d&rsquo;assister aux rites du saint auquel le village voue un v\u00e9ritable culte.<\/div>\n<div>&nbsp;<\/div>\n<div>Dans l&rsquo;\u00e9glise du village, t\u00e9moignage manifeste du syncr\u00e9tisme religieux, vous verrez les statues de saints habill\u00e9es de tissus coutumiers et une repr\u00e9sentation de Yum Kaax (dieu maya du mais), sculpt\u00e9e dans la chaire du pr\u00eatre.<\/div>\n<div>&nbsp;<\/div>\n<p><a style=\"text-decoration: none;\" target=\"_blank\" href=\"..\/tour_operateur\"><img loading=\"lazy\" decoding=\"async\" class=\" size-full wp-image-41\" src=\"http:\/\/abc-latina.com\/wp-content\/uploads\/2010\/04\/timbre_to.gif\" class=\"touroperateur\" alt=\"\" width=\"125\" height=\"90\" \/><\/a><\/p>\n<div>Le march\u00e9 est l&rsquo;un des plus importants des bords du lac. Le vendredi est la journ\u00e9e la plus intense, et il y est difficile de s&rsquo;y frayer un chemin entre les montagnes de fruits et de l\u00e9gumes. Ici de nombreuses communaut\u00e9s des environs s&rsquo;y retrouvent.<\/div>\n<div>&nbsp;<\/div>\n<\/div>\n<h3>Pr\u00e9parez votre voyage \u00e0 Santiago Atitlan:<\/h3>\n<div><a href=\"https:\/\/www.abc-latina.com\/guatemala\/agence_de_voyages\">Agences de voyage g\u00e9n\u00e9ralistes et discounteurs<\/a><\/div>\n<div><a href=\"https:\/\/www.abc-latina.com\/guatemala\/tour_operateur\">Tours Op\u00e9rateurs sp\u00e9cialistes du Guatemala<\/a><\/div>\n<div><a target=\"_blank\" href=\"https:\/\/www.abc-latina.com\/to\/reservation_billet_avion\">R\u00e9servez votre billet d&rsquo;avion<\/a><\/div>\n<div><a href=\"https:\/\/www.abc-latina.com\/guatemala\/hotels\">R\u00e9servez votre h\u00f4tel \u00e0 Santiago Atitlan<\/a>&nbsp;<\/div>\n<div><a target=\"_blank\" href=\"https:\/\/www.abc-latina.com\/to\/location_de_voiture_guatemala\">Location de voiture<\/a><\/div>\n","protected":false},"excerpt":{"rendered":"<p>Santiago Atitlan est lov\u00e9 dans une baie profonde entre les volcans Toliman et San Pedro, ce village tzutuhil, est le [&hellip;]<\/p>\n","protected":false},"author":3,"featured_media":1809,"parent":2305,"menu_order":0,"comment_status":"closed","ping_status":"closed","template":"","meta":{"site-sidebar-layout":"default","site-content-layout":"","ast-site-content-layout":"default","site-content-style":"default","site-sidebar-style":"default","ast-global-header-display":"","ast-banner-title-visibility":"","ast-main-header-display":"","ast-hfb-above-header-display":"","ast-hfb-below-header-display":"","ast-hfb-mobile-header-display":"","site-post-title":"","ast-breadcrumbs-content":"","ast-featured-img":"","footer-sml-layout":"","ast-disable-related-posts":"","theme-transparent-header-meta":"","adv-header-id-meta":"","stick-header-meta":"","header-above-stick-meta":"","header-main-stick-meta":"","header-below-stick-meta":"","astra-migrate-meta-layouts":"default","ast-page-background-enabled":"default","ast-page-background-meta":{"desktop":{"background-color":"var(--ast-global-color-5)","background-image":"","background-repeat":"repeat","background-position":"center center","background-size":"auto","background-attachment":"scroll","background-type":"","background-media":"","overlay-type":"","overlay-color":"","overlay-opacity":"","overlay-gradient":""},"tablet":{"background-color":"","background-image":"","background-repeat":"repeat","background-position":"center center","background-size":"auto","background-attachment":"scroll","background-type":"","background-media":"","overlay-type":"","overlay-color":"","overlay-opacity":"","overlay-gradient":""},"mobile":{"background-color":"","background-image":"","background-repeat":"repeat","background-position":"center center","background-size":"auto","background-attachment":"scroll","background-type":"","background-media":"","overlay-type":"","overlay-color":"","overlay-opacity":"","overlay-gradient":""}},"ast-content-background-meta":{"desktop":{"background-color":"var(--ast-global-color-4)","background-image":"","background-repeat":"repeat","background-position":"center center","background-size":"auto","background-attachment":"scroll","background-type":"","background-media":"","overlay-type":"","overlay-color":"","overlay-opacity":"","overlay-gradient":""},"tablet":{"background-color":"var(--ast-global-color-4)","background-image":"","background-repeat":"repeat","background-position":"center center","background-size":"auto","background-attachment":"scroll","background-type":"","background-media":"","overlay-type":"","overlay-color":"","overlay-opacity":"","overlay-gradient":""},"mobile":{"background-color":"var(--ast-global-color-4)","background-image":"","background-repeat":"repeat","background-position":"center center","background-size":"auto","background-attachment":"scroll","background-type":"","background-media":"","overlay-type":"","overlay-color":"","overlay-opacity":"","overlay-gradient":""}},"footnotes":""},"class_list":["post-1810","page","type-page","status-publish","has-post-thumbnail","hentry"],"yoast_head":"<!-- This site is optimized with the Yoast SEO plugin v27.5 - https:\/\/yoast.com\/product\/yoast-seo-wordpress\/ -->\n<title>SANTIAGO ATITLAN - Abc-latina<\/title>\n<meta name=\"description\" content=\"Tourisme et voyage au Guatemala: d\u00e9couverte de Santiago Atitlan.\" \/>\n<meta name=\"robots\" content=\"index, follow, max-snippet:-1, max-image-preview:large, max-video-preview:-1\" \/>\n<link rel=\"canonical\" href=\"https:\/\/abc-latina.com\/guatemala\/santiago_atitlan\/\" \/>\n<meta property=\"og:locale\" content=\"fr_FR\" \/>\n<meta property=\"og:type\" content=\"article\" \/>\n<meta property=\"og:title\" content=\"SANTIAGO ATITLAN - Abc-latina\" \/>\n<meta property=\"og:description\" content=\"Tourisme et voyage au Guatemala: d\u00e9couverte de Santiago Atitlan.\" \/>\n<meta property=\"og:url\" content=\"https:\/\/abc-latina.com\/guatemala\/santiago_atitlan\/\" \/>\n<meta property=\"og:site_name\" content=\"Abc-latina\" \/>\n<meta property=\"article:modified_time\" content=\"2018-06-12T10:26:33+00:00\" \/>\n<meta property=\"og:image\" content=\"https:\/\/abc-latina.com\/wp-content\/uploads\/2010\/07\/santiago-atitlan.jpg\" \/>\n\t<meta property=\"og:image:width\" content=\"220\" \/>\n\t<meta property=\"og:image:height\" content=\"220\" \/>\n\t<meta property=\"og:image:type\" content=\"image\/jpeg\" \/>\n<meta name=\"twitter:card\" content=\"summary_large_image\" \/>\n<meta name=\"twitter:label1\" content=\"Dur\u00e9e de lecture estim\u00e9e\" \/>\n\t<meta name=\"twitter:data1\" content=\"1 minute\" \/>\n<script type=\"application\/ld+json\" class=\"yoast-schema-graph\">{\"@context\":\"https:\\\/\\\/schema.org\",\"@graph\":[{\"@type\":\"WebPage\",\"@id\":\"https:\\\/\\\/abc-latina.com\\\/guatemala\\\/santiago_atitlan\\\/\",\"url\":\"https:\\\/\\\/abc-latina.com\\\/guatemala\\\/santiago_atitlan\\\/\",\"name\":\"SANTIAGO ATITLAN - Abc-latina\",\"isPartOf\":{\"@id\":\"https:\\\/\\\/abc-latina.com\\\/#website\"},\"primaryImageOfPage\":{\"@id\":\"https:\\\/\\\/abc-latina.com\\\/guatemala\\\/santiago_atitlan\\\/#primaryimage\"},\"image\":{\"@id\":\"https:\\\/\\\/abc-latina.com\\\/guatemala\\\/santiago_atitlan\\\/#primaryimage\"},\"thumbnailUrl\":\"https:\\\/\\\/abc-latina.com\\\/wp-content\\\/uploads\\\/2010\\\/07\\\/santiago-atitlan.jpg\",\"datePublished\":\"2010-07-29T04:31:30+00:00\",\"dateModified\":\"2018-06-12T10:26:33+00:00\",\"description\":\"Tourisme et voyage au Guatemala: d\u00e9couverte de Santiago Atitlan.\",\"breadcrumb\":{\"@id\":\"https:\\\/\\\/abc-latina.com\\\/guatemala\\\/santiago_atitlan\\\/#breadcrumb\"},\"inLanguage\":\"fr-FR\",\"potentialAction\":[{\"@type\":\"ReadAction\",\"target\":[\"https:\\\/\\\/abc-latina.com\\\/guatemala\\\/santiago_atitlan\\\/\"]}]},{\"@type\":\"ImageObject\",\"inLanguage\":\"fr-FR\",\"@id\":\"https:\\\/\\\/abc-latina.com\\\/guatemala\\\/santiago_atitlan\\\/#primaryimage\",\"url\":\"https:\\\/\\\/abc-latina.com\\\/wp-content\\\/uploads\\\/2010\\\/07\\\/santiago-atitlan.jpg\",\"contentUrl\":\"https:\\\/\\\/abc-latina.com\\\/wp-content\\\/uploads\\\/2010\\\/07\\\/santiago-atitlan.jpg\",\"width\":220,\"height\":220,\"caption\":\"SANTIAGO ATITLAN\"},{\"@type\":\"BreadcrumbList\",\"@id\":\"https:\\\/\\\/abc-latina.com\\\/guatemala\\\/santiago_atitlan\\\/#breadcrumb\",\"itemListElement\":[{\"@type\":\"ListItem\",\"position\":1,\"name\":\"Accueil\",\"item\":\"https:\\\/\\\/abc-latina.com\\\/\"},{\"@type\":\"ListItem\",\"position\":2,\"name\":\"SANTIAGO ATITLAN\"}]},{\"@type\":\"WebSite\",\"@id\":\"https:\\\/\\\/abc-latina.com\\\/#website\",\"url\":\"https:\\\/\\\/abc-latina.com\\\/\",\"name\":\"Abc-latina\",\"description\":\"\",\"publisher\":{\"@id\":\"https:\\\/\\\/abc-latina.com\\\/#organization\"},\"potentialAction\":[{\"@type\":\"SearchAction\",\"target\":{\"@type\":\"EntryPoint\",\"urlTemplate\":\"https:\\\/\\\/abc-latina.com\\\/?s={search_term_string}\"},\"query-input\":{\"@type\":\"PropertyValueSpecification\",\"valueRequired\":true,\"valueName\":\"search_term_string\"}}],\"inLanguage\":\"fr-FR\"},{\"@type\":\"Organization\",\"@id\":\"https:\\\/\\\/abc-latina.com\\\/#organization\",\"name\":\"Abc-latina\",\"url\":\"https:\\\/\\\/abc-latina.com\\\/\",\"logo\":{\"@type\":\"ImageObject\",\"inLanguage\":\"fr-FR\",\"@id\":\"https:\\\/\\\/abc-latina.com\\\/#\\\/schema\\\/logo\\\/image\\\/\",\"url\":\"https:\\\/\\\/abc-latina.com\\\/wp-content\\\/uploads\\\/2026\\\/05\\\/cropped-logo.gif\",\"contentUrl\":\"https:\\\/\\\/abc-latina.com\\\/wp-content\\\/uploads\\\/2026\\\/05\\\/cropped-logo.gif\",\"width\":89,\"height\":84,\"caption\":\"Abc-latina\"},\"image\":{\"@id\":\"https:\\\/\\\/abc-latina.com\\\/#\\\/schema\\\/logo\\\/image\\\/\"}}]}<\/script>\n<!-- \/ Yoast SEO plugin. -->","yoast_head_json":{"title":"SANTIAGO ATITLAN - Abc-latina","description":"Tourisme et voyage au Guatemala: d\u00e9couverte de Santiago Atitlan.","robots":{"index":"index","follow":"follow","max-snippet":"max-snippet:-1","max-image-preview":"max-image-preview:large","max-video-preview":"max-video-preview:-1"},"canonical":"https:\/\/abc-latina.com\/guatemala\/santiago_atitlan\/","og_locale":"fr_FR","og_type":"article","og_title":"SANTIAGO ATITLAN - Abc-latina","og_description":"Tourisme et voyage au Guatemala: d\u00e9couverte de Santiago Atitlan.","og_url":"https:\/\/abc-latina.com\/guatemala\/santiago_atitlan\/","og_site_name":"Abc-latina","article_modified_time":"2018-06-12T10:26:33+00:00","og_image":[{"width":220,"height":220,"url":"https:\/\/abc-latina.com\/wp-content\/uploads\/2010\/07\/santiago-atitlan.jpg","type":"image\/jpeg"}],"twitter_card":"summary_large_image","twitter_misc":{"Dur\u00e9e de lecture estim\u00e9e":"1 minute"},"schema":{"@context":"https:\/\/schema.org","@graph":[{"@type":"WebPage","@id":"https:\/\/abc-latina.com\/guatemala\/santiago_atitlan\/","url":"https:\/\/abc-latina.com\/guatemala\/santiago_atitlan\/","name":"SANTIAGO ATITLAN - Abc-latina","isPartOf":{"@id":"https:\/\/abc-latina.com\/#website"},"primaryImageOfPage":{"@id":"https:\/\/abc-latina.com\/guatemala\/santiago_atitlan\/#primaryimage"},"image":{"@id":"https:\/\/abc-latina.com\/guatemala\/santiago_atitlan\/#primaryimage"},"thumbnailUrl":"https:\/\/abc-latina.com\/wp-content\/uploads\/2010\/07\/santiago-atitlan.jpg","datePublished":"2010-07-29T04:31:30+00:00","dateModified":"2018-06-12T10:26:33+00:00","description":"Tourisme et voyage au Guatemala: d\u00e9couverte de Santiago Atitlan.","breadcrumb":{"@id":"https:\/\/abc-latina.com\/guatemala\/santiago_atitlan\/#breadcrumb"},"inLanguage":"fr-FR","potentialAction":[{"@type":"ReadAction","target":["https:\/\/abc-latina.com\/guatemala\/santiago_atitlan\/"]}]},{"@type":"ImageObject","inLanguage":"fr-FR","@id":"https:\/\/abc-latina.com\/guatemala\/santiago_atitlan\/#primaryimage","url":"https:\/\/abc-latina.com\/wp-content\/uploads\/2010\/07\/santiago-atitlan.jpg","contentUrl":"https:\/\/abc-latina.com\/wp-content\/uploads\/2010\/07\/santiago-atitlan.jpg","width":220,"height":220,"caption":"SANTIAGO ATITLAN"},{"@type":"BreadcrumbList","@id":"https:\/\/abc-latina.com\/guatemala\/santiago_atitlan\/#breadcrumb","itemListElement":[{"@type":"ListItem","position":1,"name":"Accueil","item":"https:\/\/abc-latina.com\/"},{"@type":"ListItem","position":2,"name":"SANTIAGO ATITLAN"}]},{"@type":"WebSite","@id":"https:\/\/abc-latina.com\/#website","url":"https:\/\/abc-latina.com\/","name":"Abc-latina","description":"","publisher":{"@id":"https:\/\/abc-latina.com\/#organization"},"potentialAction":[{"@type":"SearchAction","target":{"@type":"EntryPoint","urlTemplate":"https:\/\/abc-latina.com\/?s={search_term_string}"},"query-input":{"@type":"PropertyValueSpecification","valueRequired":true,"valueName":"search_term_string"}}],"inLanguage":"fr-FR"},{"@type":"Organization","@id":"https:\/\/abc-latina.com\/#organization","name":"Abc-latina","url":"https:\/\/abc-latina.com\/","logo":{"@type":"ImageObject","inLanguage":"fr-FR","@id":"https:\/\/abc-latina.com\/#\/schema\/logo\/image\/","url":"https:\/\/abc-latina.com\/wp-content\/uploads\/2026\/05\/cropped-logo.gif","contentUrl":"https:\/\/abc-latina.com\/wp-content\/uploads\/2026\/05\/cropped-logo.gif","width":89,"height":84,"caption":"Abc-latina"},"image":{"@id":"https:\/\/abc-latina.com\/#\/schema\/logo\/image\/"}}]}},"_links":{"self":[{"href":"https:\/\/abc-latina.com\/wp-json\/wp\/v2\/pages\/1810","targetHints":{"allow":["GET"]}}],"collection":[{"href":"https:\/\/abc-latina.com\/wp-json\/wp\/v2\/pages"}],"about":[{"href":"https:\/\/abc-latina.com\/wp-json\/wp\/v2\/types\/page"}],"author":[{"embeddable":true,"href":"https:\/\/abc-latina.com\/wp-json\/wp\/v2\/users\/3"}],"replies":[{"embeddable":true,"href":"https:\/\/abc-latina.com\/wp-json\/wp\/v2\/comments?post=1810"}],"version-history":[{"count":0,"href":"https:\/\/abc-latina.com\/wp-json\/wp\/v2\/pages\/1810\/revisions"}],"up":[{"embeddable":true,"href":"https:\/\/abc-latina.com\/wp-json\/wp\/v2\/pages\/2305"}],"wp:featuredmedia":[{"embeddable":true,"href":"https:\/\/abc-latina.com\/wp-json\/wp\/v2\/media\/1809"}],"wp:attachment":[{"href":"https:\/\/abc-latina.com\/wp-json\/wp\/v2\/media?parent=1810"}],"curies":[{"name":"wp","href":"https:\/\/api.w.org\/{rel}","templated":true}]}}