{"id":1826,"date":"2010-07-29T17:49:15","date_gmt":"2010-07-29T15:49:15","guid":{"rendered":"http:\/\/abc-latina.com\/agence_de_voyages-htm-10\/"},"modified":"2026-04-30T18:24:59","modified_gmt":"2026-04-30T16:24:59","slug":"agence_de_voyages","status":"publish","type":"page","link":"https:\/\/abc-latina.com\/costarica\/agence_de_voyages\/","title":{"rendered":"AGENCES de VOYAGES COSTA RICA"},"content":{"rendered":"<p style=\"margin-left: 40px;\"><img loading=\"lazy\" decoding=\"async\" class=\" alignright size-full wp-image-1824\" src=\"http:\/\/abc-latina.com\/wp-content\/uploads\/2010\/07\/costa-rica-haut-295.jpg\" alt=\"\" width=\"295\" height=\"410\" align=\"right\" srcset=\"https:\/\/abc-latina.com\/wp-content\/uploads\/2010\/07\/costa-rica-haut-295.jpg 295w, https:\/\/abc-latina.com\/wp-content\/uploads\/2010\/07\/costa-rica-haut-295-216x300.jpg 216w\" sizes=\"auto, (max-width: 295px) 100vw, 295px\" \/><\/p>\n<p style=\"margin-left: 40px;\"><span style=\"font-size: large;\">Terra Caribea est un r\u00e9ceptif bas\u00e9 \u00e0 San Jos\u00e9, au Costa Rica.<br \/><\/span><\/p>\n<p style=\"margin-left: 40px;\"><span style=\"font-size: large;\">Depuis 2006, nous sommes sp\u00e9cialis\u00e9s dans le voyage sur mesure au Costa Rica, au Panama et au Nicaragua.<br \/>Nos conseillers francophones, experts du terrain, sont \u00e0 votre \u00e9coute pour construire avec vous le programme le mieux adapt\u00e9 \u00e0 vos souhaits, en fonction de la saison, du nombre de participants, de la dur\u00e9e, du budget &#8230;<br \/>Nous vous invitons \u00e0 d\u00e9couvrir le Costa Rica que nous aimons, \u00e0 deux ou en famille, \u00e0 pied ou en kayak de mer, entre une multitude de volcans et une infinit\u00e9 de plages o\u00f9 faune et flore sont pr\u00e9serv\u00e9es.<br \/><\/span><\/p>\n<p style=\"margin-left: 40px;\"><span style=\"font-size: large;\"><br \/>Nous appeler au Costa Rica 09 70 40 74 73 (co\u00fbt d&rsquo;un appel en France)<\/span><\/p>\n<p style=\"margin-left: 40px;\"><span style=\"font-size: large;\"><img loading=\"lazy\" decoding=\"async\" class=\" alignright size-full wp-image-1825\" src=\"http:\/\/abc-latina.com\/wp-content\/uploads\/2010\/07\/costa-rica-bas-770.jpg\" alt=\"\" width=\"770\" height=\"148\" align=\"right\" srcset=\"https:\/\/abc-latina.com\/wp-content\/uploads\/2010\/07\/costa-rica-bas-770.jpg 770w, https:\/\/abc-latina.com\/wp-content\/uploads\/2010\/07\/costa-rica-bas-770-300x58.jpg 300w, https:\/\/abc-latina.com\/wp-content\/uploads\/2010\/07\/costa-rica-bas-770-768x148.jpg 768w\" sizes=\"auto, (max-width: 770px) 100vw, 770px\" \/><\/span><\/p>\n","protected":false},"excerpt":{"rendered":"<p>Terra Caribea est un r\u00e9ceptif bas\u00e9 \u00e0 San Jos\u00e9, au Costa Rica. Depuis 2006, nous sommes sp\u00e9cialis\u00e9s dans le voyage [&hellip;]<\/p>\n","protected":false},"author":3,"featured_media":1824,"parent":2300,"menu_order":0,"comment_status":"closed","ping_status":"closed","template":"","meta":{"site-sidebar-layout":"default","site-content-layout":"","ast-site-content-layout":"default","site-content-style":"default","site-sidebar-style":"default","ast-global-header-display":"","ast-banner-title-visibility":"","ast-main-header-display":"","ast-hfb-above-header-display":"","ast-hfb-below-header-display":"","ast-hfb-mobile-header-display":"","site-post-title":"","ast-breadcrumbs-content":"","ast-featured-img":"","footer-sml-layout":"","ast-disable-related-posts":"","theme-transparent-header-meta":"","adv-header-id-meta":"","stick-header-meta":"","header-above-stick-meta":"","header-main-stick-meta":"","header-below-stick-meta":"","astra-migrate-meta-layouts":"default","ast-page-background-enabled":"default","ast-page-background-meta":{"desktop":{"background-color":"var(--ast-global-color-5)","background-image":"","background-repeat":"repeat","background-position":"center center","background-size":"auto","background-attachment":"scroll","background-type":"","background-media":"","overlay-type":"","overlay-color":"","overlay-opacity":"","overlay-gradient":""},"tablet":{"background-color":"","background-image":"","background-repeat":"repeat","background-position":"center center","background-size":"auto","background-attachment":"scroll","background-type":"","background-media":"","overlay-type":"","overlay-color":"","overlay-opacity":"","overlay-gradient":""},"mobile":{"background-color":"","background-image":"","background-repeat":"repeat","background-position":"center center","background-size":"auto","background-attachment":"scroll","background-type":"","background-media":"","overlay-type":"","overlay-color":"","overlay-opacity":"","overlay-gradient":""}},"ast-content-background-meta":{"desktop":{"background-color":"var(--ast-global-color-4)","background-image":"","background-repeat":"repeat","background-position":"center center","background-size":"auto","background-attachment":"scroll","background-type":"","background-media":"","overlay-type":"","overlay-color":"","overlay-opacity":"","overlay-gradient":""},"tablet":{"background-color":"var(--ast-global-color-4)","background-image":"","background-repeat":"repeat","background-position":"center center","background-size":"auto","background-attachment":"scroll","background-type":"","background-media":"","overlay-type":"","overlay-color":"","overlay-opacity":"","overlay-gradient":""},"mobile":{"background-color":"var(--ast-global-color-4)","background-image":"","background-repeat":"repeat","background-position":"center center","background-size":"auto","background-attachment":"scroll","background-type":"","background-media":"","overlay-type":"","overlay-color":"","overlay-opacity":"","overlay-gradient":""}},"footnotes":""},"class_list":["post-1826","page","type-page","status-publish","has-post-thumbnail","hentry"],"yoast_head":"<!-- This site is optimized with the Yoast SEO plugin v27.5 - https:\/\/yoast.com\/product\/yoast-seo-wordpress\/ -->\n<title>AGENCES de VOYAGES COSTA RICA - Abc-latina<\/title>\n<meta name=\"description\" content=\"Circuits touristiques au Costa Rica, agence de voyages sp\u00e9cialiste de la destination.\" \/>\n<meta name=\"robots\" content=\"index, follow, max-snippet:-1, max-image-preview:large, max-video-preview:-1\" \/>\n<link rel=\"canonical\" href=\"https:\/\/abc-latina.com\/costarica\/agence_de_voyages\/\" \/>\n<meta property=\"og:locale\" content=\"fr_FR\" \/>\n<meta property=\"og:type\" content=\"article\" \/>\n<meta property=\"og:title\" content=\"AGENCES de VOYAGES COSTA RICA - Abc-latina\" \/>\n<meta property=\"og:description\" content=\"Circuits touristiques au Costa Rica, agence de voyages sp\u00e9cialiste de la destination.\" \/>\n<meta property=\"og:url\" content=\"https:\/\/abc-latina.com\/costarica\/agence_de_voyages\/\" \/>\n<meta property=\"og:site_name\" content=\"Abc-latina\" \/>\n<meta property=\"article:modified_time\" content=\"2026-04-30T16:24:59+00:00\" \/>\n<meta property=\"og:image\" content=\"https:\/\/abc-latina.com\/wp-content\/uploads\/2010\/07\/costa-rica-haut-295.jpg\" \/>\n\t<meta property=\"og:image:width\" content=\"295\" \/>\n\t<meta property=\"og:image:height\" content=\"410\" \/>\n\t<meta property=\"og:image:type\" content=\"image\/jpeg\" \/>\n<meta name=\"twitter:card\" content=\"summary_large_image\" \/>\n<meta name=\"twitter:label1\" content=\"Dur\u00e9e de lecture estim\u00e9e\" \/>\n\t<meta name=\"twitter:data1\" content=\"1 minute\" \/>\n<script type=\"application\/ld+json\" class=\"yoast-schema-graph\">{\"@context\":\"https:\\\/\\\/schema.org\",\"@graph\":[{\"@type\":\"WebPage\",\"@id\":\"https:\\\/\\\/abc-latina.com\\\/costarica\\\/agence_de_voyages\\\/\",\"url\":\"https:\\\/\\\/abc-latina.com\\\/costarica\\\/agence_de_voyages\\\/\",\"name\":\"AGENCES de VOYAGES COSTA RICA - Abc-latina\",\"isPartOf\":{\"@id\":\"https:\\\/\\\/abc-latina.com\\\/#website\"},\"primaryImageOfPage\":{\"@id\":\"https:\\\/\\\/abc-latina.com\\\/costarica\\\/agence_de_voyages\\\/#primaryimage\"},\"image\":{\"@id\":\"https:\\\/\\\/abc-latina.com\\\/costarica\\\/agence_de_voyages\\\/#primaryimage\"},\"thumbnailUrl\":\"https:\\\/\\\/abc-latina.com\\\/wp-content\\\/uploads\\\/2010\\\/07\\\/costa-rica-haut-295.jpg\",\"datePublished\":\"2010-07-29T15:49:15+00:00\",\"dateModified\":\"2026-04-30T16:24:59+00:00\",\"description\":\"Circuits touristiques au Costa Rica, agence de voyages sp\u00e9cialiste de la destination.\",\"breadcrumb\":{\"@id\":\"https:\\\/\\\/abc-latina.com\\\/costarica\\\/agence_de_voyages\\\/#breadcrumb\"},\"inLanguage\":\"fr-FR\",\"potentialAction\":[{\"@type\":\"ReadAction\",\"target\":[\"https:\\\/\\\/abc-latina.com\\\/costarica\\\/agence_de_voyages\\\/\"]}]},{\"@type\":\"ImageObject\",\"inLanguage\":\"fr-FR\",\"@id\":\"https:\\\/\\\/abc-latina.com\\\/costarica\\\/agence_de_voyages\\\/#primaryimage\",\"url\":\"https:\\\/\\\/abc-latina.com\\\/wp-content\\\/uploads\\\/2010\\\/07\\\/costa-rica-haut-295.jpg\",\"contentUrl\":\"https:\\\/\\\/abc-latina.com\\\/wp-content\\\/uploads\\\/2010\\\/07\\\/costa-rica-haut-295.jpg\",\"width\":295,\"height\":410},{\"@type\":\"BreadcrumbList\",\"@id\":\"https:\\\/\\\/abc-latina.com\\\/costarica\\\/agence_de_voyages\\\/#breadcrumb\",\"itemListElement\":[{\"@type\":\"ListItem\",\"position\":1,\"name\":\"Accueil\",\"item\":\"https:\\\/\\\/abc-latina.com\\\/\"},{\"@type\":\"ListItem\",\"position\":2,\"name\":\"AGENCES de VOYAGES COSTA RICA\"}]},{\"@type\":\"WebSite\",\"@id\":\"https:\\\/\\\/abc-latina.com\\\/#website\",\"url\":\"https:\\\/\\\/abc-latina.com\\\/\",\"name\":\"Abc-latina\",\"description\":\"\",\"publisher\":{\"@id\":\"https:\\\/\\\/abc-latina.com\\\/#organization\"},\"potentialAction\":[{\"@type\":\"SearchAction\",\"target\":{\"@type\":\"EntryPoint\",\"urlTemplate\":\"https:\\\/\\\/abc-latina.com\\\/?s={search_term_string}\"},\"query-input\":{\"@type\":\"PropertyValueSpecification\",\"valueRequired\":true,\"valueName\":\"search_term_string\"}}],\"inLanguage\":\"fr-FR\"},{\"@type\":\"Organization\",\"@id\":\"https:\\\/\\\/abc-latina.com\\\/#organization\",\"name\":\"Abc-latina\",\"url\":\"https:\\\/\\\/abc-latina.com\\\/\",\"logo\":{\"@type\":\"ImageObject\",\"inLanguage\":\"fr-FR\",\"@id\":\"https:\\\/\\\/abc-latina.com\\\/#\\\/schema\\\/logo\\\/image\\\/\",\"url\":\"https:\\\/\\\/abc-latina.com\\\/wp-content\\\/uploads\\\/2026\\\/05\\\/cropped-logo.gif\",\"contentUrl\":\"https:\\\/\\\/abc-latina.com\\\/wp-content\\\/uploads\\\/2026\\\/05\\\/cropped-logo.gif\",\"width\":89,\"height\":84,\"caption\":\"Abc-latina\"},\"image\":{\"@id\":\"https:\\\/\\\/abc-latina.com\\\/#\\\/schema\\\/logo\\\/image\\\/\"}}]}<\/script>\n<!-- \/ Yoast SEO plugin. -->","yoast_head_json":{"title":"AGENCES de VOYAGES COSTA RICA - Abc-latina","description":"Circuits touristiques au Costa Rica, agence de voyages sp\u00e9cialiste de la destination.","robots":{"index":"index","follow":"follow","max-snippet":"max-snippet:-1","max-image-preview":"max-image-preview:large","max-video-preview":"max-video-preview:-1"},"canonical":"https:\/\/abc-latina.com\/costarica\/agence_de_voyages\/","og_locale":"fr_FR","og_type":"article","og_title":"AGENCES de VOYAGES COSTA RICA - Abc-latina","og_description":"Circuits touristiques au Costa Rica, agence de voyages sp\u00e9cialiste de la destination.","og_url":"https:\/\/abc-latina.com\/costarica\/agence_de_voyages\/","og_site_name":"Abc-latina","article_modified_time":"2026-04-30T16:24:59+00:00","og_image":[{"width":295,"height":410,"url":"https:\/\/abc-latina.com\/wp-content\/uploads\/2010\/07\/costa-rica-haut-295.jpg","type":"image\/jpeg"}],"twitter_card":"summary_large_image","twitter_misc":{"Dur\u00e9e de lecture estim\u00e9e":"1 minute"},"schema":{"@context":"https:\/\/schema.org","@graph":[{"@type":"WebPage","@id":"https:\/\/abc-latina.com\/costarica\/agence_de_voyages\/","url":"https:\/\/abc-latina.com\/costarica\/agence_de_voyages\/","name":"AGENCES de VOYAGES COSTA RICA - Abc-latina","isPartOf":{"@id":"https:\/\/abc-latina.com\/#website"},"primaryImageOfPage":{"@id":"https:\/\/abc-latina.com\/costarica\/agence_de_voyages\/#primaryimage"},"image":{"@id":"https:\/\/abc-latina.com\/costarica\/agence_de_voyages\/#primaryimage"},"thumbnailUrl":"https:\/\/abc-latina.com\/wp-content\/uploads\/2010\/07\/costa-rica-haut-295.jpg","datePublished":"2010-07-29T15:49:15+00:00","dateModified":"2026-04-30T16:24:59+00:00","description":"Circuits touristiques au Costa Rica, agence de voyages sp\u00e9cialiste de la destination.","breadcrumb":{"@id":"https:\/\/abc-latina.com\/costarica\/agence_de_voyages\/#breadcrumb"},"inLanguage":"fr-FR","potentialAction":[{"@type":"ReadAction","target":["https:\/\/abc-latina.com\/costarica\/agence_de_voyages\/"]}]},{"@type":"ImageObject","inLanguage":"fr-FR","@id":"https:\/\/abc-latina.com\/costarica\/agence_de_voyages\/#primaryimage","url":"https:\/\/abc-latina.com\/wp-content\/uploads\/2010\/07\/costa-rica-haut-295.jpg","contentUrl":"https:\/\/abc-latina.com\/wp-content\/uploads\/2010\/07\/costa-rica-haut-295.jpg","width":295,"height":410},{"@type":"BreadcrumbList","@id":"https:\/\/abc-latina.com\/costarica\/agence_de_voyages\/#breadcrumb","itemListElement":[{"@type":"ListItem","position":1,"name":"Accueil","item":"https:\/\/abc-latina.com\/"},{"@type":"ListItem","position":2,"name":"AGENCES de VOYAGES COSTA RICA"}]},{"@type":"WebSite","@id":"https:\/\/abc-latina.com\/#website","url":"https:\/\/abc-latina.com\/","name":"Abc-latina","description":"","publisher":{"@id":"https:\/\/abc-latina.com\/#organization"},"potentialAction":[{"@type":"SearchAction","target":{"@type":"EntryPoint","urlTemplate":"https:\/\/abc-latina.com\/?s={search_term_string}"},"query-input":{"@type":"PropertyValueSpecification","valueRequired":true,"valueName":"search_term_string"}}],"inLanguage":"fr-FR"},{"@type":"Organization","@id":"https:\/\/abc-latina.com\/#organization","name":"Abc-latina","url":"https:\/\/abc-latina.com\/","logo":{"@type":"ImageObject","inLanguage":"fr-FR","@id":"https:\/\/abc-latina.com\/#\/schema\/logo\/image\/","url":"https:\/\/abc-latina.com\/wp-content\/uploads\/2026\/05\/cropped-logo.gif","contentUrl":"https:\/\/abc-latina.com\/wp-content\/uploads\/2026\/05\/cropped-logo.gif","width":89,"height":84,"caption":"Abc-latina"},"image":{"@id":"https:\/\/abc-latina.com\/#\/schema\/logo\/image\/"}}]}},"_links":{"self":[{"href":"https:\/\/abc-latina.com\/wp-json\/wp\/v2\/pages\/1826","targetHints":{"allow":["GET"]}}],"collection":[{"href":"https:\/\/abc-latina.com\/wp-json\/wp\/v2\/pages"}],"about":[{"href":"https:\/\/abc-latina.com\/wp-json\/wp\/v2\/types\/page"}],"author":[{"embeddable":true,"href":"https:\/\/abc-latina.com\/wp-json\/wp\/v2\/users\/3"}],"replies":[{"embeddable":true,"href":"https:\/\/abc-latina.com\/wp-json\/wp\/v2\/comments?post=1826"}],"version-history":[{"count":1,"href":"https:\/\/abc-latina.com\/wp-json\/wp\/v2\/pages\/1826\/revisions"}],"predecessor-version":[{"id":3365,"href":"https:\/\/abc-latina.com\/wp-json\/wp\/v2\/pages\/1826\/revisions\/3365"}],"up":[{"embeddable":true,"href":"https:\/\/abc-latina.com\/wp-json\/wp\/v2\/pages\/2300"}],"wp:featuredmedia":[{"embeddable":true,"href":"https:\/\/abc-latina.com\/wp-json\/wp\/v2\/media\/1824"}],"wp:attachment":[{"href":"https:\/\/abc-latina.com\/wp-json\/wp\/v2\/media?parent=1826"}],"curies":[{"name":"wp","href":"https:\/\/api.w.org\/{rel}","templated":true}]}}