{"id":1829,"date":"2010-07-29T17:53:57","date_gmt":"2010-07-29T15:53:57","guid":{"rendered":"http:\/\/abc-latina.com\/agence_de_voyages-htm-11\/"},"modified":"2026-04-30T18:25:01","modified_gmt":"2026-04-30T16:25:01","slug":"agence_de_voyages","status":"publish","type":"page","link":"https:\/\/abc-latina.com\/cuba\/agence_de_voyages\/","title":{"rendered":"AGENCES de VOYAGES CUBA"},"content":{"rendered":"<p><img loading=\"lazy\" decoding=\"async\" class=\" alignright size-full wp-image-1827\" src=\"http:\/\/abc-latina.com\/wp-content\/uploads\/2010\/07\/01-Cuba-cadre-haut.jpg\" alt=\"\" align=\"right\" width=\"295\" height=\"425\" srcset=\"https:\/\/abc-latina.com\/wp-content\/uploads\/2010\/07\/01-Cuba-cadre-haut.jpg 295w, https:\/\/abc-latina.com\/wp-content\/uploads\/2010\/07\/01-Cuba-cadre-haut-208x300.jpg 208w\" sizes=\"auto, (max-width: 295px) 100vw, 295px\" \/><span style=\"font-size: small;\">La mythique \u00eele de Cuba vous ouvre ses portes !<\/span><br \/><span style=\"font-size: small;\">Une destination unique en son genre entre ambiance carib\u00e9enne, paysages exceptionnelles et vestiges coloniaux. Embarquez pour les Cara\u00efbes avec Altiplano Voyage, <\/span><span style=\"font-size: medium;\"><span style=\"font-size: small;\">sp\u00e9cialiste des voyages sur-mesure \u00e0 Cuba<\/span><\/span><span style=\"font-size: small;\">.<\/span><\/p>\n<p><span style=\"font-size: small;\">La meilleure formule pour d\u00e9couvrir Cuba est la location de voiture. Traversez l&rsquo;\u00eele d&rsquo;un bout \u00e0 l&rsquo;autre, passant de La Havane coloniale aux champs de tabacs, pour finir sur les plages de sable blanc et l&rsquo;eau turquoise. Vous arr\u00eatant ici et l\u00e0, d\u00e9couvrez le processus de fabrication des fameux cigares cubains pr\u00e8s de Vi\u00f1ales, au cours d&rsquo;une visite priv\u00e9e exclusive, suivie d&rsquo;une balade \u00e0 cheval.<\/span><br \/><span style=\"font-size: small;\">Pour les sportifs, randonnez dans le Parc naturel de Topes de Collantes, vaste for\u00eat compos\u00e9e d&rsquo;une v\u00e9g\u00e9tation luxuriante. Enfin rencontrez les Cubains en passant la nuit dans une casa coloniale, o\u00f9 vous serez immanquablement charm\u00e9 par le style architecturale.<\/span><\/p>\n<p><span style=\"font-size: small;\">Agence \u00e0 taille humaine, Altiplano partage au quotidien sa passion du voyage. Une \u00e9quipe votre \u00e9coute pour organiser un voyage unique, au gr\u00e9 de vos envies et de vos besoins.  <\/span><\/p>\n<p style=\"margin-left: 40px;\"><strong><span style=\"font-size: medium;\"><a target=\"_blank\" href=\"https:\/\/www.altiplano-voyage.com\/demandedevis\/-1\/?utm_source=abc-latina&amp;utm_medium=liens&amp;utm_term=contact-agence-cuba\"><span style=\"font-size: small;\">CONTACTEZ ALTIPLANO VOYAGE<\/span><\/a><\/span><\/strong><span style=\"font-size: small;\"><strong> pour un devis sur mesure !<\/strong><\/span><\/p>\n<p style=\"margin-left: 40px;\"><span style=\"font-size: small;\"><strong>T\u00e9l : 04 57 09 80 08 <br \/>mail : <\/strong><\/span><span style=\"font-size: large;\"><span style=\"font-size: small;\"><strong>cuba@altiplano-voyage.com<\/strong><\/span><\/span><\/p>\n<p><img loading=\"lazy\" decoding=\"async\" class=\" alignright size-full wp-image-1828\" src=\"http:\/\/abc-latina.com\/wp-content\/uploads\/2010\/07\/02-Cuba-cadre-bas.jpg\" alt=\"\" width=\"770\" height=\"147\" align=\"right\" srcset=\"https:\/\/abc-latina.com\/wp-content\/uploads\/2010\/07\/02-Cuba-cadre-bas.jpg 770w, https:\/\/abc-latina.com\/wp-content\/uploads\/2010\/07\/02-Cuba-cadre-bas-300x58.jpg 300w, https:\/\/abc-latina.com\/wp-content\/uploads\/2010\/07\/02-Cuba-cadre-bas-768x148.jpg 768w\" sizes=\"auto, (max-width: 770px) 100vw, 770px\" \/><\/p>\n","protected":false},"excerpt":{"rendered":"<p>La mythique \u00eele de Cuba vous ouvre ses portes !Une destination unique en son genre entre ambiance carib\u00e9enne, paysages exceptionnelles [&hellip;]<\/p>\n","protected":false},"author":3,"featured_media":1827,"parent":2302,"menu_order":0,"comment_status":"closed","ping_status":"closed","template":"","meta":{"site-sidebar-layout":"default","site-content-layout":"","ast-site-content-layout":"default","site-content-style":"default","site-sidebar-style":"default","ast-global-header-display":"","ast-banner-title-visibility":"","ast-main-header-display":"","ast-hfb-above-header-display":"","ast-hfb-below-header-display":"","ast-hfb-mobile-header-display":"","site-post-title":"","ast-breadcrumbs-content":"","ast-featured-img":"","footer-sml-layout":"","ast-disable-related-posts":"","theme-transparent-header-meta":"","adv-header-id-meta":"","stick-header-meta":"","header-above-stick-meta":"","header-main-stick-meta":"","header-below-stick-meta":"","astra-migrate-meta-layouts":"default","ast-page-background-enabled":"default","ast-page-background-meta":{"desktop":{"background-color":"var(--ast-global-color-5)","background-image":"","background-repeat":"repeat","background-position":"center center","background-size":"auto","background-attachment":"scroll","background-type":"","background-media":"","overlay-type":"","overlay-color":"","overlay-opacity":"","overlay-gradient":""},"tablet":{"background-color":"","background-image":"","background-repeat":"repeat","background-position":"center center","background-size":"auto","background-attachment":"scroll","background-type":"","background-media":"","overlay-type":"","overlay-color":"","overlay-opacity":"","overlay-gradient":""},"mobile":{"background-color":"","background-image":"","background-repeat":"repeat","background-position":"center center","background-size":"auto","background-attachment":"scroll","background-type":"","background-media":"","overlay-type":"","overlay-color":"","overlay-opacity":"","overlay-gradient":""}},"ast-content-background-meta":{"desktop":{"background-color":"var(--ast-global-color-4)","background-image":"","background-repeat":"repeat","background-position":"center center","background-size":"auto","background-attachment":"scroll","background-type":"","background-media":"","overlay-type":"","overlay-color":"","overlay-opacity":"","overlay-gradient":""},"tablet":{"background-color":"var(--ast-global-color-4)","background-image":"","background-repeat":"repeat","background-position":"center center","background-size":"auto","background-attachment":"scroll","background-type":"","background-media":"","overlay-type":"","overlay-color":"","overlay-opacity":"","overlay-gradient":""},"mobile":{"background-color":"var(--ast-global-color-4)","background-image":"","background-repeat":"repeat","background-position":"center center","background-size":"auto","background-attachment":"scroll","background-type":"","background-media":"","overlay-type":"","overlay-color":"","overlay-opacity":"","overlay-gradient":""}},"footnotes":""},"class_list":["post-1829","page","type-page","status-publish","has-post-thumbnail","hentry"],"yoast_head":"<!-- This site is optimized with the Yoast SEO plugin v27.5 - https:\/\/yoast.com\/product\/yoast-seo-wordpress\/ -->\n<title>AGENCES de VOYAGES CUBA - Abc-latina<\/title>\n<meta name=\"description\" content=\"Circuits touristiques \u00e0 Cuba propos\u00e9s par une agence de voyages.\" \/>\n<meta name=\"robots\" content=\"index, follow, max-snippet:-1, max-image-preview:large, max-video-preview:-1\" \/>\n<link rel=\"canonical\" href=\"https:\/\/abc-latina.com\/cuba\/agence_de_voyages\/\" \/>\n<meta property=\"og:locale\" content=\"fr_FR\" \/>\n<meta property=\"og:type\" content=\"article\" \/>\n<meta property=\"og:title\" content=\"AGENCES de VOYAGES CUBA - Abc-latina\" \/>\n<meta property=\"og:description\" content=\"Circuits touristiques \u00e0 Cuba propos\u00e9s par une agence de voyages.\" \/>\n<meta property=\"og:url\" content=\"https:\/\/abc-latina.com\/cuba\/agence_de_voyages\/\" \/>\n<meta property=\"og:site_name\" content=\"Abc-latina\" \/>\n<meta property=\"article:modified_time\" content=\"2026-04-30T16:25:01+00:00\" \/>\n<meta property=\"og:image\" content=\"https:\/\/abc-latina.com\/wp-content\/uploads\/2010\/07\/01-Cuba-cadre-haut.jpg\" \/>\n\t<meta property=\"og:image:width\" content=\"295\" \/>\n\t<meta property=\"og:image:height\" content=\"425\" \/>\n\t<meta property=\"og:image:type\" content=\"image\/jpeg\" \/>\n<meta name=\"twitter:card\" content=\"summary_large_image\" \/>\n<meta name=\"twitter:label1\" content=\"Dur\u00e9e de lecture estim\u00e9e\" \/>\n\t<meta name=\"twitter:data1\" content=\"1 minute\" \/>\n<script type=\"application\/ld+json\" class=\"yoast-schema-graph\">{\"@context\":\"https:\\\/\\\/schema.org\",\"@graph\":[{\"@type\":\"WebPage\",\"@id\":\"https:\\\/\\\/abc-latina.com\\\/cuba\\\/agence_de_voyages\\\/\",\"url\":\"https:\\\/\\\/abc-latina.com\\\/cuba\\\/agence_de_voyages\\\/\",\"name\":\"AGENCES de VOYAGES CUBA - Abc-latina\",\"isPartOf\":{\"@id\":\"https:\\\/\\\/abc-latina.com\\\/#website\"},\"primaryImageOfPage\":{\"@id\":\"https:\\\/\\\/abc-latina.com\\\/cuba\\\/agence_de_voyages\\\/#primaryimage\"},\"image\":{\"@id\":\"https:\\\/\\\/abc-latina.com\\\/cuba\\\/agence_de_voyages\\\/#primaryimage\"},\"thumbnailUrl\":\"https:\\\/\\\/abc-latina.com\\\/wp-content\\\/uploads\\\/2010\\\/07\\\/01-Cuba-cadre-haut.jpg\",\"datePublished\":\"2010-07-29T15:53:57+00:00\",\"dateModified\":\"2026-04-30T16:25:01+00:00\",\"description\":\"Circuits touristiques \u00e0 Cuba propos\u00e9s par une agence de voyages.\",\"breadcrumb\":{\"@id\":\"https:\\\/\\\/abc-latina.com\\\/cuba\\\/agence_de_voyages\\\/#breadcrumb\"},\"inLanguage\":\"fr-FR\",\"potentialAction\":[{\"@type\":\"ReadAction\",\"target\":[\"https:\\\/\\\/abc-latina.com\\\/cuba\\\/agence_de_voyages\\\/\"]}]},{\"@type\":\"ImageObject\",\"inLanguage\":\"fr-FR\",\"@id\":\"https:\\\/\\\/abc-latina.com\\\/cuba\\\/agence_de_voyages\\\/#primaryimage\",\"url\":\"https:\\\/\\\/abc-latina.com\\\/wp-content\\\/uploads\\\/2010\\\/07\\\/01-Cuba-cadre-haut.jpg\",\"contentUrl\":\"https:\\\/\\\/abc-latina.com\\\/wp-content\\\/uploads\\\/2010\\\/07\\\/01-Cuba-cadre-haut.jpg\",\"width\":295,\"height\":425},{\"@type\":\"BreadcrumbList\",\"@id\":\"https:\\\/\\\/abc-latina.com\\\/cuba\\\/agence_de_voyages\\\/#breadcrumb\",\"itemListElement\":[{\"@type\":\"ListItem\",\"position\":1,\"name\":\"Accueil\",\"item\":\"https:\\\/\\\/abc-latina.com\\\/\"},{\"@type\":\"ListItem\",\"position\":2,\"name\":\"AGENCES de VOYAGES CUBA\"}]},{\"@type\":\"WebSite\",\"@id\":\"https:\\\/\\\/abc-latina.com\\\/#website\",\"url\":\"https:\\\/\\\/abc-latina.com\\\/\",\"name\":\"Abc-latina\",\"description\":\"\",\"publisher\":{\"@id\":\"https:\\\/\\\/abc-latina.com\\\/#organization\"},\"potentialAction\":[{\"@type\":\"SearchAction\",\"target\":{\"@type\":\"EntryPoint\",\"urlTemplate\":\"https:\\\/\\\/abc-latina.com\\\/?s={search_term_string}\"},\"query-input\":{\"@type\":\"PropertyValueSpecification\",\"valueRequired\":true,\"valueName\":\"search_term_string\"}}],\"inLanguage\":\"fr-FR\"},{\"@type\":\"Organization\",\"@id\":\"https:\\\/\\\/abc-latina.com\\\/#organization\",\"name\":\"Abc-latina\",\"url\":\"https:\\\/\\\/abc-latina.com\\\/\",\"logo\":{\"@type\":\"ImageObject\",\"inLanguage\":\"fr-FR\",\"@id\":\"https:\\\/\\\/abc-latina.com\\\/#\\\/schema\\\/logo\\\/image\\\/\",\"url\":\"https:\\\/\\\/abc-latina.com\\\/wp-content\\\/uploads\\\/2026\\\/05\\\/cropped-logo.gif\",\"contentUrl\":\"https:\\\/\\\/abc-latina.com\\\/wp-content\\\/uploads\\\/2026\\\/05\\\/cropped-logo.gif\",\"width\":89,\"height\":84,\"caption\":\"Abc-latina\"},\"image\":{\"@id\":\"https:\\\/\\\/abc-latina.com\\\/#\\\/schema\\\/logo\\\/image\\\/\"}}]}<\/script>\n<!-- \/ Yoast SEO plugin. -->","yoast_head_json":{"title":"AGENCES de VOYAGES CUBA - Abc-latina","description":"Circuits touristiques \u00e0 Cuba propos\u00e9s par une agence de voyages.","robots":{"index":"index","follow":"follow","max-snippet":"max-snippet:-1","max-image-preview":"max-image-preview:large","max-video-preview":"max-video-preview:-1"},"canonical":"https:\/\/abc-latina.com\/cuba\/agence_de_voyages\/","og_locale":"fr_FR","og_type":"article","og_title":"AGENCES de VOYAGES CUBA - Abc-latina","og_description":"Circuits touristiques \u00e0 Cuba propos\u00e9s par une agence de voyages.","og_url":"https:\/\/abc-latina.com\/cuba\/agence_de_voyages\/","og_site_name":"Abc-latina","article_modified_time":"2026-04-30T16:25:01+00:00","og_image":[{"width":295,"height":425,"url":"https:\/\/abc-latina.com\/wp-content\/uploads\/2010\/07\/01-Cuba-cadre-haut.jpg","type":"image\/jpeg"}],"twitter_card":"summary_large_image","twitter_misc":{"Dur\u00e9e de lecture estim\u00e9e":"1 minute"},"schema":{"@context":"https:\/\/schema.org","@graph":[{"@type":"WebPage","@id":"https:\/\/abc-latina.com\/cuba\/agence_de_voyages\/","url":"https:\/\/abc-latina.com\/cuba\/agence_de_voyages\/","name":"AGENCES de VOYAGES CUBA - Abc-latina","isPartOf":{"@id":"https:\/\/abc-latina.com\/#website"},"primaryImageOfPage":{"@id":"https:\/\/abc-latina.com\/cuba\/agence_de_voyages\/#primaryimage"},"image":{"@id":"https:\/\/abc-latina.com\/cuba\/agence_de_voyages\/#primaryimage"},"thumbnailUrl":"https:\/\/abc-latina.com\/wp-content\/uploads\/2010\/07\/01-Cuba-cadre-haut.jpg","datePublished":"2010-07-29T15:53:57+00:00","dateModified":"2026-04-30T16:25:01+00:00","description":"Circuits touristiques \u00e0 Cuba propos\u00e9s par une agence de voyages.","breadcrumb":{"@id":"https:\/\/abc-latina.com\/cuba\/agence_de_voyages\/#breadcrumb"},"inLanguage":"fr-FR","potentialAction":[{"@type":"ReadAction","target":["https:\/\/abc-latina.com\/cuba\/agence_de_voyages\/"]}]},{"@type":"ImageObject","inLanguage":"fr-FR","@id":"https:\/\/abc-latina.com\/cuba\/agence_de_voyages\/#primaryimage","url":"https:\/\/abc-latina.com\/wp-content\/uploads\/2010\/07\/01-Cuba-cadre-haut.jpg","contentUrl":"https:\/\/abc-latina.com\/wp-content\/uploads\/2010\/07\/01-Cuba-cadre-haut.jpg","width":295,"height":425},{"@type":"BreadcrumbList","@id":"https:\/\/abc-latina.com\/cuba\/agence_de_voyages\/#breadcrumb","itemListElement":[{"@type":"ListItem","position":1,"name":"Accueil","item":"https:\/\/abc-latina.com\/"},{"@type":"ListItem","position":2,"name":"AGENCES de VOYAGES CUBA"}]},{"@type":"WebSite","@id":"https:\/\/abc-latina.com\/#website","url":"https:\/\/abc-latina.com\/","name":"Abc-latina","description":"","publisher":{"@id":"https:\/\/abc-latina.com\/#organization"},"potentialAction":[{"@type":"SearchAction","target":{"@type":"EntryPoint","urlTemplate":"https:\/\/abc-latina.com\/?s={search_term_string}"},"query-input":{"@type":"PropertyValueSpecification","valueRequired":true,"valueName":"search_term_string"}}],"inLanguage":"fr-FR"},{"@type":"Organization","@id":"https:\/\/abc-latina.com\/#organization","name":"Abc-latina","url":"https:\/\/abc-latina.com\/","logo":{"@type":"ImageObject","inLanguage":"fr-FR","@id":"https:\/\/abc-latina.com\/#\/schema\/logo\/image\/","url":"https:\/\/abc-latina.com\/wp-content\/uploads\/2026\/05\/cropped-logo.gif","contentUrl":"https:\/\/abc-latina.com\/wp-content\/uploads\/2026\/05\/cropped-logo.gif","width":89,"height":84,"caption":"Abc-latina"},"image":{"@id":"https:\/\/abc-latina.com\/#\/schema\/logo\/image\/"}}]}},"_links":{"self":[{"href":"https:\/\/abc-latina.com\/wp-json\/wp\/v2\/pages\/1829","targetHints":{"allow":["GET"]}}],"collection":[{"href":"https:\/\/abc-latina.com\/wp-json\/wp\/v2\/pages"}],"about":[{"href":"https:\/\/abc-latina.com\/wp-json\/wp\/v2\/types\/page"}],"author":[{"embeddable":true,"href":"https:\/\/abc-latina.com\/wp-json\/wp\/v2\/users\/3"}],"replies":[{"embeddable":true,"href":"https:\/\/abc-latina.com\/wp-json\/wp\/v2\/comments?post=1829"}],"version-history":[{"count":1,"href":"https:\/\/abc-latina.com\/wp-json\/wp\/v2\/pages\/1829\/revisions"}],"predecessor-version":[{"id":3398,"href":"https:\/\/abc-latina.com\/wp-json\/wp\/v2\/pages\/1829\/revisions\/3398"}],"up":[{"embeddable":true,"href":"https:\/\/abc-latina.com\/wp-json\/wp\/v2\/pages\/2302"}],"wp:featuredmedia":[{"embeddable":true,"href":"https:\/\/abc-latina.com\/wp-json\/wp\/v2\/media\/1827"}],"wp:attachment":[{"href":"https:\/\/abc-latina.com\/wp-json\/wp\/v2\/media?parent=1829"}],"curies":[{"name":"wp","href":"https:\/\/api.w.org\/{rel}","templated":true}]}}