{"id":1838,"date":"2010-07-29T18:00:30","date_gmt":"2010-07-29T16:00:30","guid":{"rendered":"http:\/\/abc-latina.com\/agence_de_voyages-htm-14\/"},"modified":"2026-04-30T18:25:06","modified_gmt":"2026-04-30T16:25:06","slug":"agence_de_voyages","status":"publish","type":"page","link":"https:\/\/abc-latina.com\/honduras\/agence_de_voyages\/","title":{"rendered":"AGENCES de VOYAGES HONDURAS"},"content":{"rendered":"<p><img loading=\"lazy\" decoding=\"async\" class=\" alignright size-full wp-image-1836\" src=\"http:\/\/abc-latina.com\/wp-content\/uploads\/2010\/07\/01-honduras-cadre-haut.jpg\" alt=\"\" align=\"right\" width=\"295\" height=\"425\" srcset=\"https:\/\/abc-latina.com\/wp-content\/uploads\/2010\/07\/01-honduras-cadre-haut.jpg 295w, https:\/\/abc-latina.com\/wp-content\/uploads\/2010\/07\/01-honduras-cadre-haut-208x300.jpg 208w\" sizes=\"auto, (max-width: 295px) 100vw, 295px\" \/><span style=\"font-size: medium;\">Ambiance paradisiaque et populations locales ! Partez avec Altiplano Voyage, <\/span><span style=\"font-size: medium;\">sp\u00e9cialiste du circuits sur-mesure au Honduras<\/span><span style=\"font-size: medium;\">.<\/span><\/p>\n<p><span style=\"font-size: medium;\">Entre eau turquoise et plages de sable blanc, partez \u00e0 la rencontre des communaut\u00e9s indiennes telles que les Lencas dans la r\u00e9gion de Gracias, ou les Garifuna, descendants des esclaves africains.<\/span><\/p>\n<p><span style=\"font-size: medium;\">D\u00e9couvrez la ville de Comayagua, qui poss\u00e8de l&rsquo;une des plus vieilles cath\u00e9drales d&rsquo;Am\u00e9rique Centrale.<\/span><\/p>\n<p><span style=\"font-size: medium;\">Amoureux de la nature, c&rsquo;est au lac Yojoa que vous trouvez votre bonheur avec la pr\u00e9sence d&rsquo;innombrables esp\u00e8ces d&rsquo;oiseaux et d&rsquo;un parc \u00e9co-arch\u00e9ologique.<\/span><\/p>\n<p><span style=\"font-size: medium;\">Altiplano fait de sa passion du voyage son m\u00e9tier, et c&rsquo;est au quotidien que ses cr\u00e9ateurs de voyage distillent conseils et anecdotes sur des destinations exotiques. <\/span><span style=\"font-size: medium;\"> <\/span><\/p>\n<p style=\"margin-left: 40px;\"><strong><span style=\"font-size: medium;\"><a target=\"_blank\" href=\"https:\/\/www.altiplano-voyage.com\/demandedevis\/-1\/?utm_source=abc-latina&amp;utm_medium=liens&amp;utm_term=contact-agence-honduras\">CONTACTEZ ALTIPLANO VOYAGE<\/a><\/span><\/strong><strong><span style=\"font-size: medium;\"> pour une devis sur mesure !  <br \/><\/span><\/strong><span style=\"font-size: medium;\"><a href=\"mailto:honduras@altiplano-voyage.com?subject=Suite%20%C3%A0%20ma%20visite%20sur%20le%20site%20ABC%20Latina\"><\/a><\/span><\/p>\n<p><img loading=\"lazy\" decoding=\"async\" class=\" alignright size-full wp-image-1837\" src=\"http:\/\/abc-latina.com\/wp-content\/uploads\/2010\/07\/02-Honduras-cadre-bas.jpg\" alt=\"\" width=\"770\" height=\"147\" align=\"right\" srcset=\"https:\/\/abc-latina.com\/wp-content\/uploads\/2010\/07\/02-Honduras-cadre-bas.jpg 770w, https:\/\/abc-latina.com\/wp-content\/uploads\/2010\/07\/02-Honduras-cadre-bas-300x58.jpg 300w, https:\/\/abc-latina.com\/wp-content\/uploads\/2010\/07\/02-Honduras-cadre-bas-768x148.jpg 768w\" sizes=\"auto, (max-width: 770px) 100vw, 770px\" \/><\/p>\n","protected":false},"excerpt":{"rendered":"<p>Ambiance paradisiaque et populations locales ! Partez avec Altiplano Voyage, sp\u00e9cialiste du circuits sur-mesure au Honduras. Entre eau turquoise et [&hellip;]<\/p>\n","protected":false},"author":3,"featured_media":1836,"parent":2306,"menu_order":0,"comment_status":"closed","ping_status":"closed","template":"","meta":{"site-sidebar-layout":"default","site-content-layout":"","ast-site-content-layout":"default","site-content-style":"default","site-sidebar-style":"default","ast-global-header-display":"","ast-banner-title-visibility":"","ast-main-header-display":"","ast-hfb-above-header-display":"","ast-hfb-below-header-display":"","ast-hfb-mobile-header-display":"","site-post-title":"","ast-breadcrumbs-content":"","ast-featured-img":"","footer-sml-layout":"","ast-disable-related-posts":"","theme-transparent-header-meta":"","adv-header-id-meta":"","stick-header-meta":"","header-above-stick-meta":"","header-main-stick-meta":"","header-below-stick-meta":"","astra-migrate-meta-layouts":"default","ast-page-background-enabled":"default","ast-page-background-meta":{"desktop":{"background-color":"var(--ast-global-color-5)","background-image":"","background-repeat":"repeat","background-position":"center center","background-size":"auto","background-attachment":"scroll","background-type":"","background-media":"","overlay-type":"","overlay-color":"","overlay-opacity":"","overlay-gradient":""},"tablet":{"background-color":"","background-image":"","background-repeat":"repeat","background-position":"center center","background-size":"auto","background-attachment":"scroll","background-type":"","background-media":"","overlay-type":"","overlay-color":"","overlay-opacity":"","overlay-gradient":""},"mobile":{"background-color":"","background-image":"","background-repeat":"repeat","background-position":"center center","background-size":"auto","background-attachment":"scroll","background-type":"","background-media":"","overlay-type":"","overlay-color":"","overlay-opacity":"","overlay-gradient":""}},"ast-content-background-meta":{"desktop":{"background-color":"var(--ast-global-color-4)","background-image":"","background-repeat":"repeat","background-position":"center center","background-size":"auto","background-attachment":"scroll","background-type":"","background-media":"","overlay-type":"","overlay-color":"","overlay-opacity":"","overlay-gradient":""},"tablet":{"background-color":"var(--ast-global-color-4)","background-image":"","background-repeat":"repeat","background-position":"center center","background-size":"auto","background-attachment":"scroll","background-type":"","background-media":"","overlay-type":"","overlay-color":"","overlay-opacity":"","overlay-gradient":""},"mobile":{"background-color":"var(--ast-global-color-4)","background-image":"","background-repeat":"repeat","background-position":"center center","background-size":"auto","background-attachment":"scroll","background-type":"","background-media":"","overlay-type":"","overlay-color":"","overlay-opacity":"","overlay-gradient":""}},"footnotes":""},"class_list":["post-1838","page","type-page","status-publish","has-post-thumbnail","hentry"],"yoast_head":"<!-- This site is optimized with the Yoast SEO plugin v27.5 - https:\/\/yoast.com\/product\/yoast-seo-wordpress\/ -->\n<title>AGENCES de VOYAGES HONDURAS - Abc-latina<\/title>\n<meta name=\"description\" content=\"Circuits touristiques au Honduras, agence de voyages sp\u00e9cialiste du Honduras.\" \/>\n<meta name=\"robots\" content=\"index, follow, max-snippet:-1, max-image-preview:large, max-video-preview:-1\" \/>\n<link rel=\"canonical\" href=\"https:\/\/abc-latina.com\/honduras\/agence_de_voyages\/\" \/>\n<meta property=\"og:locale\" content=\"fr_FR\" \/>\n<meta property=\"og:type\" content=\"article\" \/>\n<meta property=\"og:title\" content=\"AGENCES de VOYAGES HONDURAS - Abc-latina\" \/>\n<meta property=\"og:description\" content=\"Circuits touristiques au Honduras, agence de voyages sp\u00e9cialiste du Honduras.\" \/>\n<meta property=\"og:url\" content=\"https:\/\/abc-latina.com\/honduras\/agence_de_voyages\/\" \/>\n<meta property=\"og:site_name\" content=\"Abc-latina\" \/>\n<meta property=\"article:modified_time\" content=\"2026-04-30T16:25:06+00:00\" \/>\n<meta property=\"og:image\" content=\"https:\/\/abc-latina.com\/wp-content\/uploads\/2010\/07\/01-honduras-cadre-haut.jpg\" \/>\n\t<meta property=\"og:image:width\" content=\"295\" \/>\n\t<meta property=\"og:image:height\" content=\"425\" \/>\n\t<meta property=\"og:image:type\" content=\"image\/jpeg\" \/>\n<meta name=\"twitter:card\" content=\"summary_large_image\" \/>\n<meta name=\"twitter:label1\" content=\"Dur\u00e9e de lecture estim\u00e9e\" \/>\n\t<meta name=\"twitter:data1\" content=\"1 minute\" \/>\n<script type=\"application\/ld+json\" class=\"yoast-schema-graph\">{\"@context\":\"https:\\\/\\\/schema.org\",\"@graph\":[{\"@type\":\"WebPage\",\"@id\":\"https:\\\/\\\/abc-latina.com\\\/honduras\\\/agence_de_voyages\\\/\",\"url\":\"https:\\\/\\\/abc-latina.com\\\/honduras\\\/agence_de_voyages\\\/\",\"name\":\"AGENCES de VOYAGES HONDURAS - Abc-latina\",\"isPartOf\":{\"@id\":\"https:\\\/\\\/abc-latina.com\\\/#website\"},\"primaryImageOfPage\":{\"@id\":\"https:\\\/\\\/abc-latina.com\\\/honduras\\\/agence_de_voyages\\\/#primaryimage\"},\"image\":{\"@id\":\"https:\\\/\\\/abc-latina.com\\\/honduras\\\/agence_de_voyages\\\/#primaryimage\"},\"thumbnailUrl\":\"https:\\\/\\\/abc-latina.com\\\/wp-content\\\/uploads\\\/2010\\\/07\\\/01-honduras-cadre-haut.jpg\",\"datePublished\":\"2010-07-29T16:00:30+00:00\",\"dateModified\":\"2026-04-30T16:25:06+00:00\",\"description\":\"Circuits touristiques au Honduras, agence de voyages sp\u00e9cialiste du Honduras.\",\"breadcrumb\":{\"@id\":\"https:\\\/\\\/abc-latina.com\\\/honduras\\\/agence_de_voyages\\\/#breadcrumb\"},\"inLanguage\":\"fr-FR\",\"potentialAction\":[{\"@type\":\"ReadAction\",\"target\":[\"https:\\\/\\\/abc-latina.com\\\/honduras\\\/agence_de_voyages\\\/\"]}]},{\"@type\":\"ImageObject\",\"inLanguage\":\"fr-FR\",\"@id\":\"https:\\\/\\\/abc-latina.com\\\/honduras\\\/agence_de_voyages\\\/#primaryimage\",\"url\":\"https:\\\/\\\/abc-latina.com\\\/wp-content\\\/uploads\\\/2010\\\/07\\\/01-honduras-cadre-haut.jpg\",\"contentUrl\":\"https:\\\/\\\/abc-latina.com\\\/wp-content\\\/uploads\\\/2010\\\/07\\\/01-honduras-cadre-haut.jpg\",\"width\":295,\"height\":425},{\"@type\":\"BreadcrumbList\",\"@id\":\"https:\\\/\\\/abc-latina.com\\\/honduras\\\/agence_de_voyages\\\/#breadcrumb\",\"itemListElement\":[{\"@type\":\"ListItem\",\"position\":1,\"name\":\"Accueil\",\"item\":\"https:\\\/\\\/abc-latina.com\\\/\"},{\"@type\":\"ListItem\",\"position\":2,\"name\":\"AGENCES de VOYAGES HONDURAS\"}]},{\"@type\":\"WebSite\",\"@id\":\"https:\\\/\\\/abc-latina.com\\\/#website\",\"url\":\"https:\\\/\\\/abc-latina.com\\\/\",\"name\":\"Abc-latina\",\"description\":\"\",\"publisher\":{\"@id\":\"https:\\\/\\\/abc-latina.com\\\/#organization\"},\"potentialAction\":[{\"@type\":\"SearchAction\",\"target\":{\"@type\":\"EntryPoint\",\"urlTemplate\":\"https:\\\/\\\/abc-latina.com\\\/?s={search_term_string}\"},\"query-input\":{\"@type\":\"PropertyValueSpecification\",\"valueRequired\":true,\"valueName\":\"search_term_string\"}}],\"inLanguage\":\"fr-FR\"},{\"@type\":\"Organization\",\"@id\":\"https:\\\/\\\/abc-latina.com\\\/#organization\",\"name\":\"Abc-latina\",\"url\":\"https:\\\/\\\/abc-latina.com\\\/\",\"logo\":{\"@type\":\"ImageObject\",\"inLanguage\":\"fr-FR\",\"@id\":\"https:\\\/\\\/abc-latina.com\\\/#\\\/schema\\\/logo\\\/image\\\/\",\"url\":\"https:\\\/\\\/abc-latina.com\\\/wp-content\\\/uploads\\\/2026\\\/05\\\/cropped-logo.gif\",\"contentUrl\":\"https:\\\/\\\/abc-latina.com\\\/wp-content\\\/uploads\\\/2026\\\/05\\\/cropped-logo.gif\",\"width\":89,\"height\":84,\"caption\":\"Abc-latina\"},\"image\":{\"@id\":\"https:\\\/\\\/abc-latina.com\\\/#\\\/schema\\\/logo\\\/image\\\/\"}}]}<\/script>\n<!-- \/ Yoast SEO plugin. -->","yoast_head_json":{"title":"AGENCES de VOYAGES HONDURAS - Abc-latina","description":"Circuits touristiques au Honduras, agence de voyages sp\u00e9cialiste du Honduras.","robots":{"index":"index","follow":"follow","max-snippet":"max-snippet:-1","max-image-preview":"max-image-preview:large","max-video-preview":"max-video-preview:-1"},"canonical":"https:\/\/abc-latina.com\/honduras\/agence_de_voyages\/","og_locale":"fr_FR","og_type":"article","og_title":"AGENCES de VOYAGES HONDURAS - Abc-latina","og_description":"Circuits touristiques au Honduras, agence de voyages sp\u00e9cialiste du Honduras.","og_url":"https:\/\/abc-latina.com\/honduras\/agence_de_voyages\/","og_site_name":"Abc-latina","article_modified_time":"2026-04-30T16:25:06+00:00","og_image":[{"width":295,"height":425,"url":"https:\/\/abc-latina.com\/wp-content\/uploads\/2010\/07\/01-honduras-cadre-haut.jpg","type":"image\/jpeg"}],"twitter_card":"summary_large_image","twitter_misc":{"Dur\u00e9e de lecture estim\u00e9e":"1 minute"},"schema":{"@context":"https:\/\/schema.org","@graph":[{"@type":"WebPage","@id":"https:\/\/abc-latina.com\/honduras\/agence_de_voyages\/","url":"https:\/\/abc-latina.com\/honduras\/agence_de_voyages\/","name":"AGENCES de VOYAGES HONDURAS - Abc-latina","isPartOf":{"@id":"https:\/\/abc-latina.com\/#website"},"primaryImageOfPage":{"@id":"https:\/\/abc-latina.com\/honduras\/agence_de_voyages\/#primaryimage"},"image":{"@id":"https:\/\/abc-latina.com\/honduras\/agence_de_voyages\/#primaryimage"},"thumbnailUrl":"https:\/\/abc-latina.com\/wp-content\/uploads\/2010\/07\/01-honduras-cadre-haut.jpg","datePublished":"2010-07-29T16:00:30+00:00","dateModified":"2026-04-30T16:25:06+00:00","description":"Circuits touristiques au Honduras, agence de voyages sp\u00e9cialiste du Honduras.","breadcrumb":{"@id":"https:\/\/abc-latina.com\/honduras\/agence_de_voyages\/#breadcrumb"},"inLanguage":"fr-FR","potentialAction":[{"@type":"ReadAction","target":["https:\/\/abc-latina.com\/honduras\/agence_de_voyages\/"]}]},{"@type":"ImageObject","inLanguage":"fr-FR","@id":"https:\/\/abc-latina.com\/honduras\/agence_de_voyages\/#primaryimage","url":"https:\/\/abc-latina.com\/wp-content\/uploads\/2010\/07\/01-honduras-cadre-haut.jpg","contentUrl":"https:\/\/abc-latina.com\/wp-content\/uploads\/2010\/07\/01-honduras-cadre-haut.jpg","width":295,"height":425},{"@type":"BreadcrumbList","@id":"https:\/\/abc-latina.com\/honduras\/agence_de_voyages\/#breadcrumb","itemListElement":[{"@type":"ListItem","position":1,"name":"Accueil","item":"https:\/\/abc-latina.com\/"},{"@type":"ListItem","position":2,"name":"AGENCES de VOYAGES HONDURAS"}]},{"@type":"WebSite","@id":"https:\/\/abc-latina.com\/#website","url":"https:\/\/abc-latina.com\/","name":"Abc-latina","description":"","publisher":{"@id":"https:\/\/abc-latina.com\/#organization"},"potentialAction":[{"@type":"SearchAction","target":{"@type":"EntryPoint","urlTemplate":"https:\/\/abc-latina.com\/?s={search_term_string}"},"query-input":{"@type":"PropertyValueSpecification","valueRequired":true,"valueName":"search_term_string"}}],"inLanguage":"fr-FR"},{"@type":"Organization","@id":"https:\/\/abc-latina.com\/#organization","name":"Abc-latina","url":"https:\/\/abc-latina.com\/","logo":{"@type":"ImageObject","inLanguage":"fr-FR","@id":"https:\/\/abc-latina.com\/#\/schema\/logo\/image\/","url":"https:\/\/abc-latina.com\/wp-content\/uploads\/2026\/05\/cropped-logo.gif","contentUrl":"https:\/\/abc-latina.com\/wp-content\/uploads\/2026\/05\/cropped-logo.gif","width":89,"height":84,"caption":"Abc-latina"},"image":{"@id":"https:\/\/abc-latina.com\/#\/schema\/logo\/image\/"}}]}},"_links":{"self":[{"href":"https:\/\/abc-latina.com\/wp-json\/wp\/v2\/pages\/1838","targetHints":{"allow":["GET"]}}],"collection":[{"href":"https:\/\/abc-latina.com\/wp-json\/wp\/v2\/pages"}],"about":[{"href":"https:\/\/abc-latina.com\/wp-json\/wp\/v2\/types\/page"}],"author":[{"embeddable":true,"href":"https:\/\/abc-latina.com\/wp-json\/wp\/v2\/users\/3"}],"replies":[{"embeddable":true,"href":"https:\/\/abc-latina.com\/wp-json\/wp\/v2\/comments?post=1838"}],"version-history":[{"count":1,"href":"https:\/\/abc-latina.com\/wp-json\/wp\/v2\/pages\/1838\/revisions"}],"predecessor-version":[{"id":3495,"href":"https:\/\/abc-latina.com\/wp-json\/wp\/v2\/pages\/1838\/revisions\/3495"}],"up":[{"embeddable":true,"href":"https:\/\/abc-latina.com\/wp-json\/wp\/v2\/pages\/2306"}],"wp:featuredmedia":[{"embeddable":true,"href":"https:\/\/abc-latina.com\/wp-json\/wp\/v2\/media\/1836"}],"wp:attachment":[{"href":"https:\/\/abc-latina.com\/wp-json\/wp\/v2\/media?parent=1838"}],"curies":[{"name":"wp","href":"https:\/\/api.w.org\/{rel}","templated":true}]}}