{"id":1855,"date":"2010-07-30T00:07:33","date_gmt":"2010-07-29T22:07:33","guid":{"rendered":"http:\/\/abc-latina.com\/presidents_colombiens-htm\/"},"modified":"2018-06-10T14:45:35","modified_gmt":"2018-06-10T12:45:35","slug":"presidents_colombiens","status":"publish","type":"page","link":"https:\/\/abc-latina.com\/presidents_colombiens\/","title":{"rendered":"PRESIDENTS COLOMBIENS"},"content":{"rendered":"<div>(1904-1909) &nbsp; &nbsp;Rafael Reyes&nbsp;<\/div>\n<div>(1909) &nbsp; &nbsp; &nbsp; &nbsp; &nbsp; &nbsp;Jorge Holgu\u00edn&nbsp;<\/div>\n<div>(1909-1910) &nbsp; &nbsp;Ram\u00f3n Gonz\u00e1lez Valencia&nbsp;<\/div>\n<div>(1910-1914) &nbsp; &nbsp;Carlos Emilio Restrepo&nbsp;<\/div>\n<div>(1914-1918) &nbsp; &nbsp;Jos\u00e9 Vicente Concha&nbsp;<\/div>\n<div>(1918-1921) &nbsp; &nbsp;Marco Fidel Su\u00e1rez&nbsp;<\/div>\n<div>(1921-1922) &nbsp; &nbsp;Jorge Holgu\u00edn&nbsp;<\/div>\n<div>(1922-1926) &nbsp; &nbsp;Pedro Nel Ospina&nbsp;<\/div>\n<div>(1926-1930) &nbsp; &nbsp;Miguel Abadia M\u00e9ndez&nbsp;<\/div>\n<div>(1930-1934) &nbsp; &nbsp;Enrique Olaya Herrera&nbsp;<\/div>\n<div>(1934-1938) &nbsp; &nbsp;Alfonso L\u00f3pez Pumarejo&nbsp;<\/div>\n<div>(1938-1942) &nbsp; &nbsp;Eduardo Santos&nbsp;<\/div>\n<div>(1942-1945) &nbsp; &nbsp;Alfonso L\u00f3pez Pumarejo&nbsp;<\/div>\n<div>(1945-1946) &nbsp; &nbsp;Alberto Lleras Camargo&nbsp;<\/div>\n<div>(1946-1950) &nbsp; &nbsp;Mariano Ospina P\u00e9rez&nbsp;<\/div>\n<div>(1950-1951) &nbsp; &nbsp;Laureano G\u00f3mez&nbsp;<\/div>\n<div>(1951-1953) &nbsp; &nbsp;Roberto Udarneta Arbelaez&nbsp;<\/div>\n<div>(1953-1957) &nbsp; &nbsp;Gustavo Rojas Pinilla&nbsp;<\/div>\n<div>(1957-1958) &nbsp; &nbsp;Junte militaire&nbsp;<\/div>\n<div>(1958-1962) &nbsp; &nbsp;Alberto Lleras Camargo&nbsp;<\/div>\n<div>(1962-1966) &nbsp; &nbsp;Guillermo Leon Valencia&nbsp;<\/div>\n<div>(1966-1970) &nbsp; &nbsp;Carlos Lleras Restrepo&nbsp;<\/div>\n<div>(1970-1974) &nbsp; &nbsp;Misael Pastrana Borrero&nbsp;<\/div>\n<div>(1974-1978) &nbsp; &nbsp;Alfonso L\u00f3pez Michelsen&nbsp;<\/div>\n<div>(1978-1982) &nbsp; &nbsp;Julio C\u00e9sar Turbay Ayala&nbsp;<\/div>\n<div>(1982-1986) &nbsp; &nbsp;Belisario Betancur&nbsp;<\/div>\n<div>(1986-1990) &nbsp; &nbsp;Virgilo Barco Vargas&nbsp;<\/div>\n<div>(1990-1994) &nbsp; &nbsp;C\u00e9sar Gaviria Trujillo&nbsp;<\/div>\n<div>(1994-1998) &nbsp; &nbsp;Ernesto Samper Pizano&nbsp;<\/div>\n<div>(1998-2002) &nbsp; &nbsp;Andr\u00e9s Pastrana Arango&nbsp;<\/div>\n<div>(2002-2010) &nbsp; &nbsp;<a href=\"https:\/\/www.abc-latina.com\/personnalites\/alvaro_uribe\" target=\"_blank\">\u00c1lvaro Uribe V\u00e9lez<\/a><\/div>\n<div>Depuis 2010 &nbsp; &nbsp;Juan Manuel Santos<\/div>\n","protected":false},"excerpt":{"rendered":"<p>(1904-1909) &nbsp; &nbsp;Rafael Reyes&nbsp; (1909) &nbsp; &nbsp; &nbsp; &nbsp; &nbsp; &nbsp;Jorge Holgu\u00edn&nbsp; (1909-1910) &nbsp; &nbsp;Ram\u00f3n Gonz\u00e1lez Valencia&nbsp; (1910-1914) &nbsp; &nbsp;Carlos [&hellip;]<\/p>\n","protected":false},"author":3,"featured_media":0,"parent":0,"menu_order":0,"comment_status":"closed","ping_status":"closed","template":"","meta":{"site-sidebar-layout":"default","site-content-layout":"","ast-site-content-layout":"default","site-content-style":"default","site-sidebar-style":"default","ast-global-header-display":"","ast-banner-title-visibility":"","ast-main-header-display":"","ast-hfb-above-header-display":"","ast-hfb-below-header-display":"","ast-hfb-mobile-header-display":"","site-post-title":"","ast-breadcrumbs-content":"","ast-featured-img":"","footer-sml-layout":"","ast-disable-related-posts":"","theme-transparent-header-meta":"","adv-header-id-meta":"","stick-header-meta":"","header-above-stick-meta":"","header-main-stick-meta":"","header-below-stick-meta":"","astra-migrate-meta-layouts":"default","ast-page-background-enabled":"default","ast-page-background-meta":{"desktop":{"background-color":"var(--ast-global-color-5)","background-image":"","background-repeat":"repeat","background-position":"center center","background-size":"auto","background-attachment":"scroll","background-type":"","background-media":"","overlay-type":"","overlay-color":"","overlay-opacity":"","overlay-gradient":""},"tablet":{"background-color":"","background-image":"","background-repeat":"repeat","background-position":"center center","background-size":"auto","background-attachment":"scroll","background-type":"","background-media":"","overlay-type":"","overlay-color":"","overlay-opacity":"","overlay-gradient":""},"mobile":{"background-color":"","background-image":"","background-repeat":"repeat","background-position":"center center","background-size":"auto","background-attachment":"scroll","background-type":"","background-media":"","overlay-type":"","overlay-color":"","overlay-opacity":"","overlay-gradient":""}},"ast-content-background-meta":{"desktop":{"background-color":"var(--ast-global-color-4)","background-image":"","background-repeat":"repeat","background-position":"center center","background-size":"auto","background-attachment":"scroll","background-type":"","background-media":"","overlay-type":"","overlay-color":"","overlay-opacity":"","overlay-gradient":""},"tablet":{"background-color":"var(--ast-global-color-4)","background-image":"","background-repeat":"repeat","background-position":"center center","background-size":"auto","background-attachment":"scroll","background-type":"","background-media":"","overlay-type":"","overlay-color":"","overlay-opacity":"","overlay-gradient":""},"mobile":{"background-color":"var(--ast-global-color-4)","background-image":"","background-repeat":"repeat","background-position":"center center","background-size":"auto","background-attachment":"scroll","background-type":"","background-media":"","overlay-type":"","overlay-color":"","overlay-opacity":"","overlay-gradient":""}},"footnotes":""},"class_list":["post-1855","page","type-page","status-publish","hentry"],"yoast_head":"<!-- This site is optimized with the Yoast SEO plugin v27.5 - https:\/\/yoast.com\/product\/yoast-seo-wordpress\/ -->\n<title>PRESIDENTS COLOMBIENS - Abc-latina<\/title>\n<meta name=\"description\" content=\"Liste des pr\u00e9sidents colombiens.\" \/>\n<meta name=\"robots\" content=\"index, follow, max-snippet:-1, max-image-preview:large, max-video-preview:-1\" \/>\n<link rel=\"canonical\" href=\"https:\/\/abc-latina.com\/presidents_colombiens\/\" \/>\n<meta property=\"og:locale\" content=\"fr_FR\" \/>\n<meta property=\"og:type\" content=\"article\" \/>\n<meta property=\"og:title\" content=\"PRESIDENTS COLOMBIENS - Abc-latina\" \/>\n<meta property=\"og:description\" content=\"Liste des pr\u00e9sidents colombiens.\" \/>\n<meta property=\"og:url\" content=\"https:\/\/abc-latina.com\/presidents_colombiens\/\" \/>\n<meta property=\"og:site_name\" content=\"Abc-latina\" \/>\n<meta property=\"article:modified_time\" content=\"2018-06-10T12:45:35+00:00\" \/>\n<meta name=\"twitter:card\" content=\"summary_large_image\" \/>\n<meta name=\"twitter:label1\" content=\"Dur\u00e9e de lecture estim\u00e9e\" \/>\n\t<meta name=\"twitter:data1\" content=\"1 minute\" \/>\n<script type=\"application\/ld+json\" class=\"yoast-schema-graph\">{\"@context\":\"https:\\\/\\\/schema.org\",\"@graph\":[{\"@type\":\"WebPage\",\"@id\":\"https:\\\/\\\/abc-latina.com\\\/presidents_colombiens\\\/\",\"url\":\"https:\\\/\\\/abc-latina.com\\\/presidents_colombiens\\\/\",\"name\":\"PRESIDENTS COLOMBIENS - Abc-latina\",\"isPartOf\":{\"@id\":\"https:\\\/\\\/abc-latina.com\\\/#website\"},\"datePublished\":\"2010-07-29T22:07:33+00:00\",\"dateModified\":\"2018-06-10T12:45:35+00:00\",\"description\":\"Liste des pr\u00e9sidents colombiens.\",\"breadcrumb\":{\"@id\":\"https:\\\/\\\/abc-latina.com\\\/presidents_colombiens\\\/#breadcrumb\"},\"inLanguage\":\"fr-FR\",\"potentialAction\":[{\"@type\":\"ReadAction\",\"target\":[\"https:\\\/\\\/abc-latina.com\\\/presidents_colombiens\\\/\"]}]},{\"@type\":\"BreadcrumbList\",\"@id\":\"https:\\\/\\\/abc-latina.com\\\/presidents_colombiens\\\/#breadcrumb\",\"itemListElement\":[{\"@type\":\"ListItem\",\"position\":1,\"name\":\"Accueil\",\"item\":\"https:\\\/\\\/abc-latina.com\\\/\"},{\"@type\":\"ListItem\",\"position\":2,\"name\":\"PRESIDENTS COLOMBIENS\"}]},{\"@type\":\"WebSite\",\"@id\":\"https:\\\/\\\/abc-latina.com\\\/#website\",\"url\":\"https:\\\/\\\/abc-latina.com\\\/\",\"name\":\"Abc-latina\",\"description\":\"\",\"publisher\":{\"@id\":\"https:\\\/\\\/abc-latina.com\\\/#organization\"},\"potentialAction\":[{\"@type\":\"SearchAction\",\"target\":{\"@type\":\"EntryPoint\",\"urlTemplate\":\"https:\\\/\\\/abc-latina.com\\\/?s={search_term_string}\"},\"query-input\":{\"@type\":\"PropertyValueSpecification\",\"valueRequired\":true,\"valueName\":\"search_term_string\"}}],\"inLanguage\":\"fr-FR\"},{\"@type\":\"Organization\",\"@id\":\"https:\\\/\\\/abc-latina.com\\\/#organization\",\"name\":\"Abc-latina\",\"url\":\"https:\\\/\\\/abc-latina.com\\\/\",\"logo\":{\"@type\":\"ImageObject\",\"inLanguage\":\"fr-FR\",\"@id\":\"https:\\\/\\\/abc-latina.com\\\/#\\\/schema\\\/logo\\\/image\\\/\",\"url\":\"https:\\\/\\\/abc-latina.com\\\/wp-content\\\/uploads\\\/2026\\\/05\\\/cropped-logo.gif\",\"contentUrl\":\"https:\\\/\\\/abc-latina.com\\\/wp-content\\\/uploads\\\/2026\\\/05\\\/cropped-logo.gif\",\"width\":89,\"height\":84,\"caption\":\"Abc-latina\"},\"image\":{\"@id\":\"https:\\\/\\\/abc-latina.com\\\/#\\\/schema\\\/logo\\\/image\\\/\"}}]}<\/script>\n<!-- \/ Yoast SEO plugin. -->","yoast_head_json":{"title":"PRESIDENTS COLOMBIENS - Abc-latina","description":"Liste des pr\u00e9sidents colombiens.","robots":{"index":"index","follow":"follow","max-snippet":"max-snippet:-1","max-image-preview":"max-image-preview:large","max-video-preview":"max-video-preview:-1"},"canonical":"https:\/\/abc-latina.com\/presidents_colombiens\/","og_locale":"fr_FR","og_type":"article","og_title":"PRESIDENTS COLOMBIENS - Abc-latina","og_description":"Liste des pr\u00e9sidents colombiens.","og_url":"https:\/\/abc-latina.com\/presidents_colombiens\/","og_site_name":"Abc-latina","article_modified_time":"2018-06-10T12:45:35+00:00","twitter_card":"summary_large_image","twitter_misc":{"Dur\u00e9e de lecture estim\u00e9e":"1 minute"},"schema":{"@context":"https:\/\/schema.org","@graph":[{"@type":"WebPage","@id":"https:\/\/abc-latina.com\/presidents_colombiens\/","url":"https:\/\/abc-latina.com\/presidents_colombiens\/","name":"PRESIDENTS COLOMBIENS - Abc-latina","isPartOf":{"@id":"https:\/\/abc-latina.com\/#website"},"datePublished":"2010-07-29T22:07:33+00:00","dateModified":"2018-06-10T12:45:35+00:00","description":"Liste des pr\u00e9sidents colombiens.","breadcrumb":{"@id":"https:\/\/abc-latina.com\/presidents_colombiens\/#breadcrumb"},"inLanguage":"fr-FR","potentialAction":[{"@type":"ReadAction","target":["https:\/\/abc-latina.com\/presidents_colombiens\/"]}]},{"@type":"BreadcrumbList","@id":"https:\/\/abc-latina.com\/presidents_colombiens\/#breadcrumb","itemListElement":[{"@type":"ListItem","position":1,"name":"Accueil","item":"https:\/\/abc-latina.com\/"},{"@type":"ListItem","position":2,"name":"PRESIDENTS COLOMBIENS"}]},{"@type":"WebSite","@id":"https:\/\/abc-latina.com\/#website","url":"https:\/\/abc-latina.com\/","name":"Abc-latina","description":"","publisher":{"@id":"https:\/\/abc-latina.com\/#organization"},"potentialAction":[{"@type":"SearchAction","target":{"@type":"EntryPoint","urlTemplate":"https:\/\/abc-latina.com\/?s={search_term_string}"},"query-input":{"@type":"PropertyValueSpecification","valueRequired":true,"valueName":"search_term_string"}}],"inLanguage":"fr-FR"},{"@type":"Organization","@id":"https:\/\/abc-latina.com\/#organization","name":"Abc-latina","url":"https:\/\/abc-latina.com\/","logo":{"@type":"ImageObject","inLanguage":"fr-FR","@id":"https:\/\/abc-latina.com\/#\/schema\/logo\/image\/","url":"https:\/\/abc-latina.com\/wp-content\/uploads\/2026\/05\/cropped-logo.gif","contentUrl":"https:\/\/abc-latina.com\/wp-content\/uploads\/2026\/05\/cropped-logo.gif","width":89,"height":84,"caption":"Abc-latina"},"image":{"@id":"https:\/\/abc-latina.com\/#\/schema\/logo\/image\/"}}]}},"_links":{"self":[{"href":"https:\/\/abc-latina.com\/wp-json\/wp\/v2\/pages\/1855","targetHints":{"allow":["GET"]}}],"collection":[{"href":"https:\/\/abc-latina.com\/wp-json\/wp\/v2\/pages"}],"about":[{"href":"https:\/\/abc-latina.com\/wp-json\/wp\/v2\/types\/page"}],"author":[{"embeddable":true,"href":"https:\/\/abc-latina.com\/wp-json\/wp\/v2\/users\/3"}],"replies":[{"embeddable":true,"href":"https:\/\/abc-latina.com\/wp-json\/wp\/v2\/comments?post=1855"}],"version-history":[{"count":0,"href":"https:\/\/abc-latina.com\/wp-json\/wp\/v2\/pages\/1855\/revisions"}],"wp:attachment":[{"href":"https:\/\/abc-latina.com\/wp-json\/wp\/v2\/media?parent=1855"}],"curies":[{"name":"wp","href":"https:\/\/api.w.org\/{rel}","templated":true}]}}