{"id":1858,"date":"2010-07-30T00:25:18","date_gmt":"2010-07-29T22:25:18","guid":{"rendered":"http:\/\/abc-latina.com\/peche-sportive-php\/"},"modified":"2026-04-30T18:25:01","modified_gmt":"2026-04-30T16:25:01","slug":"peche-sportive","status":"publish","type":"page","link":"https:\/\/abc-latina.com\/costarica\/tourisme\/peche-sportive\/","title":{"rendered":"PECHE SPORTIVE au COSTA RICA"},"content":{"rendered":"<div>Gr\u00e2ce \u00e0 sa grande diversit\u00e9 de faune marine, le Costa Rica est devenu un must de la <span class=\"tourisme-chapitre\">p\u00eache sportive<\/span>. De la c\u00f4te Pacifique jusqu&rsquo;\u00e0 l&rsquo;exotique c\u00f4te carib\u00e9enne, vous trouverez tellement d&rsquo;esp\u00e8ces surprenantes que vous ne saurez plus quelle proie choisir ni o\u00f9 jeter votre hame\u00e7on. Localement vous trouverez: h\u00f4tels, \u00e9quipements de p\u00eache, guides et bateaux. Vous aurez la possibilit\u00e9 de partir p\u00eacher par vous-m\u00eame ou par l&rsquo;intermediaire d&rsquo;op\u00e9rateurs sp\u00e9cialis\u00e9s. Ceux-ci promeuvent et pratiquent la lib\u00e9ration de la majorit\u00e9 des esp\u00e8ces (attrape-le et lib\u00e8re-le) contribuant ainsi \u00e0 la conservation et \u00e0 l&rsquo;\u00e9cotourisme.&nbsp;<\/div>\n<div>Les diff\u00e9rents ports de plaisance mettent \u00e0 votre disposition tous les services n\u00e9cessaires: \u00e9lectricit\u00e9, eau potable, t\u00e9l\u00e9phones, s\u00e9curit\u00e9, \u00e9vacuation des d\u00e9chets, service de maintenance et r\u00e9paration de bateaux, ainsi que de petites embarcations et scooters des mers. Il existe \u00e9galement l&rsquo;option des pontons d&rsquo;amarrage.&nbsp;<\/div>\n<div>Dans certains lieux sp\u00e9cialis\u00e9s, il est possible de demander la fabrication de vos leurres.&nbsp;<\/div>\n<div>&nbsp;<\/div>\n<div><span class=\"tourisme-chapitre\">PACIFIQUE NORD&nbsp;<\/span><\/div>\n<div>Excellente r\u00e9gion pour profiter d&rsquo;une p\u00eache abondante tout au long de l&rsquo;ann\u00e9e, surtout si vous recherchez un rendez-vous avec le marlin; c&rsquo;est l&rsquo;un des meilleurs endroits pour le capturer.&nbsp;<\/div>\n<div>Les principaux points o\u00f9 vous pourrez pratiquer la p\u00eache sportive dans cette r\u00e9gion sont: Playas del Coco et Ocotal; Tamarindo, S\u00e1mara et Carrillo.<\/div>\n<div>&nbsp;<\/div>\n<div><span class=\"tourisme-chapitre\">PACIFIQUE CENTRAL&nbsp;<\/span><\/div>\n<div><a href=\"..\/tour_operateur\" target=\"_blank\"><img loading=\"lazy\" decoding=\"async\" class=\" size-full wp-image-41\" alt=\"\" class=\"touroperateur\" src=\"http:\/\/abc-latina.com\/wp-content\/uploads\/2010\/04\/timbre_to.gif\" width=\"125\" height=\"90\" \/><\/a>En plus de la beaut\u00e9 naturelle des Parcs Nationaux Carara et Manuel Antonio, cette r\u00e9gion vous offre la possibilit\u00e9 de profiter intens\u00e9ment des activit\u00e9s de p\u00eache. Playa Herradura est dot\u00e9e d&rsquo;une Marina avec les services et les conditions pour tous les passionn\u00e9s de ce sport captivant.&nbsp;<\/div>\n<div>&nbsp;<\/div>\n<div><span class=\"tourisme-chapitre\">PACIFIQUE SUD&nbsp;<\/span><\/div>\n<div>Vous trouverez d&rsquo;importants centres d&rsquo;op\u00e9rations pour la p\u00eache comme: Drake, Puerto Jim\u00e9nez, Zancudo, Golfo Dulce et Golfito, ce dernier \u00e9tant le principal port de la r\u00e9gion o\u00f9 vous pourrez trouver toutes les facilit\u00e9s n\u00e9cessaires \u00e0 votre voyage.&nbsp;<\/div>\n<div>&nbsp;<\/div>\n<div><span class=\"tourisme-chapitre\">CARA\u00cfBES NORD&nbsp;<\/span><\/div>\n<div>Venez vivre une exp\u00e9rience inoubliable dans la r\u00e9gion des Cara\u00efbes, vous y trouverez des esp\u00e8ces tr\u00e8s diff\u00e9rentes de celles de la c\u00f4te Pacifique, comme le bar par exemple. De plus, tout en p\u00eachant vous pourrez admirer l&rsquo;exub\u00e9rante nature et le paysage unique des Cara\u00efbes costariciennes.&nbsp;<\/div>\n<div>&nbsp;<\/div>\n<div><span class=\"tourisme-chapitre\">VARIETE D&rsquo;ESPECES&nbsp;<\/span><\/div>\n<div>Vous n&rsquo;aurez que l&#8217;embarras du choix. Vous pouvez opter pour la p\u00eache en mer, en rivi\u00e8re, dans les lacs ou les canaux d&rsquo;eau douce du Pacifique ou des Cara\u00efbes. Le lac Arenal est r\u00e9put\u00e9 pour la p\u00eache du Guapote (perche arc-en-ciel), que l&rsquo;on peut \u00e9galement p\u00eacher dans le lac Coter, l&rsquo;\u00e9tang de Hule, celui de Congo \u00e0 Sarapiqui, le lac Rio Cuarto \u00e0 Grecia, l&rsquo;\u00e9tang Bonilla \u00e0 Turrialba, ainsi qu&rsquo;\u00e0 Ca\u00f1o Negro \u00e0 Los Chiles, o\u00f9 cette activit\u00e9 est en plein essor depuis ces derni\u00e8res ann\u00e9es.&nbsp;<\/div>\n<div>&nbsp;<\/div>\n<div>A Ca\u00f1o Negro vous pourrez \u00e9galement p\u00eacher le poisson gaspar (Atractosteus tropicus), c\u00e9l\u00e8bre pour sa gueule de crocodile et son corps de poisson, l&rsquo;une des plus anciennes esp\u00e8ces de notre continent. Les experts le consid\u00e8rent un fossile vivant, sa p\u00eache est donc soumise \u00e0 quelques restrictions.&nbsp;<\/div>\n<div>&nbsp;<\/div>\n<div>Pour une exp\u00e9rience plus familiale, vous trouverez dans tout le pays de petits h\u00f4tels ou divers endroits o\u00f9 vous pourrez p\u00eacher dans de petits lacs artificiels.&nbsp;<\/div>\n<div>&nbsp;<\/div>\n<div>Ces sites, o\u00f9 vous trouverez des tilapias en zones chaudes et des truites en zones froides, vous offrent de cuisiner sur place le fruit de votre p\u00eache, pour compl\u00e9ter de mani\u00e8re id\u00e9ale ce moment familial.<\/div>\n<div>&nbsp;<\/div>\n<div><a href=\"https:\/\/www.abc-latina.com\/amerique_latine\/tourisme_sportif\/peche_sportive\" target=\"_blank\">O\u00f9 pratiquer la P\u00eache en Am\u00e9rique latine ?<\/a><\/div>\n<div>&nbsp;<\/div>\n<h3>Pr\u00e9parez votre voyage au Costa Rica:<\/h3>\n<div><a href=\"https:\/\/www.abc-latina.com\/costarica\/agence_de_voyages\">Agences de voyage g\u00e9n\u00e9ralistes et discounteurs<\/a><\/div>\n<div><a href=\"https:\/\/www.abc-latina.com\/costarica\/tour_operateur\">Tours Op\u00e9rateurs sp\u00e9cialistes du Costa Rica<\/a><\/div>\n<div><a href=\"https:\/\/www.abc-latina.com\/to\/reservation_billet_avion\" target=\"_blank\">R\u00e9servez votre billet d&rsquo;avion<\/a><\/div>\n<div><a href=\"https:\/\/www.abc-latina.com\/costarica\/hotels\">R\u00e9servez votre h\u00f4tel au Costa Rica<\/a>&nbsp;<\/div>\n<div><a href=\"https:\/\/www.abc-latina.com\/to\/location_de_voiture_costa_rica\" target=\"_blank\">Location de voiture<\/a><\/div>\n","protected":false},"excerpt":{"rendered":"<p>Gr\u00e2ce \u00e0 sa grande diversit\u00e9 de faune marine, le Costa Rica est devenu un must de la p\u00eache sportive. De [&hellip;]<\/p>\n","protected":false},"author":3,"featured_media":41,"parent":2432,"menu_order":0,"comment_status":"closed","ping_status":"closed","template":"","meta":{"site-sidebar-layout":"default","site-content-layout":"","ast-site-content-layout":"default","site-content-style":"default","site-sidebar-style":"default","ast-global-header-display":"","ast-banner-title-visibility":"","ast-main-header-display":"","ast-hfb-above-header-display":"","ast-hfb-below-header-display":"","ast-hfb-mobile-header-display":"","site-post-title":"","ast-breadcrumbs-content":"","ast-featured-img":"","footer-sml-layout":"","ast-disable-related-posts":"","theme-transparent-header-meta":"","adv-header-id-meta":"","stick-header-meta":"","header-above-stick-meta":"","header-main-stick-meta":"","header-below-stick-meta":"","astra-migrate-meta-layouts":"default","ast-page-background-enabled":"default","ast-page-background-meta":{"desktop":{"background-color":"var(--ast-global-color-5)","background-image":"","background-repeat":"repeat","background-position":"center center","background-size":"auto","background-attachment":"scroll","background-type":"","background-media":"","overlay-type":"","overlay-color":"","overlay-opacity":"","overlay-gradient":""},"tablet":{"background-color":"","background-image":"","background-repeat":"repeat","background-position":"center center","background-size":"auto","background-attachment":"scroll","background-type":"","background-media":"","overlay-type":"","overlay-color":"","overlay-opacity":"","overlay-gradient":""},"mobile":{"background-color":"","background-image":"","background-repeat":"repeat","background-position":"center center","background-size":"auto","background-attachment":"scroll","background-type":"","background-media":"","overlay-type":"","overlay-color":"","overlay-opacity":"","overlay-gradient":""}},"ast-content-background-meta":{"desktop":{"background-color":"var(--ast-global-color-4)","background-image":"","background-repeat":"repeat","background-position":"center center","background-size":"auto","background-attachment":"scroll","background-type":"","background-media":"","overlay-type":"","overlay-color":"","overlay-opacity":"","overlay-gradient":""},"tablet":{"background-color":"var(--ast-global-color-4)","background-image":"","background-repeat":"repeat","background-position":"center center","background-size":"auto","background-attachment":"scroll","background-type":"","background-media":"","overlay-type":"","overlay-color":"","overlay-opacity":"","overlay-gradient":""},"mobile":{"background-color":"var(--ast-global-color-4)","background-image":"","background-repeat":"repeat","background-position":"center center","background-size":"auto","background-attachment":"scroll","background-type":"","background-media":"","overlay-type":"","overlay-color":"","overlay-opacity":"","overlay-gradient":""}},"footnotes":""},"class_list":["post-1858","page","type-page","status-publish","has-post-thumbnail","hentry"],"yoast_head":"<!-- This site is optimized with the Yoast SEO plugin v27.5 - https:\/\/yoast.com\/product\/yoast-seo-wordpress\/ -->\n<title>PECHE SPORTIVE au COSTA RICA - Abc-latina<\/title>\n<meta name=\"description\" content=\"La p\u00eache sportive au Costa rica.\" \/>\n<meta name=\"robots\" content=\"index, follow, max-snippet:-1, max-image-preview:large, max-video-preview:-1\" \/>\n<link rel=\"canonical\" href=\"https:\/\/abc-latina.com\/costarica\/tourisme\/peche-sportive\/\" \/>\n<meta property=\"og:locale\" content=\"fr_FR\" \/>\n<meta property=\"og:type\" content=\"article\" \/>\n<meta property=\"og:title\" content=\"PECHE SPORTIVE au COSTA RICA - Abc-latina\" \/>\n<meta property=\"og:description\" content=\"La p\u00eache sportive au Costa rica.\" \/>\n<meta property=\"og:url\" content=\"https:\/\/abc-latina.com\/costarica\/tourisme\/peche-sportive\/\" \/>\n<meta property=\"og:site_name\" content=\"Abc-latina\" \/>\n<meta property=\"article:modified_time\" content=\"2026-04-30T16:25:01+00:00\" \/>\n<meta property=\"og:image\" content=\"https:\/\/abc-latina.com\/wp-content\/uploads\/2010\/04\/timbre_to.gif\" \/>\n\t<meta property=\"og:image:width\" content=\"125\" \/>\n\t<meta property=\"og:image:height\" content=\"90\" \/>\n\t<meta property=\"og:image:type\" content=\"image\/gif\" \/>\n<meta name=\"twitter:card\" content=\"summary_large_image\" \/>\n<meta name=\"twitter:label1\" content=\"Dur\u00e9e de lecture estim\u00e9e\" \/>\n\t<meta name=\"twitter:data1\" content=\"3 minutes\" \/>\n<script type=\"application\/ld+json\" class=\"yoast-schema-graph\">{\"@context\":\"https:\\\/\\\/schema.org\",\"@graph\":[{\"@type\":\"WebPage\",\"@id\":\"https:\\\/\\\/abc-latina.com\\\/costarica\\\/tourisme\\\/peche-sportive\\\/\",\"url\":\"https:\\\/\\\/abc-latina.com\\\/costarica\\\/tourisme\\\/peche-sportive\\\/\",\"name\":\"PECHE SPORTIVE au COSTA RICA - Abc-latina\",\"isPartOf\":{\"@id\":\"https:\\\/\\\/abc-latina.com\\\/#website\"},\"primaryImageOfPage\":{\"@id\":\"https:\\\/\\\/abc-latina.com\\\/costarica\\\/tourisme\\\/peche-sportive\\\/#primaryimage\"},\"image\":{\"@id\":\"https:\\\/\\\/abc-latina.com\\\/costarica\\\/tourisme\\\/peche-sportive\\\/#primaryimage\"},\"thumbnailUrl\":\"https:\\\/\\\/abc-latina.com\\\/wp-content\\\/uploads\\\/2010\\\/04\\\/timbre_to.gif\",\"datePublished\":\"2010-07-29T22:25:18+00:00\",\"dateModified\":\"2026-04-30T16:25:01+00:00\",\"description\":\"La p\u00eache sportive au Costa rica.\",\"breadcrumb\":{\"@id\":\"https:\\\/\\\/abc-latina.com\\\/costarica\\\/tourisme\\\/peche-sportive\\\/#breadcrumb\"},\"inLanguage\":\"fr-FR\",\"potentialAction\":[{\"@type\":\"ReadAction\",\"target\":[\"https:\\\/\\\/abc-latina.com\\\/costarica\\\/tourisme\\\/peche-sportive\\\/\"]}]},{\"@type\":\"ImageObject\",\"inLanguage\":\"fr-FR\",\"@id\":\"https:\\\/\\\/abc-latina.com\\\/costarica\\\/tourisme\\\/peche-sportive\\\/#primaryimage\",\"url\":\"https:\\\/\\\/abc-latina.com\\\/wp-content\\\/uploads\\\/2010\\\/04\\\/timbre_to.gif\",\"contentUrl\":\"https:\\\/\\\/abc-latina.com\\\/wp-content\\\/uploads\\\/2010\\\/04\\\/timbre_to.gif\",\"width\":125,\"height\":90},{\"@type\":\"BreadcrumbList\",\"@id\":\"https:\\\/\\\/abc-latina.com\\\/costarica\\\/tourisme\\\/peche-sportive\\\/#breadcrumb\",\"itemListElement\":[{\"@type\":\"ListItem\",\"position\":1,\"name\":\"Accueil\",\"item\":\"https:\\\/\\\/abc-latina.com\\\/\"},{\"@type\":\"ListItem\",\"position\":2,\"name\":\"PECHE SPORTIVE au COSTA RICA\"}]},{\"@type\":\"WebSite\",\"@id\":\"https:\\\/\\\/abc-latina.com\\\/#website\",\"url\":\"https:\\\/\\\/abc-latina.com\\\/\",\"name\":\"Abc-latina\",\"description\":\"\",\"publisher\":{\"@id\":\"https:\\\/\\\/abc-latina.com\\\/#organization\"},\"potentialAction\":[{\"@type\":\"SearchAction\",\"target\":{\"@type\":\"EntryPoint\",\"urlTemplate\":\"https:\\\/\\\/abc-latina.com\\\/?s={search_term_string}\"},\"query-input\":{\"@type\":\"PropertyValueSpecification\",\"valueRequired\":true,\"valueName\":\"search_term_string\"}}],\"inLanguage\":\"fr-FR\"},{\"@type\":\"Organization\",\"@id\":\"https:\\\/\\\/abc-latina.com\\\/#organization\",\"name\":\"Abc-latina\",\"url\":\"https:\\\/\\\/abc-latina.com\\\/\",\"logo\":{\"@type\":\"ImageObject\",\"inLanguage\":\"fr-FR\",\"@id\":\"https:\\\/\\\/abc-latina.com\\\/#\\\/schema\\\/logo\\\/image\\\/\",\"url\":\"https:\\\/\\\/abc-latina.com\\\/wp-content\\\/uploads\\\/2026\\\/05\\\/cropped-logo.gif\",\"contentUrl\":\"https:\\\/\\\/abc-latina.com\\\/wp-content\\\/uploads\\\/2026\\\/05\\\/cropped-logo.gif\",\"width\":89,\"height\":84,\"caption\":\"Abc-latina\"},\"image\":{\"@id\":\"https:\\\/\\\/abc-latina.com\\\/#\\\/schema\\\/logo\\\/image\\\/\"}}]}<\/script>\n<!-- \/ Yoast SEO plugin. -->","yoast_head_json":{"title":"PECHE SPORTIVE au COSTA RICA - Abc-latina","description":"La p\u00eache sportive au Costa rica.","robots":{"index":"index","follow":"follow","max-snippet":"max-snippet:-1","max-image-preview":"max-image-preview:large","max-video-preview":"max-video-preview:-1"},"canonical":"https:\/\/abc-latina.com\/costarica\/tourisme\/peche-sportive\/","og_locale":"fr_FR","og_type":"article","og_title":"PECHE SPORTIVE au COSTA RICA - Abc-latina","og_description":"La p\u00eache sportive au Costa rica.","og_url":"https:\/\/abc-latina.com\/costarica\/tourisme\/peche-sportive\/","og_site_name":"Abc-latina","article_modified_time":"2026-04-30T16:25:01+00:00","og_image":[{"width":125,"height":90,"url":"https:\/\/abc-latina.com\/wp-content\/uploads\/2010\/04\/timbre_to.gif","type":"image\/gif"}],"twitter_card":"summary_large_image","twitter_misc":{"Dur\u00e9e de lecture estim\u00e9e":"3 minutes"},"schema":{"@context":"https:\/\/schema.org","@graph":[{"@type":"WebPage","@id":"https:\/\/abc-latina.com\/costarica\/tourisme\/peche-sportive\/","url":"https:\/\/abc-latina.com\/costarica\/tourisme\/peche-sportive\/","name":"PECHE SPORTIVE au COSTA RICA - Abc-latina","isPartOf":{"@id":"https:\/\/abc-latina.com\/#website"},"primaryImageOfPage":{"@id":"https:\/\/abc-latina.com\/costarica\/tourisme\/peche-sportive\/#primaryimage"},"image":{"@id":"https:\/\/abc-latina.com\/costarica\/tourisme\/peche-sportive\/#primaryimage"},"thumbnailUrl":"https:\/\/abc-latina.com\/wp-content\/uploads\/2010\/04\/timbre_to.gif","datePublished":"2010-07-29T22:25:18+00:00","dateModified":"2026-04-30T16:25:01+00:00","description":"La p\u00eache sportive au Costa rica.","breadcrumb":{"@id":"https:\/\/abc-latina.com\/costarica\/tourisme\/peche-sportive\/#breadcrumb"},"inLanguage":"fr-FR","potentialAction":[{"@type":"ReadAction","target":["https:\/\/abc-latina.com\/costarica\/tourisme\/peche-sportive\/"]}]},{"@type":"ImageObject","inLanguage":"fr-FR","@id":"https:\/\/abc-latina.com\/costarica\/tourisme\/peche-sportive\/#primaryimage","url":"https:\/\/abc-latina.com\/wp-content\/uploads\/2010\/04\/timbre_to.gif","contentUrl":"https:\/\/abc-latina.com\/wp-content\/uploads\/2010\/04\/timbre_to.gif","width":125,"height":90},{"@type":"BreadcrumbList","@id":"https:\/\/abc-latina.com\/costarica\/tourisme\/peche-sportive\/#breadcrumb","itemListElement":[{"@type":"ListItem","position":1,"name":"Accueil","item":"https:\/\/abc-latina.com\/"},{"@type":"ListItem","position":2,"name":"PECHE SPORTIVE au COSTA RICA"}]},{"@type":"WebSite","@id":"https:\/\/abc-latina.com\/#website","url":"https:\/\/abc-latina.com\/","name":"Abc-latina","description":"","publisher":{"@id":"https:\/\/abc-latina.com\/#organization"},"potentialAction":[{"@type":"SearchAction","target":{"@type":"EntryPoint","urlTemplate":"https:\/\/abc-latina.com\/?s={search_term_string}"},"query-input":{"@type":"PropertyValueSpecification","valueRequired":true,"valueName":"search_term_string"}}],"inLanguage":"fr-FR"},{"@type":"Organization","@id":"https:\/\/abc-latina.com\/#organization","name":"Abc-latina","url":"https:\/\/abc-latina.com\/","logo":{"@type":"ImageObject","inLanguage":"fr-FR","@id":"https:\/\/abc-latina.com\/#\/schema\/logo\/image\/","url":"https:\/\/abc-latina.com\/wp-content\/uploads\/2026\/05\/cropped-logo.gif","contentUrl":"https:\/\/abc-latina.com\/wp-content\/uploads\/2026\/05\/cropped-logo.gif","width":89,"height":84,"caption":"Abc-latina"},"image":{"@id":"https:\/\/abc-latina.com\/#\/schema\/logo\/image\/"}}]}},"_links":{"self":[{"href":"https:\/\/abc-latina.com\/wp-json\/wp\/v2\/pages\/1858","targetHints":{"allow":["GET"]}}],"collection":[{"href":"https:\/\/abc-latina.com\/wp-json\/wp\/v2\/pages"}],"about":[{"href":"https:\/\/abc-latina.com\/wp-json\/wp\/v2\/types\/page"}],"author":[{"embeddable":true,"href":"https:\/\/abc-latina.com\/wp-json\/wp\/v2\/users\/3"}],"replies":[{"embeddable":true,"href":"https:\/\/abc-latina.com\/wp-json\/wp\/v2\/comments?post=1858"}],"version-history":[{"count":1,"href":"https:\/\/abc-latina.com\/wp-json\/wp\/v2\/pages\/1858\/revisions"}],"predecessor-version":[{"id":3390,"href":"https:\/\/abc-latina.com\/wp-json\/wp\/v2\/pages\/1858\/revisions\/3390"}],"up":[{"embeddable":true,"href":"https:\/\/abc-latina.com\/wp-json\/wp\/v2\/pages\/2432"}],"wp:featuredmedia":[{"embeddable":true,"href":"https:\/\/abc-latina.com\/wp-json\/wp\/v2\/media\/41"}],"wp:attachment":[{"href":"https:\/\/abc-latina.com\/wp-json\/wp\/v2\/media?parent=1858"}],"curies":[{"name":"wp","href":"https:\/\/api.w.org\/{rel}","templated":true}]}}