{"id":1860,"date":"2010-07-30T00:50:30","date_gmt":"2010-07-29T22:50:30","guid":{"rendered":"http:\/\/abc-latina.com\/plongee-sous-marine-php-2\/"},"modified":"2026-04-30T18:25:01","modified_gmt":"2026-04-30T16:25:01","slug":"plongee-sous-marine","status":"publish","type":"page","link":"https:\/\/abc-latina.com\/costarica\/tourisme\/plongee-sous-marine\/","title":{"rendered":"PLONGEE au COSTA RICA"},"content":{"rendered":"<div>Le rivage qui se d\u00e9roule sur les c\u00f4tes Cara\u00efbe et Pacifique, associ\u00e9 au climat tropical du pays, donne l&rsquo;opportunit\u00e9 de d\u00e9couvrir de fantastiques fonds sous-marin. Les abondants r\u00e9cifs de coraux et les poissons multicolores offrent un merveilleux spectacle tout en nuances. La biodiversit\u00e9 des formations coralliennes n&rsquo;est comparable qu&rsquo;avec celle des for\u00eats tropicales terrestres.&nbsp;<\/div>\n<div>Ces eaux sont fort fr\u00e9quent\u00e9es par les requins, les poulpes et les raies manta, entre autres sp\u00e9cimens de faune marine.&nbsp;<\/div>\n<div>Les plus importants sites de plong\u00e9e se trouvent dans des lieux de grande biodiversit\u00e9 marine, souvent situ\u00e9s \u00e0 l&rsquo;int\u00e9rieur de zones sauvages marines prot\u00e9g\u00e9es comportant des zones humides de type r\u00e9cifal, grouillantes de vie, de formes et de couleurs.&nbsp;<\/div>\n<div>La plong\u00e9e au Costa Rica convient tant aux d\u00e9butants qu&rsquo;aux plongeurs exp\u00e9riment\u00e9s.<\/div>\n<div>&nbsp;<\/div>\n<div><span class=\"tourisme-chapitre\">Le Pacifique nord&nbsp;<\/span><\/div>\n<div>C&rsquo;est l&rsquo;une des zones les plus fr\u00e9quent\u00e9es par les plongeurs du monde entier.&nbsp;<\/div>\n<div>Playa Hermosa, Playas del Coco, Playa Ocotal et es \u00eeles Bola\u00f1os et Negritos, offrent les conditions id\u00e9ales pour la plong\u00e9e, permettant d&rsquo;admirer une faune marine d&rsquo;une grande diversit\u00e9.&nbsp;<\/div>\n<div>Les temp\u00e9ratures y oscillent g\u00e9n\u00e9ralement entre 24&ordm;C et 27&ordm;, mais celles-ci peuvent varier en fonction de l&rsquo;\u00e9poque de l&rsquo;ann\u00e9e, des courants et des thermoclines.&nbsp;<\/div>\n<div>Les arches et formations coralliennes de la Baie de Santa Elena, de Fila Playa Blanca et de Bajo Meros, lieu id\u00e9al pour les d\u00e9butants. La plong\u00e9e est aussi possible \u00e0 Punta Gorda, Bajo Tiburones, aux \u00eeIes Negritos, Cabros et Murci\u00e9lago, habitat naturel du requin bouledogue (Carcharhinus leucas) qui mesure de 2,5 \u00e0 4,5 m\u00e8tres de long et dont la saison optimale pour son observation va de mars \u00e0 novembre. On peut aussi joindre \u00e0 ces derni\u00e8res, l&rsquo;\u00eele Despensa et les \u00eeles Catalinas constituent un excellent site pour admirer une foisonnante vie sous-marine, unique en son genre.<\/div>\n<div>Tous ces sites sont id\u00e9aux pour observer diverses esp\u00e8ces de requins comme le requin baleine (Rhincodon typus), les dauphins, les mur\u00e8nes et les raies manta, dont la raie manta dor\u00e9e ou mourine du Pacifique (Rhinoptera steindachneri), entre autres esp\u00e8ces p\u00e9lagiques.<\/div>\n<div>&nbsp;<\/div>\n<div><span class=\"tourisme-chapitre\">Puntarenas et les iles du golfe&nbsp;<\/span><\/div>\n<div>Cette r\u00e9gion, facile d&rsquo;acc\u00e8s, offre de bonnes conditions pour la plong\u00e9e superficielle (selon les mar\u00e9es et les courants marins) dans le Refuge National de Vie Sauvage de Cur\u00fa et pr\u00e8s des complexes touristiques des plages de Tambor et Montezuma, en plus des \u00eeles situ\u00e9es dans le Golfe de Nicoya, comme la captivante \u00eele Tortuga.&nbsp;<\/div>\n<div>&nbsp;<\/div>\n<div><span class=\"tourisme-chapitre\">L&rsquo;ile du coco&nbsp;<\/span><\/div>\n<div>Ce Parc National, d&rsquo;une grande importance mondiale, a \u00e9t\u00e9 cr\u00e9\u00e9 en 1978 et d\u00e9clar\u00e9 Patrimoine Naturel de l&rsquo;Humanit\u00e9 par l&rsquo;UNESCO en 1997.&nbsp;<\/div>\n<div>Situ\u00e9e dans le Pacifique \u00e0 543 km de Cabo Blanco, l&rsquo;\u00eele du Coco est un v\u00e9ritable joyau sauvegard\u00e9 et auquel il est possible d&rsquo;acc\u00e9der par une longue travers\u00e9e en mer pour y d\u00e9couvrir son inoubliable richesse naturelle. Pour visiter l&rsquo;\u00eele du Coco, on doit contacter un tour op\u00e9rateur qui organisera le voyage. Apr\u00e8s une travers\u00e9e d&rsquo;environ un jour et demi, l&rsquo;\u00eele procure le mouillage et des facilit\u00e9s telles que des sentiers de randonn\u00e9e et de l&rsquo;eau potable. On y recoit \u00e9galement des explications sur tout ce qu&rsquo;il y a \u00e0 savoir sur l&rsquo;\u00eele.<\/div>\n<div>Gr\u00e2ce aux caract\u00e9ristiques sp\u00e9cifiques de son origine g\u00e9ologique, de sa situation g\u00e9ographique et pour \u00eatre une \u00eele oc\u00e9anique, l&rsquo;\u00cele du Coco renferme une grande diversit\u00e9 naturelle. Sa faune et sa flore, tant marine que terrestre, sont exceptionnelles et encore seulement partiellement recens\u00e9es. Des \u00e9tudes r\u00e9centes ont d\u00e9termin\u00e9 que l&rsquo;\u00eele abrite environ 600 esp\u00e8ces de mollusques marins, 300 esp\u00e8ces de poissons et 32 esp\u00e8ces de coraux, dont 9 en eaux profondes.&nbsp;<\/div>\n<div>La grande quantit\u00e9 de requins \u00e0 pointe blanche (Triaenodon obesus et Carcharinus albimarginatus), les migrations de bandes de requins marteau (Sphyrna lewini) pendant la saison de nettoyage, les thons (Thunnus sp.), les poissons perroquets (Scaridae), les mollusques et autres esp\u00e8ces de coraux des plus vari\u00e9es, font de cette \u00eele un paradis pour l&rsquo;exploration.<\/div>\n<div>&nbsp;<\/div>\n<div><span class=\"tourisme-chapitre\">Le pacifique central&nbsp;<\/span><\/div>\n<div>Cette r\u00e9gion est id\u00e9ale pour plonger en saison s\u00e8che et observer une grande diversit\u00e9 de poissons, de langoustes et de requins \u00e0 pointe blanche (Triaenodon obesus).&nbsp;<\/div>\n<div>A d\u00e9couvrir, les impressionnantes formations rocheuses et la grotte sous-marine du Parc National de Manuel Antonio, o\u00f9 il est possible d&rsquo;explorer les eaux de Punta Catedral, Puerto Escondido, Isla Mogote et Isla Olocuita.<\/div>\n<div>&nbsp;<\/div>\n<div><span class=\"tourisme-chapitre\">Le pacifique sud&nbsp;<\/span><\/div>\n<div><a href=\"..\/tour_operateur\" target=\"_blank\"><img loading=\"lazy\" decoding=\"async\" class=\" size-full wp-image-41\" alt=\"\" class=\"touroperateur\" src=\"http:\/\/abc-latina.com\/wp-content\/uploads\/2010\/04\/timbre_to.gif\" width=\"125\" height=\"90\" \/><\/a>Un splendide jardin sous-marin rempli de r\u00e9cifs coralliens aux couleurs impressionnantes. Dans cette r\u00e9gion, le meilleur site pour pratiquer la plong\u00e9e est la R\u00e9serve Biologique Isla del Ca\u00f1o, situ\u00e9e \u00e0 environ 45 minutes de Bah\u00eda Drake, dans la P\u00e9ninsule d&rsquo;Osa. On y d\u00e9couvre un \u00e9cosyst\u00e8me marin incomparable. Dans ce superbe endroit, on peut observer des requins marteau (Sphyrna lewini), des requins \u00e0 pointe blanche (Triaenodon obesus), des requins baleine (Rhincodon typus) et des raies manta. On peut aussi faire le voyage en compagnie des dauphins ou des baleines \u00e0 bosse (Megaptera novaeangliae), que l&rsquo;on appelle aussi jubartes, observables presque tout au long de l&rsquo;ann\u00e9e, sp\u00e9cialement durant l&rsquo;hiver du continent nord-am\u00e9ricain. Ce site est l&rsquo;unique endroit au monde o\u00f9 ces baleines arrivent de l&rsquo;h\u00e9misph\u00e8re nord comme de l&rsquo;h\u00e9misph\u00e8re sud \u00e0 diff\u00e9rentes \u00e9poques de l&rsquo;ann\u00e9e.<\/div>\n<div>On peut \u00e9galement explorer les \u00eelots Tres Hermanas et la zone maritime prot\u00e9g\u00e9e du Parc National Marin Ballena, qui abritent une grande quantit\u00e9 d&rsquo;esp\u00e8ces de corail. Haut-lieu d&rsquo;une abondante vie sous-marine, ce parc est particuli\u00e8rement int\u00e9ressant pour observer les migrations des baleines \u00e0 bosse (Megaptera novaeangliae).<\/div>\n<div>&nbsp;<\/div>\n<div><span class=\"tourisme-chapitre\">Le sud des Caraibes&nbsp;<\/span><\/div>\n<div>Baign\u00e9es d&rsquo;une v\u00e9g\u00e9tation exotique et impr\u00e9gn\u00e9es de culture carib\u00e9enne, ces eaux mystiques et fantastiques, encore peu visit\u00e9es, se caract\u00e9risent par leur impressionnant \u00e9cosyst\u00e8me de r\u00e9cif, prot\u00e9g\u00e9 par les Parcs Nationaux de Gandoca Manzanillo et Cahuita.&nbsp;<\/div>\n<div>Les r\u00e9cifs peuvent se trouver \u00e0 quelques m\u00e8tres de profondeur ou bien se composer de formations verticales de plus de 11 m\u00e8tres de profondeur. Cet univers corallien regorge de biodiversit\u00e9; plus de 123 esp\u00e8ces de poissons multicolores y vivent. Parmi elles, on trouve notamment diverses esp\u00e8ces de poissons anges, dont le poisson ange royal (Holacanthus sp.), le poisson perroquet (Scaridae) et le poisson porc-\u00e9pic (Diodontidae). Plus de 35 esp\u00e8ces de coraux sont r\u00e9pertori\u00e9es, dont le corail &quot;corne d&rsquo;\u00e9lan&quot; (Acropora palmata) et le corail &quot;cerveau&quot; (Diploria sp.).<\/div>\n<div>&nbsp;<\/div>\n<div><a href=\"https:\/\/www.abc-latina.com\/amerique_latine\/tourisme_sportif\/plongee\" target=\"_blank\">O\u00f9 pratiquer la plong\u00e9e en Am\u00e9rique latine ?<\/a><\/div>\n<div>&nbsp;<\/div>\n<h3>Pr\u00e9parez votre voyage au Costa Rica:<\/h3>\n<div><a href=\"https:\/\/www.abc-latina.com\/costarica\/agence_de_voyages\">Agences de voyage g\u00e9n\u00e9ralistes et discounteurs<\/a><\/div>\n<div><a href=\"https:\/\/www.abc-latina.com\/costarica\/tour_operateur\">Tours Op\u00e9rateurs sp\u00e9cialistes du Costa Rica<\/a><\/div>\n<div><a href=\"https:\/\/www.abc-latina.com\/to\/reservation_billet_avion\" target=\"_blank\">R\u00e9servez votre billet d&rsquo;avion<\/a><\/div>\n<div><a href=\"https:\/\/www.abc-latina.com\/costarica\/hotels\">R\u00e9servez votre h\u00f4tel au Costa Rica<\/a>&nbsp;<\/div>\n<div><a href=\"https:\/\/www.abc-latina.com\/to\/location_de_voiture_costa_rica\" target=\"_blank\">Location de voiture<\/a><\/div>\n","protected":false},"excerpt":{"rendered":"<p>Le rivage qui se d\u00e9roule sur les c\u00f4tes Cara\u00efbe et Pacifique, associ\u00e9 au climat tropical du pays, donne l&rsquo;opportunit\u00e9 de [&hellip;]<\/p>\n","protected":false},"author":3,"featured_media":41,"parent":2432,"menu_order":0,"comment_status":"closed","ping_status":"closed","template":"","meta":{"site-sidebar-layout":"default","site-content-layout":"","ast-site-content-layout":"default","site-content-style":"default","site-sidebar-style":"default","ast-global-header-display":"","ast-banner-title-visibility":"","ast-main-header-display":"","ast-hfb-above-header-display":"","ast-hfb-below-header-display":"","ast-hfb-mobile-header-display":"","site-post-title":"","ast-breadcrumbs-content":"","ast-featured-img":"","footer-sml-layout":"","ast-disable-related-posts":"","theme-transparent-header-meta":"","adv-header-id-meta":"","stick-header-meta":"","header-above-stick-meta":"","header-main-stick-meta":"","header-below-stick-meta":"","astra-migrate-meta-layouts":"default","ast-page-background-enabled":"default","ast-page-background-meta":{"desktop":{"background-color":"var(--ast-global-color-5)","background-image":"","background-repeat":"repeat","background-position":"center center","background-size":"auto","background-attachment":"scroll","background-type":"","background-media":"","overlay-type":"","overlay-color":"","overlay-opacity":"","overlay-gradient":""},"tablet":{"background-color":"","background-image":"","background-repeat":"repeat","background-position":"center center","background-size":"auto","background-attachment":"scroll","background-type":"","background-media":"","overlay-type":"","overlay-color":"","overlay-opacity":"","overlay-gradient":""},"mobile":{"background-color":"","background-image":"","background-repeat":"repeat","background-position":"center center","background-size":"auto","background-attachment":"scroll","background-type":"","background-media":"","overlay-type":"","overlay-color":"","overlay-opacity":"","overlay-gradient":""}},"ast-content-background-meta":{"desktop":{"background-color":"var(--ast-global-color-4)","background-image":"","background-repeat":"repeat","background-position":"center center","background-size":"auto","background-attachment":"scroll","background-type":"","background-media":"","overlay-type":"","overlay-color":"","overlay-opacity":"","overlay-gradient":""},"tablet":{"background-color":"var(--ast-global-color-4)","background-image":"","background-repeat":"repeat","background-position":"center center","background-size":"auto","background-attachment":"scroll","background-type":"","background-media":"","overlay-type":"","overlay-color":"","overlay-opacity":"","overlay-gradient":""},"mobile":{"background-color":"var(--ast-global-color-4)","background-image":"","background-repeat":"repeat","background-position":"center center","background-size":"auto","background-attachment":"scroll","background-type":"","background-media":"","overlay-type":"","overlay-color":"","overlay-opacity":"","overlay-gradient":""}},"footnotes":""},"class_list":["post-1860","page","type-page","status-publish","has-post-thumbnail","hentry"],"yoast_head":"<!-- This site is optimized with the Yoast SEO plugin v27.5 - https:\/\/yoast.com\/product\/yoast-seo-wordpress\/ -->\n<title>PLONGEE au COSTA RICA - Abc-latina<\/title>\n<meta name=\"description\" content=\"La plong\u00e9e sous marine au Costa rica.\" \/>\n<meta name=\"robots\" content=\"index, follow, max-snippet:-1, max-image-preview:large, max-video-preview:-1\" \/>\n<link rel=\"canonical\" href=\"https:\/\/abc-latina.com\/costarica\/tourisme\/plongee-sous-marine\/\" \/>\n<meta property=\"og:locale\" content=\"fr_FR\" \/>\n<meta property=\"og:type\" content=\"article\" \/>\n<meta property=\"og:title\" content=\"PLONGEE au COSTA RICA - Abc-latina\" \/>\n<meta property=\"og:description\" content=\"La plong\u00e9e sous marine au Costa rica.\" \/>\n<meta property=\"og:url\" content=\"https:\/\/abc-latina.com\/costarica\/tourisme\/plongee-sous-marine\/\" \/>\n<meta property=\"og:site_name\" content=\"Abc-latina\" \/>\n<meta property=\"article:modified_time\" content=\"2026-04-30T16:25:01+00:00\" \/>\n<meta property=\"og:image\" content=\"https:\/\/abc-latina.com\/wp-content\/uploads\/2010\/04\/timbre_to.gif\" \/>\n\t<meta property=\"og:image:width\" content=\"125\" \/>\n\t<meta property=\"og:image:height\" content=\"90\" \/>\n\t<meta property=\"og:image:type\" content=\"image\/gif\" \/>\n<meta name=\"twitter:card\" content=\"summary_large_image\" \/>\n<meta name=\"twitter:label1\" content=\"Dur\u00e9e de lecture estim\u00e9e\" \/>\n\t<meta name=\"twitter:data1\" content=\"6 minutes\" \/>\n<script type=\"application\/ld+json\" class=\"yoast-schema-graph\">{\"@context\":\"https:\\\/\\\/schema.org\",\"@graph\":[{\"@type\":\"WebPage\",\"@id\":\"https:\\\/\\\/abc-latina.com\\\/costarica\\\/tourisme\\\/plongee-sous-marine\\\/\",\"url\":\"https:\\\/\\\/abc-latina.com\\\/costarica\\\/tourisme\\\/plongee-sous-marine\\\/\",\"name\":\"PLONGEE au COSTA RICA - Abc-latina\",\"isPartOf\":{\"@id\":\"https:\\\/\\\/abc-latina.com\\\/#website\"},\"primaryImageOfPage\":{\"@id\":\"https:\\\/\\\/abc-latina.com\\\/costarica\\\/tourisme\\\/plongee-sous-marine\\\/#primaryimage\"},\"image\":{\"@id\":\"https:\\\/\\\/abc-latina.com\\\/costarica\\\/tourisme\\\/plongee-sous-marine\\\/#primaryimage\"},\"thumbnailUrl\":\"https:\\\/\\\/abc-latina.com\\\/wp-content\\\/uploads\\\/2010\\\/04\\\/timbre_to.gif\",\"datePublished\":\"2010-07-29T22:50:30+00:00\",\"dateModified\":\"2026-04-30T16:25:01+00:00\",\"description\":\"La plong\u00e9e sous marine au Costa rica.\",\"breadcrumb\":{\"@id\":\"https:\\\/\\\/abc-latina.com\\\/costarica\\\/tourisme\\\/plongee-sous-marine\\\/#breadcrumb\"},\"inLanguage\":\"fr-FR\",\"potentialAction\":[{\"@type\":\"ReadAction\",\"target\":[\"https:\\\/\\\/abc-latina.com\\\/costarica\\\/tourisme\\\/plongee-sous-marine\\\/\"]}]},{\"@type\":\"ImageObject\",\"inLanguage\":\"fr-FR\",\"@id\":\"https:\\\/\\\/abc-latina.com\\\/costarica\\\/tourisme\\\/plongee-sous-marine\\\/#primaryimage\",\"url\":\"https:\\\/\\\/abc-latina.com\\\/wp-content\\\/uploads\\\/2010\\\/04\\\/timbre_to.gif\",\"contentUrl\":\"https:\\\/\\\/abc-latina.com\\\/wp-content\\\/uploads\\\/2010\\\/04\\\/timbre_to.gif\",\"width\":125,\"height\":90},{\"@type\":\"BreadcrumbList\",\"@id\":\"https:\\\/\\\/abc-latina.com\\\/costarica\\\/tourisme\\\/plongee-sous-marine\\\/#breadcrumb\",\"itemListElement\":[{\"@type\":\"ListItem\",\"position\":1,\"name\":\"Accueil\",\"item\":\"https:\\\/\\\/abc-latina.com\\\/\"},{\"@type\":\"ListItem\",\"position\":2,\"name\":\"PLONGEE au COSTA RICA\"}]},{\"@type\":\"WebSite\",\"@id\":\"https:\\\/\\\/abc-latina.com\\\/#website\",\"url\":\"https:\\\/\\\/abc-latina.com\\\/\",\"name\":\"Abc-latina\",\"description\":\"\",\"publisher\":{\"@id\":\"https:\\\/\\\/abc-latina.com\\\/#organization\"},\"potentialAction\":[{\"@type\":\"SearchAction\",\"target\":{\"@type\":\"EntryPoint\",\"urlTemplate\":\"https:\\\/\\\/abc-latina.com\\\/?s={search_term_string}\"},\"query-input\":{\"@type\":\"PropertyValueSpecification\",\"valueRequired\":true,\"valueName\":\"search_term_string\"}}],\"inLanguage\":\"fr-FR\"},{\"@type\":\"Organization\",\"@id\":\"https:\\\/\\\/abc-latina.com\\\/#organization\",\"name\":\"Abc-latina\",\"url\":\"https:\\\/\\\/abc-latina.com\\\/\",\"logo\":{\"@type\":\"ImageObject\",\"inLanguage\":\"fr-FR\",\"@id\":\"https:\\\/\\\/abc-latina.com\\\/#\\\/schema\\\/logo\\\/image\\\/\",\"url\":\"https:\\\/\\\/abc-latina.com\\\/wp-content\\\/uploads\\\/2026\\\/05\\\/cropped-logo.gif\",\"contentUrl\":\"https:\\\/\\\/abc-latina.com\\\/wp-content\\\/uploads\\\/2026\\\/05\\\/cropped-logo.gif\",\"width\":89,\"height\":84,\"caption\":\"Abc-latina\"},\"image\":{\"@id\":\"https:\\\/\\\/abc-latina.com\\\/#\\\/schema\\\/logo\\\/image\\\/\"}}]}<\/script>\n<!-- \/ Yoast SEO plugin. -->","yoast_head_json":{"title":"PLONGEE au COSTA RICA - Abc-latina","description":"La plong\u00e9e sous marine au Costa rica.","robots":{"index":"index","follow":"follow","max-snippet":"max-snippet:-1","max-image-preview":"max-image-preview:large","max-video-preview":"max-video-preview:-1"},"canonical":"https:\/\/abc-latina.com\/costarica\/tourisme\/plongee-sous-marine\/","og_locale":"fr_FR","og_type":"article","og_title":"PLONGEE au COSTA RICA - Abc-latina","og_description":"La plong\u00e9e sous marine au Costa rica.","og_url":"https:\/\/abc-latina.com\/costarica\/tourisme\/plongee-sous-marine\/","og_site_name":"Abc-latina","article_modified_time":"2026-04-30T16:25:01+00:00","og_image":[{"width":125,"height":90,"url":"https:\/\/abc-latina.com\/wp-content\/uploads\/2010\/04\/timbre_to.gif","type":"image\/gif"}],"twitter_card":"summary_large_image","twitter_misc":{"Dur\u00e9e de lecture estim\u00e9e":"6 minutes"},"schema":{"@context":"https:\/\/schema.org","@graph":[{"@type":"WebPage","@id":"https:\/\/abc-latina.com\/costarica\/tourisme\/plongee-sous-marine\/","url":"https:\/\/abc-latina.com\/costarica\/tourisme\/plongee-sous-marine\/","name":"PLONGEE au COSTA RICA - Abc-latina","isPartOf":{"@id":"https:\/\/abc-latina.com\/#website"},"primaryImageOfPage":{"@id":"https:\/\/abc-latina.com\/costarica\/tourisme\/plongee-sous-marine\/#primaryimage"},"image":{"@id":"https:\/\/abc-latina.com\/costarica\/tourisme\/plongee-sous-marine\/#primaryimage"},"thumbnailUrl":"https:\/\/abc-latina.com\/wp-content\/uploads\/2010\/04\/timbre_to.gif","datePublished":"2010-07-29T22:50:30+00:00","dateModified":"2026-04-30T16:25:01+00:00","description":"La plong\u00e9e sous marine au Costa rica.","breadcrumb":{"@id":"https:\/\/abc-latina.com\/costarica\/tourisme\/plongee-sous-marine\/#breadcrumb"},"inLanguage":"fr-FR","potentialAction":[{"@type":"ReadAction","target":["https:\/\/abc-latina.com\/costarica\/tourisme\/plongee-sous-marine\/"]}]},{"@type":"ImageObject","inLanguage":"fr-FR","@id":"https:\/\/abc-latina.com\/costarica\/tourisme\/plongee-sous-marine\/#primaryimage","url":"https:\/\/abc-latina.com\/wp-content\/uploads\/2010\/04\/timbre_to.gif","contentUrl":"https:\/\/abc-latina.com\/wp-content\/uploads\/2010\/04\/timbre_to.gif","width":125,"height":90},{"@type":"BreadcrumbList","@id":"https:\/\/abc-latina.com\/costarica\/tourisme\/plongee-sous-marine\/#breadcrumb","itemListElement":[{"@type":"ListItem","position":1,"name":"Accueil","item":"https:\/\/abc-latina.com\/"},{"@type":"ListItem","position":2,"name":"PLONGEE au COSTA RICA"}]},{"@type":"WebSite","@id":"https:\/\/abc-latina.com\/#website","url":"https:\/\/abc-latina.com\/","name":"Abc-latina","description":"","publisher":{"@id":"https:\/\/abc-latina.com\/#organization"},"potentialAction":[{"@type":"SearchAction","target":{"@type":"EntryPoint","urlTemplate":"https:\/\/abc-latina.com\/?s={search_term_string}"},"query-input":{"@type":"PropertyValueSpecification","valueRequired":true,"valueName":"search_term_string"}}],"inLanguage":"fr-FR"},{"@type":"Organization","@id":"https:\/\/abc-latina.com\/#organization","name":"Abc-latina","url":"https:\/\/abc-latina.com\/","logo":{"@type":"ImageObject","inLanguage":"fr-FR","@id":"https:\/\/abc-latina.com\/#\/schema\/logo\/image\/","url":"https:\/\/abc-latina.com\/wp-content\/uploads\/2026\/05\/cropped-logo.gif","contentUrl":"https:\/\/abc-latina.com\/wp-content\/uploads\/2026\/05\/cropped-logo.gif","width":89,"height":84,"caption":"Abc-latina"},"image":{"@id":"https:\/\/abc-latina.com\/#\/schema\/logo\/image\/"}}]}},"_links":{"self":[{"href":"https:\/\/abc-latina.com\/wp-json\/wp\/v2\/pages\/1860","targetHints":{"allow":["GET"]}}],"collection":[{"href":"https:\/\/abc-latina.com\/wp-json\/wp\/v2\/pages"}],"about":[{"href":"https:\/\/abc-latina.com\/wp-json\/wp\/v2\/types\/page"}],"author":[{"embeddable":true,"href":"https:\/\/abc-latina.com\/wp-json\/wp\/v2\/users\/3"}],"replies":[{"embeddable":true,"href":"https:\/\/abc-latina.com\/wp-json\/wp\/v2\/comments?post=1860"}],"version-history":[{"count":1,"href":"https:\/\/abc-latina.com\/wp-json\/wp\/v2\/pages\/1860\/revisions"}],"predecessor-version":[{"id":3392,"href":"https:\/\/abc-latina.com\/wp-json\/wp\/v2\/pages\/1860\/revisions\/3392"}],"up":[{"embeddable":true,"href":"https:\/\/abc-latina.com\/wp-json\/wp\/v2\/pages\/2432"}],"wp:featuredmedia":[{"embeddable":true,"href":"https:\/\/abc-latina.com\/wp-json\/wp\/v2\/media\/41"}],"wp:attachment":[{"href":"https:\/\/abc-latina.com\/wp-json\/wp\/v2\/media?parent=1860"}],"curies":[{"name":"wp","href":"https:\/\/api.w.org\/{rel}","templated":true}]}}