{"id":1862,"date":"2010-07-30T00:52:52","date_gmt":"2010-07-29T22:52:52","guid":{"rendered":"http:\/\/abc-latina.com\/rafting-php\/"},"modified":"2026-04-30T18:25:01","modified_gmt":"2026-04-30T16:25:01","slug":"rafting","status":"publish","type":"page","link":"https:\/\/abc-latina.com\/costarica\/tourisme\/rafting\/","title":{"rendered":"RAFTING au COSTA RICA"},"content":{"rendered":"<div><span class=\"tourisme-chapitre\">Quelques exemples de bonnes rivi\u00e8res pour pratiquer le rafting:<\/span><\/div>\n<div>&nbsp;<\/div>\n<div><strong><img loading=\"lazy\" decoding=\"async\" class=\" alignright size-full wp-image-1861\" src=\"http:\/\/abc-latina.com\/wp-content\/uploads\/2010\/07\/rafting.jpg\" alt=\"RAFTING AU COSTA RICA\" title=\"RAFTING AU COSTA RICA\" width=\"220\" vspace=\"9\" hspace=\"15\" height=\"220\" align=\"right\" srcset=\"https:\/\/abc-latina.com\/wp-content\/uploads\/2010\/07\/rafting.jpg 220w, https:\/\/abc-latina.com\/wp-content\/uploads\/2010\/07\/rafting-150x150.jpg 150w\" sizes=\"auto, (max-width: 220px) 100vw, 220px\" \/>Reventaz\u00f3n<\/strong>: La section Tucurrique (Classe III) convient aux d\u00e9butants. La section Pascua (Classes IV-V) est tr\u00e8s agit\u00e9e et il faut avoir de l&rsquo;exp\u00e9rience. On y pratique le rafting toute l&rsquo;ann\u00e9e.<\/div>\n<div>&nbsp;<\/div>\n<div><strong>Pacuare<\/strong>: C&rsquo;est la rivi\u00e8re la plus longue et la plus spectaculaire du pays (Classes III-IV). On peut y pratiquer depuis mi-mai jusqu&rsquo;\u00e0 mi-mars. Il est recommand\u00e9 de la faire en circuits de deux jours.<\/div>\n<div>&nbsp;<\/div>\n<div><strong>Sarapiqu\u00ed<\/strong>: Rivi\u00e8re de grande beaut\u00e9 (Classes II-III), convient aux d\u00e9butants. On peut partir de San Jos\u00e9 ou de la r\u00e9gion de l&rsquo;Arenal, entre mi-mai et mi-mars.<\/div>\n<div>&nbsp;<\/div>\n<div><strong>Saavegre<\/strong>: Une autre rivi\u00e8re tr\u00e8s belle (Classes II-III), parfaite pour ceux qui cherchent \u00e0 avoir une premi\u00e8re exp\u00e9rience en rafting. Les excursions partent de Manuel Antonio et Quepos, de mai \u00e0 janvier.<\/div>\n<div>&nbsp;<\/div>\n<div><strong>Naranjo<\/strong>: Une rivi\u00e8re tr\u00e8s agit\u00e9e (Classes III-IV), pr\u00e8s de Quepos, qui exige de l&rsquo;exp\u00e9rience pr\u00e9alable en rafting. On peut pratiquer entre juin et novembre.<\/div>\n<div>&nbsp;<\/div>\n<div><strong><a target=\"_blank\" href=\"..\/tour_operateur\"><img loading=\"lazy\" decoding=\"async\" class=\" size-full wp-image-41\" src=\"http:\/\/abc-latina.com\/wp-content\/uploads\/2010\/04\/timbre_to.gif\" class=\"touroperateur\" alt=\"\" width=\"125\" height=\"90\" \/><\/a>El General<\/strong>: Un voyage tr\u00e8s courant de trois jours pour rafting ou kayak (Classes III-IV), id\u00e9al \u00e0 la saison la plus pluvieuse, de septembre \u00e0 novembre.<\/div>\n<div>&nbsp;<\/div>\n<div><strong>Corobic\u00ed<\/strong>: Pr\u00e8s de Ca\u00f1as, \u00e0 Guanacaste, une rivi\u00e8re simple \u00e0 parcourir, parfaite pour d\u00e9butants et familles (Classes I-II); de merveilleux paysages et une belle faune.&nbsp;<\/div>\n<div>&nbsp;<\/div>\n<div><a target=\"_blank\" href=\"https:\/\/www.abc-latina.com\/amerique_latine\/tourisme_sportif\/rafting.php\">O\u00f9 pratiquer le rafting en Am\u00e9rique latine ?<\/a><\/div>\n<div>&nbsp;<\/div>\n<h3>Pr\u00e9parez votre voyage au Costa Rica:<\/h3>\n<div><a href=\"https:\/\/www.abc-latina.com\/costarica\/agence_de_voyages\">Agences de voyage g\u00e9n\u00e9ralistes et discounteurs<\/a><\/div>\n<div><a href=\"https:\/\/www.abc-latina.com\/costarica\/tour_operateur\">Tours Op\u00e9rateurs sp\u00e9cialistes du Costa Rica<\/a><\/div>\n<div><a target=\"_blank\" href=\"https:\/\/www.abc-latina.com\/to\/reservation_billet_avion\">R\u00e9servez votre billet d&rsquo;avion<\/a><\/div>\n<div><a href=\"https:\/\/www.abc-latina.com\/costarica\/hotels\">R\u00e9servez votre h\u00f4tel au Costa Rica<\/a>&nbsp;<\/div>\n<div><a target=\"_blank\" href=\"https:\/\/www.abc-latina.com\/to\/location_de_voiture_costa_rica\">Location de voiture<\/a><\/div>\n","protected":false},"excerpt":{"rendered":"<p>Quelques exemples de bonnes rivi\u00e8res pour pratiquer le rafting: &nbsp; Reventaz\u00f3n: La section Tucurrique (Classe III) convient aux d\u00e9butants. La [&hellip;]<\/p>\n","protected":false},"author":3,"featured_media":1861,"parent":2432,"menu_order":0,"comment_status":"closed","ping_status":"closed","template":"","meta":{"site-sidebar-layout":"default","site-content-layout":"","ast-site-content-layout":"default","site-content-style":"default","site-sidebar-style":"default","ast-global-header-display":"","ast-banner-title-visibility":"","ast-main-header-display":"","ast-hfb-above-header-display":"","ast-hfb-below-header-display":"","ast-hfb-mobile-header-display":"","site-post-title":"","ast-breadcrumbs-content":"","ast-featured-img":"","footer-sml-layout":"","ast-disable-related-posts":"","theme-transparent-header-meta":"","adv-header-id-meta":"","stick-header-meta":"","header-above-stick-meta":"","header-main-stick-meta":"","header-below-stick-meta":"","astra-migrate-meta-layouts":"default","ast-page-background-enabled":"default","ast-page-background-meta":{"desktop":{"background-color":"var(--ast-global-color-5)","background-image":"","background-repeat":"repeat","background-position":"center center","background-size":"auto","background-attachment":"scroll","background-type":"","background-media":"","overlay-type":"","overlay-color":"","overlay-opacity":"","overlay-gradient":""},"tablet":{"background-color":"","background-image":"","background-repeat":"repeat","background-position":"center center","background-size":"auto","background-attachment":"scroll","background-type":"","background-media":"","overlay-type":"","overlay-color":"","overlay-opacity":"","overlay-gradient":""},"mobile":{"background-color":"","background-image":"","background-repeat":"repeat","background-position":"center center","background-size":"auto","background-attachment":"scroll","background-type":"","background-media":"","overlay-type":"","overlay-color":"","overlay-opacity":"","overlay-gradient":""}},"ast-content-background-meta":{"desktop":{"background-color":"var(--ast-global-color-4)","background-image":"","background-repeat":"repeat","background-position":"center center","background-size":"auto","background-attachment":"scroll","background-type":"","background-media":"","overlay-type":"","overlay-color":"","overlay-opacity":"","overlay-gradient":""},"tablet":{"background-color":"var(--ast-global-color-4)","background-image":"","background-repeat":"repeat","background-position":"center center","background-size":"auto","background-attachment":"scroll","background-type":"","background-media":"","overlay-type":"","overlay-color":"","overlay-opacity":"","overlay-gradient":""},"mobile":{"background-color":"var(--ast-global-color-4)","background-image":"","background-repeat":"repeat","background-position":"center center","background-size":"auto","background-attachment":"scroll","background-type":"","background-media":"","overlay-type":"","overlay-color":"","overlay-opacity":"","overlay-gradient":""}},"footnotes":""},"class_list":["post-1862","page","type-page","status-publish","has-post-thumbnail","hentry"],"yoast_head":"<!-- This site is optimized with the Yoast SEO plugin v27.5 - https:\/\/yoast.com\/product\/yoast-seo-wordpress\/ -->\n<title>RAFTING au COSTA RICA - Abc-latina<\/title>\n<meta name=\"description\" content=\"La pratique du rafting au Costa rica.\" \/>\n<meta name=\"robots\" content=\"index, follow, max-snippet:-1, max-image-preview:large, max-video-preview:-1\" \/>\n<link rel=\"canonical\" href=\"https:\/\/abc-latina.com\/costarica\/tourisme\/rafting\/\" \/>\n<meta property=\"og:locale\" content=\"fr_FR\" \/>\n<meta property=\"og:type\" content=\"article\" \/>\n<meta property=\"og:title\" content=\"RAFTING au COSTA RICA - Abc-latina\" \/>\n<meta property=\"og:description\" content=\"La pratique du rafting au Costa rica.\" \/>\n<meta property=\"og:url\" content=\"https:\/\/abc-latina.com\/costarica\/tourisme\/rafting\/\" \/>\n<meta property=\"og:site_name\" content=\"Abc-latina\" \/>\n<meta property=\"article:modified_time\" content=\"2026-04-30T16:25:01+00:00\" \/>\n<meta property=\"og:image\" content=\"https:\/\/abc-latina.com\/wp-content\/uploads\/2010\/07\/rafting.jpg\" \/>\n\t<meta property=\"og:image:width\" content=\"220\" \/>\n\t<meta property=\"og:image:height\" content=\"220\" \/>\n\t<meta property=\"og:image:type\" content=\"image\/jpeg\" \/>\n<meta name=\"twitter:card\" content=\"summary_large_image\" \/>\n<meta name=\"twitter:label1\" content=\"Dur\u00e9e de lecture estim\u00e9e\" \/>\n\t<meta name=\"twitter:data1\" content=\"1 minute\" \/>\n<script type=\"application\/ld+json\" class=\"yoast-schema-graph\">{\"@context\":\"https:\\\/\\\/schema.org\",\"@graph\":[{\"@type\":\"WebPage\",\"@id\":\"https:\\\/\\\/abc-latina.com\\\/costarica\\\/tourisme\\\/rafting\\\/\",\"url\":\"https:\\\/\\\/abc-latina.com\\\/costarica\\\/tourisme\\\/rafting\\\/\",\"name\":\"RAFTING au COSTA RICA - Abc-latina\",\"isPartOf\":{\"@id\":\"https:\\\/\\\/abc-latina.com\\\/#website\"},\"primaryImageOfPage\":{\"@id\":\"https:\\\/\\\/abc-latina.com\\\/costarica\\\/tourisme\\\/rafting\\\/#primaryimage\"},\"image\":{\"@id\":\"https:\\\/\\\/abc-latina.com\\\/costarica\\\/tourisme\\\/rafting\\\/#primaryimage\"},\"thumbnailUrl\":\"https:\\\/\\\/abc-latina.com\\\/wp-content\\\/uploads\\\/2010\\\/07\\\/rafting.jpg\",\"datePublished\":\"2010-07-29T22:52:52+00:00\",\"dateModified\":\"2026-04-30T16:25:01+00:00\",\"description\":\"La pratique du rafting au Costa rica.\",\"breadcrumb\":{\"@id\":\"https:\\\/\\\/abc-latina.com\\\/costarica\\\/tourisme\\\/rafting\\\/#breadcrumb\"},\"inLanguage\":\"fr-FR\",\"potentialAction\":[{\"@type\":\"ReadAction\",\"target\":[\"https:\\\/\\\/abc-latina.com\\\/costarica\\\/tourisme\\\/rafting\\\/\"]}]},{\"@type\":\"ImageObject\",\"inLanguage\":\"fr-FR\",\"@id\":\"https:\\\/\\\/abc-latina.com\\\/costarica\\\/tourisme\\\/rafting\\\/#primaryimage\",\"url\":\"https:\\\/\\\/abc-latina.com\\\/wp-content\\\/uploads\\\/2010\\\/07\\\/rafting.jpg\",\"contentUrl\":\"https:\\\/\\\/abc-latina.com\\\/wp-content\\\/uploads\\\/2010\\\/07\\\/rafting.jpg\",\"width\":220,\"height\":220,\"caption\":\"RAFTING AU COSTA RICA\"},{\"@type\":\"BreadcrumbList\",\"@id\":\"https:\\\/\\\/abc-latina.com\\\/costarica\\\/tourisme\\\/rafting\\\/#breadcrumb\",\"itemListElement\":[{\"@type\":\"ListItem\",\"position\":1,\"name\":\"Accueil\",\"item\":\"https:\\\/\\\/abc-latina.com\\\/\"},{\"@type\":\"ListItem\",\"position\":2,\"name\":\"RAFTING au COSTA RICA\"}]},{\"@type\":\"WebSite\",\"@id\":\"https:\\\/\\\/abc-latina.com\\\/#website\",\"url\":\"https:\\\/\\\/abc-latina.com\\\/\",\"name\":\"Abc-latina\",\"description\":\"\",\"publisher\":{\"@id\":\"https:\\\/\\\/abc-latina.com\\\/#organization\"},\"potentialAction\":[{\"@type\":\"SearchAction\",\"target\":{\"@type\":\"EntryPoint\",\"urlTemplate\":\"https:\\\/\\\/abc-latina.com\\\/?s={search_term_string}\"},\"query-input\":{\"@type\":\"PropertyValueSpecification\",\"valueRequired\":true,\"valueName\":\"search_term_string\"}}],\"inLanguage\":\"fr-FR\"},{\"@type\":\"Organization\",\"@id\":\"https:\\\/\\\/abc-latina.com\\\/#organization\",\"name\":\"Abc-latina\",\"url\":\"https:\\\/\\\/abc-latina.com\\\/\",\"logo\":{\"@type\":\"ImageObject\",\"inLanguage\":\"fr-FR\",\"@id\":\"https:\\\/\\\/abc-latina.com\\\/#\\\/schema\\\/logo\\\/image\\\/\",\"url\":\"https:\\\/\\\/abc-latina.com\\\/wp-content\\\/uploads\\\/2026\\\/05\\\/cropped-logo.gif\",\"contentUrl\":\"https:\\\/\\\/abc-latina.com\\\/wp-content\\\/uploads\\\/2026\\\/05\\\/cropped-logo.gif\",\"width\":89,\"height\":84,\"caption\":\"Abc-latina\"},\"image\":{\"@id\":\"https:\\\/\\\/abc-latina.com\\\/#\\\/schema\\\/logo\\\/image\\\/\"}}]}<\/script>\n<!-- \/ Yoast SEO plugin. -->","yoast_head_json":{"title":"RAFTING au COSTA RICA - Abc-latina","description":"La pratique du rafting au Costa rica.","robots":{"index":"index","follow":"follow","max-snippet":"max-snippet:-1","max-image-preview":"max-image-preview:large","max-video-preview":"max-video-preview:-1"},"canonical":"https:\/\/abc-latina.com\/costarica\/tourisme\/rafting\/","og_locale":"fr_FR","og_type":"article","og_title":"RAFTING au COSTA RICA - Abc-latina","og_description":"La pratique du rafting au Costa rica.","og_url":"https:\/\/abc-latina.com\/costarica\/tourisme\/rafting\/","og_site_name":"Abc-latina","article_modified_time":"2026-04-30T16:25:01+00:00","og_image":[{"width":220,"height":220,"url":"https:\/\/abc-latina.com\/wp-content\/uploads\/2010\/07\/rafting.jpg","type":"image\/jpeg"}],"twitter_card":"summary_large_image","twitter_misc":{"Dur\u00e9e de lecture estim\u00e9e":"1 minute"},"schema":{"@context":"https:\/\/schema.org","@graph":[{"@type":"WebPage","@id":"https:\/\/abc-latina.com\/costarica\/tourisme\/rafting\/","url":"https:\/\/abc-latina.com\/costarica\/tourisme\/rafting\/","name":"RAFTING au COSTA RICA - Abc-latina","isPartOf":{"@id":"https:\/\/abc-latina.com\/#website"},"primaryImageOfPage":{"@id":"https:\/\/abc-latina.com\/costarica\/tourisme\/rafting\/#primaryimage"},"image":{"@id":"https:\/\/abc-latina.com\/costarica\/tourisme\/rafting\/#primaryimage"},"thumbnailUrl":"https:\/\/abc-latina.com\/wp-content\/uploads\/2010\/07\/rafting.jpg","datePublished":"2010-07-29T22:52:52+00:00","dateModified":"2026-04-30T16:25:01+00:00","description":"La pratique du rafting au Costa rica.","breadcrumb":{"@id":"https:\/\/abc-latina.com\/costarica\/tourisme\/rafting\/#breadcrumb"},"inLanguage":"fr-FR","potentialAction":[{"@type":"ReadAction","target":["https:\/\/abc-latina.com\/costarica\/tourisme\/rafting\/"]}]},{"@type":"ImageObject","inLanguage":"fr-FR","@id":"https:\/\/abc-latina.com\/costarica\/tourisme\/rafting\/#primaryimage","url":"https:\/\/abc-latina.com\/wp-content\/uploads\/2010\/07\/rafting.jpg","contentUrl":"https:\/\/abc-latina.com\/wp-content\/uploads\/2010\/07\/rafting.jpg","width":220,"height":220,"caption":"RAFTING AU COSTA RICA"},{"@type":"BreadcrumbList","@id":"https:\/\/abc-latina.com\/costarica\/tourisme\/rafting\/#breadcrumb","itemListElement":[{"@type":"ListItem","position":1,"name":"Accueil","item":"https:\/\/abc-latina.com\/"},{"@type":"ListItem","position":2,"name":"RAFTING au COSTA RICA"}]},{"@type":"WebSite","@id":"https:\/\/abc-latina.com\/#website","url":"https:\/\/abc-latina.com\/","name":"Abc-latina","description":"","publisher":{"@id":"https:\/\/abc-latina.com\/#organization"},"potentialAction":[{"@type":"SearchAction","target":{"@type":"EntryPoint","urlTemplate":"https:\/\/abc-latina.com\/?s={search_term_string}"},"query-input":{"@type":"PropertyValueSpecification","valueRequired":true,"valueName":"search_term_string"}}],"inLanguage":"fr-FR"},{"@type":"Organization","@id":"https:\/\/abc-latina.com\/#organization","name":"Abc-latina","url":"https:\/\/abc-latina.com\/","logo":{"@type":"ImageObject","inLanguage":"fr-FR","@id":"https:\/\/abc-latina.com\/#\/schema\/logo\/image\/","url":"https:\/\/abc-latina.com\/wp-content\/uploads\/2026\/05\/cropped-logo.gif","contentUrl":"https:\/\/abc-latina.com\/wp-content\/uploads\/2026\/05\/cropped-logo.gif","width":89,"height":84,"caption":"Abc-latina"},"image":{"@id":"https:\/\/abc-latina.com\/#\/schema\/logo\/image\/"}}]}},"_links":{"self":[{"href":"https:\/\/abc-latina.com\/wp-json\/wp\/v2\/pages\/1862","targetHints":{"allow":["GET"]}}],"collection":[{"href":"https:\/\/abc-latina.com\/wp-json\/wp\/v2\/pages"}],"about":[{"href":"https:\/\/abc-latina.com\/wp-json\/wp\/v2\/types\/page"}],"author":[{"embeddable":true,"href":"https:\/\/abc-latina.com\/wp-json\/wp\/v2\/users\/3"}],"replies":[{"embeddable":true,"href":"https:\/\/abc-latina.com\/wp-json\/wp\/v2\/comments?post=1862"}],"version-history":[{"count":1,"href":"https:\/\/abc-latina.com\/wp-json\/wp\/v2\/pages\/1862\/revisions"}],"predecessor-version":[{"id":3393,"href":"https:\/\/abc-latina.com\/wp-json\/wp\/v2\/pages\/1862\/revisions\/3393"}],"up":[{"embeddable":true,"href":"https:\/\/abc-latina.com\/wp-json\/wp\/v2\/pages\/2432"}],"wp:featuredmedia":[{"embeddable":true,"href":"https:\/\/abc-latina.com\/wp-json\/wp\/v2\/media\/1861"}],"wp:attachment":[{"href":"https:\/\/abc-latina.com\/wp-json\/wp\/v2\/media?parent=1862"}],"curies":[{"name":"wp","href":"https:\/\/api.w.org\/{rel}","templated":true}]}}