{"id":1865,"date":"2010-07-30T01:56:54","date_gmt":"2010-07-29T23:56:54","guid":{"rendered":"http:\/\/abc-latina.com\/presidents_cubains-htm\/"},"modified":"2018-06-10T15:44:21","modified_gmt":"2018-06-10T13:44:21","slug":"presidents_cubains","status":"publish","type":"page","link":"https:\/\/abc-latina.com\/cuba\/presidents_cubains\/","title":{"rendered":"les PRESIDENTS CUBAINS"},"content":{"rendered":"<div><strong>R\u00e9publique Cubaine&nbsp;<\/strong><\/div>\n<div>&nbsp;<\/div>\n<div>28 janvier 1909 &#8211; 20 mai 1913 :&nbsp;<\/div>\n<div>G\u00e9n\u00e9ral Jos\u00e9 Miguel Gomez y G\u00f3mez&nbsp;<\/div>\n<div>&nbsp;<\/div>\n<div>20 mai 1913 &#8211; 20 mai 1921 :&nbsp;<\/div>\n<div>Mario Garc\u00eda-Menocal y Deop&nbsp;<\/div>\n<div>&nbsp;<\/div>\n<div>20 mai 1921 &#8211; 20 mai 1925 :&nbsp;<\/div>\n<div>Alfredo Zayas y Alfonso&nbsp;<\/div>\n<div>&nbsp;<\/div>\n<div>20 mai 1925 &#8211; 12 ao\u00fbt 1933 :&nbsp;<\/div>\n<div>Gerardo Machado y Morales&nbsp;<\/div>\n<div>&nbsp;<\/div>\n<div>12 ao\u00fbt 1933 :&nbsp;<\/div>\n<div>Alfredo Herrera&nbsp;<\/div>\n<div>&nbsp;<\/div>\n<div>13 ao\u00fbt 1933 &#8211; 4 septembre 1933 :&nbsp;<\/div>\n<div>Carlos Manuel de C\u00e9spedes y Quesada&nbsp;<\/div>\n<div>&nbsp;<\/div>\n<div>4 septembre 1933 &#8211; 8 septembre 1933 :&nbsp;<\/div>\n<div>Pentarqu\u00eda : Ram\u00f3n Grau y San Mart\u00edn, Jos\u00e9 Miguel Irisarri, Porfirio Franca y Alvarez de la Campa, Guillermo Portela et Sergio Carb\u00f3 Morera&nbsp;<\/div>\n<div>&nbsp;<\/div>\n<div>9 septembre 1933 &#8211; 15 janvier 1934 :&nbsp;<\/div>\n<div>Ram\u00f3n Grau y San Mart\u00edn<\/div>\n<div>&nbsp;<\/div>\n<div>16 janvier 1934 &#8211; 18 janvier 1934 :&nbsp;<\/div>\n<div>Carlos Hevia de los Reyes Gavil\u00e1n&nbsp;<\/div>\n<div>&nbsp;<\/div>\n<div>18 janvier 1934 &#8211; 13 d\u00e9cembre 1935 :&nbsp;<\/div>\n<div>Carlos Mendieta Montefur<\/div>\n<div>&nbsp;<\/div>\n<div>13 d\u00e9cembre 1935 &#8211; 19 mai 1936 :&nbsp;<\/div>\n<div>Jos\u00e9 A. Barnet y Vinagras&nbsp;<\/div>\n<div>&nbsp;<\/div>\n<div>20 mai 1936 &#8211; 24 d\u00e9cembre 1936 :&nbsp;<\/div>\n<div>Miguel Mariano G\u00f3mez y Arias&nbsp;<\/div>\n<div>&nbsp;<\/div>\n<div>24 d\u00e9cembre 1936 &#8211; 10 octobre 1940 :&nbsp;<\/div>\n<div>Federico Laredo Br\u00fa&nbsp;<\/div>\n<div>&nbsp;<\/div>\n<div>10 octobre 1940 &#8211; 10 octobre 1944 :&nbsp;<\/div>\n<div>Fulgencio Batista Zald\u00edvar<\/div>\n<div>&nbsp;<\/div>\n<div>10 octobre 1944 &#8211; 10 octobre 1948 :&nbsp;<\/div>\n<div>Ram\u00f3n Grau San Mart\u00edn&nbsp;<\/div>\n<div>&nbsp;<\/div>\n<div>10 octobre 1948 &#8211; 10 mars 1952 :&nbsp;<\/div>\n<div>Carlos Pr\u00edo Socarr\u00e1s&nbsp;<\/div>\n<div>&nbsp;<\/div>\n<div>13 mars 1952 &#8211; 1 janvier 1959 :&nbsp;<\/div>\n<div>Fulgencio Batista Zald\u00edvar&nbsp;<\/div>\n<div>&nbsp;<\/div>\n<div>1 janvier 1959 &#8211; 2 janvier 1959 :&nbsp;<\/div>\n<div>Anselmo Alliegro y Milla&nbsp;<\/div>\n<div>&nbsp;<\/div>\n<div>2 janvier 1959 :&nbsp;<\/div>\n<div>Carlos Manuel Piedra&nbsp;<\/div>\n<div>&nbsp;<\/div>\n<div>3 janvier 1959 &#8211; 17 juillet 1959 :&nbsp;<\/div>\n<div>Manuel Urrutia&nbsp;<\/div>\n<div>&nbsp;<\/div>\n<div>17 juillet 1959 &#8211; 16 avril 1961 :&nbsp;<\/div>\n<div>Osvaldo Dortic\u00f3s<\/div>\n<div>&nbsp;<\/div>\n<div><strong>R\u00e9publique socialiste&nbsp;<\/strong><\/div>\n<div>&nbsp;<\/div>\n<div>16 avril 1961 &#8211; 2 d\u00e9cembre 1976<\/div>\n<div>pr\u00e9sident Osvaldo Dortic\u00f3s &#8211; premier ministre <a href=\"https:\/\/www.abc-latina.com\/personnalites\/fidel_castro\" target=\"_blank\">Fidel Castro<\/a><\/div>\n<div>&nbsp;<\/div>\n<div>2 d\u00e9cembre 1976 &#8211; 31 juillet 2006 :&nbsp;<\/div>\n<div>pr\u00e9sident et premier ministre Fidel Castro&nbsp;<\/div>\n<div>&nbsp;<\/div>\n<div>31 juillet 2006 &#8211; 24 f\u00e9vrier 2008 :&nbsp;<\/div>\n<div>Ra\u00fal Castro &#8211; Par int\u00e9rim&nbsp;<\/div>\n<div>&nbsp;<\/div>\n<div>Depuis le 24 f\u00e9vrier 2008 :&nbsp;<\/div>\n<div>Ra\u00fal Castro&nbsp;<\/div>\n","protected":false},"excerpt":{"rendered":"<p>R\u00e9publique Cubaine&nbsp; &nbsp; 28 janvier 1909 &#8211; 20 mai 1913 :&nbsp; G\u00e9n\u00e9ral Jos\u00e9 Miguel Gomez y G\u00f3mez&nbsp; &nbsp; 20 mai [&hellip;]<\/p>\n","protected":false},"author":3,"featured_media":0,"parent":2302,"menu_order":0,"comment_status":"closed","ping_status":"closed","template":"","meta":{"site-sidebar-layout":"default","site-content-layout":"","ast-site-content-layout":"default","site-content-style":"default","site-sidebar-style":"default","ast-global-header-display":"","ast-banner-title-visibility":"","ast-main-header-display":"","ast-hfb-above-header-display":"","ast-hfb-below-header-display":"","ast-hfb-mobile-header-display":"","site-post-title":"","ast-breadcrumbs-content":"","ast-featured-img":"","footer-sml-layout":"","ast-disable-related-posts":"","theme-transparent-header-meta":"","adv-header-id-meta":"","stick-header-meta":"","header-above-stick-meta":"","header-main-stick-meta":"","header-below-stick-meta":"","astra-migrate-meta-layouts":"default","ast-page-background-enabled":"default","ast-page-background-meta":{"desktop":{"background-color":"var(--ast-global-color-5)","background-image":"","background-repeat":"repeat","background-position":"center center","background-size":"auto","background-attachment":"scroll","background-type":"","background-media":"","overlay-type":"","overlay-color":"","overlay-opacity":"","overlay-gradient":""},"tablet":{"background-color":"","background-image":"","background-repeat":"repeat","background-position":"center center","background-size":"auto","background-attachment":"scroll","background-type":"","background-media":"","overlay-type":"","overlay-color":"","overlay-opacity":"","overlay-gradient":""},"mobile":{"background-color":"","background-image":"","background-repeat":"repeat","background-position":"center center","background-size":"auto","background-attachment":"scroll","background-type":"","background-media":"","overlay-type":"","overlay-color":"","overlay-opacity":"","overlay-gradient":""}},"ast-content-background-meta":{"desktop":{"background-color":"var(--ast-global-color-4)","background-image":"","background-repeat":"repeat","background-position":"center center","background-size":"auto","background-attachment":"scroll","background-type":"","background-media":"","overlay-type":"","overlay-color":"","overlay-opacity":"","overlay-gradient":""},"tablet":{"background-color":"var(--ast-global-color-4)","background-image":"","background-repeat":"repeat","background-position":"center center","background-size":"auto","background-attachment":"scroll","background-type":"","background-media":"","overlay-type":"","overlay-color":"","overlay-opacity":"","overlay-gradient":""},"mobile":{"background-color":"var(--ast-global-color-4)","background-image":"","background-repeat":"repeat","background-position":"center center","background-size":"auto","background-attachment":"scroll","background-type":"","background-media":"","overlay-type":"","overlay-color":"","overlay-opacity":"","overlay-gradient":""}},"footnotes":""},"class_list":["post-1865","page","type-page","status-publish","hentry"],"yoast_head":"<!-- This site is optimized with the Yoast SEO plugin v27.5 - https:\/\/yoast.com\/product\/yoast-seo-wordpress\/ -->\n<title>les PRESIDENTS CUBAINS - Abc-latina<\/title>\n<meta name=\"description\" content=\"Liste des pr\u00e9sidents cubains.\" \/>\n<meta name=\"robots\" content=\"index, follow, max-snippet:-1, max-image-preview:large, max-video-preview:-1\" \/>\n<link rel=\"canonical\" href=\"https:\/\/abc-latina.com\/cuba\/presidents_cubains\/\" \/>\n<meta property=\"og:locale\" content=\"fr_FR\" \/>\n<meta property=\"og:type\" content=\"article\" \/>\n<meta property=\"og:title\" content=\"les PRESIDENTS CUBAINS - Abc-latina\" \/>\n<meta property=\"og:description\" content=\"Liste des pr\u00e9sidents cubains.\" \/>\n<meta property=\"og:url\" content=\"https:\/\/abc-latina.com\/cuba\/presidents_cubains\/\" \/>\n<meta property=\"og:site_name\" content=\"Abc-latina\" \/>\n<meta property=\"article:modified_time\" content=\"2018-06-10T13:44:21+00:00\" \/>\n<meta name=\"twitter:card\" content=\"summary_large_image\" \/>\n<meta name=\"twitter:label1\" content=\"Dur\u00e9e de lecture estim\u00e9e\" \/>\n\t<meta name=\"twitter:data1\" content=\"2 minutes\" \/>\n<script type=\"application\/ld+json\" class=\"yoast-schema-graph\">{\"@context\":\"https:\\\/\\\/schema.org\",\"@graph\":[{\"@type\":\"WebPage\",\"@id\":\"https:\\\/\\\/abc-latina.com\\\/cuba\\\/presidents_cubains\\\/\",\"url\":\"https:\\\/\\\/abc-latina.com\\\/cuba\\\/presidents_cubains\\\/\",\"name\":\"les PRESIDENTS CUBAINS - Abc-latina\",\"isPartOf\":{\"@id\":\"https:\\\/\\\/abc-latina.com\\\/#website\"},\"datePublished\":\"2010-07-29T23:56:54+00:00\",\"dateModified\":\"2018-06-10T13:44:21+00:00\",\"description\":\"Liste des pr\u00e9sidents cubains.\",\"breadcrumb\":{\"@id\":\"https:\\\/\\\/abc-latina.com\\\/cuba\\\/presidents_cubains\\\/#breadcrumb\"},\"inLanguage\":\"fr-FR\",\"potentialAction\":[{\"@type\":\"ReadAction\",\"target\":[\"https:\\\/\\\/abc-latina.com\\\/cuba\\\/presidents_cubains\\\/\"]}]},{\"@type\":\"BreadcrumbList\",\"@id\":\"https:\\\/\\\/abc-latina.com\\\/cuba\\\/presidents_cubains\\\/#breadcrumb\",\"itemListElement\":[{\"@type\":\"ListItem\",\"position\":1,\"name\":\"Accueil\",\"item\":\"https:\\\/\\\/abc-latina.com\\\/\"},{\"@type\":\"ListItem\",\"position\":2,\"name\":\"les PRESIDENTS CUBAINS\"}]},{\"@type\":\"WebSite\",\"@id\":\"https:\\\/\\\/abc-latina.com\\\/#website\",\"url\":\"https:\\\/\\\/abc-latina.com\\\/\",\"name\":\"Abc-latina\",\"description\":\"\",\"publisher\":{\"@id\":\"https:\\\/\\\/abc-latina.com\\\/#organization\"},\"potentialAction\":[{\"@type\":\"SearchAction\",\"target\":{\"@type\":\"EntryPoint\",\"urlTemplate\":\"https:\\\/\\\/abc-latina.com\\\/?s={search_term_string}\"},\"query-input\":{\"@type\":\"PropertyValueSpecification\",\"valueRequired\":true,\"valueName\":\"search_term_string\"}}],\"inLanguage\":\"fr-FR\"},{\"@type\":\"Organization\",\"@id\":\"https:\\\/\\\/abc-latina.com\\\/#organization\",\"name\":\"Abc-latina\",\"url\":\"https:\\\/\\\/abc-latina.com\\\/\",\"logo\":{\"@type\":\"ImageObject\",\"inLanguage\":\"fr-FR\",\"@id\":\"https:\\\/\\\/abc-latina.com\\\/#\\\/schema\\\/logo\\\/image\\\/\",\"url\":\"https:\\\/\\\/abc-latina.com\\\/wp-content\\\/uploads\\\/2026\\\/05\\\/cropped-logo.gif\",\"contentUrl\":\"https:\\\/\\\/abc-latina.com\\\/wp-content\\\/uploads\\\/2026\\\/05\\\/cropped-logo.gif\",\"width\":89,\"height\":84,\"caption\":\"Abc-latina\"},\"image\":{\"@id\":\"https:\\\/\\\/abc-latina.com\\\/#\\\/schema\\\/logo\\\/image\\\/\"}}]}<\/script>\n<!-- \/ Yoast SEO plugin. -->","yoast_head_json":{"title":"les PRESIDENTS CUBAINS - Abc-latina","description":"Liste des pr\u00e9sidents cubains.","robots":{"index":"index","follow":"follow","max-snippet":"max-snippet:-1","max-image-preview":"max-image-preview:large","max-video-preview":"max-video-preview:-1"},"canonical":"https:\/\/abc-latina.com\/cuba\/presidents_cubains\/","og_locale":"fr_FR","og_type":"article","og_title":"les PRESIDENTS CUBAINS - Abc-latina","og_description":"Liste des pr\u00e9sidents cubains.","og_url":"https:\/\/abc-latina.com\/cuba\/presidents_cubains\/","og_site_name":"Abc-latina","article_modified_time":"2018-06-10T13:44:21+00:00","twitter_card":"summary_large_image","twitter_misc":{"Dur\u00e9e de lecture estim\u00e9e":"2 minutes"},"schema":{"@context":"https:\/\/schema.org","@graph":[{"@type":"WebPage","@id":"https:\/\/abc-latina.com\/cuba\/presidents_cubains\/","url":"https:\/\/abc-latina.com\/cuba\/presidents_cubains\/","name":"les PRESIDENTS CUBAINS - Abc-latina","isPartOf":{"@id":"https:\/\/abc-latina.com\/#website"},"datePublished":"2010-07-29T23:56:54+00:00","dateModified":"2018-06-10T13:44:21+00:00","description":"Liste des pr\u00e9sidents cubains.","breadcrumb":{"@id":"https:\/\/abc-latina.com\/cuba\/presidents_cubains\/#breadcrumb"},"inLanguage":"fr-FR","potentialAction":[{"@type":"ReadAction","target":["https:\/\/abc-latina.com\/cuba\/presidents_cubains\/"]}]},{"@type":"BreadcrumbList","@id":"https:\/\/abc-latina.com\/cuba\/presidents_cubains\/#breadcrumb","itemListElement":[{"@type":"ListItem","position":1,"name":"Accueil","item":"https:\/\/abc-latina.com\/"},{"@type":"ListItem","position":2,"name":"les PRESIDENTS CUBAINS"}]},{"@type":"WebSite","@id":"https:\/\/abc-latina.com\/#website","url":"https:\/\/abc-latina.com\/","name":"Abc-latina","description":"","publisher":{"@id":"https:\/\/abc-latina.com\/#organization"},"potentialAction":[{"@type":"SearchAction","target":{"@type":"EntryPoint","urlTemplate":"https:\/\/abc-latina.com\/?s={search_term_string}"},"query-input":{"@type":"PropertyValueSpecification","valueRequired":true,"valueName":"search_term_string"}}],"inLanguage":"fr-FR"},{"@type":"Organization","@id":"https:\/\/abc-latina.com\/#organization","name":"Abc-latina","url":"https:\/\/abc-latina.com\/","logo":{"@type":"ImageObject","inLanguage":"fr-FR","@id":"https:\/\/abc-latina.com\/#\/schema\/logo\/image\/","url":"https:\/\/abc-latina.com\/wp-content\/uploads\/2026\/05\/cropped-logo.gif","contentUrl":"https:\/\/abc-latina.com\/wp-content\/uploads\/2026\/05\/cropped-logo.gif","width":89,"height":84,"caption":"Abc-latina"},"image":{"@id":"https:\/\/abc-latina.com\/#\/schema\/logo\/image\/"}}]}},"_links":{"self":[{"href":"https:\/\/abc-latina.com\/wp-json\/wp\/v2\/pages\/1865","targetHints":{"allow":["GET"]}}],"collection":[{"href":"https:\/\/abc-latina.com\/wp-json\/wp\/v2\/pages"}],"about":[{"href":"https:\/\/abc-latina.com\/wp-json\/wp\/v2\/types\/page"}],"author":[{"embeddable":true,"href":"https:\/\/abc-latina.com\/wp-json\/wp\/v2\/users\/3"}],"replies":[{"embeddable":true,"href":"https:\/\/abc-latina.com\/wp-json\/wp\/v2\/comments?post=1865"}],"version-history":[{"count":0,"href":"https:\/\/abc-latina.com\/wp-json\/wp\/v2\/pages\/1865\/revisions"}],"up":[{"embeddable":true,"href":"https:\/\/abc-latina.com\/wp-json\/wp\/v2\/pages\/2302"}],"wp:attachment":[{"href":"https:\/\/abc-latina.com\/wp-json\/wp\/v2\/media?parent=1865"}],"curies":[{"name":"wp","href":"https:\/\/api.w.org\/{rel}","templated":true}]}}