{"id":1871,"date":"2010-07-30T02:32:59","date_gmt":"2010-07-30T00:32:59","guid":{"rendered":"http:\/\/abc-latina.com\/presidents-equatoriens-php\/"},"modified":"2018-06-12T12:00:03","modified_gmt":"2018-06-12T10:00:03","slug":"presidents-equatoriens","status":"publish","type":"page","link":"https:\/\/abc-latina.com\/equateur\/presidents-equatoriens\/","title":{"rendered":"Les PRESIDENTS d&rsquo;EQUATEUR"},"content":{"rendered":"<div>Juan Jos\u00e9 Flores&nbsp;<\/div>\n<div>13 mai 1830 10 septembre 1834&nbsp;<\/div>\n<div>&nbsp;<\/div>\n<div>Vicente Rocafuerte&nbsp;<\/div>\n<div>10 septembre 1834 31 janvier 1839&nbsp;<\/div>\n<div>&nbsp;<\/div>\n<div>Juan Jos\u00e9 Flores&nbsp;<\/div>\n<div>31 janvier 1839 18 juin 1845&nbsp;<\/div>\n<div>&nbsp;<\/div>\n<div>Jos\u00e9 Joaqu\u00edn de Olmedo<\/div>\n<div>18 juin 1845 8 d\u00e9cembre 1845&nbsp;<\/div>\n<div>&nbsp;<\/div>\n<div>Vicente Ram\u00f3n Roca&nbsp;<\/div>\n<div>8 d\u00e9cembre 1845 15 octobre 1849<\/div>\n<div>&nbsp;<\/div>\n<div>Manuel de Asc\u00e1subi&nbsp;<\/div>\n<div>15 octobre 1849 10 juin 1850&nbsp;<\/div>\n<div>&nbsp;<\/div>\n<div>Diego Noboa&nbsp;<\/div>\n<div>10 juin 1850 26 f\u00e9vrier 1851&nbsp;<\/div>\n<div>&nbsp;<\/div>\n<div>Jos\u00e9 Mar\u00eda Urbina<\/div>\n<div>26 f\u00e9vrier 1851 16 octobre 1856&nbsp;<\/div>\n<div>&nbsp;<\/div>\n<div>Francisco Robles&nbsp;<\/div>\n<div>16 octobre 1856 17 septembre 1859&nbsp;<\/div>\n<div>&nbsp;<\/div>\n<div>Gabriel Garc\u00eda&nbsp;<\/div>\n<div>17 septembre 1859 31 ao\u00fbt 1865&nbsp;<\/div>\n<div>&nbsp;<\/div>\n<div>Rafael Carvajal&nbsp;<\/div>\n<div>31 ao\u00fbt 1865 7 septembre 1865&nbsp;<\/div>\n<div>&nbsp;<\/div>\n<div>Jer\u00f3nimo Carri\u00f3n<\/div>\n<div>7 septembre 1865 6 novembre 1867&nbsp;<\/div>\n<div>&nbsp;<\/div>\n<div>Pedro Jos\u00e9 de Arteta&nbsp;<\/div>\n<div>6 novembre 1867 20 janvier 1868&nbsp;<\/div>\n<div>&nbsp;<\/div>\n<div>Juan Javier Espinosa&nbsp;<\/div>\n<div>20 janvier 1868 19 janvier 1869&nbsp;<\/div>\n<div>&nbsp;<\/div>\n<div>Gabriel Garc\u00eda&nbsp;<\/div>\n<div>19 janvier 1869 16 mai 1869&nbsp;<\/div>\n<div>&nbsp;<\/div>\n<div>Manuel de Asc\u00e1subi&nbsp;<\/div>\n<div>16 mai 1869 10 ao\u00fbt 1869&nbsp;<\/div>\n<div>&nbsp;<\/div>\n<div>Gabriel Garc\u00eda&nbsp;<\/div>\n<div>10 ao\u00fbt 1869 6 ao\u00fbt 1875&nbsp;<\/div>\n<div>&nbsp;<\/div>\n<div>Francisco Le\u00f3n Franco&nbsp;<\/div>\n<div>6 ao\u00fbt 1875 6 octobre 1875&nbsp;<\/div>\n<div>&nbsp;<\/div>\n<div>Jos\u00e9 Javier Eguiguren<\/div>\n<div>6 octobre 1875 1875&nbsp;<\/div>\n<div>&nbsp;<\/div>\n<div>Rafael P\u00f3lit 1875<\/div>\n<div>9 d\u00e9cembre 1875&nbsp;<\/div>\n<div>&nbsp;<\/div>\n<div>Antonio Borrero<\/div>\n<div>9 d\u00e9cembre 1875 18 d\u00e9cembre 1876&nbsp;<\/div>\n<div>&nbsp;<\/div>\n<div>Ignacio de Veintemilla&nbsp;<\/div>\n<div>18 d\u00e9cembre 1876 9 juillet 1883&nbsp;<\/div>\n<div>&nbsp;<\/div>\n<div>Gouvernement provisoire<\/div>\n<div>9 juillet 1883 11 octobre 1883&nbsp;<\/div>\n<div>&nbsp;<\/div>\n<div>Rafael P\u00e9rez<\/div>\n<div>15 octobre1883 23 novembre 1883&nbsp;<\/div>\n<div>&nbsp;<\/div>\n<div>Jos\u00e9 Pl\u00e1cido Caama\u00f1o&nbsp;<\/div>\n<div>23 novembre 1883 1er juillet 1888&nbsp;<\/div>\n<div>&nbsp;<\/div>\n<div>Pedro Jos\u00e9 Cevallos&nbsp;<\/div>\n<div>1 juillet 1888 17 ao\u00fbt 1888&nbsp;<\/div>\n<div>&nbsp;<\/div>\n<div>Antonio Flores Jij\u00f3n&nbsp;<\/div>\n<div>17 ao\u00fbt 1888 1er juillet 1892&nbsp;<\/div>\n<div>&nbsp;<\/div>\n<div>Luis Cordero Crespo&nbsp;<\/div>\n<div>1 juillet 1892 16 avril 1895&nbsp;<\/div>\n<div>&nbsp;<\/div>\n<div>Vicente Lucio Salazar&nbsp;<\/div>\n<div>16 avril 1895 23 juin 1895&nbsp;<\/div>\n<div>&nbsp;<\/div>\n<div>Eloy Alfaro Delgado&nbsp;<\/div>\n<div>23 juin 1895 1er septembre 1901&nbsp;<\/div>\n<div>&nbsp;<\/div>\n<div>Leonidas Plaza&nbsp;<\/div>\n<div>1 septembre 1901 1er septembre 1905&nbsp;<\/div>\n<div>&nbsp;<\/div>\n<div>Lizardo Garc\u00eda&nbsp;<\/div>\n<div>1 septembre 1905 16 janvier 1906&nbsp;<\/div>\n<div>&nbsp;<\/div>\n<div>Eloy Alfaro Delgado&nbsp;<\/div>\n<div>16 janvier 1906 12 ao\u00fbt 1911&nbsp;<\/div>\n<div>&nbsp;<\/div>\n<div>Carlos Freire Zaldumbide&nbsp;<\/div>\n<div>12 ao\u00fbt 1911 1er septembre 1911&nbsp;<\/div>\n<div>&nbsp;<\/div>\n<div>Emilio Estrada&nbsp;<\/div>\n<div>1 septembre 1911 22 d\u00e9cembre 1911&nbsp;<\/div>\n<div>&nbsp;<\/div>\n<div>Carlos Freire Zaldumbide&nbsp;<\/div>\n<div>22 d\u00e9cembre 1911 6 mars 1912&nbsp;<\/div>\n<div>&nbsp;<\/div>\n<div>Francisco Andrade Mar\u00edn<\/div>\n<div>6 mars 1912 10 ao\u00fbt 1912&nbsp;<\/div>\n<div>&nbsp;<\/div>\n<div>Leonidas Plaza&nbsp;<\/div>\n<div>1 septembre 1912 1er septembre 1916&nbsp;<\/div>\n<div>&nbsp;<\/div>\n<div>Alfredo Baquerizo&nbsp;<\/div>\n<div>1 septembre 1916 1er septembre 1920&nbsp;<\/div>\n<div>&nbsp;<\/div>\n<div>Jos\u00e9 Luis Tamayo&nbsp;<\/div>\n<div>1 septembre 1920 1er septembre 1924&nbsp;<\/div>\n<div>&nbsp;<\/div>\n<div>Gonzalo C\u00f3rdova&nbsp;<\/div>\n<div>1 septembre 1924 9 juillet 1925&nbsp;<\/div>\n<div>&nbsp;<\/div>\n<div>Junte militaire&nbsp;<\/div>\n<div>1925 1926&nbsp;<\/div>\n<div>&nbsp;<\/div>\n<div>Humberto Albornoz&nbsp;<\/div>\n<div>10 janvier 1926 10 mars 1926&nbsp;<\/div>\n<div>&nbsp;<\/div>\n<div>Julio Enrique Moreno&nbsp;<\/div>\n<div>10 mars 1926 1er avril 1926&nbsp;<\/div>\n<div>&nbsp;<\/div>\n<div>Isidro Ayora Cueva&nbsp;<\/div>\n<div>1 avril 1926 24 ao\u00fbt 1931&nbsp;<\/div>\n<div>&nbsp;<\/div>\n<div>Luis Larrea Alba&nbsp;<\/div>\n<div>24 ao\u00fbt 1931 15 octobre 1931&nbsp;<\/div>\n<div>&nbsp;<\/div>\n<div>Alfredo Baquerizo&nbsp;<\/div>\n<div>15 octobre 1931 27 ao\u00fbt 1932&nbsp;<\/div>\n<div>&nbsp;<\/div>\n<div>Luis Larrea Alba&nbsp;<\/div>\n<div>27 ao\u00fbt 1932 2 septembre 1932&nbsp;<\/div>\n<div>&nbsp;<\/div>\n<div>Alberto Guerrero Marines&nbsp;<\/div>\n<div>2 septembre 1932 5 d\u00e9cembre 1932&nbsp;<\/div>\n<div>&nbsp;<\/div>\n<div>Juan de Dios Mart\u00ednez&nbsp;<\/div>\n<div>5 d\u00e9cembre 1932 20 octobre 1933&nbsp;<\/div>\n<div>&nbsp;<\/div>\n<div>Albelardo Montalvo&nbsp;<\/div>\n<div>20 octobre 1933 1er septembre 1934&nbsp;<\/div>\n<div>&nbsp;<\/div>\n<div>Jos\u00e9 Mar\u00eda Velasco Ibarra&nbsp;<\/div>\n<div>1 septembre 1934 21 ao\u00fbt 1935&nbsp;<\/div>\n<div>&nbsp;<\/div>\n<div>Antonio Pons&nbsp;<\/div>\n<div>21 ao\u00fbt 1935 26 septembre 1935&nbsp;<\/div>\n<div>&nbsp;<\/div>\n<div>Federico P\u00e1ez&nbsp;<\/div>\n<div>26 septembre 1935 23 octobre 1937&nbsp;<\/div>\n<div>&nbsp;<\/div>\n<div>Gil Alberto Enr\u00edquez&nbsp;<\/div>\n<div>23 octobre 1937 10 ao\u00fbt 1938&nbsp;<\/div>\n<div>&nbsp;<\/div>\n<div>Manuel Mar\u00eda Borrero&nbsp;<\/div>\n<div>10 ao\u00fbt 1938 2 d\u00e9cembre 1938&nbsp;<\/div>\n<div>&nbsp;<\/div>\n<div>Aurelio Mosquera&nbsp;<\/div>\n<div>2 d\u00e9cembre 1938 17 novembre 1939&nbsp;<\/div>\n<div>&nbsp;<\/div>\n<div>Carlos Alberto Arroyo del R\u00edo&nbsp;<\/div>\n<div>17 novembre 1939 11 d\u00e9cembre1939&nbsp;<\/div>\n<div>&nbsp;<\/div>\n<div>Andr\u00e9s C\u00f3rdova<\/div>\n<div>11 d\u00e9cembre 1939 10 ao\u00fbt 1940&nbsp;<\/div>\n<div>&nbsp;<\/div>\n<div>Julio Enrique Moreno&nbsp;<\/div>\n<div>10 ao\u00fbt 1940 1er septembre 1940&nbsp;<\/div>\n<div>&nbsp;<\/div>\n<div>Carlos Alberto Arroyo del R\u00edo<\/div>\n<div>1 septembre 1940 31 mai 1944&nbsp;<\/div>\n<div>&nbsp;<\/div>\n<div>Jos\u00e9 Mar\u00eda Velasco Ibarra&nbsp;<\/div>\n<div>31 mai 1944 23 ao\u00fbt 1947&nbsp;<\/div>\n<div>&nbsp;<\/div>\n<div>Carlos Mancheno Cajas&nbsp;<\/div>\n<div>23 ao\u00fbt 1947 2 septembre 1947&nbsp;<\/div>\n<div>&nbsp;<\/div>\n<div>Mariano Su\u00e1rez&nbsp;<\/div>\n<div>2 septembre 1947 15 septembre 1947&nbsp;<\/div>\n<div>&nbsp;<\/div>\n<div>Carlos Julio Arosemena&nbsp;<\/div>\n<div>15 septembre 1947 1er septembre 1948&nbsp;<\/div>\n<div>&nbsp;<\/div>\n<div>Galo Plaza Lasso<\/div>\n<div>1 septembre 1948 1er septembre 1952&nbsp;<\/div>\n<div>&nbsp;<\/div>\n<div>Jos\u00e9 Mar\u00eda Velasco Ibarra&nbsp;<\/div>\n<div>1 septembre 1952 1er septembre 1956&nbsp;<\/div>\n<div>&nbsp;<\/div>\n<div>Camilo Ponce Enr\u00edquez&nbsp;<\/div>\n<div>1er septembre 1956 1er septembre 1960&nbsp;<\/div>\n<div>&nbsp;<\/div>\n<div>Jos\u00e9 Mar\u00eda Velasco Ibarra&nbsp;<\/div>\n<div>1er septembre 1960 7 novembre 1961&nbsp;<\/div>\n<div>&nbsp;<\/div>\n<div>Carlos Julio Arosemena<\/div>\n<div>7 novembre 1961 11 juillet 1963&nbsp;<\/div>\n<div>&nbsp;<\/div>\n<div>Ram\u00f3n Castro Jij\u00f3n&nbsp;<\/div>\n<div>11 juillet 1963 29 mars 1966&nbsp;<\/div>\n<div>&nbsp;<\/div>\n<div>Clemente Yerovi&nbsp;<\/div>\n<div>29 mars 1966 16 novembre 1966&nbsp;<\/div>\n<div>&nbsp;<\/div>\n<div>Otto Arosemena&nbsp;<\/div>\n<div>16 novembre 1966 1er septembre 1968&nbsp;<\/div>\n<div>&nbsp;<\/div>\n<div>Jos\u00e9 Mar\u00eda Velasco Ibarra&nbsp;<\/div>\n<div>1er septembre 1968 15 f\u00e9vrier 1972&nbsp;<\/div>\n<div>&nbsp;<\/div>\n<div>Guillermo Rodr\u00edguez&nbsp;<\/div>\n<div>15 f\u00e9vrier 1972 11 janvier 1976&nbsp;<\/div>\n<div>&nbsp;<\/div>\n<div>Alfredo Poveda&nbsp;<\/div>\n<div>11 janvier 1976 10 ao\u00fbt 1979&nbsp;<\/div>\n<div>&nbsp;<\/div>\n<div>Jaime Rold\u00f3s Aguilera&nbsp;<\/div>\n<div>10 ao\u00fbt 1979 24 mai 1981&nbsp;<\/div>\n<div>&nbsp;<\/div>\n<div>Osvaldo Hurtado<\/div>\n<div>24 mai 1981 10 ao\u00fbt 1984&nbsp;<\/div>\n<div>&nbsp;<\/div>\n<div>Le\u00f3n Febres Cordero&nbsp;<\/div>\n<div>10 ao\u00fbt 1984 10 ao\u00fbt 1988&nbsp;<\/div>\n<div>&nbsp;<\/div>\n<div>Rodrigo Borja Cevallos&nbsp;<\/div>\n<div>10 ao\u00fbt 1988 10 ao\u00fbt 1992&nbsp;<\/div>\n<div>&nbsp;<\/div>\n<div>Sixto Dur\u00e1n-Ball\u00e9n&nbsp;<\/div>\n<div>10 ao\u00fbt 1992 10 ao\u00fbt1996&nbsp;<\/div>\n<div>&nbsp;<\/div>\n<div>Abdal\u00e1 Bucaram&nbsp;<\/div>\n<div>10 ao\u00fbt 1996 6 f\u00e9vrier 1997&nbsp;<\/div>\n<div>&nbsp;<\/div>\n<div>Fabi\u00e1n Alarc\u00f3n<\/div>\n<div>11 f\u00e9vrier 1997 10 ao\u00fbt 1998&nbsp;<\/div>\n<div>&nbsp;<\/div>\n<div>Jamil Mahuad&nbsp;<\/div>\n<div>10 ao\u00fbt 1998 21 janvier 2000&nbsp;<\/div>\n<div>&nbsp;<\/div>\n<div>Gustavo Noboa<\/div>\n<div>22 janvier 2000 15 janvier 2003&nbsp;<\/div>\n<div>&nbsp;<\/div>\n<div>Lucio Guti\u00e9rrez&nbsp;<\/div>\n<div>15 janvier 2003 20 avril 2005&nbsp;<\/div>\n<div>&nbsp;<\/div>\n<div>Alfredo Palacio&nbsp;<\/div>\n<div>20 avril 2005 15 janvier 2007&nbsp;<\/div>\n<div>&nbsp;<\/div>\n<div>Rafael Correa&nbsp;<\/div>\n<div>Depuis le 15 janvier 2007&nbsp;<\/div>\n","protected":false},"excerpt":{"rendered":"<p>Juan Jos\u00e9 Flores&nbsp; 13 mai 1830 10 septembre 1834&nbsp; &nbsp; Vicente Rocafuerte&nbsp; 10 septembre 1834 31 janvier 1839&nbsp; &nbsp; Juan [&hellip;]<\/p>\n","protected":false},"author":3,"featured_media":0,"parent":2303,"menu_order":0,"comment_status":"closed","ping_status":"closed","template":"","meta":{"site-sidebar-layout":"default","site-content-layout":"","ast-site-content-layout":"default","site-content-style":"default","site-sidebar-style":"default","ast-global-header-display":"","ast-banner-title-visibility":"","ast-main-header-display":"","ast-hfb-above-header-display":"","ast-hfb-below-header-display":"","ast-hfb-mobile-header-display":"","site-post-title":"","ast-breadcrumbs-content":"","ast-featured-img":"","footer-sml-layout":"","ast-disable-related-posts":"","theme-transparent-header-meta":"","adv-header-id-meta":"","stick-header-meta":"","header-above-stick-meta":"","header-main-stick-meta":"","header-below-stick-meta":"","astra-migrate-meta-layouts":"default","ast-page-background-enabled":"default","ast-page-background-meta":{"desktop":{"background-color":"var(--ast-global-color-5)","background-image":"","background-repeat":"repeat","background-position":"center center","background-size":"auto","background-attachment":"scroll","background-type":"","background-media":"","overlay-type":"","overlay-color":"","overlay-opacity":"","overlay-gradient":""},"tablet":{"background-color":"","background-image":"","background-repeat":"repeat","background-position":"center center","background-size":"auto","background-attachment":"scroll","background-type":"","background-media":"","overlay-type":"","overlay-color":"","overlay-opacity":"","overlay-gradient":""},"mobile":{"background-color":"","background-image":"","background-repeat":"repeat","background-position":"center center","background-size":"auto","background-attachment":"scroll","background-type":"","background-media":"","overlay-type":"","overlay-color":"","overlay-opacity":"","overlay-gradient":""}},"ast-content-background-meta":{"desktop":{"background-color":"var(--ast-global-color-4)","background-image":"","background-repeat":"repeat","background-position":"center center","background-size":"auto","background-attachment":"scroll","background-type":"","background-media":"","overlay-type":"","overlay-color":"","overlay-opacity":"","overlay-gradient":""},"tablet":{"background-color":"var(--ast-global-color-4)","background-image":"","background-repeat":"repeat","background-position":"center center","background-size":"auto","background-attachment":"scroll","background-type":"","background-media":"","overlay-type":"","overlay-color":"","overlay-opacity":"","overlay-gradient":""},"mobile":{"background-color":"var(--ast-global-color-4)","background-image":"","background-repeat":"repeat","background-position":"center center","background-size":"auto","background-attachment":"scroll","background-type":"","background-media":"","overlay-type":"","overlay-color":"","overlay-opacity":"","overlay-gradient":""}},"footnotes":""},"class_list":["post-1871","page","type-page","status-publish","hentry"],"yoast_head":"<!-- This site is optimized with the Yoast SEO plugin v27.5 - https:\/\/yoast.com\/product\/yoast-seo-wordpress\/ -->\n<title>Les PRESIDENTS d&#039;EQUATEUR - Abc-latina<\/title>\n<meta name=\"description\" content=\"Les pr\u00e9sidents \u00e9quatoriens.\" \/>\n<meta name=\"robots\" content=\"index, follow, max-snippet:-1, max-image-preview:large, max-video-preview:-1\" \/>\n<link rel=\"canonical\" href=\"https:\/\/abc-latina.com\/equateur\/presidents-equatoriens\/\" \/>\n<meta property=\"og:locale\" content=\"fr_FR\" \/>\n<meta property=\"og:type\" content=\"article\" \/>\n<meta property=\"og:title\" content=\"Les PRESIDENTS d&#039;EQUATEUR - Abc-latina\" \/>\n<meta property=\"og:description\" content=\"Les pr\u00e9sidents \u00e9quatoriens.\" \/>\n<meta property=\"og:url\" content=\"https:\/\/abc-latina.com\/equateur\/presidents-equatoriens\/\" \/>\n<meta property=\"og:site_name\" content=\"Abc-latina\" \/>\n<meta property=\"article:modified_time\" content=\"2018-06-12T10:00:03+00:00\" \/>\n<meta name=\"twitter:card\" content=\"summary_large_image\" \/>\n<meta name=\"twitter:label1\" content=\"Dur\u00e9e de lecture estim\u00e9e\" \/>\n\t<meta name=\"twitter:data1\" content=\"4 minutes\" \/>\n<script type=\"application\/ld+json\" class=\"yoast-schema-graph\">{\"@context\":\"https:\\\/\\\/schema.org\",\"@graph\":[{\"@type\":\"WebPage\",\"@id\":\"https:\\\/\\\/abc-latina.com\\\/equateur\\\/presidents-equatoriens\\\/\",\"url\":\"https:\\\/\\\/abc-latina.com\\\/equateur\\\/presidents-equatoriens\\\/\",\"name\":\"Les PRESIDENTS d'EQUATEUR - Abc-latina\",\"isPartOf\":{\"@id\":\"https:\\\/\\\/abc-latina.com\\\/#website\"},\"datePublished\":\"2010-07-30T00:32:59+00:00\",\"dateModified\":\"2018-06-12T10:00:03+00:00\",\"description\":\"Les pr\u00e9sidents \u00e9quatoriens.\",\"breadcrumb\":{\"@id\":\"https:\\\/\\\/abc-latina.com\\\/equateur\\\/presidents-equatoriens\\\/#breadcrumb\"},\"inLanguage\":\"fr-FR\",\"potentialAction\":[{\"@type\":\"ReadAction\",\"target\":[\"https:\\\/\\\/abc-latina.com\\\/equateur\\\/presidents-equatoriens\\\/\"]}]},{\"@type\":\"BreadcrumbList\",\"@id\":\"https:\\\/\\\/abc-latina.com\\\/equateur\\\/presidents-equatoriens\\\/#breadcrumb\",\"itemListElement\":[{\"@type\":\"ListItem\",\"position\":1,\"name\":\"Accueil\",\"item\":\"https:\\\/\\\/abc-latina.com\\\/\"},{\"@type\":\"ListItem\",\"position\":2,\"name\":\"Les PRESIDENTS d&rsquo;EQUATEUR\"}]},{\"@type\":\"WebSite\",\"@id\":\"https:\\\/\\\/abc-latina.com\\\/#website\",\"url\":\"https:\\\/\\\/abc-latina.com\\\/\",\"name\":\"Abc-latina\",\"description\":\"\",\"publisher\":{\"@id\":\"https:\\\/\\\/abc-latina.com\\\/#organization\"},\"potentialAction\":[{\"@type\":\"SearchAction\",\"target\":{\"@type\":\"EntryPoint\",\"urlTemplate\":\"https:\\\/\\\/abc-latina.com\\\/?s={search_term_string}\"},\"query-input\":{\"@type\":\"PropertyValueSpecification\",\"valueRequired\":true,\"valueName\":\"search_term_string\"}}],\"inLanguage\":\"fr-FR\"},{\"@type\":\"Organization\",\"@id\":\"https:\\\/\\\/abc-latina.com\\\/#organization\",\"name\":\"Abc-latina\",\"url\":\"https:\\\/\\\/abc-latina.com\\\/\",\"logo\":{\"@type\":\"ImageObject\",\"inLanguage\":\"fr-FR\",\"@id\":\"https:\\\/\\\/abc-latina.com\\\/#\\\/schema\\\/logo\\\/image\\\/\",\"url\":\"https:\\\/\\\/abc-latina.com\\\/wp-content\\\/uploads\\\/2026\\\/05\\\/cropped-logo.gif\",\"contentUrl\":\"https:\\\/\\\/abc-latina.com\\\/wp-content\\\/uploads\\\/2026\\\/05\\\/cropped-logo.gif\",\"width\":89,\"height\":84,\"caption\":\"Abc-latina\"},\"image\":{\"@id\":\"https:\\\/\\\/abc-latina.com\\\/#\\\/schema\\\/logo\\\/image\\\/\"}}]}<\/script>\n<!-- \/ Yoast SEO plugin. -->","yoast_head_json":{"title":"Les PRESIDENTS d'EQUATEUR - Abc-latina","description":"Les pr\u00e9sidents \u00e9quatoriens.","robots":{"index":"index","follow":"follow","max-snippet":"max-snippet:-1","max-image-preview":"max-image-preview:large","max-video-preview":"max-video-preview:-1"},"canonical":"https:\/\/abc-latina.com\/equateur\/presidents-equatoriens\/","og_locale":"fr_FR","og_type":"article","og_title":"Les PRESIDENTS d'EQUATEUR - Abc-latina","og_description":"Les pr\u00e9sidents \u00e9quatoriens.","og_url":"https:\/\/abc-latina.com\/equateur\/presidents-equatoriens\/","og_site_name":"Abc-latina","article_modified_time":"2018-06-12T10:00:03+00:00","twitter_card":"summary_large_image","twitter_misc":{"Dur\u00e9e de lecture estim\u00e9e":"4 minutes"},"schema":{"@context":"https:\/\/schema.org","@graph":[{"@type":"WebPage","@id":"https:\/\/abc-latina.com\/equateur\/presidents-equatoriens\/","url":"https:\/\/abc-latina.com\/equateur\/presidents-equatoriens\/","name":"Les PRESIDENTS d'EQUATEUR - Abc-latina","isPartOf":{"@id":"https:\/\/abc-latina.com\/#website"},"datePublished":"2010-07-30T00:32:59+00:00","dateModified":"2018-06-12T10:00:03+00:00","description":"Les pr\u00e9sidents \u00e9quatoriens.","breadcrumb":{"@id":"https:\/\/abc-latina.com\/equateur\/presidents-equatoriens\/#breadcrumb"},"inLanguage":"fr-FR","potentialAction":[{"@type":"ReadAction","target":["https:\/\/abc-latina.com\/equateur\/presidents-equatoriens\/"]}]},{"@type":"BreadcrumbList","@id":"https:\/\/abc-latina.com\/equateur\/presidents-equatoriens\/#breadcrumb","itemListElement":[{"@type":"ListItem","position":1,"name":"Accueil","item":"https:\/\/abc-latina.com\/"},{"@type":"ListItem","position":2,"name":"Les PRESIDENTS d&rsquo;EQUATEUR"}]},{"@type":"WebSite","@id":"https:\/\/abc-latina.com\/#website","url":"https:\/\/abc-latina.com\/","name":"Abc-latina","description":"","publisher":{"@id":"https:\/\/abc-latina.com\/#organization"},"potentialAction":[{"@type":"SearchAction","target":{"@type":"EntryPoint","urlTemplate":"https:\/\/abc-latina.com\/?s={search_term_string}"},"query-input":{"@type":"PropertyValueSpecification","valueRequired":true,"valueName":"search_term_string"}}],"inLanguage":"fr-FR"},{"@type":"Organization","@id":"https:\/\/abc-latina.com\/#organization","name":"Abc-latina","url":"https:\/\/abc-latina.com\/","logo":{"@type":"ImageObject","inLanguage":"fr-FR","@id":"https:\/\/abc-latina.com\/#\/schema\/logo\/image\/","url":"https:\/\/abc-latina.com\/wp-content\/uploads\/2026\/05\/cropped-logo.gif","contentUrl":"https:\/\/abc-latina.com\/wp-content\/uploads\/2026\/05\/cropped-logo.gif","width":89,"height":84,"caption":"Abc-latina"},"image":{"@id":"https:\/\/abc-latina.com\/#\/schema\/logo\/image\/"}}]}},"_links":{"self":[{"href":"https:\/\/abc-latina.com\/wp-json\/wp\/v2\/pages\/1871","targetHints":{"allow":["GET"]}}],"collection":[{"href":"https:\/\/abc-latina.com\/wp-json\/wp\/v2\/pages"}],"about":[{"href":"https:\/\/abc-latina.com\/wp-json\/wp\/v2\/types\/page"}],"author":[{"embeddable":true,"href":"https:\/\/abc-latina.com\/wp-json\/wp\/v2\/users\/3"}],"replies":[{"embeddable":true,"href":"https:\/\/abc-latina.com\/wp-json\/wp\/v2\/comments?post=1871"}],"version-history":[{"count":0,"href":"https:\/\/abc-latina.com\/wp-json\/wp\/v2\/pages\/1871\/revisions"}],"up":[{"embeddable":true,"href":"https:\/\/abc-latina.com\/wp-json\/wp\/v2\/pages\/2303"}],"wp:attachment":[{"href":"https:\/\/abc-latina.com\/wp-json\/wp\/v2\/media?parent=1871"}],"curies":[{"name":"wp","href":"https:\/\/api.w.org\/{rel}","templated":true}]}}