{"id":1872,"date":"2010-07-30T02:38:01","date_gmt":"2010-07-30T00:38:01","guid":{"rendered":"http:\/\/abc-latina.com\/cuenca-htm-2\/"},"modified":"2018-06-12T11:57:56","modified_gmt":"2018-06-12T09:57:56","slug":"cuenca","status":"publish","type":"page","link":"https:\/\/abc-latina.com\/equateur\/cuenca\/","title":{"rendered":"Les MUSEES de CUENCA"},"content":{"rendered":"<div><strong>Mus\u00e9e Banco Central<\/strong>&nbsp;<\/div>\n<div>Calle Larga y Huayna Capac<\/div>\n<div>Ouverture du Lundi au Vendredi de 09h00 \u00e0 18h00; le samedi de 09h00 \u00e0 13h00&nbsp;<\/div>\n<div>&nbsp;<\/div>\n<div><strong>Mus\u00e9e de Los Metales<\/strong>&nbsp;<\/div>\n<div>Av. Solano 11-83<\/div>\n<div>Ouverture du Lundi au Vendredi de 09h00 \u00e0 12h00, 16h00 \u00e0 19h00<\/div>\n<div>&nbsp;<\/div>\n<div><strong>Mus\u00e9e de Las Culturas Aborigenes<\/strong>&nbsp;<\/div>\n<div>Av.10 de Agosto 4-70 and Rafael Torres<\/div>\n<div>Ouverture du Lundi au Vendredi de 09h00 \u00e0 18h00<\/div>\n<div>&nbsp;<\/div>\n<div><strong>Mus\u00e9e Artes Populares (Cidap)<\/strong><\/div>\n<div>Hno. Miguel 3-23. and Calle Larga<\/div>\n<div>Ouverture du Lundi au Vendredi de 09h30 \u00e0 13h00, 14h30 \u00e0 18h00, Samedi de 10h00 \u00e0 13h00<\/div>\n<div>&nbsp;<\/div>\n<div><strong>Mus\u00e9e Remigio Crespo Toral&nbsp;<\/strong><\/div>\n<div>Calle Larga 7-07 and Borrero<\/div>\n<div>Ouverture du Lundi au Vendredi de 08h30 \u00e0 13h00, 15h00 \u00e0 18h30; Samedi et dimanche de 09h00 \u00e0 13h00&nbsp;<\/div>\n<div>&nbsp;<\/div>\n<div><strong>Mus\u00e9e de Arte Moderno<\/strong>&nbsp;<\/div>\n<div>Sucre 15-27 and Coronel Talbot<\/div>\n<div>Ouverture du Lundi au Vendredi de 08h30 \u00e0 18h30; Samedi et dimanche de 09h00 \u00e0 15h00<\/div>\n<div>&nbsp;<\/div>\n<div><strong>Mus\u00e9e Agust\u00edn Landivar (Ruinas de Todos Santos)&nbsp;<\/strong><\/div>\n<div>Calle Larga 223 and Los Molinos<\/div>\n<div>Ouverture du Lundi au Vendredi de 09h00 \u00e0 13h00, 15h00 \u00e0 18h00<\/div>\n<div>&nbsp;<\/div>\n<div><strong>Casa de La Cultura Benjamin Carri\u00f3n&nbsp;<\/strong><\/div>\n<div>Benigno Malo and Sucre<\/div>\n<div>Ouverture du Lundi au Samedii de 09h00 \u00e0 13h00, 15h00 \u00e0 18h00<\/div>\n<div>&nbsp;<\/div>\n<div><strong>Mus\u00e9e de Las Conceptas&nbsp;<\/strong><\/div>\n<div>Hno. Miguel 6-33 and Juan Jaramillo<\/div>\n<div>Ouverture du Lundi au Vendredi de 09h00 \u00e0 13h00, 14h30 \u00e0 17h30; Samedi de 09h00 \u00e0 13h00<\/div>\n<div>&nbsp;<\/div>\n<div><strong>Instituto Azuayo del Folklore<\/strong><\/div>\n<div>Luis Cordero 7-22, 3rd Piso<\/div>\n<div>Ouverture du Lundi au Vendredi de 08h30 \u00e0 12h00,14h30 \u00e0 17h30<\/div>\n<div>&nbsp;<\/div>\n<div><strong>Mus\u00e9e Arqueol\u00f3gico Universidad Estatal de Cuenca&nbsp;<\/strong><\/div>\n<div>Av. 12 de Abril<\/div>\n<div>Ouverture du Lundi au Vendredi de 09h00 \u00e0 12h00, 14h00 \u00e0 18h00<\/div>\n<div>&nbsp;<\/div>\n<div><strong>Mus\u00e9e Colegio Benigno Malo<\/strong><\/div>\n<div>Av. Solano 2-58<\/div>\n<div>Ouverture du Lundi au Vendredi de 09h00 \u00e0 13h00<\/div>\n<div>&nbsp;<\/div>\n<div><strong>Mus\u00e9e de La Medicina<\/strong><\/div>\n<div>Av. 12 de Abril Y Solano<\/div>\n<div>Ouverture du Lundi au Vendredi de 09h00 \u00e0 12h00; 14h30 \u00e0 16h00<\/div>\n<p>&nbsp;<\/p>\n","protected":false},"excerpt":{"rendered":"<p>Mus\u00e9e Banco Central&nbsp; Calle Larga y Huayna Capac Ouverture du Lundi au Vendredi de 09h00 \u00e0 18h00; le samedi de [&hellip;]<\/p>\n","protected":false},"author":3,"featured_media":0,"parent":2303,"menu_order":0,"comment_status":"closed","ping_status":"closed","template":"","meta":{"site-sidebar-layout":"default","site-content-layout":"","ast-site-content-layout":"default","site-content-style":"default","site-sidebar-style":"default","ast-global-header-display":"","ast-banner-title-visibility":"","ast-main-header-display":"","ast-hfb-above-header-display":"","ast-hfb-below-header-display":"","ast-hfb-mobile-header-display":"","site-post-title":"","ast-breadcrumbs-content":"","ast-featured-img":"","footer-sml-layout":"","ast-disable-related-posts":"","theme-transparent-header-meta":"","adv-header-id-meta":"","stick-header-meta":"","header-above-stick-meta":"","header-main-stick-meta":"","header-below-stick-meta":"","astra-migrate-meta-layouts":"default","ast-page-background-enabled":"default","ast-page-background-meta":{"desktop":{"background-color":"var(--ast-global-color-5)","background-image":"","background-repeat":"repeat","background-position":"center center","background-size":"auto","background-attachment":"scroll","background-type":"","background-media":"","overlay-type":"","overlay-color":"","overlay-opacity":"","overlay-gradient":""},"tablet":{"background-color":"","background-image":"","background-repeat":"repeat","background-position":"center center","background-size":"auto","background-attachment":"scroll","background-type":"","background-media":"","overlay-type":"","overlay-color":"","overlay-opacity":"","overlay-gradient":""},"mobile":{"background-color":"","background-image":"","background-repeat":"repeat","background-position":"center center","background-size":"auto","background-attachment":"scroll","background-type":"","background-media":"","overlay-type":"","overlay-color":"","overlay-opacity":"","overlay-gradient":""}},"ast-content-background-meta":{"desktop":{"background-color":"var(--ast-global-color-4)","background-image":"","background-repeat":"repeat","background-position":"center center","background-size":"auto","background-attachment":"scroll","background-type":"","background-media":"","overlay-type":"","overlay-color":"","overlay-opacity":"","overlay-gradient":""},"tablet":{"background-color":"var(--ast-global-color-4)","background-image":"","background-repeat":"repeat","background-position":"center center","background-size":"auto","background-attachment":"scroll","background-type":"","background-media":"","overlay-type":"","overlay-color":"","overlay-opacity":"","overlay-gradient":""},"mobile":{"background-color":"var(--ast-global-color-4)","background-image":"","background-repeat":"repeat","background-position":"center center","background-size":"auto","background-attachment":"scroll","background-type":"","background-media":"","overlay-type":"","overlay-color":"","overlay-opacity":"","overlay-gradient":""}},"footnotes":""},"class_list":["post-1872","page","type-page","status-publish","hentry"],"yoast_head":"<!-- This site is optimized with the Yoast SEO plugin v27.5 - https:\/\/yoast.com\/product\/yoast-seo-wordpress\/ -->\n<title>Les MUSEES de CUENCA - Abc-latina<\/title>\n<meta name=\"description\" content=\"La liste des mus\u00e9es de la ville de Cuenca, Equateur.\" \/>\n<meta name=\"robots\" content=\"index, follow, max-snippet:-1, max-image-preview:large, max-video-preview:-1\" \/>\n<link rel=\"canonical\" href=\"https:\/\/abc-latina.com\/equateur\/cuenca\/\" \/>\n<meta property=\"og:locale\" content=\"fr_FR\" \/>\n<meta property=\"og:type\" content=\"article\" \/>\n<meta property=\"og:title\" content=\"Les MUSEES de CUENCA - Abc-latina\" \/>\n<meta property=\"og:description\" content=\"La liste des mus\u00e9es de la ville de Cuenca, Equateur.\" \/>\n<meta property=\"og:url\" content=\"https:\/\/abc-latina.com\/equateur\/cuenca\/\" \/>\n<meta property=\"og:site_name\" content=\"Abc-latina\" \/>\n<meta property=\"article:modified_time\" content=\"2018-06-12T09:57:56+00:00\" \/>\n<meta name=\"twitter:card\" content=\"summary_large_image\" \/>\n<meta name=\"twitter:label1\" content=\"Dur\u00e9e de lecture estim\u00e9e\" \/>\n\t<meta name=\"twitter:data1\" content=\"1 minute\" \/>\n<script type=\"application\/ld+json\" class=\"yoast-schema-graph\">{\"@context\":\"https:\\\/\\\/schema.org\",\"@graph\":[{\"@type\":\"WebPage\",\"@id\":\"https:\\\/\\\/abc-latina.com\\\/equateur\\\/cuenca\\\/\",\"url\":\"https:\\\/\\\/abc-latina.com\\\/equateur\\\/cuenca\\\/\",\"name\":\"Les MUSEES de CUENCA - Abc-latina\",\"isPartOf\":{\"@id\":\"https:\\\/\\\/abc-latina.com\\\/#website\"},\"datePublished\":\"2010-07-30T00:38:01+00:00\",\"dateModified\":\"2018-06-12T09:57:56+00:00\",\"description\":\"La liste des mus\u00e9es de la ville de Cuenca, Equateur.\",\"breadcrumb\":{\"@id\":\"https:\\\/\\\/abc-latina.com\\\/equateur\\\/cuenca\\\/#breadcrumb\"},\"inLanguage\":\"fr-FR\",\"potentialAction\":[{\"@type\":\"ReadAction\",\"target\":[\"https:\\\/\\\/abc-latina.com\\\/equateur\\\/cuenca\\\/\"]}]},{\"@type\":\"BreadcrumbList\",\"@id\":\"https:\\\/\\\/abc-latina.com\\\/equateur\\\/cuenca\\\/#breadcrumb\",\"itemListElement\":[{\"@type\":\"ListItem\",\"position\":1,\"name\":\"Accueil\",\"item\":\"https:\\\/\\\/abc-latina.com\\\/\"},{\"@type\":\"ListItem\",\"position\":2,\"name\":\"Les MUSEES de CUENCA\"}]},{\"@type\":\"WebSite\",\"@id\":\"https:\\\/\\\/abc-latina.com\\\/#website\",\"url\":\"https:\\\/\\\/abc-latina.com\\\/\",\"name\":\"Abc-latina\",\"description\":\"\",\"publisher\":{\"@id\":\"https:\\\/\\\/abc-latina.com\\\/#organization\"},\"potentialAction\":[{\"@type\":\"SearchAction\",\"target\":{\"@type\":\"EntryPoint\",\"urlTemplate\":\"https:\\\/\\\/abc-latina.com\\\/?s={search_term_string}\"},\"query-input\":{\"@type\":\"PropertyValueSpecification\",\"valueRequired\":true,\"valueName\":\"search_term_string\"}}],\"inLanguage\":\"fr-FR\"},{\"@type\":\"Organization\",\"@id\":\"https:\\\/\\\/abc-latina.com\\\/#organization\",\"name\":\"Abc-latina\",\"url\":\"https:\\\/\\\/abc-latina.com\\\/\",\"logo\":{\"@type\":\"ImageObject\",\"inLanguage\":\"fr-FR\",\"@id\":\"https:\\\/\\\/abc-latina.com\\\/#\\\/schema\\\/logo\\\/image\\\/\",\"url\":\"https:\\\/\\\/abc-latina.com\\\/wp-content\\\/uploads\\\/2026\\\/05\\\/cropped-logo.gif\",\"contentUrl\":\"https:\\\/\\\/abc-latina.com\\\/wp-content\\\/uploads\\\/2026\\\/05\\\/cropped-logo.gif\",\"width\":89,\"height\":84,\"caption\":\"Abc-latina\"},\"image\":{\"@id\":\"https:\\\/\\\/abc-latina.com\\\/#\\\/schema\\\/logo\\\/image\\\/\"}}]}<\/script>\n<!-- \/ Yoast SEO plugin. -->","yoast_head_json":{"title":"Les MUSEES de CUENCA - Abc-latina","description":"La liste des mus\u00e9es de la ville de Cuenca, Equateur.","robots":{"index":"index","follow":"follow","max-snippet":"max-snippet:-1","max-image-preview":"max-image-preview:large","max-video-preview":"max-video-preview:-1"},"canonical":"https:\/\/abc-latina.com\/equateur\/cuenca\/","og_locale":"fr_FR","og_type":"article","og_title":"Les MUSEES de CUENCA - Abc-latina","og_description":"La liste des mus\u00e9es de la ville de Cuenca, Equateur.","og_url":"https:\/\/abc-latina.com\/equateur\/cuenca\/","og_site_name":"Abc-latina","article_modified_time":"2018-06-12T09:57:56+00:00","twitter_card":"summary_large_image","twitter_misc":{"Dur\u00e9e de lecture estim\u00e9e":"1 minute"},"schema":{"@context":"https:\/\/schema.org","@graph":[{"@type":"WebPage","@id":"https:\/\/abc-latina.com\/equateur\/cuenca\/","url":"https:\/\/abc-latina.com\/equateur\/cuenca\/","name":"Les MUSEES de CUENCA - Abc-latina","isPartOf":{"@id":"https:\/\/abc-latina.com\/#website"},"datePublished":"2010-07-30T00:38:01+00:00","dateModified":"2018-06-12T09:57:56+00:00","description":"La liste des mus\u00e9es de la ville de Cuenca, Equateur.","breadcrumb":{"@id":"https:\/\/abc-latina.com\/equateur\/cuenca\/#breadcrumb"},"inLanguage":"fr-FR","potentialAction":[{"@type":"ReadAction","target":["https:\/\/abc-latina.com\/equateur\/cuenca\/"]}]},{"@type":"BreadcrumbList","@id":"https:\/\/abc-latina.com\/equateur\/cuenca\/#breadcrumb","itemListElement":[{"@type":"ListItem","position":1,"name":"Accueil","item":"https:\/\/abc-latina.com\/"},{"@type":"ListItem","position":2,"name":"Les MUSEES de CUENCA"}]},{"@type":"WebSite","@id":"https:\/\/abc-latina.com\/#website","url":"https:\/\/abc-latina.com\/","name":"Abc-latina","description":"","publisher":{"@id":"https:\/\/abc-latina.com\/#organization"},"potentialAction":[{"@type":"SearchAction","target":{"@type":"EntryPoint","urlTemplate":"https:\/\/abc-latina.com\/?s={search_term_string}"},"query-input":{"@type":"PropertyValueSpecification","valueRequired":true,"valueName":"search_term_string"}}],"inLanguage":"fr-FR"},{"@type":"Organization","@id":"https:\/\/abc-latina.com\/#organization","name":"Abc-latina","url":"https:\/\/abc-latina.com\/","logo":{"@type":"ImageObject","inLanguage":"fr-FR","@id":"https:\/\/abc-latina.com\/#\/schema\/logo\/image\/","url":"https:\/\/abc-latina.com\/wp-content\/uploads\/2026\/05\/cropped-logo.gif","contentUrl":"https:\/\/abc-latina.com\/wp-content\/uploads\/2026\/05\/cropped-logo.gif","width":89,"height":84,"caption":"Abc-latina"},"image":{"@id":"https:\/\/abc-latina.com\/#\/schema\/logo\/image\/"}}]}},"_links":{"self":[{"href":"https:\/\/abc-latina.com\/wp-json\/wp\/v2\/pages\/1872","targetHints":{"allow":["GET"]}}],"collection":[{"href":"https:\/\/abc-latina.com\/wp-json\/wp\/v2\/pages"}],"about":[{"href":"https:\/\/abc-latina.com\/wp-json\/wp\/v2\/types\/page"}],"author":[{"embeddable":true,"href":"https:\/\/abc-latina.com\/wp-json\/wp\/v2\/users\/3"}],"replies":[{"embeddable":true,"href":"https:\/\/abc-latina.com\/wp-json\/wp\/v2\/comments?post=1872"}],"version-history":[{"count":0,"href":"https:\/\/abc-latina.com\/wp-json\/wp\/v2\/pages\/1872\/revisions"}],"up":[{"embeddable":true,"href":"https:\/\/abc-latina.com\/wp-json\/wp\/v2\/pages\/2303"}],"wp:attachment":[{"href":"https:\/\/abc-latina.com\/wp-json\/wp\/v2\/media?parent=1872"}],"curies":[{"name":"wp","href":"https:\/\/api.w.org\/{rel}","templated":true}]}}