{"id":1873,"date":"2010-07-30T02:40:33","date_gmt":"2010-07-30T00:40:33","guid":{"rendered":"http:\/\/abc-latina.com\/quito-htm-2\/"},"modified":"2018-06-12T11:56:52","modified_gmt":"2018-06-12T09:56:52","slug":"quito","status":"publish","type":"page","link":"https:\/\/abc-latina.com\/equateur\/quito\/","title":{"rendered":"Les MUSEES de QUITO"},"content":{"rendered":"<div><strong>Museo Arte Colonial<\/strong><\/div>\n<div>Cuenca 415 y Mej\u00eda<\/div>\n<div>Ouverture du Mardi au Vendredi 10h00 \u00e0 18h00 &#8211; le samedi de 10h00 \u00e0 14h00<\/div>\n<div>Tel: 2282297<\/div>\n<div>&nbsp;<\/div>\n<div><strong>Museo Aurelio Espinoza Polit&nbsp;<\/strong><\/div>\n<div>Jos\u00e9 Nogales 220 y Francisco Arcos<\/div>\n<div>Ouverture du Mardi au Vendredi 09h00 \u00e0 18h00&nbsp;<\/div>\n<div>Tel: 2492190 &#8211; 2491157 &#8211; 2492190<\/div>\n<div>&nbsp;<\/div>\n<div><strong>Museo Ecuatoriano de Ciencias Naturales<\/strong>&nbsp;<\/div>\n<div>Rumipamba 341 y Av. de Los Shyris (Parque La Carolina)<\/div>\n<div>Ouverture du Lundi au Vendredi de 08h30 \u00e0 13h00, 13h45 to 16h30; le samedi de 09h00 \u00e0 13h00; le dimanche de 10h00 \u00e0 14h00<\/div>\n<div>Tel: 2449824<\/div>\n<div>&nbsp;<\/div>\n<div><strong>Museo Casa de Sucre<\/strong>&nbsp;<\/div>\n<div>Venezuela 573 y Sucre<\/div>\n<div>Ouverture du Mardi au Samedi de 09h00 \u00e0 16h00&nbsp;<\/div>\n<div>Tel: 2952860<\/div>\n<div>&nbsp;<\/div>\n<div><strong>Museo del Convento de San Diego<\/strong>&nbsp;<\/div>\n<div>Calicuchima 117 y Farfan (Junto Al Cementerio)<\/div>\n<div>Ouverture du Lundi au Dimanche de 09h00 \u00e0 13h30, 14h30 \u00e0 17h00&nbsp;<\/div>\n<div>Tel: 2952516<\/div>\n<div>&nbsp;<\/div>\n<div><strong>Museos de La Casa de La Cultura Ecuatoriana&nbsp;<\/strong><\/div>\n<div>Av. 12 de Octubre y Patria<\/div>\n<div>Ouverture du Mardi au Vendredi de 10h00 \u00e0 18h00; le samedi de 10h00 \u00e0 14h00&nbsp;<\/div>\n<div>Tel: 2223392<\/div>\n<div>&nbsp;<\/div>\n<div><strong>Centro Cultural del Instituto Geogr\u00e1fico Militar<\/strong><\/div>\n<div>Sernierger (El Dorado)<\/div>\n<div>Ouverture du Lundi au Vendredi de 09h00 \u00e0 16h00<\/div>\n<div>Tel: 2502091<\/div>\n<div>&nbsp;<\/div>\n<div><strong>Planetarium<\/strong><\/div>\n<div>Ouverture du Lundi au Vendredi de 09h00 \u00e0 15h00; le samedi et jours f\u00e9ri\u00e9s de 08h00 \u00e0 12h00&nbsp;<\/div>\n","protected":false},"excerpt":{"rendered":"<p>Museo Arte Colonial Cuenca 415 y Mej\u00eda Ouverture du Mardi au Vendredi 10h00 \u00e0 18h00 &#8211; le samedi de 10h00 [&hellip;]<\/p>\n","protected":false},"author":3,"featured_media":0,"parent":2303,"menu_order":0,"comment_status":"closed","ping_status":"closed","template":"","meta":{"site-sidebar-layout":"default","site-content-layout":"","ast-site-content-layout":"default","site-content-style":"default","site-sidebar-style":"default","ast-global-header-display":"","ast-banner-title-visibility":"","ast-main-header-display":"","ast-hfb-above-header-display":"","ast-hfb-below-header-display":"","ast-hfb-mobile-header-display":"","site-post-title":"","ast-breadcrumbs-content":"","ast-featured-img":"","footer-sml-layout":"","ast-disable-related-posts":"","theme-transparent-header-meta":"","adv-header-id-meta":"","stick-header-meta":"","header-above-stick-meta":"","header-main-stick-meta":"","header-below-stick-meta":"","astra-migrate-meta-layouts":"default","ast-page-background-enabled":"default","ast-page-background-meta":{"desktop":{"background-color":"var(--ast-global-color-5)","background-image":"","background-repeat":"repeat","background-position":"center center","background-size":"auto","background-attachment":"scroll","background-type":"","background-media":"","overlay-type":"","overlay-color":"","overlay-opacity":"","overlay-gradient":""},"tablet":{"background-color":"","background-image":"","background-repeat":"repeat","background-position":"center center","background-size":"auto","background-attachment":"scroll","background-type":"","background-media":"","overlay-type":"","overlay-color":"","overlay-opacity":"","overlay-gradient":""},"mobile":{"background-color":"","background-image":"","background-repeat":"repeat","background-position":"center center","background-size":"auto","background-attachment":"scroll","background-type":"","background-media":"","overlay-type":"","overlay-color":"","overlay-opacity":"","overlay-gradient":""}},"ast-content-background-meta":{"desktop":{"background-color":"var(--ast-global-color-4)","background-image":"","background-repeat":"repeat","background-position":"center center","background-size":"auto","background-attachment":"scroll","background-type":"","background-media":"","overlay-type":"","overlay-color":"","overlay-opacity":"","overlay-gradient":""},"tablet":{"background-color":"var(--ast-global-color-4)","background-image":"","background-repeat":"repeat","background-position":"center center","background-size":"auto","background-attachment":"scroll","background-type":"","background-media":"","overlay-type":"","overlay-color":"","overlay-opacity":"","overlay-gradient":""},"mobile":{"background-color":"var(--ast-global-color-4)","background-image":"","background-repeat":"repeat","background-position":"center center","background-size":"auto","background-attachment":"scroll","background-type":"","background-media":"","overlay-type":"","overlay-color":"","overlay-opacity":"","overlay-gradient":""}},"footnotes":""},"class_list":["post-1873","page","type-page","status-publish","hentry"],"yoast_head":"<!-- This site is optimized with the Yoast SEO plugin v27.5 - https:\/\/yoast.com\/product\/yoast-seo-wordpress\/ -->\n<title>Les MUSEES de QUITO - Abc-latina<\/title>\n<meta name=\"description\" content=\"La liste des mus\u00e9es de la ville de Quito, Equateur.\" \/>\n<meta name=\"robots\" content=\"index, follow, max-snippet:-1, max-image-preview:large, max-video-preview:-1\" \/>\n<link rel=\"canonical\" href=\"https:\/\/abc-latina.com\/equateur\/quito\/\" \/>\n<meta property=\"og:locale\" content=\"fr_FR\" \/>\n<meta property=\"og:type\" content=\"article\" \/>\n<meta property=\"og:title\" content=\"Les MUSEES de QUITO - Abc-latina\" \/>\n<meta property=\"og:description\" content=\"La liste des mus\u00e9es de la ville de Quito, Equateur.\" \/>\n<meta property=\"og:url\" content=\"https:\/\/abc-latina.com\/equateur\/quito\/\" \/>\n<meta property=\"og:site_name\" content=\"Abc-latina\" \/>\n<meta property=\"article:modified_time\" content=\"2018-06-12T09:56:52+00:00\" \/>\n<meta name=\"twitter:card\" content=\"summary_large_image\" \/>\n<meta name=\"twitter:label1\" content=\"Dur\u00e9e de lecture estim\u00e9e\" \/>\n\t<meta name=\"twitter:data1\" content=\"1 minute\" \/>\n<script type=\"application\/ld+json\" class=\"yoast-schema-graph\">{\"@context\":\"https:\\\/\\\/schema.org\",\"@graph\":[{\"@type\":\"WebPage\",\"@id\":\"https:\\\/\\\/abc-latina.com\\\/equateur\\\/quito\\\/\",\"url\":\"https:\\\/\\\/abc-latina.com\\\/equateur\\\/quito\\\/\",\"name\":\"Les MUSEES de QUITO - Abc-latina\",\"isPartOf\":{\"@id\":\"https:\\\/\\\/abc-latina.com\\\/#website\"},\"datePublished\":\"2010-07-30T00:40:33+00:00\",\"dateModified\":\"2018-06-12T09:56:52+00:00\",\"description\":\"La liste des mus\u00e9es de la ville de Quito, Equateur.\",\"breadcrumb\":{\"@id\":\"https:\\\/\\\/abc-latina.com\\\/equateur\\\/quito\\\/#breadcrumb\"},\"inLanguage\":\"fr-FR\",\"potentialAction\":[{\"@type\":\"ReadAction\",\"target\":[\"https:\\\/\\\/abc-latina.com\\\/equateur\\\/quito\\\/\"]}]},{\"@type\":\"BreadcrumbList\",\"@id\":\"https:\\\/\\\/abc-latina.com\\\/equateur\\\/quito\\\/#breadcrumb\",\"itemListElement\":[{\"@type\":\"ListItem\",\"position\":1,\"name\":\"Accueil\",\"item\":\"https:\\\/\\\/abc-latina.com\\\/\"},{\"@type\":\"ListItem\",\"position\":2,\"name\":\"Les MUSEES de QUITO\"}]},{\"@type\":\"WebSite\",\"@id\":\"https:\\\/\\\/abc-latina.com\\\/#website\",\"url\":\"https:\\\/\\\/abc-latina.com\\\/\",\"name\":\"Abc-latina\",\"description\":\"\",\"publisher\":{\"@id\":\"https:\\\/\\\/abc-latina.com\\\/#organization\"},\"potentialAction\":[{\"@type\":\"SearchAction\",\"target\":{\"@type\":\"EntryPoint\",\"urlTemplate\":\"https:\\\/\\\/abc-latina.com\\\/?s={search_term_string}\"},\"query-input\":{\"@type\":\"PropertyValueSpecification\",\"valueRequired\":true,\"valueName\":\"search_term_string\"}}],\"inLanguage\":\"fr-FR\"},{\"@type\":\"Organization\",\"@id\":\"https:\\\/\\\/abc-latina.com\\\/#organization\",\"name\":\"Abc-latina\",\"url\":\"https:\\\/\\\/abc-latina.com\\\/\",\"logo\":{\"@type\":\"ImageObject\",\"inLanguage\":\"fr-FR\",\"@id\":\"https:\\\/\\\/abc-latina.com\\\/#\\\/schema\\\/logo\\\/image\\\/\",\"url\":\"https:\\\/\\\/abc-latina.com\\\/wp-content\\\/uploads\\\/2026\\\/05\\\/cropped-logo.gif\",\"contentUrl\":\"https:\\\/\\\/abc-latina.com\\\/wp-content\\\/uploads\\\/2026\\\/05\\\/cropped-logo.gif\",\"width\":89,\"height\":84,\"caption\":\"Abc-latina\"},\"image\":{\"@id\":\"https:\\\/\\\/abc-latina.com\\\/#\\\/schema\\\/logo\\\/image\\\/\"}}]}<\/script>\n<!-- \/ Yoast SEO plugin. -->","yoast_head_json":{"title":"Les MUSEES de QUITO - Abc-latina","description":"La liste des mus\u00e9es de la ville de Quito, Equateur.","robots":{"index":"index","follow":"follow","max-snippet":"max-snippet:-1","max-image-preview":"max-image-preview:large","max-video-preview":"max-video-preview:-1"},"canonical":"https:\/\/abc-latina.com\/equateur\/quito\/","og_locale":"fr_FR","og_type":"article","og_title":"Les MUSEES de QUITO - Abc-latina","og_description":"La liste des mus\u00e9es de la ville de Quito, Equateur.","og_url":"https:\/\/abc-latina.com\/equateur\/quito\/","og_site_name":"Abc-latina","article_modified_time":"2018-06-12T09:56:52+00:00","twitter_card":"summary_large_image","twitter_misc":{"Dur\u00e9e de lecture estim\u00e9e":"1 minute"},"schema":{"@context":"https:\/\/schema.org","@graph":[{"@type":"WebPage","@id":"https:\/\/abc-latina.com\/equateur\/quito\/","url":"https:\/\/abc-latina.com\/equateur\/quito\/","name":"Les MUSEES de QUITO - Abc-latina","isPartOf":{"@id":"https:\/\/abc-latina.com\/#website"},"datePublished":"2010-07-30T00:40:33+00:00","dateModified":"2018-06-12T09:56:52+00:00","description":"La liste des mus\u00e9es de la ville de Quito, Equateur.","breadcrumb":{"@id":"https:\/\/abc-latina.com\/equateur\/quito\/#breadcrumb"},"inLanguage":"fr-FR","potentialAction":[{"@type":"ReadAction","target":["https:\/\/abc-latina.com\/equateur\/quito\/"]}]},{"@type":"BreadcrumbList","@id":"https:\/\/abc-latina.com\/equateur\/quito\/#breadcrumb","itemListElement":[{"@type":"ListItem","position":1,"name":"Accueil","item":"https:\/\/abc-latina.com\/"},{"@type":"ListItem","position":2,"name":"Les MUSEES de QUITO"}]},{"@type":"WebSite","@id":"https:\/\/abc-latina.com\/#website","url":"https:\/\/abc-latina.com\/","name":"Abc-latina","description":"","publisher":{"@id":"https:\/\/abc-latina.com\/#organization"},"potentialAction":[{"@type":"SearchAction","target":{"@type":"EntryPoint","urlTemplate":"https:\/\/abc-latina.com\/?s={search_term_string}"},"query-input":{"@type":"PropertyValueSpecification","valueRequired":true,"valueName":"search_term_string"}}],"inLanguage":"fr-FR"},{"@type":"Organization","@id":"https:\/\/abc-latina.com\/#organization","name":"Abc-latina","url":"https:\/\/abc-latina.com\/","logo":{"@type":"ImageObject","inLanguage":"fr-FR","@id":"https:\/\/abc-latina.com\/#\/schema\/logo\/image\/","url":"https:\/\/abc-latina.com\/wp-content\/uploads\/2026\/05\/cropped-logo.gif","contentUrl":"https:\/\/abc-latina.com\/wp-content\/uploads\/2026\/05\/cropped-logo.gif","width":89,"height":84,"caption":"Abc-latina"},"image":{"@id":"https:\/\/abc-latina.com\/#\/schema\/logo\/image\/"}}]}},"_links":{"self":[{"href":"https:\/\/abc-latina.com\/wp-json\/wp\/v2\/pages\/1873","targetHints":{"allow":["GET"]}}],"collection":[{"href":"https:\/\/abc-latina.com\/wp-json\/wp\/v2\/pages"}],"about":[{"href":"https:\/\/abc-latina.com\/wp-json\/wp\/v2\/types\/page"}],"author":[{"embeddable":true,"href":"https:\/\/abc-latina.com\/wp-json\/wp\/v2\/users\/3"}],"replies":[{"embeddable":true,"href":"https:\/\/abc-latina.com\/wp-json\/wp\/v2\/comments?post=1873"}],"version-history":[{"count":0,"href":"https:\/\/abc-latina.com\/wp-json\/wp\/v2\/pages\/1873\/revisions"}],"up":[{"embeddable":true,"href":"https:\/\/abc-latina.com\/wp-json\/wp\/v2\/pages\/2303"}],"wp:attachment":[{"href":"https:\/\/abc-latina.com\/wp-json\/wp\/v2\/media?parent=1873"}],"curies":[{"name":"wp","href":"https:\/\/api.w.org\/{rel}","templated":true}]}}