{"id":1876,"date":"2010-07-30T03:42:14","date_gmt":"2010-07-30T01:42:14","guid":{"rendered":"http:\/\/abc-latina.com\/copan-php\/"},"modified":"2026-04-30T18:25:06","modified_gmt":"2026-04-30T16:25:06","slug":"copan","status":"publish","type":"page","link":"https:\/\/abc-latina.com\/honduras\/copan\/","title":{"rendered":"COPAN"},"content":{"rendered":"<div><span class=\"tourisme-chapitre\">Copan <\/span>est situ\u00e9 dans l&rsquo;ouest du Honduras, pr\u00e8s de la fronti\u00e8re guat\u00e9malt\u00e8que, au milieu des montagnes recouvertes de v\u00e9g\u00e9tation, C&rsquo;est la ville la plus m\u00e9ridionale et probablement la deuxi\u00e8me en importance de la <a href=\"https:\/\/www.abc-latina.com\/civilisations\/maya\" target=\"_blank\">civilisation Maya<\/a> qui, en huit si\u00e8cles b\u00e2tit pr\u00e8s de cent villes pour les abandonner ensuite \u00e0 la for\u00eat vierge pour des raisons encore inconnues, Ici, on pourra admirer les hi\u00e9roglyphes les plus beaux et les plus expressifs de l&rsquo;Empire maya, Ceux-ci sont sculpt\u00e9s sur les marches des &quot; escalier hi\u00e9roglyphique &quot; qui conduit au sommet d&rsquo;un temple, Les 2500 images-symboles d\u00e9couvertes fournissent assez d&rsquo;informations pour permettre, selon les arch\u00e9ologues, de jeter suffisamment de lumi\u00e8re sur le myst\u00e8re des origines, de l&rsquo;apog\u00e9e et du d\u00e9clin des Mayas. Ainsi, on a d\u00e9j\u00e0 pu fixer la date de fondation de Copan vers l&rsquo;an 460 de notre \u00e8re.&nbsp;<\/p>\n<div>&nbsp;<\/div>\n<div>Les constructions en pierre de cette ville sont \u00e9parpill\u00e9es sur 300.000 m&sup2;. Celle-ci devait \u00eatre encore bien plus grande lors de son apog\u00e9e, car les maisons en pierre \u00e9taient r\u00e9serv\u00e9es \u00e0 la caste dominante et aux pr\u00eatres. Les masses laborieuses vivaient \u00e0 la p\u00e9riph\u00e9rie dans des huttes dont il ne reste aucune trace. Sur les cinq places d\u00e9gag\u00e9es se dressent 21 st\u00e8les, dont certaines atteignent trois m\u00e8tres de hauteur et sont parmi les plus achev\u00e9es de la civilisation maya, Taill\u00e9s dans le calcaire, des visages nobles et dignes sont entour\u00e9s de symboles richement orn\u00e9s racontant l&rsquo;\u00e9rection de chaque st\u00e8le. On y trouve peu de visages grima\u00e7ants de divinit\u00e9s, contrairement aux autres villes mayas o\u00f9 les sculpteurs rivalisaient de toute \u00e9vidence dans la cr\u00e9ation du masque le plus terrifiant. La st\u00e8le B est la plus achev\u00e9e au point de vue artistique. Elle pr\u00e9sente un pr\u00eatre v\u00eatu d&rsquo;un costume d&rsquo;apparat dont tous les d\u00e9tails restent visibles, des souliers \u00e0 la coiffe majestueuse en passant par le lourd pagne de cuir, orn\u00e9 de divers masques.<\/div>\n<div>&nbsp;<\/div>\n<div>Copan fut d\u00e9couvert en 1840 par John Lloyd Stephens, Ce dernier pensait qu&rsquo;ion fouillait mieux si l&rsquo;on \u00e9tait propri\u00e9taire, Cet arch\u00e9ologue acheta donc tout le terrain pour la somme de 50 dollars. Le vendeur avait fait une bonne affaire, C&rsquo;\u00e9tait une terre inutile, recouverte de brousse et dont le d\u00e9frichement aurait co\u00fbt\u00e9 plusieurs fois cette somme.<\/div>\n<div>&nbsp;<\/div>\n<div>A cot\u00e9 des temples se trouve un cenote, un puit sacr\u00e9, Il s&rsquo;agit d&rsquo;un trou de plusieurs m\u00e8tres de diam\u00e8tre aux parois verticales, Lors de certaines f\u00eates, on jetait dans son eau verte des filles et des adolescents richement v\u00eatus pour honorer les dieux, Les autres jours, ce puit servait de toute \u00e9vidence aussi comme d\u00e9charge, \u00e0 la grande joie de Stephens, car des plongeurs retir\u00e8rent de sa vase non seulement des bijoux et des objets de culte mais aussi des objets d&rsquo;usage quotidien, surtout des poteries.<\/div>\n<h3>Pr\u00e9parez votre voyage \u00e0 Copan:<\/h3>\n<div><a href=\"https:\/\/www.abc-latina.com\/honduras\/agence_de_voyages\">Agences de voyage g\u00e9n\u00e9ralistes et discounteurs<\/a><\/div>\n<div><a href=\"https:\/\/www.abc-latina.com\/honduras\/tour_operateur\">Tours Op\u00e9rateurs sp\u00e9cialistes du Honduras<\/a><\/div>\n<div><a href=\"https:\/\/www.abc-latina.com\/to\/reservation_billet_avion\" target=\"_blank\">R\u00e9servez votre billet d&rsquo;avion<\/a><\/div>\n<div><a href=\"https:\/\/www.abc-latina.com\/honduras\/hotels\">R\u00e9servez votre h\u00f4tel \u00e0 Copan<\/a>&nbsp;<\/div>\n<div><a href=\"https:\/\/www.abc-latina.com\/to\/location_de_voiture_honduras\" target=\"_blank\">Location de voiture<\/a><\/div>\n<p>&nbsp;<\/p>\n<\/div>\n","protected":false},"excerpt":{"rendered":"<p>Copan est situ\u00e9 dans l&rsquo;ouest du Honduras, pr\u00e8s de la fronti\u00e8re guat\u00e9malt\u00e8que, au milieu des montagnes recouvertes de v\u00e9g\u00e9tation, C&rsquo;est [&hellip;]<\/p>\n","protected":false},"author":3,"featured_media":0,"parent":2306,"menu_order":0,"comment_status":"closed","ping_status":"closed","template":"","meta":{"site-sidebar-layout":"default","site-content-layout":"","ast-site-content-layout":"default","site-content-style":"default","site-sidebar-style":"default","ast-global-header-display":"","ast-banner-title-visibility":"","ast-main-header-display":"","ast-hfb-above-header-display":"","ast-hfb-below-header-display":"","ast-hfb-mobile-header-display":"","site-post-title":"","ast-breadcrumbs-content":"","ast-featured-img":"","footer-sml-layout":"","ast-disable-related-posts":"","theme-transparent-header-meta":"","adv-header-id-meta":"","stick-header-meta":"","header-above-stick-meta":"","header-main-stick-meta":"","header-below-stick-meta":"","astra-migrate-meta-layouts":"default","ast-page-background-enabled":"default","ast-page-background-meta":{"desktop":{"background-color":"var(--ast-global-color-5)","background-image":"","background-repeat":"repeat","background-position":"center center","background-size":"auto","background-attachment":"scroll","background-type":"","background-media":"","overlay-type":"","overlay-color":"","overlay-opacity":"","overlay-gradient":""},"tablet":{"background-color":"","background-image":"","background-repeat":"repeat","background-position":"center center","background-size":"auto","background-attachment":"scroll","background-type":"","background-media":"","overlay-type":"","overlay-color":"","overlay-opacity":"","overlay-gradient":""},"mobile":{"background-color":"","background-image":"","background-repeat":"repeat","background-position":"center center","background-size":"auto","background-attachment":"scroll","background-type":"","background-media":"","overlay-type":"","overlay-color":"","overlay-opacity":"","overlay-gradient":""}},"ast-content-background-meta":{"desktop":{"background-color":"var(--ast-global-color-4)","background-image":"","background-repeat":"repeat","background-position":"center center","background-size":"auto","background-attachment":"scroll","background-type":"","background-media":"","overlay-type":"","overlay-color":"","overlay-opacity":"","overlay-gradient":""},"tablet":{"background-color":"var(--ast-global-color-4)","background-image":"","background-repeat":"repeat","background-position":"center center","background-size":"auto","background-attachment":"scroll","background-type":"","background-media":"","overlay-type":"","overlay-color":"","overlay-opacity":"","overlay-gradient":""},"mobile":{"background-color":"var(--ast-global-color-4)","background-image":"","background-repeat":"repeat","background-position":"center center","background-size":"auto","background-attachment":"scroll","background-type":"","background-media":"","overlay-type":"","overlay-color":"","overlay-opacity":"","overlay-gradient":""}},"footnotes":""},"class_list":["post-1876","page","type-page","status-publish","hentry"],"yoast_head":"<!-- This site is optimized with the Yoast SEO plugin v27.5 - https:\/\/yoast.com\/product\/yoast-seo-wordpress\/ -->\n<title>COPAN - Abc-latina<\/title>\n<meta name=\"description\" content=\"Le site archeologique de Copan au Guatemala.\" \/>\n<meta name=\"robots\" content=\"index, follow, max-snippet:-1, max-image-preview:large, max-video-preview:-1\" \/>\n<link rel=\"canonical\" href=\"https:\/\/abc-latina.com\/honduras\/copan\/\" \/>\n<meta property=\"og:locale\" content=\"fr_FR\" \/>\n<meta property=\"og:type\" content=\"article\" \/>\n<meta property=\"og:title\" content=\"COPAN - Abc-latina\" \/>\n<meta property=\"og:description\" content=\"Le site archeologique de Copan au Guatemala.\" \/>\n<meta property=\"og:url\" content=\"https:\/\/abc-latina.com\/honduras\/copan\/\" \/>\n<meta property=\"og:site_name\" content=\"Abc-latina\" \/>\n<meta property=\"article:modified_time\" content=\"2026-04-30T16:25:06+00:00\" \/>\n<meta name=\"twitter:card\" content=\"summary_large_image\" \/>\n<meta name=\"twitter:label1\" content=\"Dur\u00e9e de lecture estim\u00e9e\" \/>\n\t<meta name=\"twitter:data1\" content=\"3 minutes\" \/>\n<script type=\"application\/ld+json\" class=\"yoast-schema-graph\">{\"@context\":\"https:\\\/\\\/schema.org\",\"@graph\":[{\"@type\":\"WebPage\",\"@id\":\"https:\\\/\\\/abc-latina.com\\\/honduras\\\/copan\\\/\",\"url\":\"https:\\\/\\\/abc-latina.com\\\/honduras\\\/copan\\\/\",\"name\":\"COPAN - Abc-latina\",\"isPartOf\":{\"@id\":\"https:\\\/\\\/abc-latina.com\\\/#website\"},\"datePublished\":\"2010-07-30T01:42:14+00:00\",\"dateModified\":\"2026-04-30T16:25:06+00:00\",\"description\":\"Le site archeologique de Copan au Guatemala.\",\"breadcrumb\":{\"@id\":\"https:\\\/\\\/abc-latina.com\\\/honduras\\\/copan\\\/#breadcrumb\"},\"inLanguage\":\"fr-FR\",\"potentialAction\":[{\"@type\":\"ReadAction\",\"target\":[\"https:\\\/\\\/abc-latina.com\\\/honduras\\\/copan\\\/\"]}]},{\"@type\":\"BreadcrumbList\",\"@id\":\"https:\\\/\\\/abc-latina.com\\\/honduras\\\/copan\\\/#breadcrumb\",\"itemListElement\":[{\"@type\":\"ListItem\",\"position\":1,\"name\":\"Accueil\",\"item\":\"https:\\\/\\\/abc-latina.com\\\/\"},{\"@type\":\"ListItem\",\"position\":2,\"name\":\"COPAN\"}]},{\"@type\":\"WebSite\",\"@id\":\"https:\\\/\\\/abc-latina.com\\\/#website\",\"url\":\"https:\\\/\\\/abc-latina.com\\\/\",\"name\":\"Abc-latina\",\"description\":\"\",\"publisher\":{\"@id\":\"https:\\\/\\\/abc-latina.com\\\/#organization\"},\"potentialAction\":[{\"@type\":\"SearchAction\",\"target\":{\"@type\":\"EntryPoint\",\"urlTemplate\":\"https:\\\/\\\/abc-latina.com\\\/?s={search_term_string}\"},\"query-input\":{\"@type\":\"PropertyValueSpecification\",\"valueRequired\":true,\"valueName\":\"search_term_string\"}}],\"inLanguage\":\"fr-FR\"},{\"@type\":\"Organization\",\"@id\":\"https:\\\/\\\/abc-latina.com\\\/#organization\",\"name\":\"Abc-latina\",\"url\":\"https:\\\/\\\/abc-latina.com\\\/\",\"logo\":{\"@type\":\"ImageObject\",\"inLanguage\":\"fr-FR\",\"@id\":\"https:\\\/\\\/abc-latina.com\\\/#\\\/schema\\\/logo\\\/image\\\/\",\"url\":\"https:\\\/\\\/abc-latina.com\\\/wp-content\\\/uploads\\\/2026\\\/05\\\/cropped-logo.gif\",\"contentUrl\":\"https:\\\/\\\/abc-latina.com\\\/wp-content\\\/uploads\\\/2026\\\/05\\\/cropped-logo.gif\",\"width\":89,\"height\":84,\"caption\":\"Abc-latina\"},\"image\":{\"@id\":\"https:\\\/\\\/abc-latina.com\\\/#\\\/schema\\\/logo\\\/image\\\/\"}}]}<\/script>\n<!-- \/ Yoast SEO plugin. -->","yoast_head_json":{"title":"COPAN - Abc-latina","description":"Le site archeologique de Copan au Guatemala.","robots":{"index":"index","follow":"follow","max-snippet":"max-snippet:-1","max-image-preview":"max-image-preview:large","max-video-preview":"max-video-preview:-1"},"canonical":"https:\/\/abc-latina.com\/honduras\/copan\/","og_locale":"fr_FR","og_type":"article","og_title":"COPAN - Abc-latina","og_description":"Le site archeologique de Copan au Guatemala.","og_url":"https:\/\/abc-latina.com\/honduras\/copan\/","og_site_name":"Abc-latina","article_modified_time":"2026-04-30T16:25:06+00:00","twitter_card":"summary_large_image","twitter_misc":{"Dur\u00e9e de lecture estim\u00e9e":"3 minutes"},"schema":{"@context":"https:\/\/schema.org","@graph":[{"@type":"WebPage","@id":"https:\/\/abc-latina.com\/honduras\/copan\/","url":"https:\/\/abc-latina.com\/honduras\/copan\/","name":"COPAN - Abc-latina","isPartOf":{"@id":"https:\/\/abc-latina.com\/#website"},"datePublished":"2010-07-30T01:42:14+00:00","dateModified":"2026-04-30T16:25:06+00:00","description":"Le site archeologique de Copan au Guatemala.","breadcrumb":{"@id":"https:\/\/abc-latina.com\/honduras\/copan\/#breadcrumb"},"inLanguage":"fr-FR","potentialAction":[{"@type":"ReadAction","target":["https:\/\/abc-latina.com\/honduras\/copan\/"]}]},{"@type":"BreadcrumbList","@id":"https:\/\/abc-latina.com\/honduras\/copan\/#breadcrumb","itemListElement":[{"@type":"ListItem","position":1,"name":"Accueil","item":"https:\/\/abc-latina.com\/"},{"@type":"ListItem","position":2,"name":"COPAN"}]},{"@type":"WebSite","@id":"https:\/\/abc-latina.com\/#website","url":"https:\/\/abc-latina.com\/","name":"Abc-latina","description":"","publisher":{"@id":"https:\/\/abc-latina.com\/#organization"},"potentialAction":[{"@type":"SearchAction","target":{"@type":"EntryPoint","urlTemplate":"https:\/\/abc-latina.com\/?s={search_term_string}"},"query-input":{"@type":"PropertyValueSpecification","valueRequired":true,"valueName":"search_term_string"}}],"inLanguage":"fr-FR"},{"@type":"Organization","@id":"https:\/\/abc-latina.com\/#organization","name":"Abc-latina","url":"https:\/\/abc-latina.com\/","logo":{"@type":"ImageObject","inLanguage":"fr-FR","@id":"https:\/\/abc-latina.com\/#\/schema\/logo\/image\/","url":"https:\/\/abc-latina.com\/wp-content\/uploads\/2026\/05\/cropped-logo.gif","contentUrl":"https:\/\/abc-latina.com\/wp-content\/uploads\/2026\/05\/cropped-logo.gif","width":89,"height":84,"caption":"Abc-latina"},"image":{"@id":"https:\/\/abc-latina.com\/#\/schema\/logo\/image\/"}}]}},"_links":{"self":[{"href":"https:\/\/abc-latina.com\/wp-json\/wp\/v2\/pages\/1876","targetHints":{"allow":["GET"]}}],"collection":[{"href":"https:\/\/abc-latina.com\/wp-json\/wp\/v2\/pages"}],"about":[{"href":"https:\/\/abc-latina.com\/wp-json\/wp\/v2\/types\/page"}],"author":[{"embeddable":true,"href":"https:\/\/abc-latina.com\/wp-json\/wp\/v2\/users\/3"}],"replies":[{"embeddable":true,"href":"https:\/\/abc-latina.com\/wp-json\/wp\/v2\/comments?post=1876"}],"version-history":[{"count":1,"href":"https:\/\/abc-latina.com\/wp-json\/wp\/v2\/pages\/1876\/revisions"}],"predecessor-version":[{"id":3502,"href":"https:\/\/abc-latina.com\/wp-json\/wp\/v2\/pages\/1876\/revisions\/3502"}],"up":[{"embeddable":true,"href":"https:\/\/abc-latina.com\/wp-json\/wp\/v2\/pages\/2306"}],"wp:attachment":[{"href":"https:\/\/abc-latina.com\/wp-json\/wp\/v2\/media?parent=1876"}],"curies":[{"name":"wp","href":"https:\/\/api.w.org\/{rel}","templated":true}]}}