{"id":1881,"date":"2010-07-31T01:49:42","date_gmt":"2010-07-30T23:49:42","guid":{"rendered":"http:\/\/abc-latina.com\/presidents_nicaragua-htm\/"},"modified":"2018-06-11T09:04:38","modified_gmt":"2018-06-11T07:04:38","slug":"presidents_nicaragua","status":"publish","type":"page","link":"https:\/\/abc-latina.com\/nicaragua\/presidents_nicaragua\/","title":{"rendered":"PRESIDENTS du NICARAGUA"},"content":{"rendered":"<div>22 avril 1825 &#8211; 22 avril 1826 :&nbsp;<\/div>\n<div>Manuel de la Cerda y Aguilar&nbsp;<\/div>\n<div>&nbsp;<\/div>\n<div>22 avril 1826 &#8211; 14 septembre 1826 :&nbsp;<\/div>\n<div>Juan Arg\u00fcello del Castillo y Guzman&nbsp;<\/div>\n<div>&nbsp;<\/div>\n<div>14 septembre 1827 &#8211; d\u00e9cembre 1827 :&nbsp;<\/div>\n<div>Pedro Oviedo de Chinandega&nbsp;<\/div>\n<div>&nbsp;<\/div>\n<div>d\u00e9cembre 1827 &#8211; 5 ao\u00fbt 1828 :&nbsp;<\/div>\n<div>Autorit\u00e9s rivales&nbsp;<\/div>\n<div>&nbsp;<\/div>\n<div>5 ao\u00fbt 1828 &#8211; avril 1829 :&nbsp;<\/div>\n<div>Juan Arg\u00fcello del Castillo y Guzman<\/div>\n<div>&nbsp;<\/div>\n<div>avril 1829 &#8211; 1er mars 1830 :&nbsp;<\/div>\n<div>Juan Espinosa&nbsp;<\/div>\n<div>&nbsp;<\/div>\n<div>1er mars 1830 &#8211; novembre 1833 :&nbsp;<\/div>\n<div>Dionisio Herrera&nbsp;<\/div>\n<div>&nbsp;<\/div>\n<div>d\u00e9cembre 1833 &#8211; 10 mars 1834 :&nbsp;<\/div>\n<div>Benito Morales&nbsp;<\/div>\n<div>&nbsp;<\/div>\n<div>10 mars 1834 &#8211; 23 avril 1835 :&nbsp;<\/div>\n<div>Jos\u00e9 Nunez&nbsp;<\/div>\n<div>&nbsp;<\/div>\n<div>23 avril 1835 &#8211; 25 janvier 1837 :&nbsp;<\/div>\n<div>Jos\u00e9 Zepeda&nbsp;<\/div>\n<div>&nbsp;<\/div>\n<div>25 janvier 1837 &#8211; janvier 1838 :&nbsp;<\/div>\n<div>Jos\u00e9 Nu\u00f1ez&nbsp;<\/div>\n<div>&nbsp;<\/div>\n<div>janvier 1838 &#8211; 13 mars 1838 :&nbsp;<\/div>\n<div>Francisco Jim\u00e9nez Rubio&nbsp;<\/div>\n<div>&nbsp;<\/div>\n<div>juin 1839 &#8211; juillet 1839 :&nbsp;<\/div>\n<div>Patricio Rivas&nbsp;<\/div>\n<div>&nbsp;<\/div>\n<div>juillet 1839 &#8211; ? novembre 1839 :&nbsp;<\/div>\n<div>Joaquin Cosio&nbsp;<\/div>\n<div>&nbsp;<\/div>\n<div>novembre 1839 &#8211; septembre 1840 :&nbsp;<\/div>\n<div>Tomas Valladares<\/div>\n<div>&nbsp;<\/div>\n<div>septembre 1840 &#8211; 4 mars 1841 :&nbsp;<\/div>\n<div>Patricio Rivas&nbsp;<\/div>\n<div>&nbsp;<\/div>\n<div>4 mars 1841 &#8211; 1er avril 1843 :&nbsp;<\/div>\n<div>Pablo Buitrago&nbsp;<\/div>\n<div>&nbsp;<\/div>\n<div>1er avril 1843 &#8211; 31 mai 1843 :&nbsp;<\/div>\n<div>Juan de Dios Orozco&nbsp;<\/div>\n<div>&nbsp;<\/div>\n<div>31 mai 1843 &#8211; 4 novembre 1844 :&nbsp;<\/div>\n<div>Manuel P\u00e9rez&nbsp;<\/div>\n<div>&nbsp;<\/div>\n<div>4 novembre 1844 &#8211; 24 janvier 1845 :&nbsp;<\/div>\n<div>Emiliano Madriz&nbsp;<\/div>\n<div>&nbsp;<\/div>\n<div>24 janvier 1845 &#8211; 4 avril 1845 :&nbsp;<\/div>\n<div>Manuel Antonio Blas Saenz&nbsp;<\/div>\n<div>&nbsp;<\/div>\n<div>4 avril 1845 &#8211; 12 mars 1847 :&nbsp;<\/div>\n<div>Jos\u00e9 Sandoval&nbsp;<\/div>\n<div>&nbsp;<\/div>\n<div>6 avril 1847 &#8211; 1er janvier 1849 :&nbsp;<\/div>\n<div>Jos\u00e9 Maria Guerrero&nbsp;<\/div>\n<div>&nbsp;<\/div>\n<div>1er avril 1849 &#8211; 1er avril 1851 :&nbsp;<\/div>\n<div>Norberto Ramirez&nbsp;<\/div>\n<div>&nbsp;<\/div>\n<div>1er avril 1851 &#8211; 1er avril 1853 :&nbsp;<\/div>\n<div>Laureano Pineda&nbsp;<\/div>\n<div>&nbsp;<\/div>\n<div>1er avril 1853 &#8211; 12 mars 1855 :&nbsp;<\/div>\n<div>Frutos Chamorro&nbsp;<\/div>\n<div>&nbsp;<\/div>\n<div>20 mars 1855 &#8211; 30 octobre 1855 :&nbsp;<\/div>\n<div>Jos\u00e9 Maria Estrada&nbsp;<\/div>\n<div>&nbsp;<\/div>\n<div>30 octobre 1855 &#8211; 24 juin 1857 :&nbsp;<\/div>\n<div>Patricio Rivas&nbsp;<\/div>\n<div>&nbsp;<\/div>\n<div>15 novembre 1857 &#8211; 1er mars 1867 :&nbsp;<\/div>\n<div>Tom\u00e3s Martinez&nbsp;<\/div>\n<div>&nbsp;<\/div>\n<div>1er mars 1867 &#8211; 1er mars 1871 :<\/div>\n<div>Fernando Guzman&nbsp;<\/div>\n<div>&nbsp;<\/div>\n<div>1er mars 1871 &#8211; 1er mars 1875 :&nbsp;<\/div>\n<div>Vicente Cuandra&nbsp;<\/div>\n<div>&nbsp;<\/div>\n<div>1er mars 1875 &#8211; 1er mars 1879 :&nbsp;<\/div>\n<div>Pedro Chamorro&nbsp;<\/div>\n<div>&nbsp;<\/div>\n<div>1er mars 1879 &#8211; 1er mars 1883 :&nbsp;<\/div>\n<div>Joaquin Zavala&nbsp;<\/div>\n<div>&nbsp;<\/div>\n<div>1er mars 1883 &#8211; 1er mars 1885 :&nbsp;<\/div>\n<div>Adan Cardenas&nbsp;<\/div>\n<div>&nbsp;<\/div>\n<div>1er mars 1885 &#8211; 1er mars 1887 :&nbsp;<\/div>\n<div>Pedro Chamorro&nbsp;<\/div>\n<div>&nbsp;<\/div>\n<div>1er mars 1887 &#8211; 1er ao\u00fbt 1889 :&nbsp;<\/div>\n<div>Evaristo Carazo&nbsp;<\/div>\n<div>&nbsp;<\/div>\n<div>5 ao\u00fbt 1889 &#8211; 25 juillet 1893 :<\/div>\n<div>Roberto Sacasa&nbsp;<\/div>\n<div>&nbsp;<\/div>\n<div>25 juillet 1893- 21 d\u00e9cembre 1909 :&nbsp;<\/div>\n<div>G\u00e9n\u00e9ral Jos\u00e9 Santos Zelaya&nbsp;<\/div>\n<div>&nbsp;<\/div>\n<div>21 d\u00e9cembre 1909 &#8211; 20 ao\u00fbt 1910 :&nbsp;<\/div>\n<div>Jos\u00e9 Madriz&nbsp;<\/div>\n<div>&nbsp;<\/div>\n<div>20 ao\u00fbt 1910 &#8211; 27 ao\u00fbt 1910 :&nbsp;<\/div>\n<div>Jos\u00e9 Dolores Estrada&nbsp;<\/div>\n<div>&nbsp;<\/div>\n<div>30 ao\u00fbt 1910 &#8211; 9 mai 1911 :&nbsp;<\/div>\n<div>Jos\u00e9 Jos\u00e9 Estrada, son fr\u00e8re&nbsp;<\/div>\n<div>&nbsp;<\/div>\n<div>9 mai 1911 &#8211; 1er janvier 1917 :&nbsp;<\/div>\n<div>Adolfo Diaz&nbsp;<\/div>\n<div>&nbsp;<\/div>\n<div>1 janvier 1917 &#8211; 1er janvier 1921 :&nbsp;<\/div>\n<div>G\u00e9n\u00e9ral Emiliano Chamorro Vargas&nbsp;<\/div>\n<div>&nbsp;<\/div>\n<div>1 janvier 1921 &#8211; 12 octobre 1923 :&nbsp;<\/div>\n<div>Diego Chamorro, son neveu&nbsp;<\/div>\n<div>&nbsp;<\/div>\n<div>12 octobre 1923 &#8211; 1er janvier 1925 :&nbsp;<\/div>\n<div>Bartolom\u00e9 Martinez Bartolo&nbsp;<\/div>\n<div>&nbsp;<\/div>\n<div>1er janvier 1925 &#8211; 14 mars 1926 :&nbsp;<\/div>\n<div>Carlos Solorzano&nbsp;<\/div>\n<div>&nbsp;<\/div>\n<div>14 mars 1926 &#8211; 14 novembre 1926 :&nbsp;<\/div>\n<div>G\u00e9n\u00e9ral Emiliano Chamorro Vargas&nbsp;<\/div>\n<div>&nbsp;<\/div>\n<div>14 novembre 1926 &#8211; 1er janvier 1929 :&nbsp;<\/div>\n<div>Adolfo Diaz&nbsp;<\/div>\n<div>&nbsp;<\/div>\n<div>1er janvier 1929 &#8211; 1er janvier 1933 :&nbsp;<\/div>\n<div>G\u00e9n\u00e9ral Jos\u00e9 Moncada-Tapia&nbsp;<\/div>\n<div>&nbsp;<\/div>\n<div>1er janvier 1933 &#8211; 9 juin 1936 :&nbsp;<\/div>\n<div>Juan Bautista Sacasa&nbsp;<\/div>\n<div>&nbsp;<\/div>\n<div>9 juin 1936 &#8211; 1er janvier 1937 :&nbsp;<\/div>\n<div>Carlos Brenes Jarquin&nbsp;<\/div>\n<div>&nbsp;<\/div>\n<div>1er janvier 1937 &#8211; 1er mai 1947 :&nbsp;<\/div>\n<div><a target=\"_blank\" href=\"https:\/\/www.abc-latina.com\/personnalites\/anastasio_somoza\">Anastasio Somoza Garcia&nbsp;<\/a><\/div>\n<div>&nbsp;<\/div>\n<div>1er mai 1947 &#8211; 27 mai 1947 :&nbsp;<\/div>\n<div>L\u00e9onardo Arguello-Barreto&nbsp;<\/div>\n<div>&nbsp;<\/div>\n<div>27 mai 1947 &#8211; 15 ao\u00fbt 1947 :&nbsp;<\/div>\n<div>Benjamin Lacayo Sacasa&nbsp;<\/div>\n<div>&nbsp;<\/div>\n<div>15 ao\u00fbt 1947 &#8211; 21 mai 1950 :&nbsp;<\/div>\n<div>Victor Roman y Reyes&nbsp;<\/div>\n<div>&nbsp;<\/div>\n<div>21 mai 1950 &#8211; 29 septembre 1956 :&nbsp;<\/div>\n<div>Anastasio Somoza Garcia<\/div>\n<div>&nbsp;<\/div>\n<div>29 septembre 1956 &#8211; 1er mai 1963 :&nbsp;<\/div>\n<div>Luis Somoza Debayle, son fils&nbsp;<\/div>\n<div>&nbsp;<\/div>\n<div>1er mai 1963 &#8211; 4 ao\u00fbt 1966 :&nbsp;<\/div>\n<div>Ren\u00e9 Shick Gutierrez&nbsp;<\/div>\n<div>&nbsp;<\/div>\n<div>4 ao\u00fbt 1966 &#8211; 1er mai 1967 :&nbsp;<\/div>\n<div>Lorenzo Guerrero Gutierrez&nbsp;<\/div>\n<div>&nbsp;<\/div>\n<div>1er mai 1967 &#8211; 1er mai 1972 :&nbsp;<\/div>\n<div>Anastasio Somoza Debayle&nbsp;<\/div>\n<div>&nbsp;<\/div>\n<div>1 mai 1972 &#8211; 1er d\u00e9cembre 1974 :&nbsp;<\/div>\n<div>Junte militaire pour 30 mois (G\u00e9n\u00e9ral Roberto Martinez Lacayo, Alfonso Lovo Cordero, Fernando Ag\u00fcroo Rocha et Edmundo Paguaga Irias)&nbsp;<\/div>\n<div>&nbsp;<\/div>\n<div>1er d\u00e9cembre 1974 &#8211; 17 juillet 1979 :&nbsp;<\/div>\n<div>Anastasio Somoza Debayle&nbsp;<\/div>\n<div>&nbsp;<\/div>\n<div>17 juillet 1979 &#8211; 18 juillet 1979 :&nbsp;<\/div>\n<div>Francisco Urcuyo Maliano, int\u00e9rim&nbsp;<\/div>\n<div>&nbsp;<\/div>\n<div>18 juillet 1979 &#8211; 4 mars 1981 :&nbsp;<\/div>\n<div>J.G.R.N. \u00e0 5 membres (Moises Hassan-Morales, Daniel Ortega Saavedra, Sergio Ramirez-Mercado, Violeta Barrios de Chamorro et Alfonso Robelo)&nbsp;<\/div>\n<div>&nbsp;<\/div>\n<div>4 mars 1981 &#8211; 10 janvier 1985 :<\/div>\n<div>J.G.R.N. \u00e0 3 membres (Rafael Cordoba-Rivas, Sergio Ramirez-Mercado et Daniel Ortega Saavedra)&nbsp;<\/div>\n<div>&nbsp;<\/div>\n<div>10 janvier 1985 &#8211; 25 avril 1990 :&nbsp;<\/div>\n<div><a target=\"_blank\" href=\"https:\/\/www.abc-latina.com\/personnalites\/daniel_ortega\">Daniel Ortega Saavedra&nbsp;<\/a><\/div>\n<div>&nbsp;<\/div>\n<div>25 avril 1990 &#8211; 10 janvier 1997 :&nbsp;<\/div>\n<div><a target=\"_blank\" href=\"https:\/\/www.abc-latina.com\/personnalites\/violeta-barrios-de-chamorro\">Violeta Barrios de Chamorro<\/a><\/div>\n<div>&nbsp;<\/div>\n<div>10 janvier 1997 &#8211; 10 janvier 2002 :&nbsp;<\/div>\n<div>Arnoldo Alem\u00e1n&nbsp;<\/div>\n<div>&nbsp;<\/div>\n<div>10 janvier 2002 &#8211; 10 janvier 2007 :&nbsp;<\/div>\n<div>Enrique Bola\u00f1os Geyer&nbsp;<\/div>\n<div>&nbsp;<\/div>\n<div>Depuis le 10 janvier 2007 :&nbsp;<\/div>\n<div><a target=\"_blank\" href=\"https:\/\/www.abc-latina.com\/personnalites\/daniel_ortega\">Daniel Ortega<\/a>&nbsp;<\/div>\n","protected":false},"excerpt":{"rendered":"<p>22 avril 1825 &#8211; 22 avril 1826 :&nbsp; Manuel de la Cerda y Aguilar&nbsp; &nbsp; 22 avril 1826 &#8211; 14 [&hellip;]<\/p>\n","protected":false},"author":3,"featured_media":0,"parent":2310,"menu_order":0,"comment_status":"closed","ping_status":"closed","template":"","meta":{"site-sidebar-layout":"default","site-content-layout":"","ast-site-content-layout":"default","site-content-style":"default","site-sidebar-style":"default","ast-global-header-display":"","ast-banner-title-visibility":"","ast-main-header-display":"","ast-hfb-above-header-display":"","ast-hfb-below-header-display":"","ast-hfb-mobile-header-display":"","site-post-title":"","ast-breadcrumbs-content":"","ast-featured-img":"","footer-sml-layout":"","ast-disable-related-posts":"","theme-transparent-header-meta":"","adv-header-id-meta":"","stick-header-meta":"","header-above-stick-meta":"","header-main-stick-meta":"","header-below-stick-meta":"","astra-migrate-meta-layouts":"default","ast-page-background-enabled":"default","ast-page-background-meta":{"desktop":{"background-color":"var(--ast-global-color-5)","background-image":"","background-repeat":"repeat","background-position":"center center","background-size":"auto","background-attachment":"scroll","background-type":"","background-media":"","overlay-type":"","overlay-color":"","overlay-opacity":"","overlay-gradient":""},"tablet":{"background-color":"","background-image":"","background-repeat":"repeat","background-position":"center center","background-size":"auto","background-attachment":"scroll","background-type":"","background-media":"","overlay-type":"","overlay-color":"","overlay-opacity":"","overlay-gradient":""},"mobile":{"background-color":"","background-image":"","background-repeat":"repeat","background-position":"center center","background-size":"auto","background-attachment":"scroll","background-type":"","background-media":"","overlay-type":"","overlay-color":"","overlay-opacity":"","overlay-gradient":""}},"ast-content-background-meta":{"desktop":{"background-color":"var(--ast-global-color-4)","background-image":"","background-repeat":"repeat","background-position":"center center","background-size":"auto","background-attachment":"scroll","background-type":"","background-media":"","overlay-type":"","overlay-color":"","overlay-opacity":"","overlay-gradient":""},"tablet":{"background-color":"var(--ast-global-color-4)","background-image":"","background-repeat":"repeat","background-position":"center center","background-size":"auto","background-attachment":"scroll","background-type":"","background-media":"","overlay-type":"","overlay-color":"","overlay-opacity":"","overlay-gradient":""},"mobile":{"background-color":"var(--ast-global-color-4)","background-image":"","background-repeat":"repeat","background-position":"center center","background-size":"auto","background-attachment":"scroll","background-type":"","background-media":"","overlay-type":"","overlay-color":"","overlay-opacity":"","overlay-gradient":""}},"footnotes":""},"class_list":["post-1881","page","type-page","status-publish","hentry"],"yoast_head":"<!-- This site is optimized with the Yoast SEO plugin v27.5 - https:\/\/yoast.com\/product\/yoast-seo-wordpress\/ -->\n<title>PRESIDENTS du NICARAGUA - Abc-latina<\/title>\n<meta name=\"description\" content=\"Les pr\u00e9sidents du Nicaragua.\" \/>\n<meta name=\"robots\" content=\"index, follow, max-snippet:-1, max-image-preview:large, max-video-preview:-1\" \/>\n<link rel=\"canonical\" href=\"https:\/\/abc-latina.com\/nicaragua\/presidents_nicaragua\/\" \/>\n<meta property=\"og:locale\" content=\"fr_FR\" \/>\n<meta property=\"og:type\" content=\"article\" \/>\n<meta property=\"og:title\" content=\"PRESIDENTS du NICARAGUA - Abc-latina\" \/>\n<meta property=\"og:description\" content=\"Les pr\u00e9sidents du Nicaragua.\" \/>\n<meta property=\"og:url\" content=\"https:\/\/abc-latina.com\/nicaragua\/presidents_nicaragua\/\" \/>\n<meta property=\"og:site_name\" content=\"Abc-latina\" \/>\n<meta property=\"article:modified_time\" content=\"2018-06-11T07:04:38+00:00\" \/>\n<meta name=\"twitter:card\" content=\"summary_large_image\" \/>\n<meta name=\"twitter:label1\" content=\"Dur\u00e9e de lecture estim\u00e9e\" \/>\n\t<meta name=\"twitter:data1\" content=\"4 minutes\" \/>\n<script type=\"application\/ld+json\" class=\"yoast-schema-graph\">{\"@context\":\"https:\\\/\\\/schema.org\",\"@graph\":[{\"@type\":\"WebPage\",\"@id\":\"https:\\\/\\\/abc-latina.com\\\/nicaragua\\\/presidents_nicaragua\\\/\",\"url\":\"https:\\\/\\\/abc-latina.com\\\/nicaragua\\\/presidents_nicaragua\\\/\",\"name\":\"PRESIDENTS du NICARAGUA - Abc-latina\",\"isPartOf\":{\"@id\":\"https:\\\/\\\/abc-latina.com\\\/#website\"},\"datePublished\":\"2010-07-30T23:49:42+00:00\",\"dateModified\":\"2018-06-11T07:04:38+00:00\",\"description\":\"Les pr\u00e9sidents du Nicaragua.\",\"breadcrumb\":{\"@id\":\"https:\\\/\\\/abc-latina.com\\\/nicaragua\\\/presidents_nicaragua\\\/#breadcrumb\"},\"inLanguage\":\"fr-FR\",\"potentialAction\":[{\"@type\":\"ReadAction\",\"target\":[\"https:\\\/\\\/abc-latina.com\\\/nicaragua\\\/presidents_nicaragua\\\/\"]}]},{\"@type\":\"BreadcrumbList\",\"@id\":\"https:\\\/\\\/abc-latina.com\\\/nicaragua\\\/presidents_nicaragua\\\/#breadcrumb\",\"itemListElement\":[{\"@type\":\"ListItem\",\"position\":1,\"name\":\"Accueil\",\"item\":\"https:\\\/\\\/abc-latina.com\\\/\"},{\"@type\":\"ListItem\",\"position\":2,\"name\":\"PRESIDENTS du NICARAGUA\"}]},{\"@type\":\"WebSite\",\"@id\":\"https:\\\/\\\/abc-latina.com\\\/#website\",\"url\":\"https:\\\/\\\/abc-latina.com\\\/\",\"name\":\"Abc-latina\",\"description\":\"\",\"publisher\":{\"@id\":\"https:\\\/\\\/abc-latina.com\\\/#organization\"},\"potentialAction\":[{\"@type\":\"SearchAction\",\"target\":{\"@type\":\"EntryPoint\",\"urlTemplate\":\"https:\\\/\\\/abc-latina.com\\\/?s={search_term_string}\"},\"query-input\":{\"@type\":\"PropertyValueSpecification\",\"valueRequired\":true,\"valueName\":\"search_term_string\"}}],\"inLanguage\":\"fr-FR\"},{\"@type\":\"Organization\",\"@id\":\"https:\\\/\\\/abc-latina.com\\\/#organization\",\"name\":\"Abc-latina\",\"url\":\"https:\\\/\\\/abc-latina.com\\\/\",\"logo\":{\"@type\":\"ImageObject\",\"inLanguage\":\"fr-FR\",\"@id\":\"https:\\\/\\\/abc-latina.com\\\/#\\\/schema\\\/logo\\\/image\\\/\",\"url\":\"https:\\\/\\\/abc-latina.com\\\/wp-content\\\/uploads\\\/2026\\\/05\\\/cropped-logo.gif\",\"contentUrl\":\"https:\\\/\\\/abc-latina.com\\\/wp-content\\\/uploads\\\/2026\\\/05\\\/cropped-logo.gif\",\"width\":89,\"height\":84,\"caption\":\"Abc-latina\"},\"image\":{\"@id\":\"https:\\\/\\\/abc-latina.com\\\/#\\\/schema\\\/logo\\\/image\\\/\"}}]}<\/script>\n<!-- \/ Yoast SEO plugin. -->","yoast_head_json":{"title":"PRESIDENTS du NICARAGUA - Abc-latina","description":"Les pr\u00e9sidents du Nicaragua.","robots":{"index":"index","follow":"follow","max-snippet":"max-snippet:-1","max-image-preview":"max-image-preview:large","max-video-preview":"max-video-preview:-1"},"canonical":"https:\/\/abc-latina.com\/nicaragua\/presidents_nicaragua\/","og_locale":"fr_FR","og_type":"article","og_title":"PRESIDENTS du NICARAGUA - Abc-latina","og_description":"Les pr\u00e9sidents du Nicaragua.","og_url":"https:\/\/abc-latina.com\/nicaragua\/presidents_nicaragua\/","og_site_name":"Abc-latina","article_modified_time":"2018-06-11T07:04:38+00:00","twitter_card":"summary_large_image","twitter_misc":{"Dur\u00e9e de lecture estim\u00e9e":"4 minutes"},"schema":{"@context":"https:\/\/schema.org","@graph":[{"@type":"WebPage","@id":"https:\/\/abc-latina.com\/nicaragua\/presidents_nicaragua\/","url":"https:\/\/abc-latina.com\/nicaragua\/presidents_nicaragua\/","name":"PRESIDENTS du NICARAGUA - Abc-latina","isPartOf":{"@id":"https:\/\/abc-latina.com\/#website"},"datePublished":"2010-07-30T23:49:42+00:00","dateModified":"2018-06-11T07:04:38+00:00","description":"Les pr\u00e9sidents du Nicaragua.","breadcrumb":{"@id":"https:\/\/abc-latina.com\/nicaragua\/presidents_nicaragua\/#breadcrumb"},"inLanguage":"fr-FR","potentialAction":[{"@type":"ReadAction","target":["https:\/\/abc-latina.com\/nicaragua\/presidents_nicaragua\/"]}]},{"@type":"BreadcrumbList","@id":"https:\/\/abc-latina.com\/nicaragua\/presidents_nicaragua\/#breadcrumb","itemListElement":[{"@type":"ListItem","position":1,"name":"Accueil","item":"https:\/\/abc-latina.com\/"},{"@type":"ListItem","position":2,"name":"PRESIDENTS du NICARAGUA"}]},{"@type":"WebSite","@id":"https:\/\/abc-latina.com\/#website","url":"https:\/\/abc-latina.com\/","name":"Abc-latina","description":"","publisher":{"@id":"https:\/\/abc-latina.com\/#organization"},"potentialAction":[{"@type":"SearchAction","target":{"@type":"EntryPoint","urlTemplate":"https:\/\/abc-latina.com\/?s={search_term_string}"},"query-input":{"@type":"PropertyValueSpecification","valueRequired":true,"valueName":"search_term_string"}}],"inLanguage":"fr-FR"},{"@type":"Organization","@id":"https:\/\/abc-latina.com\/#organization","name":"Abc-latina","url":"https:\/\/abc-latina.com\/","logo":{"@type":"ImageObject","inLanguage":"fr-FR","@id":"https:\/\/abc-latina.com\/#\/schema\/logo\/image\/","url":"https:\/\/abc-latina.com\/wp-content\/uploads\/2026\/05\/cropped-logo.gif","contentUrl":"https:\/\/abc-latina.com\/wp-content\/uploads\/2026\/05\/cropped-logo.gif","width":89,"height":84,"caption":"Abc-latina"},"image":{"@id":"https:\/\/abc-latina.com\/#\/schema\/logo\/image\/"}}]}},"_links":{"self":[{"href":"https:\/\/abc-latina.com\/wp-json\/wp\/v2\/pages\/1881","targetHints":{"allow":["GET"]}}],"collection":[{"href":"https:\/\/abc-latina.com\/wp-json\/wp\/v2\/pages"}],"about":[{"href":"https:\/\/abc-latina.com\/wp-json\/wp\/v2\/types\/page"}],"author":[{"embeddable":true,"href":"https:\/\/abc-latina.com\/wp-json\/wp\/v2\/users\/3"}],"replies":[{"embeddable":true,"href":"https:\/\/abc-latina.com\/wp-json\/wp\/v2\/comments?post=1881"}],"version-history":[{"count":0,"href":"https:\/\/abc-latina.com\/wp-json\/wp\/v2\/pages\/1881\/revisions"}],"up":[{"embeddable":true,"href":"https:\/\/abc-latina.com\/wp-json\/wp\/v2\/pages\/2310"}],"wp:attachment":[{"href":"https:\/\/abc-latina.com\/wp-json\/wp\/v2\/media?parent=1881"}],"curies":[{"name":"wp","href":"https:\/\/api.w.org\/{rel}","templated":true}]}}