{"id":1887,"date":"2010-07-31T02:31:15","date_gmt":"2010-07-31T00:31:15","guid":{"rendered":"http:\/\/abc-latina.com\/iles_plages-php\/"},"modified":"2026-04-30T18:25:11","modified_gmt":"2026-04-30T16:25:11","slug":"iles_plages","status":"publish","type":"page","link":"https:\/\/abc-latina.com\/panama\/iles_plages\/","title":{"rendered":"ILES &#038; PLAGES"},"content":{"rendered":"<div><span class=\"tourisme-chapitre\">Iles et plages de la province de Panama<\/span><\/div>\n<div>&nbsp;<\/div>\n<div><img loading=\"lazy\" decoding=\"async\" class=\" alignright size-full wp-image-1886\" src=\"http:\/\/abc-latina.com\/wp-content\/uploads\/2010\/07\/plage.jpg\" alt=\"\" width=\"220\" vspace=\"9\" hspace=\"15\" height=\"220\" align=\"right\" srcset=\"https:\/\/abc-latina.com\/wp-content\/uploads\/2010\/07\/plage.jpg 220w, https:\/\/abc-latina.com\/wp-content\/uploads\/2010\/07\/plage-150x150.jpg 150w\" sizes=\"auto, (max-width: 220px) 100vw, 220px\" \/>Si la richesse de la faune et de la flore du Panam\u00e1 est encore trop souvent ignor\u00e9e des voyageurs, il en va de m\u00eame pour les nombreuses \u00eeles et plages de la province de Panam\u00e1 qui pars\u00e8ment son littoral Pacifique.<\/div>\n<div>&nbsp;<\/div>\n<div>Isol\u00e9es et difficilement accessibles, les <span class=\"tourisme-unesco\">\u00eeles de l&rsquo;Archipi\u00e9lago de las Perlas<\/span> en constituent le plus grand groupe. Parmi ces \u00eeles, la plus connue est sans conteste l&rsquo;Isla Contadora . Elle poss\u00e8de un h\u00f4tel de classe internationale et dispose d&rsquo;installations capables d&rsquo;accueillir de nombreux touristes. Elle est \u00e9galement l&rsquo;unique \u00eele de l&rsquo;archipel \u00e0 pouvoir b\u00e9n\u00e9ficier de liaisons quotidiennes fr\u00e9quentes avec la capitale.<\/div>\n<div>Moins fr\u00e9quent\u00e9e que Contadora et plus sauvage, l&rsquo;Isla San Jos\u00e9 dispose \u00e9galement depuis quelque temps d&rsquo;un complexe h\u00f4telier de luxe qui ravira les passionn\u00e9s de tranquillit\u00e9 ou les amateurs de p\u00eache. Pour y aller, \u00e0 moins de disposer de son votre bateau, il vous faudra passer par l&rsquo;agence h\u00f4teli\u00e8re qui organisera vos d\u00e9placements.<\/div>\n<div>&nbsp;<\/div>\n<p><a href=\"tour_operateur\" target=\"_blank\" style=\"text-decoration: none;\"><img loading=\"lazy\" decoding=\"async\" class=\" size-full wp-image-41\" alt=\"\" class=\"touroperateur\" src=\"http:\/\/abc-latina.com\/wp-content\/uploads\/2010\/04\/timbre_to.gif\" width=\"125\" height=\"90\" \/><\/a><\/p>\n<div>En dehors de l&rsquo;archipel de Las Perlas, l&rsquo;autre \u00eele grandement appr\u00e9ci\u00e9e des Panam\u00e9ens n&rsquo;est autre que l&rsquo;<span class=\"tourisme-unesco\">Isla Taboga<\/span>. Localis\u00e9e \u00e0 une heure de bateau \u00e0 peine de la Ciudad de Panam\u00e1, elle se retrouve litt\u00e9ralement envahie toutes les fins de semaine par les familles de la m\u00e9tropole qui viennent y passer quelques heures de d\u00e9tente. Vous trouverez une description d\u00e9taill\u00e9e de ces trois \u00eeles dans le pr\u00e9sent chapitre.<\/div>\n<div>&nbsp;<\/div>\n<div>Plus accessibles et situ\u00e9es \u00e0 moins d&rsquo;une centaine de kilom\u00e8tres du centre-ville, les <span class=\"tourisme-unesco\">plages de la baie de Panam\u00e1<\/span> s&rsquo;\u00e9talent de Punta Chame \u00e0 Playa Santa Clara. Au nombre d&rsquo;une dizaine, elles poss\u00e8dent une personnalit\u00e9 propre, et toutes m\u00e9ritent d&rsquo;\u00eatre prises en consid\u00e9ration.<\/div>\n<p>&nbsp;<\/p>\n","protected":false},"excerpt":{"rendered":"<p>Iles et plages de la province de Panama &nbsp; Si la richesse de la faune et de la flore du [&hellip;]<\/p>\n","protected":false},"author":3,"featured_media":1886,"parent":2312,"menu_order":0,"comment_status":"closed","ping_status":"closed","template":"","meta":{"site-sidebar-layout":"default","site-content-layout":"","ast-site-content-layout":"default","site-content-style":"default","site-sidebar-style":"default","ast-global-header-display":"","ast-banner-title-visibility":"","ast-main-header-display":"","ast-hfb-above-header-display":"","ast-hfb-below-header-display":"","ast-hfb-mobile-header-display":"","site-post-title":"","ast-breadcrumbs-content":"","ast-featured-img":"","footer-sml-layout":"","ast-disable-related-posts":"","theme-transparent-header-meta":"","adv-header-id-meta":"","stick-header-meta":"","header-above-stick-meta":"","header-main-stick-meta":"","header-below-stick-meta":"","astra-migrate-meta-layouts":"default","ast-page-background-enabled":"default","ast-page-background-meta":{"desktop":{"background-color":"var(--ast-global-color-5)","background-image":"","background-repeat":"repeat","background-position":"center center","background-size":"auto","background-attachment":"scroll","background-type":"","background-media":"","overlay-type":"","overlay-color":"","overlay-opacity":"","overlay-gradient":""},"tablet":{"background-color":"","background-image":"","background-repeat":"repeat","background-position":"center center","background-size":"auto","background-attachment":"scroll","background-type":"","background-media":"","overlay-type":"","overlay-color":"","overlay-opacity":"","overlay-gradient":""},"mobile":{"background-color":"","background-image":"","background-repeat":"repeat","background-position":"center center","background-size":"auto","background-attachment":"scroll","background-type":"","background-media":"","overlay-type":"","overlay-color":"","overlay-opacity":"","overlay-gradient":""}},"ast-content-background-meta":{"desktop":{"background-color":"var(--ast-global-color-4)","background-image":"","background-repeat":"repeat","background-position":"center center","background-size":"auto","background-attachment":"scroll","background-type":"","background-media":"","overlay-type":"","overlay-color":"","overlay-opacity":"","overlay-gradient":""},"tablet":{"background-color":"var(--ast-global-color-4)","background-image":"","background-repeat":"repeat","background-position":"center center","background-size":"auto","background-attachment":"scroll","background-type":"","background-media":"","overlay-type":"","overlay-color":"","overlay-opacity":"","overlay-gradient":""},"mobile":{"background-color":"var(--ast-global-color-4)","background-image":"","background-repeat":"repeat","background-position":"center center","background-size":"auto","background-attachment":"scroll","background-type":"","background-media":"","overlay-type":"","overlay-color":"","overlay-opacity":"","overlay-gradient":""}},"footnotes":""},"class_list":["post-1887","page","type-page","status-publish","has-post-thumbnail","hentry"],"yoast_head":"<!-- This site is optimized with the Yoast SEO plugin v27.5 - https:\/\/yoast.com\/product\/yoast-seo-wordpress\/ -->\n<title>ILES &amp; PLAGES - Abc-latina<\/title>\n<meta name=\"description\" content=\"Iles et plages au Panama.\" \/>\n<meta name=\"robots\" content=\"index, follow, max-snippet:-1, max-image-preview:large, max-video-preview:-1\" \/>\n<link rel=\"canonical\" href=\"https:\/\/abc-latina.com\/panama\/iles_plages\/\" \/>\n<meta property=\"og:locale\" content=\"fr_FR\" \/>\n<meta property=\"og:type\" content=\"article\" \/>\n<meta property=\"og:title\" content=\"ILES &amp; PLAGES - Abc-latina\" \/>\n<meta property=\"og:description\" content=\"Iles et plages au Panama.\" \/>\n<meta property=\"og:url\" content=\"https:\/\/abc-latina.com\/panama\/iles_plages\/\" \/>\n<meta property=\"og:site_name\" content=\"Abc-latina\" \/>\n<meta property=\"article:modified_time\" content=\"2026-04-30T16:25:11+00:00\" \/>\n<meta property=\"og:image\" content=\"https:\/\/abc-latina.com\/wp-content\/uploads\/2010\/07\/plage.jpg\" \/>\n\t<meta property=\"og:image:width\" content=\"220\" \/>\n\t<meta property=\"og:image:height\" content=\"220\" \/>\n\t<meta property=\"og:image:type\" content=\"image\/jpeg\" \/>\n<meta name=\"twitter:card\" content=\"summary_large_image\" \/>\n<meta name=\"twitter:label1\" content=\"Dur\u00e9e de lecture estim\u00e9e\" \/>\n\t<meta name=\"twitter:data1\" content=\"2 minutes\" \/>\n<script type=\"application\/ld+json\" class=\"yoast-schema-graph\">{\"@context\":\"https:\\\/\\\/schema.org\",\"@graph\":[{\"@type\":\"WebPage\",\"@id\":\"https:\\\/\\\/abc-latina.com\\\/panama\\\/iles_plages\\\/\",\"url\":\"https:\\\/\\\/abc-latina.com\\\/panama\\\/iles_plages\\\/\",\"name\":\"ILES & PLAGES - Abc-latina\",\"isPartOf\":{\"@id\":\"https:\\\/\\\/abc-latina.com\\\/#website\"},\"primaryImageOfPage\":{\"@id\":\"https:\\\/\\\/abc-latina.com\\\/panama\\\/iles_plages\\\/#primaryimage\"},\"image\":{\"@id\":\"https:\\\/\\\/abc-latina.com\\\/panama\\\/iles_plages\\\/#primaryimage\"},\"thumbnailUrl\":\"https:\\\/\\\/abc-latina.com\\\/wp-content\\\/uploads\\\/2010\\\/07\\\/plage.jpg\",\"datePublished\":\"2010-07-31T00:31:15+00:00\",\"dateModified\":\"2026-04-30T16:25:11+00:00\",\"description\":\"Iles et plages au Panama.\",\"breadcrumb\":{\"@id\":\"https:\\\/\\\/abc-latina.com\\\/panama\\\/iles_plages\\\/#breadcrumb\"},\"inLanguage\":\"fr-FR\",\"potentialAction\":[{\"@type\":\"ReadAction\",\"target\":[\"https:\\\/\\\/abc-latina.com\\\/panama\\\/iles_plages\\\/\"]}]},{\"@type\":\"ImageObject\",\"inLanguage\":\"fr-FR\",\"@id\":\"https:\\\/\\\/abc-latina.com\\\/panama\\\/iles_plages\\\/#primaryimage\",\"url\":\"https:\\\/\\\/abc-latina.com\\\/wp-content\\\/uploads\\\/2010\\\/07\\\/plage.jpg\",\"contentUrl\":\"https:\\\/\\\/abc-latina.com\\\/wp-content\\\/uploads\\\/2010\\\/07\\\/plage.jpg\",\"width\":220,\"height\":220},{\"@type\":\"BreadcrumbList\",\"@id\":\"https:\\\/\\\/abc-latina.com\\\/panama\\\/iles_plages\\\/#breadcrumb\",\"itemListElement\":[{\"@type\":\"ListItem\",\"position\":1,\"name\":\"Accueil\",\"item\":\"https:\\\/\\\/abc-latina.com\\\/\"},{\"@type\":\"ListItem\",\"position\":2,\"name\":\"ILES &#038; PLAGES\"}]},{\"@type\":\"WebSite\",\"@id\":\"https:\\\/\\\/abc-latina.com\\\/#website\",\"url\":\"https:\\\/\\\/abc-latina.com\\\/\",\"name\":\"Abc-latina\",\"description\":\"\",\"publisher\":{\"@id\":\"https:\\\/\\\/abc-latina.com\\\/#organization\"},\"potentialAction\":[{\"@type\":\"SearchAction\",\"target\":{\"@type\":\"EntryPoint\",\"urlTemplate\":\"https:\\\/\\\/abc-latina.com\\\/?s={search_term_string}\"},\"query-input\":{\"@type\":\"PropertyValueSpecification\",\"valueRequired\":true,\"valueName\":\"search_term_string\"}}],\"inLanguage\":\"fr-FR\"},{\"@type\":\"Organization\",\"@id\":\"https:\\\/\\\/abc-latina.com\\\/#organization\",\"name\":\"Abc-latina\",\"url\":\"https:\\\/\\\/abc-latina.com\\\/\",\"logo\":{\"@type\":\"ImageObject\",\"inLanguage\":\"fr-FR\",\"@id\":\"https:\\\/\\\/abc-latina.com\\\/#\\\/schema\\\/logo\\\/image\\\/\",\"url\":\"https:\\\/\\\/abc-latina.com\\\/wp-content\\\/uploads\\\/2026\\\/05\\\/cropped-logo.gif\",\"contentUrl\":\"https:\\\/\\\/abc-latina.com\\\/wp-content\\\/uploads\\\/2026\\\/05\\\/cropped-logo.gif\",\"width\":89,\"height\":84,\"caption\":\"Abc-latina\"},\"image\":{\"@id\":\"https:\\\/\\\/abc-latina.com\\\/#\\\/schema\\\/logo\\\/image\\\/\"}}]}<\/script>\n<!-- \/ Yoast SEO plugin. -->","yoast_head_json":{"title":"ILES & PLAGES - Abc-latina","description":"Iles et plages au Panama.","robots":{"index":"index","follow":"follow","max-snippet":"max-snippet:-1","max-image-preview":"max-image-preview:large","max-video-preview":"max-video-preview:-1"},"canonical":"https:\/\/abc-latina.com\/panama\/iles_plages\/","og_locale":"fr_FR","og_type":"article","og_title":"ILES & PLAGES - Abc-latina","og_description":"Iles et plages au Panama.","og_url":"https:\/\/abc-latina.com\/panama\/iles_plages\/","og_site_name":"Abc-latina","article_modified_time":"2026-04-30T16:25:11+00:00","og_image":[{"width":220,"height":220,"url":"https:\/\/abc-latina.com\/wp-content\/uploads\/2010\/07\/plage.jpg","type":"image\/jpeg"}],"twitter_card":"summary_large_image","twitter_misc":{"Dur\u00e9e de lecture estim\u00e9e":"2 minutes"},"schema":{"@context":"https:\/\/schema.org","@graph":[{"@type":"WebPage","@id":"https:\/\/abc-latina.com\/panama\/iles_plages\/","url":"https:\/\/abc-latina.com\/panama\/iles_plages\/","name":"ILES & PLAGES - Abc-latina","isPartOf":{"@id":"https:\/\/abc-latina.com\/#website"},"primaryImageOfPage":{"@id":"https:\/\/abc-latina.com\/panama\/iles_plages\/#primaryimage"},"image":{"@id":"https:\/\/abc-latina.com\/panama\/iles_plages\/#primaryimage"},"thumbnailUrl":"https:\/\/abc-latina.com\/wp-content\/uploads\/2010\/07\/plage.jpg","datePublished":"2010-07-31T00:31:15+00:00","dateModified":"2026-04-30T16:25:11+00:00","description":"Iles et plages au Panama.","breadcrumb":{"@id":"https:\/\/abc-latina.com\/panama\/iles_plages\/#breadcrumb"},"inLanguage":"fr-FR","potentialAction":[{"@type":"ReadAction","target":["https:\/\/abc-latina.com\/panama\/iles_plages\/"]}]},{"@type":"ImageObject","inLanguage":"fr-FR","@id":"https:\/\/abc-latina.com\/panama\/iles_plages\/#primaryimage","url":"https:\/\/abc-latina.com\/wp-content\/uploads\/2010\/07\/plage.jpg","contentUrl":"https:\/\/abc-latina.com\/wp-content\/uploads\/2010\/07\/plage.jpg","width":220,"height":220},{"@type":"BreadcrumbList","@id":"https:\/\/abc-latina.com\/panama\/iles_plages\/#breadcrumb","itemListElement":[{"@type":"ListItem","position":1,"name":"Accueil","item":"https:\/\/abc-latina.com\/"},{"@type":"ListItem","position":2,"name":"ILES &#038; PLAGES"}]},{"@type":"WebSite","@id":"https:\/\/abc-latina.com\/#website","url":"https:\/\/abc-latina.com\/","name":"Abc-latina","description":"","publisher":{"@id":"https:\/\/abc-latina.com\/#organization"},"potentialAction":[{"@type":"SearchAction","target":{"@type":"EntryPoint","urlTemplate":"https:\/\/abc-latina.com\/?s={search_term_string}"},"query-input":{"@type":"PropertyValueSpecification","valueRequired":true,"valueName":"search_term_string"}}],"inLanguage":"fr-FR"},{"@type":"Organization","@id":"https:\/\/abc-latina.com\/#organization","name":"Abc-latina","url":"https:\/\/abc-latina.com\/","logo":{"@type":"ImageObject","inLanguage":"fr-FR","@id":"https:\/\/abc-latina.com\/#\/schema\/logo\/image\/","url":"https:\/\/abc-latina.com\/wp-content\/uploads\/2026\/05\/cropped-logo.gif","contentUrl":"https:\/\/abc-latina.com\/wp-content\/uploads\/2026\/05\/cropped-logo.gif","width":89,"height":84,"caption":"Abc-latina"},"image":{"@id":"https:\/\/abc-latina.com\/#\/schema\/logo\/image\/"}}]}},"_links":{"self":[{"href":"https:\/\/abc-latina.com\/wp-json\/wp\/v2\/pages\/1887","targetHints":{"allow":["GET"]}}],"collection":[{"href":"https:\/\/abc-latina.com\/wp-json\/wp\/v2\/pages"}],"about":[{"href":"https:\/\/abc-latina.com\/wp-json\/wp\/v2\/types\/page"}],"author":[{"embeddable":true,"href":"https:\/\/abc-latina.com\/wp-json\/wp\/v2\/users\/3"}],"replies":[{"embeddable":true,"href":"https:\/\/abc-latina.com\/wp-json\/wp\/v2\/comments?post=1887"}],"version-history":[{"count":1,"href":"https:\/\/abc-latina.com\/wp-json\/wp\/v2\/pages\/1887\/revisions"}],"predecessor-version":[{"id":3620,"href":"https:\/\/abc-latina.com\/wp-json\/wp\/v2\/pages\/1887\/revisions\/3620"}],"up":[{"embeddable":true,"href":"https:\/\/abc-latina.com\/wp-json\/wp\/v2\/pages\/2312"}],"wp:featuredmedia":[{"embeddable":true,"href":"https:\/\/abc-latina.com\/wp-json\/wp\/v2\/media\/1886"}],"wp:attachment":[{"href":"https:\/\/abc-latina.com\/wp-json\/wp\/v2\/media?parent=1887"}],"curies":[{"name":"wp","href":"https:\/\/api.w.org\/{rel}","templated":true}]}}