{"id":1890,"date":"2010-07-31T02:40:27","date_gmt":"2010-07-31T00:40:27","guid":{"rendered":"http:\/\/abc-latina.com\/presidents_panama-htm\/"},"modified":"2018-06-11T09:17:25","modified_gmt":"2018-06-11T07:17:25","slug":"presidents_panama","status":"publish","type":"page","link":"https:\/\/abc-latina.com\/panama\/presidents_panama\/","title":{"rendered":"les PRESIDENTS du PANAMA"},"content":{"rendered":"<h3>Liste des pr\u00e9sidents du Panama depuis l&rsquo;ind\u00e9pendance&nbsp;(3 novembre 1903) :&nbsp;<\/h3>\n<div>&nbsp;<\/div>\n<div>20 f\u00e9vrier 1904 &#8211; 1er octobre 1904 : &nbsp; &nbsp;<\/div>\n<div>Manuel Amador Guerrero&nbsp;<\/div>\n<div>&nbsp;<\/div>\n<div>1er octobre 1904 &#8211; 1er mars 1910 : &nbsp; &nbsp;<\/div>\n<div>Jos\u00e9 Domingo de Obaldia&nbsp;<\/div>\n<div>&nbsp;<\/div>\n<div>1er mars 1910 &#8211; 1er octobre 1910 : &nbsp; &nbsp;<\/div>\n<div>Carlos Antonio Mendoza&nbsp;<\/div>\n<div>&nbsp;<\/div>\n<div>1er octobre 1910 &#8211; 5 octobre 1910 : &nbsp;<\/div>\n<div>&nbsp;Federico Boyd&nbsp;<\/div>\n<div>&nbsp;<\/div>\n<div>5 octobre 1910 &#8211; 1er octobre 1912 : &nbsp; &nbsp;<\/div>\n<div>Pablo Arosemena Alba&nbsp;<\/div>\n<div>&nbsp;<\/div>\n<div>1er octobre 1912 &#8211; 1er octobre 1916 : &nbsp; &nbsp;<\/div>\n<div>Belisario Porras Barahona&nbsp;<\/div>\n<div>&nbsp;<\/div>\n<div>1er octobre 1916 &#8211; 3 juin 1918 : &nbsp; &nbsp;<\/div>\n<div>Ramon Maximiliano Vald\u00e9s&nbsp;<\/div>\n<div>&nbsp;<\/div>\n<div>3 juin 1918 &#8211; 1er octobre 1918 : &nbsp; &nbsp;<\/div>\n<div>Ciro Luis Urriola&nbsp;<\/div>\n<div>&nbsp;<\/div>\n<div>1er octobre 1918 &#8211; 12 octobre 1918 : &nbsp; &nbsp;<\/div>\n<div>Pedro Antonio Diaz&nbsp;<\/div>\n<div>&nbsp;<\/div>\n<div>12 octobre 1918 &#8211; 30 janvier 1920 : &nbsp; &nbsp;<\/div>\n<div>Belisario Porras Barahona&nbsp;<\/div>\n<div>&nbsp;<\/div>\n<div>30 janvier 1920 &#8211; 1er octobre 1920 : &nbsp; &nbsp;<\/div>\n<div>Ernesto Tisdel Lefevre&nbsp;<\/div>\n<div>&nbsp;<\/div>\n<div>1er octobre 1920 &#8211; 1er octobre 1924 : &nbsp; &nbsp;<\/div>\n<div>Belisario Porras&nbsp;<\/div>\n<div>&nbsp;<\/div>\n<div>1er octobre 1924 &#8211; 1er octobre 1928 : &nbsp; &nbsp;<\/div>\n<div>Rodolfo Chiari&nbsp;<\/div>\n<div>&nbsp;<\/div>\n<div>1er octobre 1928 &#8211; 3 janvier 1931 : &nbsp;<\/div>\n<div>Florencio Harmodio Arosemena&nbsp;<\/div>\n<div>&nbsp;<\/div>\n<div>3 janvier 1931 &#8211; 5 juin 1932 : &nbsp;<\/div>\n<div>&nbsp;Ricardo Joaquin Alfaro Jovan\u00e9&nbsp;<\/div>\n<div>&nbsp;<\/div>\n<div>5 juin 1932 &#8211; 1er octobre 1936 : &nbsp; &nbsp;<\/div>\n<div>Harmodio Arias Madrid&nbsp;<\/div>\n<div>&nbsp;<\/div>\n<div>1er octobre 1936 &#8211; 16 d\u00e9cembre 1939 : &nbsp; &nbsp;<\/div>\n<div>Juan Demostenes&nbsp;Arosemena&nbsp;<\/div>\n<div>&nbsp;<\/div>\n<div>16 d\u00e9cembre 1939 &#8211; 18 d\u00e9cembre 1939 : &nbsp; &nbsp;<\/div>\n<div>Ezequiel Fernandez Jaen&nbsp;<\/div>\n<div>&nbsp;<\/div>\n<div>18 d\u00e9cembre 1939 &#8211; 1er octobre 1940 : &nbsp; &nbsp;<\/div>\n<div>Augusto Samuel Boyd&nbsp;<\/div>\n<div>&nbsp;<\/div>\n<div>1er octobre 1940 &#8211; 9 octobre 1941 : &nbsp; &nbsp;<\/div>\n<div>Arnulfo Arias Madrid&nbsp;<\/div>\n<div>&nbsp;<\/div>\n<div>9 octobre 1941 &#8211; 15 juin 1945 : &nbsp;<\/div>\n<div>&nbsp;Ricardo de la Guardia-Arango&nbsp;<\/div>\n<div>&nbsp;<\/div>\n<div>15 juin 1945 &#8211; 7 ao\u00fbt 1948 : &nbsp; &nbsp;<\/div>\n<div>Enrique Jimenez&nbsp;<\/div>\n<div>&nbsp;<\/div>\n<div>7 ao\u00fbt 1948 &#8211; 28 juillet 1949 : &nbsp; &nbsp;<\/div>\n<div>Domingo Diaz Arosemena&nbsp;<\/div>\n<div>&nbsp;<\/div>\n<div>28 juillet 1949 &#8211; 20 novembre 1949 : &nbsp; &nbsp;<\/div>\n<div>Daniel Chanis Pinzon&nbsp;<\/div>\n<div>&nbsp;<\/div>\n<div>20 novembre 1949 &#8211; 24 novembre 1949 : &nbsp; &nbsp;<\/div>\n<div>Roberto Chiari-Remon&nbsp;<\/div>\n<div>&nbsp;<\/div>\n<div>24 novembre 1949 &#8211; 9 mai 1951 : &nbsp; &nbsp;<\/div>\n<div>Arnulfo Arias Madrid&nbsp;<\/div>\n<div>&nbsp;<\/div>\n<div>9 mai 1951 &#8211; 1er octobre 1952 : &nbsp; &nbsp;<\/div>\n<div>Alcibiades Arosemena-Quinzada&nbsp;<\/div>\n<div>&nbsp;<\/div>\n<div>1er octobre 1952 &#8211; 2 janvier 1955 : &nbsp;<\/div>\n<div>Jos\u00e9 Remon Cantera&nbsp;<\/div>\n<div>&nbsp;<\/div>\n<div>2 janvier 1955 &#8211; 29 mars 1955 : &nbsp; &nbsp;<\/div>\n<div>Jos\u00e9 Ramon Guizado&nbsp;<\/div>\n<div>&nbsp;<\/div>\n<div>29 mars 1955 &#8211; 1er octobre 1956 : &nbsp; &nbsp;<\/div>\n<div>Ricardo Arias Espinosa&nbsp;<\/div>\n<div>&nbsp;<\/div>\n<div>1er octobre 1956 &#8211; 1er octobre 1960 : &nbsp;<\/div>\n<div>Ernesto de la Guardia&nbsp;<\/div>\n<div>&nbsp;<\/div>\n<div>1er octobre 1960 &#8211; 1er octobre 1964 : &nbsp; &nbsp;<\/div>\n<div>Roberto Chiari-Remon&nbsp;<\/div>\n<div>&nbsp;<\/div>\n<div>1er octobre 1964 &#8211; 1er octobre 1968 : &nbsp; &nbsp;<\/div>\n<div>Marco Aurelio Robles&nbsp;<\/div>\n<div>&nbsp;<\/div>\n<div>1er octobre 1968 &#8211; 11 octobre 1968 : &nbsp; &nbsp;<\/div>\n<div>Arnulfo Arias Madrid&nbsp;<\/div>\n<div>&nbsp;<\/div>\n<div>11 octobre 1968 &#8211; 18 d\u00e9cembre 1969 : &nbsp; &nbsp;<\/div>\n<div>Jos\u00e9 Pinilla Fabrega&nbsp;<\/div>\n<div>&nbsp;<\/div>\n<div>18 d\u00e9cembre 1969 &#8211; 11 octobre 1978 : &nbsp;<\/div>\n<div>Demetrio Lakas Bahas&nbsp;<\/div>\n<div>&nbsp;<\/div>\n<div>11 octobre 1978 &#8211; 31 juillet 1982 : &nbsp; &nbsp;<\/div>\n<div>Aristides Royo Sanchez&nbsp;<\/div>\n<div>&nbsp;<\/div>\n<div>31 juillet 1982 &#8211; 13 f\u00e9vrier 1984 : &nbsp; &nbsp;<\/div>\n<div>Ricardo de la Espriella&nbsp;<\/div>\n<div>&nbsp;<\/div>\n<div>13 f\u00e9vrier 1984 &#8211; 11 octobre 1984 : &nbsp; &nbsp;<\/div>\n<div>Jorge Illueca&nbsp;<\/div>\n<div>&nbsp;<\/div>\n<div>11 octobre 1984 &#8211; 28 septembre 1985 : &nbsp; &nbsp;<\/div>\n<div>Nicolas Ardito Barletta&nbsp;<\/div>\n<div>&nbsp;<\/div>\n<div>28 septembre 1985 &#8211; 26 f\u00e9vrier 1988 : &nbsp; &nbsp;<\/div>\n<div>Eric Arturo Delvalle&nbsp;<\/div>\n<div>&nbsp;<\/div>\n<div>26 f\u00e9vrier 1988 &#8211; 1er septembre 1989 : &nbsp; &nbsp;<\/div>\n<div>Manuel Solis Palma&nbsp;<\/div>\n<div>&nbsp;<\/div>\n<div>1er septembre 1989 &#8211; 20 d\u00e9cembre 1989 : &nbsp; &nbsp;<\/div>\n<div>Francisco Rodriguez&nbsp;<\/div>\n<div>&nbsp;<\/div>\n<div>20 d\u00e9cembre 1989 &#8211; 1er septembre 1994 : &nbsp; &nbsp;<\/div>\n<div>Guillermo Endara Galimany&nbsp;<\/div>\n<div>&nbsp;<\/div>\n<div>1er septembre 1994 &#8211; 1er septembre 1999 : &nbsp; &nbsp;<\/div>\n<div>Ernesto Perez Balladares&nbsp;<\/div>\n<div>&nbsp;<\/div>\n<div>1er septembre 1999 &#8211; 1er septembre 2004 : &nbsp; &nbsp;<\/div>\n<div>Mireya Elisa Moscoso de Gruber, pr\u00e9sidente&nbsp;<\/div>\n<div>&nbsp;<\/div>\n<div>1er septembre 2004 &#8211; 2009 : &nbsp; &nbsp;<\/div>\n<div>Mart\u00edn Torrijos&nbsp;<\/div>\n<div>&nbsp;<\/div>\n<div>1er juillet 2009 &#8211; 1er juillet 2014 : &nbsp;<\/div>\n<div>Ricardo Martinelli<\/div>\n<div>&nbsp;<\/div>\n<p>Depuis le 1er juillet 2014 :&nbsp;&nbsp; <br \/>Juan Carlos Valera<\/p>\n","protected":false},"excerpt":{"rendered":"<p>Liste des pr\u00e9sidents du Panama depuis l&rsquo;ind\u00e9pendance&nbsp;(3 novembre 1903) :&nbsp; &nbsp; 20 f\u00e9vrier 1904 &#8211; 1er octobre 1904 : &nbsp; [&hellip;]<\/p>\n","protected":false},"author":3,"featured_media":0,"parent":2312,"menu_order":0,"comment_status":"closed","ping_status":"closed","template":"","meta":{"site-sidebar-layout":"default","site-content-layout":"","ast-site-content-layout":"default","site-content-style":"default","site-sidebar-style":"default","ast-global-header-display":"","ast-banner-title-visibility":"","ast-main-header-display":"","ast-hfb-above-header-display":"","ast-hfb-below-header-display":"","ast-hfb-mobile-header-display":"","site-post-title":"","ast-breadcrumbs-content":"","ast-featured-img":"","footer-sml-layout":"","ast-disable-related-posts":"","theme-transparent-header-meta":"","adv-header-id-meta":"","stick-header-meta":"","header-above-stick-meta":"","header-main-stick-meta":"","header-below-stick-meta":"","astra-migrate-meta-layouts":"default","ast-page-background-enabled":"default","ast-page-background-meta":{"desktop":{"background-color":"var(--ast-global-color-5)","background-image":"","background-repeat":"repeat","background-position":"center center","background-size":"auto","background-attachment":"scroll","background-type":"","background-media":"","overlay-type":"","overlay-color":"","overlay-opacity":"","overlay-gradient":""},"tablet":{"background-color":"","background-image":"","background-repeat":"repeat","background-position":"center center","background-size":"auto","background-attachment":"scroll","background-type":"","background-media":"","overlay-type":"","overlay-color":"","overlay-opacity":"","overlay-gradient":""},"mobile":{"background-color":"","background-image":"","background-repeat":"repeat","background-position":"center center","background-size":"auto","background-attachment":"scroll","background-type":"","background-media":"","overlay-type":"","overlay-color":"","overlay-opacity":"","overlay-gradient":""}},"ast-content-background-meta":{"desktop":{"background-color":"var(--ast-global-color-4)","background-image":"","background-repeat":"repeat","background-position":"center center","background-size":"auto","background-attachment":"scroll","background-type":"","background-media":"","overlay-type":"","overlay-color":"","overlay-opacity":"","overlay-gradient":""},"tablet":{"background-color":"var(--ast-global-color-4)","background-image":"","background-repeat":"repeat","background-position":"center center","background-size":"auto","background-attachment":"scroll","background-type":"","background-media":"","overlay-type":"","overlay-color":"","overlay-opacity":"","overlay-gradient":""},"mobile":{"background-color":"var(--ast-global-color-4)","background-image":"","background-repeat":"repeat","background-position":"center center","background-size":"auto","background-attachment":"scroll","background-type":"","background-media":"","overlay-type":"","overlay-color":"","overlay-opacity":"","overlay-gradient":""}},"footnotes":""},"class_list":["post-1890","page","type-page","status-publish","hentry"],"yoast_head":"<!-- This site is optimized with the Yoast SEO plugin v27.5 - https:\/\/yoast.com\/product\/yoast-seo-wordpress\/ -->\n<title>les PRESIDENTS du PANAMA - Abc-latina<\/title>\n<meta name=\"description\" content=\"Les pr\u00e9sidents du Panama.\" \/>\n<meta name=\"robots\" content=\"index, follow, max-snippet:-1, max-image-preview:large, max-video-preview:-1\" \/>\n<link rel=\"canonical\" href=\"https:\/\/abc-latina.com\/panama\/presidents_panama\/\" \/>\n<meta property=\"og:locale\" content=\"fr_FR\" \/>\n<meta property=\"og:type\" content=\"article\" \/>\n<meta property=\"og:title\" content=\"les PRESIDENTS du PANAMA - Abc-latina\" \/>\n<meta property=\"og:description\" content=\"Les pr\u00e9sidents du Panama.\" \/>\n<meta property=\"og:url\" content=\"https:\/\/abc-latina.com\/panama\/presidents_panama\/\" \/>\n<meta property=\"og:site_name\" content=\"Abc-latina\" \/>\n<meta property=\"article:modified_time\" content=\"2018-06-11T07:17:25+00:00\" \/>\n<meta name=\"twitter:card\" content=\"summary_large_image\" \/>\n<meta name=\"twitter:label1\" content=\"Dur\u00e9e de lecture estim\u00e9e\" \/>\n\t<meta name=\"twitter:data1\" content=\"3 minutes\" \/>\n<script type=\"application\/ld+json\" class=\"yoast-schema-graph\">{\"@context\":\"https:\\\/\\\/schema.org\",\"@graph\":[{\"@type\":\"WebPage\",\"@id\":\"https:\\\/\\\/abc-latina.com\\\/panama\\\/presidents_panama\\\/\",\"url\":\"https:\\\/\\\/abc-latina.com\\\/panama\\\/presidents_panama\\\/\",\"name\":\"les PRESIDENTS du PANAMA - Abc-latina\",\"isPartOf\":{\"@id\":\"https:\\\/\\\/abc-latina.com\\\/#website\"},\"datePublished\":\"2010-07-31T00:40:27+00:00\",\"dateModified\":\"2018-06-11T07:17:25+00:00\",\"description\":\"Les pr\u00e9sidents du Panama.\",\"breadcrumb\":{\"@id\":\"https:\\\/\\\/abc-latina.com\\\/panama\\\/presidents_panama\\\/#breadcrumb\"},\"inLanguage\":\"fr-FR\",\"potentialAction\":[{\"@type\":\"ReadAction\",\"target\":[\"https:\\\/\\\/abc-latina.com\\\/panama\\\/presidents_panama\\\/\"]}]},{\"@type\":\"BreadcrumbList\",\"@id\":\"https:\\\/\\\/abc-latina.com\\\/panama\\\/presidents_panama\\\/#breadcrumb\",\"itemListElement\":[{\"@type\":\"ListItem\",\"position\":1,\"name\":\"Accueil\",\"item\":\"https:\\\/\\\/abc-latina.com\\\/\"},{\"@type\":\"ListItem\",\"position\":2,\"name\":\"les PRESIDENTS du PANAMA\"}]},{\"@type\":\"WebSite\",\"@id\":\"https:\\\/\\\/abc-latina.com\\\/#website\",\"url\":\"https:\\\/\\\/abc-latina.com\\\/\",\"name\":\"Abc-latina\",\"description\":\"\",\"publisher\":{\"@id\":\"https:\\\/\\\/abc-latina.com\\\/#organization\"},\"potentialAction\":[{\"@type\":\"SearchAction\",\"target\":{\"@type\":\"EntryPoint\",\"urlTemplate\":\"https:\\\/\\\/abc-latina.com\\\/?s={search_term_string}\"},\"query-input\":{\"@type\":\"PropertyValueSpecification\",\"valueRequired\":true,\"valueName\":\"search_term_string\"}}],\"inLanguage\":\"fr-FR\"},{\"@type\":\"Organization\",\"@id\":\"https:\\\/\\\/abc-latina.com\\\/#organization\",\"name\":\"Abc-latina\",\"url\":\"https:\\\/\\\/abc-latina.com\\\/\",\"logo\":{\"@type\":\"ImageObject\",\"inLanguage\":\"fr-FR\",\"@id\":\"https:\\\/\\\/abc-latina.com\\\/#\\\/schema\\\/logo\\\/image\\\/\",\"url\":\"https:\\\/\\\/abc-latina.com\\\/wp-content\\\/uploads\\\/2026\\\/05\\\/cropped-logo.gif\",\"contentUrl\":\"https:\\\/\\\/abc-latina.com\\\/wp-content\\\/uploads\\\/2026\\\/05\\\/cropped-logo.gif\",\"width\":89,\"height\":84,\"caption\":\"Abc-latina\"},\"image\":{\"@id\":\"https:\\\/\\\/abc-latina.com\\\/#\\\/schema\\\/logo\\\/image\\\/\"}}]}<\/script>\n<!-- \/ Yoast SEO plugin. -->","yoast_head_json":{"title":"les PRESIDENTS du PANAMA - Abc-latina","description":"Les pr\u00e9sidents du Panama.","robots":{"index":"index","follow":"follow","max-snippet":"max-snippet:-1","max-image-preview":"max-image-preview:large","max-video-preview":"max-video-preview:-1"},"canonical":"https:\/\/abc-latina.com\/panama\/presidents_panama\/","og_locale":"fr_FR","og_type":"article","og_title":"les PRESIDENTS du PANAMA - Abc-latina","og_description":"Les pr\u00e9sidents du Panama.","og_url":"https:\/\/abc-latina.com\/panama\/presidents_panama\/","og_site_name":"Abc-latina","article_modified_time":"2018-06-11T07:17:25+00:00","twitter_card":"summary_large_image","twitter_misc":{"Dur\u00e9e de lecture estim\u00e9e":"3 minutes"},"schema":{"@context":"https:\/\/schema.org","@graph":[{"@type":"WebPage","@id":"https:\/\/abc-latina.com\/panama\/presidents_panama\/","url":"https:\/\/abc-latina.com\/panama\/presidents_panama\/","name":"les PRESIDENTS du PANAMA - Abc-latina","isPartOf":{"@id":"https:\/\/abc-latina.com\/#website"},"datePublished":"2010-07-31T00:40:27+00:00","dateModified":"2018-06-11T07:17:25+00:00","description":"Les pr\u00e9sidents du Panama.","breadcrumb":{"@id":"https:\/\/abc-latina.com\/panama\/presidents_panama\/#breadcrumb"},"inLanguage":"fr-FR","potentialAction":[{"@type":"ReadAction","target":["https:\/\/abc-latina.com\/panama\/presidents_panama\/"]}]},{"@type":"BreadcrumbList","@id":"https:\/\/abc-latina.com\/panama\/presidents_panama\/#breadcrumb","itemListElement":[{"@type":"ListItem","position":1,"name":"Accueil","item":"https:\/\/abc-latina.com\/"},{"@type":"ListItem","position":2,"name":"les PRESIDENTS du PANAMA"}]},{"@type":"WebSite","@id":"https:\/\/abc-latina.com\/#website","url":"https:\/\/abc-latina.com\/","name":"Abc-latina","description":"","publisher":{"@id":"https:\/\/abc-latina.com\/#organization"},"potentialAction":[{"@type":"SearchAction","target":{"@type":"EntryPoint","urlTemplate":"https:\/\/abc-latina.com\/?s={search_term_string}"},"query-input":{"@type":"PropertyValueSpecification","valueRequired":true,"valueName":"search_term_string"}}],"inLanguage":"fr-FR"},{"@type":"Organization","@id":"https:\/\/abc-latina.com\/#organization","name":"Abc-latina","url":"https:\/\/abc-latina.com\/","logo":{"@type":"ImageObject","inLanguage":"fr-FR","@id":"https:\/\/abc-latina.com\/#\/schema\/logo\/image\/","url":"https:\/\/abc-latina.com\/wp-content\/uploads\/2026\/05\/cropped-logo.gif","contentUrl":"https:\/\/abc-latina.com\/wp-content\/uploads\/2026\/05\/cropped-logo.gif","width":89,"height":84,"caption":"Abc-latina"},"image":{"@id":"https:\/\/abc-latina.com\/#\/schema\/logo\/image\/"}}]}},"_links":{"self":[{"href":"https:\/\/abc-latina.com\/wp-json\/wp\/v2\/pages\/1890","targetHints":{"allow":["GET"]}}],"collection":[{"href":"https:\/\/abc-latina.com\/wp-json\/wp\/v2\/pages"}],"about":[{"href":"https:\/\/abc-latina.com\/wp-json\/wp\/v2\/types\/page"}],"author":[{"embeddable":true,"href":"https:\/\/abc-latina.com\/wp-json\/wp\/v2\/users\/3"}],"replies":[{"embeddable":true,"href":"https:\/\/abc-latina.com\/wp-json\/wp\/v2\/comments?post=1890"}],"version-history":[{"count":0,"href":"https:\/\/abc-latina.com\/wp-json\/wp\/v2\/pages\/1890\/revisions"}],"up":[{"embeddable":true,"href":"https:\/\/abc-latina.com\/wp-json\/wp\/v2\/pages\/2312"}],"wp:attachment":[{"href":"https:\/\/abc-latina.com\/wp-json\/wp\/v2\/media?parent=1890"}],"curies":[{"name":"wp","href":"https:\/\/api.w.org\/{rel}","templated":true}]}}