{"id":1897,"date":"2010-07-31T04:20:11","date_gmt":"2010-07-31T02:20:11","guid":{"rendered":"http:\/\/abc-latina.com\/presidents_paraguay-htm\/"},"modified":"2018-06-11T09:31:38","modified_gmt":"2018-06-11T07:31:38","slug":"presidents_paraguay","status":"publish","type":"page","link":"https:\/\/abc-latina.com\/paraguay\/presidents_paraguay\/","title":{"rendered":"PRESIDENTS du PARAGUAY"},"content":{"rendered":"<div>15 mai 1811 &#8211; 12 octobre 1813&nbsp;<\/div>\n<div>Fulgencio Yegros &#8211; consul&nbsp;<\/div>\n<div>&nbsp;<\/div>\n<div>12 octobre 1813 &#8211; 12 f\u00e9vrier 1814&nbsp;<\/div>\n<div>Jos\u00e9 Gaspar Rodriguez de Francia &#8211; consul&nbsp;<\/div>\n<div>&nbsp;<\/div>\n<div>12 f\u00e9vrier 1814 &#8211; 12 juin 1814&nbsp;<\/div>\n<div>Fulgencio Yegros &#8211; consul&nbsp;<\/div>\n<div>&nbsp;<\/div>\n<div>12 juin 1814 &#8211; 20 septembre 1840&nbsp;<\/div>\n<div>Jos\u00e9 Rodriguez de Francia &#8211; consul&nbsp;<\/div>\n<div>&nbsp;<\/div>\n<div>20 septembre 1840 &#8211; 22 janvier 1841&nbsp;<\/div>\n<div>Manuel Antonio Ortiz &#8211; consul&nbsp;<\/div>\n<div>&nbsp;<\/div>\n<div>22 janvier 1841 &#8211; 9 f\u00e9vrier 1841&nbsp;<\/div>\n<div>Juan Jos\u00e9 Medina &#8211; consul&nbsp;<\/div>\n<div>&nbsp;<\/div>\n<div>9 f\u00e9vrier 1841 &#8211; 14 mars 1841&nbsp;<\/div>\n<div>Mariano Roque Alonzo &#8211; consul&nbsp;<\/div>\n<div>&nbsp;<\/div>\n<div>14 mars 1841 &#8211; 13 mars 1844&nbsp;<\/div>\n<div>Mariano Roque Alonzo et Carlos Antonio L\u00f3pez &#8211; consul&nbsp;<\/div>\n<div>&nbsp;<\/div>\n<div>14 mars 1844 &#8211; 20 septembre 1862&nbsp;<\/div>\n<div>Carlos Antonio L\u00f3pez &#8211; pr\u00e9sident de la R\u00e9publique&nbsp;<\/div>\n<div>&nbsp;<\/div>\n<div>20 septembre 1862 &#8211; 1er mars 1870&nbsp;<\/div>\n<div>Mar\u00e9chal Francisco Solano L\u00f3pez &#8211; fils du pr\u00e9c\u00e9dent&nbsp;<\/div>\n<div>&nbsp;<\/div>\n<div>1er mars 1870 &#8211; 10 d\u00e9cembre 1870 triumvirat :&nbsp;<\/div>\n<div>Cirilo Antonio Rivarola, Carlos Loizaga, Jos\u00e9 Diaz de Bedoza<\/div>\n<div>&nbsp;<\/div>\n<div>10 d\u00e9cembre 1870 &#8211; 12 d\u00e9cembre 1871&nbsp;<\/div>\n<div>Cirilo Antonio Rivarola&nbsp;<\/div>\n<div>&nbsp;<\/div>\n<div>12 d\u00e9cembre 1871 &#8211; 25 novembre 1874&nbsp;<\/div>\n<div>Salvador Jovellanos&nbsp;<\/div>\n<div>&nbsp;<\/div>\n<div>25 novembre 1874 &#8211; 12 avril 1877&nbsp;<\/div>\n<div>Juan Bautista Gill&nbsp;<\/div>\n<div>&nbsp;<\/div>\n<div>12 avril 1877 &#8211; 25 novembre 1878&nbsp;<\/div>\n<div>Higinio Uriate&nbsp;<\/div>\n<div>&nbsp;<\/div>\n<div>25 novembre 1878 &#8211; ? septembre 1880&nbsp;<\/div>\n<div>Candido Barreiro&nbsp;<\/div>\n<div>&nbsp;<\/div>\n<div>Septembre 1880 &#8211; 25 novembre 1881&nbsp;<\/div>\n<div>Adolfo Saguier&nbsp;<\/div>\n<div>&nbsp;<\/div>\n<div>25 novembre 1881 &#8211; 25 novembre 1886&nbsp;<\/div>\n<div>G\u00e9n\u00e9ral Bernardino Caballero&nbsp;<\/div>\n<div>&nbsp;<\/div>\n<div>25 novembre 1886 &#8211; 25 septembre 1890&nbsp;<\/div>\n<div>Patricio Escobar&nbsp;<\/div>\n<div>&nbsp;<\/div>\n<div>25 septembre 1890 &#8211; ? juin 1894&nbsp;<\/div>\n<div>Juan Gualberto Gonzalez&nbsp;<\/div>\n<div>&nbsp;<\/div>\n<div>Juin 1894 &#8211; 25 novembre 1894&nbsp;<\/div>\n<div>Marcos Moringo&nbsp;<\/div>\n<div>&nbsp;<\/div>\n<div>25 novembre 1894 &#8211; 25 novembre 1898&nbsp;<\/div>\n<div>Juan Bautista Eguzquiza&nbsp;<\/div>\n<div>&nbsp;<\/div>\n<div>25 novembre 1898 &#8211; 9 janvier 1902&nbsp;<\/div>\n<div>Emilio Aceval&nbsp;<\/div>\n<div>&nbsp;<\/div>\n<div>9 janvier 1902 &#8211; 25 novembre 1902&nbsp;<\/div>\n<div>Hector Carvallo&nbsp;<\/div>\n<div>&nbsp;<\/div>\n<div>25 novembre 1902 &#8211; 11 ao\u00fbt 1904&nbsp;<\/div>\n<div>Juan Antonio Escurra&nbsp;<\/div>\n<div>&nbsp;<\/div>\n<div>18 octobre 1904 &#8211; 8 d\u00e9cembre 1905&nbsp;<\/div>\n<div>Juan Gaona&nbsp;<\/div>\n<div>&nbsp;<\/div>\n<div>8 d\u00e9cembre 1905 &#8211; 25 novembre 1906&nbsp;<\/div>\n<div>Dr Cecilio Baez&nbsp;<\/div>\n<div>&nbsp;<\/div>\n<div>25 novembre 1906 &#8211; 4 juillet 1908&nbsp;<\/div>\n<div>Dr Benigno Ferreira&nbsp;<\/div>\n<div>&nbsp;<\/div>\n<div>4 juillet 1908 &#8211; 25 novembre 1910&nbsp;<\/div>\n<div>Emiliano Gonzalez Navero&nbsp;<\/div>\n<div>&nbsp;<\/div>\n<div>25 novembre 1910 &#8211; 11 janvier 1911&nbsp;<\/div>\n<div>Dr Manuel Gondra&nbsp;<\/div>\n<div>&nbsp;<\/div>\n<div>19 janvier 1911 &#8211; 5 juillet 1911&nbsp;<\/div>\n<div>Albino Jara (colonel)&nbsp;<\/div>\n<div>&nbsp;<\/div>\n<div>6 juillet 1911 &#8211; 31 d\u00e9cembre 1911&nbsp;<\/div>\n<div>Liberato Marcial Rojas&nbsp;<\/div>\n<div>&nbsp;<\/div>\n<div>1er janvier 1912 &#8211; 25 mars 1912&nbsp;<\/div>\n<div>Pedro Pena&nbsp;<\/div>\n<div>&nbsp;<\/div>\n<div>25 mars 1912 &#8211; 15 ao\u00fbt 1912&nbsp;<\/div>\n<div>Emiliano Gonzalez Navero&nbsp;<\/div>\n<div>&nbsp;<\/div>\n<div>15 ao\u00fbt 1912 &#8211; 15 ao\u00fbt 1916&nbsp;<\/div>\n<div>Eduarto Schaerer&nbsp;<\/div>\n<div>&nbsp;<\/div>\n<div>15 ao\u00fbt 1916 &#8211; 5 juin 1919&nbsp;<\/div>\n<div>Manuel Franco &#8211; mort en fonction&nbsp;<\/div>\n<div>&nbsp;<\/div>\n<div>5 juin 1919 &#8211; 15 ao\u00fbt 1920&nbsp;<\/div>\n<div>Jos\u00e9 P. Montero&nbsp;<\/div>\n<div>&nbsp;<\/div>\n<div>15 ao\u00fbt 1920 &#8211; 31 octobre 1921&nbsp;<\/div>\n<div>Manuel Gondra&nbsp;<\/div>\n<div>&nbsp;<\/div>\n<div>31 octobre 1921 &#8211; 3 novembre 1921&nbsp;<\/div>\n<div>F\u00e9lix Paiva&nbsp;<\/div>\n<div>&nbsp;<\/div>\n<div>3 novembre 1921 &#8211; 1er avril 1923&nbsp;<\/div>\n<div>Eusabio Ayala<\/div>\n<div>&nbsp;<\/div>\n<div>1er avril 1923 &#8211; 12 avril 1924&nbsp;<\/div>\n<div>Eligio Ayala&nbsp;<\/div>\n<div>&nbsp;<\/div>\n<div>12 avril 1924 &#8211; 15 ao\u00fbt 1924&nbsp;<\/div>\n<div>Luis Riart&nbsp;<\/div>\n<div>&nbsp;<\/div>\n<div>15 ao\u00fbt 1924 &#8211; 15 ao\u00fbt 1928<\/div>\n<div>Eligio Ayala&nbsp;<\/div>\n<div>&nbsp;<\/div>\n<div>15 ao\u00fbt 1928 &#8211; 26 octobre 1931&nbsp;<\/div>\n<div>Jos\u00e9 Patricio Gugguiari&nbsp;<\/div>\n<div>&nbsp;<\/div>\n<div>26 octobre 1931 &#8211; 28 janvier 1932&nbsp;<\/div>\n<div>Emiliano Gonzalez Navero&nbsp;<\/div>\n<div>&nbsp;<\/div>\n<div>28 janvier 1932 &#8211; 15 ao\u00fbt 1932&nbsp;<\/div>\n<div>Jos\u00e9 Patricio Gugguiari&nbsp;<\/div>\n<div>&nbsp;<\/div>\n<div>15 ao\u00fbt 1932 &#8211; 18 f\u00e9vrier 1936&nbsp;<\/div>\n<div>Eusebio Ayala&nbsp;<\/div>\n<div>&nbsp;<\/div>\n<div>18 f\u00e9vrier 1936 &#8211; 15 ao\u00fbt 1937&nbsp;<\/div>\n<div>Rafael Franco&nbsp;<\/div>\n<div>&nbsp;<\/div>\n<div>15 ao\u00fbt 1937 &#8211; 15 ao\u00fbt 1939&nbsp;<\/div>\n<div>F\u00e9lix Paiva&nbsp;<\/div>\n<div>&nbsp;<\/div>\n<div>15 ao\u00fbt 1939 &#8211; 7 septembre 1940&nbsp;<\/div>\n<div>Jos\u00e9 Estigarribia&nbsp;<\/div>\n<div>&nbsp;<\/div>\n<div>7 septembre 1940 &#8211; 3 juin 1948&nbsp;<\/div>\n<div>Higinio Morinigo-Martinez (g\u00e9n\u00e9ral)&nbsp;<\/div>\n<div>&nbsp;<\/div>\n<div>3 juin 1948 &#8211; 15 ao\u00fbt 1948&nbsp;<\/div>\n<div>Juan Frutos&nbsp;<\/div>\n<div>&nbsp;<\/div>\n<div>15 ao\u00fbt 1948 &#8211; 30 d\u00e9cembre 1948&nbsp;<\/div>\n<div>Juan Natalicio Gonzalez-Paredes&nbsp;<\/div>\n<div>&nbsp;<\/div>\n<div>30 janvier 1949 &#8211; 27 f\u00e9vrier 1949&nbsp;<\/div>\n<div>Raimundo Rolon&nbsp;<\/div>\n<div>&nbsp;<\/div>\n<div>27 f\u00e9vrier 1949 &#8211; 10 septembre 1949&nbsp;<\/div>\n<div>Felipe Molas Lopez&nbsp;<\/div>\n<div>&nbsp;<\/div>\n<div>10 septembre 1949 &#8211; 5 mai 1954&nbsp;<\/div>\n<div>Federico Chaves&nbsp;<\/div>\n<div>&nbsp;<\/div>\n<div>5 mai 1954 &#8211; 15 ao\u00fbt 1954&nbsp;<\/div>\n<div>Tomas Romero Pereira&nbsp;<\/div>\n<div>&nbsp;<\/div>\n<div>15 ao\u00fbt 1954 &#8211; 3 f\u00e9vrier 1989&nbsp;<\/div>\n<div><a target=\"_blank\" href=\"https:\/\/www.abc-latina.com\/personnalites\/alfredo_stroessner\">Alfredo Stroessner<\/a> (g\u00e9n\u00e9ral)&nbsp;<\/div>\n<div>&nbsp;<\/div>\n<div>3 f\u00e9vrier 1989 &#8211; 15 ao\u00fbt 1993&nbsp;<\/div>\n<div>Andr\u00e9s Rodr\u00edguez Pedotti (g\u00e9n\u00e9ral)&nbsp;<\/div>\n<div>&nbsp;<\/div>\n<div>15 ao\u00fbt 1993 &#8211; 15 ao\u00fbt 1998&nbsp;<\/div>\n<div>Juan Carlos Wasmosy&nbsp;<\/div>\n<div>&nbsp;<\/div>\n<div>15 ao\u00fbt 1998 &#8211; 29 mars 1999&nbsp;<\/div>\n<div>Raul Cubas Grau &#8211; d\u00e9missionnaire&nbsp;<\/div>\n<div>&nbsp;<\/div>\n<div>30 mars 1999 &#8211; 15 ao\u00fbt 2003&nbsp;<\/div>\n<div>Luis Angel Gonzalez Macchi&nbsp;<\/div>\n<div>&nbsp;<\/div>\n<div>15 ao\u00fbt 2003 &#8211; 15 ao\u00fbt 2008<\/div>\n<div>Nicanor Duarte Frutos&nbsp;<\/div>\n<div>&nbsp;<\/div>\n<div>15 ao\u00fbt 2008 &#8211; 22 juin 2012<\/div>\n<div><a target=\"_blank\" href=\"https:\/\/www.abc-latina.com\/personnalites\/fernando_lugo\">Fernando Lugo<\/a><\/div>\n<div>&nbsp;<\/div>\n<div>22 juin 2012 &#8211; 15 aout 2013<\/div>\n<div>Federico Franco<\/p>\n<p>Depuis le 15 aout 2013:<br \/>Horacio Cartes<\/div>\n","protected":false},"excerpt":{"rendered":"<p>15 mai 1811 &#8211; 12 octobre 1813&nbsp; Fulgencio Yegros &#8211; consul&nbsp; &nbsp; 12 octobre 1813 &#8211; 12 f\u00e9vrier 1814&nbsp; Jos\u00e9 [&hellip;]<\/p>\n","protected":false},"author":3,"featured_media":0,"parent":2314,"menu_order":0,"comment_status":"closed","ping_status":"closed","template":"","meta":{"site-sidebar-layout":"default","site-content-layout":"","ast-site-content-layout":"default","site-content-style":"default","site-sidebar-style":"default","ast-global-header-display":"","ast-banner-title-visibility":"","ast-main-header-display":"","ast-hfb-above-header-display":"","ast-hfb-below-header-display":"","ast-hfb-mobile-header-display":"","site-post-title":"","ast-breadcrumbs-content":"","ast-featured-img":"","footer-sml-layout":"","ast-disable-related-posts":"","theme-transparent-header-meta":"","adv-header-id-meta":"","stick-header-meta":"","header-above-stick-meta":"","header-main-stick-meta":"","header-below-stick-meta":"","astra-migrate-meta-layouts":"default","ast-page-background-enabled":"default","ast-page-background-meta":{"desktop":{"background-color":"var(--ast-global-color-5)","background-image":"","background-repeat":"repeat","background-position":"center center","background-size":"auto","background-attachment":"scroll","background-type":"","background-media":"","overlay-type":"","overlay-color":"","overlay-opacity":"","overlay-gradient":""},"tablet":{"background-color":"","background-image":"","background-repeat":"repeat","background-position":"center center","background-size":"auto","background-attachment":"scroll","background-type":"","background-media":"","overlay-type":"","overlay-color":"","overlay-opacity":"","overlay-gradient":""},"mobile":{"background-color":"","background-image":"","background-repeat":"repeat","background-position":"center center","background-size":"auto","background-attachment":"scroll","background-type":"","background-media":"","overlay-type":"","overlay-color":"","overlay-opacity":"","overlay-gradient":""}},"ast-content-background-meta":{"desktop":{"background-color":"var(--ast-global-color-4)","background-image":"","background-repeat":"repeat","background-position":"center center","background-size":"auto","background-attachment":"scroll","background-type":"","background-media":"","overlay-type":"","overlay-color":"","overlay-opacity":"","overlay-gradient":""},"tablet":{"background-color":"var(--ast-global-color-4)","background-image":"","background-repeat":"repeat","background-position":"center center","background-size":"auto","background-attachment":"scroll","background-type":"","background-media":"","overlay-type":"","overlay-color":"","overlay-opacity":"","overlay-gradient":""},"mobile":{"background-color":"var(--ast-global-color-4)","background-image":"","background-repeat":"repeat","background-position":"center center","background-size":"auto","background-attachment":"scroll","background-type":"","background-media":"","overlay-type":"","overlay-color":"","overlay-opacity":"","overlay-gradient":""}},"footnotes":""},"class_list":["post-1897","page","type-page","status-publish","hentry"],"yoast_head":"<!-- This site is optimized with the Yoast SEO plugin v27.5 - https:\/\/yoast.com\/product\/yoast-seo-wordpress\/ -->\n<title>PRESIDENTS du PARAGUAY - Abc-latina<\/title>\n<meta name=\"description\" content=\"Les pr\u00e9sidents du Paraguay.\" \/>\n<meta name=\"robots\" content=\"index, follow, max-snippet:-1, max-image-preview:large, max-video-preview:-1\" \/>\n<link rel=\"canonical\" href=\"https:\/\/abc-latina.com\/paraguay\/presidents_paraguay\/\" \/>\n<meta property=\"og:locale\" content=\"fr_FR\" \/>\n<meta property=\"og:type\" content=\"article\" \/>\n<meta property=\"og:title\" content=\"PRESIDENTS du PARAGUAY - Abc-latina\" \/>\n<meta property=\"og:description\" content=\"Les pr\u00e9sidents du Paraguay.\" \/>\n<meta property=\"og:url\" content=\"https:\/\/abc-latina.com\/paraguay\/presidents_paraguay\/\" \/>\n<meta property=\"og:site_name\" content=\"Abc-latina\" \/>\n<meta property=\"article:modified_time\" content=\"2018-06-11T07:31:38+00:00\" \/>\n<meta name=\"twitter:card\" content=\"summary_large_image\" \/>\n<meta name=\"twitter:label1\" content=\"Dur\u00e9e de lecture estim\u00e9e\" \/>\n\t<meta name=\"twitter:data1\" content=\"3 minutes\" \/>\n<script type=\"application\/ld+json\" class=\"yoast-schema-graph\">{\"@context\":\"https:\\\/\\\/schema.org\",\"@graph\":[{\"@type\":\"WebPage\",\"@id\":\"https:\\\/\\\/abc-latina.com\\\/paraguay\\\/presidents_paraguay\\\/\",\"url\":\"https:\\\/\\\/abc-latina.com\\\/paraguay\\\/presidents_paraguay\\\/\",\"name\":\"PRESIDENTS du PARAGUAY - Abc-latina\",\"isPartOf\":{\"@id\":\"https:\\\/\\\/abc-latina.com\\\/#website\"},\"datePublished\":\"2010-07-31T02:20:11+00:00\",\"dateModified\":\"2018-06-11T07:31:38+00:00\",\"description\":\"Les pr\u00e9sidents du Paraguay.\",\"breadcrumb\":{\"@id\":\"https:\\\/\\\/abc-latina.com\\\/paraguay\\\/presidents_paraguay\\\/#breadcrumb\"},\"inLanguage\":\"fr-FR\",\"potentialAction\":[{\"@type\":\"ReadAction\",\"target\":[\"https:\\\/\\\/abc-latina.com\\\/paraguay\\\/presidents_paraguay\\\/\"]}]},{\"@type\":\"BreadcrumbList\",\"@id\":\"https:\\\/\\\/abc-latina.com\\\/paraguay\\\/presidents_paraguay\\\/#breadcrumb\",\"itemListElement\":[{\"@type\":\"ListItem\",\"position\":1,\"name\":\"Accueil\",\"item\":\"https:\\\/\\\/abc-latina.com\\\/\"},{\"@type\":\"ListItem\",\"position\":2,\"name\":\"PRESIDENTS du PARAGUAY\"}]},{\"@type\":\"WebSite\",\"@id\":\"https:\\\/\\\/abc-latina.com\\\/#website\",\"url\":\"https:\\\/\\\/abc-latina.com\\\/\",\"name\":\"Abc-latina\",\"description\":\"\",\"publisher\":{\"@id\":\"https:\\\/\\\/abc-latina.com\\\/#organization\"},\"potentialAction\":[{\"@type\":\"SearchAction\",\"target\":{\"@type\":\"EntryPoint\",\"urlTemplate\":\"https:\\\/\\\/abc-latina.com\\\/?s={search_term_string}\"},\"query-input\":{\"@type\":\"PropertyValueSpecification\",\"valueRequired\":true,\"valueName\":\"search_term_string\"}}],\"inLanguage\":\"fr-FR\"},{\"@type\":\"Organization\",\"@id\":\"https:\\\/\\\/abc-latina.com\\\/#organization\",\"name\":\"Abc-latina\",\"url\":\"https:\\\/\\\/abc-latina.com\\\/\",\"logo\":{\"@type\":\"ImageObject\",\"inLanguage\":\"fr-FR\",\"@id\":\"https:\\\/\\\/abc-latina.com\\\/#\\\/schema\\\/logo\\\/image\\\/\",\"url\":\"https:\\\/\\\/abc-latina.com\\\/wp-content\\\/uploads\\\/2026\\\/05\\\/cropped-logo.gif\",\"contentUrl\":\"https:\\\/\\\/abc-latina.com\\\/wp-content\\\/uploads\\\/2026\\\/05\\\/cropped-logo.gif\",\"width\":89,\"height\":84,\"caption\":\"Abc-latina\"},\"image\":{\"@id\":\"https:\\\/\\\/abc-latina.com\\\/#\\\/schema\\\/logo\\\/image\\\/\"}}]}<\/script>\n<!-- \/ Yoast SEO plugin. -->","yoast_head_json":{"title":"PRESIDENTS du PARAGUAY - Abc-latina","description":"Les pr\u00e9sidents du Paraguay.","robots":{"index":"index","follow":"follow","max-snippet":"max-snippet:-1","max-image-preview":"max-image-preview:large","max-video-preview":"max-video-preview:-1"},"canonical":"https:\/\/abc-latina.com\/paraguay\/presidents_paraguay\/","og_locale":"fr_FR","og_type":"article","og_title":"PRESIDENTS du PARAGUAY - Abc-latina","og_description":"Les pr\u00e9sidents du Paraguay.","og_url":"https:\/\/abc-latina.com\/paraguay\/presidents_paraguay\/","og_site_name":"Abc-latina","article_modified_time":"2018-06-11T07:31:38+00:00","twitter_card":"summary_large_image","twitter_misc":{"Dur\u00e9e de lecture estim\u00e9e":"3 minutes"},"schema":{"@context":"https:\/\/schema.org","@graph":[{"@type":"WebPage","@id":"https:\/\/abc-latina.com\/paraguay\/presidents_paraguay\/","url":"https:\/\/abc-latina.com\/paraguay\/presidents_paraguay\/","name":"PRESIDENTS du PARAGUAY - Abc-latina","isPartOf":{"@id":"https:\/\/abc-latina.com\/#website"},"datePublished":"2010-07-31T02:20:11+00:00","dateModified":"2018-06-11T07:31:38+00:00","description":"Les pr\u00e9sidents du Paraguay.","breadcrumb":{"@id":"https:\/\/abc-latina.com\/paraguay\/presidents_paraguay\/#breadcrumb"},"inLanguage":"fr-FR","potentialAction":[{"@type":"ReadAction","target":["https:\/\/abc-latina.com\/paraguay\/presidents_paraguay\/"]}]},{"@type":"BreadcrumbList","@id":"https:\/\/abc-latina.com\/paraguay\/presidents_paraguay\/#breadcrumb","itemListElement":[{"@type":"ListItem","position":1,"name":"Accueil","item":"https:\/\/abc-latina.com\/"},{"@type":"ListItem","position":2,"name":"PRESIDENTS du PARAGUAY"}]},{"@type":"WebSite","@id":"https:\/\/abc-latina.com\/#website","url":"https:\/\/abc-latina.com\/","name":"Abc-latina","description":"","publisher":{"@id":"https:\/\/abc-latina.com\/#organization"},"potentialAction":[{"@type":"SearchAction","target":{"@type":"EntryPoint","urlTemplate":"https:\/\/abc-latina.com\/?s={search_term_string}"},"query-input":{"@type":"PropertyValueSpecification","valueRequired":true,"valueName":"search_term_string"}}],"inLanguage":"fr-FR"},{"@type":"Organization","@id":"https:\/\/abc-latina.com\/#organization","name":"Abc-latina","url":"https:\/\/abc-latina.com\/","logo":{"@type":"ImageObject","inLanguage":"fr-FR","@id":"https:\/\/abc-latina.com\/#\/schema\/logo\/image\/","url":"https:\/\/abc-latina.com\/wp-content\/uploads\/2026\/05\/cropped-logo.gif","contentUrl":"https:\/\/abc-latina.com\/wp-content\/uploads\/2026\/05\/cropped-logo.gif","width":89,"height":84,"caption":"Abc-latina"},"image":{"@id":"https:\/\/abc-latina.com\/#\/schema\/logo\/image\/"}}]}},"_links":{"self":[{"href":"https:\/\/abc-latina.com\/wp-json\/wp\/v2\/pages\/1897","targetHints":{"allow":["GET"]}}],"collection":[{"href":"https:\/\/abc-latina.com\/wp-json\/wp\/v2\/pages"}],"about":[{"href":"https:\/\/abc-latina.com\/wp-json\/wp\/v2\/types\/page"}],"author":[{"embeddable":true,"href":"https:\/\/abc-latina.com\/wp-json\/wp\/v2\/users\/3"}],"replies":[{"embeddable":true,"href":"https:\/\/abc-latina.com\/wp-json\/wp\/v2\/comments?post=1897"}],"version-history":[{"count":0,"href":"https:\/\/abc-latina.com\/wp-json\/wp\/v2\/pages\/1897\/revisions"}],"up":[{"embeddable":true,"href":"https:\/\/abc-latina.com\/wp-json\/wp\/v2\/pages\/2314"}],"wp:attachment":[{"href":"https:\/\/abc-latina.com\/wp-json\/wp\/v2\/media?parent=1897"}],"curies":[{"name":"wp","href":"https:\/\/api.w.org\/{rel}","templated":true}]}}