{"id":190,"date":"2010-06-03T23:40:10","date_gmt":"2010-06-03T21:40:10","guid":{"rendered":"http:\/\/abc-latina.com\/cochabamba-htm\/"},"modified":"2026-04-30T18:24:48","modified_gmt":"2026-04-30T16:24:48","slug":"cochabamba","status":"publish","type":"page","link":"https:\/\/abc-latina.com\/bolivie\/cochabamba\/","title":{"rendered":"COCHABAMBA"},"content":{"rendered":"<div><img loading=\"lazy\" decoding=\"async\" class=\" alignright size-full wp-image-189\" src=\"http:\/\/abc-latina.com\/wp-content\/uploads\/2010\/06\/cochabamba.jpg\" title=\"COCHABAMBA\" alt=\"COCHABAMBA\" width=\"220\" vspace=\"9\" hspace=\"15\" height=\"220\" align=\"right\" srcset=\"https:\/\/abc-latina.com\/wp-content\/uploads\/2010\/06\/cochabamba.jpg 220w, https:\/\/abc-latina.com\/wp-content\/uploads\/2010\/06\/cochabamba-150x150.jpg 150w\" sizes=\"auto, (max-width: 220px) 100vw, 220px\" \/>La ville de <span class=\"tourisme-chapitre\">Cochabamba<\/span> est situ\u00e9e \u00e0 2600 m\u00e8tres, dans les vall\u00e9es de la cordill\u00e8re des Andes, avec au loin, la montagne Tunari qui domine cette partie du pays du haut de ses 5050 m\u00e8tres.<\/div>\n<div>Cochabamba est l&rsquo;une des villes les plus agr\u00e9able de Bolivie, gr\u00e2ce \u00e0 son climat tout \u00e0 fait privil\u00e9gi\u00e9, et parce qu&rsquo;elle est aussi l&rsquo;escale La ville de <span class=\"tourisme-chapitre\">Cochabamba<\/span> est situ\u00e9e \u00e0 2600 m\u00e8tres, dans les vall\u00e9es de la cordill\u00e8re des Andes, avec au loin, la montagne Tunari qui domine cette partie du pays du haut de ses 5050 m\u00e8tres.<\/div>\n<div>Cochabamba est l&rsquo;une des villes les plus agr\u00e9able de Bolivie, gr\u00e2ce \u00e0 son climat tout \u00e0 fait privil\u00e9gi\u00e9, et parce qu&rsquo;elle est aussi l&rsquo;escale <a href=\"https:\/\/www.abc-latina.com\/bolivie\/cuisine\">gastronomique<\/a> de la Bolivie.<\/div>\n<div>La ville ne manque pas d&rsquo;atouts, bien que son architecture coloniale ait \u00e9t\u00e9 fortement endommag\u00e9e. Elle poss\u00e8de un march\u00e9 urbain color\u00e9, appel\u00e9 &quot; la cancha &quot;, et des excursions fascinantes vers les sites incas qui ont form\u00e9 la culture cochala: le Chapare, le site de Toro Toro et, bien \u00e9videmment, le Valle Alto.&nbsp;<\/div>\n<div>&nbsp;<\/div>\n<div><span class=\"tourisme-unesco\">Visite de la ville :<\/span><\/div>\n<div>El Palacio de Portales est sans doute la maison la plus luxueuse jamais construite en Bolivie. Elle fut construit, entre 1913 et 1922, pour Simon I Patino, l&rsquo;homme le plus fortun\u00e9 d&rsquo;Am\u00e9rique Latine.<\/div>\n<div>Vous pourrez y admirer, outre une r\u00e9plique de la Chapelle Sixtine et de l&rsquo;Alhambra de Cordoue, des jardins \u00e0 la fran\u00e7aise et tout un luxe versaillais.<\/div>\n<div>Le mus\u00e9e d&rsquo;Anthropologie pr\u00e9sente une s\u00e9lection d&rsquo;objets <a href=\"https:\/\/www.abc-latina.com\/civilisations\/Inca\" target=\"_blank\">inca<\/a> et <a href=\"https:\/\/www.abc-latina.com\/civilisations\/tiwanaku\" target=\"_blank\">Tiwanakota<\/a> ainsi que les restes de l&rsquo;homme le plus vieux de la Bolivie (-14.000 ans).<\/div>\n<div>La Cancha est le march\u00e9 des march\u00e9s de Bolivie, on y trouve tout, et plus encore. A voir !<\/div>\n<div>Cochabamba ne d\u00e9cevra pas les visiteurs qui aiment la bonne table, vous y trouverez de nombreux restaurants et des mets vari\u00e9s et succulents.<\/div>\n<div>&nbsp;<\/div>\n<div><span class=\"tourisme-unesco\">Les environs de Cochabamba :<\/span><\/div>\n<div><a href=\"tour_operateur\" target=\"_blank\"><img loading=\"lazy\" decoding=\"async\" class=\" size-full wp-image-41\" src=\"http:\/\/abc-latina.com\/wp-content\/uploads\/2010\/04\/timbre_to.gif\" class=\"touroperateur\" alt=\"\" width=\"125\" height=\"90\" \/><\/a>La route de Valle Alto est celle de la chicha (boisson locale) et des march\u00e9s (march\u00e9 de la pomme de terre, march\u00e9 de la c\u00e9ramique, march\u00e9 du ma\u00efs &hellip;) o\u00f9 l&rsquo;on d\u00e9couvre l&rsquo;essentiel de l&rsquo;\u00e2me quechua de Bolivie.&nbsp;<\/div>\n<div>Le Valle Alto cochabambino est jalonn\u00e9 de petits villages comme, Tarata qui abrite un couvent franciscain du 18 \u00e9me si\u00e8cle ainsi que la maison de deux sommit\u00e9s de l&rsquo;histoire bolivienne : Melgarejo et Barrientos. Leur ancienne demeure est d&rsquo;ailleurs devenue l&rsquo;une des meilleures chicherias du village. L&rsquo;\u00e9glise et la place sont tr\u00e8s belles ainsi que l&rsquo;architecture coloniale des maisons.&nbsp;<\/div>\n<div>Le mardi dans le village de Punata se tient le plus grand march\u00e9 de la r\u00e9gion. Plus modeste est le march\u00e9 aux pommes de terre qui a lieu le samedi matin. Ici la chicha est pr\u00e9sum\u00e9e \u00eatre la meilleure du pays, et on y compte une chicheria par cinq habitants !<\/div>\n<div>Le village d&rsquo;Arani est c\u00e9l\u00e8bre pour son pain et son \u00e9glise.<\/div>\n<div>Totora est un tr\u00e8s joli village aux ravissantes maisons coloniales.<\/div>\n<div>La visite des sites d&rsquo;Inka Rakay, d&rsquo;Inkallajta et du Chapare est un parcours qui permet \u00e0 la fois d&rsquo;allier la culture, la d\u00e9couverte et la d\u00e9tente.<\/div>\n<div>Les ruines d&rsquo;Inka Rakay , o\u00f9 la d\u00e9couverte du site est aussi belle que la vue, magnifique, sur la vall\u00e9e de Cochabamba.<\/div>\n<div>Sur le site d&rsquo;Inkallajta (les plus importantes ruines incas de Bolivie) se trouve une forteresse qui prot\u00e9geait les vall\u00e9es des attaques des Indiens chiriguanos. Sept murailles concentriques entourent le site. Une longue muraille aurait support\u00e9 le toit de ce qui \u00e9tait le plus grand b\u00e2timent couvert des Incas.<\/div>\n<div>&nbsp;<\/div>\n<div><a href=\"https:\/\/www.abc-latina.com\/bolivie\/tourisme\">Tourisme en Bolivie<\/a><\/div>\n<p>&nbsp;<a target=\"_blank\" href=\"http:\/\/voyage.abc-latina.com\/voyage_bolivie\/bolivie.php\"><span class=\"sejour-circuit\"><br \/><\/span><\/a><\/p>\n<h3>Pr\u00e9parez votre voyage \u00e0 Cochabamba:<\/h3>\n<div><a href=\"https:\/\/www.abc-latina.com\/bolivie\/agence_de_voyages\">Agences de voyage g\u00e9n\u00e9ralistes et discounteurs<\/a><\/div>\n<div><a href=\"https:\/\/www.abc-latina.com\/bolivie\/tour_operateur\">Tours Op\u00e9rateurs sp\u00e9cialistes de la Bolivie<\/a><\/div>\n<div><a target=\"_blank\" href=\"https:\/\/www.abc-latina.com\/to\/reservation_billet_avion\">R\u00e9servez votre billet d&rsquo;avion<\/a><\/div>\n<div><a target=\"_blank\" href=\"hotels\">R\u00e9servez votre h\u00f4tel \u00e0 Cochabamba<\/a>&nbsp;<\/div>\n<div><a target=\"_blank\" href=\"https:\/\/www.abc-latina.com\/to\/location_de_voiture_bolivie\">Location de voiture<\/a><\/div>\n<p>&nbsp;<\/p>\n","protected":false},"excerpt":{"rendered":"<p>La ville de Cochabamba est situ\u00e9e \u00e0 2600 m\u00e8tres, dans les vall\u00e9es de la cordill\u00e8re des Andes, avec au loin, [&hellip;]<\/p>\n","protected":false},"author":3,"featured_media":189,"parent":2295,"menu_order":0,"comment_status":"closed","ping_status":"closed","template":"","meta":{"site-sidebar-layout":"default","site-content-layout":"","ast-site-content-layout":"default","site-content-style":"default","site-sidebar-style":"default","ast-global-header-display":"","ast-banner-title-visibility":"","ast-main-header-display":"","ast-hfb-above-header-display":"","ast-hfb-below-header-display":"","ast-hfb-mobile-header-display":"","site-post-title":"","ast-breadcrumbs-content":"","ast-featured-img":"","footer-sml-layout":"","ast-disable-related-posts":"","theme-transparent-header-meta":"","adv-header-id-meta":"","stick-header-meta":"","header-above-stick-meta":"","header-main-stick-meta":"","header-below-stick-meta":"","astra-migrate-meta-layouts":"default","ast-page-background-enabled":"default","ast-page-background-meta":{"desktop":{"background-color":"var(--ast-global-color-5)","background-image":"","background-repeat":"repeat","background-position":"center center","background-size":"auto","background-attachment":"scroll","background-type":"","background-media":"","overlay-type":"","overlay-color":"","overlay-opacity":"","overlay-gradient":""},"tablet":{"background-color":"","background-image":"","background-repeat":"repeat","background-position":"center center","background-size":"auto","background-attachment":"scroll","background-type":"","background-media":"","overlay-type":"","overlay-color":"","overlay-opacity":"","overlay-gradient":""},"mobile":{"background-color":"","background-image":"","background-repeat":"repeat","background-position":"center center","background-size":"auto","background-attachment":"scroll","background-type":"","background-media":"","overlay-type":"","overlay-color":"","overlay-opacity":"","overlay-gradient":""}},"ast-content-background-meta":{"desktop":{"background-color":"var(--ast-global-color-4)","background-image":"","background-repeat":"repeat","background-position":"center center","background-size":"auto","background-attachment":"scroll","background-type":"","background-media":"","overlay-type":"","overlay-color":"","overlay-opacity":"","overlay-gradient":""},"tablet":{"background-color":"var(--ast-global-color-4)","background-image":"","background-repeat":"repeat","background-position":"center center","background-size":"auto","background-attachment":"scroll","background-type":"","background-media":"","overlay-type":"","overlay-color":"","overlay-opacity":"","overlay-gradient":""},"mobile":{"background-color":"var(--ast-global-color-4)","background-image":"","background-repeat":"repeat","background-position":"center center","background-size":"auto","background-attachment":"scroll","background-type":"","background-media":"","overlay-type":"","overlay-color":"","overlay-opacity":"","overlay-gradient":""}},"footnotes":""},"class_list":["post-190","page","type-page","status-publish","has-post-thumbnail","hentry"],"yoast_head":"<!-- This site is optimized with the Yoast SEO plugin v27.5 - https:\/\/yoast.com\/product\/yoast-seo-wordpress\/ -->\n<title>COCHABAMBA - Abc-latina<\/title>\n<meta name=\"description\" content=\"Cochabamba est l&#039;une des villes les plus agr\u00e9able de Bolivie, gr\u00e2ce \u00e0 son climat, et parce qu&#039;elle est aussi l&#039;escale gastronomique de la Bolivie.\" \/>\n<meta name=\"robots\" content=\"index, follow, max-snippet:-1, max-image-preview:large, max-video-preview:-1\" \/>\n<link rel=\"canonical\" href=\"https:\/\/abc-latina.com\/bolivie\/cochabamba\/\" \/>\n<meta property=\"og:locale\" content=\"fr_FR\" \/>\n<meta property=\"og:type\" content=\"article\" \/>\n<meta property=\"og:title\" content=\"COCHABAMBA - Abc-latina\" \/>\n<meta property=\"og:description\" content=\"Cochabamba est l&#039;une des villes les plus agr\u00e9able de Bolivie, gr\u00e2ce \u00e0 son climat, et parce qu&#039;elle est aussi l&#039;escale gastronomique de la Bolivie.\" \/>\n<meta property=\"og:url\" content=\"https:\/\/abc-latina.com\/bolivie\/cochabamba\/\" \/>\n<meta property=\"og:site_name\" content=\"Abc-latina\" \/>\n<meta property=\"article:modified_time\" content=\"2026-04-30T16:24:48+00:00\" \/>\n<meta property=\"og:image\" content=\"https:\/\/abc-latina.com\/wp-content\/uploads\/2010\/06\/cochabamba.jpg\" \/>\n\t<meta property=\"og:image:width\" content=\"220\" \/>\n\t<meta property=\"og:image:height\" content=\"220\" \/>\n\t<meta property=\"og:image:type\" content=\"image\/jpeg\" \/>\n<meta name=\"twitter:card\" content=\"summary_large_image\" \/>\n<meta name=\"twitter:label1\" content=\"Dur\u00e9e de lecture estim\u00e9e\" \/>\n\t<meta name=\"twitter:data1\" content=\"3 minutes\" \/>\n<script type=\"application\/ld+json\" class=\"yoast-schema-graph\">{\"@context\":\"https:\\\/\\\/schema.org\",\"@graph\":[{\"@type\":\"WebPage\",\"@id\":\"https:\\\/\\\/abc-latina.com\\\/bolivie\\\/cochabamba\\\/\",\"url\":\"https:\\\/\\\/abc-latina.com\\\/bolivie\\\/cochabamba\\\/\",\"name\":\"COCHABAMBA - Abc-latina\",\"isPartOf\":{\"@id\":\"https:\\\/\\\/abc-latina.com\\\/#website\"},\"primaryImageOfPage\":{\"@id\":\"https:\\\/\\\/abc-latina.com\\\/bolivie\\\/cochabamba\\\/#primaryimage\"},\"image\":{\"@id\":\"https:\\\/\\\/abc-latina.com\\\/bolivie\\\/cochabamba\\\/#primaryimage\"},\"thumbnailUrl\":\"https:\\\/\\\/abc-latina.com\\\/wp-content\\\/uploads\\\/2010\\\/06\\\/cochabamba.jpg\",\"datePublished\":\"2010-06-03T21:40:10+00:00\",\"dateModified\":\"2026-04-30T16:24:48+00:00\",\"description\":\"Cochabamba est l'une des villes les plus agr\u00e9able de Bolivie, gr\u00e2ce \u00e0 son climat, et parce qu'elle est aussi l'escale gastronomique de la Bolivie.\",\"breadcrumb\":{\"@id\":\"https:\\\/\\\/abc-latina.com\\\/bolivie\\\/cochabamba\\\/#breadcrumb\"},\"inLanguage\":\"fr-FR\",\"potentialAction\":[{\"@type\":\"ReadAction\",\"target\":[\"https:\\\/\\\/abc-latina.com\\\/bolivie\\\/cochabamba\\\/\"]}]},{\"@type\":\"ImageObject\",\"inLanguage\":\"fr-FR\",\"@id\":\"https:\\\/\\\/abc-latina.com\\\/bolivie\\\/cochabamba\\\/#primaryimage\",\"url\":\"https:\\\/\\\/abc-latina.com\\\/wp-content\\\/uploads\\\/2010\\\/06\\\/cochabamba.jpg\",\"contentUrl\":\"https:\\\/\\\/abc-latina.com\\\/wp-content\\\/uploads\\\/2010\\\/06\\\/cochabamba.jpg\",\"width\":220,\"height\":220,\"caption\":\"COCHABAMBA\"},{\"@type\":\"BreadcrumbList\",\"@id\":\"https:\\\/\\\/abc-latina.com\\\/bolivie\\\/cochabamba\\\/#breadcrumb\",\"itemListElement\":[{\"@type\":\"ListItem\",\"position\":1,\"name\":\"Accueil\",\"item\":\"https:\\\/\\\/abc-latina.com\\\/\"},{\"@type\":\"ListItem\",\"position\":2,\"name\":\"COCHABAMBA\"}]},{\"@type\":\"WebSite\",\"@id\":\"https:\\\/\\\/abc-latina.com\\\/#website\",\"url\":\"https:\\\/\\\/abc-latina.com\\\/\",\"name\":\"Abc-latina\",\"description\":\"\",\"publisher\":{\"@id\":\"https:\\\/\\\/abc-latina.com\\\/#organization\"},\"potentialAction\":[{\"@type\":\"SearchAction\",\"target\":{\"@type\":\"EntryPoint\",\"urlTemplate\":\"https:\\\/\\\/abc-latina.com\\\/?s={search_term_string}\"},\"query-input\":{\"@type\":\"PropertyValueSpecification\",\"valueRequired\":true,\"valueName\":\"search_term_string\"}}],\"inLanguage\":\"fr-FR\"},{\"@type\":\"Organization\",\"@id\":\"https:\\\/\\\/abc-latina.com\\\/#organization\",\"name\":\"Abc-latina\",\"url\":\"https:\\\/\\\/abc-latina.com\\\/\",\"logo\":{\"@type\":\"ImageObject\",\"inLanguage\":\"fr-FR\",\"@id\":\"https:\\\/\\\/abc-latina.com\\\/#\\\/schema\\\/logo\\\/image\\\/\",\"url\":\"https:\\\/\\\/abc-latina.com\\\/wp-content\\\/uploads\\\/2026\\\/05\\\/cropped-logo.gif\",\"contentUrl\":\"https:\\\/\\\/abc-latina.com\\\/wp-content\\\/uploads\\\/2026\\\/05\\\/cropped-logo.gif\",\"width\":89,\"height\":84,\"caption\":\"Abc-latina\"},\"image\":{\"@id\":\"https:\\\/\\\/abc-latina.com\\\/#\\\/schema\\\/logo\\\/image\\\/\"}}]}<\/script>\n<!-- \/ Yoast SEO plugin. -->","yoast_head_json":{"title":"COCHABAMBA - Abc-latina","description":"Cochabamba est l'une des villes les plus agr\u00e9able de Bolivie, gr\u00e2ce \u00e0 son climat, et parce qu'elle est aussi l'escale gastronomique de la Bolivie.","robots":{"index":"index","follow":"follow","max-snippet":"max-snippet:-1","max-image-preview":"max-image-preview:large","max-video-preview":"max-video-preview:-1"},"canonical":"https:\/\/abc-latina.com\/bolivie\/cochabamba\/","og_locale":"fr_FR","og_type":"article","og_title":"COCHABAMBA - Abc-latina","og_description":"Cochabamba est l'une des villes les plus agr\u00e9able de Bolivie, gr\u00e2ce \u00e0 son climat, et parce qu'elle est aussi l'escale gastronomique de la Bolivie.","og_url":"https:\/\/abc-latina.com\/bolivie\/cochabamba\/","og_site_name":"Abc-latina","article_modified_time":"2026-04-30T16:24:48+00:00","og_image":[{"width":220,"height":220,"url":"https:\/\/abc-latina.com\/wp-content\/uploads\/2010\/06\/cochabamba.jpg","type":"image\/jpeg"}],"twitter_card":"summary_large_image","twitter_misc":{"Dur\u00e9e de lecture estim\u00e9e":"3 minutes"},"schema":{"@context":"https:\/\/schema.org","@graph":[{"@type":"WebPage","@id":"https:\/\/abc-latina.com\/bolivie\/cochabamba\/","url":"https:\/\/abc-latina.com\/bolivie\/cochabamba\/","name":"COCHABAMBA - Abc-latina","isPartOf":{"@id":"https:\/\/abc-latina.com\/#website"},"primaryImageOfPage":{"@id":"https:\/\/abc-latina.com\/bolivie\/cochabamba\/#primaryimage"},"image":{"@id":"https:\/\/abc-latina.com\/bolivie\/cochabamba\/#primaryimage"},"thumbnailUrl":"https:\/\/abc-latina.com\/wp-content\/uploads\/2010\/06\/cochabamba.jpg","datePublished":"2010-06-03T21:40:10+00:00","dateModified":"2026-04-30T16:24:48+00:00","description":"Cochabamba est l'une des villes les plus agr\u00e9able de Bolivie, gr\u00e2ce \u00e0 son climat, et parce qu'elle est aussi l'escale gastronomique de la Bolivie.","breadcrumb":{"@id":"https:\/\/abc-latina.com\/bolivie\/cochabamba\/#breadcrumb"},"inLanguage":"fr-FR","potentialAction":[{"@type":"ReadAction","target":["https:\/\/abc-latina.com\/bolivie\/cochabamba\/"]}]},{"@type":"ImageObject","inLanguage":"fr-FR","@id":"https:\/\/abc-latina.com\/bolivie\/cochabamba\/#primaryimage","url":"https:\/\/abc-latina.com\/wp-content\/uploads\/2010\/06\/cochabamba.jpg","contentUrl":"https:\/\/abc-latina.com\/wp-content\/uploads\/2010\/06\/cochabamba.jpg","width":220,"height":220,"caption":"COCHABAMBA"},{"@type":"BreadcrumbList","@id":"https:\/\/abc-latina.com\/bolivie\/cochabamba\/#breadcrumb","itemListElement":[{"@type":"ListItem","position":1,"name":"Accueil","item":"https:\/\/abc-latina.com\/"},{"@type":"ListItem","position":2,"name":"COCHABAMBA"}]},{"@type":"WebSite","@id":"https:\/\/abc-latina.com\/#website","url":"https:\/\/abc-latina.com\/","name":"Abc-latina","description":"","publisher":{"@id":"https:\/\/abc-latina.com\/#organization"},"potentialAction":[{"@type":"SearchAction","target":{"@type":"EntryPoint","urlTemplate":"https:\/\/abc-latina.com\/?s={search_term_string}"},"query-input":{"@type":"PropertyValueSpecification","valueRequired":true,"valueName":"search_term_string"}}],"inLanguage":"fr-FR"},{"@type":"Organization","@id":"https:\/\/abc-latina.com\/#organization","name":"Abc-latina","url":"https:\/\/abc-latina.com\/","logo":{"@type":"ImageObject","inLanguage":"fr-FR","@id":"https:\/\/abc-latina.com\/#\/schema\/logo\/image\/","url":"https:\/\/abc-latina.com\/wp-content\/uploads\/2026\/05\/cropped-logo.gif","contentUrl":"https:\/\/abc-latina.com\/wp-content\/uploads\/2026\/05\/cropped-logo.gif","width":89,"height":84,"caption":"Abc-latina"},"image":{"@id":"https:\/\/abc-latina.com\/#\/schema\/logo\/image\/"}}]}},"_links":{"self":[{"href":"https:\/\/abc-latina.com\/wp-json\/wp\/v2\/pages\/190","targetHints":{"allow":["GET"]}}],"collection":[{"href":"https:\/\/abc-latina.com\/wp-json\/wp\/v2\/pages"}],"about":[{"href":"https:\/\/abc-latina.com\/wp-json\/wp\/v2\/types\/page"}],"author":[{"embeddable":true,"href":"https:\/\/abc-latina.com\/wp-json\/wp\/v2\/users\/3"}],"replies":[{"embeddable":true,"href":"https:\/\/abc-latina.com\/wp-json\/wp\/v2\/comments?post=190"}],"version-history":[{"count":1,"href":"https:\/\/abc-latina.com\/wp-json\/wp\/v2\/pages\/190\/revisions"}],"predecessor-version":[{"id":3129,"href":"https:\/\/abc-latina.com\/wp-json\/wp\/v2\/pages\/190\/revisions\/3129"}],"up":[{"embeddable":true,"href":"https:\/\/abc-latina.com\/wp-json\/wp\/v2\/pages\/2295"}],"wp:featuredmedia":[{"embeddable":true,"href":"https:\/\/abc-latina.com\/wp-json\/wp\/v2\/media\/189"}],"wp:attachment":[{"href":"https:\/\/abc-latina.com\/wp-json\/wp\/v2\/media?parent=190"}],"curies":[{"name":"wp","href":"https:\/\/api.w.org\/{rel}","templated":true}]}}