{"id":1901,"date":"2010-07-31T05:00:00","date_gmt":"2010-07-31T03:00:00","guid":{"rendered":"http:\/\/abc-latina.com\/presidents_el_salvador-htm\/"},"modified":"2018-06-10T16:08:26","modified_gmt":"2018-06-10T14:08:26","slug":"presidents_el_salvador","status":"publish","type":"page","link":"https:\/\/abc-latina.com\/salvador\/presidents_el_salvador\/","title":{"rendered":"les PRESIDENTS du SALVADOR"},"content":{"rendered":"<p>Liste des pr\u00e9sidents du Salvador :&nbsp;<\/p>\n<div><strong>Juan Lindo<\/strong><\/div>\n<div>22 f\u00e9vrier 1841 &#8211; 1er f\u00e9vrier 1842&nbsp;<\/div>\n<div>&nbsp;<\/div>\n<div><strong>Jos\u00e9 Escolastico Marin&nbsp;<\/strong><\/div>\n<div>1er f\u00e9vrier 1842 &#8211; 14 avril 1842&nbsp;<\/div>\n<div>&nbsp;<\/div>\n<div><strong>Juan Jos\u00e9 Guzman&nbsp;<\/strong><\/div>\n<div>14 avril 1842 &#8211; 1er f\u00e9vrier 1844&nbsp;<\/div>\n<div>&nbsp;<\/div>\n<div><strong>Fermin Palacios<\/strong><\/div>\n<div>1er f\u00e9vrier 1844 &#8211; 7 f\u00e9vrier 1844&nbsp;<\/div>\n<div>&nbsp;<\/div>\n<div><strong>Francisco Malespin&nbsp;<\/strong><\/div>\n<div>7 f\u00e9vrier 1844 &#8211; 15 f\u00e9vrier 1845&nbsp;<\/div>\n<div>&nbsp;<\/div>\n<div><strong>Joaquin Eufrasio Guzman<\/strong>&nbsp;<\/div>\n<div>15 f\u00e9vrier 1845 &#8211; 1er f\u00e9vrier 1846<\/div>\n<div>&nbsp;<\/div>\n<div><strong>Fermin Palacios<\/strong><\/div>\n<div>1er f\u00e9vrier 1846 &#8211; 21 f\u00e9vrier 1846&nbsp;<\/div>\n<div>&nbsp;<\/div>\n<div><strong>Eugenio Aguilar&nbsp;<\/strong><\/div>\n<div>21 f\u00e9vrier 1846 &#8211; 1er f\u00e9vrier 1848&nbsp;<\/div>\n<div>&nbsp;<\/div>\n<div><strong>Tomas Medina&nbsp;<\/strong><\/div>\n<div>1 f\u00e9vrier 1848 &#8211; 3 f\u00e9vrier 1848<\/div>\n<div>&nbsp;<\/div>\n<div><strong>Jos\u00e9 F\u00e9lix Quiros&nbsp;<\/strong><\/div>\n<div>3 f\u00e9vrier 1848 &#8211; 7 f\u00e9vrier 1848&nbsp;<\/div>\n<div>&nbsp;<\/div>\n<div><strong>Doroteo Vasconcelos<\/strong>&nbsp;<\/div>\n<div>7 f\u00e9vrier 1848 &#8211; 1er f\u00e9vrier 1850&nbsp;<\/div>\n<div>&nbsp;<\/div>\n<div><strong>Ramon Rodriguez&nbsp;<\/strong><\/div>\n<div>1er f\u00e9vrier 1850 &#8211; 4 f\u00e9vrier 1850&nbsp;<\/div>\n<div>&nbsp;<\/div>\n<div><strong>Doroteo Vasconcelos&nbsp;<\/strong><\/div>\n<div>4 f\u00e9vrier 1850 &#8211; 1er mars 1851&nbsp;<\/div>\n<div>&nbsp;<\/div>\n<div><strong>Jos\u00e9 F\u00e9lix Quiros&nbsp;<\/strong><\/div>\n<div>1er mars 1851 &#8211; 3 mai 1851&nbsp;<\/div>\n<div>&nbsp;<\/div>\n<div><strong>Francico Duenas<\/strong>&nbsp;<\/div>\n<div>13 mai 1851 &#8211; 30 janvier 1852&nbsp;<\/div>\n<div>&nbsp;<\/div>\n<div><strong>Jos\u00e9 Maria San Martin&nbsp;<\/strong><\/div>\n<div>30 janvier 1852 &#8211; 1er f\u00e9vrier 1852&nbsp;<\/div>\n<div>&nbsp;<\/div>\n<div><strong>Francisco Duenas&nbsp;<\/strong><\/div>\n<div>1er f\u00e9vrier 1852 &#8211; 1er f\u00e9vrier 1854&nbsp;<\/div>\n<div>&nbsp;<\/div>\n<div><strong>Vicente Gomez&nbsp;<\/strong><\/div>\n<div>1er f\u00e9vrier 1854 &#8211; 15 f\u00e9vrier 1854<\/div>\n<div>&nbsp;<\/div>\n<div><strong>Jos\u00e9 Maria San Martin&nbsp;<\/strong><\/div>\n<div>15 f\u00e9vrier 1854 &#8211; 1er f\u00e9vrier 1856<\/div>\n<div>&nbsp;<\/div>\n<div><strong>Francisco Duenas&nbsp;<\/strong><\/div>\n<div>1er f\u00e9vrier 1856 &#8211; 12 f\u00e9vrier 1856&nbsp;<\/div>\n<div>&nbsp;<\/div>\n<div><strong>Rafael Campo&nbsp;<\/strong><\/div>\n<div>12 f\u00e9vrier 1856 &#8211; 1er f\u00e9vrier 1858<\/div>\n<div>&nbsp;<\/div>\n<div><strong>Lorenzo Zepeda&nbsp;<\/strong><\/div>\n<div>1er f\u00e9vrier 1858 &#8211; 7 f\u00e9vrier 1858&nbsp;<\/div>\n<div>&nbsp;<\/div>\n<div><strong>Miguel Santin del Castillo&nbsp;<\/strong><\/div>\n<div>7 f\u00e9vrier 1858 &#8211; 24 janvier 1859<\/div>\n<div>&nbsp;<\/div>\n<div><strong>Joaquin Eufrasio Guzman&nbsp;<\/strong><\/div>\n<div>24 janvier 1859 &#8211; 15 f\u00e9vrier 1859&nbsp;<\/div>\n<div>&nbsp;<\/div>\n<div><strong>Jos\u00e9 Maria Peralta&nbsp;<\/strong><\/div>\n<div>15 f\u00e9vrier 1859 &#8211; 12 mars 1859&nbsp;<\/div>\n<div>&nbsp;<\/div>\n<div><strong>Gerardo Barrios&nbsp;<\/strong><\/div>\n<div>12 mars 1859 &#8211; 26 octobre 1863<\/div>\n<div>&nbsp;<\/div>\n<div><strong>Francisco Duenas&nbsp;<\/strong><\/div>\n<div>26 octobre 1863 &#8211; 15 avril 1871&nbsp;<\/div>\n<div>&nbsp;<\/div>\n<div><strong>Santiago Gonzalez&nbsp;<\/strong><\/div>\n<div>15 avril 1871 &#8211; 1er f\u00e9vrier 1876<\/div>\n<div>&nbsp;<\/div>\n<div><strong>Anfres del Valle&nbsp;<\/strong><\/div>\n<div>1er f\u00e9vrier 1876 &#8211; 1er mai 1876&nbsp;<\/div>\n<div>&nbsp;<\/div>\n<div><strong>Rafael Zaldivar&nbsp;<\/strong><\/div>\n<div>1er mai 1876 &#8211; 21 juin 1885<\/div>\n<div>&nbsp;<\/div>\n<div><strong>Francisco Menendez&nbsp;<\/strong><\/div>\n<div>21 juin 1885 &#8211; 22 juin 1890&nbsp;<\/div>\n<div>&nbsp;<\/div>\n<div><strong>Carlos Ezeta&nbsp;<\/strong><\/div>\n<div>22 juin 1890 &#8211; 9 juin 1894<\/div>\n<div>&nbsp;<\/div>\n<div><strong>Rafael Antonio Gutierrez<\/strong>&nbsp;<\/div>\n<div>9 juin 1894 &#8211; 13 novembre 1898&nbsp;<\/div>\n<div>&nbsp;<\/div>\n<div><strong>Tomas Regalado&nbsp;<\/strong><\/div>\n<div>13 novembre 1898 &#8211; 1er mars 1903<\/div>\n<div>&nbsp;<\/div>\n<div><strong>Pedro Jos\u00e9 Escalon<\/strong>&nbsp;<\/div>\n<div>1er mars 1903 &#8211; 1er mars 1907&nbsp;<\/div>\n<div>&nbsp;<\/div>\n<div><strong>Fernando Figueroa&nbsp;<\/strong><\/div>\n<div>1er mars 1907 &#8211; 1er mars 1911<\/div>\n<div>&nbsp;<\/div>\n<div><strong>Manuel Enrique Araujo&nbsp;<\/strong><\/div>\n<div>1er mars 1911 &#8211; 8 f\u00e9vrier 1913<\/div>\n<div>&nbsp;<\/div>\n<div><strong>Carlos Melendez&nbsp;<\/strong><\/div>\n<div>8 f\u00e9vrier 1913 &#8211; 29 ao\u00fbt 1914<\/div>\n<div>&nbsp;<\/div>\n<div><strong>Alfonso Quinonez Molina&nbsp;<\/strong><\/div>\n<div>29 ao\u00fbt 1914 &#8211; 1er mars 1915<\/div>\n<div>&nbsp;<\/div>\n<div><strong>Carlos Melendez&nbsp;<\/strong><\/div>\n<div>1er mars 1915 &#8211; 21 d\u00e9cembre 1918&nbsp;<\/div>\n<div>&nbsp;<\/div>\n<div><strong>Alfonso Quinonez Molina&nbsp;<\/strong><\/div>\n<div>21 d\u00e9cembre 1918 &#8211; 1er mars 1919&nbsp;<\/div>\n<div>&nbsp;<\/div>\n<div><strong>Jorge Melendez&nbsp;<\/strong><\/div>\n<div>1er mars 1919 &#8211; 1er mars 1923<\/div>\n<div>&nbsp;<\/div>\n<div><strong>Alfonso Quinonez Molina&nbsp;<\/strong><\/div>\n<div>1er mars 1923 &#8211; 1er mars 1927&nbsp;<\/div>\n<div>&nbsp;<\/div>\n<div><strong>Pio Romero Bosque&nbsp;<\/strong><\/div>\n<div>1er mars 1927 &#8211; 1er mars 1931<\/div>\n<div>&nbsp;<\/div>\n<div><strong>Arturo Araujo&nbsp;<\/strong><\/div>\n<div>1er mars 1931 &#8211; 2 d\u00e9cembre 1931&nbsp;<\/div>\n<div>&nbsp;<\/div>\n<div><strong>Maximiliano Hernandez Martinez<\/strong>&nbsp;<\/div>\n<div>4 d\u00e9cembre 1931 &#8211; 28 ao\u00fbt 1934<\/div>\n<div>&nbsp;<\/div>\n<div><strong>Andres Ignacio Menendez&nbsp;<\/strong><\/div>\n<div>28 ao\u00fbt 1934 &#8211; 1er mars 1935&nbsp;<\/div>\n<div>&nbsp;<\/div>\n<div><strong>Maximiliano Hernandez Martinez&nbsp;<\/strong><\/div>\n<div>1er mars 1935 &#8211; 9 mai 1944<\/div>\n<div>&nbsp;<\/div>\n<div><strong>Andres Ignacio Menendez&nbsp;<\/strong><\/div>\n<div>9 mai 1944 &#8211; 20 octobre 1944&nbsp;<\/div>\n<div>&nbsp;<\/div>\n<div><strong>Osmin Aguirre y Salinas&nbsp;<\/strong><\/div>\n<div>21 octobre 1944 &#8211; 1er mars 1945<\/div>\n<div>&nbsp;<\/div>\n<div><strong>Salvador Castanedas Castro&nbsp;<\/strong><\/div>\n<div>1er mars 1945 &#8211; 14 d\u00e9cembre 1948&nbsp;<\/div>\n<div>&nbsp;<\/div>\n<div><strong>gouvernement du conseil r\u00e9volutionnaire&nbsp;<\/strong><\/div>\n<div>15 d\u00e9cembre 1948 &#8211; 14 septembre 1950&nbsp;<\/div>\n<div>&nbsp;<\/div>\n<div><strong>Oscar Osorio&nbsp;<\/strong><\/div>\n<div>14 septembre 1950 &#8211; 14 septembre 1956<\/div>\n<div>&nbsp;<\/div>\n<div><strong>Jos\u00e9 Maria Lemus&nbsp;<\/strong><\/div>\n<div>14 septembre 1956 &#8211; 26 octobre 1960&nbsp;<\/div>\n<div>&nbsp;<\/div>\n<div><strong>junte&nbsp;<\/strong><\/div>\n<div>26 octobre 1960 &#8211; 25 janvier 1961&nbsp;<\/div>\n<div>&nbsp;<\/div>\n<div><strong>directoire civil-militaire&nbsp;<\/strong><\/div>\n<div>25 janvier 1961 &#8211; 25 janvier 1962&nbsp;<\/div>\n<div>&nbsp;<\/div>\n<div><strong>Eusebio Rodolfo Cardon Cea&nbsp;<\/strong><\/div>\n<div>25 janvier 1962 &#8211; 1er juillet 1962&nbsp;<\/div>\n<div>&nbsp;<\/div>\n<div><strong>Colonel Julio Rivera Carballo<\/strong><\/div>\n<div>1er juillet 1962 &#8211; 1er juillet 1967&nbsp;<\/div>\n<div>&nbsp;<\/div>\n<div><strong>G\u00e9n\u00e9ral Fidel Sanchez Hernandez&nbsp;<\/strong><\/div>\n<div>1er juillet 1967 &#8211; 1er juillet 1972&nbsp;<\/div>\n<div>&nbsp;<\/div>\n<div><strong>Colonel Arturo Molina Barraza&nbsp;<\/strong><\/div>\n<div>1er juillet 1972 &#8211; 1er juillet 1977&nbsp;<\/div>\n<div>&nbsp;<\/div>\n<div><strong>G\u00e9n\u00e9ral Carlos Romero Mena<\/strong><\/div>\n<div>1er juillet 1977 &#8211; 15 octobre 1979&nbsp;<\/div>\n<div>&nbsp;<\/div>\n<div><strong>Adolfo Majano-Ramos et Jaime Gutierrez&nbsp;<\/strong><\/div>\n<div>15 octobre 1979 &#8211; 13 d\u00e9cembre 1980&nbsp;<\/div>\n<div>&nbsp;<\/div>\n<div><strong>Jos\u00e9 Napol\u00e9on Duarte-Fuentes&nbsp;<\/strong><\/div>\n<div>13 d\u00e9cembre 1980 &#8211; 1er mai 1982&nbsp;<\/div>\n<div>&nbsp;<\/div>\n<div><strong>Alvaro Maga\u00f1a-Borjo&nbsp;<\/strong><\/div>\n<div>1er mai 1982 &#8211; 6 mai 1984&nbsp;<\/div>\n<div>&nbsp;<\/div>\n<div><strong>Jos\u00e9 Napol\u00e9on Duarte-Fuentes&nbsp;<\/strong><\/div>\n<div>6 mai 1984 &#8211; 1er juin 1989&nbsp;<\/div>\n<div>&nbsp;<\/div>\n<div><strong>Alfredo Cristiani-Burkard&nbsp;<\/strong><\/div>\n<div>1er juin 1989 &#8211; 1er juin 1994&nbsp;<\/div>\n<div>&nbsp;<\/div>\n<div><strong>Armando Calder\u00f3n Sol&nbsp;<\/strong><\/div>\n<div>1er juin 1994 &#8211; 1er juin 1999&nbsp;<\/div>\n<div>&nbsp;<\/div>\n<div><strong>Francisco Guillermo Flores P\u00e9rez&nbsp;<\/strong><\/div>\n<div>1er juin 1999 &#8211; 1er juin 2004&nbsp;<\/div>\n<div>&nbsp;<\/div>\n<div><strong>El\u00edas Antonio Saca Gonz\u00e1lez&nbsp;<\/strong><\/div>\n<div>1er juin 2004 &#8211; 2009&nbsp;<\/div>\n<div>&nbsp;<\/div>\n<div><strong>Mauricio Funes<\/strong><\/div>\n<div>1er juin 2009 &#8211; 1er juin 2014<\/div>\n<div>&nbsp;<\/div>\n<div><strong>Salvador Sanchez Cer\u00e9n<\/strong><\/div>\n<p>Depuis le 1er juin 2014<\/p>\n","protected":false},"excerpt":{"rendered":"<p>Liste des pr\u00e9sidents du Salvador :&nbsp; Juan Lindo 22 f\u00e9vrier 1841 &#8211; 1er f\u00e9vrier 1842&nbsp; &nbsp; Jos\u00e9 Escolastico Marin&nbsp; 1er [&hellip;]<\/p>\n","protected":false},"author":3,"featured_media":0,"parent":2318,"menu_order":0,"comment_status":"closed","ping_status":"closed","template":"","meta":{"site-sidebar-layout":"default","site-content-layout":"","ast-site-content-layout":"default","site-content-style":"default","site-sidebar-style":"default","ast-global-header-display":"","ast-banner-title-visibility":"","ast-main-header-display":"","ast-hfb-above-header-display":"","ast-hfb-below-header-display":"","ast-hfb-mobile-header-display":"","site-post-title":"","ast-breadcrumbs-content":"","ast-featured-img":"","footer-sml-layout":"","ast-disable-related-posts":"","theme-transparent-header-meta":"","adv-header-id-meta":"","stick-header-meta":"","header-above-stick-meta":"","header-main-stick-meta":"","header-below-stick-meta":"","astra-migrate-meta-layouts":"default","ast-page-background-enabled":"default","ast-page-background-meta":{"desktop":{"background-color":"var(--ast-global-color-5)","background-image":"","background-repeat":"repeat","background-position":"center center","background-size":"auto","background-attachment":"scroll","background-type":"","background-media":"","overlay-type":"","overlay-color":"","overlay-opacity":"","overlay-gradient":""},"tablet":{"background-color":"","background-image":"","background-repeat":"repeat","background-position":"center center","background-size":"auto","background-attachment":"scroll","background-type":"","background-media":"","overlay-type":"","overlay-color":"","overlay-opacity":"","overlay-gradient":""},"mobile":{"background-color":"","background-image":"","background-repeat":"repeat","background-position":"center center","background-size":"auto","background-attachment":"scroll","background-type":"","background-media":"","overlay-type":"","overlay-color":"","overlay-opacity":"","overlay-gradient":""}},"ast-content-background-meta":{"desktop":{"background-color":"var(--ast-global-color-4)","background-image":"","background-repeat":"repeat","background-position":"center center","background-size":"auto","background-attachment":"scroll","background-type":"","background-media":"","overlay-type":"","overlay-color":"","overlay-opacity":"","overlay-gradient":""},"tablet":{"background-color":"var(--ast-global-color-4)","background-image":"","background-repeat":"repeat","background-position":"center center","background-size":"auto","background-attachment":"scroll","background-type":"","background-media":"","overlay-type":"","overlay-color":"","overlay-opacity":"","overlay-gradient":""},"mobile":{"background-color":"var(--ast-global-color-4)","background-image":"","background-repeat":"repeat","background-position":"center center","background-size":"auto","background-attachment":"scroll","background-type":"","background-media":"","overlay-type":"","overlay-color":"","overlay-opacity":"","overlay-gradient":""}},"footnotes":""},"class_list":["post-1901","page","type-page","status-publish","hentry"],"yoast_head":"<!-- This site is optimized with the Yoast SEO plugin v27.5 - https:\/\/yoast.com\/product\/yoast-seo-wordpress\/ -->\n<title>les PRESIDENTS du SALVADOR - Abc-latina<\/title>\n<meta name=\"description\" content=\"Les pr\u00e9sidents du Salvador.\" \/>\n<meta name=\"robots\" content=\"index, follow, max-snippet:-1, max-image-preview:large, max-video-preview:-1\" \/>\n<link rel=\"canonical\" href=\"https:\/\/abc-latina.com\/salvador\/presidents_el_salvador\/\" \/>\n<meta property=\"og:locale\" content=\"fr_FR\" \/>\n<meta property=\"og:type\" content=\"article\" \/>\n<meta property=\"og:title\" content=\"les PRESIDENTS du SALVADOR - Abc-latina\" \/>\n<meta property=\"og:description\" content=\"Les pr\u00e9sidents du Salvador.\" \/>\n<meta property=\"og:url\" content=\"https:\/\/abc-latina.com\/salvador\/presidents_el_salvador\/\" \/>\n<meta property=\"og:site_name\" content=\"Abc-latina\" \/>\n<meta property=\"article:modified_time\" content=\"2018-06-10T14:08:26+00:00\" \/>\n<meta name=\"twitter:card\" content=\"summary_large_image\" \/>\n<meta name=\"twitter:label1\" content=\"Dur\u00e9e de lecture estim\u00e9e\" \/>\n\t<meta name=\"twitter:data1\" content=\"4 minutes\" \/>\n<script type=\"application\/ld+json\" class=\"yoast-schema-graph\">{\"@context\":\"https:\\\/\\\/schema.org\",\"@graph\":[{\"@type\":\"WebPage\",\"@id\":\"https:\\\/\\\/abc-latina.com\\\/salvador\\\/presidents_el_salvador\\\/\",\"url\":\"https:\\\/\\\/abc-latina.com\\\/salvador\\\/presidents_el_salvador\\\/\",\"name\":\"les PRESIDENTS du SALVADOR - Abc-latina\",\"isPartOf\":{\"@id\":\"https:\\\/\\\/abc-latina.com\\\/#website\"},\"datePublished\":\"2010-07-31T03:00:00+00:00\",\"dateModified\":\"2018-06-10T14:08:26+00:00\",\"description\":\"Les pr\u00e9sidents du Salvador.\",\"breadcrumb\":{\"@id\":\"https:\\\/\\\/abc-latina.com\\\/salvador\\\/presidents_el_salvador\\\/#breadcrumb\"},\"inLanguage\":\"fr-FR\",\"potentialAction\":[{\"@type\":\"ReadAction\",\"target\":[\"https:\\\/\\\/abc-latina.com\\\/salvador\\\/presidents_el_salvador\\\/\"]}]},{\"@type\":\"BreadcrumbList\",\"@id\":\"https:\\\/\\\/abc-latina.com\\\/salvador\\\/presidents_el_salvador\\\/#breadcrumb\",\"itemListElement\":[{\"@type\":\"ListItem\",\"position\":1,\"name\":\"Accueil\",\"item\":\"https:\\\/\\\/abc-latina.com\\\/\"},{\"@type\":\"ListItem\",\"position\":2,\"name\":\"les PRESIDENTS du SALVADOR\"}]},{\"@type\":\"WebSite\",\"@id\":\"https:\\\/\\\/abc-latina.com\\\/#website\",\"url\":\"https:\\\/\\\/abc-latina.com\\\/\",\"name\":\"Abc-latina\",\"description\":\"\",\"publisher\":{\"@id\":\"https:\\\/\\\/abc-latina.com\\\/#organization\"},\"potentialAction\":[{\"@type\":\"SearchAction\",\"target\":{\"@type\":\"EntryPoint\",\"urlTemplate\":\"https:\\\/\\\/abc-latina.com\\\/?s={search_term_string}\"},\"query-input\":{\"@type\":\"PropertyValueSpecification\",\"valueRequired\":true,\"valueName\":\"search_term_string\"}}],\"inLanguage\":\"fr-FR\"},{\"@type\":\"Organization\",\"@id\":\"https:\\\/\\\/abc-latina.com\\\/#organization\",\"name\":\"Abc-latina\",\"url\":\"https:\\\/\\\/abc-latina.com\\\/\",\"logo\":{\"@type\":\"ImageObject\",\"inLanguage\":\"fr-FR\",\"@id\":\"https:\\\/\\\/abc-latina.com\\\/#\\\/schema\\\/logo\\\/image\\\/\",\"url\":\"https:\\\/\\\/abc-latina.com\\\/wp-content\\\/uploads\\\/2026\\\/05\\\/cropped-logo.gif\",\"contentUrl\":\"https:\\\/\\\/abc-latina.com\\\/wp-content\\\/uploads\\\/2026\\\/05\\\/cropped-logo.gif\",\"width\":89,\"height\":84,\"caption\":\"Abc-latina\"},\"image\":{\"@id\":\"https:\\\/\\\/abc-latina.com\\\/#\\\/schema\\\/logo\\\/image\\\/\"}}]}<\/script>\n<!-- \/ Yoast SEO plugin. -->","yoast_head_json":{"title":"les PRESIDENTS du SALVADOR - Abc-latina","description":"Les pr\u00e9sidents du Salvador.","robots":{"index":"index","follow":"follow","max-snippet":"max-snippet:-1","max-image-preview":"max-image-preview:large","max-video-preview":"max-video-preview:-1"},"canonical":"https:\/\/abc-latina.com\/salvador\/presidents_el_salvador\/","og_locale":"fr_FR","og_type":"article","og_title":"les PRESIDENTS du SALVADOR - Abc-latina","og_description":"Les pr\u00e9sidents du Salvador.","og_url":"https:\/\/abc-latina.com\/salvador\/presidents_el_salvador\/","og_site_name":"Abc-latina","article_modified_time":"2018-06-10T14:08:26+00:00","twitter_card":"summary_large_image","twitter_misc":{"Dur\u00e9e de lecture estim\u00e9e":"4 minutes"},"schema":{"@context":"https:\/\/schema.org","@graph":[{"@type":"WebPage","@id":"https:\/\/abc-latina.com\/salvador\/presidents_el_salvador\/","url":"https:\/\/abc-latina.com\/salvador\/presidents_el_salvador\/","name":"les PRESIDENTS du SALVADOR - Abc-latina","isPartOf":{"@id":"https:\/\/abc-latina.com\/#website"},"datePublished":"2010-07-31T03:00:00+00:00","dateModified":"2018-06-10T14:08:26+00:00","description":"Les pr\u00e9sidents du Salvador.","breadcrumb":{"@id":"https:\/\/abc-latina.com\/salvador\/presidents_el_salvador\/#breadcrumb"},"inLanguage":"fr-FR","potentialAction":[{"@type":"ReadAction","target":["https:\/\/abc-latina.com\/salvador\/presidents_el_salvador\/"]}]},{"@type":"BreadcrumbList","@id":"https:\/\/abc-latina.com\/salvador\/presidents_el_salvador\/#breadcrumb","itemListElement":[{"@type":"ListItem","position":1,"name":"Accueil","item":"https:\/\/abc-latina.com\/"},{"@type":"ListItem","position":2,"name":"les PRESIDENTS du SALVADOR"}]},{"@type":"WebSite","@id":"https:\/\/abc-latina.com\/#website","url":"https:\/\/abc-latina.com\/","name":"Abc-latina","description":"","publisher":{"@id":"https:\/\/abc-latina.com\/#organization"},"potentialAction":[{"@type":"SearchAction","target":{"@type":"EntryPoint","urlTemplate":"https:\/\/abc-latina.com\/?s={search_term_string}"},"query-input":{"@type":"PropertyValueSpecification","valueRequired":true,"valueName":"search_term_string"}}],"inLanguage":"fr-FR"},{"@type":"Organization","@id":"https:\/\/abc-latina.com\/#organization","name":"Abc-latina","url":"https:\/\/abc-latina.com\/","logo":{"@type":"ImageObject","inLanguage":"fr-FR","@id":"https:\/\/abc-latina.com\/#\/schema\/logo\/image\/","url":"https:\/\/abc-latina.com\/wp-content\/uploads\/2026\/05\/cropped-logo.gif","contentUrl":"https:\/\/abc-latina.com\/wp-content\/uploads\/2026\/05\/cropped-logo.gif","width":89,"height":84,"caption":"Abc-latina"},"image":{"@id":"https:\/\/abc-latina.com\/#\/schema\/logo\/image\/"}}]}},"_links":{"self":[{"href":"https:\/\/abc-latina.com\/wp-json\/wp\/v2\/pages\/1901","targetHints":{"allow":["GET"]}}],"collection":[{"href":"https:\/\/abc-latina.com\/wp-json\/wp\/v2\/pages"}],"about":[{"href":"https:\/\/abc-latina.com\/wp-json\/wp\/v2\/types\/page"}],"author":[{"embeddable":true,"href":"https:\/\/abc-latina.com\/wp-json\/wp\/v2\/users\/3"}],"replies":[{"embeddable":true,"href":"https:\/\/abc-latina.com\/wp-json\/wp\/v2\/comments?post=1901"}],"version-history":[{"count":0,"href":"https:\/\/abc-latina.com\/wp-json\/wp\/v2\/pages\/1901\/revisions"}],"up":[{"embeddable":true,"href":"https:\/\/abc-latina.com\/wp-json\/wp\/v2\/pages\/2318"}],"wp:attachment":[{"href":"https:\/\/abc-latina.com\/wp-json\/wp\/v2\/media?parent=1901"}],"curies":[{"name":"wp","href":"https:\/\/api.w.org\/{rel}","templated":true}]}}