{"id":1904,"date":"2010-07-31T19:30:49","date_gmt":"2010-07-31T17:30:49","guid":{"rendered":"http:\/\/abc-latina.com\/tour_operateur-htm-6\/"},"modified":"2026-04-30T18:25:01","modified_gmt":"2026-04-30T16:25:01","slug":"tour_operateur","status":"publish","type":"page","link":"https:\/\/abc-latina.com\/costarica\/tour_operateur\/","title":{"rendered":"TOUR OPERATEURS COSTA RICA"},"content":{"rendered":"<p><span style=\"font-family: Arial; \"><span style=\"font-size: smaller; \">&nbsp;<\/span><\/span><\/p>\n<table width=\"498\" cellspacing=\"1\" bgcolor=\"#666666\" align=\"center\">\n<tbody>\n<tr>\n<td valign=\"middle\" height=\"17\" bgcolor=\"#FFFFFF\" align=\"center\">\n<table width=\"496\" cellspacing=\"0\" border=\"0\">\n<tbody>\n<tr>\n<td width=\"149\"><span style=\"font-family: Arial; \"><span style=\"font-size: smaller; \">&nbsp;<\/span><\/span><a href=\"https:\/\/www.papayatours.fr\/costa-rica\/voyages\/\" target=\"_blank\"><span style=\"font-family: Arial; \"><span style=\"font-size: smaller; \"><img loading=\"lazy\" decoding=\"async\" class=\" size-full wp-image-139\" src=\"http:\/\/abc-latina.com\/wp-content\/uploads\/2010\/06\/papaya-tour.jpg\" alt=\"PAPAYA TOURS\" width=\"120\" height=\"30\" \/><\/span><\/span><\/a><\/td>\n<td width=\"337\">\n<p align=\"justify\"><span style=\"font-family: Arial; \"><span style=\"font-size: smaller; \"><font color=\"#666666\"><font color=\"#666666\"><font color=\"#0033CC\"><b><font color=\"#000000\"><font color=\"#666666\"><font color=\"#0033CC\"><b><font color=\"#000000\"><font color=\"#0000FF\"><font color=\"#666666\">PAPAYA TOURS<\/font><\/font><\/font><\/b><\/font><\/font><\/font><\/b><br \/><\/font><\/font><font color=\"#666666\"><font color=\"#666666\"><font color=\"#0033CC\"><font color=\"#000000\">Sp\u00e9cialiste de l&rsquo;Am\u00e9rique Latine, Papaya Tours propose des voyages \u00e9coresponsables sur mesure et en petit groupe au c\u0153ur de la nature et culture du Costa Rica. Entre plages du Pacifique et parc national du Corcovado, partez \u00e0 la d\u00e9couverte d&rsquo;un v\u00e9ritable paradis naturel.&nbsp;<\/font><\/font><\/font><\/font><\/font><\/span><\/span><\/p>\n<\/td>\n<\/tr>\n<\/tbody>\n<\/table>\n<\/td>\n<\/tr>\n<\/tbody>\n<\/table>\n<p><span style=\"font-family: Arial; \"><span style=\"font-size: smaller; \">&nbsp;<\/span><\/span><\/p>\n<p style=\"text-align: center;\"><\/p>\n<table width=\"498\" height=\"100\" cellspacing=\"1\" bgcolor=\"#666666\" align=\"center\">\n<tbody>\n<tr>\n<td valign=\"middle\" height=\"17\" bgcolor=\"#FFFFFF\" align=\"center\">\n<table width=\"496\" cellspacing=\"0\" cellpadding=\"0\">\n<tbody>\n<tr>\n<td width=\"158\"><a target=\"_blank\" href=\"https:\/\/www.altiplano-voyage.com\/amerique-latine\/costa-rica\/?utm_source=Abc-latina&amp;utm_medium=liens&amp;utm_term=touroperateur-costa-rica\"><img loading=\"lazy\" decoding=\"async\" class=\" size-full wp-image-138\" src=\"http:\/\/abc-latina.com\/wp-content\/uploads\/2010\/06\/logoAltiplano2017.gif\" alt=\"\" width=\"120\" height=\"110\" \/><\/a><\/td>\n<td><span style=\"font-family: Arial;\"><span style=\"color: rgb(128, 128, 128);\"><span style=\"font-size: larger;\"><strong>ALTIPLANO<\/strong><\/span><\/span><\/span><span style=\"font-family: Arial, Helvetica, sans-serif; font-size: x-small;\"><br \/> <\/span><span style=\"font-size: smaller;\"><span style=\"font-family: Arial;\">Altiplano est un sp\u00e9cialiste des voyages en Am\u00e9rique du Sud et Centrale. S\u00e9verine organise votre circuit au Costa Rica. Amoureuse du Costa Rica, elle saura vous faire d\u00e9couvrir avec passion cette destination 100% nature.<\/span><\/span><\/td>\n<\/tr>\n<\/tbody>\n<\/table>\n<\/td>\n<\/tr>\n<\/tbody>\n<\/table>\n","protected":false},"excerpt":{"rendered":"<p>&nbsp; &nbsp; PAPAYA TOURSSp\u00e9cialiste de l&rsquo;Am\u00e9rique Latine, Papaya Tours propose des voyages \u00e9coresponsables sur mesure et en petit groupe au [&hellip;]<\/p>\n","protected":false},"author":3,"featured_media":139,"parent":2300,"menu_order":0,"comment_status":"closed","ping_status":"closed","template":"","meta":{"site-sidebar-layout":"default","site-content-layout":"","ast-site-content-layout":"default","site-content-style":"default","site-sidebar-style":"default","ast-global-header-display":"","ast-banner-title-visibility":"","ast-main-header-display":"","ast-hfb-above-header-display":"","ast-hfb-below-header-display":"","ast-hfb-mobile-header-display":"","site-post-title":"","ast-breadcrumbs-content":"","ast-featured-img":"","footer-sml-layout":"","ast-disable-related-posts":"","theme-transparent-header-meta":"","adv-header-id-meta":"","stick-header-meta":"","header-above-stick-meta":"","header-main-stick-meta":"","header-below-stick-meta":"","astra-migrate-meta-layouts":"default","ast-page-background-enabled":"default","ast-page-background-meta":{"desktop":{"background-color":"var(--ast-global-color-5)","background-image":"","background-repeat":"repeat","background-position":"center center","background-size":"auto","background-attachment":"scroll","background-type":"","background-media":"","overlay-type":"","overlay-color":"","overlay-opacity":"","overlay-gradient":""},"tablet":{"background-color":"","background-image":"","background-repeat":"repeat","background-position":"center center","background-size":"auto","background-attachment":"scroll","background-type":"","background-media":"","overlay-type":"","overlay-color":"","overlay-opacity":"","overlay-gradient":""},"mobile":{"background-color":"","background-image":"","background-repeat":"repeat","background-position":"center center","background-size":"auto","background-attachment":"scroll","background-type":"","background-media":"","overlay-type":"","overlay-color":"","overlay-opacity":"","overlay-gradient":""}},"ast-content-background-meta":{"desktop":{"background-color":"var(--ast-global-color-4)","background-image":"","background-repeat":"repeat","background-position":"center center","background-size":"auto","background-attachment":"scroll","background-type":"","background-media":"","overlay-type":"","overlay-color":"","overlay-opacity":"","overlay-gradient":""},"tablet":{"background-color":"var(--ast-global-color-4)","background-image":"","background-repeat":"repeat","background-position":"center center","background-size":"auto","background-attachment":"scroll","background-type":"","background-media":"","overlay-type":"","overlay-color":"","overlay-opacity":"","overlay-gradient":""},"mobile":{"background-color":"var(--ast-global-color-4)","background-image":"","background-repeat":"repeat","background-position":"center center","background-size":"auto","background-attachment":"scroll","background-type":"","background-media":"","overlay-type":"","overlay-color":"","overlay-opacity":"","overlay-gradient":""}},"footnotes":""},"class_list":["post-1904","page","type-page","status-publish","has-post-thumbnail","hentry"],"yoast_head":"<!-- This site is optimized with the Yoast SEO plugin v27.5 - https:\/\/yoast.com\/product\/yoast-seo-wordpress\/ -->\n<title>TOUR OPERATEURS COSTA RICA - Abc-latina<\/title>\n<meta name=\"description\" content=\"Tour-op\u00e9rateurs pour voyager au Costa Rica. De vrais pro du pays pour pr\u00e9parer: Exp\u00e9ditions, circuits touristique, Aventures ...\" \/>\n<meta name=\"robots\" content=\"index, follow, max-snippet:-1, max-image-preview:large, max-video-preview:-1\" \/>\n<link rel=\"canonical\" href=\"https:\/\/abc-latina.com\/costarica\/tour_operateur\/\" \/>\n<meta property=\"og:locale\" content=\"fr_FR\" \/>\n<meta property=\"og:type\" content=\"article\" \/>\n<meta property=\"og:title\" content=\"TOUR OPERATEURS COSTA RICA - Abc-latina\" \/>\n<meta property=\"og:description\" content=\"Tour-op\u00e9rateurs pour voyager au Costa Rica. De vrais pro du pays pour pr\u00e9parer: Exp\u00e9ditions, circuits touristique, Aventures ...\" \/>\n<meta property=\"og:url\" content=\"https:\/\/abc-latina.com\/costarica\/tour_operateur\/\" \/>\n<meta property=\"og:site_name\" content=\"Abc-latina\" \/>\n<meta property=\"article:modified_time\" content=\"2026-04-30T16:25:01+00:00\" \/>\n<meta property=\"og:image\" content=\"https:\/\/abc-latina.com\/wp-content\/uploads\/2010\/06\/papaya-tour.jpg\" \/>\n\t<meta property=\"og:image:width\" content=\"120\" \/>\n\t<meta property=\"og:image:height\" content=\"30\" \/>\n\t<meta property=\"og:image:type\" content=\"image\/jpeg\" \/>\n<meta name=\"twitter:card\" content=\"summary_large_image\" \/>\n<script type=\"application\/ld+json\" class=\"yoast-schema-graph\">{\"@context\":\"https:\\\/\\\/schema.org\",\"@graph\":[{\"@type\":\"WebPage\",\"@id\":\"https:\\\/\\\/abc-latina.com\\\/costarica\\\/tour_operateur\\\/\",\"url\":\"https:\\\/\\\/abc-latina.com\\\/costarica\\\/tour_operateur\\\/\",\"name\":\"TOUR OPERATEURS COSTA RICA - Abc-latina\",\"isPartOf\":{\"@id\":\"https:\\\/\\\/abc-latina.com\\\/#website\"},\"primaryImageOfPage\":{\"@id\":\"https:\\\/\\\/abc-latina.com\\\/costarica\\\/tour_operateur\\\/#primaryimage\"},\"image\":{\"@id\":\"https:\\\/\\\/abc-latina.com\\\/costarica\\\/tour_operateur\\\/#primaryimage\"},\"thumbnailUrl\":\"https:\\\/\\\/abc-latina.com\\\/wp-content\\\/uploads\\\/2010\\\/06\\\/papaya-tour.jpg\",\"datePublished\":\"2010-07-31T17:30:49+00:00\",\"dateModified\":\"2026-04-30T16:25:01+00:00\",\"description\":\"Tour-op\u00e9rateurs pour voyager au Costa Rica. De vrais pro du pays pour pr\u00e9parer: Exp\u00e9ditions, circuits touristique, Aventures ...\",\"breadcrumb\":{\"@id\":\"https:\\\/\\\/abc-latina.com\\\/costarica\\\/tour_operateur\\\/#breadcrumb\"},\"inLanguage\":\"fr-FR\",\"potentialAction\":[{\"@type\":\"ReadAction\",\"target\":[\"https:\\\/\\\/abc-latina.com\\\/costarica\\\/tour_operateur\\\/\"]}]},{\"@type\":\"ImageObject\",\"inLanguage\":\"fr-FR\",\"@id\":\"https:\\\/\\\/abc-latina.com\\\/costarica\\\/tour_operateur\\\/#primaryimage\",\"url\":\"https:\\\/\\\/abc-latina.com\\\/wp-content\\\/uploads\\\/2010\\\/06\\\/papaya-tour.jpg\",\"contentUrl\":\"https:\\\/\\\/abc-latina.com\\\/wp-content\\\/uploads\\\/2010\\\/06\\\/papaya-tour.jpg\",\"width\":120,\"height\":30,\"caption\":\"PAPAYA TOURS\"},{\"@type\":\"BreadcrumbList\",\"@id\":\"https:\\\/\\\/abc-latina.com\\\/costarica\\\/tour_operateur\\\/#breadcrumb\",\"itemListElement\":[{\"@type\":\"ListItem\",\"position\":1,\"name\":\"Accueil\",\"item\":\"https:\\\/\\\/abc-latina.com\\\/\"},{\"@type\":\"ListItem\",\"position\":2,\"name\":\"TOUR OPERATEURS COSTA RICA\"}]},{\"@type\":\"WebSite\",\"@id\":\"https:\\\/\\\/abc-latina.com\\\/#website\",\"url\":\"https:\\\/\\\/abc-latina.com\\\/\",\"name\":\"Abc-latina\",\"description\":\"\",\"publisher\":{\"@id\":\"https:\\\/\\\/abc-latina.com\\\/#organization\"},\"potentialAction\":[{\"@type\":\"SearchAction\",\"target\":{\"@type\":\"EntryPoint\",\"urlTemplate\":\"https:\\\/\\\/abc-latina.com\\\/?s={search_term_string}\"},\"query-input\":{\"@type\":\"PropertyValueSpecification\",\"valueRequired\":true,\"valueName\":\"search_term_string\"}}],\"inLanguage\":\"fr-FR\"},{\"@type\":\"Organization\",\"@id\":\"https:\\\/\\\/abc-latina.com\\\/#organization\",\"name\":\"Abc-latina\",\"url\":\"https:\\\/\\\/abc-latina.com\\\/\",\"logo\":{\"@type\":\"ImageObject\",\"inLanguage\":\"fr-FR\",\"@id\":\"https:\\\/\\\/abc-latina.com\\\/#\\\/schema\\\/logo\\\/image\\\/\",\"url\":\"https:\\\/\\\/abc-latina.com\\\/wp-content\\\/uploads\\\/2026\\\/05\\\/cropped-logo.gif\",\"contentUrl\":\"https:\\\/\\\/abc-latina.com\\\/wp-content\\\/uploads\\\/2026\\\/05\\\/cropped-logo.gif\",\"width\":89,\"height\":84,\"caption\":\"Abc-latina\"},\"image\":{\"@id\":\"https:\\\/\\\/abc-latina.com\\\/#\\\/schema\\\/logo\\\/image\\\/\"}}]}<\/script>\n<!-- \/ Yoast SEO plugin. -->","yoast_head_json":{"title":"TOUR OPERATEURS COSTA RICA - Abc-latina","description":"Tour-op\u00e9rateurs pour voyager au Costa Rica. De vrais pro du pays pour pr\u00e9parer: Exp\u00e9ditions, circuits touristique, Aventures ...","robots":{"index":"index","follow":"follow","max-snippet":"max-snippet:-1","max-image-preview":"max-image-preview:large","max-video-preview":"max-video-preview:-1"},"canonical":"https:\/\/abc-latina.com\/costarica\/tour_operateur\/","og_locale":"fr_FR","og_type":"article","og_title":"TOUR OPERATEURS COSTA RICA - Abc-latina","og_description":"Tour-op\u00e9rateurs pour voyager au Costa Rica. De vrais pro du pays pour pr\u00e9parer: Exp\u00e9ditions, circuits touristique, Aventures ...","og_url":"https:\/\/abc-latina.com\/costarica\/tour_operateur\/","og_site_name":"Abc-latina","article_modified_time":"2026-04-30T16:25:01+00:00","og_image":[{"width":120,"height":30,"url":"https:\/\/abc-latina.com\/wp-content\/uploads\/2010\/06\/papaya-tour.jpg","type":"image\/jpeg"}],"twitter_card":"summary_large_image","schema":{"@context":"https:\/\/schema.org","@graph":[{"@type":"WebPage","@id":"https:\/\/abc-latina.com\/costarica\/tour_operateur\/","url":"https:\/\/abc-latina.com\/costarica\/tour_operateur\/","name":"TOUR OPERATEURS COSTA RICA - Abc-latina","isPartOf":{"@id":"https:\/\/abc-latina.com\/#website"},"primaryImageOfPage":{"@id":"https:\/\/abc-latina.com\/costarica\/tour_operateur\/#primaryimage"},"image":{"@id":"https:\/\/abc-latina.com\/costarica\/tour_operateur\/#primaryimage"},"thumbnailUrl":"https:\/\/abc-latina.com\/wp-content\/uploads\/2010\/06\/papaya-tour.jpg","datePublished":"2010-07-31T17:30:49+00:00","dateModified":"2026-04-30T16:25:01+00:00","description":"Tour-op\u00e9rateurs pour voyager au Costa Rica. De vrais pro du pays pour pr\u00e9parer: Exp\u00e9ditions, circuits touristique, Aventures ...","breadcrumb":{"@id":"https:\/\/abc-latina.com\/costarica\/tour_operateur\/#breadcrumb"},"inLanguage":"fr-FR","potentialAction":[{"@type":"ReadAction","target":["https:\/\/abc-latina.com\/costarica\/tour_operateur\/"]}]},{"@type":"ImageObject","inLanguage":"fr-FR","@id":"https:\/\/abc-latina.com\/costarica\/tour_operateur\/#primaryimage","url":"https:\/\/abc-latina.com\/wp-content\/uploads\/2010\/06\/papaya-tour.jpg","contentUrl":"https:\/\/abc-latina.com\/wp-content\/uploads\/2010\/06\/papaya-tour.jpg","width":120,"height":30,"caption":"PAPAYA TOURS"},{"@type":"BreadcrumbList","@id":"https:\/\/abc-latina.com\/costarica\/tour_operateur\/#breadcrumb","itemListElement":[{"@type":"ListItem","position":1,"name":"Accueil","item":"https:\/\/abc-latina.com\/"},{"@type":"ListItem","position":2,"name":"TOUR OPERATEURS COSTA RICA"}]},{"@type":"WebSite","@id":"https:\/\/abc-latina.com\/#website","url":"https:\/\/abc-latina.com\/","name":"Abc-latina","description":"","publisher":{"@id":"https:\/\/abc-latina.com\/#organization"},"potentialAction":[{"@type":"SearchAction","target":{"@type":"EntryPoint","urlTemplate":"https:\/\/abc-latina.com\/?s={search_term_string}"},"query-input":{"@type":"PropertyValueSpecification","valueRequired":true,"valueName":"search_term_string"}}],"inLanguage":"fr-FR"},{"@type":"Organization","@id":"https:\/\/abc-latina.com\/#organization","name":"Abc-latina","url":"https:\/\/abc-latina.com\/","logo":{"@type":"ImageObject","inLanguage":"fr-FR","@id":"https:\/\/abc-latina.com\/#\/schema\/logo\/image\/","url":"https:\/\/abc-latina.com\/wp-content\/uploads\/2026\/05\/cropped-logo.gif","contentUrl":"https:\/\/abc-latina.com\/wp-content\/uploads\/2026\/05\/cropped-logo.gif","width":89,"height":84,"caption":"Abc-latina"},"image":{"@id":"https:\/\/abc-latina.com\/#\/schema\/logo\/image\/"}}]}},"_links":{"self":[{"href":"https:\/\/abc-latina.com\/wp-json\/wp\/v2\/pages\/1904","targetHints":{"allow":["GET"]}}],"collection":[{"href":"https:\/\/abc-latina.com\/wp-json\/wp\/v2\/pages"}],"about":[{"href":"https:\/\/abc-latina.com\/wp-json\/wp\/v2\/types\/page"}],"author":[{"embeddable":true,"href":"https:\/\/abc-latina.com\/wp-json\/wp\/v2\/users\/3"}],"replies":[{"embeddable":true,"href":"https:\/\/abc-latina.com\/wp-json\/wp\/v2\/comments?post=1904"}],"version-history":[{"count":1,"href":"https:\/\/abc-latina.com\/wp-json\/wp\/v2\/pages\/1904\/revisions"}],"predecessor-version":[{"id":3387,"href":"https:\/\/abc-latina.com\/wp-json\/wp\/v2\/pages\/1904\/revisions\/3387"}],"up":[{"embeddable":true,"href":"https:\/\/abc-latina.com\/wp-json\/wp\/v2\/pages\/2300"}],"wp:featuredmedia":[{"embeddable":true,"href":"https:\/\/abc-latina.com\/wp-json\/wp\/v2\/media\/139"}],"wp:attachment":[{"href":"https:\/\/abc-latina.com\/wp-json\/wp\/v2\/media?parent=1904"}],"curies":[{"name":"wp","href":"https:\/\/api.w.org\/{rel}","templated":true}]}}