{"id":1906,"date":"2010-07-31T19:47:43","date_gmt":"2010-07-31T17:47:43","guid":{"rendered":"http:\/\/abc-latina.com\/tour_operateur-htm-7\/"},"modified":"2026-04-30T18:25:02","modified_gmt":"2026-04-30T16:25:02","slug":"tour_operateur","status":"publish","type":"page","link":"https:\/\/abc-latina.com\/cuba\/tour_operateur\/","title":{"rendered":"TOUR OPERATEURS CUBA"},"content":{"rendered":"<table width=\"498\" cellspacing=\"1\" bgcolor=\"#666666\" align=\"center\">\n<tbody>\n<tr>\n<td valign=\"middle\" height=\"17\" bgcolor=\"#FFFFFF\" align=\"center\">\n<table width=\"496\" cellspacing=\"0\" border=\"0\">\n<tbody>\n<tr>\n<td width=\"149\"><span style=\"font-family: Arial; \"><span style=\"font-size: smaller; \">&nbsp;<\/span><\/span><a target=\"_blank\" href=\"https:\/\/www.puraventura.fr\/circuit\/cuba\"><span style=\"font-family: Arial; \"><span style=\"font-size: smaller; \"><img loading=\"lazy\" decoding=\"async\" class=\" size-full wp-image-1905\" src=\"http:\/\/abc-latina.com\/wp-content\/uploads\/2010\/07\/logo_puraventura01.jpg\" alt=\"\" width=\"120\" height=\"110\" \/><\/span><\/span><\/a><\/td>\n<td width=\"337\">\n<p align=\"justify\"><span style=\"font-family: Arial; \"><span style=\"font-size: smaller; \"><font color=\"#666666\"><font color=\"#666666\"><font color=\"#0033CC\"><b><font color=\"#000000\"><font color=\"#666666\"><font color=\"#0033CC\"><b><font color=\"#000000\"><font color=\"#0000FF\"><font color=\"#666666\">PURAVENTURA<\/font><\/font><\/font><\/b><\/font><\/font><\/font><\/b><br \/><\/font><\/font>Puraventura, sp\u00e9cialiste de voyages authentiques et responsables en Am\u00e9rique centrale et aux Cara\u00efbes, vous propose de d\u00e9couvrir l&rsquo;\u00eele cubaine en petit groupe. Les circuits allient la d\u00e9couverte d&rsquo;incontournables et d&rsquo;activit\u00e9s hors des sentiers battus, le tout au meilleur prix<font color=\"#666666\"><font color=\"#666666\"><font color=\"#0033CC\"><font color=\"#000000\">.&nbsp;<\/font><\/font><\/font><\/font><\/font><\/span><\/span><\/p>\n<\/td>\n<\/tr>\n<\/tbody>\n<\/table>\n<\/td>\n<\/tr>\n<\/tbody>\n<\/table>\n<p><span style=\"font-family: Arial; \"><span style=\"font-size: smaller; \"><br \/><\/span><\/span><span style=\"font-family: Arial; \"><span style=\"font-size: smaller; \">&nbsp;<\/span><\/span><\/p>\n<table width=\"498\" cellspacing=\"1\" bgcolor=\"#666666\" align=\"center\">\n<tbody>\n<tr>\n<td valign=\"middle\" height=\"17\" bgcolor=\"#FFFFFF\" align=\"center\">\n<table width=\"496\" cellspacing=\"0\" border=\"0\">\n<tbody>\n<tr>\n<td width=\"149\"><span style=\"font-family: Arial; \"><span style=\"font-size: smaller; \">&nbsp;<\/span><\/span><a target=\"_blank\" href=\"https:\/\/www.altiplano-voyage.com\/amerique-latine\/cuba?utm_source=Abc-latina&amp;utm_medium=liens&amp;utm_term=touroperateur-cuba\"><span style=\"font-family: Arial; \"><span style=\"font-size: smaller; \"><img loading=\"lazy\" decoding=\"async\" class=\" size-full wp-image-138\" src=\"http:\/\/abc-latina.com\/wp-content\/uploads\/2010\/06\/logoAltiplano2017.gif\" alt=\"\" width=\"120\" height=\"110\" \/><\/span><\/span><\/a><\/td>\n<td width=\"337\">\n<p align=\"justify\"><span style=\"font-family: Arial; \"><span style=\"font-size: smaller; \"><font color=\"#666666\"><font color=\"#666666\"><font color=\"#0033CC\"><b><font color=\"#000000\"><font color=\"#666666\"><font color=\"#0033CC\"><b><font color=\"#000000\"><font color=\"#0000FF\"><font color=\"#666666\">ALTIPLANO<\/font><\/font><\/font><\/b><\/font><\/font><\/font><\/b><br \/><\/font><\/font><font color=\"#000000\">Altiplano est expert des voyages en Am\u00e9rique latine. Nos sp\u00e9cialistes organisent votre circuit \u00e0 Cuba. Charm\u00e9s par cette destination, ils sauront vous faire d\u00e9couvrir avec passion leur pays de c\u0153ur<\/font><font color=\"#666666\"><font color=\"#666666\"><font color=\"#0033CC\"><font color=\"#000000\">.&nbsp;<\/font><\/font><\/font><\/font><\/font><\/span><\/span><\/p>\n<\/td>\n<\/tr>\n<\/tbody>\n<\/table>\n<\/td>\n<\/tr>\n<\/tbody>\n<\/table>\n<p><span style=\"font-family: Arial; \"><span style=\"font-size: smaller; \"><br \/><\/span><\/span><\/p>\n","protected":false},"excerpt":{"rendered":"<p>&nbsp; PURAVENTURAPuraventura, sp\u00e9cialiste de voyages authentiques et responsables en Am\u00e9rique centrale et aux Cara\u00efbes, vous propose de d\u00e9couvrir l&rsquo;\u00eele cubaine [&hellip;]<\/p>\n","protected":false},"author":3,"featured_media":1905,"parent":2302,"menu_order":0,"comment_status":"closed","ping_status":"closed","template":"","meta":{"site-sidebar-layout":"default","site-content-layout":"","ast-site-content-layout":"default","site-content-style":"default","site-sidebar-style":"default","ast-global-header-display":"","ast-banner-title-visibility":"","ast-main-header-display":"","ast-hfb-above-header-display":"","ast-hfb-below-header-display":"","ast-hfb-mobile-header-display":"","site-post-title":"","ast-breadcrumbs-content":"","ast-featured-img":"","footer-sml-layout":"","ast-disable-related-posts":"","theme-transparent-header-meta":"","adv-header-id-meta":"","stick-header-meta":"","header-above-stick-meta":"","header-main-stick-meta":"","header-below-stick-meta":"","astra-migrate-meta-layouts":"default","ast-page-background-enabled":"default","ast-page-background-meta":{"desktop":{"background-color":"var(--ast-global-color-5)","background-image":"","background-repeat":"repeat","background-position":"center center","background-size":"auto","background-attachment":"scroll","background-type":"","background-media":"","overlay-type":"","overlay-color":"","overlay-opacity":"","overlay-gradient":""},"tablet":{"background-color":"","background-image":"","background-repeat":"repeat","background-position":"center center","background-size":"auto","background-attachment":"scroll","background-type":"","background-media":"","overlay-type":"","overlay-color":"","overlay-opacity":"","overlay-gradient":""},"mobile":{"background-color":"","background-image":"","background-repeat":"repeat","background-position":"center center","background-size":"auto","background-attachment":"scroll","background-type":"","background-media":"","overlay-type":"","overlay-color":"","overlay-opacity":"","overlay-gradient":""}},"ast-content-background-meta":{"desktop":{"background-color":"var(--ast-global-color-4)","background-image":"","background-repeat":"repeat","background-position":"center center","background-size":"auto","background-attachment":"scroll","background-type":"","background-media":"","overlay-type":"","overlay-color":"","overlay-opacity":"","overlay-gradient":""},"tablet":{"background-color":"var(--ast-global-color-4)","background-image":"","background-repeat":"repeat","background-position":"center center","background-size":"auto","background-attachment":"scroll","background-type":"","background-media":"","overlay-type":"","overlay-color":"","overlay-opacity":"","overlay-gradient":""},"mobile":{"background-color":"var(--ast-global-color-4)","background-image":"","background-repeat":"repeat","background-position":"center center","background-size":"auto","background-attachment":"scroll","background-type":"","background-media":"","overlay-type":"","overlay-color":"","overlay-opacity":"","overlay-gradient":""}},"footnotes":""},"class_list":["post-1906","page","type-page","status-publish","has-post-thumbnail","hentry"],"yoast_head":"<!-- This site is optimized with the Yoast SEO plugin v27.5 - https:\/\/yoast.com\/product\/yoast-seo-wordpress\/ -->\n<title>TOUR OPERATEURS CUBA - Abc-latina<\/title>\n<meta name=\"description\" content=\"Tour-op\u00e9rateurs pour voyager \u00e0 Cuba. De vrais pros du pays pour pr\u00e9parer: Exp\u00e9ditions, circuits touristique, aventures ...\" \/>\n<meta name=\"robots\" content=\"index, follow, max-snippet:-1, max-image-preview:large, max-video-preview:-1\" \/>\n<link rel=\"canonical\" href=\"https:\/\/abc-latina.com\/cuba\/tour_operateur\/\" \/>\n<meta property=\"og:locale\" content=\"fr_FR\" \/>\n<meta property=\"og:type\" content=\"article\" \/>\n<meta property=\"og:title\" content=\"TOUR OPERATEURS CUBA - Abc-latina\" \/>\n<meta property=\"og:description\" content=\"Tour-op\u00e9rateurs pour voyager \u00e0 Cuba. De vrais pros du pays pour pr\u00e9parer: Exp\u00e9ditions, circuits touristique, aventures ...\" \/>\n<meta property=\"og:url\" content=\"https:\/\/abc-latina.com\/cuba\/tour_operateur\/\" \/>\n<meta property=\"og:site_name\" content=\"Abc-latina\" \/>\n<meta property=\"article:modified_time\" content=\"2026-04-30T16:25:02+00:00\" \/>\n<meta property=\"og:image\" content=\"https:\/\/abc-latina.com\/wp-content\/uploads\/2010\/07\/logo_puraventura01.jpg\" \/>\n\t<meta property=\"og:image:width\" content=\"120\" \/>\n\t<meta property=\"og:image:height\" content=\"75\" \/>\n\t<meta property=\"og:image:type\" content=\"image\/jpeg\" \/>\n<meta name=\"twitter:card\" content=\"summary_large_image\" \/>\n<script type=\"application\/ld+json\" class=\"yoast-schema-graph\">{\"@context\":\"https:\\\/\\\/schema.org\",\"@graph\":[{\"@type\":\"WebPage\",\"@id\":\"https:\\\/\\\/abc-latina.com\\\/cuba\\\/tour_operateur\\\/\",\"url\":\"https:\\\/\\\/abc-latina.com\\\/cuba\\\/tour_operateur\\\/\",\"name\":\"TOUR OPERATEURS CUBA - Abc-latina\",\"isPartOf\":{\"@id\":\"https:\\\/\\\/abc-latina.com\\\/#website\"},\"primaryImageOfPage\":{\"@id\":\"https:\\\/\\\/abc-latina.com\\\/cuba\\\/tour_operateur\\\/#primaryimage\"},\"image\":{\"@id\":\"https:\\\/\\\/abc-latina.com\\\/cuba\\\/tour_operateur\\\/#primaryimage\"},\"thumbnailUrl\":\"https:\\\/\\\/abc-latina.com\\\/wp-content\\\/uploads\\\/2010\\\/07\\\/logo_puraventura01.jpg\",\"datePublished\":\"2010-07-31T17:47:43+00:00\",\"dateModified\":\"2026-04-30T16:25:02+00:00\",\"description\":\"Tour-op\u00e9rateurs pour voyager \u00e0 Cuba. De vrais pros du pays pour pr\u00e9parer: Exp\u00e9ditions, circuits touristique, aventures ...\",\"breadcrumb\":{\"@id\":\"https:\\\/\\\/abc-latina.com\\\/cuba\\\/tour_operateur\\\/#breadcrumb\"},\"inLanguage\":\"fr-FR\",\"potentialAction\":[{\"@type\":\"ReadAction\",\"target\":[\"https:\\\/\\\/abc-latina.com\\\/cuba\\\/tour_operateur\\\/\"]}]},{\"@type\":\"ImageObject\",\"inLanguage\":\"fr-FR\",\"@id\":\"https:\\\/\\\/abc-latina.com\\\/cuba\\\/tour_operateur\\\/#primaryimage\",\"url\":\"https:\\\/\\\/abc-latina.com\\\/wp-content\\\/uploads\\\/2010\\\/07\\\/logo_puraventura01.jpg\",\"contentUrl\":\"https:\\\/\\\/abc-latina.com\\\/wp-content\\\/uploads\\\/2010\\\/07\\\/logo_puraventura01.jpg\",\"width\":120,\"height\":75},{\"@type\":\"BreadcrumbList\",\"@id\":\"https:\\\/\\\/abc-latina.com\\\/cuba\\\/tour_operateur\\\/#breadcrumb\",\"itemListElement\":[{\"@type\":\"ListItem\",\"position\":1,\"name\":\"Accueil\",\"item\":\"https:\\\/\\\/abc-latina.com\\\/\"},{\"@type\":\"ListItem\",\"position\":2,\"name\":\"TOUR OPERATEURS CUBA\"}]},{\"@type\":\"WebSite\",\"@id\":\"https:\\\/\\\/abc-latina.com\\\/#website\",\"url\":\"https:\\\/\\\/abc-latina.com\\\/\",\"name\":\"Abc-latina\",\"description\":\"\",\"publisher\":{\"@id\":\"https:\\\/\\\/abc-latina.com\\\/#organization\"},\"potentialAction\":[{\"@type\":\"SearchAction\",\"target\":{\"@type\":\"EntryPoint\",\"urlTemplate\":\"https:\\\/\\\/abc-latina.com\\\/?s={search_term_string}\"},\"query-input\":{\"@type\":\"PropertyValueSpecification\",\"valueRequired\":true,\"valueName\":\"search_term_string\"}}],\"inLanguage\":\"fr-FR\"},{\"@type\":\"Organization\",\"@id\":\"https:\\\/\\\/abc-latina.com\\\/#organization\",\"name\":\"Abc-latina\",\"url\":\"https:\\\/\\\/abc-latina.com\\\/\",\"logo\":{\"@type\":\"ImageObject\",\"inLanguage\":\"fr-FR\",\"@id\":\"https:\\\/\\\/abc-latina.com\\\/#\\\/schema\\\/logo\\\/image\\\/\",\"url\":\"https:\\\/\\\/abc-latina.com\\\/wp-content\\\/uploads\\\/2026\\\/05\\\/cropped-logo.gif\",\"contentUrl\":\"https:\\\/\\\/abc-latina.com\\\/wp-content\\\/uploads\\\/2026\\\/05\\\/cropped-logo.gif\",\"width\":89,\"height\":84,\"caption\":\"Abc-latina\"},\"image\":{\"@id\":\"https:\\\/\\\/abc-latina.com\\\/#\\\/schema\\\/logo\\\/image\\\/\"}}]}<\/script>\n<!-- \/ Yoast SEO plugin. -->","yoast_head_json":{"title":"TOUR OPERATEURS CUBA - Abc-latina","description":"Tour-op\u00e9rateurs pour voyager \u00e0 Cuba. De vrais pros du pays pour pr\u00e9parer: Exp\u00e9ditions, circuits touristique, aventures ...","robots":{"index":"index","follow":"follow","max-snippet":"max-snippet:-1","max-image-preview":"max-image-preview:large","max-video-preview":"max-video-preview:-1"},"canonical":"https:\/\/abc-latina.com\/cuba\/tour_operateur\/","og_locale":"fr_FR","og_type":"article","og_title":"TOUR OPERATEURS CUBA - Abc-latina","og_description":"Tour-op\u00e9rateurs pour voyager \u00e0 Cuba. De vrais pros du pays pour pr\u00e9parer: Exp\u00e9ditions, circuits touristique, aventures ...","og_url":"https:\/\/abc-latina.com\/cuba\/tour_operateur\/","og_site_name":"Abc-latina","article_modified_time":"2026-04-30T16:25:02+00:00","og_image":[{"width":120,"height":75,"url":"https:\/\/abc-latina.com\/wp-content\/uploads\/2010\/07\/logo_puraventura01.jpg","type":"image\/jpeg"}],"twitter_card":"summary_large_image","schema":{"@context":"https:\/\/schema.org","@graph":[{"@type":"WebPage","@id":"https:\/\/abc-latina.com\/cuba\/tour_operateur\/","url":"https:\/\/abc-latina.com\/cuba\/tour_operateur\/","name":"TOUR OPERATEURS CUBA - Abc-latina","isPartOf":{"@id":"https:\/\/abc-latina.com\/#website"},"primaryImageOfPage":{"@id":"https:\/\/abc-latina.com\/cuba\/tour_operateur\/#primaryimage"},"image":{"@id":"https:\/\/abc-latina.com\/cuba\/tour_operateur\/#primaryimage"},"thumbnailUrl":"https:\/\/abc-latina.com\/wp-content\/uploads\/2010\/07\/logo_puraventura01.jpg","datePublished":"2010-07-31T17:47:43+00:00","dateModified":"2026-04-30T16:25:02+00:00","description":"Tour-op\u00e9rateurs pour voyager \u00e0 Cuba. De vrais pros du pays pour pr\u00e9parer: Exp\u00e9ditions, circuits touristique, aventures ...","breadcrumb":{"@id":"https:\/\/abc-latina.com\/cuba\/tour_operateur\/#breadcrumb"},"inLanguage":"fr-FR","potentialAction":[{"@type":"ReadAction","target":["https:\/\/abc-latina.com\/cuba\/tour_operateur\/"]}]},{"@type":"ImageObject","inLanguage":"fr-FR","@id":"https:\/\/abc-latina.com\/cuba\/tour_operateur\/#primaryimage","url":"https:\/\/abc-latina.com\/wp-content\/uploads\/2010\/07\/logo_puraventura01.jpg","contentUrl":"https:\/\/abc-latina.com\/wp-content\/uploads\/2010\/07\/logo_puraventura01.jpg","width":120,"height":75},{"@type":"BreadcrumbList","@id":"https:\/\/abc-latina.com\/cuba\/tour_operateur\/#breadcrumb","itemListElement":[{"@type":"ListItem","position":1,"name":"Accueil","item":"https:\/\/abc-latina.com\/"},{"@type":"ListItem","position":2,"name":"TOUR OPERATEURS CUBA"}]},{"@type":"WebSite","@id":"https:\/\/abc-latina.com\/#website","url":"https:\/\/abc-latina.com\/","name":"Abc-latina","description":"","publisher":{"@id":"https:\/\/abc-latina.com\/#organization"},"potentialAction":[{"@type":"SearchAction","target":{"@type":"EntryPoint","urlTemplate":"https:\/\/abc-latina.com\/?s={search_term_string}"},"query-input":{"@type":"PropertyValueSpecification","valueRequired":true,"valueName":"search_term_string"}}],"inLanguage":"fr-FR"},{"@type":"Organization","@id":"https:\/\/abc-latina.com\/#organization","name":"Abc-latina","url":"https:\/\/abc-latina.com\/","logo":{"@type":"ImageObject","inLanguage":"fr-FR","@id":"https:\/\/abc-latina.com\/#\/schema\/logo\/image\/","url":"https:\/\/abc-latina.com\/wp-content\/uploads\/2026\/05\/cropped-logo.gif","contentUrl":"https:\/\/abc-latina.com\/wp-content\/uploads\/2026\/05\/cropped-logo.gif","width":89,"height":84,"caption":"Abc-latina"},"image":{"@id":"https:\/\/abc-latina.com\/#\/schema\/logo\/image\/"}}]}},"_links":{"self":[{"href":"https:\/\/abc-latina.com\/wp-json\/wp\/v2\/pages\/1906","targetHints":{"allow":["GET"]}}],"collection":[{"href":"https:\/\/abc-latina.com\/wp-json\/wp\/v2\/pages"}],"about":[{"href":"https:\/\/abc-latina.com\/wp-json\/wp\/v2\/types\/page"}],"author":[{"embeddable":true,"href":"https:\/\/abc-latina.com\/wp-json\/wp\/v2\/users\/3"}],"replies":[{"embeddable":true,"href":"https:\/\/abc-latina.com\/wp-json\/wp\/v2\/comments?post=1906"}],"version-history":[{"count":1,"href":"https:\/\/abc-latina.com\/wp-json\/wp\/v2\/pages\/1906\/revisions"}],"predecessor-version":[{"id":3427,"href":"https:\/\/abc-latina.com\/wp-json\/wp\/v2\/pages\/1906\/revisions\/3427"}],"up":[{"embeddable":true,"href":"https:\/\/abc-latina.com\/wp-json\/wp\/v2\/pages\/2302"}],"wp:featuredmedia":[{"embeddable":true,"href":"https:\/\/abc-latina.com\/wp-json\/wp\/v2\/media\/1905"}],"wp:attachment":[{"href":"https:\/\/abc-latina.com\/wp-json\/wp\/v2\/media?parent=1906"}],"curies":[{"name":"wp","href":"https:\/\/api.w.org\/{rel}","templated":true}]}}