{"id":1918,"date":"2010-07-31T20:57:39","date_gmt":"2010-07-31T18:57:39","guid":{"rendered":"http:\/\/abc-latina.com\/tour_operateur-htm-9\/"},"modified":"2026-04-30T18:25:35","modified_gmt":"2026-04-30T16:25:35","slug":"tour_operateur","status":"publish","type":"page","link":"https:\/\/abc-latina.com\/venezuela\/tour_operateur\/","title":{"rendered":"TOUR OPERATEURS VENEZUELA"},"content":{"rendered":"<p style=\"text-align: center;\">&nbsp;<\/p>\n<table style=\"cursor: default; width: 475px; border-collapse: inherit; border: 1px dashed #bbbbbb;\" width=\"410\" cellspacing=\"1\" bgcolor=\"#666666\" align=\"center\">\n<tbody>\n<tr>\n<td style=\"color: #000000; font-family: Verdana, Arial, Helvetica, sans-serif; font-size: 12pt; cursor: text; padding-top: 2px; padding-right: 5px; padding-bottom: 2px; padding-left: 5px; margin: 8px; border: 1px dashed #bbbbbb;\" valign=\"middle\" height=\"17\" bgcolor=\"#FFFFFF\" align=\"center\">\n<table style=\"cursor: default; width: 459px; border-collapse: inherit; border: 1px dashed #bbbbbb;\" width=\"510\" cellspacing=\"0\" border=\"0\">\n<tbody>\n<tr>\n<td style=\"color: #000000; font-family: Verdana, Arial, Helvetica, sans-serif; font-size: 12pt; cursor: text; padding-top: 2px; padding-right: 5px; padding-bottom: 2px; padding-left: 5px; margin: 8px; border: 1px dashed #bbbbbb;\" width=\"149\"><span style=\"color: #666666; font-family: Arial; font-size: x-small;\"><span style=\"color: #0033cc; font-size: medium;\"><strong><span style=\"color: #0000ff;\"><strong><span style=\"color: #0000ff;\"><strong><span style=\"color: #333333; font-family: Arial, Helvetica, sans-serif; font-size: small;\"><strong><span style=\"color: #ff8000;\"><a href=\"http:\/\/www.newfrontiersadventures.com\/menul\" target=\"_blank\"><img decoding=\"async\" src=\"https:\/\/colombia.newfrontiersadventures.com\/Media\/explorer2.GIF\" alt=\"\" \/><\/a><br \/><\/span><\/strong><\/span><\/strong><\/span><\/strong><\/span><\/strong><\/span><\/span><\/td>\n<td style=\"color: #000000; font-family: Verdana, Arial, Helvetica, sans-serif; font-size: 12pt; cursor: text; padding-top: 2px; padding-right: 5px; padding-bottom: 2px; padding-left: 5px; margin: 8px; border: 1px dashed #bbbbbb;\" width=\"237\">\n<p style=\"padding-top: 0px; padding-right: 0px; padding-bottom: 12px; padding-left: 0px; text-align: left; margin: 0px;\"><span style=\"color: #666666; font-family: Arial; font-size: x-small;\"><span style=\"color: #666666; font-family: Arial; font-size: x-small;\"><span style=\"color: #0033cc; font-size: medium;\"><strong><span style=\"color: #000000;\"><span style=\"color: #666666; font-family: Arial; font-size: x-small;\"><span style=\"color: #0033cc; font-size: medium;\"><strong><span style=\"color: #000000;\"><span style=\"color: #0000ff;\"><span style=\"color: #666666; font-size: small;\">NEWS FRONTIERS<\/span><\/span><\/span><\/strong><\/span><\/span><\/span><\/strong><br \/><span style=\"color: #000000; font-size: small;\"><span style=\"font-family: Arial, Helvetica, sans-serif;\">Avec plus de 12 ans d&rsquo;exp\u00e9rience comme tour op\u00e9rateur, News frontiers vous propose ses services pour organiser vos voyages au Venezuela sur-mesure. Une \u00e9quipe de passionn\u00e9s saura monter votre circuit \u00e0 la carte.<\/span><\/span><\/span><\/span><\/span><\/p>\n<\/td>\n<\/tr>\n<\/tbody>\n<\/table>\n<\/td>\n<\/tr>\n<\/tbody>\n<\/table>\n<p>&nbsp;<\/p>\n<p style=\"text-align: center;\">&nbsp;<\/p>\n","protected":false},"excerpt":{"rendered":"<p>&nbsp; NEWS FRONTIERSAvec plus de 12 ans d&rsquo;exp\u00e9rience comme tour op\u00e9rateur, News frontiers vous propose ses services pour organiser vos [&hellip;]<\/p>\n","protected":false},"author":3,"featured_media":0,"parent":2320,"menu_order":0,"comment_status":"closed","ping_status":"closed","template":"","meta":{"site-sidebar-layout":"default","site-content-layout":"","ast-site-content-layout":"default","site-content-style":"default","site-sidebar-style":"default","ast-global-header-display":"","ast-banner-title-visibility":"","ast-main-header-display":"","ast-hfb-above-header-display":"","ast-hfb-below-header-display":"","ast-hfb-mobile-header-display":"","site-post-title":"","ast-breadcrumbs-content":"","ast-featured-img":"","footer-sml-layout":"","ast-disable-related-posts":"","theme-transparent-header-meta":"","adv-header-id-meta":"","stick-header-meta":"","header-above-stick-meta":"","header-main-stick-meta":"","header-below-stick-meta":"","astra-migrate-meta-layouts":"default","ast-page-background-enabled":"default","ast-page-background-meta":{"desktop":{"background-color":"var(--ast-global-color-5)","background-image":"","background-repeat":"repeat","background-position":"center center","background-size":"auto","background-attachment":"scroll","background-type":"","background-media":"","overlay-type":"","overlay-color":"","overlay-opacity":"","overlay-gradient":""},"tablet":{"background-color":"","background-image":"","background-repeat":"repeat","background-position":"center center","background-size":"auto","background-attachment":"scroll","background-type":"","background-media":"","overlay-type":"","overlay-color":"","overlay-opacity":"","overlay-gradient":""},"mobile":{"background-color":"","background-image":"","background-repeat":"repeat","background-position":"center center","background-size":"auto","background-attachment":"scroll","background-type":"","background-media":"","overlay-type":"","overlay-color":"","overlay-opacity":"","overlay-gradient":""}},"ast-content-background-meta":{"desktop":{"background-color":"var(--ast-global-color-4)","background-image":"","background-repeat":"repeat","background-position":"center center","background-size":"auto","background-attachment":"scroll","background-type":"","background-media":"","overlay-type":"","overlay-color":"","overlay-opacity":"","overlay-gradient":""},"tablet":{"background-color":"var(--ast-global-color-4)","background-image":"","background-repeat":"repeat","background-position":"center center","background-size":"auto","background-attachment":"scroll","background-type":"","background-media":"","overlay-type":"","overlay-color":"","overlay-opacity":"","overlay-gradient":""},"mobile":{"background-color":"var(--ast-global-color-4)","background-image":"","background-repeat":"repeat","background-position":"center center","background-size":"auto","background-attachment":"scroll","background-type":"","background-media":"","overlay-type":"","overlay-color":"","overlay-opacity":"","overlay-gradient":""}},"footnotes":""},"class_list":["post-1918","page","type-page","status-publish","hentry"],"yoast_head":"<!-- This site is optimized with the Yoast SEO plugin v27.5 - https:\/\/yoast.com\/product\/yoast-seo-wordpress\/ -->\n<title>TOUR OPERATEURS VENEZUELA - Abc-latina<\/title>\n<meta name=\"description\" content=\"Les tour op\u00e9rateurs sp\u00e9cialistes du Venezuela.\" \/>\n<meta name=\"robots\" content=\"index, follow, max-snippet:-1, max-image-preview:large, max-video-preview:-1\" \/>\n<link rel=\"canonical\" href=\"https:\/\/abc-latina.com\/venezuela\/tour_operateur\/\" \/>\n<meta property=\"og:locale\" content=\"fr_FR\" \/>\n<meta property=\"og:type\" content=\"article\" \/>\n<meta property=\"og:title\" content=\"TOUR OPERATEURS VENEZUELA - Abc-latina\" \/>\n<meta property=\"og:description\" content=\"Les tour op\u00e9rateurs sp\u00e9cialistes du Venezuela.\" \/>\n<meta property=\"og:url\" content=\"https:\/\/abc-latina.com\/venezuela\/tour_operateur\/\" \/>\n<meta property=\"og:site_name\" content=\"Abc-latina\" \/>\n<meta property=\"article:modified_time\" content=\"2026-04-30T16:25:35+00:00\" \/>\n<meta property=\"og:image\" content=\"https:\/\/colombia.newfrontiersadventures.com\/Media\/explorer2.GIF\" \/>\n<meta name=\"twitter:card\" content=\"summary_large_image\" \/>\n<script type=\"application\/ld+json\" class=\"yoast-schema-graph\">{\"@context\":\"https:\\\/\\\/schema.org\",\"@graph\":[{\"@type\":\"WebPage\",\"@id\":\"https:\\\/\\\/abc-latina.com\\\/venezuela\\\/tour_operateur\\\/\",\"url\":\"https:\\\/\\\/abc-latina.com\\\/venezuela\\\/tour_operateur\\\/\",\"name\":\"TOUR OPERATEURS VENEZUELA - Abc-latina\",\"isPartOf\":{\"@id\":\"https:\\\/\\\/abc-latina.com\\\/#website\"},\"primaryImageOfPage\":{\"@id\":\"https:\\\/\\\/abc-latina.com\\\/venezuela\\\/tour_operateur\\\/#primaryimage\"},\"image\":{\"@id\":\"https:\\\/\\\/abc-latina.com\\\/venezuela\\\/tour_operateur\\\/#primaryimage\"},\"thumbnailUrl\":\"https:\\\/\\\/colombia.newfrontiersadventures.com\\\/Media\\\/explorer2.GIF\",\"datePublished\":\"2010-07-31T18:57:39+00:00\",\"dateModified\":\"2026-04-30T16:25:35+00:00\",\"description\":\"Les tour op\u00e9rateurs sp\u00e9cialistes du Venezuela.\",\"breadcrumb\":{\"@id\":\"https:\\\/\\\/abc-latina.com\\\/venezuela\\\/tour_operateur\\\/#breadcrumb\"},\"inLanguage\":\"fr-FR\",\"potentialAction\":[{\"@type\":\"ReadAction\",\"target\":[\"https:\\\/\\\/abc-latina.com\\\/venezuela\\\/tour_operateur\\\/\"]}]},{\"@type\":\"ImageObject\",\"inLanguage\":\"fr-FR\",\"@id\":\"https:\\\/\\\/abc-latina.com\\\/venezuela\\\/tour_operateur\\\/#primaryimage\",\"url\":\"https:\\\/\\\/colombia.newfrontiersadventures.com\\\/Media\\\/explorer2.GIF\",\"contentUrl\":\"https:\\\/\\\/colombia.newfrontiersadventures.com\\\/Media\\\/explorer2.GIF\"},{\"@type\":\"BreadcrumbList\",\"@id\":\"https:\\\/\\\/abc-latina.com\\\/venezuela\\\/tour_operateur\\\/#breadcrumb\",\"itemListElement\":[{\"@type\":\"ListItem\",\"position\":1,\"name\":\"Accueil\",\"item\":\"https:\\\/\\\/abc-latina.com\\\/\"},{\"@type\":\"ListItem\",\"position\":2,\"name\":\"TOUR OPERATEURS VENEZUELA\"}]},{\"@type\":\"WebSite\",\"@id\":\"https:\\\/\\\/abc-latina.com\\\/#website\",\"url\":\"https:\\\/\\\/abc-latina.com\\\/\",\"name\":\"Abc-latina\",\"description\":\"\",\"publisher\":{\"@id\":\"https:\\\/\\\/abc-latina.com\\\/#organization\"},\"potentialAction\":[{\"@type\":\"SearchAction\",\"target\":{\"@type\":\"EntryPoint\",\"urlTemplate\":\"https:\\\/\\\/abc-latina.com\\\/?s={search_term_string}\"},\"query-input\":{\"@type\":\"PropertyValueSpecification\",\"valueRequired\":true,\"valueName\":\"search_term_string\"}}],\"inLanguage\":\"fr-FR\"},{\"@type\":\"Organization\",\"@id\":\"https:\\\/\\\/abc-latina.com\\\/#organization\",\"name\":\"Abc-latina\",\"url\":\"https:\\\/\\\/abc-latina.com\\\/\",\"logo\":{\"@type\":\"ImageObject\",\"inLanguage\":\"fr-FR\",\"@id\":\"https:\\\/\\\/abc-latina.com\\\/#\\\/schema\\\/logo\\\/image\\\/\",\"url\":\"https:\\\/\\\/abc-latina.com\\\/wp-content\\\/uploads\\\/2026\\\/05\\\/cropped-logo.gif\",\"contentUrl\":\"https:\\\/\\\/abc-latina.com\\\/wp-content\\\/uploads\\\/2026\\\/05\\\/cropped-logo.gif\",\"width\":89,\"height\":84,\"caption\":\"Abc-latina\"},\"image\":{\"@id\":\"https:\\\/\\\/abc-latina.com\\\/#\\\/schema\\\/logo\\\/image\\\/\"}}]}<\/script>\n<!-- \/ Yoast SEO plugin. -->","yoast_head_json":{"title":"TOUR OPERATEURS VENEZUELA - Abc-latina","description":"Les tour op\u00e9rateurs sp\u00e9cialistes du Venezuela.","robots":{"index":"index","follow":"follow","max-snippet":"max-snippet:-1","max-image-preview":"max-image-preview:large","max-video-preview":"max-video-preview:-1"},"canonical":"https:\/\/abc-latina.com\/venezuela\/tour_operateur\/","og_locale":"fr_FR","og_type":"article","og_title":"TOUR OPERATEURS VENEZUELA - Abc-latina","og_description":"Les tour op\u00e9rateurs sp\u00e9cialistes du Venezuela.","og_url":"https:\/\/abc-latina.com\/venezuela\/tour_operateur\/","og_site_name":"Abc-latina","article_modified_time":"2026-04-30T16:25:35+00:00","og_image":[{"url":"https:\/\/colombia.newfrontiersadventures.com\/Media\/explorer2.GIF","type":"","width":"","height":""}],"twitter_card":"summary_large_image","schema":{"@context":"https:\/\/schema.org","@graph":[{"@type":"WebPage","@id":"https:\/\/abc-latina.com\/venezuela\/tour_operateur\/","url":"https:\/\/abc-latina.com\/venezuela\/tour_operateur\/","name":"TOUR OPERATEURS VENEZUELA - Abc-latina","isPartOf":{"@id":"https:\/\/abc-latina.com\/#website"},"primaryImageOfPage":{"@id":"https:\/\/abc-latina.com\/venezuela\/tour_operateur\/#primaryimage"},"image":{"@id":"https:\/\/abc-latina.com\/venezuela\/tour_operateur\/#primaryimage"},"thumbnailUrl":"https:\/\/colombia.newfrontiersadventures.com\/Media\/explorer2.GIF","datePublished":"2010-07-31T18:57:39+00:00","dateModified":"2026-04-30T16:25:35+00:00","description":"Les tour op\u00e9rateurs sp\u00e9cialistes du Venezuela.","breadcrumb":{"@id":"https:\/\/abc-latina.com\/venezuela\/tour_operateur\/#breadcrumb"},"inLanguage":"fr-FR","potentialAction":[{"@type":"ReadAction","target":["https:\/\/abc-latina.com\/venezuela\/tour_operateur\/"]}]},{"@type":"ImageObject","inLanguage":"fr-FR","@id":"https:\/\/abc-latina.com\/venezuela\/tour_operateur\/#primaryimage","url":"https:\/\/colombia.newfrontiersadventures.com\/Media\/explorer2.GIF","contentUrl":"https:\/\/colombia.newfrontiersadventures.com\/Media\/explorer2.GIF"},{"@type":"BreadcrumbList","@id":"https:\/\/abc-latina.com\/venezuela\/tour_operateur\/#breadcrumb","itemListElement":[{"@type":"ListItem","position":1,"name":"Accueil","item":"https:\/\/abc-latina.com\/"},{"@type":"ListItem","position":2,"name":"TOUR OPERATEURS VENEZUELA"}]},{"@type":"WebSite","@id":"https:\/\/abc-latina.com\/#website","url":"https:\/\/abc-latina.com\/","name":"Abc-latina","description":"","publisher":{"@id":"https:\/\/abc-latina.com\/#organization"},"potentialAction":[{"@type":"SearchAction","target":{"@type":"EntryPoint","urlTemplate":"https:\/\/abc-latina.com\/?s={search_term_string}"},"query-input":{"@type":"PropertyValueSpecification","valueRequired":true,"valueName":"search_term_string"}}],"inLanguage":"fr-FR"},{"@type":"Organization","@id":"https:\/\/abc-latina.com\/#organization","name":"Abc-latina","url":"https:\/\/abc-latina.com\/","logo":{"@type":"ImageObject","inLanguage":"fr-FR","@id":"https:\/\/abc-latina.com\/#\/schema\/logo\/image\/","url":"https:\/\/abc-latina.com\/wp-content\/uploads\/2026\/05\/cropped-logo.gif","contentUrl":"https:\/\/abc-latina.com\/wp-content\/uploads\/2026\/05\/cropped-logo.gif","width":89,"height":84,"caption":"Abc-latina"},"image":{"@id":"https:\/\/abc-latina.com\/#\/schema\/logo\/image\/"}}]}},"_links":{"self":[{"href":"https:\/\/abc-latina.com\/wp-json\/wp\/v2\/pages\/1918","targetHints":{"allow":["GET"]}}],"collection":[{"href":"https:\/\/abc-latina.com\/wp-json\/wp\/v2\/pages"}],"about":[{"href":"https:\/\/abc-latina.com\/wp-json\/wp\/v2\/types\/page"}],"author":[{"embeddable":true,"href":"https:\/\/abc-latina.com\/wp-json\/wp\/v2\/users\/3"}],"replies":[{"embeddable":true,"href":"https:\/\/abc-latina.com\/wp-json\/wp\/v2\/comments?post=1918"}],"version-history":[{"count":1,"href":"https:\/\/abc-latina.com\/wp-json\/wp\/v2\/pages\/1918\/revisions"}],"predecessor-version":[{"id":4142,"href":"https:\/\/abc-latina.com\/wp-json\/wp\/v2\/pages\/1918\/revisions\/4142"}],"up":[{"embeddable":true,"href":"https:\/\/abc-latina.com\/wp-json\/wp\/v2\/pages\/2320"}],"wp:attachment":[{"href":"https:\/\/abc-latina.com\/wp-json\/wp\/v2\/media?parent=1918"}],"curies":[{"name":"wp","href":"https:\/\/api.w.org\/{rel}","templated":true}]}}