{"id":1920,"date":"2010-07-31T21:43:34","date_gmt":"2010-07-31T19:43:34","guid":{"rendered":"http:\/\/abc-latina.com\/tour_operateur-htm-11\/"},"modified":"2026-04-30T18:25:25","modified_gmt":"2026-04-30T16:25:25","slug":"tour_operateur","status":"publish","type":"page","link":"https:\/\/abc-latina.com\/salvador\/tour_operateur\/","title":{"rendered":"TOUR OPERATEURS EL SALVADOR"},"content":{"rendered":"<p style=\"text-align: center; \"><span style=\"font-family: Arial; \"><span style=\"font-size: smaller; \">&nbsp;<\/span><\/span><\/p>\n<table width=\"498\" cellspacing=\"1\" bgcolor=\"#666666\" align=\"center\">\n<tbody>\n<tr>\n<td valign=\"middle\" height=\"17\" bgcolor=\"#FFFFFF\" align=\"center\">\n<table width=\"496\" cellspacing=\"0\" border=\"0\">\n<tbody>\n<tr>\n<td width=\"149\"><span style=\"font-family: Arial; \"><span style=\"font-size: smaller; \">&nbsp;<\/span><\/span><a target=\"_blank\" href=\"https:\/\/www.altiplano-voyage.com\/amerique-latine\/salvador?utm_source=Abc-latina&amp;utm_medium=liens&amp;utm_term=touroperateur-salvador\"><span style=\"font-family: Arial; \"><span style=\"font-size: smaller; \"><img loading=\"lazy\" decoding=\"async\" class=\" size-full wp-image-138\" src=\"http:\/\/abc-latina.com\/wp-content\/uploads\/2010\/06\/logoAltiplano2017.gif\" alt=\"\" width=\"120\" height=\"110\" \/><\/span><\/span><\/a><\/td>\n<td width=\"337\">\n<p align=\"justify\"><span style=\"font-family: Arial; \"><span style=\"font-size: smaller; \"><font color=\"#666666\"><font color=\"#666666\"><font color=\"#0033CC\"><b><font color=\"#000000\"><font color=\"#666666\"><font color=\"#0033CC\"><b><font color=\"#000000\"><font color=\"#0000FF\"><font color=\"#666666\">ALTIPLANO<\/font><\/font><\/font><\/b><\/font><\/font><\/font><\/b><br \/><\/font><\/font>Altiplano est un sp\u00e9cialiste des voyages en Am\u00e9rique du Sud et Centrale. H\u00e9l\u00e8ne organise votre circuit au Salvador. Amoureuse du Salvador, elle saura vous faire d\u00e9couvrir avec passion cette destination qui gagne \u00e0 \u00eatre connue !<font color=\"#666666\"><font color=\"#666666\"><font color=\"#0033CC\"><font color=\"#000000\"> <br \/><\/font><\/font><\/font><\/font><\/font><\/span><\/span><\/p>\n<\/td>\n<\/tr>\n<\/tbody>\n<\/table>\n<\/td>\n<\/tr>\n<\/tbody>\n<\/table>\n<p><span style=\"font-family: Arial; \"><span style=\"font-size: smaller; \">&nbsp;<\/span><\/span><\/p>\n","protected":false},"excerpt":{"rendered":"<p>&nbsp; &nbsp; ALTIPLANOAltiplano est un sp\u00e9cialiste des voyages en Am\u00e9rique du Sud et Centrale. H\u00e9l\u00e8ne organise votre circuit au Salvador. [&hellip;]<\/p>\n","protected":false},"author":3,"featured_media":138,"parent":2318,"menu_order":0,"comment_status":"closed","ping_status":"closed","template":"","meta":{"site-sidebar-layout":"default","site-content-layout":"","ast-site-content-layout":"default","site-content-style":"default","site-sidebar-style":"default","ast-global-header-display":"","ast-banner-title-visibility":"","ast-main-header-display":"","ast-hfb-above-header-display":"","ast-hfb-below-header-display":"","ast-hfb-mobile-header-display":"","site-post-title":"","ast-breadcrumbs-content":"","ast-featured-img":"","footer-sml-layout":"","ast-disable-related-posts":"","theme-transparent-header-meta":"","adv-header-id-meta":"","stick-header-meta":"","header-above-stick-meta":"","header-main-stick-meta":"","header-below-stick-meta":"","astra-migrate-meta-layouts":"default","ast-page-background-enabled":"default","ast-page-background-meta":{"desktop":{"background-color":"var(--ast-global-color-5)","background-image":"","background-repeat":"repeat","background-position":"center center","background-size":"auto","background-attachment":"scroll","background-type":"","background-media":"","overlay-type":"","overlay-color":"","overlay-opacity":"","overlay-gradient":""},"tablet":{"background-color":"","background-image":"","background-repeat":"repeat","background-position":"center center","background-size":"auto","background-attachment":"scroll","background-type":"","background-media":"","overlay-type":"","overlay-color":"","overlay-opacity":"","overlay-gradient":""},"mobile":{"background-color":"","background-image":"","background-repeat":"repeat","background-position":"center center","background-size":"auto","background-attachment":"scroll","background-type":"","background-media":"","overlay-type":"","overlay-color":"","overlay-opacity":"","overlay-gradient":""}},"ast-content-background-meta":{"desktop":{"background-color":"var(--ast-global-color-4)","background-image":"","background-repeat":"repeat","background-position":"center center","background-size":"auto","background-attachment":"scroll","background-type":"","background-media":"","overlay-type":"","overlay-color":"","overlay-opacity":"","overlay-gradient":""},"tablet":{"background-color":"var(--ast-global-color-4)","background-image":"","background-repeat":"repeat","background-position":"center center","background-size":"auto","background-attachment":"scroll","background-type":"","background-media":"","overlay-type":"","overlay-color":"","overlay-opacity":"","overlay-gradient":""},"mobile":{"background-color":"var(--ast-global-color-4)","background-image":"","background-repeat":"repeat","background-position":"center center","background-size":"auto","background-attachment":"scroll","background-type":"","background-media":"","overlay-type":"","overlay-color":"","overlay-opacity":"","overlay-gradient":""}},"footnotes":""},"class_list":["post-1920","page","type-page","status-publish","has-post-thumbnail","hentry"],"yoast_head":"<!-- This site is optimized with the Yoast SEO plugin v27.5 - https:\/\/yoast.com\/product\/yoast-seo-wordpress\/ -->\n<title>TOUR OPERATEURS EL SALVADOR - Abc-latina<\/title>\n<meta name=\"description\" content=\"Tour-op\u00e9rateurs pour voyager au Salvador. De vrais pros du pays pour pr\u00e9parer: Exp\u00e9ditions, circuits touristique, aventures ...\" \/>\n<meta name=\"robots\" content=\"index, follow, max-snippet:-1, max-image-preview:large, max-video-preview:-1\" \/>\n<link rel=\"canonical\" href=\"https:\/\/abc-latina.com\/salvador\/tour_operateur\/\" \/>\n<meta property=\"og:locale\" content=\"fr_FR\" \/>\n<meta property=\"og:type\" content=\"article\" \/>\n<meta property=\"og:title\" content=\"TOUR OPERATEURS EL SALVADOR - Abc-latina\" \/>\n<meta property=\"og:description\" content=\"Tour-op\u00e9rateurs pour voyager au Salvador. De vrais pros du pays pour pr\u00e9parer: Exp\u00e9ditions, circuits touristique, aventures ...\" \/>\n<meta property=\"og:url\" content=\"https:\/\/abc-latina.com\/salvador\/tour_operateur\/\" \/>\n<meta property=\"og:site_name\" content=\"Abc-latina\" \/>\n<meta property=\"article:modified_time\" content=\"2026-04-30T16:25:25+00:00\" \/>\n<meta property=\"og:image\" content=\"https:\/\/abc-latina.com\/wp-content\/uploads\/2010\/06\/logoAltiplano2017.gif\" \/>\n\t<meta property=\"og:image:width\" content=\"120\" \/>\n\t<meta property=\"og:image:height\" content=\"110\" \/>\n\t<meta property=\"og:image:type\" content=\"image\/gif\" \/>\n<meta name=\"twitter:card\" content=\"summary_large_image\" \/>\n<script type=\"application\/ld+json\" class=\"yoast-schema-graph\">{\"@context\":\"https:\\\/\\\/schema.org\",\"@graph\":[{\"@type\":\"WebPage\",\"@id\":\"https:\\\/\\\/abc-latina.com\\\/salvador\\\/tour_operateur\\\/\",\"url\":\"https:\\\/\\\/abc-latina.com\\\/salvador\\\/tour_operateur\\\/\",\"name\":\"TOUR OPERATEURS EL SALVADOR - Abc-latina\",\"isPartOf\":{\"@id\":\"https:\\\/\\\/abc-latina.com\\\/#website\"},\"primaryImageOfPage\":{\"@id\":\"https:\\\/\\\/abc-latina.com\\\/salvador\\\/tour_operateur\\\/#primaryimage\"},\"image\":{\"@id\":\"https:\\\/\\\/abc-latina.com\\\/salvador\\\/tour_operateur\\\/#primaryimage\"},\"thumbnailUrl\":\"https:\\\/\\\/abc-latina.com\\\/wp-content\\\/uploads\\\/2010\\\/06\\\/logoAltiplano2017.gif\",\"datePublished\":\"2010-07-31T19:43:34+00:00\",\"dateModified\":\"2026-04-30T16:25:25+00:00\",\"description\":\"Tour-op\u00e9rateurs pour voyager au Salvador. De vrais pros du pays pour pr\u00e9parer: Exp\u00e9ditions, circuits touristique, aventures ...\",\"breadcrumb\":{\"@id\":\"https:\\\/\\\/abc-latina.com\\\/salvador\\\/tour_operateur\\\/#breadcrumb\"},\"inLanguage\":\"fr-FR\",\"potentialAction\":[{\"@type\":\"ReadAction\",\"target\":[\"https:\\\/\\\/abc-latina.com\\\/salvador\\\/tour_operateur\\\/\"]}]},{\"@type\":\"ImageObject\",\"inLanguage\":\"fr-FR\",\"@id\":\"https:\\\/\\\/abc-latina.com\\\/salvador\\\/tour_operateur\\\/#primaryimage\",\"url\":\"https:\\\/\\\/abc-latina.com\\\/wp-content\\\/uploads\\\/2010\\\/06\\\/logoAltiplano2017.gif\",\"contentUrl\":\"https:\\\/\\\/abc-latina.com\\\/wp-content\\\/uploads\\\/2010\\\/06\\\/logoAltiplano2017.gif\",\"width\":120,\"height\":110},{\"@type\":\"BreadcrumbList\",\"@id\":\"https:\\\/\\\/abc-latina.com\\\/salvador\\\/tour_operateur\\\/#breadcrumb\",\"itemListElement\":[{\"@type\":\"ListItem\",\"position\":1,\"name\":\"Accueil\",\"item\":\"https:\\\/\\\/abc-latina.com\\\/\"},{\"@type\":\"ListItem\",\"position\":2,\"name\":\"TOUR OPERATEURS EL SALVADOR\"}]},{\"@type\":\"WebSite\",\"@id\":\"https:\\\/\\\/abc-latina.com\\\/#website\",\"url\":\"https:\\\/\\\/abc-latina.com\\\/\",\"name\":\"Abc-latina\",\"description\":\"\",\"publisher\":{\"@id\":\"https:\\\/\\\/abc-latina.com\\\/#organization\"},\"potentialAction\":[{\"@type\":\"SearchAction\",\"target\":{\"@type\":\"EntryPoint\",\"urlTemplate\":\"https:\\\/\\\/abc-latina.com\\\/?s={search_term_string}\"},\"query-input\":{\"@type\":\"PropertyValueSpecification\",\"valueRequired\":true,\"valueName\":\"search_term_string\"}}],\"inLanguage\":\"fr-FR\"},{\"@type\":\"Organization\",\"@id\":\"https:\\\/\\\/abc-latina.com\\\/#organization\",\"name\":\"Abc-latina\",\"url\":\"https:\\\/\\\/abc-latina.com\\\/\",\"logo\":{\"@type\":\"ImageObject\",\"inLanguage\":\"fr-FR\",\"@id\":\"https:\\\/\\\/abc-latina.com\\\/#\\\/schema\\\/logo\\\/image\\\/\",\"url\":\"https:\\\/\\\/abc-latina.com\\\/wp-content\\\/uploads\\\/2026\\\/05\\\/cropped-logo.gif\",\"contentUrl\":\"https:\\\/\\\/abc-latina.com\\\/wp-content\\\/uploads\\\/2026\\\/05\\\/cropped-logo.gif\",\"width\":89,\"height\":84,\"caption\":\"Abc-latina\"},\"image\":{\"@id\":\"https:\\\/\\\/abc-latina.com\\\/#\\\/schema\\\/logo\\\/image\\\/\"}}]}<\/script>\n<!-- \/ Yoast SEO plugin. -->","yoast_head_json":{"title":"TOUR OPERATEURS EL SALVADOR - Abc-latina","description":"Tour-op\u00e9rateurs pour voyager au Salvador. De vrais pros du pays pour pr\u00e9parer: Exp\u00e9ditions, circuits touristique, aventures ...","robots":{"index":"index","follow":"follow","max-snippet":"max-snippet:-1","max-image-preview":"max-image-preview:large","max-video-preview":"max-video-preview:-1"},"canonical":"https:\/\/abc-latina.com\/salvador\/tour_operateur\/","og_locale":"fr_FR","og_type":"article","og_title":"TOUR OPERATEURS EL SALVADOR - Abc-latina","og_description":"Tour-op\u00e9rateurs pour voyager au Salvador. De vrais pros du pays pour pr\u00e9parer: Exp\u00e9ditions, circuits touristique, aventures ...","og_url":"https:\/\/abc-latina.com\/salvador\/tour_operateur\/","og_site_name":"Abc-latina","article_modified_time":"2026-04-30T16:25:25+00:00","og_image":[{"width":120,"height":110,"url":"https:\/\/abc-latina.com\/wp-content\/uploads\/2010\/06\/logoAltiplano2017.gif","type":"image\/gif"}],"twitter_card":"summary_large_image","schema":{"@context":"https:\/\/schema.org","@graph":[{"@type":"WebPage","@id":"https:\/\/abc-latina.com\/salvador\/tour_operateur\/","url":"https:\/\/abc-latina.com\/salvador\/tour_operateur\/","name":"TOUR OPERATEURS EL SALVADOR - Abc-latina","isPartOf":{"@id":"https:\/\/abc-latina.com\/#website"},"primaryImageOfPage":{"@id":"https:\/\/abc-latina.com\/salvador\/tour_operateur\/#primaryimage"},"image":{"@id":"https:\/\/abc-latina.com\/salvador\/tour_operateur\/#primaryimage"},"thumbnailUrl":"https:\/\/abc-latina.com\/wp-content\/uploads\/2010\/06\/logoAltiplano2017.gif","datePublished":"2010-07-31T19:43:34+00:00","dateModified":"2026-04-30T16:25:25+00:00","description":"Tour-op\u00e9rateurs pour voyager au Salvador. De vrais pros du pays pour pr\u00e9parer: Exp\u00e9ditions, circuits touristique, aventures ...","breadcrumb":{"@id":"https:\/\/abc-latina.com\/salvador\/tour_operateur\/#breadcrumb"},"inLanguage":"fr-FR","potentialAction":[{"@type":"ReadAction","target":["https:\/\/abc-latina.com\/salvador\/tour_operateur\/"]}]},{"@type":"ImageObject","inLanguage":"fr-FR","@id":"https:\/\/abc-latina.com\/salvador\/tour_operateur\/#primaryimage","url":"https:\/\/abc-latina.com\/wp-content\/uploads\/2010\/06\/logoAltiplano2017.gif","contentUrl":"https:\/\/abc-latina.com\/wp-content\/uploads\/2010\/06\/logoAltiplano2017.gif","width":120,"height":110},{"@type":"BreadcrumbList","@id":"https:\/\/abc-latina.com\/salvador\/tour_operateur\/#breadcrumb","itemListElement":[{"@type":"ListItem","position":1,"name":"Accueil","item":"https:\/\/abc-latina.com\/"},{"@type":"ListItem","position":2,"name":"TOUR OPERATEURS EL SALVADOR"}]},{"@type":"WebSite","@id":"https:\/\/abc-latina.com\/#website","url":"https:\/\/abc-latina.com\/","name":"Abc-latina","description":"","publisher":{"@id":"https:\/\/abc-latina.com\/#organization"},"potentialAction":[{"@type":"SearchAction","target":{"@type":"EntryPoint","urlTemplate":"https:\/\/abc-latina.com\/?s={search_term_string}"},"query-input":{"@type":"PropertyValueSpecification","valueRequired":true,"valueName":"search_term_string"}}],"inLanguage":"fr-FR"},{"@type":"Organization","@id":"https:\/\/abc-latina.com\/#organization","name":"Abc-latina","url":"https:\/\/abc-latina.com\/","logo":{"@type":"ImageObject","inLanguage":"fr-FR","@id":"https:\/\/abc-latina.com\/#\/schema\/logo\/image\/","url":"https:\/\/abc-latina.com\/wp-content\/uploads\/2026\/05\/cropped-logo.gif","contentUrl":"https:\/\/abc-latina.com\/wp-content\/uploads\/2026\/05\/cropped-logo.gif","width":89,"height":84,"caption":"Abc-latina"},"image":{"@id":"https:\/\/abc-latina.com\/#\/schema\/logo\/image\/"}}]}},"_links":{"self":[{"href":"https:\/\/abc-latina.com\/wp-json\/wp\/v2\/pages\/1920","targetHints":{"allow":["GET"]}}],"collection":[{"href":"https:\/\/abc-latina.com\/wp-json\/wp\/v2\/pages"}],"about":[{"href":"https:\/\/abc-latina.com\/wp-json\/wp\/v2\/types\/page"}],"author":[{"embeddable":true,"href":"https:\/\/abc-latina.com\/wp-json\/wp\/v2\/users\/3"}],"replies":[{"embeddable":true,"href":"https:\/\/abc-latina.com\/wp-json\/wp\/v2\/comments?post=1920"}],"version-history":[{"count":1,"href":"https:\/\/abc-latina.com\/wp-json\/wp\/v2\/pages\/1920\/revisions"}],"predecessor-version":[{"id":3914,"href":"https:\/\/abc-latina.com\/wp-json\/wp\/v2\/pages\/1920\/revisions\/3914"}],"up":[{"embeddable":true,"href":"https:\/\/abc-latina.com\/wp-json\/wp\/v2\/pages\/2318"}],"wp:featuredmedia":[{"embeddable":true,"href":"https:\/\/abc-latina.com\/wp-json\/wp\/v2\/media\/138"}],"wp:attachment":[{"href":"https:\/\/abc-latina.com\/wp-json\/wp\/v2\/media?parent=1920"}],"curies":[{"name":"wp","href":"https:\/\/api.w.org\/{rel}","templated":true}]}}