{"id":1932,"date":"2010-07-31T23:11:51","date_gmt":"2010-07-31T21:11:51","guid":{"rendered":"http:\/\/abc-latina.com\/caoutchouc-php\/"},"modified":"2026-04-30T18:24:40","modified_gmt":"2026-04-30T16:24:40","slug":"caoutchouc","status":"publish","type":"page","link":"https:\/\/abc-latina.com\/amazonie\/caoutchouc\/","title":{"rendered":"Le CAOUTCHOUC"},"content":{"rendered":"<div style=\"text-align: center; \"><font size=\"1\" color=\"#0000ff\"><b><font face=\"Arial\"><font size=\"1\" face=\"Verdana, Arial, Helvetica, sans-serif\" color=\"#3f0f7d\"><b><font size=\"1\" color=\"#0000ff\"><b><font face=\"Arial\"><font size=\"1\" face=\"Verdana, Arial, Helvetica, sans-serif\" color=\"#3f0f7d\"><b><a target=\"_blank\" href=\"https:\/\/www.abc-latina.com\/bolivie\/amazonie\"><font color=\"#538efd\">BOLIVIE<\/font><\/a><\/b><\/font><\/font><\/b><\/font> <font size=\"1\" color=\"#0000ff\"><b><font face=\"Arial\"><font size=\"3\" color=\"#ff8000\"><strong>.<\/strong><\/font> <\/font><\/b><\/font><font size=\"1\" color=\"#0000ff\"><b><font face=\"Arial\"><font size=\"1\" face=\"Verdana, Arial, Helvetica, sans-serif\" color=\"#3f0f7d\"><b><a target=\"_blank\" href=\"https:\/\/www.abc-latina.com\/bresil\/amazonie\"><font color=\"#538efd\">BRESIL<\/font><\/a><\/b><\/font><\/font><\/b><\/font>  <font size=\"1\" color=\"#0000ff\"><b><font face=\"Arial\"><font size=\"3\" color=\"#ff8000\"><strong>.<\/strong><\/font> <font size=\"1\" face=\"Verdana, Arial, Helvetica, sans-serif\" color=\"#3f0f7d\"><b><a target=\"_blank\" href=\"https:\/\/www.abc-latina.com\/colombie\/amazonie\"><font color=\"#538efd\">COLOMBIE<\/font><\/a><\/b><\/font><\/font><\/b><\/font> <font size=\"1\" color=\"#0000ff\"><b><font face=\"Arial\"><font size=\"1\" face=\"Verdana, Arial, Helvetica, sans-serif\" color=\"#3f0f7d\"><b><a target=\"_blank\" href=\"https:\/\/www.abc-latina.com\/costarica\/histoire\"><font color=\"#ff8000\"><strong>.<font color=\"#538efd\">  <\/font><\/strong><\/font><\/a><\/b><\/font><\/font><\/b><\/font><font size=\"1\" color=\"#0000ff\"><b><font face=\"Arial\"><font size=\"1\" face=\"Verdana, Arial, Helvetica, sans-serif\" color=\"#3f0f7d\"><b><a target=\"_blank\" href=\"https:\/\/www.abc-latina.com\/equateur\/voyages\/amazonie\"><font color=\"#538efd\">EQUATEUR<\/font><\/a><\/b><\/font><\/font><\/b><\/font> <font size=\"1\" color=\"#0000ff\"><b><font face=\"Arial\"><font size=\"3\" color=\"#ff8000\"><strong>.<font size=\"1\" face=\"Verdana, Arial, Helvetica, sans-serif\" color=\"#538efd\">  <\/font><\/strong><\/font><\/font><\/b><\/font><font size=\"1\" color=\"#0000ff\"><b><font face=\"Arial\"><font size=\"1\" face=\"Verdana, Arial, Helvetica, sans-serif\" color=\"#3f0f7d\"><b><a target=\"_blank\" href=\"https:\/\/www.abc-latina.com\/perou\/amazonie\"><font color=\"#538efd\">PEROU  <\/font><\/a><\/b><\/font><font size=\"3\" color=\"#ff8000\"><strong>.<font size=\"1\" face=\"Verdana, Arial, Helvetica, sans-serif\" color=\"#538efd\">  <\/font><\/strong><\/font><\/font><\/b><\/font><font size=\"1\" color=\"#0000ff\"><b><font face=\"Arial\"><font size=\"1\" face=\"Verdana, Arial, Helvetica, sans-serif\" color=\"#3f0f7d\"><b><a target=\"_blank\" href=\"https:\/\/www.abc-latina.com\/venezuela\/amazonie\"><font color=\"#538efd\">VENEZUELA<\/font><\/a><\/b><\/font><\/font><\/b><\/font><\/b><\/font><\/font><\/b><\/font><\/div>\n<div><span style=\"font-size: small;\"><font color=\"#0000ff\"><font face=\"Arial\"><font face=\"Verdana, Arial, Helvetica, sans-serif\" color=\"#3f0f7d\">&nbsp;<\/font><\/font><\/font><\/span><\/div>\n<div><span style=\"font-size: small;\"><font color=\"#0000ff\"><font face=\"Arial\"><font face=\"Verdana, Arial, Helvetica, sans-serif\" color=\"#3f0f7d\">Au milieu du 19\u00e9me si\u00e8cle, la grande richesse de l&rsquo;Amazonie fut la r\u00e9colte du latex ; des millions d&rsquo;h\u00e9v\u00e9as, diss\u00e9min\u00e9s dans la for\u00eat vierge, allaient ouvrir une \u00e9poque fantastique dans cette r\u00e9gion oubli\u00e9e. Les seringueiros (saigneurs d&rsquo;h\u00e9v\u00e9as) partaient dans la for\u00eat \u00e0 la recherche du pr\u00e9cieux produit. Mais seuls les propri\u00e9taires des seringais (zones o\u00f9 poussent les h\u00e9v\u00e9as) et les aviadores (commer\u00e7ants de Manaus), qui \u00e9changeaient le caoutchouc, s&rsquo;enrichissaient. La vie dans la for\u00eat \u00e9tait particuli\u00e8rement dure et les seringueiros, victimes de la malaria, des insectes et des tribus indiennes, \u00e9taient de v\u00e9ritables bagnards. Aujourd&rsquo;hui, la r\u00e9colte du latex est peu importante et le Br\u00e9sil importe la majeure partie du caoutchouc n\u00e9cessaire \u00e0 son industrie.<\/font><\/font><\/font><\/span><\/div>\n","protected":false},"excerpt":{"rendered":"<p>BOLIVIE . BRESIL . COLOMBIE . EQUATEUR . PEROU . VENEZUELA &nbsp; Au milieu du 19\u00e9me si\u00e8cle, la grande richesse [&hellip;]<\/p>\n","protected":false},"author":3,"featured_media":0,"parent":2641,"menu_order":0,"comment_status":"closed","ping_status":"closed","template":"","meta":{"site-sidebar-layout":"default","site-content-layout":"","ast-site-content-layout":"default","site-content-style":"default","site-sidebar-style":"default","ast-global-header-display":"","ast-banner-title-visibility":"","ast-main-header-display":"","ast-hfb-above-header-display":"","ast-hfb-below-header-display":"","ast-hfb-mobile-header-display":"","site-post-title":"","ast-breadcrumbs-content":"","ast-featured-img":"","footer-sml-layout":"","ast-disable-related-posts":"","theme-transparent-header-meta":"","adv-header-id-meta":"","stick-header-meta":"","header-above-stick-meta":"","header-main-stick-meta":"","header-below-stick-meta":"","astra-migrate-meta-layouts":"default","ast-page-background-enabled":"default","ast-page-background-meta":{"desktop":{"background-color":"var(--ast-global-color-5)","background-image":"","background-repeat":"repeat","background-position":"center center","background-size":"auto","background-attachment":"scroll","background-type":"","background-media":"","overlay-type":"","overlay-color":"","overlay-opacity":"","overlay-gradient":""},"tablet":{"background-color":"","background-image":"","background-repeat":"repeat","background-position":"center center","background-size":"auto","background-attachment":"scroll","background-type":"","background-media":"","overlay-type":"","overlay-color":"","overlay-opacity":"","overlay-gradient":""},"mobile":{"background-color":"","background-image":"","background-repeat":"repeat","background-position":"center center","background-size":"auto","background-attachment":"scroll","background-type":"","background-media":"","overlay-type":"","overlay-color":"","overlay-opacity":"","overlay-gradient":""}},"ast-content-background-meta":{"desktop":{"background-color":"var(--ast-global-color-4)","background-image":"","background-repeat":"repeat","background-position":"center center","background-size":"auto","background-attachment":"scroll","background-type":"","background-media":"","overlay-type":"","overlay-color":"","overlay-opacity":"","overlay-gradient":""},"tablet":{"background-color":"var(--ast-global-color-4)","background-image":"","background-repeat":"repeat","background-position":"center center","background-size":"auto","background-attachment":"scroll","background-type":"","background-media":"","overlay-type":"","overlay-color":"","overlay-opacity":"","overlay-gradient":""},"mobile":{"background-color":"var(--ast-global-color-4)","background-image":"","background-repeat":"repeat","background-position":"center center","background-size":"auto","background-attachment":"scroll","background-type":"","background-media":"","overlay-type":"","overlay-color":"","overlay-opacity":"","overlay-gradient":""}},"footnotes":""},"class_list":["post-1932","page","type-page","status-publish","hentry"],"yoast_head":"<!-- This site is optimized with the Yoast SEO plugin v27.5 - https:\/\/yoast.com\/product\/yoast-seo-wordpress\/ -->\n<title>Le CAOUTCHOUC - Abc-latina<\/title>\n<meta name=\"description\" content=\"L&#039;histoire du caoutchouc en Amazonie.\" \/>\n<meta name=\"robots\" content=\"index, follow, max-snippet:-1, max-image-preview:large, max-video-preview:-1\" \/>\n<link rel=\"canonical\" href=\"https:\/\/abc-latina.com\/amazonie\/caoutchouc\/\" \/>\n<meta property=\"og:locale\" content=\"fr_FR\" \/>\n<meta property=\"og:type\" content=\"article\" \/>\n<meta property=\"og:title\" content=\"Le CAOUTCHOUC - Abc-latina\" \/>\n<meta property=\"og:description\" content=\"L&#039;histoire du caoutchouc en Amazonie.\" \/>\n<meta property=\"og:url\" content=\"https:\/\/abc-latina.com\/amazonie\/caoutchouc\/\" \/>\n<meta property=\"og:site_name\" content=\"Abc-latina\" \/>\n<meta property=\"article:modified_time\" content=\"2026-04-30T16:24:40+00:00\" \/>\n<meta name=\"twitter:card\" content=\"summary_large_image\" \/>\n<meta name=\"twitter:label1\" content=\"Dur\u00e9e de lecture estim\u00e9e\" \/>\n\t<meta name=\"twitter:data1\" content=\"1 minute\" \/>\n<script type=\"application\/ld+json\" class=\"yoast-schema-graph\">{\"@context\":\"https:\\\/\\\/schema.org\",\"@graph\":[{\"@type\":\"WebPage\",\"@id\":\"https:\\\/\\\/abc-latina.com\\\/amazonie\\\/caoutchouc\\\/\",\"url\":\"https:\\\/\\\/abc-latina.com\\\/amazonie\\\/caoutchouc\\\/\",\"name\":\"Le CAOUTCHOUC - Abc-latina\",\"isPartOf\":{\"@id\":\"https:\\\/\\\/abc-latina.com\\\/#website\"},\"datePublished\":\"2010-07-31T21:11:51+00:00\",\"dateModified\":\"2026-04-30T16:24:40+00:00\",\"description\":\"L'histoire du caoutchouc en Amazonie.\",\"breadcrumb\":{\"@id\":\"https:\\\/\\\/abc-latina.com\\\/amazonie\\\/caoutchouc\\\/#breadcrumb\"},\"inLanguage\":\"fr-FR\",\"potentialAction\":[{\"@type\":\"ReadAction\",\"target\":[\"https:\\\/\\\/abc-latina.com\\\/amazonie\\\/caoutchouc\\\/\"]}]},{\"@type\":\"BreadcrumbList\",\"@id\":\"https:\\\/\\\/abc-latina.com\\\/amazonie\\\/caoutchouc\\\/#breadcrumb\",\"itemListElement\":[{\"@type\":\"ListItem\",\"position\":1,\"name\":\"Accueil\",\"item\":\"https:\\\/\\\/abc-latina.com\\\/\"},{\"@type\":\"ListItem\",\"position\":2,\"name\":\"Le CAOUTCHOUC\"}]},{\"@type\":\"WebSite\",\"@id\":\"https:\\\/\\\/abc-latina.com\\\/#website\",\"url\":\"https:\\\/\\\/abc-latina.com\\\/\",\"name\":\"Abc-latina\",\"description\":\"\",\"publisher\":{\"@id\":\"https:\\\/\\\/abc-latina.com\\\/#organization\"},\"potentialAction\":[{\"@type\":\"SearchAction\",\"target\":{\"@type\":\"EntryPoint\",\"urlTemplate\":\"https:\\\/\\\/abc-latina.com\\\/?s={search_term_string}\"},\"query-input\":{\"@type\":\"PropertyValueSpecification\",\"valueRequired\":true,\"valueName\":\"search_term_string\"}}],\"inLanguage\":\"fr-FR\"},{\"@type\":\"Organization\",\"@id\":\"https:\\\/\\\/abc-latina.com\\\/#organization\",\"name\":\"Abc-latina\",\"url\":\"https:\\\/\\\/abc-latina.com\\\/\",\"logo\":{\"@type\":\"ImageObject\",\"inLanguage\":\"fr-FR\",\"@id\":\"https:\\\/\\\/abc-latina.com\\\/#\\\/schema\\\/logo\\\/image\\\/\",\"url\":\"https:\\\/\\\/abc-latina.com\\\/wp-content\\\/uploads\\\/2026\\\/05\\\/cropped-logo.gif\",\"contentUrl\":\"https:\\\/\\\/abc-latina.com\\\/wp-content\\\/uploads\\\/2026\\\/05\\\/cropped-logo.gif\",\"width\":89,\"height\":84,\"caption\":\"Abc-latina\"},\"image\":{\"@id\":\"https:\\\/\\\/abc-latina.com\\\/#\\\/schema\\\/logo\\\/image\\\/\"}}]}<\/script>\n<!-- \/ Yoast SEO plugin. -->","yoast_head_json":{"title":"Le CAOUTCHOUC - Abc-latina","description":"L'histoire du caoutchouc en Amazonie.","robots":{"index":"index","follow":"follow","max-snippet":"max-snippet:-1","max-image-preview":"max-image-preview:large","max-video-preview":"max-video-preview:-1"},"canonical":"https:\/\/abc-latina.com\/amazonie\/caoutchouc\/","og_locale":"fr_FR","og_type":"article","og_title":"Le CAOUTCHOUC - Abc-latina","og_description":"L'histoire du caoutchouc en Amazonie.","og_url":"https:\/\/abc-latina.com\/amazonie\/caoutchouc\/","og_site_name":"Abc-latina","article_modified_time":"2026-04-30T16:24:40+00:00","twitter_card":"summary_large_image","twitter_misc":{"Dur\u00e9e de lecture estim\u00e9e":"1 minute"},"schema":{"@context":"https:\/\/schema.org","@graph":[{"@type":"WebPage","@id":"https:\/\/abc-latina.com\/amazonie\/caoutchouc\/","url":"https:\/\/abc-latina.com\/amazonie\/caoutchouc\/","name":"Le CAOUTCHOUC - Abc-latina","isPartOf":{"@id":"https:\/\/abc-latina.com\/#website"},"datePublished":"2010-07-31T21:11:51+00:00","dateModified":"2026-04-30T16:24:40+00:00","description":"L'histoire du caoutchouc en Amazonie.","breadcrumb":{"@id":"https:\/\/abc-latina.com\/amazonie\/caoutchouc\/#breadcrumb"},"inLanguage":"fr-FR","potentialAction":[{"@type":"ReadAction","target":["https:\/\/abc-latina.com\/amazonie\/caoutchouc\/"]}]},{"@type":"BreadcrumbList","@id":"https:\/\/abc-latina.com\/amazonie\/caoutchouc\/#breadcrumb","itemListElement":[{"@type":"ListItem","position":1,"name":"Accueil","item":"https:\/\/abc-latina.com\/"},{"@type":"ListItem","position":2,"name":"Le CAOUTCHOUC"}]},{"@type":"WebSite","@id":"https:\/\/abc-latina.com\/#website","url":"https:\/\/abc-latina.com\/","name":"Abc-latina","description":"","publisher":{"@id":"https:\/\/abc-latina.com\/#organization"},"potentialAction":[{"@type":"SearchAction","target":{"@type":"EntryPoint","urlTemplate":"https:\/\/abc-latina.com\/?s={search_term_string}"},"query-input":{"@type":"PropertyValueSpecification","valueRequired":true,"valueName":"search_term_string"}}],"inLanguage":"fr-FR"},{"@type":"Organization","@id":"https:\/\/abc-latina.com\/#organization","name":"Abc-latina","url":"https:\/\/abc-latina.com\/","logo":{"@type":"ImageObject","inLanguage":"fr-FR","@id":"https:\/\/abc-latina.com\/#\/schema\/logo\/image\/","url":"https:\/\/abc-latina.com\/wp-content\/uploads\/2026\/05\/cropped-logo.gif","contentUrl":"https:\/\/abc-latina.com\/wp-content\/uploads\/2026\/05\/cropped-logo.gif","width":89,"height":84,"caption":"Abc-latina"},"image":{"@id":"https:\/\/abc-latina.com\/#\/schema\/logo\/image\/"}}]}},"_links":{"self":[{"href":"https:\/\/abc-latina.com\/wp-json\/wp\/v2\/pages\/1932","targetHints":{"allow":["GET"]}}],"collection":[{"href":"https:\/\/abc-latina.com\/wp-json\/wp\/v2\/pages"}],"about":[{"href":"https:\/\/abc-latina.com\/wp-json\/wp\/v2\/types\/page"}],"author":[{"embeddable":true,"href":"https:\/\/abc-latina.com\/wp-json\/wp\/v2\/users\/3"}],"replies":[{"embeddable":true,"href":"https:\/\/abc-latina.com\/wp-json\/wp\/v2\/comments?post=1932"}],"version-history":[{"count":1,"href":"https:\/\/abc-latina.com\/wp-json\/wp\/v2\/pages\/1932\/revisions"}],"predecessor-version":[{"id":2965,"href":"https:\/\/abc-latina.com\/wp-json\/wp\/v2\/pages\/1932\/revisions\/2965"}],"up":[{"embeddable":true,"href":"https:\/\/abc-latina.com\/wp-json\/wp\/v2\/pages\/2641"}],"wp:attachment":[{"href":"https:\/\/abc-latina.com\/wp-json\/wp\/v2\/media?parent=1932"}],"curies":[{"name":"wp","href":"https:\/\/api.w.org\/{rel}","templated":true}]}}