{"id":1934,"date":"2010-07-31T23:16:30","date_gmt":"2010-07-31T21:16:30","guid":{"rendered":"http:\/\/abc-latina.com\/faune-flore-php\/"},"modified":"2026-04-30T18:24:40","modified_gmt":"2026-04-30T16:24:40","slug":"faune-flore","status":"publish","type":"page","link":"https:\/\/abc-latina.com\/amazonie\/faune-flore\/","title":{"rendered":"FAUNE &#038; FLORE &#8211; AMAZONIE"},"content":{"rendered":"<div style=\"text-align: center; \"><font size=\"1\" color=\"#0000ff\"><b><font face=\"Arial\"><font size=\"1\" face=\"Verdana, Arial, Helvetica, sans-serif\" color=\"#3f0f7d\"><b><a target=\"_blank\" href=\"http:\/\/www.abc-latina.com\/bolivie\/amazonie\"><font color=\"#538efd\">BOLIVIE<\/font><\/a><\/b><\/font><\/font><\/b><\/font> <font size=\"1\" color=\"#0000ff\"><b><font face=\"Arial\"><font size=\"3\" color=\"#ff8000\"><strong>.<\/strong><\/font> <\/font><\/b><\/font><font size=\"1\" color=\"#0000ff\"><b><font face=\"Arial\"><font size=\"1\" face=\"Verdana, Arial, Helvetica, sans-serif\" color=\"#3f0f7d\"><b><font size=\"1\" color=\"#0000ff\"><b><font face=\"Arial\"><font size=\"1\" face=\"Verdana, Arial, Helvetica, sans-serif\" color=\"#3f0f7d\"><b><a target=\"_blank\" href=\"https:\/\/www.abc-latina.com\/bolivie\/amazonie\"><font color=\"#538efd\">BOLIVIE<\/font><\/a><\/b><\/font><\/font><\/b><\/font> <font size=\"1\" color=\"#0000ff\"><b><font face=\"Arial\"><font size=\"3\" color=\"#ff8000\"><strong>.<\/strong><\/font> <\/font><\/b><\/font><font size=\"1\" color=\"#0000ff\"><b><font face=\"Arial\"><font size=\"1\" face=\"Verdana, Arial, Helvetica, sans-serif\" color=\"#3f0f7d\"><b><a target=\"_blank\" href=\"https:\/\/www.abc-latina.com\/bresil\/amazonie\"><font color=\"#538efd\">BRESIL<\/font><\/a><\/b><\/font><\/font><\/b><\/font>  <font size=\"1\" color=\"#0000ff\"><b><font face=\"Arial\"><font size=\"3\" color=\"#ff8000\"><strong>.<\/strong><\/font> <font size=\"1\" face=\"Verdana, Arial, Helvetica, sans-serif\" color=\"#3f0f7d\"><b><a target=\"_blank\" href=\"https:\/\/www.abc-latina.com\/colombie\/amazonie\"><font color=\"#538efd\">COLOMBIE<\/font><\/a><\/b><\/font><\/font><\/b><\/font> <font size=\"1\" color=\"#0000ff\"><b><font face=\"Arial\"><font size=\"1\" face=\"Verdana, Arial, Helvetica, sans-serif\" color=\"#3f0f7d\"><b><a target=\"_blank\" href=\"https:\/\/www.abc-latina.com\/costarica\/histoire\"><font color=\"#ff8000\"><strong>.<font color=\"#538efd\">  <\/font><\/strong><\/font><\/a><\/b><\/font><\/font><\/b><\/font><font size=\"1\" color=\"#0000ff\"><b><font face=\"Arial\"><font size=\"1\" face=\"Verdana, Arial, Helvetica, sans-serif\" color=\"#3f0f7d\"><b><a target=\"_blank\" href=\"https:\/\/www.abc-latina.com\/equateur\/voyages\/amazonie\"><font color=\"#538efd\">EQUATEUR<\/font><\/a><\/b><\/font><\/font><\/b><\/font> <font size=\"1\" color=\"#0000ff\"><b><font face=\"Arial\"><font size=\"3\" color=\"#ff8000\"><strong>.<font size=\"1\" face=\"Verdana, Arial, Helvetica, sans-serif\" color=\"#538efd\">  <\/font><\/strong><\/font><\/font><\/b><\/font><font size=\"1\" color=\"#0000ff\"><b><font face=\"Arial\"><font size=\"1\" face=\"Verdana, Arial, Helvetica, sans-serif\" color=\"#3f0f7d\"><b><a target=\"_blank\" href=\"https:\/\/www.abc-latina.com\/perou\/amazonie\"><font color=\"#538efd\">PEROU  <\/font><\/a><\/b><\/font><font size=\"3\" color=\"#ff8000\"><strong>.<font size=\"1\" face=\"Verdana, Arial, Helvetica, sans-serif\" color=\"#538efd\">  <\/font><\/strong><\/font><\/font><\/b><\/font><font size=\"1\" color=\"#0000ff\"><b><font face=\"Arial\"><font size=\"1\" face=\"Verdana, Arial, Helvetica, sans-serif\" color=\"#3f0f7d\"><b><a target=\"_blank\" href=\"https:\/\/www.abc-latina.com\/venezuela\/amazonie\"><font color=\"#538efd\">VENEZUELA<\/font><\/a><\/b><\/font><\/font><\/b><\/font><\/b><\/font><\/font><\/b><\/font><\/div>\n<div><font size=\"1\" color=\"#0000ff\"><font face=\"Arial\"><font size=\"1\" face=\"Verdana, Arial, Helvetica, sans-serif\" color=\"#3f0f7d\"><b>&nbsp;<\/b><\/font><\/font><\/font><\/div>\n<div><span style=\"font-size: small;\"><font color=\"#0000ff\"><font face=\"Arial\"><font face=\"Verdana, Arial, Helvetica, sans-serif\" color=\"#3f0f7d\">Le heurt de la for\u00eat et du grand fleuve, le d\u00e9bordement de masses d&rsquo;eau incomparables, 3.000 esp\u00e8ces de plantes et autant de poissons, 2.300 types d&rsquo;oiseaux, 250 esp\u00e8ces de mammif\u00e8res, des animaux qui n&rsquo;existent nulle part ailleurs au monde : l&rsquo;Amazonie regroupe la faune et la flore les plus vari\u00e9es du monde.<\/font><\/font><\/font><\/span><\/div>\n<p><span style=\"font-size: small;\"><font color=\"#0000ff\"><font face=\"Arial\"><font face=\"Verdana, Arial, Helvetica, sans-serif\" color=\"#3f0f7d\"> <\/font><\/font><\/font><\/span><\/p>\n<div>&nbsp;<\/div>\n<p><span style=\"font-size: small;\"><\/p>\n<div><font color=\"#0000ff\"><font face=\"Arial\"><font face=\"Verdana, Arial, Helvetica, sans-serif\" color=\"#3f0f7d\">La flore a d\u00fb d&rsquo;adapter aux conditions de vie dans un for\u00eat gorg\u00e9s d&rsquo;eau, o\u00f9 vit le petit monde des animaux terrestres : le puma et sa proie favorite, le cerf des marais, l&rsquo;ocelot, le jaguar.<\/font><\/font><\/font><\/div>\n<p><font color=\"#0000ff\"><font face=\"Arial\"><font face=\"Verdana, Arial, Helvetica, sans-serif\" color=\"#3f0f7d\"> <\/font><\/font><\/font><\/span><font size=\"1\" color=\"#0000ff\"><font face=\"Arial\"><font size=\"1\" face=\"Verdana, Arial, Helvetica, sans-serif\" color=\"#3f0f7d\"><\/p>\n<div><span style=\"font-size: small;\">Les arbres abritent g\u00e9n\u00e9ralement une faune abondante et vari\u00e9e ; on y trouve des oiseaux par milliers, aras, toucans, harpies, oiseaux-mouches, et les grands acrobates de la for\u00eat, les singes et les ouistitis. Entre les arbres et les feuilles g\u00e9antes, c&rsquo;est un carnaval de bestioles qui hante la for\u00eat : des myriades de papillons, des phal\u00e8nes au masque de hibou, des gu\u00eapes, des abeilles, des fourmis, mais aussi des araign\u00e9es, des chenilles en &quot; grappes &quot;, des termites et des serpents. Les fameux paresseux logent \u00e9galement dans ces arbres ; ils se d\u00e9placent avec une infinie lenteur et, fatigu\u00e9s de leur marche, se pendent la t\u00eate en bas aux branches &hellip; ils peuvent demeurer ainsi des mois entiers !<\/span><\/div>\n<div><span style=\"font-size: small;\">Au bord de l&rsquo;eau, la for\u00eat n&rsquo;est pas moins habit\u00e9e : le tapir, avec son corps massif et sa dr\u00f4le de trompe, qui se cache dans les marias, le cabiai, ce rongeur qui ressemble au cochon et vit sur les berges, le lamantin (ou veau de mer) et le tamanoir (ou grand fourmilier), sont quelques exemples des animaux qui peuplent cette vaste jungle. C&rsquo;est plus particuli\u00e8rement dans les rivi\u00e8res que vivent les impressionnants anacondas, les ca\u00efmans, les batraciens, les poissons chats qu&rsquo;on attrape \u00e0 la main, les jacar\u00e9s (crocodiles se p\u00eachant \u00e0 la lanterne), les tucunar\u00e9s \u00e0 la chair d\u00e9licieuse, les poissons \u00e9lectriques qui donnent les d\u00e9charges aux arbres pour en faire tomber les fruits, les pirarucus dont les grandes \u00e9cailles dures servent de limes \u00e0 ongles, le redoutable piranha dont la voracit\u00e9 est l\u00e9gendaire, etc.<\/span><\/div>\n<div><span style=\"font-size: small;\">&nbsp;<\/span><\/div>\n<div><span style=\"font-size: small;\">Cette for\u00eat exub\u00e9rante, la plus grande du monde, est aussi la plus ancienne : elle demeure presque inchang\u00e9e depuis 100 millions d&rsquo;ann\u00e9es ! Le climat, toujours chaud et humide, y est tel que tous les cycles de v\u00e9g\u00e9tation ont lieu en m\u00eame temps : germination, bourgeonnement, floraison, chute des feuilles ; les arbres donnent des fruits \u00e0 tout moment de l&rsquo;ann\u00e9e.<\/span><\/div>\n<div><span style=\"font-size: small;\">C&rsquo;est une for\u00eat \u00e0 \u00e9tages, avec des couronnes successives d&rsquo;arbres qui entretiennent une p\u00e9nombre verte, dense, avec une infinit\u00e9 de lianes qui ajoutent leurs entrelacs aux branches des arbres et, s&rsquo;appuyant les unes aux autres, cr\u00e9ent \u00e0 moyenne hauteur un univers v\u00e9g\u00e9tal qui laisse \u00e0 peine filtrer quelques rayons lumineux.<\/span><\/div>\n<div><span style=\"font-size: small;\">La raret\u00e9 des fleurs est un \u00e9l\u00e9ment surprenant : en pleine lumi\u00e8re vagabondent des plantes a\u00e9riennes et des orchid\u00e9es accroch\u00e9es au sommet des arbres qui ont pu \u00e9chapper \u00e0 cet univers sombre ; dans les clairi\u00e8res ensoleill\u00e9es, on trouve des passiflores (fleurs de la passion), et sur la surface de l&rsquo;eau, les jacinthes d&rsquo;eau et les merveilleux vitorias regias, n\u00e9nuphars g\u00e9ants qui mettent une note de couleur rose et blanche dans ce grand univers vert.<\/span><\/div>\n<div><span style=\"font-size: small;\">&nbsp;<\/span><\/div>\n<div><a target=\"_blank\" href=\"https:\/\/www.abc-latina.com\/amerique_latine\/flore-faune\/\"><span style=\"font-size: small;\">La Faune et la flore en Am\u00e9rique latine<\/span><\/a><\/div>\n<p><\/font><\/font><\/font><\/p>\n<p>&nbsp;<\/p>\n","protected":false},"excerpt":{"rendered":"<p>BOLIVIE . BOLIVIE . BRESIL . COLOMBIE . EQUATEUR . PEROU . VENEZUELA &nbsp; Le heurt de la for\u00eat et [&hellip;]<\/p>\n","protected":false},"author":3,"featured_media":0,"parent":2641,"menu_order":0,"comment_status":"closed","ping_status":"closed","template":"","meta":{"site-sidebar-layout":"default","site-content-layout":"","ast-site-content-layout":"default","site-content-style":"default","site-sidebar-style":"default","ast-global-header-display":"","ast-banner-title-visibility":"","ast-main-header-display":"","ast-hfb-above-header-display":"","ast-hfb-below-header-display":"","ast-hfb-mobile-header-display":"","site-post-title":"","ast-breadcrumbs-content":"","ast-featured-img":"","footer-sml-layout":"","ast-disable-related-posts":"","theme-transparent-header-meta":"","adv-header-id-meta":"","stick-header-meta":"","header-above-stick-meta":"","header-main-stick-meta":"","header-below-stick-meta":"","astra-migrate-meta-layouts":"default","ast-page-background-enabled":"default","ast-page-background-meta":{"desktop":{"background-color":"var(--ast-global-color-5)","background-image":"","background-repeat":"repeat","background-position":"center center","background-size":"auto","background-attachment":"scroll","background-type":"","background-media":"","overlay-type":"","overlay-color":"","overlay-opacity":"","overlay-gradient":""},"tablet":{"background-color":"","background-image":"","background-repeat":"repeat","background-position":"center center","background-size":"auto","background-attachment":"scroll","background-type":"","background-media":"","overlay-type":"","overlay-color":"","overlay-opacity":"","overlay-gradient":""},"mobile":{"background-color":"","background-image":"","background-repeat":"repeat","background-position":"center center","background-size":"auto","background-attachment":"scroll","background-type":"","background-media":"","overlay-type":"","overlay-color":"","overlay-opacity":"","overlay-gradient":""}},"ast-content-background-meta":{"desktop":{"background-color":"var(--ast-global-color-4)","background-image":"","background-repeat":"repeat","background-position":"center center","background-size":"auto","background-attachment":"scroll","background-type":"","background-media":"","overlay-type":"","overlay-color":"","overlay-opacity":"","overlay-gradient":""},"tablet":{"background-color":"var(--ast-global-color-4)","background-image":"","background-repeat":"repeat","background-position":"center center","background-size":"auto","background-attachment":"scroll","background-type":"","background-media":"","overlay-type":"","overlay-color":"","overlay-opacity":"","overlay-gradient":""},"mobile":{"background-color":"var(--ast-global-color-4)","background-image":"","background-repeat":"repeat","background-position":"center center","background-size":"auto","background-attachment":"scroll","background-type":"","background-media":"","overlay-type":"","overlay-color":"","overlay-opacity":"","overlay-gradient":""}},"footnotes":""},"class_list":["post-1934","page","type-page","status-publish","hentry"],"yoast_head":"<!-- This site is optimized with the Yoast SEO plugin v27.5 - https:\/\/yoast.com\/product\/yoast-seo-wordpress\/ -->\n<title>FAUNE &amp; FLORE - AMAZONIE - Abc-latina<\/title>\n<meta name=\"description\" content=\"La flore et la faune de l&#039;Amazonie.\" \/>\n<meta name=\"robots\" content=\"index, follow, max-snippet:-1, max-image-preview:large, max-video-preview:-1\" \/>\n<link rel=\"canonical\" href=\"https:\/\/abc-latina.com\/amazonie\/faune-flore\/\" \/>\n<meta property=\"og:locale\" content=\"fr_FR\" \/>\n<meta property=\"og:type\" content=\"article\" \/>\n<meta property=\"og:title\" content=\"FAUNE &amp; FLORE - AMAZONIE - Abc-latina\" \/>\n<meta property=\"og:description\" content=\"La flore et la faune de l&#039;Amazonie.\" \/>\n<meta property=\"og:url\" content=\"https:\/\/abc-latina.com\/amazonie\/faune-flore\/\" \/>\n<meta property=\"og:site_name\" content=\"Abc-latina\" \/>\n<meta property=\"article:modified_time\" content=\"2026-04-30T16:24:40+00:00\" \/>\n<meta name=\"twitter:card\" content=\"summary_large_image\" \/>\n<meta name=\"twitter:label1\" content=\"Dur\u00e9e de lecture estim\u00e9e\" \/>\n\t<meta name=\"twitter:data1\" content=\"3 minutes\" \/>\n<script type=\"application\/ld+json\" class=\"yoast-schema-graph\">{\"@context\":\"https:\\\/\\\/schema.org\",\"@graph\":[{\"@type\":\"WebPage\",\"@id\":\"https:\\\/\\\/abc-latina.com\\\/amazonie\\\/faune-flore\\\/\",\"url\":\"https:\\\/\\\/abc-latina.com\\\/amazonie\\\/faune-flore\\\/\",\"name\":\"FAUNE & FLORE - AMAZONIE - Abc-latina\",\"isPartOf\":{\"@id\":\"https:\\\/\\\/abc-latina.com\\\/#website\"},\"datePublished\":\"2010-07-31T21:16:30+00:00\",\"dateModified\":\"2026-04-30T16:24:40+00:00\",\"description\":\"La flore et la faune de l'Amazonie.\",\"breadcrumb\":{\"@id\":\"https:\\\/\\\/abc-latina.com\\\/amazonie\\\/faune-flore\\\/#breadcrumb\"},\"inLanguage\":\"fr-FR\",\"potentialAction\":[{\"@type\":\"ReadAction\",\"target\":[\"https:\\\/\\\/abc-latina.com\\\/amazonie\\\/faune-flore\\\/\"]}]},{\"@type\":\"BreadcrumbList\",\"@id\":\"https:\\\/\\\/abc-latina.com\\\/amazonie\\\/faune-flore\\\/#breadcrumb\",\"itemListElement\":[{\"@type\":\"ListItem\",\"position\":1,\"name\":\"Accueil\",\"item\":\"https:\\\/\\\/abc-latina.com\\\/\"},{\"@type\":\"ListItem\",\"position\":2,\"name\":\"FAUNE &#038; FLORE &#8211; AMAZONIE\"}]},{\"@type\":\"WebSite\",\"@id\":\"https:\\\/\\\/abc-latina.com\\\/#website\",\"url\":\"https:\\\/\\\/abc-latina.com\\\/\",\"name\":\"Abc-latina\",\"description\":\"\",\"publisher\":{\"@id\":\"https:\\\/\\\/abc-latina.com\\\/#organization\"},\"potentialAction\":[{\"@type\":\"SearchAction\",\"target\":{\"@type\":\"EntryPoint\",\"urlTemplate\":\"https:\\\/\\\/abc-latina.com\\\/?s={search_term_string}\"},\"query-input\":{\"@type\":\"PropertyValueSpecification\",\"valueRequired\":true,\"valueName\":\"search_term_string\"}}],\"inLanguage\":\"fr-FR\"},{\"@type\":\"Organization\",\"@id\":\"https:\\\/\\\/abc-latina.com\\\/#organization\",\"name\":\"Abc-latina\",\"url\":\"https:\\\/\\\/abc-latina.com\\\/\",\"logo\":{\"@type\":\"ImageObject\",\"inLanguage\":\"fr-FR\",\"@id\":\"https:\\\/\\\/abc-latina.com\\\/#\\\/schema\\\/logo\\\/image\\\/\",\"url\":\"https:\\\/\\\/abc-latina.com\\\/wp-content\\\/uploads\\\/2026\\\/05\\\/cropped-logo.gif\",\"contentUrl\":\"https:\\\/\\\/abc-latina.com\\\/wp-content\\\/uploads\\\/2026\\\/05\\\/cropped-logo.gif\",\"width\":89,\"height\":84,\"caption\":\"Abc-latina\"},\"image\":{\"@id\":\"https:\\\/\\\/abc-latina.com\\\/#\\\/schema\\\/logo\\\/image\\\/\"}}]}<\/script>\n<!-- \/ Yoast SEO plugin. -->","yoast_head_json":{"title":"FAUNE & FLORE - AMAZONIE - Abc-latina","description":"La flore et la faune de l'Amazonie.","robots":{"index":"index","follow":"follow","max-snippet":"max-snippet:-1","max-image-preview":"max-image-preview:large","max-video-preview":"max-video-preview:-1"},"canonical":"https:\/\/abc-latina.com\/amazonie\/faune-flore\/","og_locale":"fr_FR","og_type":"article","og_title":"FAUNE & FLORE - AMAZONIE - Abc-latina","og_description":"La flore et la faune de l'Amazonie.","og_url":"https:\/\/abc-latina.com\/amazonie\/faune-flore\/","og_site_name":"Abc-latina","article_modified_time":"2026-04-30T16:24:40+00:00","twitter_card":"summary_large_image","twitter_misc":{"Dur\u00e9e de lecture estim\u00e9e":"3 minutes"},"schema":{"@context":"https:\/\/schema.org","@graph":[{"@type":"WebPage","@id":"https:\/\/abc-latina.com\/amazonie\/faune-flore\/","url":"https:\/\/abc-latina.com\/amazonie\/faune-flore\/","name":"FAUNE & FLORE - AMAZONIE - Abc-latina","isPartOf":{"@id":"https:\/\/abc-latina.com\/#website"},"datePublished":"2010-07-31T21:16:30+00:00","dateModified":"2026-04-30T16:24:40+00:00","description":"La flore et la faune de l'Amazonie.","breadcrumb":{"@id":"https:\/\/abc-latina.com\/amazonie\/faune-flore\/#breadcrumb"},"inLanguage":"fr-FR","potentialAction":[{"@type":"ReadAction","target":["https:\/\/abc-latina.com\/amazonie\/faune-flore\/"]}]},{"@type":"BreadcrumbList","@id":"https:\/\/abc-latina.com\/amazonie\/faune-flore\/#breadcrumb","itemListElement":[{"@type":"ListItem","position":1,"name":"Accueil","item":"https:\/\/abc-latina.com\/"},{"@type":"ListItem","position":2,"name":"FAUNE &#038; FLORE &#8211; AMAZONIE"}]},{"@type":"WebSite","@id":"https:\/\/abc-latina.com\/#website","url":"https:\/\/abc-latina.com\/","name":"Abc-latina","description":"","publisher":{"@id":"https:\/\/abc-latina.com\/#organization"},"potentialAction":[{"@type":"SearchAction","target":{"@type":"EntryPoint","urlTemplate":"https:\/\/abc-latina.com\/?s={search_term_string}"},"query-input":{"@type":"PropertyValueSpecification","valueRequired":true,"valueName":"search_term_string"}}],"inLanguage":"fr-FR"},{"@type":"Organization","@id":"https:\/\/abc-latina.com\/#organization","name":"Abc-latina","url":"https:\/\/abc-latina.com\/","logo":{"@type":"ImageObject","inLanguage":"fr-FR","@id":"https:\/\/abc-latina.com\/#\/schema\/logo\/image\/","url":"https:\/\/abc-latina.com\/wp-content\/uploads\/2026\/05\/cropped-logo.gif","contentUrl":"https:\/\/abc-latina.com\/wp-content\/uploads\/2026\/05\/cropped-logo.gif","width":89,"height":84,"caption":"Abc-latina"},"image":{"@id":"https:\/\/abc-latina.com\/#\/schema\/logo\/image\/"}}]}},"_links":{"self":[{"href":"https:\/\/abc-latina.com\/wp-json\/wp\/v2\/pages\/1934","targetHints":{"allow":["GET"]}}],"collection":[{"href":"https:\/\/abc-latina.com\/wp-json\/wp\/v2\/pages"}],"about":[{"href":"https:\/\/abc-latina.com\/wp-json\/wp\/v2\/types\/page"}],"author":[{"embeddable":true,"href":"https:\/\/abc-latina.com\/wp-json\/wp\/v2\/users\/3"}],"replies":[{"embeddable":true,"href":"https:\/\/abc-latina.com\/wp-json\/wp\/v2\/comments?post=1934"}],"version-history":[{"count":1,"href":"https:\/\/abc-latina.com\/wp-json\/wp\/v2\/pages\/1934\/revisions"}],"predecessor-version":[{"id":2967,"href":"https:\/\/abc-latina.com\/wp-json\/wp\/v2\/pages\/1934\/revisions\/2967"}],"up":[{"embeddable":true,"href":"https:\/\/abc-latina.com\/wp-json\/wp\/v2\/pages\/2641"}],"wp:attachment":[{"href":"https:\/\/abc-latina.com\/wp-json\/wp\/v2\/media?parent=1934"}],"curies":[{"name":"wp","href":"https:\/\/api.w.org\/{rel}","templated":true}]}}